{"id":69628,"date":"2024-07-01T06:52:12","date_gmt":"2024-07-01T04:52:12","guid":{"rendered":"https:\/\/sagnlandet.dk\/p\/billet-voksen-12\/"},"modified":"2026-02-27T10:07:53","modified_gmt":"2026-02-27T09:07:53","slug":"entree-2026-adulte-12-ans-et-plus","status":"publish","type":"product","link":"https:\/\/sagnlandet.dk\/fr\/p\/entree-2026-adulte-12-ans-et-plus\/","title":{"rendered":"Entr\u00e9e 2026 &#8211; Adulte, 12 ans et plus"},"content":{"rendered":"\n<p>Vous n&#8217;avez pas besoin d&#8217;imprimer vos billets. Nous scannons le QR-kode sur l&#8217;\u00e9cran de votre t\u00e9l\u00e9phone ou de votre tablette. Lorsque nous aurons scann\u00e9 vos billets, vous recevrez un pass annuel valable jusqu&#8217;au 31 d\u00e9cembre [ouverture_ann\u00e9e_calendrier].<\/p>\n\n\n\n<h4 class=\"wp-block-heading\">Revenez, et revenez, et revenez&#8230;<\/h4>\n\n\n\n<p>En achetant un billet pour Lejre Land of Legends, vous acc\u00e9dez \u00e0 un monde rempli d&#8217;exp\u00e9riences. Un monde si vaste que seuls quelques rares visiteurs parviennent \u00e0 le d\u00e9couvrir en une seule journ\u00e9e. C&#8217;est pourquoi votre billet d&#8217;entr\u00e9e est automatiquement converti en un laissez-passer annuel, valable du jour de l&#8217;achat jusqu&#8217;au 31 d\u00e9cembre de l&#8217;ann\u00e9e en cours. Vous pourrez ainsi revenir, encore et encore.<\/p>\n\n\n\n<p>Nous avons h\u00e2te de vous voir !<\/p>\n\n\n\n<p><em>Vous recevrez vos billets dans un e-mail s\u00e9par\u00e9 quelques minutes apr\u00e8s l&#8217;achat.<\/em><\/p>\n\n\n\n<h4 class=\"wp-block-heading\">Merci pour votre expertise et vos exp\u00e9riences pass\u00e9es !<\/h4>\n\n\n\n<p>Lejre Land of Legends est une organisation \u00e0 but non lucratif qui enseigne, recherche et communique sur notre pass\u00e9 commun. Une partie des op\u00e9rations est financ\u00e9e par des subventions du minist\u00e8re de l&#8217;\u00e9ducation et de la municipalit\u00e9 de Lejre, mais la plus grande partie provient de votre billet d&#8217;entr\u00e9e. C&#8217;est pourquoi c&#8217;est vous, en tant que visiteur, qui contribuez \u00e0 faire en sorte que Lejre Land of Legends puisse ouvrir ses portes l&#8217;ann\u00e9e prochaine et offrir aux familles des exp\u00e9riences hors du commun.<\/p>\n\n\n\n<p><em>Un laissez-passer annuel pour Lejre Land of Legends est personnel et ne peut \u00eatre transf\u00e9r\u00e9 \u00e0 d&#8217;autres personnes. Une pi\u00e8ce d&#8217;identit\u00e9 (carte de s\u00e9curit\u00e9 sociale, carte VISA ou permis de conduire) doit \u00eatre pr\u00e9sent\u00e9e \u00e0 l&#8217;entr\u00e9e en m\u00eame temps que le laissez-passer annuel.<\/em><\/p>\n\n\n\n<h6 class=\"wp-block-heading\"><strong>Vous \u00eates un \u00e9tudiant universitaire ou un groupe de plus de 12 personnes ?<\/strong><\/h6>\n\n\n\n<p>Certains de nos types de billets ne sont pas disponibles en ligne et ne peuvent \u00eatre achet\u00e9s que dans la boutique physique \u00e0 l&#8217;arriv\u00e9e.<\/p>\n\n\n\n<p><\/p>\n","protected":false},"excerpt":{"rendered":"<p>Votre billet est valable toute l&#8217;ann\u00e9e 2025 !<\/p>\n","protected":false},"featured_media":71023,"template":"","meta":{"_acf_changed":false},"product_cat":[632,633],"product_tag":[],"class_list":["post-69628","product","type-product","status-publish","has-post-thumbnail","hentry","product_cat-admission","product_cat-billetter"],"acf":[],"yoast_head":"<!-- This site is optimized with the Yoast SEO plugin v23.5 - https:\/\/yoast.com\/wordpress\/plugins\/seo\/ -->\n<title>Entr\u00e9e 2026 - Adulte, 12 ans et plus - Sagnlandet Lejre<\/title>\n<meta name=\"robots\" content=\"index, follow, max-snippet:-1, max-image-preview:large, max-video-preview:-1\" \/>\n<link rel=\"canonical\" href=\"https:\/\/sagnlandet.dk\/fr\/p\/entree-2026-adulte-12-ans-et-plus\/\" \/>\n<meta property=\"og:locale\" content=\"fr_FR\" \/>\n<meta property=\"og:type\" content=\"article\" \/>\n<meta property=\"og:title\" content=\"Entr\u00e9e 2026 - Adulte, 12 ans et plus - Sagnlandet Lejre\" \/>\n<meta property=\"og:description\" content=\"Votre billet est valable toute l&#039;ann\u00e9e 2025 !\" \/>\n<meta property=\"og:url\" content=\"https:\/\/sagnlandet.dk\/fr\/p\/entree-2026-adulte-12-ans-et-plus\/\" \/>\n<meta property=\"og:site_name\" content=\"Sagnlandet Lejre\" \/>\n<meta property=\"article:modified_time\" content=\"2026-02-27T09:07:53+00:00\" \/>\n<meta property=\"og:image\" content=\"https:\/\/sagnlandet.dk\/fr\/wp-content\/uploads\/sites\/12\/2025\/02\/Sagnlandet-juli-2020-22-scaled-1-1.jpg\" \/>\n\t<meta property=\"og:image:width\" content=\"2560\" \/>\n\t<meta property=\"og:image:height\" content=\"1662\" \/>\n\t<meta property=\"og:image:type\" content=\"image\/jpeg\" \/>\n<meta name=\"twitter:card\" content=\"summary_large_image\" \/>\n<meta name=\"twitter:label1\" content=\"Dur\u00e9e de lecture estim\u00e9e\" \/>\n\t<meta name=\"twitter:data1\" content=\"2 minutes\" \/>\n<!-- \/ Yoast SEO plugin. -->","yoast_head_json":{"title":"Entr\u00e9e 2026 - Adulte, 12 ans et plus - Sagnlandet Lejre","robots":{"index":"index","follow":"follow","max-snippet":"max-snippet:-1","max-image-preview":"max-image-preview:large","max-video-preview":"max-video-preview:-1"},"canonical":"https:\/\/sagnlandet.dk\/fr\/p\/entree-2026-adulte-12-ans-et-plus\/","og_locale":"fr_FR","og_type":"article","og_title":"Entr\u00e9e 2026 - Adulte, 12 ans et plus - Sagnlandet Lejre","og_description":"Votre billet est valable toute l'ann\u00e9e 2025 !","og_url":"https:\/\/sagnlandet.dk\/fr\/p\/entree-2026-adulte-12-ans-et-plus\/","og_site_name":"Sagnlandet Lejre","article_modified_time":"2026-02-27T09:07:53+00:00","og_image":[{"width":2560,"height":1662,"url":"https:\/\/sagnlandet.dk\/fr\/wp-content\/uploads\/sites\/12\/2025\/02\/Sagnlandet-juli-2020-22-scaled-1-1.jpg","type":"image\/jpeg"}],"twitter_card":"summary_large_image","twitter_misc":{"Dur\u00e9e de lecture estim\u00e9e":"2 minutes"},"schema":{"@context":"https:\/\/schema.org","@graph":[{"@type":"WebPage","@id":"https:\/\/sagnlandet.dk\/fr\/p\/entree-2026-adulte-12-ans-et-plus\/","url":"https:\/\/sagnlandet.dk\/fr\/p\/entree-2026-adulte-12-ans-et-plus\/","name":"Entr\u00e9e 2026 - Adulte, 12 ans et plus - Sagnlandet Lejre","isPartOf":{"@id":"https:\/\/sagnlandet.dk\/fr\/#website"},"primaryImageOfPage":{"@id":"https:\/\/sagnlandet.dk\/fr\/p\/entree-2026-adulte-12-ans-et-plus\/#primaryimage"},"image":{"@id":"https:\/\/sagnlandet.dk\/fr\/p\/entree-2026-adulte-12-ans-et-plus\/#primaryimage"},"thumbnailUrl":"https:\/\/sagnlandet.dk\/fr\/wp-content\/uploads\/sites\/12\/2025\/02\/Sagnlandet-juli-2020-22-scaled-1-1.jpg","datePublished":"2024-07-01T04:52:12+00:00","dateModified":"2026-02-27T09:07:53+00:00","breadcrumb":{"@id":"https:\/\/sagnlandet.dk\/fr\/p\/entree-2026-adulte-12-ans-et-plus\/#breadcrumb"},"inLanguage":"fr-FR","potentialAction":[{"@type":"ReadAction","target":["https:\/\/sagnlandet.dk\/fr\/p\/entree-2026-adulte-12-ans-et-plus\/"]}]},{"@type":"ImageObject","inLanguage":"fr-FR","@id":"https:\/\/sagnlandet.dk\/fr\/p\/entree-2026-adulte-12-ans-et-plus\/#primaryimage","url":"https:\/\/sagnlandet.dk\/fr\/wp-content\/uploads\/sites\/12\/2025\/02\/Sagnlandet-juli-2020-22-scaled-1-1.jpg","contentUrl":"https:\/\/sagnlandet.dk\/fr\/wp-content\/uploads\/sites\/12\/2025\/02\/Sagnlandet-juli-2020-22-scaled-1-1.jpg","width":2560,"height":1662},{"@type":"BreadcrumbList","@id":"https:\/\/sagnlandet.dk\/fr\/p\/entree-2026-adulte-12-ans-et-plus\/#breadcrumb","itemListElement":[{"@type":"ListItem","position":1,"name":"Hjem","item":"https:\/\/sagnlandet.dk\/fr\/"},{"@type":"ListItem","position":2,"name":"Boutique","item":"https:\/\/sagnlandet.dk\/fr\/boutique\/"},{"@type":"ListItem","position":3,"name":"Entr\u00e9e 2026 &#8211; Adulte, 12 ans et plus"}]},{"@type":"WebSite","@id":"https:\/\/sagnlandet.dk\/fr\/#website","url":"https:\/\/sagnlandet.dk\/fr\/","name":"Sagnlandet Lejre","description":"","publisher":{"@id":"https:\/\/sagnlandet.dk\/fr\/#organization"},"potentialAction":[{"@type":"SearchAction","target":{"@type":"EntryPoint","urlTemplate":"https:\/\/sagnlandet.dk\/fr\/?s={search_term_string}"},"query-input":{"@type":"PropertyValueSpecification","valueRequired":true,"valueName":"search_term_string"}}],"inLanguage":"fr-FR"},{"@type":"Organization","@id":"https:\/\/sagnlandet.dk\/fr\/#organization","name":"Sagnlandet Lejre","url":"https:\/\/sagnlandet.dk\/fr\/","logo":{"@type":"ImageObject","inLanguage":"fr-FR","@id":"https:\/\/sagnlandet.dk\/fr\/#\/schema\/logo\/image\/","url":"https:\/\/sagnlandet.dk\/fr\/wp-content\/uploads\/sites\/12\/1738\/65\/logo.png","contentUrl":"https:\/\/sagnlandet.dk\/fr\/wp-content\/uploads\/sites\/12\/1738\/65\/logo.png","width":398,"height":143,"caption":"Sagnlandet Lejre"},"image":{"@id":"https:\/\/sagnlandet.dk\/fr\/#\/schema\/logo\/image\/"}}]}},"_links":{"self":[{"href":"https:\/\/sagnlandet.dk\/fr\/wp-json\/wp\/v2\/product\/69628"}],"collection":[{"href":"https:\/\/sagnlandet.dk\/fr\/wp-json\/wp\/v2\/product"}],"about":[{"href":"https:\/\/sagnlandet.dk\/fr\/wp-json\/wp\/v2\/types\/product"}],"wp:featuredmedia":[{"embeddable":true,"href":"https:\/\/sagnlandet.dk\/fr\/wp-json\/wp\/v2\/media\/71023"}],"wp:attachment":[{"href":"https:\/\/sagnlandet.dk\/fr\/wp-json\/wp\/v2\/media?parent=69628"}],"wp:term":[{"taxonomy":"product_cat","embeddable":true,"href":"https:\/\/sagnlandet.dk\/fr\/wp-json\/wp\/v2\/product_cat?post=69628"},{"taxonomy":"product_tag","embeddable":true,"href":"https:\/\/sagnlandet.dk\/fr\/wp-json\/wp\/v2\/product_tag?post=69628"}],"curies":[{"name":"wp","href":"https:\/\/api.w.org\/{rel}","templated":true}]}}