{"id":70226,"date":"2025-02-02T20:55:28","date_gmt":"2025-02-02T19:55:28","guid":{"rendered":"https:\/\/sagnlandet.dk\/madoere-og-historiefan-til-cafe-hvidesoehus\/"},"modified":"2025-02-24T07:23:47","modified_gmt":"2025-02-24T06:23:47","slug":"les-gourmands-et-les-passionnes-dhistoire-au-cafe-hvidesohus-2","status":"publish","type":"page","link":"https:\/\/sagnlandet.dk\/fr\/les-gourmands-et-les-passionnes-dhistoire-au-cafe-hvidesohus-2\/","title":{"rendered":"Les gourmands et les passionn\u00e9s d&#8217;histoire au Caf\u00e9 Hvides\u00f8hus"},"content":{"rendered":"\r\n\r\n<section class=\"standout-section standout-block standout-basic alignfull rounded-bg wp-elements-a9a66f9321b58ec0f755da58c0b4dc11 side-spacing has-bg has-bg-img bg-size-cover bg-align-horizontal-center bg-align-vertical-center has-text-color\" style=\"color: #ffffff;\">\r\n\r\n\t<div class=\"standout-max-container\">\t\r\n\r\n<div class=\"standout-block-inner\">\r\n\t\t\t\r\n\t<div class=\"standout-block-background-deco\" style=\"--bg-align-vertical: center; --bg-align-horizontal: center; --bg-object-position: center center\">\r\n\t\t<img loading=\"lazy\" decoding=\"async\" width=\"1920\" height=\"800\" src=\"https:\/\/sagnlandet.dk\/fr\/wp-content\/uploads\/sites\/12\/1738\/65\/robaad-og-baaldal-27-juni-2019-44-copy-1-scaled-2.jpg\" class=\"standout-block-background-deco-element\" alt=\"\" srcset=\"https:\/\/sagnlandet.dk\/fr\/wp-content\/uploads\/sites\/12\/1738\/65\/robaad-og-baaldal-27-juni-2019-44-copy-1-scaled-2.jpg 2560w, https:\/\/sagnlandet.dk\/fr\/wp-content\/uploads\/sites\/12\/1738\/65\/robaad-og-baaldal-27-juni-2019-44-copy-1-scaled-2-300x125.jpg 300w, https:\/\/sagnlandet.dk\/fr\/wp-content\/uploads\/sites\/12\/1738\/65\/robaad-og-baaldal-27-juni-2019-44-copy-1-scaled-2-1920x800.jpg 1920w, https:\/\/sagnlandet.dk\/fr\/wp-content\/uploads\/sites\/12\/1738\/65\/robaad-og-baaldal-27-juni-2019-44-copy-1-scaled-2-1536x640.jpg 1536w, https:\/\/sagnlandet.dk\/fr\/wp-content\/uploads\/sites\/12\/1738\/65\/robaad-og-baaldal-27-juni-2019-44-copy-1-scaled-2-2048x853.jpg 2048w, https:\/\/sagnlandet.dk\/fr\/wp-content\/uploads\/sites\/12\/1738\/65\/robaad-og-baaldal-27-juni-2019-44-copy-1-scaled-2-240x100.jpg 240w, https:\/\/sagnlandet.dk\/fr\/wp-content\/uploads\/sites\/12\/1738\/65\/robaad-og-baaldal-27-juni-2019-44-copy-1-scaled-2-1200x500.jpg 1200w, https:\/\/sagnlandet.dk\/fr\/wp-content\/uploads\/sites\/12\/1738\/65\/robaad-og-baaldal-27-juni-2019-44-copy-1-scaled-2-1320x550.jpg 1320w, https:\/\/sagnlandet.dk\/fr\/wp-content\/uploads\/sites\/12\/1738\/65\/robaad-og-baaldal-27-juni-2019-44-copy-1-scaled-2-600x250.jpg 600w\" sizes=\"(max-width: 1920px) 100vw, 1920px\" \/>\t<\/div>\r\n\r\n\t\t\r\n\t\t\t\t\t\t<div class=\"acf-innerblocks-container\">\n\n<h1 class=\"wp-block-heading has-h-1-font-size\">UN PASSIONN\u00c9 DE GASTRONOMIE ET D&#8217;HISTOIRE POUR LE CAFE HVIDES\u00d8HUS<\/h1>\n\n<\/div>\r\n\t\t\t\r\n\t<\/div>\r\n\r\n\r\n\r\n\t\t<\/div>\r\n<\/section>\n\n\r\n\r\n<section class=\"standout-section standout-block standout-basic alignwide\">\r\n\r\n\t<div class=\"standout-max-container\">\t\r\n\r\n<div class=\"standout-block-inner\">\r\n\t\r\n\t\t\t\t\t\t<div class=\"acf-innerblocks-container\">\n\n<p><strong>Vous avez toujours r\u00eav\u00e9 de travailler dans le caf\u00e9 le plus accueillant du monde ? Vous \u00eates \u00e0 la fois gourmand et passionn\u00e9 d&#8217;histoire ?<\/strong> <\/p>\n\n\n\n<p>&#8211;<strong>Le moment est venu de postuler pour un emploi au Lejre Land of Legends Caf\u00e9 Hvides\u00f8hus.<\/strong> <\/p>\n\n\n\n<p>Nous recherchons une personne joyeuse ayant de l&#8217;exp\u00e9rience en cuisine pour notre merveilleux Caf\u00e9 Hvides\u00f8hus.<\/p>\n\n\n\n<p>Si vous avez du courage, que vous aimez la cuisine et l&#8217;histoire, que vous travaillez de 30 \u00e0 37 heures par semaine et que vous avez envie de vous retrousser les manches en cuisine et en salle, vous \u00eates peut-\u00eatre la personne que nous recherchons pour faire partie de l&#8217;\u00e9quipe du Caf\u00e9 Hvides\u00f8hus.<\/p>\n\n\n\n<p>Au Caf\u00e9 Hvides\u00f8hus, nous servons tout, des produits de premi\u00e8re n\u00e9cessit\u00e9 aux plats s\u00e9lectionn\u00e9s pour le d\u00e9jeuner, offrant aux jeunes et aux moins jeunes de Lejre Land of Legends la possibilit\u00e9 de go\u00fbter \u00e0 un morceau d&#8217;histoire, inspir\u00e9 de la cuisine du XIXe si\u00e8cle.<\/p>\n\n\n\n<p>La carte est petite mais vari\u00e9e et comprend des sandwichs ainsi que des plats froids et chauds de notre propre production, des g\u00e2teaux faits maison et des boissons chaudes\/froides classiques. La s\u00e9lection est bas\u00e9e sur la saison, les ingr\u00e9dients saisonniers et la composition de la client\u00e8le de Lejre Land of Legends.<\/p>\n\n\n\n<p><strong><em>La recette de celui que nous recherchons<\/em><\/strong>: <\/p>\n\n\n\n<p>9 parts de plaisir culinaire et de bonne humeur p\u00e9tillante<\/p>\n\n\n\n<p>7 parts de flexibilit\u00e9, de responsabilit\u00e9 et de courage<\/p>\n\n\n\n<p>5 parties de flair culinaire et une bonne vue d&#8217;ensemble<\/p>\n\n\n\n<p>3 parts de sens de la vente, un bon contact avec les clients et une pinc\u00e9e d&#8217;exp\u00e9rience de vie.<\/p>\n\n\n\n<p>S\u00e9lectionnez soigneusement tous les ingr\u00e9dients et leurs propri\u00e9t\u00e9s et m\u00e9langez-les. Ajoutez des \u00e9pices fra\u00eeches et personnelles en fonction de vos comp\u00e9tences et de vos connaissances.<\/p>\n\n\n\n<p>N&#8217;h\u00e9sitez pas \u00e0 ajouter une pinc\u00e9e d&#8217;int\u00e9r\u00eat historique et une bonne dose de dynamisme.<\/p>\n\n\n\n<p>M\u00e9langez le tout avec de bonnes comp\u00e9tences en mati\u00e8re de collaboration et de travail ind\u00e9pendant au sein d&#8217;une petite \u00e9quipe et servez dans le cadre magnifique du Caf\u00e9 Hvides\u00f8hus.<\/p>\n\n\n\n<p>Vous serez entour\u00e9 de coll\u00e8gues d\u00e9vou\u00e9s et sympathiques dans un lieu de travail passionnant qui accueille chaque ann\u00e9e des milliers de visiteurs.<\/p>\n\n\n\n<p><strong><em>Ustensiles de cuisine et autres aspects pratiques<\/em><\/strong>: <\/p>\n\n\n\n<p>En tant que membre de l&#8217;\u00e9quipe du Caf\u00e9 Hvides\u00f8hus, vous rendrez compte au directeur du Caf\u00e9, Jette Aagaard Andersen, qui est responsable de tout, du menu aux op\u00e9rations quotidiennes sur le terrain. Nous proposons une journ\u00e9e de travail vari\u00e9e o\u00f9 vous serez \u00e0 la fois en cuisine et en salle, et o\u00f9 vous participerez \u00e0 des t\u00e2ches li\u00e9es \u00e0 l&#8217;achat d&#8217;ingr\u00e9dients, au sparring, \u00e0 l&#8217;autocontr\u00f4le, \u00e0 la planification des \u00e9quipes et aux \u00e9v\u00e9nements.<\/p>\n\n\n\n<p>Horaires de travail : 30 \u00e0 37 heures par semaine, en fonction de vous et de la saison. Le travail en fin de semaine est \u00e0 pr\u00e9voir.<br>P\u00e9riode d&#8217;emploi : \u00c0 partir du 17 mars ou d\u00e8s que possible apr\u00e8s cette date et, dans un premier temps, jusqu&#8217;au 24 octobre 2025.<br><\/p>\n\n\n\n<p><strong>Date limite de d\u00e9p\u00f4t des candidatures : Les candidatures doivent \u00eatre re\u00e7ues au plus tard le 16 f\u00e9vrier 2025.<\/strong> <\/p>\n\n\n\n<p><\/p>\n\n\n\n<p><strong><em>Avons-nous \u00e9crit la recette pour vous ?<\/em><\/strong> <\/p>\n\n\n\n<p>Vous vous reconnaissez dans la recette ci-dessus, vous aimez travailler dans le caf\u00e9 et la cuisine, vous aimez les bons ingr\u00e9dients et les aliments qui ont une histoire, et vous \u00eates l&#8217;un des couteaux les plus aiguis\u00e9s du tiroir lorsqu&#8217;il s&#8217;agit de suivre une journ\u00e9e bien remplie ?<\/p>\n\n\n\n<p>Et vous ne pouvez pas vous emp\u00eacher de sourire et de r\u00e9pandre une bonne \u00e9nergie autour de vous ? Si c&#8217;est le cas, nous nous r\u00e9jouissons de lire votre candidature !<\/p>\n\n\n\n<p><strong>Candidature \u00e9crite portant la mention &#8220;Mad\u00f8re og historiefan til Caf\u00e9 Hvides\u00f8hus&#8221; par courrier \u00e9lectronique avec CV et pi\u00e8ces jointes pertinentes, envoy\u00e9e au plus tard le 16 f\u00e9vrier 2025<\/strong><a href=\"mailto:job@sagnlandet.dk\"><strong>tojob@sagnlandet.dk<\/strong><\/a> <\/p>\n\n\n\n<p><\/p>\n\n\n\n<p><strong><em>Pour de plus amples informations<\/em><\/strong><strong>, <\/strong><strong><em>veuillez contacter<\/em><\/strong><\/p>\n\n\n\n<p><strong>Jette Aagaard Andersen<\/strong><br>Responsable de la zone et des ventes, Caf\u00e9 Hvides\u00f8hus<br><a href=\"mailto:jaa@sagnlandet.dk\">jaa@sagnlandet.dk<\/a><br>tel : 21434928<\/p>\n\n\n\n<p><\/p>\n\n\n\n<p><\/p>\n\n\n\n<p><em>SAGNLANDET LEJRE est un centre culturel et historique. Nous accueillons 75 000 visiteurs pendant la saison principale, du 1er avril au 31 octobre, et pendant les trois week-ends de l&#8217;Avent en d\u00e9cembre.<\/em> <\/p>\n\n<\/div>\r\n\t\t\t\r\n\t<\/div>\r\n\r\n\r\n\r\n\t\t<\/div>\r\n<\/section>","protected":false},"excerpt":{"rendered":"","protected":false},"author":4,"featured_media":71046,"parent":0,"menu_order":0,"comment_status":"open","ping_status":"open","template":"","meta":{"_acf_changed":false,"footnotes":""},"class_list":["post-70226","page","type-page","status-publish","has-post-thumbnail","hentry"],"acf":[],"yoast_head":"<!-- This site is optimized with the Yoast SEO plugin v23.5 - https:\/\/yoast.com\/wordpress\/plugins\/seo\/ -->\n<title>Les gourmands et les passionn\u00e9s d&#039;histoire au Caf\u00e9 Hvides\u00f8hus - Sagnlandet Lejre<\/title>\n<meta name=\"robots\" content=\"index, follow, max-snippet:-1, max-image-preview:large, max-video-preview:-1\" \/>\n<link rel=\"canonical\" href=\"https:\/\/sagnlandet.dk\/fr\/foodies-and-history-buffs-to-cafe-hvidesohus-2\/\" \/>\n<meta property=\"og:locale\" content=\"fr_FR\" \/>\n<meta property=\"og:type\" content=\"article\" \/>\n<meta property=\"og:title\" content=\"Les gourmands et les passionn\u00e9s d&#039;histoire au Caf\u00e9 Hvides\u00f8hus - Sagnlandet Lejre\" \/>\n<meta property=\"og:url\" content=\"https:\/\/sagnlandet.dk\/fr\/foodies-and-history-buffs-to-cafe-hvidesohus-2\/\" \/>\n<meta property=\"og:site_name\" content=\"Sagnlandet Lejre\" \/>\n<meta property=\"article:modified_time\" content=\"2025-02-24T06:23:47+00:00\" \/>\n<meta property=\"og:image\" content=\"https:\/\/sagnlandet.dk\/fr\/wp-content\/uploads\/sites\/12\/2025\/02\/robaad-og-baaldal-27-juni-2019-34-1320x1094-1-1.jpg\" \/>\n\t<meta property=\"og:image:width\" content=\"1320\" \/>\n\t<meta property=\"og:image:height\" content=\"1094\" \/>\n\t<meta property=\"og:image:type\" content=\"image\/jpeg\" \/>\n<meta name=\"twitter:card\" content=\"summary_large_image\" \/>\n<meta name=\"twitter:label1\" content=\"Dur\u00e9e de lecture estim\u00e9e\" \/>\n\t<meta name=\"twitter:data1\" content=\"4 minutes\" \/>\n<!-- \/ Yoast SEO plugin. -->","yoast_head_json":{"title":"Les gourmands et les passionn\u00e9s d'histoire au Caf\u00e9 Hvides\u00f8hus - Sagnlandet Lejre","robots":{"index":"index","follow":"follow","max-snippet":"max-snippet:-1","max-image-preview":"max-image-preview:large","max-video-preview":"max-video-preview:-1"},"canonical":"https:\/\/sagnlandet.dk\/fr\/foodies-and-history-buffs-to-cafe-hvidesohus-2\/","og_locale":"fr_FR","og_type":"article","og_title":"Les gourmands et les passionn\u00e9s d'histoire au Caf\u00e9 Hvides\u00f8hus - Sagnlandet Lejre","og_url":"https:\/\/sagnlandet.dk\/fr\/foodies-and-history-buffs-to-cafe-hvidesohus-2\/","og_site_name":"Sagnlandet Lejre","article_modified_time":"2025-02-24T06:23:47+00:00","og_image":[{"width":1320,"height":1094,"url":"https:\/\/sagnlandet.dk\/fr\/wp-content\/uploads\/sites\/12\/2025\/02\/robaad-og-baaldal-27-juni-2019-34-1320x1094-1-1.jpg","type":"image\/jpeg"}],"twitter_card":"summary_large_image","twitter_misc":{"Dur\u00e9e de lecture estim\u00e9e":"4 minutes"},"schema":{"@context":"https:\/\/schema.org","@graph":[{"@type":"WebPage","@id":"https:\/\/sagnlandet.dk\/fr\/foodies-and-history-buffs-to-cafe-hvidesohus-2\/","url":"https:\/\/sagnlandet.dk\/fr\/foodies-and-history-buffs-to-cafe-hvidesohus-2\/","name":"Les gourmands et les passionn\u00e9s d'histoire au Caf\u00e9 Hvides\u00f8hus - Sagnlandet Lejre","isPartOf":{"@id":"https:\/\/sagnlandet.dk\/fr\/#website"},"primaryImageOfPage":{"@id":"https:\/\/sagnlandet.dk\/fr\/foodies-and-history-buffs-to-cafe-hvidesohus-2\/#primaryimage"},"image":{"@id":"https:\/\/sagnlandet.dk\/fr\/foodies-and-history-buffs-to-cafe-hvidesohus-2\/#primaryimage"},"thumbnailUrl":"https:\/\/sagnlandet.dk\/fr\/wp-content\/uploads\/sites\/12\/2025\/02\/robaad-og-baaldal-27-juni-2019-34-1320x1094-1-1-1.jpg","datePublished":"2025-02-02T19:55:28+00:00","dateModified":"2025-02-24T06:23:47+00:00","breadcrumb":{"@id":"https:\/\/sagnlandet.dk\/fr\/foodies-and-history-buffs-to-cafe-hvidesohus-2\/#breadcrumb"},"inLanguage":"fr-FR","potentialAction":[{"@type":"ReadAction","target":["https:\/\/sagnlandet.dk\/fr\/foodies-and-history-buffs-to-cafe-hvidesohus-2\/"]}]},{"@type":"ImageObject","inLanguage":"fr-FR","@id":"https:\/\/sagnlandet.dk\/fr\/foodies-and-history-buffs-to-cafe-hvidesohus-2\/#primaryimage","url":"https:\/\/sagnlandet.dk\/fr\/wp-content\/uploads\/sites\/12\/2025\/02\/robaad-og-baaldal-27-juni-2019-34-1320x1094-1-1-1.jpg","contentUrl":"https:\/\/sagnlandet.dk\/fr\/wp-content\/uploads\/sites\/12\/2025\/02\/robaad-og-baaldal-27-juni-2019-34-1320x1094-1-1-1.jpg","width":1320,"height":1094},{"@type":"BreadcrumbList","@id":"https:\/\/sagnlandet.dk\/fr\/foodies-and-history-buffs-to-cafe-hvidesohus-2\/#breadcrumb","itemListElement":[{"@type":"ListItem","position":1,"name":"Hjem","item":"https:\/\/sagnlandet.dk\/fr\/"},{"@type":"ListItem","position":2,"name":"Foodies and history buffs to Cafe Hvides\u00f8hus"}]},{"@type":"WebSite","@id":"https:\/\/sagnlandet.dk\/fr\/#website","url":"https:\/\/sagnlandet.dk\/fr\/","name":"Sagnlandet Lejre","description":"","publisher":{"@id":"https:\/\/sagnlandet.dk\/fr\/#organization"},"potentialAction":[{"@type":"SearchAction","target":{"@type":"EntryPoint","urlTemplate":"https:\/\/sagnlandet.dk\/fr\/?s={search_term_string}"},"query-input":{"@type":"PropertyValueSpecification","valueRequired":true,"valueName":"search_term_string"}}],"inLanguage":"fr-FR"},{"@type":"Organization","@id":"https:\/\/sagnlandet.dk\/fr\/#organization","name":"Sagnlandet Lejre","url":"https:\/\/sagnlandet.dk\/fr\/","logo":{"@type":"ImageObject","inLanguage":"fr-FR","@id":"https:\/\/sagnlandet.dk\/fr\/#\/schema\/logo\/image\/","url":"https:\/\/sagnlandet.dk\/fr\/wp-content\/uploads\/sites\/12\/1738\/65\/logo.png","contentUrl":"https:\/\/sagnlandet.dk\/fr\/wp-content\/uploads\/sites\/12\/1738\/65\/logo.png","width":398,"height":143,"caption":"Sagnlandet Lejre"},"image":{"@id":"https:\/\/sagnlandet.dk\/fr\/#\/schema\/logo\/image\/"}}]}},"_links":{"self":[{"href":"https:\/\/sagnlandet.dk\/fr\/wp-json\/wp\/v2\/pages\/70226"}],"collection":[{"href":"https:\/\/sagnlandet.dk\/fr\/wp-json\/wp\/v2\/pages"}],"about":[{"href":"https:\/\/sagnlandet.dk\/fr\/wp-json\/wp\/v2\/types\/page"}],"author":[{"embeddable":true,"href":"https:\/\/sagnlandet.dk\/fr\/wp-json\/wp\/v2\/users\/4"}],"replies":[{"embeddable":true,"href":"https:\/\/sagnlandet.dk\/fr\/wp-json\/wp\/v2\/comments?post=70226"}],"version-history":[{"count":1,"href":"https:\/\/sagnlandet.dk\/fr\/wp-json\/wp\/v2\/pages\/70226\/revisions"}],"predecessor-version":[{"id":70491,"href":"https:\/\/sagnlandet.dk\/fr\/wp-json\/wp\/v2\/pages\/70226\/revisions\/70491"}],"wp:featuredmedia":[{"embeddable":true,"href":"https:\/\/sagnlandet.dk\/fr\/wp-json\/wp\/v2\/media\/71046"}],"wp:attachment":[{"href":"https:\/\/sagnlandet.dk\/fr\/wp-json\/wp\/v2\/media?parent=70226"}],"curies":[{"name":"wp","href":"https:\/\/api.w.org\/{rel}","templated":true}]}}