{"id":70222,"date":"2025-02-02T20:33:35","date_gmt":"2025-02-02T19:33:35","guid":{"rendered":"https:\/\/sagnlandet.dk\/timeloennet-formidler-i-sagnlandet-lejre\/"},"modified":"2025-02-24T07:23:49","modified_gmt":"2025-02-24T06:23:49","slug":"communicateur-paye-a-lheure-a-lejre-land-of-legends","status":"publish","type":"page","link":"https:\/\/sagnlandet.dk\/fr\/communicateur-paye-a-lheure-a-lejre-land-of-legends\/","title":{"rendered":"Communicateur pay\u00e9 \u00e0 l&#8217;heure \u00e0 Lejre Land of Legends"},"content":{"rendered":"\r\n\r\n<section class=\"standout-section standout-block standout-basic alignfull rounded-bg wp-elements-b6e5881b70729e86210e51598663790f side-spacing has-bg has-bg-img bg-size-cover bg-align-horizontal-center bg-align-vertical-center has-text-color\" style=\"color: #ffffff;\">\r\n\r\n\t<div class=\"standout-max-container\">\t\r\n\r\n<div class=\"standout-block-inner\">\r\n\t\t\t\r\n\t<div class=\"standout-block-background-deco\" style=\"--bg-align-vertical: center; --bg-align-horizontal: center; --bg-object-position: center center\">\r\n\t\t<img loading=\"lazy\" decoding=\"async\" width=\"1920\" height=\"773\" src=\"https:\/\/sagnlandet.dk\/fr\/wp-content\/uploads\/sites\/12\/1738\/64\/beowulf-forloeb-1-6-2016-13-scaled-e1614091081283.jpg.webp\" class=\"standout-block-background-deco-element\" alt=\"\" srcset=\"https:\/\/sagnlandet.dk\/fr\/wp-content\/uploads\/sites\/12\/1738\/64\/beowulf-forloeb-1-6-2016-13-scaled-e1614091081283.jpg.webp 2560w, https:\/\/sagnlandet.dk\/fr\/wp-content\/uploads\/sites\/12\/1738\/64\/beowulf-forloeb-1-6-2016-13-scaled-e1614091081283.jpg-300x121.webp 300w, https:\/\/sagnlandet.dk\/fr\/wp-content\/uploads\/sites\/12\/1738\/64\/beowulf-forloeb-1-6-2016-13-scaled-e1614091081283.jpg-1920x773.webp 1920w, https:\/\/sagnlandet.dk\/fr\/wp-content\/uploads\/sites\/12\/1738\/64\/beowulf-forloeb-1-6-2016-13-scaled-e1614091081283.jpg-1536x618.webp 1536w, https:\/\/sagnlandet.dk\/fr\/wp-content\/uploads\/sites\/12\/1738\/64\/beowulf-forloeb-1-6-2016-13-scaled-e1614091081283.jpg-2048x824.webp 2048w, https:\/\/sagnlandet.dk\/fr\/wp-content\/uploads\/sites\/12\/1738\/64\/beowulf-forloeb-1-6-2016-13-scaled-e1614091081283.jpg-249x100.webp 249w, https:\/\/sagnlandet.dk\/fr\/wp-content\/uploads\/sites\/12\/1738\/64\/beowulf-forloeb-1-6-2016-13-scaled-e1614091081283.jpg-1200x483.webp 1200w, https:\/\/sagnlandet.dk\/fr\/wp-content\/uploads\/sites\/12\/1738\/64\/beowulf-forloeb-1-6-2016-13-scaled-e1614091081283.jpg-1320x531.webp 1320w, https:\/\/sagnlandet.dk\/fr\/wp-content\/uploads\/sites\/12\/1738\/64\/beowulf-forloeb-1-6-2016-13-scaled-e1614091081283.jpg-600x241.webp 600w\" sizes=\"(max-width: 1920px) 100vw, 1920px\" \/>\t<\/div>\r\n\r\n\t\t\r\n\t\t\t\t\t\t<div class=\"acf-innerblocks-container\">\n\n<h1 class=\"wp-block-heading\">INTERM\u00c9DIAIRE R\u00c9MUN\u00c9R\u00c9 \u00c0 L&#8217;HEURE \u00c0 SAGNLANDET LEJRE<\/h1>\n\n<\/div>\r\n\t\t\t\r\n\t<\/div>\r\n\r\n\r\n\r\n\t\t<\/div>\r\n<\/section>\n\n\r\n\r\n<section class=\"standout-section standout-block standout-basic alignwide\">\r\n\r\n\t<div class=\"standout-max-container\">\t\r\n\r\n<div class=\"standout-block-inner\">\r\n\t\r\n\t\t\t\t\t\t<div class=\"acf-innerblocks-container\">\n\n<p class=\"has-h-5-font-size\"><strong>\u00c9ducateur r\u00e9mun\u00e9r\u00e9 \u00e0 l&#8217;heure \u00e0 Lejre Land of Legends<\/strong><\/p>\n\n\n\n<p>Vous \u00eates \u00e0 la recherche d&#8217;un emploi \u00e9tudiant vari\u00e9 et propice au d\u00e9veloppement des comp\u00e9tences en tant que communicateur de l&#8217;histoire naturelle et culturelle et de l&#8217;artisanat, de l&#8217;\u00e2ge de pierre \u00e0 l&#8217;\u00e9poque moderne ?<\/p>\n\n\n\n<p>En tant qu&#8217;\u00e9ducateur \u00e0 Lejre Land of Legends, votre travail consistera \u00e0.. :<\/p>\n\n\n\n<p class=\"has-h-6-font-size\"><strong> donner vie \u00e0 la communication<\/strong><\/p>\n\n\n\n<p>Notre public est vari\u00e9. Vous rencontrerez des visiteurs ordinaires et des familles du pays et de l&#8217;\u00e9tranger, des classes d&#8217;\u00e9cole et d&#8217;autres institutions, ainsi que des participants \u00e0 des r\u00e9unions et \u00e0 des \u00e9v\u00e9nements. Les invit\u00e9s sont des enfants et des adultes, des profanes et des professionnels, des individus et des groupes &#8211; un merveilleux m\u00e9lange.<\/p>\n\n\n\n<p>Vous travaillerez avec des communications anim\u00e9es, souvent en costumes anciens ou historiques et parfois dans le r\u00f4le d&#8217;un personnage historique de l&#8217;\u00e2ge de pierre, de l&#8217;\u00e2ge de fer, de l&#8217;\u00e2ge des Vikings ou des ann\u00e9es 1800. Votre travail consistera \u00e0 enseigner \u00e0 des classes d&#8217;\u00e9cole et \u00e0 d&#8217;autres institutions et \u00e0 fournir des informations aux visiteurs de Lejre Land of Legends, qu&#8217;ils viennent du Danemark ou de l&#8217;\u00e9tranger. Vous serez \u00e9galement disponible pour assurer la garde d&#8217;\u00e9v\u00e9nements pour des groupes d&#8217;entreprises et des sorties en famille. En pratique, nous travaillons sur la cuisine au feu de camp, l&#8217;artisanat et les activit\u00e9s de plein air. Au fur et \u00e0 mesure que vous gagnerez en exp\u00e9rience, vous aurez \u00e9galement l&#8217;occasion de guider des familles et des b\u00e9n\u00e9voles et, en tant qu&#8217;h\u00f4te et arri\u00e8re-garde, vous serez \u00e9galement responsable de la planification et de la coordination.<\/p>\n\n\n\n<ul class=\"wp-block-list\">\n<li>La zone pr\u00e9historique comprend le village de Lethra, datant de l&#8217;\u00e2ge du fer, avec des maisons reconstruites de la p\u00e9riode 200 av. &#8211; 200 apr\u00e8s J.-C., ainsi que des for\u00eats, des champs et notre tourbi\u00e8re sacrificielle atmosph\u00e9rique. Il y a aussi notre environnement de l&#8217;\u00e2ge de pierre, qui couvre la p\u00e9riode allant de la fin de l&#8217;\u00e2ge de fer \u00e0 la p\u00e9riode Ertebule (12 500-3 900 av. J.-C.)<\/li>\n\n\n\n<li>La zone viking refl\u00e8te le d\u00e9but de l&#8217;\u00e2ge viking avec des trouvailles et des sources datant des 5e et 10e si\u00e8cles. La zone viking est meubl\u00e9e d&#8217;une salle du roi, d&#8217;une maison de berger, d&#8217;un r\u00e9fectoire, d&#8217;un atelier de d\u00e9coupe, d&#8217;une forge, d&#8217;une hutte de dieu et d&#8217;une grande zone de tentes avec des tentes de couchage et des tentes de travail.<\/li>\n\n\n\n<li>Krikkebjerghuse fait revivre la vie rurale dans deux fermes pauvres du XVIIIe si\u00e8cle \u00e0 la lumi\u00e8re des classes sociales, des croyances et des histoires de la vie paysanne.<\/li>\n<\/ul>\n\n\n\n<p class=\"has-h-6-font-size\"><strong>Communication quotidienne<\/strong><\/p>\n\n\n\n<p>En dehors de notre r\u00f4le, nous travaillons \u00e0 B\u00e5ldalen, \u00e0 Buebanen, dans l&#8217;atelier arch\u00e9ologique et dans les ateliers historiques.<\/p>\n\n\n\n<ul class=\"wp-block-list\">\n<li>B\u00e5ldalen est une zone r\u00e9cr\u00e9ative et \u00e9ducative, un ancien centre exp\u00e9rimental o\u00f9 les enfants et les adultes participent \u00e0 des activit\u00e9s bas\u00e9es sur le d\u00e9veloppement technologique ancien.<\/li>\n\n\n\n<li>Au champ de tir \u00e0 l&#8217;arc, nous enseignons le tir \u00e0 l&#8217;arc en tant que discipline de chasse et de guerre \u00e0 travers l&#8217;histoire.<\/li>\n\n\n\n<li>L&#8217;atelier arch\u00e9ologique propose des activit\u00e9s pratiques bas\u00e9es sur l&#8217;arch\u00e9ologie de terrain et les m\u00e9thodes de travail des arch\u00e9ologues.<\/li>\n\n\n\n<li>Dans les ateliers historiques &#8211; l&#8217;atelier de costumes et la poterie &#8211; vous serez en charge d&#8217;activit\u00e9s pour enfants telles que le tressage de rubans et la fabrication d&#8217;objets en argile.<\/li>\n<\/ul>\n\n\n\n<p>Enfin, vous devrez participer \u00e0 toute une s\u00e9rie de t\u00e2ches pratiques au profit des visiteurs du Lejre Land of Legends et, surtout, de vos coll\u00e8gues.<\/p>\n\n\n\n<p class=\"has-h-6-font-size\"><strong><em> votre <\/em>parcours :<\/strong><\/p>\n\n\n\n<ul class=\"wp-block-list\">\n<li>Vous avez le sens du service et souhaitez offrir une bonne exp\u00e9rience \u00e0 nos h\u00f4tes.<\/li>\n\n\n\n<li>Vous \u00eates accueillant(e), sociable et ouvert(e).<\/li>\n\n\n\n<li>Vous \u00eates dou\u00e9 pour parler aux gens et engager le dialogue avec nos h\u00f4tes.<\/li>\n\n\n\n<li>Vous pouvez vous familiariser rapidement avec du nouveau mat\u00e9riel et le traduire en une bonne communication.<\/li>\n\n\n\n<li>Vous avez peut-\u00eatre une exp\u00e9rience de la communication dans d&#8217;autres mus\u00e9es ou attractions touristiques.<\/li>\n\n\n\n<li>Vous avez peut-\u00eatre une exp\u00e9rience du contenu professionnel, par exemple en arch\u00e9ologie, en ethnologie ou en histoire.<\/li>\n\n\n\n<li>Vous avez peut-\u00eatre une exp\u00e9rience du travail p\u00e9dagogique ou de l&#8217;enseignement.<\/li>\n\n\n\n<li>Vous souhaitez vous engager et vous d\u00e9velopper en tant qu&#8217;\u00e9ducateur par le biais de formations et d&#8217;\u00e9changes coll\u00e9giaux.<\/li>\n\n\n\n<li>Vous aimez travailler seul ou en groupe.<\/li>\n\n\n\n<li>Vous avez l&#8217;esprit pratique et savez utiliser les outils.<\/li>\n\n\n\n<li>Vous avez le d\u00e9sir et le physique pour travailler \u00e0 l&#8217;ext\u00e9rieur par tous les temps et pour vous abriter des animaux.<\/li>\n\n\n\n<li>Vous \u00eates passionn\u00e9(e) par l&#8217;histoire naturelle et\/ou culturelle et vous avez des connaissances dans ce domaine<\/li>\n<\/ul>\n\n\n\n<p>Vous \u00e9tudiez par exemple l&#8217;arch\u00e9ologie, l&#8217;ethnologie, l&#8217;histoire, la communication sur la nature et la culture, la p\u00e9dagogie, le th\u00e9\u00e2tre, l&#8217;environnement, la sylviculture et l&#8217;agriculture, l&#8217;\u00e9levage, le sport, l&#8217;artisanat ou l&#8217;artisanat et le design. Quelles que soient vos \u00e9tudes, nous attachons de l&#8217;importance \u00e0 vos qualifications et comp\u00e9tences personnelles. Il n&#8217;est pas n\u00e9cessaire de pouvoir cocher toutes les cases ci-dessus, tant que vous avez le d\u00e9sir d&#8217;apprendre et de vous perfectionner.<\/p>\n\n\n\n<p class=\"has-h-6-font-size\"><strong>P\u00e9riode d&#8217;emploi et heures de travail<\/strong><\/p>\n\n\n\n<p>Nous recherchons des interm\u00e9diaires pour la p\u00e9riode <strong>du 1er avril au 31 octobre 2025 + possibilit\u00e9 de 3 week-ends de l&#8217;Avent.<\/strong><\/p>\n\n\n\n<p>Lorsque vous commencerez \u00e0 travailler \u00e0 Lejre Land of Legends, vous recevrez un programme de formation qui d\u00e9veloppera les comp\u00e9tences requises pour votre travail. Outre les journ\u00e9es de formation obligatoires et les heures de formation dans les zones avec des coll\u00e8gues exp\u00e9riment\u00e9s en tant que superviseurs, vous pouvez vous attendre \u00e0 des p\u00e9riodes d&#8217;emploi continues correspondant aux p\u00e9riodes saisonni\u00e8res de Lejre Land of Legends en 2025 : <em>Saison de printemps<\/em> (du 1er avril au 27 juin), <em>haute saison<\/em> (vacances scolaires et saison estivale internationale du 28 juin au 31 ao\u00fbt), saison d&#8217;automne (du 1er septembre au 19 octobre). En outre, il est possible de travailler pendant les trois premiers week-ends de l&#8217;Avent (du 29 novembre au 14 d\u00e9cembre).<\/p>\n\n\n\n<p>Il est important que vous participiez au programme de formation et que vous nous indiquiez, au d\u00e9but de votre emploi, dans quelle mesure vous pensez pouvoir travailler pendant le reste de la saison 2025. Les vacances et les jours de cong\u00e9 pr\u00e9vus seront donc, dans la mesure du possible, convenus au d\u00e9but de l&#8217;emploi.<\/p>\n\n\n\n<p>Tous les postes sont des postes d&#8217;\u00e9tudiants avec un nombre variable d&#8217;heures de travail hebdomadaires dans nos diff\u00e9rentes r\u00e9gions. Nous aimerions que vous puissiez travailler environ 1 \u00e0 3 jours par semaine entre 9h00 et 16h00, ainsi que 1 \u00e0 2 week-ends par mois aux m\u00eames heures. Toutefois, comme le nombre de r\u00e9servations et d&#8217;invit\u00e9s fluctue, Lejre Land of Legends ne peut pas garantir un nombre d&#8217;heures sp\u00e9cifique \u00e0 l&#8217;avance. La saison de printemps, les jours f\u00e9ri\u00e9s et la p\u00e9riode de pointe des vacances scolaires peuvent \u00eatre des p\u00e9riodes charg\u00e9es avec la possibilit\u00e9 d&#8217;heures suppl\u00e9mentaires.<\/p>\n\n\n\n<p><strong>Veuillez noter qu&#8217;il s&#8217;agit d&#8217;un emploi \u00e9tudiant r\u00e9mun\u00e9r\u00e9 \u00e0 un <u>salaire d&#8217;\u00e9tudiant<\/u> &#8211; Salaire horaire : 146,56 DKK, plus un suppl\u00e9ment pour les week-ends, les jours f\u00e9ri\u00e9s et les heures du soir.<\/strong><\/p>\n\n\n\n<p><strong>Votre candidature doit \u00eatre envoy\u00e9e <u>par voie num\u00e9rique <\/u>au plus tard le mercredi 05 f\u00e9vrier 2025 \u00e0 23h59 \u00e0 Sagnlandet Lejre : <\/strong><strong><u><a href=\"mailto:job@sagnlandet.dk\">job@sagnlandet.dk<\/a><\/u><\/strong><strong> en indiquant &#8220;Interm\u00e9diaire r\u00e9mun\u00e9r\u00e9 \u00e0 l&#8217;heure&#8221; dans le champ objet !<\/strong><\/p>\n\n\n\n<p><strong><br>Veuillez noter que la candidature et le CV doivent \u00eatre envoy\u00e9s en un seul document pdf, avec tous les autres documents pertinents en annexe.<\/strong><\/p>\n\n\n\n<p><strong>Nous pr\u00e9voyons d&#8217;organiser des entretiens sur une base continue.<\/strong><\/p>\n\n\n\n<p>Pour toute question, veuillez contacter<\/p>\n\n\n\n<p><strong>Charlotte Frantzdatter, <\/strong>responsable du d\u00e9veloppement, <a href=\"mailto:cfd@sagnlandet.dk\">cfd@sagnlandet.dk,<\/a> t\u00e9l. : 46 42 49 XX<\/p>\n\n\n\n<p><strong>Tania Lousdal Boelskift, <\/strong>responsable de la communication, <a href=\"mailto:tlb@sagnlandet.dk\">tlb@sagnlandet.dk,<\/a> t\u00e9l. : 53550443<\/p>\n\n\n\n<p><strong>Lotte Rask<\/strong>, responsable du secteur agricole, <a href=\"mailto:lra@sagnlandet.dk\">lra@sagnlandet.dk,<\/a> t\u00e9l. : 46 42 49 54<\/p>\n\n\n\n<p><strong>Laurent Mazet<\/strong>, chef de secteur Antiquit\u00e9, <a href=\"mailto:lma@sagnlandet.dk\">lma@sagnlandet.dk,<\/a> t\u00e9l. +45 46 42 49 47 47<\/p>\n\n\n\n<p><strong>Peter Roland Christensen<\/strong>, chef de secteur Viking, <a href=\"mailto:prc@sagnlandet.dk\">prc@sagnlandet.dk,<\/a> t\u00e9l. +45 46 42 49 50<\/p>\n\n\n\n<p><strong>Natascha St\u00f8vhase<\/strong>, chef de secteur Bonfire Valley, <a href=\"mailto:nis@sagnlandet.dk\">nis@sagnlandet.dk,<\/a> t\u00e9l. +45 46 42 49 49 56<\/p>\n\n\n\n<p>Nous nous r\u00e9jouissons de lire votre candidature !<\/p>\n\n\n\n<p><em>L&#8217;\u00e9quipe de recrutement de Lejre Land of Legends<\/em><\/p>\n\n<\/div>\r\n\t\t\t\r\n\t<\/div>\r\n\r\n\r\n\r\n\t\t<\/div>\r\n<\/section>","protected":false},"excerpt":{"rendered":"","protected":false},"author":4,"featured_media":71047,"parent":0,"menu_order":0,"comment_status":"open","ping_status":"open","template":"","meta":{"_acf_changed":false,"footnotes":""},"class_list":["post-70222","page","type-page","status-publish","has-post-thumbnail","hentry"],"acf":[],"yoast_head":"<!-- This site is optimized with the Yoast SEO plugin v23.5 - https:\/\/yoast.com\/wordpress\/plugins\/seo\/ -->\n<title>Communicateur pay\u00e9 \u00e0 l&#039;heure \u00e0 Lejre Land of Legends - Sagnlandet Lejre<\/title>\n<meta name=\"robots\" content=\"index, follow, max-snippet:-1, max-image-preview:large, max-video-preview:-1\" \/>\n<link rel=\"canonical\" href=\"https:\/\/sagnlandet.dk\/fr\/hourly-paid-communicator-in-lejre-land-of-legends\/\" \/>\n<meta property=\"og:locale\" content=\"fr_FR\" \/>\n<meta property=\"og:type\" content=\"article\" \/>\n<meta property=\"og:title\" content=\"Communicateur pay\u00e9 \u00e0 l&#039;heure \u00e0 Lejre Land of Legends - Sagnlandet Lejre\" \/>\n<meta property=\"og:url\" content=\"https:\/\/sagnlandet.dk\/fr\/hourly-paid-communicator-in-lejre-land-of-legends\/\" \/>\n<meta property=\"og:site_name\" content=\"Sagnlandet Lejre\" \/>\n<meta property=\"article:modified_time\" content=\"2025-02-24T06:23:49+00:00\" \/>\n<meta property=\"og:image\" content=\"https:\/\/sagnlandet.dk\/fr\/wp-content\/uploads\/sites\/12\/2025\/02\/sagnlandet-juli-2020-05-scaled-1-e1738528931250-1-1.jpg\" \/>\n\t<meta property=\"og:image:width\" content=\"1416\" \/>\n\t<meta property=\"og:image:height\" content=\"1105\" \/>\n\t<meta property=\"og:image:type\" content=\"image\/jpeg\" \/>\n<meta name=\"twitter:card\" content=\"summary_large_image\" \/>\n<meta name=\"twitter:label1\" content=\"Dur\u00e9e de lecture estim\u00e9e\" \/>\n\t<meta name=\"twitter:data1\" content=\"6 minutes\" \/>\n<!-- \/ Yoast SEO plugin. -->","yoast_head_json":{"title":"Communicateur pay\u00e9 \u00e0 l'heure \u00e0 Lejre Land of Legends - Sagnlandet Lejre","robots":{"index":"index","follow":"follow","max-snippet":"max-snippet:-1","max-image-preview":"max-image-preview:large","max-video-preview":"max-video-preview:-1"},"canonical":"https:\/\/sagnlandet.dk\/fr\/hourly-paid-communicator-in-lejre-land-of-legends\/","og_locale":"fr_FR","og_type":"article","og_title":"Communicateur pay\u00e9 \u00e0 l'heure \u00e0 Lejre Land of Legends - Sagnlandet Lejre","og_url":"https:\/\/sagnlandet.dk\/fr\/hourly-paid-communicator-in-lejre-land-of-legends\/","og_site_name":"Sagnlandet Lejre","article_modified_time":"2025-02-24T06:23:49+00:00","og_image":[{"width":1416,"height":1105,"url":"https:\/\/sagnlandet.dk\/fr\/wp-content\/uploads\/sites\/12\/2025\/02\/sagnlandet-juli-2020-05-scaled-1-e1738528931250-1-1.jpg","type":"image\/jpeg"}],"twitter_card":"summary_large_image","twitter_misc":{"Dur\u00e9e de lecture estim\u00e9e":"6 minutes"},"schema":{"@context":"https:\/\/schema.org","@graph":[{"@type":"WebPage","@id":"https:\/\/sagnlandet.dk\/fr\/hourly-paid-communicator-in-lejre-land-of-legends\/","url":"https:\/\/sagnlandet.dk\/fr\/hourly-paid-communicator-in-lejre-land-of-legends\/","name":"Communicateur pay\u00e9 \u00e0 l'heure \u00e0 Lejre Land of Legends - Sagnlandet Lejre","isPartOf":{"@id":"https:\/\/sagnlandet.dk\/fr\/#website"},"primaryImageOfPage":{"@id":"https:\/\/sagnlandet.dk\/fr\/hourly-paid-communicator-in-lejre-land-of-legends\/#primaryimage"},"image":{"@id":"https:\/\/sagnlandet.dk\/fr\/hourly-paid-communicator-in-lejre-land-of-legends\/#primaryimage"},"thumbnailUrl":"https:\/\/sagnlandet.dk\/fr\/wp-content\/uploads\/sites\/12\/2025\/02\/sagnlandet-juli-2020-05-scaled-1-e1738528931250-1-1-1.jpg","datePublished":"2025-02-02T19:33:35+00:00","dateModified":"2025-02-24T06:23:49+00:00","breadcrumb":{"@id":"https:\/\/sagnlandet.dk\/fr\/hourly-paid-communicator-in-lejre-land-of-legends\/#breadcrumb"},"inLanguage":"fr-FR","potentialAction":[{"@type":"ReadAction","target":["https:\/\/sagnlandet.dk\/fr\/hourly-paid-communicator-in-lejre-land-of-legends\/"]}]},{"@type":"ImageObject","inLanguage":"fr-FR","@id":"https:\/\/sagnlandet.dk\/fr\/hourly-paid-communicator-in-lejre-land-of-legends\/#primaryimage","url":"https:\/\/sagnlandet.dk\/fr\/wp-content\/uploads\/sites\/12\/2025\/02\/sagnlandet-juli-2020-05-scaled-1-e1738528931250-1-1-1.jpg","contentUrl":"https:\/\/sagnlandet.dk\/fr\/wp-content\/uploads\/sites\/12\/2025\/02\/sagnlandet-juli-2020-05-scaled-1-e1738528931250-1-1-1.jpg","width":1416,"height":1105},{"@type":"BreadcrumbList","@id":"https:\/\/sagnlandet.dk\/fr\/hourly-paid-communicator-in-lejre-land-of-legends\/#breadcrumb","itemListElement":[{"@type":"ListItem","position":1,"name":"Hjem","item":"https:\/\/sagnlandet.dk\/fr\/"},{"@type":"ListItem","position":2,"name":"Hourly paid communicator in Lejre Land of Legends"}]},{"@type":"WebSite","@id":"https:\/\/sagnlandet.dk\/fr\/#website","url":"https:\/\/sagnlandet.dk\/fr\/","name":"Sagnlandet Lejre","description":"","publisher":{"@id":"https:\/\/sagnlandet.dk\/fr\/#organization"},"potentialAction":[{"@type":"SearchAction","target":{"@type":"EntryPoint","urlTemplate":"https:\/\/sagnlandet.dk\/fr\/?s={search_term_string}"},"query-input":{"@type":"PropertyValueSpecification","valueRequired":true,"valueName":"search_term_string"}}],"inLanguage":"fr-FR"},{"@type":"Organization","@id":"https:\/\/sagnlandet.dk\/fr\/#organization","name":"Sagnlandet Lejre","url":"https:\/\/sagnlandet.dk\/fr\/","logo":{"@type":"ImageObject","inLanguage":"fr-FR","@id":"https:\/\/sagnlandet.dk\/fr\/#\/schema\/logo\/image\/","url":"https:\/\/sagnlandet.dk\/fr\/wp-content\/uploads\/sites\/12\/1738\/65\/logo.png","contentUrl":"https:\/\/sagnlandet.dk\/fr\/wp-content\/uploads\/sites\/12\/1738\/65\/logo.png","width":398,"height":143,"caption":"Sagnlandet Lejre"},"image":{"@id":"https:\/\/sagnlandet.dk\/fr\/#\/schema\/logo\/image\/"}}]}},"_links":{"self":[{"href":"https:\/\/sagnlandet.dk\/fr\/wp-json\/wp\/v2\/pages\/70222"}],"collection":[{"href":"https:\/\/sagnlandet.dk\/fr\/wp-json\/wp\/v2\/pages"}],"about":[{"href":"https:\/\/sagnlandet.dk\/fr\/wp-json\/wp\/v2\/types\/page"}],"author":[{"embeddable":true,"href":"https:\/\/sagnlandet.dk\/fr\/wp-json\/wp\/v2\/users\/4"}],"replies":[{"embeddable":true,"href":"https:\/\/sagnlandet.dk\/fr\/wp-json\/wp\/v2\/comments?post=70222"}],"version-history":[{"count":2,"href":"https:\/\/sagnlandet.dk\/fr\/wp-json\/wp\/v2\/pages\/70222\/revisions"}],"predecessor-version":[{"id":71527,"href":"https:\/\/sagnlandet.dk\/fr\/wp-json\/wp\/v2\/pages\/70222\/revisions\/71527"}],"wp:featuredmedia":[{"embeddable":true,"href":"https:\/\/sagnlandet.dk\/fr\/wp-json\/wp\/v2\/media\/71047"}],"wp:attachment":[{"href":"https:\/\/sagnlandet.dk\/fr\/wp-json\/wp\/v2\/media?parent=70222"}],"curies":[{"name":"wp","href":"https:\/\/api.w.org\/{rel}","templated":true}]}}