{"id":70197,"date":"2024-11-12T13:33:15","date_gmt":"2024-11-12T12:33:15","guid":{"rendered":"https:\/\/sagnlandet.dk\/organisation-og-vpac\/"},"modified":"2025-02-24T07:24:04","modified_gmt":"2025-02-24T06:24:04","slug":"organisation-et-vpac","status":"publish","type":"page","link":"https:\/\/sagnlandet.dk\/fr\/organisation-et-vpac\/","title":{"rendered":"Organisation et VPAC"},"content":{"rendered":"\r\n\r\n<section class=\"standout-section standout-block standout-basic alignfull rounded-bg wp-elements-b6f825f4b349db4bedc846b01862051e hero-section side-spacing has-bg has-bg-img bg-size-cover bg-align-horizontal-center bg-align-vertical-center has-text-color\" style=\"color: #ffffff;\">\r\n\r\n\t<div class=\"standout-max-container\">\t\r\n\r\n<div class=\"standout-block-inner\">\r\n\t\t\t\r\n\t<div class=\"standout-block-background-deco\" style=\"--bg-align-vertical: center; --bg-align-horizontal: center; --bg-object-position: center center\">\r\n\t\t<img loading=\"lazy\" decoding=\"async\" width=\"1920\" height=\"564\" src=\"https:\/\/sagnlandet.dk\/fr\/wp-content\/uploads\/sites\/12\/2020\/01\/websiteheader.jpg\" class=\"standout-block-background-deco-element\" alt=\"\" srcset=\"https:\/\/sagnlandet.dk\/fr\/wp-content\/uploads\/sites\/12\/2020\/01\/websiteheader.jpg 2480w, https:\/\/sagnlandet.dk\/fr\/wp-content\/uploads\/sites\/12\/2020\/01\/websiteheader-300x88.jpg 300w, https:\/\/sagnlandet.dk\/fr\/wp-content\/uploads\/sites\/12\/2020\/01\/websiteheader-1920x564.jpg 1920w, https:\/\/sagnlandet.dk\/fr\/wp-content\/uploads\/sites\/12\/2020\/01\/websiteheader-600x176.jpg 600w\" sizes=\"(max-width: 1920px) 100vw, 1920px\" \/>\t<\/div>\r\n\r\n\t\t\r\n\t\t\t\t\t\t<div class=\"acf-innerblocks-container\">\n\n<h1 class=\"wp-block-heading\">Organisation et VPAC<\/h1>\n\n\n\n<p class=\"has-h-6-font-size\">En savoir plus sur notre organisation.<\/p>\n\n<\/div>\r\n\t\t\t\r\n\t\t\t<div class=\"standout-hero-information\"><div class=\"standout-hero-information-inner\">Voir le programme de la journ\u00e9e <a href=\"https:\/\/sagnlandet.dk\/fr\/programme-de-jour\/\">ici <span height=\"1em\" class=\"standout-custom-svg custom-svg\"><?xml version=\"1.0\" encoding=\"UTF-8\"?><svg height=\"1em\" id=\"a\" xmlns=\"http:\/\/www.w3.org\/2000\/svg\" viewBox=\"0 0 16.28 22.02\"><path d=\"M5.4,18.67h-.24c-.77.76-1.5,1.5-2.28,2.28v.35h-.36c-.24.26-.45.47-.68.71H.74c0-.15-.01-.28-.02-.37-.24-.23-.45-.43-.7-.66v-.34c.08-.05.15-.1.23-.15-.06-.05-.14-.09-.19-.15-.03-.04-.06-.13-.04-.15.13-.13.28-.24.46-.39,0-.08,0-.22.01-.29.52-.52,1.01-1,1.49-1.49-.01-.02-.02-.03-.04-.05.14,0,.27-.01.35-.02.32-.33.61-.62.94-.95h.35c0-.15.02-.3.02-.37.2-.2.37-.37.58-.58h.26c.48-.49.93-.94,1.42-1.44h.35v-.38c.13-.11.22-.2.31-.28,0-.02-.02-.04-.03-.06h.34c.41-.42.77-.79,1.18-1.2h.25c.57-.57,1.1-1.11,1.66-1.68h.25c.2-.19.37-.33.52-.49.04-.04.09-.16.07-.18-.12-.11-.26-.19-.38-.3-.12-.11-.22-.23-.33-.35-.11-.12-.21-.24-.32-.36-.07-.07-.15-.13-.29-.24h-.25c-.31-.33-.6-.62-.92-.96h-.3c-.15-.17-.26-.3-.41-.48h-.31c-.15-.17-.26-.3-.41-.48h-.28c-.41-.42-.77-.79-1.18-1.2h-.27c-.31-.33-.6-.62-.92-.96h-.29c-.23-.25-.44-.47-.68-.72h-.29c-.14-.17-.26-.31-.4-.48h-.31c-.14-.17-.26-.31-.41-.48h-.28c-.29-.29-.53-.54-.83-.84v-.26c-.26-.24-.47-.44-.71-.67.1-.18-.21-.52.23-.68v-.31c.22-.22.38-.38.59-.59h1.02c.14.16.25.29.4.47h.36c.02.09.04.16.06.24h.35c.23.25.44.46.68.72h.29c.15.17.26.3.42.48h.27c.33.33.61.62.94.96.06,0,.19,0,.3.02.14.16.26.3.4.47h.29c.32.33.61.62.94.96h.28c.14.17.26.31.4.48h.37c0,.36.29.21.41.24.24.26.44.47.68.72h.34c.07.11,0,.36.28.23v.48c.15,0,.29.01.38.02.31.32.59.62.91.95h.28c.23.25.44.47.68.72h.3c.14-.16.26-.3.4-.47h1.33c0-.37.27-.21.47-.25.02-.06.05-.14.07-.22h.58c.19.2.36.37.57.58v.58c-.07.01-.14.03-.2.04-.1.17.13.48-.26.48v.33c-.2.21-.34.36-.49.51-.1.11-.2.23-.31.33-.12.1-.26.18-.39.29-.03.02-.03.12-.01.14.14.12.29.24.46.38v.36c.08.03.16.06.25.08v.65c.08.02.15.04.23.06v.42c-.07.02-.14.05-.23.07v.43h-.38c-.11.12-.17.18-.23.25-.05-.07-.11-.13-.19-.23h-.55c-.15-.17-.26-.3-.41-.48h-.32c-.26-.48-.68-.1-.93-.25-.24.25-.44.46-.68.72-.07,0-.2,0-.37.02v.37c-.13.11-.22.19-.31.27,0,.02.02.04.03.06h-.33c-.66.66-1.26,1.27-1.91,1.92h-.25c-.81.81-1.57,1.58-2.39,2.4h-.35c0,.15-.02.29-.02.39-.11.11-.2.19-.35.33Z\"\/><\/svg><\/span><\/a><\/div><div class=\"standout-hero-rowing-animation\"><img decoding=\"async\" class=\"animation\" src=\"https:\/\/sagnlandet.dk\/fr\/wp-content\/themes\/s-child\/images\/rowing.png\"><\/div><\/div>\t<\/div>\r\n\r\n\r\n\r\n\t\t<\/div>\r\n<\/section>\n\n\r\n\r\n<section class=\"standout-section standout-block standout-columns alignwide column-gap-s\" style=\"--columns: 3; --column-span: 1; --element-alignment: flex-start;\" data-columns=\"3\">\r\n\r\n\t<div class=\"standout-max-container\">\t\r\n\r\n<div class=\"standout-block-inner\">\r\n\t\t\t<div class=\"acf-innerblocks-container\">\n\r\n\r\n<section class=\"standout-block standout-column-element rounded-bg border-bg\" style=\"--column-span: 2; --row-span: 2;\" data-grid-span=\"2\" data-row-span=\"2\">\r\n\r\n\t<div class=\"standout-max-container\">\t\r\n\r\n<div class=\"standout-block-inner\">\r\n\t\t\r\n\t\t\t<div class=\"acf-innerblocks-container\">\n\n<h3 class=\"wp-block-heading\">L&#8217;\u00e9quipe de direction<\/h3>\n\n\n\n<h4 class=\"wp-block-heading\"><strong><u>Lars Holten<\/u><\/strong><br>Directeur g\u00e9n\u00e9ral<\/h4>\n\n\n\n<h6 class=\"wp-block-heading\"><strong><u>Charlotte Hjorth Frantzdatter<\/u><\/strong><br>Assistante de direction<\/h6>\n\n\n\n<h4 class=\"wp-block-heading\">Responsables de section et de zone<\/h4>\n\n\n\n<hr class=\"wp-block-separator has-alpha-channel-opacity\"\/>\n\n\n\n<h6 class=\"wp-block-heading\"><strong><u>Lone Knudtzen<\/u><\/strong><br>Responsable des finances et de l&#8217;administration<\/h6>\n\n\n\n<p><em>Personnel de la comptabilit\u00e9 et de l&#8217;administration<\/em><\/p>\n\n\n\n<hr class=\"wp-block-separator has-alpha-channel-opacity\"\/>\n\n\n\n<h6 class=\"wp-block-heading\"><strong><u>Tania Lousdal Jensen<\/u><\/strong><br>Responsable de la communication et des ventes<\/h6>\n\n\n\n<p><strong>Responsables des ventes<\/strong><\/p>\n\n\n\n<p><em>Nikki Jeffries<\/em><br>Responsable de magasin<\/p>\n\n\n\n<p><em>Jette Aagaard Andersen<\/em><br>Caf\u00e9<\/p>\n\n\n\n<p><strong>Employ\u00e9s saisonniers<\/strong><\/p>\n\n\n\n<p><em>Associ\u00e9s de vente magasin, saisonniers<\/em><\/p>\n\n\n\n<p><em>Personnel de vente au caf\u00e9, saisonnier<\/em><\/p>\n\n\n\n<hr class=\"wp-block-separator has-alpha-channel-opacity\"\/>\n\n\n\n<h6 class=\"wp-block-heading\"><strong><u>Charlotte Hjorth Frantzdatter<\/u><\/strong><br>Responsable du d\u00e9veloppement<\/h6>\n\n\n\n<hr class=\"wp-block-separator has-alpha-channel-opacity\"\/>\n\n\n\n<h6 class=\"wp-block-heading\"><strong><u>Lasse Stockholm Nielsen<\/u><\/strong><br>Responsable de l&#8217;audience<\/h6>\n\n\n\n<p><strong>Chefs de secteur<\/strong><\/p>\n\n\n\n<p><em>Laurent Mazet<\/em><br>Chef de secteur Antiquit\u00e9<\/p>\n\n\n\n<p><em>Peter Roland Christensen<\/em><br>Chef de secteur Age des Vikings<\/p>\n\n\n\n<p><em>Lotte Rask<\/em><br>Chef de secteur Rural<\/p>\n\n\n\n<p><em>Natascha Ingemann St\u00f8vhase<\/em><br>Chef de secteur B\u00e5ldalen<\/p>\n\n\n\n<p><strong>Chefs d&#8217;atelier<\/strong><\/p>\n\n\n\n<p><em>Inger Heeb\u00f8ll<\/em><br>Chef d&#8217;atelier Poterie<\/p>\n\n\n\n<p><em>Ida Demant<\/em><br>Chef d&#8217;atelier Atelier de costumes<\/p>\n\n\n\n<p><strong>Employ\u00e9s saisonniers<\/strong><\/p>\n\n\n\n<p><em>Interm\u00e9diaires, salaire horaire et mensuel<\/em><\/p>\n\n\n\n<hr class=\"wp-block-separator has-alpha-channel-opacity\"\/>\n\n\n\n<h6 class=\"wp-block-heading\"><strong><u>Stig Poul Claussen<\/u><\/strong><br>Directeur des op\u00e9rations<\/h6>\n\n\n\n<p><em>Personnel d&#8217;exploitation<\/em><\/p>\n\n<\/div>\r\n\t<\/div>\r\n\r\n\r\n\r\n\t\t<\/div>\r\n<\/section>\n\n\r\n\r\n<section class=\"standout-block standout-column-element rounded-bg has-bg has-bg-color\" style=\"background-color: var(--wp--preset--color--color-istid); --row-span: 2;\" data-row-span=\"2\">\r\n\r\n\t<div class=\"standout-max-container\">\t\r\n\r\n<div class=\"standout-block-inner\">\r\n\t\t\r\n\t\t\t<div class=\"acf-innerblocks-container\">\n\n<h4 class=\"wp-block-heading has-color-gul-color has-text-color has-link-color wp-elements-57b8b2bd28e36b569f3dc79f673b474a\">CONSEIL D&#8217;ADMINISTRATION<\/h4>\n\n\n\n<p><strong>Kristian Kristiansen<\/strong><br>Professeur \u00e0 l&#8217;universit\u00e9 de G\u00f6teborg, Dr. Phil.<br><em>Pr\u00e9sident, membre du comit\u00e9 ex\u00e9cutif<\/em><\/p>\n\n\n\n<p><strong>Flemming Damgaard Larsen<\/strong><br>Avocat, membre du Parlement<br><em>Vice-pr\u00e9sident et membre du comit\u00e9 ex\u00e9cutif<\/em><\/p>\n\n\n\n<p><strong>Peter Skak-Iversen<\/strong><br>Ancien PDG de DONG ENERGY A\/S<br><em>Membre du conseil d&#8217;administration et du comit\u00e9 ex\u00e9cutif<\/em><\/p>\n\n\n\n<p><strong>Dorte Kiilerich<\/strong><br>Propri\u00e9taire et directeur, Living Concepts APS<br><strong>Membre du conseil d&#8217;administration<\/strong><\/p>\n\n\n\n<p><strong>Asger H\u00f8eg<\/strong><br>Ancien directeur de l&#8217;Experimentarium<br><em>Membre du conseil d&#8217;administration<\/em><\/p>\n\n\n\n<p><strong>Morten Meldg\u00e5rd<\/strong><br>Professeur, Mus\u00e9e d&#8217;histoire naturelle du Danemark<br><em>Membre du conseil d&#8217;administration<\/em><\/p>\n\n\n\n<p><strong>Tina Mandrup<\/strong><br>Maire de la municipalit\u00e9 de Lejre<br><em>Membre du conseil d&#8217;administration<\/em><\/p>\n\n\n\n<p><strong>Mogens Jensen<\/strong><br>Ancien ministre de l&#8217;alimentation et membre du Parlement<br><em>Membre du conseil d&#8217;administration<\/em><\/p>\n\n\n\n<p><strong>S\u00f8ren Sindb\u00e6k<\/strong><br>Professeur, Universit\u00e9 d&#8217;Aarhus<br><em>Membre du conseil d&#8217;administration<\/em><\/p>\n\n\n\n<p><strong>John Munro<\/strong><br>Propri\u00e9taire foncier Ledreborg<br><em>Observateur<\/em><\/p>\n\n\n\n<h4 class=\"wp-block-heading has-color-gul-color has-text-color has-link-color wp-elements-12f0320cae107ab5b5a3b8a5bc4bdbb0\">PROTECTEUR<\/h4>\n\n\n\n<p><strong>Sa Majest\u00e9 la Reine Margrethe II<\/strong><\/p>\n\n<\/div>\r\n\t<\/div>\r\n\r\n\r\n\r\n\t\t<\/div>\r\n<\/section>\n<\/div>\r\n\t<\/div>\r\n\r\n\r\n\r\n\t\t<\/div>\r\n<\/section>\n\n\r\n\r\n<section class=\"standout-section standout-block standout-basic alignwide\">\r\n\r\n\t<div class=\"standout-max-container\">\t\r\n\r\n<div class=\"standout-block-inner\">\r\n\t\r\n\t\t\t\t\t\t<div class=\"acf-innerblocks-container\">\n\n<hr class=\"wp-block-separator has-alpha-channel-opacity\"\/>\n\n<\/div>\r\n\t\t\t\r\n\t<\/div>\r\n\r\n\r\n\r\n\t\t<\/div>\r\n<\/section>\n\n\r\n\r\n<section class=\"standout-section standout-block standout-columns alignwide\" style=\"--columns: 3; --column-span: 1; --element-alignment: flex-start;\" data-columns=\"3\">\r\n\r\n\t<div class=\"standout-max-container\">\t\r\n\r\n<div class=\"standout-block-inner\">\r\n\t\t\t<div class=\"acf-innerblocks-container\">\n\r\n\r\n<section class=\"standout-block standout-column-element\">\r\n\r\n\t<div class=\"standout-max-container\">\t\r\n\r\n<div class=\"standout-block-inner\">\r\n\t\t\r\n\t\t\t<div class=\"acf-innerblocks-container\">\n\n<figure class=\"wp-block-image size-full\"><img decoding=\"async\" src=\"https:\/\/sagnlandet.dk\/wp-content\/uploads\/2025\/02\/vpac-2.png\" alt=\"\" class=\"wp-image-2309\"\/><\/figure>\n\n<\/div>\r\n\t<\/div>\r\n\r\n\r\n\r\n\t\t<\/div>\r\n<\/section>\n\n\r\n\r\n<section class=\"standout-block standout-column-element\" style=\"--column-span: 2;\" data-grid-span=\"2\">\r\n\r\n\t<div class=\"standout-max-container\">\t\r\n\r\n<div class=\"standout-block-inner\">\r\n\t\t\r\n\t\t\t<div class=\"acf-innerblocks-container\">\n\n<h3 class=\"wp-block-heading\">Lejre Land of Legends &#8211; La connaissance par l&#8217;exp\u00e9rience<\/h3>\n\n\n\n<h4 class=\"wp-block-heading\">Lejre Land of Legends est un centre d&#8217;activit\u00e9s p\u00e9dagogiques et de connaissances<\/h4>\n\n\n\n<p>Les centres d&#8217;activit\u00e9s p\u00e9dagogiques et de connaissance (VPAC) sont des centres d&#8217;exp\u00e9rience soutenus par l&#8217;\u00c9tat qui, par le biais d&#8217;activit\u00e9s \u00e9ducatives, pratiques et stimulantes pour tous les sens, s&#8217;efforcent de donner aux enfants et aux adultes des connaissances et un aper\u00e7u de la nature, de l&#8217;histoire et de la science.<\/p>\n\n\n\n<p>Les VPAC comblent le foss\u00e9 entre la recherche, l&#8217;\u00e9ducation et les jeunes et les personnes \u00e2g\u00e9es de la soci\u00e9t\u00e9 danoise.<\/p>\n\n\n\n<h4 class=\"wp-block-heading\">L&#8217;apprentissage par la participation active<\/h4>\n\n\n\n<p>Les centres d&#8217;activit\u00e9s d&#8217;\u00e9ducation \u00e0 la connaissance proposent un large \u00e9ventail d&#8217;activit\u00e9s \u00e9ducatives de niveau international. Les activit\u00e9s sont bas\u00e9es sur la participation active des enfants et des adultes et sur les techniques de communication les plus r\u00e9centes. Cela rend l&#8217;\u00e9ducation dynamique, tourn\u00e9e vers l&#8217;avenir et passionnante !<\/p>\n\n\n\n<h4 class=\"wp-block-heading\">De nouvelles m\u00e9thodes d&#8217;apprentissage &#8211; en \u00e9troite collaboration avec le secteur de l&#8217;\u00e9ducation<\/h4>\n\n\n\n<p>Certaines activit\u00e9s sont destin\u00e9es \u00e0 l&#8217;enseignement dans les \u00e9coles primaires et secondaires. L&#8217;enseignement se d\u00e9roule dans un environnement d&#8217;apprentissage informel, en \u00e9troite collaboration avec le secteur de l&#8217;\u00e9ducation.<\/p>\n\n<\/div>\r\n\t<\/div>\r\n\r\n\r\n\r\n\t\t<\/div>\r\n<\/section>\n<\/div>\r\n\t<\/div>\r\n\r\n\r\n\r\n\t\t<\/div>\r\n<\/section>\n\n\r\n\r\n<section class=\"standout-section standout-block standout-basic alignwide\">\r\n\r\n\t<div class=\"standout-max-container\">\t\r\n\r\n<div class=\"standout-block-inner\">\r\n\t\r\n\t\t\t\t\t\t<div class=\"acf-innerblocks-container\">\n\n<hr class=\"wp-block-separator has-alpha-channel-opacity\"\/>\n\n<\/div>\r\n\t\t\t\r\n\t<\/div>\r\n\r\n\r\n\r\n\t\t<\/div>\r\n<\/section>\n\n\r\n\r\n<section class=\"standout-section standout-block standout-columns alignwide\" style=\"--columns: 4; --column-span: 1; --element-alignment: flex-start;\" data-columns=\"4\">\r\n\r\n\t<div class=\"standout-max-container\">\t\r\n\r\n<div class=\"standout-block-inner\">\r\n\t\t\t<div class=\"acf-innerblocks-container\">\n\r\n\r\n<section class=\"standout-block standout-column-element\">\r\n\r\n\t<div class=\"standout-max-container\">\t\r\n\r\n<div class=\"standout-block-inner\">\r\n\t\t\r\n\t\t\t<div class=\"acf-innerblocks-container\">\n\n<figure class=\"wp-block-image size-full\"><img decoding=\"async\" src=\"https:\/\/sagnlandet.dk\/wp-content\/uploads\/2025\/02\/stenalder-02-600x628-1.jpg\" alt=\"\" class=\"wp-image-2108\"\/><\/figure>\n\n<\/div>\r\n\t<\/div>\r\n\r\n\r\n\r\n\t\t<\/div>\r\n<\/section>\n\n\r\n\r\n<section class=\"standout-block standout-column-element\">\r\n\r\n\t<div class=\"standout-max-container\">\t\r\n\r\n<div class=\"standout-block-inner\">\r\n\t\t\r\n\t\t\t<div class=\"acf-innerblocks-container\">\n\n<p><strong>Merci d&#8217;\u00eatre venus !<\/strong><br>Lejre Land of Legends est une organisation \u00e0 but non lucratif qui communique, recherche et enseigne notre pass\u00e9 commun. Une partie de ses activit\u00e9s est financ\u00e9e par des subventions du minist\u00e8re de l&#8217;\u00e9ducation et de la municipalit\u00e9 de Lejre, mais l&#8217;essentiel provient des recettes de votre billet. C&#8217;est donc gr\u00e2ce \u00e0 vous, en tant qu&#8217;invit\u00e9, que Lejre Land of Legends pourra \u00e0 nouveau ouvrir ses portes \u00e0 des exp\u00e9riences familiales extraordinaires l&#8217;ann\u00e9e prochaine.<\/p>\n\n<\/div>\r\n\t<\/div>\r\n\r\n\r\n\r\n\t\t<\/div>\r\n<\/section>\n\n\r\n\r\n<section class=\"standout-block standout-column-element\">\r\n\r\n\t<div class=\"standout-max-container\">\t\r\n\r\n<div class=\"standout-block-inner\">\r\n\t\t\r\n\t\t\t<div class=\"acf-innerblocks-container\">\n\n<p><strong>\u00c9levage, production et \u00e9cologie<\/strong><br>Lejre Land of Legends est une ferme d&#8217;accueil agr\u00e9\u00e9e qui pratique l&#8217;\u00e9levage d&#8217;animaux dans le cadre d&#8217;une production agricole biologique.<\/p>\n\n\n\n<p>Lejre Land of Legends vend ses animaux \u00e0 des restaurants et \u00e0 des producteurs qui transforment la viande de nos races animales historiques en divers produits, tels que des saucisses. La viande du Lejre Land of Legends fait \u00e9galement partie du r\u00e9gime alimentaire des \u00e9coles et des familles du camp d&#8217;autrefois, et les visiteurs d&#8217;un jour peuvent acheter des plats au Caf\u00e9 historique Hvides\u00f8hus du Lejre Land of Legends, qui comprend de la viande provenant de notre propre production.<\/p>\n\n<\/div>\r\n\t<\/div>\r\n\r\n\r\n\r\n\t\t<\/div>\r\n<\/section>\n\n\r\n\r\n<section class=\"standout-block standout-column-element\">\r\n\r\n\t<div class=\"standout-max-container\">\t\r\n\r\n<div class=\"standout-block-inner\">\r\n\t\t\r\n\t\t\t<div class=\"acf-innerblocks-container\">\n\n<p><strong>Rapports annuels<\/strong><\/p>\n\n\n\n<p>En cliquant plus loin, vous acc\u00e9derez aux rapports annuels depuis 2010.<\/p>\n\n\n\n<div class=\"wp-block-buttons is-layout-flex wp-block-buttons-is-layout-flex\">\n<div class=\"wp-block-button\"><a class=\"wp-block-button__link has-color-gul-background-color has-background wp-element-button\" href=\"https:\/\/sagnlandet.dk\/en\/aarsberetninger\/\">Retrouvez tous les rapports annuels du Lejre Land of Legends ici<\/a><\/div>\n<\/div>\n\n<\/div>\r\n\t<\/div>\r\n\r\n\r\n\r\n\t\t<\/div>\r\n<\/section>\n<\/div>\r\n\t<\/div>\r\n\r\n\r\n\r\n\t\t<\/div>\r\n<\/section>\n\n\r\n\r\n<section class=\"standout-section standout-block standout-basic alignwide\">\r\n\r\n\t<div class=\"standout-max-container\">\t\r\n\r\n<div class=\"standout-block-inner\">\r\n\t\r\n\t\t\t\t\t\t<div class=\"acf-innerblocks-container\">\n\n<hr class=\"wp-block-separator has-alpha-channel-opacity\"\/>\n\n<\/div>\r\n\t\t\t\r\n\t<\/div>\r\n\r\n\r\n\r\n\t\t<\/div>\r\n<\/section>\n\n\r\n\r\n<section class=\"standout-section standout-block standout-basic alignwide\">\r\n\r\n\t<div class=\"standout-max-container\">\t\r\n\r\n<div class=\"standout-block-inner\">\r\n\t\r\n\t\t\t\t\t\t<div class=\"acf-innerblocks-container\">\n\n<p>Les activit\u00e9s de<strong>LEJRE<\/strong> s&#8217;inscrivent dans un cycle compos\u00e9 de trois domaines principaux : <em>La recherche, la diffusion et l&#8217;\u00e9ducation<\/em>. Dans ce cycle, la recherche apporte de nouvelles connaissances, qui sont communiqu\u00e9es dans le cadre de l&#8217;enseignement aux \u00e9l\u00e8ves et dans le cadre de la communication lors des r\u00e9unions quotidiennes avec les invit\u00e9s<\/p>\n\n\n\n<p>La communication de<strong>SAGNLANDET LEJRE,<\/strong> bas\u00e9e sur la recherche, permet aux \u00e9l\u00e8ves et au public de comprendre et d&#8217;appr\u00e9hender les nouvelles connaissances issues du monde de la recherche en les traduisant en exp\u00e9riences et activit\u00e9s tangibles auxquelles les enfants et les adultes peuvent eux-m\u00eames participer.<\/p>\n\n\n\n<p>Id\u00e9alement, la rencontre entre l&#8217;employ\u00e9 et l&#8217;invit\u00e9 est le point de d\u00e9part d&#8217;un dialogue qui, \u00e0 son tour, g\u00e9n\u00e8re de nouvelles connaissances et de nouveaux points de vue pour les deux parties.<\/p>\n\n\n\n<p>Cette intersection entre la recherche, l&#8217;enseignement et la vulgarisation incite \u00e0 poser de nouvelles questions \u00e0 la recherche afin d&#8217;obtenir de nouvelles r\u00e9ponses et de nouvelles exp\u00e9riences et activit\u00e9s de vulgarisation.<\/p>\n\n\n\n<p>La conduite d&#8217;activit\u00e9s commerciales dans tous les domaines cr\u00e9e une base \u00e9conomique pour le maintien du circuit. Les ventes de s\u00e9jours pr\u00e9historiques en famille ou en colonie de vacances, les cours de team building, les r\u00e9unions, les conf\u00e9rences, les adh\u00e9sions \u00e0 des clubs d&#8217;affaires, les souvenirs historiques dans la boutique, la poterie, l&#8217;atelier de costumes, la forge et les plats inspir\u00e9s de l&#8217;histoire dans le caf\u00e9 y contribuent. Tous les services sont int\u00e9gr\u00e9s dans la communication et le cadre culturel et historique de Sagnlandet.<\/p>\n\n\n\n<p>Le cycle de<strong>SAGNLANDET LEJRE<\/strong> est en marche &#8230;<\/p>\n\n\n\n<figure class=\"wp-block-image size-full\"><img decoding=\"async\" src=\"https:\/\/sagnlandet.dk\/wp-content\/uploads\/2025\/02\/aarsrapport-diagram-side-30-278x300-1.png\" alt=\"\" class=\"wp-image-2274\"\/><\/figure>\n\n<\/div>\r\n\t\t\t\r\n\t<\/div>\r\n\r\n\r\n\r\n\t\t<\/div>\r\n<\/section>","protected":false},"excerpt":{"rendered":"","protected":false},"author":3,"featured_media":71053,"parent":0,"menu_order":0,"comment_status":"open","ping_status":"open","template":"","meta":{"_acf_changed":false,"footnotes":""},"class_list":["post-70197","page","type-page","status-publish","has-post-thumbnail","hentry"],"acf":[],"yoast_head":"<!-- This site is optimized with the Yoast SEO plugin v23.5 - https:\/\/yoast.com\/wordpress\/plugins\/seo\/ -->\n<title>Organisation et VPAC - Sagnlandet Lejre<\/title>\n<meta name=\"robots\" content=\"index, follow, max-snippet:-1, max-image-preview:large, max-video-preview:-1\" \/>\n<link rel=\"canonical\" href=\"https:\/\/sagnlandet.dk\/fr\/organization-and-vpac\/\" \/>\n<meta property=\"og:locale\" content=\"fr_FR\" \/>\n<meta property=\"og:type\" content=\"article\" \/>\n<meta property=\"og:title\" content=\"Organisation et VPAC - Sagnlandet Lejre\" \/>\n<meta property=\"og:url\" content=\"https:\/\/sagnlandet.dk\/fr\/organization-and-vpac\/\" \/>\n<meta property=\"og:site_name\" content=\"Sagnlandet Lejre\" \/>\n<meta property=\"article:modified_time\" content=\"2025-02-24T06:24:04+00:00\" \/>\n<meta property=\"og:image\" content=\"https:\/\/sagnlandet.dk\/fr\/wp-content\/uploads\/sites\/12\/2025\/02\/websiteheader-1.jpg\" \/>\n\t<meta property=\"og:image:width\" content=\"2480\" \/>\n\t<meta property=\"og:image:height\" content=\"728\" \/>\n\t<meta property=\"og:image:type\" content=\"image\/jpeg\" \/>\n<meta name=\"twitter:card\" content=\"summary_large_image\" \/>\n<meta name=\"twitter:label1\" content=\"Dur\u00e9e de lecture estim\u00e9e\" \/>\n\t<meta name=\"twitter:data1\" content=\"5 minutes\" \/>\n<!-- \/ Yoast SEO plugin. -->","yoast_head_json":{"title":"Organisation et VPAC - Sagnlandet Lejre","robots":{"index":"index","follow":"follow","max-snippet":"max-snippet:-1","max-image-preview":"max-image-preview:large","max-video-preview":"max-video-preview:-1"},"canonical":"https:\/\/sagnlandet.dk\/fr\/organization-and-vpac\/","og_locale":"fr_FR","og_type":"article","og_title":"Organisation et VPAC - Sagnlandet Lejre","og_url":"https:\/\/sagnlandet.dk\/fr\/organization-and-vpac\/","og_site_name":"Sagnlandet Lejre","article_modified_time":"2025-02-24T06:24:04+00:00","og_image":[{"width":2480,"height":728,"url":"https:\/\/sagnlandet.dk\/fr\/wp-content\/uploads\/sites\/12\/2025\/02\/websiteheader-1.jpg","type":"image\/jpeg"}],"twitter_card":"summary_large_image","twitter_misc":{"Dur\u00e9e de lecture estim\u00e9e":"5 minutes"},"schema":{"@context":"https:\/\/schema.org","@graph":[{"@type":"WebPage","@id":"https:\/\/sagnlandet.dk\/fr\/organization-and-vpac\/","url":"https:\/\/sagnlandet.dk\/fr\/organization-and-vpac\/","name":"Organisation et VPAC - Sagnlandet Lejre","isPartOf":{"@id":"https:\/\/sagnlandet.dk\/fr\/#website"},"primaryImageOfPage":{"@id":"https:\/\/sagnlandet.dk\/fr\/organization-and-vpac\/#primaryimage"},"image":{"@id":"https:\/\/sagnlandet.dk\/fr\/organization-and-vpac\/#primaryimage"},"thumbnailUrl":"https:\/\/sagnlandet.dk\/fr\/wp-content\/uploads\/sites\/12\/2025\/02\/websiteheader-1-1.jpg","datePublished":"2024-11-12T12:33:15+00:00","dateModified":"2025-02-24T06:24:04+00:00","breadcrumb":{"@id":"https:\/\/sagnlandet.dk\/fr\/organization-and-vpac\/#breadcrumb"},"inLanguage":"fr-FR","potentialAction":[{"@type":"ReadAction","target":["https:\/\/sagnlandet.dk\/fr\/organization-and-vpac\/"]}]},{"@type":"ImageObject","inLanguage":"fr-FR","@id":"https:\/\/sagnlandet.dk\/fr\/organization-and-vpac\/#primaryimage","url":"https:\/\/sagnlandet.dk\/fr\/wp-content\/uploads\/sites\/12\/2025\/02\/websiteheader-1-1.jpg","contentUrl":"https:\/\/sagnlandet.dk\/fr\/wp-content\/uploads\/sites\/12\/2025\/02\/websiteheader-1-1.jpg","width":2480,"height":728},{"@type":"BreadcrumbList","@id":"https:\/\/sagnlandet.dk\/fr\/organization-and-vpac\/#breadcrumb","itemListElement":[{"@type":"ListItem","position":1,"name":"Hjem","item":"https:\/\/sagnlandet.dk\/fr\/"},{"@type":"ListItem","position":2,"name":"Organization and VPAC"}]},{"@type":"WebSite","@id":"https:\/\/sagnlandet.dk\/fr\/#website","url":"https:\/\/sagnlandet.dk\/fr\/","name":"Sagnlandet Lejre","description":"","publisher":{"@id":"https:\/\/sagnlandet.dk\/fr\/#organization"},"potentialAction":[{"@type":"SearchAction","target":{"@type":"EntryPoint","urlTemplate":"https:\/\/sagnlandet.dk\/fr\/?s={search_term_string}"},"query-input":{"@type":"PropertyValueSpecification","valueRequired":true,"valueName":"search_term_string"}}],"inLanguage":"fr-FR"},{"@type":"Organization","@id":"https:\/\/sagnlandet.dk\/fr\/#organization","name":"Sagnlandet Lejre","url":"https:\/\/sagnlandet.dk\/fr\/","logo":{"@type":"ImageObject","inLanguage":"fr-FR","@id":"https:\/\/sagnlandet.dk\/fr\/#\/schema\/logo\/image\/","url":"https:\/\/sagnlandet.dk\/fr\/wp-content\/uploads\/sites\/12\/1738\/65\/logo.png","contentUrl":"https:\/\/sagnlandet.dk\/fr\/wp-content\/uploads\/sites\/12\/1738\/65\/logo.png","width":398,"height":143,"caption":"Sagnlandet Lejre"},"image":{"@id":"https:\/\/sagnlandet.dk\/fr\/#\/schema\/logo\/image\/"}}]}},"_links":{"self":[{"href":"https:\/\/sagnlandet.dk\/fr\/wp-json\/wp\/v2\/pages\/70197"}],"collection":[{"href":"https:\/\/sagnlandet.dk\/fr\/wp-json\/wp\/v2\/pages"}],"about":[{"href":"https:\/\/sagnlandet.dk\/fr\/wp-json\/wp\/v2\/types\/page"}],"author":[{"embeddable":true,"href":"https:\/\/sagnlandet.dk\/fr\/wp-json\/wp\/v2\/users\/3"}],"replies":[{"embeddable":true,"href":"https:\/\/sagnlandet.dk\/fr\/wp-json\/wp\/v2\/comments?post=70197"}],"version-history":[{"count":3,"href":"https:\/\/sagnlandet.dk\/fr\/wp-json\/wp\/v2\/pages\/70197\/revisions"}],"predecessor-version":[{"id":71243,"href":"https:\/\/sagnlandet.dk\/fr\/wp-json\/wp\/v2\/pages\/70197\/revisions\/71243"}],"wp:featuredmedia":[{"embeddable":true,"href":"https:\/\/sagnlandet.dk\/fr\/wp-json\/wp\/v2\/media\/71053"}],"wp:attachment":[{"href":"https:\/\/sagnlandet.dk\/fr\/wp-json\/wp\/v2\/media?parent=70197"}],"curies":[{"name":"wp","href":"https:\/\/api.w.org\/{rel}","templated":true}]}}