{"id":70183,"date":"2024-11-11T10:43:14","date_gmt":"2024-11-11T09:43:14","guid":{"rendered":"https:\/\/sagnlandet.dk\/vision-og-mission\/"},"modified":"2025-02-24T07:24:11","modified_gmt":"2025-02-24T06:24:11","slug":"vision-et-mission","status":"publish","type":"page","link":"https:\/\/sagnlandet.dk\/fr\/vision-et-mission\/","title":{"rendered":"Vision et mission"},"content":{"rendered":"\r\n\r\n<section class=\"standout-section standout-block standout-basic alignfull rounded-bg wp-elements-5d28ae63b9d91c8005d6e9d938786179 hero-section side-spacing has-bg has-bg-img bg-size-cover bg-align-horizontal-center bg-align-vertical-center has-text-color\" style=\"color: #ffffff;\">\r\n\r\n\t<div class=\"standout-max-container\">\t\r\n\r\n<div class=\"standout-block-inner\">\r\n\t\t\t\r\n\t<div class=\"standout-block-background-deco\" style=\"--bg-align-vertical: center; --bg-align-horizontal: center; --bg-object-position: center center\">\r\n\t\t<img loading=\"lazy\" decoding=\"async\" width=\"1920\" height=\"1280\" src=\"https:\/\/sagnlandet.dk\/fr\/wp-content\/uploads\/sites\/12\/2025\/02\/jernalder-17.jpg\" class=\"standout-block-background-deco-element\" alt=\"\" srcset=\"https:\/\/sagnlandet.dk\/fr\/wp-content\/uploads\/sites\/12\/2025\/02\/jernalder-17.jpg 2500w, https:\/\/sagnlandet.dk\/fr\/wp-content\/uploads\/sites\/12\/2025\/02\/jernalder-17-600x400.jpg 600w, https:\/\/sagnlandet.dk\/fr\/wp-content\/uploads\/sites\/12\/2025\/02\/jernalder-17-1920x1280.jpg 1920w, https:\/\/sagnlandet.dk\/fr\/wp-content\/uploads\/sites\/12\/2025\/02\/jernalder-17-1536x1024.jpg 1536w, https:\/\/sagnlandet.dk\/fr\/wp-content\/uploads\/sites\/12\/2025\/02\/jernalder-17-2048x1366.jpg 2048w, https:\/\/sagnlandet.dk\/fr\/wp-content\/uploads\/sites\/12\/2025\/02\/jernalder-17-150x100.jpg 150w, https:\/\/sagnlandet.dk\/fr\/wp-content\/uploads\/sites\/12\/2025\/02\/jernalder-17-1200x800.jpg 1200w, https:\/\/sagnlandet.dk\/fr\/wp-content\/uploads\/sites\/12\/2025\/02\/jernalder-17-1320x880.jpg 1320w\" sizes=\"(max-width: 1920px) 100vw, 1920px\" \/>\t<\/div>\r\n\r\n\t\t\r\n\t\t\t\t\t\t<div class=\"acf-innerblocks-container\">\n\n<h1 class=\"wp-block-heading\">Vision et mission<\/h1>\n\n\n\n<p class=\"has-h-6-font-size\">En savoir plus sur les valeurs fondamentales de Lejre Land of Legends.<\/p>\n\n<\/div>\r\n\t\t\t\r\n\t\t\t<div class=\"standout-hero-information\"><div class=\"standout-hero-information-inner\">Voir le programme de la journ\u00e9e <a href=\"https:\/\/sagnlandet.dk\/fr\/programme-de-jour\/\">ici <span height=\"1em\" class=\"standout-custom-svg custom-svg\"><?xml version=\"1.0\" encoding=\"UTF-8\"?><svg height=\"1em\" id=\"a\" xmlns=\"http:\/\/www.w3.org\/2000\/svg\" viewBox=\"0 0 16.28 22.02\"><path d=\"M5.4,18.67h-.24c-.77.76-1.5,1.5-2.28,2.28v.35h-.36c-.24.26-.45.47-.68.71H.74c0-.15-.01-.28-.02-.37-.24-.23-.45-.43-.7-.66v-.34c.08-.05.15-.1.23-.15-.06-.05-.14-.09-.19-.15-.03-.04-.06-.13-.04-.15.13-.13.28-.24.46-.39,0-.08,0-.22.01-.29.52-.52,1.01-1,1.49-1.49-.01-.02-.02-.03-.04-.05.14,0,.27-.01.35-.02.32-.33.61-.62.94-.95h.35c0-.15.02-.3.02-.37.2-.2.37-.37.58-.58h.26c.48-.49.93-.94,1.42-1.44h.35v-.38c.13-.11.22-.2.31-.28,0-.02-.02-.04-.03-.06h.34c.41-.42.77-.79,1.18-1.2h.25c.57-.57,1.1-1.11,1.66-1.68h.25c.2-.19.37-.33.52-.49.04-.04.09-.16.07-.18-.12-.11-.26-.19-.38-.3-.12-.11-.22-.23-.33-.35-.11-.12-.21-.24-.32-.36-.07-.07-.15-.13-.29-.24h-.25c-.31-.33-.6-.62-.92-.96h-.3c-.15-.17-.26-.3-.41-.48h-.31c-.15-.17-.26-.3-.41-.48h-.28c-.41-.42-.77-.79-1.18-1.2h-.27c-.31-.33-.6-.62-.92-.96h-.29c-.23-.25-.44-.47-.68-.72h-.29c-.14-.17-.26-.31-.4-.48h-.31c-.14-.17-.26-.31-.41-.48h-.28c-.29-.29-.53-.54-.83-.84v-.26c-.26-.24-.47-.44-.71-.67.1-.18-.21-.52.23-.68v-.31c.22-.22.38-.38.59-.59h1.02c.14.16.25.29.4.47h.36c.02.09.04.16.06.24h.35c.23.25.44.46.68.72h.29c.15.17.26.3.42.48h.27c.33.33.61.62.94.96.06,0,.19,0,.3.02.14.16.26.3.4.47h.29c.32.33.61.62.94.96h.28c.14.17.26.31.4.48h.37c0,.36.29.21.41.24.24.26.44.47.68.72h.34c.07.11,0,.36.28.23v.48c.15,0,.29.01.38.02.31.32.59.62.91.95h.28c.23.25.44.47.68.72h.3c.14-.16.26-.3.4-.47h1.33c0-.37.27-.21.47-.25.02-.06.05-.14.07-.22h.58c.19.2.36.37.57.58v.58c-.07.01-.14.03-.2.04-.1.17.13.48-.26.48v.33c-.2.21-.34.36-.49.51-.1.11-.2.23-.31.33-.12.1-.26.18-.39.29-.03.02-.03.12-.01.14.14.12.29.24.46.38v.36c.08.03.16.06.25.08v.65c.08.02.15.04.23.06v.42c-.07.02-.14.05-.23.07v.43h-.38c-.11.12-.17.18-.23.25-.05-.07-.11-.13-.19-.23h-.55c-.15-.17-.26-.3-.41-.48h-.32c-.26-.48-.68-.1-.93-.25-.24.25-.44.46-.68.72-.07,0-.2,0-.37.02v.37c-.13.11-.22.19-.31.27,0,.02.02.04.03.06h-.33c-.66.66-1.26,1.27-1.91,1.92h-.25c-.81.81-1.57,1.58-2.39,2.4h-.35c0,.15-.02.29-.02.39-.11.11-.2.19-.35.33Z\"\/><\/svg><\/span><\/a><\/div><div class=\"standout-hero-rowing-animation\"><img decoding=\"async\" class=\"animation\" src=\"https:\/\/sagnlandet.dk\/fr\/wp-content\/themes\/s-child\/images\/rowing.png\"><\/div><\/div>\t<\/div>\r\n\r\n\r\n\r\n\t\t<\/div>\r\n<\/section>\n\n\r\n\r\n<section class=\"standout-section standout-block standout-columns alignwide\" style=\"--columns: 4; --column-span: 1; --element-alignment: flex-start;\" data-columns=\"4\">\r\n\r\n\t<div class=\"standout-max-container\">\t\r\n\r\n<div class=\"standout-block-inner\">\r\n\t\t\t<div class=\"acf-innerblocks-container\">\n\r\n\r\n<section class=\"standout-block standout-column-element\">\r\n\r\n\t<div class=\"standout-max-container\">\t\r\n\r\n<div class=\"standout-block-inner\">\r\n\t\t\r\n\t\t\t<div class=\"acf-innerblocks-container\">\n\n<h5 class=\"wp-block-heading\"><strong>J&#8217;ESSAIE,<\/strong><\/h5>\n\n\n\n<h5 class=\"wp-block-heading\"><strong>ET JE COMPRENDS<\/strong><\/h5>\n\n<\/div>\r\n\t<\/div>\r\n\r\n\r\n\r\n\t\t<\/div>\r\n<\/section>\n\n\r\n\r\n<section class=\"standout-block standout-column-element\" style=\"--column-span: 3;\" data-grid-span=\"3\">\r\n\r\n\t<div class=\"standout-max-container\">\t\r\n\r\n<div class=\"standout-block-inner\">\r\n\t\t\r\n\t\t\t<div class=\"acf-innerblocks-container\">\n\n<h3 class=\"wp-block-heading\">MISSION<\/h3>\n\n\n\n<p>La mission du Lejre Land of Legends est de cr\u00e9er et de communiquer des connaissances et de l&#8217;\u00e9merveillement sur les modes de vie pass\u00e9s gr\u00e2ce \u00e0 la recherche arch\u00e9ologique exp\u00e9rimentale, \u00e0 l&#8217;animation et \u00e0 l&#8217;\u00e9ducation bas\u00e9es sur la participation active. La participation active est la pierre angulaire du travail de Land of Legends et se refl\u00e8te dans notre mission. Elle s&#8217;inspire d&#8217;un vieux proverbe chinois :<\/p>\n\n\n\n<p><em>J&#8217;entends et j&#8217;oublie.<\/em><br><em>Je vois et je me souviens.<\/em><br><em>J&#8217;essaie et je comprends.<\/em><\/p>\n\n<\/div>\r\n\t<\/div>\r\n\r\n\r\n\r\n\t\t<\/div>\r\n<\/section>\n<\/div>\r\n\t<\/div>\r\n\r\n\r\n\r\n\t\t<\/div>\r\n<\/section>\n\n\r\n\r\n<section class=\"standout-section standout-block standout-basic alignwide\">\r\n\r\n\t<div class=\"standout-max-container\">\t\r\n\r\n<div class=\"standout-block-inner\">\r\n\t\r\n\t\t\t\t\t\t<div class=\"acf-innerblocks-container\">\n\n<hr class=\"wp-block-separator has-alpha-channel-opacity\"\/>\n\n<\/div>\r\n\t\t\t\r\n\t<\/div>\r\n\r\n\r\n\r\n\t\t<\/div>\r\n<\/section>\n\n\r\n\r\n<section class=\"standout-section standout-block standout-columns alignwide\" style=\"--columns: 4; --column-span: 1; --element-alignment: flex-start;\" data-columns=\"4\">\r\n\r\n\t<div class=\"standout-max-container\">\t\r\n\r\n<div class=\"standout-block-inner\">\r\n\t\t\t<div class=\"acf-innerblocks-container\">\n\r\n\r\n<section class=\"standout-block standout-column-element\">\r\n\r\n\t<div class=\"standout-max-container\">\t\r\n\r\n<div class=\"standout-block-inner\">\r\n\t\t\r\n\t\t\t<div class=\"acf-innerblocks-container\">\n\n<h5 class=\"wp-block-heading\"><strong>UN PASS\u00c9<\/strong><\/h5>\n\n\n\n<h5 class=\"wp-block-heading\"><strong>DANS UN PR\u00c9SENT<\/strong><\/h5>\n\n\n\n<h5 class=\"wp-block-heading\"><strong>AVEC UN FUTUR<\/strong><\/h5>\n\n<\/div>\r\n\t<\/div>\r\n\r\n\r\n\r\n\t\t<\/div>\r\n<\/section>\n\n\r\n\r\n<section class=\"standout-block standout-column-element\" style=\"--column-span: 3;\" data-grid-span=\"3\">\r\n\r\n\t<div class=\"standout-max-container\">\t\r\n\r\n<div class=\"standout-block-inner\">\r\n\t\t\r\n\t\t\t<div class=\"acf-innerblocks-container\">\n\n<h3 class=\"wp-block-heading\">VISION D&#8217;AVENIR<\/h3>\n\n\n\n<p>Lejre Land of Legends s&#8217;efforce de montrer que l&#8217;\u00e9clairage historique peut toujours mettre en perspective les questions d&#8217;aujourd&#8217;hui et que nos choix d&#8217;aujourd&#8217;hui ont des cons\u00e9quences pour demain.<\/p>\n\n\n\n<p>Les enfants et les jeunes sont les gardiens culturels et naturels de demain. C&#8217;est pourquoi notre t\u00e2che la plus importante est de donner aux enfants et aux jeunes un aper\u00e7u des liens entre l&#8217;innovation technologique, les changements soci\u00e9taux et l&#8217;\u00e9volution de la vision de l&#8217;homme et de la nature au cours des mill\u00e9naires. Notre point de d\u00e9part est le suivant :<\/p>\n\n\n\n<p><em>L&#8217;ACTION sans ATTITUDE signale l&#8217;indiff\u00e9rence, de m\u00eame que<\/em><br><em>L&#8217;ATTITUDE sans la PERSPECTIVE signale la PR\u00c9JUDICE.<\/em><\/p>\n\n\n\n<p>C&#8217;est pourquoi nous consid\u00e9rons la connaissance historique comme un point de d\u00e9part solide pour les enfants et les jeunes afin de fa\u00e7onner la soci\u00e9t\u00e9 et les valeurs de l&#8217;avenir. C&#8217;est pourquoi la vision de Sagnlandet est la suivante : &#8220;Un pass\u00e9 dans un pr\u00e9sent avec un avenir&#8221;<\/p>\n\n<\/div>\r\n\t<\/div>\r\n\r\n\r\n\r\n\t\t<\/div>\r\n<\/section>\n<\/div>\r\n\t<\/div>\r\n\r\n\r\n\r\n\t\t<\/div>\r\n<\/section>\n\n\r\n\r\n<section class=\"standout-section standout-block standout-basic alignwide\">\r\n\r\n\t<div class=\"standout-max-container\">\t\r\n\r\n<div class=\"standout-block-inner\">\r\n\t\r\n\t\t\t\t\t\t<div class=\"acf-innerblocks-container\">\n\n<hr class=\"wp-block-separator has-alpha-channel-opacity\"\/>\n\n<\/div>\r\n\t\t\t\r\n\t<\/div>\r\n\r\n\r\n\r\n\t\t<\/div>\r\n<\/section>\n\n\r\n\r\n<section class=\"standout-section standout-block standout-columns alignwide\" style=\"--columns: 4; --column-span: 1; --element-alignment: flex-start;\" data-columns=\"4\">\r\n\r\n\t<div class=\"standout-max-container\">\t\r\n\r\n<div class=\"standout-block-inner\">\r\n\t\t\t<div class=\"acf-innerblocks-container\">\n\r\n\r\n<section class=\"standout-block standout-column-element\">\r\n\r\n\t<div class=\"standout-max-container\">\t\r\n\r\n<div class=\"standout-block-inner\">\r\n\t\t\r\n\t\t\t<div class=\"acf-innerblocks-container\">\n\n<h5 class=\"wp-block-heading\"><strong>DIVERSITE<\/strong><\/h5>\n\n\n\n<h5 class=\"wp-block-heading\"><strong>COMPR\u00c9HENSION<\/strong><\/h5>\n\n\n\n<h5 class=\"wp-block-heading\"><strong>RESPONSABILIT\u00c9<\/strong><\/h5>\n\n<\/div>\r\n\t<\/div>\r\n\r\n\r\n\r\n\t\t<\/div>\r\n<\/section>\n\n\r\n\r\n<section class=\"standout-block standout-column-element\" style=\"--column-span: 3;\" data-grid-span=\"3\">\r\n\r\n\t<div class=\"standout-max-container\">\t\r\n\r\n<div class=\"standout-block-inner\">\r\n\t\t\r\n\t\t\t<div class=\"acf-innerblocks-container\">\n\n<h3 class=\"wp-block-heading\">BASE DES VALEURS<\/h3>\n\n\n\n<p>Lejre Land of Legends transmet l&#8217;histoire aux enfants et aux adultes \u00e0 l&#8217;heure de la mondialisation. Chaque jour, la soci\u00e9t\u00e9 devient de plus en plus complexe et multiculturelle. Afin d&#8217;engager un dialogue respectueux dans une telle soci\u00e9t\u00e9, nous consid\u00e9rons qu&#8217;un aper\u00e7u des contextes historiques &#8211; en particulier pour les enfants et les jeunes &#8211; fait partie d&#8217;un projet \u00e9ducatif.<\/p>\n\n\n\n<p>Cela montre que tous les individus sont enracin\u00e9s dans une culture sp\u00e9cifique dont ils sont entour\u00e9s. Nous sommes tous des faiseurs et des cr\u00e9ateurs d&#8217;histoire. Par cons\u00e9quent, nous avons \u00e9galement une responsabilit\u00e9 dans l&#8217;avenir. C&#8217;est pourquoi Lejre Land of Legends fonde ses activit\u00e9s sur un ensemble de valeurs bas\u00e9es sur les mots-cl\u00e9s suivants :<\/p>\n\n\n\n<p><em>DIVERSITE<\/em> &#8211; dans la culture des gens, leur compr\u00e9hension d&#8217;eux-m\u00eames et du monde, \u00e9clair\u00e9e par une perspective historique.<\/p>\n\n\n\n<p><em>COMPR\u00c9HENSION<\/em> &#8211; des liens entre le contexte culturel et les points de vue sur la nature et l&#8217;utilisation des ressources.<\/p>\n\n\n\n<p><em>RESPONSABILIT\u00c9<\/em> &#8211; pour la gestion durable du patrimoine culturel et naturel.<\/p>\n\n<\/div>\r\n\t<\/div>\r\n\r\n\r\n\r\n\t\t<\/div>\r\n<\/section>\n<\/div>\r\n\t<\/div>\r\n\r\n\r\n\r\n\t\t<\/div>\r\n<\/section>","protected":false},"excerpt":{"rendered":"","protected":false},"author":3,"featured_media":71057,"parent":0,"menu_order":0,"comment_status":"open","ping_status":"open","template":"","meta":{"_acf_changed":false,"footnotes":""},"class_list":["post-70183","page","type-page","status-publish","has-post-thumbnail","hentry"],"acf":[],"yoast_head":"<!-- This site is optimized with the Yoast SEO plugin v23.5 - https:\/\/yoast.com\/wordpress\/plugins\/seo\/ -->\n<title>Vision et mission - Sagnlandet Lejre<\/title>\n<meta name=\"robots\" content=\"index, follow, max-snippet:-1, max-image-preview:large, max-video-preview:-1\" \/>\n<link rel=\"canonical\" href=\"https:\/\/sagnlandet.dk\/fr\/vision-and-mission\/\" \/>\n<meta property=\"og:locale\" content=\"fr_FR\" \/>\n<meta property=\"og:type\" content=\"article\" \/>\n<meta property=\"og:title\" content=\"Vision et mission - Sagnlandet Lejre\" \/>\n<meta property=\"og:url\" content=\"https:\/\/sagnlandet.dk\/fr\/vision-and-mission\/\" \/>\n<meta property=\"og:site_name\" content=\"Sagnlandet Lejre\" \/>\n<meta property=\"article:modified_time\" content=\"2025-02-24T06:24:11+00:00\" \/>\n<meta property=\"og:image\" content=\"https:\/\/sagnlandet.dk\/fr\/wp-content\/uploads\/sites\/12\/2025\/02\/jernalder-17-1.jpg\" \/>\n\t<meta property=\"og:image:width\" content=\"2500\" \/>\n\t<meta property=\"og:image:height\" content=\"1667\" \/>\n\t<meta property=\"og:image:type\" content=\"image\/jpeg\" \/>\n<meta name=\"twitter:card\" content=\"summary_large_image\" \/>\n<meta name=\"twitter:label1\" content=\"Dur\u00e9e de lecture estim\u00e9e\" \/>\n\t<meta name=\"twitter:data1\" content=\"3 minutes\" \/>\n<!-- \/ Yoast SEO plugin. -->","yoast_head_json":{"title":"Vision et mission - Sagnlandet Lejre","robots":{"index":"index","follow":"follow","max-snippet":"max-snippet:-1","max-image-preview":"max-image-preview:large","max-video-preview":"max-video-preview:-1"},"canonical":"https:\/\/sagnlandet.dk\/fr\/vision-and-mission\/","og_locale":"fr_FR","og_type":"article","og_title":"Vision et mission - Sagnlandet Lejre","og_url":"https:\/\/sagnlandet.dk\/fr\/vision-and-mission\/","og_site_name":"Sagnlandet Lejre","article_modified_time":"2025-02-24T06:24:11+00:00","og_image":[{"width":2500,"height":1667,"url":"https:\/\/sagnlandet.dk\/fr\/wp-content\/uploads\/sites\/12\/2025\/02\/jernalder-17-1.jpg","type":"image\/jpeg"}],"twitter_card":"summary_large_image","twitter_misc":{"Dur\u00e9e de lecture estim\u00e9e":"3 minutes"},"schema":{"@context":"https:\/\/schema.org","@graph":[{"@type":"WebPage","@id":"https:\/\/sagnlandet.dk\/fr\/vision-and-mission\/","url":"https:\/\/sagnlandet.dk\/fr\/vision-and-mission\/","name":"Vision et mission - Sagnlandet Lejre","isPartOf":{"@id":"https:\/\/sagnlandet.dk\/fr\/#website"},"primaryImageOfPage":{"@id":"https:\/\/sagnlandet.dk\/fr\/vision-and-mission\/#primaryimage"},"image":{"@id":"https:\/\/sagnlandet.dk\/fr\/vision-and-mission\/#primaryimage"},"thumbnailUrl":"https:\/\/sagnlandet.dk\/fr\/wp-content\/uploads\/sites\/12\/2025\/02\/jernalder-17-1-1.jpg","datePublished":"2024-11-11T09:43:14+00:00","dateModified":"2025-02-24T06:24:11+00:00","breadcrumb":{"@id":"https:\/\/sagnlandet.dk\/fr\/vision-and-mission\/#breadcrumb"},"inLanguage":"fr-FR","potentialAction":[{"@type":"ReadAction","target":["https:\/\/sagnlandet.dk\/fr\/vision-and-mission\/"]}]},{"@type":"ImageObject","inLanguage":"fr-FR","@id":"https:\/\/sagnlandet.dk\/fr\/vision-and-mission\/#primaryimage","url":"https:\/\/sagnlandet.dk\/fr\/wp-content\/uploads\/sites\/12\/2025\/02\/jernalder-17-1-1.jpg","contentUrl":"https:\/\/sagnlandet.dk\/fr\/wp-content\/uploads\/sites\/12\/2025\/02\/jernalder-17-1-1.jpg","width":2500,"height":1667},{"@type":"BreadcrumbList","@id":"https:\/\/sagnlandet.dk\/fr\/vision-and-mission\/#breadcrumb","itemListElement":[{"@type":"ListItem","position":1,"name":"Hjem","item":"https:\/\/sagnlandet.dk\/fr\/"},{"@type":"ListItem","position":2,"name":"Vision and Mission"}]},{"@type":"WebSite","@id":"https:\/\/sagnlandet.dk\/fr\/#website","url":"https:\/\/sagnlandet.dk\/fr\/","name":"Sagnlandet Lejre","description":"","publisher":{"@id":"https:\/\/sagnlandet.dk\/fr\/#organization"},"potentialAction":[{"@type":"SearchAction","target":{"@type":"EntryPoint","urlTemplate":"https:\/\/sagnlandet.dk\/fr\/?s={search_term_string}"},"query-input":{"@type":"PropertyValueSpecification","valueRequired":true,"valueName":"search_term_string"}}],"inLanguage":"fr-FR"},{"@type":"Organization","@id":"https:\/\/sagnlandet.dk\/fr\/#organization","name":"Sagnlandet Lejre","url":"https:\/\/sagnlandet.dk\/fr\/","logo":{"@type":"ImageObject","inLanguage":"fr-FR","@id":"https:\/\/sagnlandet.dk\/fr\/#\/schema\/logo\/image\/","url":"https:\/\/sagnlandet.dk\/fr\/wp-content\/uploads\/sites\/12\/1738\/65\/logo.png","contentUrl":"https:\/\/sagnlandet.dk\/fr\/wp-content\/uploads\/sites\/12\/1738\/65\/logo.png","width":398,"height":143,"caption":"Sagnlandet Lejre"},"image":{"@id":"https:\/\/sagnlandet.dk\/fr\/#\/schema\/logo\/image\/"}}]}},"_links":{"self":[{"href":"https:\/\/sagnlandet.dk\/fr\/wp-json\/wp\/v2\/pages\/70183"}],"collection":[{"href":"https:\/\/sagnlandet.dk\/fr\/wp-json\/wp\/v2\/pages"}],"about":[{"href":"https:\/\/sagnlandet.dk\/fr\/wp-json\/wp\/v2\/types\/page"}],"author":[{"embeddable":true,"href":"https:\/\/sagnlandet.dk\/fr\/wp-json\/wp\/v2\/users\/3"}],"replies":[{"embeddable":true,"href":"https:\/\/sagnlandet.dk\/fr\/wp-json\/wp\/v2\/comments?post=70183"}],"version-history":[{"count":1,"href":"https:\/\/sagnlandet.dk\/fr\/wp-json\/wp\/v2\/pages\/70183\/revisions"}],"predecessor-version":[{"id":70629,"href":"https:\/\/sagnlandet.dk\/fr\/wp-json\/wp\/v2\/pages\/70183\/revisions\/70629"}],"wp:featuredmedia":[{"embeddable":true,"href":"https:\/\/sagnlandet.dk\/fr\/wp-json\/wp\/v2\/media\/71057"}],"wp:attachment":[{"href":"https:\/\/sagnlandet.dk\/fr\/wp-json\/wp\/v2\/media?parent=70183"}],"curies":[{"name":"wp","href":"https:\/\/api.w.org\/{rel}","templated":true}]}}