{"id":70134,"date":"2024-11-11T09:22:26","date_gmt":"2024-11-11T08:22:26","guid":{"rendered":"https:\/\/sagnlandet.dk\/refund-and-returns-policy\/"},"modified":"2025-02-24T07:24:21","modified_gmt":"2025-02-24T06:24:21","slug":"politique-de-remboursement-et-de-retour","status":"publish","type":"page","link":"https:\/\/sagnlandet.dk\/fr\/politique-de-remboursement-et-de-retour\/","title":{"rendered":"Politique de remboursement et de retour"},"content":{"rendered":"\r\n\r\n<section class=\"standout-section standout-block standout-basic alignfull rounded-bg wp-elements-122dd93c3a65c2dbdeec0e18441bb9d0 hero-section side-spacing has-bg has-bg-img bg-size-cover bg-align-horizontal-center bg-align-vertical-center has-text-color\" style=\"color: #ffffff;\">\r\n\r\n\t<div class=\"standout-max-container\">\t\r\n\r\n<div class=\"standout-block-inner\">\r\n\t\t\t\r\n\t<div class=\"standout-block-background-deco\" style=\"--bg-align-vertical: center; --bg-align-horizontal: center; --bg-object-position: center center\">\r\n\t\t<img loading=\"lazy\" decoding=\"async\" width=\"1320\" height=\"550\" src=\"https:\/\/sagnlandet.dk\/fr\/wp-content\/uploads\/sites\/12\/2025\/02\/robaad-og-baaldal-27-juni-2019-44-copy-1320x550-1.jpg\" class=\"standout-block-background-deco-element\" alt=\"\" srcset=\"https:\/\/sagnlandet.dk\/fr\/wp-content\/uploads\/sites\/12\/2025\/02\/robaad-og-baaldal-27-juni-2019-44-copy-1320x550-1.jpg 1320w, https:\/\/sagnlandet.dk\/fr\/wp-content\/uploads\/sites\/12\/2025\/02\/robaad-og-baaldal-27-juni-2019-44-copy-1320x550-1-600x250.jpg 600w, https:\/\/sagnlandet.dk\/fr\/wp-content\/uploads\/sites\/12\/2025\/02\/robaad-og-baaldal-27-juni-2019-44-copy-1320x550-1-240x100.jpg 240w, https:\/\/sagnlandet.dk\/fr\/wp-content\/uploads\/sites\/12\/2025\/02\/robaad-og-baaldal-27-juni-2019-44-copy-1320x550-1-1200x500.jpg 1200w\" sizes=\"(max-width: 1320px) 100vw, 1320px\" \/>\t<\/div>\r\n\r\n\t\t\r\n\t\t\t\t\t\t<div class=\"acf-innerblocks-container\">\n\n<h1 class=\"wp-block-heading\">Politique de remboursement et de retour<\/h1>\n\n\n\n<p class=\"has-h-6-font-size\">En savoir plus sur la politique de retour de Lejre Land of Legends<\/p>\n\n<\/div>\r\n\t\t\t\r\n\t\t\t<div class=\"standout-hero-information\"><div class=\"standout-hero-information-inner\">Voir le programme de la journ\u00e9e <a href=\"https:\/\/sagnlandet.dk\/fr\/programme-de-jour\/\">ici <span height=\"1em\" class=\"standout-custom-svg custom-svg\"><?xml version=\"1.0\" encoding=\"UTF-8\"?><svg height=\"1em\" id=\"a\" xmlns=\"http:\/\/www.w3.org\/2000\/svg\" viewBox=\"0 0 16.28 22.02\"><path d=\"M5.4,18.67h-.24c-.77.76-1.5,1.5-2.28,2.28v.35h-.36c-.24.26-.45.47-.68.71H.74c0-.15-.01-.28-.02-.37-.24-.23-.45-.43-.7-.66v-.34c.08-.05.15-.1.23-.15-.06-.05-.14-.09-.19-.15-.03-.04-.06-.13-.04-.15.13-.13.28-.24.46-.39,0-.08,0-.22.01-.29.52-.52,1.01-1,1.49-1.49-.01-.02-.02-.03-.04-.05.14,0,.27-.01.35-.02.32-.33.61-.62.94-.95h.35c0-.15.02-.3.02-.37.2-.2.37-.37.58-.58h.26c.48-.49.93-.94,1.42-1.44h.35v-.38c.13-.11.22-.2.31-.28,0-.02-.02-.04-.03-.06h.34c.41-.42.77-.79,1.18-1.2h.25c.57-.57,1.1-1.11,1.66-1.68h.25c.2-.19.37-.33.52-.49.04-.04.09-.16.07-.18-.12-.11-.26-.19-.38-.3-.12-.11-.22-.23-.33-.35-.11-.12-.21-.24-.32-.36-.07-.07-.15-.13-.29-.24h-.25c-.31-.33-.6-.62-.92-.96h-.3c-.15-.17-.26-.3-.41-.48h-.31c-.15-.17-.26-.3-.41-.48h-.28c-.41-.42-.77-.79-1.18-1.2h-.27c-.31-.33-.6-.62-.92-.96h-.29c-.23-.25-.44-.47-.68-.72h-.29c-.14-.17-.26-.31-.4-.48h-.31c-.14-.17-.26-.31-.41-.48h-.28c-.29-.29-.53-.54-.83-.84v-.26c-.26-.24-.47-.44-.71-.67.1-.18-.21-.52.23-.68v-.31c.22-.22.38-.38.59-.59h1.02c.14.16.25.29.4.47h.36c.02.09.04.16.06.24h.35c.23.25.44.46.68.72h.29c.15.17.26.3.42.48h.27c.33.33.61.62.94.96.06,0,.19,0,.3.02.14.16.26.3.4.47h.29c.32.33.61.62.94.96h.28c.14.17.26.31.4.48h.37c0,.36.29.21.41.24.24.26.44.47.68.72h.34c.07.11,0,.36.28.23v.48c.15,0,.29.01.38.02.31.32.59.62.91.95h.28c.23.25.44.47.68.72h.3c.14-.16.26-.3.4-.47h1.33c0-.37.27-.21.47-.25.02-.06.05-.14.07-.22h.58c.19.2.36.37.57.58v.58c-.07.01-.14.03-.2.04-.1.17.13.48-.26.48v.33c-.2.21-.34.36-.49.51-.1.11-.2.23-.31.33-.12.1-.26.18-.39.29-.03.02-.03.12-.01.14.14.12.29.24.46.38v.36c.08.03.16.06.25.08v.65c.08.02.15.04.23.06v.42c-.07.02-.14.05-.23.07v.43h-.38c-.11.12-.17.18-.23.25-.05-.07-.11-.13-.19-.23h-.55c-.15-.17-.26-.3-.41-.48h-.32c-.26-.48-.68-.1-.93-.25-.24.25-.44.46-.68.72-.07,0-.2,0-.37.02v.37c-.13.11-.22.19-.31.27,0,.02.02.04.03.06h-.33c-.66.66-1.26,1.27-1.91,1.92h-.25c-.81.81-1.57,1.58-2.39,2.4h-.35c0,.15-.02.29-.02.39-.11.11-.2.19-.35.33Z\"\/><\/svg><\/span><\/a><\/div><div class=\"standout-hero-rowing-animation\"><img decoding=\"async\" class=\"animation\" src=\"https:\/\/sagnlandet.dk\/fr\/wp-content\/themes\/s-child\/images\/rowing.png\"><\/div><\/div>\t<\/div>\r\n\r\n\r\n\r\n\t\t<\/div>\r\n<\/section>\n\n\n<h3 class=\"wp-block-heading\">Aper\u00e7u de la politique<\/h3>\n\n\n\n<p>Notre politique de remboursement et de retour dure 30 jours. Si 30 jours se sont \u00e9coul\u00e9s depuis votre achat, nous ne pouvons pas vous offrir un remboursement complet ou un \u00e9change.<\/p>\n\n\n\n<p>Pour pouvoir \u00eatre retourn\u00e9, votre article doit \u00eatre inutilis\u00e9 et dans le m\u00eame \u00e9tat que celui dans lequel vous l&#8217;avez re\u00e7u. Il doit \u00e9galement \u00eatre dans son emballage d&#8217;origine.<\/p>\n\n\n\n<p>Certains types de marchandises ne peuvent pas \u00eatre retourn\u00e9s. Les produits p\u00e9rissables tels que la nourriture, les fleurs, les journaux ou les magazines ne peuvent pas \u00eatre retourn\u00e9s. Nous n&#8217;acceptons pas non plus les produits intimes ou sanitaires, les mati\u00e8res dangereuses, les liquides ou les gaz inflammables.<\/p>\n\n\n\n<p>Autres articles non retournables :<\/p>\n\n\n\n<ul class=\"wp-block-list\">\n<li>Cartes-cadeaux<\/li>\n\n\n\n<li>Logiciels t\u00e9l\u00e9chargeables<\/li>\n\n\n\n<li>Certains articles de sant\u00e9 et de soins personnels<\/li>\n<\/ul>\n\n\n\n<p>Pour compl\u00e9ter votre retour, nous avons besoin d&#8217;un re\u00e7u ou d&#8217;une preuve d&#8217;achat.<\/p>\n\n\n\n<p>Ne renvoyez pas votre achat au fabricant.<\/p>\n\n\n\n<p>Dans certaines situations, seuls des remboursements partiels sont accord\u00e9s :<\/p>\n\n\n\n<ul class=\"wp-block-list\">\n<li>Livre pr\u00e9sentant des signes \u00e9vidents d&#8217;utilisation<\/li>\n\n\n\n<li>CD, DVD, cassette VHS, logiciel, jeu vid\u00e9o, cassette ou disque vinyle ouvert.<\/li>\n\n\n\n<li>Tout article qui n&#8217;est pas dans son \u00e9tat d&#8217;origine, qui est endommag\u00e9 ou auquel il manque des pi\u00e8ces pour des raisons qui ne sont pas dues \u00e0 une erreur de notre part.<\/li>\n\n\n\n<li>Tout article retourn\u00e9 plus de 30 jours apr\u00e8s la livraison<\/li>\n<\/ul>\n\n\n\n<h2 class=\"wp-block-heading\">Remboursement<\/h2>\n\n\n\n<p>Une fois votre retour re\u00e7u et inspect\u00e9, nous vous enverrons un courrier \u00e9lectronique pour vous informer que nous avons re\u00e7u votre article retourn\u00e9. Nous vous informerons \u00e9galement de l&#8217;approbation ou du rejet de votre remboursement.<\/p>\n\n\n\n<p>Si votre demande est accept\u00e9e, votre remboursement sera trait\u00e9 et un cr\u00e9dit sera automatiquement appliqu\u00e9 \u00e0 votre carte de cr\u00e9dit ou \u00e0 votre mode de paiement initial, dans un d\u00e9lai de quelques jours<strong>.Remboursements tardifs ou manquants<\/strong><\/p>\n\n\n\n<p>Si vous n&#8217;avez pas encore re\u00e7u de remboursement, v\u00e9rifiez d&#8217;abord votre compte bancaire.<\/p>\n\n\n\n<p>Contactez ensuite la soci\u00e9t\u00e9 \u00e9mettrice de votre carte de cr\u00e9dit, car il peut s&#8217;\u00e9couler un certain temps avant que votre remboursement ne soit officiellement comptabilis\u00e9.<\/p>\n\n\n\n<p>Contactez ensuite votre banque. Il y a souvent un d\u00e9lai de traitement avant que le remboursement ne soit comptabilis\u00e9.<\/p>\n\n\n\n<p>Si vous avez fait tout cela et que vous n&#8217;avez toujours pas re\u00e7u votre remboursement, veuillez nous contacter \u00e0 {adresse \u00e9lectronique}<strong>.Articles sold\u00e9s<\/strong><\/p>\n\n\n\n<p>Seuls les articles \u00e0 prix normal peuvent \u00eatre rembours\u00e9s. Les articles sold\u00e9s ne peuvent pas \u00eatre rembours\u00e9s.<\/p>\n\n\n\n<h2 class=\"wp-block-heading\">\u00c9change<\/h2>\n\n\n\n<p>Nous ne rempla\u00e7ons les articles que s&#8217;ils sont d\u00e9fectueux ou endommag\u00e9s. Si vous souhaitez l&#8217;\u00e9changer contre le m\u00eame article, envoyez-nous un e-mail \u00e0 {adresse e-mail} et envoyez votre article \u00e0 {adresse physique} : {adresse physique}.<\/p>\n\n\n\n<h2 class=\"wp-block-heading\">Cadeaux<\/h2>\n\n\n\n<p>Si l&#8217;article a \u00e9t\u00e9 marqu\u00e9 comme cadeau lors de l&#8217;achat et qu&#8217;il vous a \u00e9t\u00e9 exp\u00e9di\u00e9 directement, vous recevrez un cr\u00e9dit cadeau correspondant \u00e0 la valeur de votre retour. D\u00e8s r\u00e9ception de l&#8217;article retourn\u00e9, un bon d&#8217;achat vous sera envoy\u00e9 par courrier.<\/p>\n\n\n\n<p>Si l&#8217;article n&#8217;\u00e9tait pas indiqu\u00e9 comme cadeau au moment de l&#8217;achat, ou si le destinataire du cadeau s&#8217;est fait exp\u00e9dier la commande pour vous l&#8217;offrir plus tard, nous enverrons un remboursement au destinataire du cadeau, qui sera inform\u00e9 de votre retour.<\/p>\n\n\n\n<h2 class=\"wp-block-heading\">Exp\u00e9dition des retours<\/h2>\n\n\n\n<p>Pour retourner votre produit, vous devez l&#8217;envoyer \u00e0 l&#8217;adresse suivante : {adresse physique} : {adresse physique}.<\/p>\n\n\n\n<p>Il vous incombe de payer vos propres frais d&#8217;exp\u00e9dition pour le retour de votre article. Les frais d&#8217;exp\u00e9dition ne sont pas remboursables. Si vous recevez un remboursement, les frais de retour seront d\u00e9duits de votre remboursement.<\/p>\n\n\n\n<p>Le d\u00e9lai d&#8217;acheminement du produit \u00e9chang\u00e9 peut varier en fonction de votre lieu de r\u00e9sidence.<\/p>\n\n\n\n<p>Si vous retournez des articles plus co\u00fbteux, vous pouvez envisager d&#8217;utiliser un service d&#8217;exp\u00e9dition avec suivi ou de souscrire une assurance d&#8217;exp\u00e9dition. Nous ne garantissons pas que nous recevrons l&#8217;article retourn\u00e9.<\/p>\n\n\n\n<h2 class=\"wp-block-heading\">Vous avez besoin d&#8217;aide ?<\/h2>\n\n\n\n<p>Contactez-nous \u00e0 {email} pour toute question relative aux remboursements et aux retours.<\/p>\n","protected":false},"excerpt":{"rendered":"<p>Aper\u00e7u de la politique Notre politique de remboursement et de retour dure 30 jours. Si 30 jours se sont \u00e9coul\u00e9s depuis votre achat, nous ne pouvons pas vous offrir un remboursement complet ou un \u00e9change. Pour pouvoir \u00eatre retourn\u00e9, votre article doit \u00eatre inutilis\u00e9 et dans le m\u00eame \u00e9tat que celui dans lequel vous l&#8217;avez [&hellip;]<\/p>\n","protected":false},"author":3,"featured_media":71060,"parent":0,"menu_order":0,"comment_status":"open","ping_status":"open","template":"","meta":{"_acf_changed":false,"footnotes":""},"class_list":["post-70134","page","type-page","status-publish","has-post-thumbnail","hentry"],"acf":[],"yoast_head":"<!-- This site is optimized with the Yoast SEO plugin v23.5 - https:\/\/yoast.com\/wordpress\/plugins\/seo\/ -->\n<title>Politique de remboursement et de retour - Sagnlandet Lejre<\/title>\n<meta name=\"robots\" content=\"index, follow, max-snippet:-1, max-image-preview:large, max-video-preview:-1\" \/>\n<link rel=\"canonical\" href=\"https:\/\/sagnlandet.dk\/fr\/refund-and-returns-policy\/\" \/>\n<meta property=\"og:locale\" content=\"fr_FR\" \/>\n<meta property=\"og:type\" content=\"article\" \/>\n<meta property=\"og:title\" content=\"Politique de remboursement et de retour - Sagnlandet Lejre\" \/>\n<meta property=\"og:description\" content=\"Aper\u00e7u de la politique Notre politique de remboursement et de retour dure 30 jours. Si 30 jours se sont \u00e9coul\u00e9s depuis votre achat, nous ne pouvons pas vous offrir un remboursement complet ou un \u00e9change. Pour pouvoir \u00eatre retourn\u00e9, votre article doit \u00eatre inutilis\u00e9 et dans le m\u00eame \u00e9tat que celui dans lequel vous l&#8217;avez [&hellip;]\" \/>\n<meta property=\"og:url\" content=\"https:\/\/sagnlandet.dk\/fr\/refund-and-returns-policy\/\" \/>\n<meta property=\"og:site_name\" content=\"Sagnlandet Lejre\" \/>\n<meta property=\"article:modified_time\" content=\"2025-02-24T06:24:21+00:00\" \/>\n<meta property=\"og:image\" content=\"https:\/\/sagnlandet.dk\/fr\/wp-content\/uploads\/sites\/12\/2025\/02\/familie-2017-140-1920x1280-1-1.jpg\" \/>\n\t<meta property=\"og:image:width\" content=\"1920\" \/>\n\t<meta property=\"og:image:height\" content=\"1280\" \/>\n\t<meta property=\"og:image:type\" content=\"image\/jpeg\" \/>\n<meta name=\"twitter:card\" content=\"summary_large_image\" \/>\n<meta name=\"twitter:label1\" content=\"Dur\u00e9e de lecture estim\u00e9e\" \/>\n\t<meta name=\"twitter:data1\" content=\"4 minutes\" \/>\n<!-- \/ Yoast SEO plugin. -->","yoast_head_json":{"title":"Politique de remboursement et de retour - Sagnlandet Lejre","robots":{"index":"index","follow":"follow","max-snippet":"max-snippet:-1","max-image-preview":"max-image-preview:large","max-video-preview":"max-video-preview:-1"},"canonical":"https:\/\/sagnlandet.dk\/fr\/refund-and-returns-policy\/","og_locale":"fr_FR","og_type":"article","og_title":"Politique de remboursement et de retour - Sagnlandet Lejre","og_description":"Aper\u00e7u de la politique Notre politique de remboursement et de retour dure 30 jours. Si 30 jours se sont \u00e9coul\u00e9s depuis votre achat, nous ne pouvons pas vous offrir un remboursement complet ou un \u00e9change. Pour pouvoir \u00eatre retourn\u00e9, votre article doit \u00eatre inutilis\u00e9 et dans le m\u00eame \u00e9tat que celui dans lequel vous l&#8217;avez [&hellip;]","og_url":"https:\/\/sagnlandet.dk\/fr\/refund-and-returns-policy\/","og_site_name":"Sagnlandet Lejre","article_modified_time":"2025-02-24T06:24:21+00:00","og_image":[{"width":1920,"height":1280,"url":"https:\/\/sagnlandet.dk\/fr\/wp-content\/uploads\/sites\/12\/2025\/02\/familie-2017-140-1920x1280-1-1.jpg","type":"image\/jpeg"}],"twitter_card":"summary_large_image","twitter_misc":{"Dur\u00e9e de lecture estim\u00e9e":"4 minutes"},"schema":{"@context":"https:\/\/schema.org","@graph":[{"@type":"WebPage","@id":"https:\/\/sagnlandet.dk\/fr\/refund-and-returns-policy\/","url":"https:\/\/sagnlandet.dk\/fr\/refund-and-returns-policy\/","name":"Politique de remboursement et de retour - Sagnlandet Lejre","isPartOf":{"@id":"https:\/\/sagnlandet.dk\/fr\/#website"},"primaryImageOfPage":{"@id":"https:\/\/sagnlandet.dk\/fr\/refund-and-returns-policy\/#primaryimage"},"image":{"@id":"https:\/\/sagnlandet.dk\/fr\/refund-and-returns-policy\/#primaryimage"},"thumbnailUrl":"https:\/\/sagnlandet.dk\/fr\/wp-content\/uploads\/sites\/12\/2025\/02\/familie-2017-140-1920x1280-1-1-1.jpg","datePublished":"2024-11-11T08:22:26+00:00","dateModified":"2025-02-24T06:24:21+00:00","breadcrumb":{"@id":"https:\/\/sagnlandet.dk\/fr\/refund-and-returns-policy\/#breadcrumb"},"inLanguage":"fr-FR","potentialAction":[{"@type":"ReadAction","target":["https:\/\/sagnlandet.dk\/fr\/refund-and-returns-policy\/"]}]},{"@type":"ImageObject","inLanguage":"fr-FR","@id":"https:\/\/sagnlandet.dk\/fr\/refund-and-returns-policy\/#primaryimage","url":"https:\/\/sagnlandet.dk\/fr\/wp-content\/uploads\/sites\/12\/2025\/02\/familie-2017-140-1920x1280-1-1-1.jpg","contentUrl":"https:\/\/sagnlandet.dk\/fr\/wp-content\/uploads\/sites\/12\/2025\/02\/familie-2017-140-1920x1280-1-1-1.jpg","width":1920,"height":1280},{"@type":"BreadcrumbList","@id":"https:\/\/sagnlandet.dk\/fr\/refund-and-returns-policy\/#breadcrumb","itemListElement":[{"@type":"ListItem","position":1,"name":"Hjem","item":"https:\/\/sagnlandet.dk\/fr\/"},{"@type":"ListItem","position":2,"name":"Refund and Returns Policy"}]},{"@type":"WebSite","@id":"https:\/\/sagnlandet.dk\/fr\/#website","url":"https:\/\/sagnlandet.dk\/fr\/","name":"Sagnlandet Lejre","description":"","publisher":{"@id":"https:\/\/sagnlandet.dk\/fr\/#organization"},"potentialAction":[{"@type":"SearchAction","target":{"@type":"EntryPoint","urlTemplate":"https:\/\/sagnlandet.dk\/fr\/?s={search_term_string}"},"query-input":{"@type":"PropertyValueSpecification","valueRequired":true,"valueName":"search_term_string"}}],"inLanguage":"fr-FR"},{"@type":"Organization","@id":"https:\/\/sagnlandet.dk\/fr\/#organization","name":"Sagnlandet Lejre","url":"https:\/\/sagnlandet.dk\/fr\/","logo":{"@type":"ImageObject","inLanguage":"fr-FR","@id":"https:\/\/sagnlandet.dk\/fr\/#\/schema\/logo\/image\/","url":"https:\/\/sagnlandet.dk\/fr\/wp-content\/uploads\/sites\/12\/1738\/65\/logo.png","contentUrl":"https:\/\/sagnlandet.dk\/fr\/wp-content\/uploads\/sites\/12\/1738\/65\/logo.png","width":398,"height":143,"caption":"Sagnlandet Lejre"},"image":{"@id":"https:\/\/sagnlandet.dk\/fr\/#\/schema\/logo\/image\/"}}]}},"_links":{"self":[{"href":"https:\/\/sagnlandet.dk\/fr\/wp-json\/wp\/v2\/pages\/70134"}],"collection":[{"href":"https:\/\/sagnlandet.dk\/fr\/wp-json\/wp\/v2\/pages"}],"about":[{"href":"https:\/\/sagnlandet.dk\/fr\/wp-json\/wp\/v2\/types\/page"}],"author":[{"embeddable":true,"href":"https:\/\/sagnlandet.dk\/fr\/wp-json\/wp\/v2\/users\/3"}],"replies":[{"embeddable":true,"href":"https:\/\/sagnlandet.dk\/fr\/wp-json\/wp\/v2\/comments?post=70134"}],"version-history":[{"count":1,"href":"https:\/\/sagnlandet.dk\/fr\/wp-json\/wp\/v2\/pages\/70134\/revisions"}],"predecessor-version":[{"id":70600,"href":"https:\/\/sagnlandet.dk\/fr\/wp-json\/wp\/v2\/pages\/70134\/revisions\/70600"}],"wp:featuredmedia":[{"embeddable":true,"href":"https:\/\/sagnlandet.dk\/fr\/wp-json\/wp\/v2\/media\/71060"}],"wp:attachment":[{"href":"https:\/\/sagnlandet.dk\/fr\/wp-json\/wp\/v2\/media?parent=70134"}],"curies":[{"name":"wp","href":"https:\/\/api.w.org\/{rel}","templated":true}]}}