{"id":70131,"date":"2024-10-15T10:10:10","date_gmt":"2024-10-15T08:10:10","guid":{"rendered":"https:\/\/sagnlandet.dk\/baaldalen\/"},"modified":"2025-02-24T07:24:22","modified_gmt":"2025-02-24T06:24:22","slug":"vallee-du-feu-de-joie","status":"publish","type":"page","link":"https:\/\/sagnlandet.dk\/fr\/vallee-du-feu-de-joie\/","title":{"rendered":"Vall\u00e9e du feu de joie"},"content":{"rendered":"\r\n\r\n<section class=\"standout-section standout-block standout-basic alignfull rounded-bg wp-elements-336a522807c9ecdb095a32b4d3c52a2c hero-section side-spacing has-bg has-bg-img bg-size-cover bg-align-horizontal-center bg-align-vertical-center has-text-color\" style=\"color: #ffffff;\">\r\n\r\n\t<div class=\"standout-max-container\">\t\r\n\r\n<div class=\"standout-block-inner\">\r\n\t\t\t\r\n\t<div class=\"standout-block-background-deco\" style=\"--bg-align-vertical: center; --bg-align-horizontal: center; --bg-object-position: center center\">\r\n\t\t<img loading=\"lazy\" decoding=\"async\" width=\"1320\" height=\"550\" src=\"https:\/\/sagnlandet.dk\/fr\/wp-content\/uploads\/sites\/12\/2025\/02\/robaad-og-baaldal-27-juni-2019-44-copy-1320x550-1.jpg\" class=\"standout-block-background-deco-element\" alt=\"\" srcset=\"https:\/\/sagnlandet.dk\/fr\/wp-content\/uploads\/sites\/12\/2025\/02\/robaad-og-baaldal-27-juni-2019-44-copy-1320x550-1.jpg 1320w, https:\/\/sagnlandet.dk\/fr\/wp-content\/uploads\/sites\/12\/2025\/02\/robaad-og-baaldal-27-juni-2019-44-copy-1320x550-1-600x250.jpg 600w, https:\/\/sagnlandet.dk\/fr\/wp-content\/uploads\/sites\/12\/2025\/02\/robaad-og-baaldal-27-juni-2019-44-copy-1320x550-1-240x100.jpg 240w, https:\/\/sagnlandet.dk\/fr\/wp-content\/uploads\/sites\/12\/2025\/02\/robaad-og-baaldal-27-juni-2019-44-copy-1320x550-1-1200x500.jpg 1200w\" sizes=\"(max-width: 1320px) 100vw, 1320px\" \/>\t<\/div>\r\n\r\n\t\t\r\n\t\t\t\t\t\t<div class=\"acf-innerblocks-container\">\n\n<h1 class=\"wp-block-heading\">Explorer la vall\u00e9e du feu de joie<\/h1>\n\n\n\n<p class=\"has-h-6-font-size\">D\u00e9couvrez les activit\u00e9s de la vall\u00e9e du feu de joie dans le Lejre Land of Legends.<\/p>\n\n<\/div>\r\n\t\t\t\r\n\t\t\t<div class=\"standout-hero-information\"><div class=\"standout-hero-information-inner\">Voir le programme de la journ\u00e9e <a href=\"https:\/\/sagnlandet.dk\/fr\/programme-de-jour\/\">ici <span height=\"1em\" class=\"standout-custom-svg custom-svg\"><?xml version=\"1.0\" encoding=\"UTF-8\"?><svg height=\"1em\" id=\"a\" xmlns=\"http:\/\/www.w3.org\/2000\/svg\" viewBox=\"0 0 16.28 22.02\"><path d=\"M5.4,18.67h-.24c-.77.76-1.5,1.5-2.28,2.28v.35h-.36c-.24.26-.45.47-.68.71H.74c0-.15-.01-.28-.02-.37-.24-.23-.45-.43-.7-.66v-.34c.08-.05.15-.1.23-.15-.06-.05-.14-.09-.19-.15-.03-.04-.06-.13-.04-.15.13-.13.28-.24.46-.39,0-.08,0-.22.01-.29.52-.52,1.01-1,1.49-1.49-.01-.02-.02-.03-.04-.05.14,0,.27-.01.35-.02.32-.33.61-.62.94-.95h.35c0-.15.02-.3.02-.37.2-.2.37-.37.58-.58h.26c.48-.49.93-.94,1.42-1.44h.35v-.38c.13-.11.22-.2.31-.28,0-.02-.02-.04-.03-.06h.34c.41-.42.77-.79,1.18-1.2h.25c.57-.57,1.1-1.11,1.66-1.68h.25c.2-.19.37-.33.52-.49.04-.04.09-.16.07-.18-.12-.11-.26-.19-.38-.3-.12-.11-.22-.23-.33-.35-.11-.12-.21-.24-.32-.36-.07-.07-.15-.13-.29-.24h-.25c-.31-.33-.6-.62-.92-.96h-.3c-.15-.17-.26-.3-.41-.48h-.31c-.15-.17-.26-.3-.41-.48h-.28c-.41-.42-.77-.79-1.18-1.2h-.27c-.31-.33-.6-.62-.92-.96h-.29c-.23-.25-.44-.47-.68-.72h-.29c-.14-.17-.26-.31-.4-.48h-.31c-.14-.17-.26-.31-.41-.48h-.28c-.29-.29-.53-.54-.83-.84v-.26c-.26-.24-.47-.44-.71-.67.1-.18-.21-.52.23-.68v-.31c.22-.22.38-.38.59-.59h1.02c.14.16.25.29.4.47h.36c.02.09.04.16.06.24h.35c.23.25.44.46.68.72h.29c.15.17.26.3.42.48h.27c.33.33.61.62.94.96.06,0,.19,0,.3.02.14.16.26.3.4.47h.29c.32.33.61.62.94.96h.28c.14.17.26.31.4.48h.37c0,.36.29.21.41.24.24.26.44.47.68.72h.34c.07.11,0,.36.28.23v.48c.15,0,.29.01.38.02.31.32.59.62.91.95h.28c.23.25.44.47.68.72h.3c.14-.16.26-.3.4-.47h1.33c0-.37.27-.21.47-.25.02-.06.05-.14.07-.22h.58c.19.2.36.37.57.58v.58c-.07.01-.14.03-.2.04-.1.17.13.48-.26.48v.33c-.2.21-.34.36-.49.51-.1.11-.2.23-.31.33-.12.1-.26.18-.39.29-.03.02-.03.12-.01.14.14.12.29.24.46.38v.36c.08.03.16.06.25.08v.65c.08.02.15.04.23.06v.42c-.07.02-.14.05-.23.07v.43h-.38c-.11.12-.17.18-.23.25-.05-.07-.11-.13-.19-.23h-.55c-.15-.17-.26-.3-.41-.48h-.32c-.26-.48-.68-.1-.93-.25-.24.25-.44.46-.68.72-.07,0-.2,0-.37.02v.37c-.13.11-.22.19-.31.27,0,.02.02.04.03.06h-.33c-.66.66-1.26,1.27-1.91,1.92h-.25c-.81.81-1.57,1.58-2.39,2.4h-.35c0,.15-.02.29-.02.39-.11.11-.2.19-.35.33Z\"\/><\/svg><\/span><\/a><\/div><div class=\"standout-hero-rowing-animation\"><img decoding=\"async\" class=\"animation\" src=\"https:\/\/sagnlandet.dk\/fr\/wp-content\/themes\/s-child\/images\/rowing.png\"><\/div><\/div>\t<\/div>\r\n\r\n\r\n\r\n\t\t<\/div>\r\n<\/section>\n\n\n<h4 class=\"wp-block-heading\">Frappez votre hache et voyez si vous pouvez couper un tronc d&#8217;arbre.<\/h4>\n\n\n\n<p>C&#8217;est l&#8217;un des d\u00e9fis \u00e0 relever dans la vall\u00e9e du feu de joie, o\u00f9 vous serez \u00e9quip\u00e9 de haches telles qu&#8217;elles existaient \u00e0 l&#8217;\u00e2ge du fer.<\/p>\n\n\n\n<p>Vous pouvez \u00e9galement enfiler votre gilet de sauvetage, monter sur l&#8217;un des troncs d&#8217;arbre \u00e9vid\u00e9s et pagayer sur le lac comme on le faisait \u00e0 l&#8217;\u00e2ge de pierre. \u00c0 quelle vitesse et avec quelle facilit\u00e9 pouvez-vous diriger un bateau en rondins ? Les hommes de l&#8217;\u00e2ge de pierre pouvaient traverser la mer Baltique \u00e0 la voile.<\/p>\n\n\n\n<p>Vous pouvez \u00e9galement moudre votre propre farine et vous remplir l&#8217;estomac d&#8217;autant de biscuits que vous pouvez en cuire. Vous pouvez aussi vous installer avec un panier de pique-nique. Nous allumerons le feu pour que vous puissiez r\u00e9chauffer votre repas sur les braises, et vous pourrez emprunter des grilles de barbecue, des moules \u00e0 pop-corn et des gressins.<\/p>\n\n\n\n<p>Et si vous avez laiss\u00e9 votre panier-repas \u00e0 la maison, vous pourrez acheter de la nourriture et des boissons au kiosque du caf\u00e9 Vides\u00f8hus.<\/p>\n\n\n\n<p>Vous \u00eates une \u00e9cole ou un grand groupe ? Inscrivez-vous \u00e0 l&#8217;avance pour \u00eatre s\u00fbr que nous ayons de la place.<\/p>\n\n\n\n<figure class=\"wp-block-image size-full\"><img decoding=\"async\" src=\"https:\/\/sagnlandet.dk\/wp-content\/uploads\/2025\/02\/familie-2017-140-1920x1280-1.jpg\" alt=\"\" class=\"wp-image-2022\"\/><\/figure>\n\n\n\n<figure class=\"wp-block-embed is-type-video is-provider-youtube wp-block-embed-youtube wp-embed-aspect-16-9 wp-has-aspect-ratio\"><div class=\"wp-block-embed__wrapper\">\n<iframe title=\"J\u00e6ger- og samlerkulturer i Norden (kort udgave, Inuit ankommer til Lejre) Sagnlandet\" width=\"500\" height=\"281\" src=\"https:\/\/www.youtube.com\/embed\/9Iv1ZYTvnxo?list=PLMOLiYsryN42DVCPeHke2H5ynYlv7SAjR\" frameborder=\"0\" allow=\"accelerometer; autoplay; clipboard-write; encrypted-media; gyroscope; picture-in-picture; web-share\" referrerpolicy=\"strict-origin-when-cross-origin\" allowfullscreen><\/iframe>\n<\/div><\/figure>\n\n\n\n<h5 class=\"wp-block-heading\">Derniers articles<\/h5>\n\n\n\n<div class=\"wp-block-query is-layout-flow wp-block-query-is-layout-flow\">\n\n<\/div>\n\n\n\n<hr class=\"wp-block-separator has-alpha-channel-opacity\"\/>\n\n\n\n<h5 class=\"wp-block-heading\">Plus de Bonfire Valley \u00e0 Lejre Land of Legends :<\/h5>\n\n\n\r\n\r\n<section class=\"standout-section standout-block standout-columns alignwide is-slick slick-overflow\" style=\"--columns: 3; --column-span: 1; --element-alignment: flex-start;\" data-columns=\"3\">\r\n\r\n\t<div class=\"standout-max-container\">\t\r\n\r\n<div class=\"standout-block-inner\">\r\n\t\t\t<div class=\"acf-innerblocks-container\">\n\r\n\r\n<section class=\"standout-block standout-column-element\">\r\n\r\n\t<div class=\"standout-max-container\">\t\r\n\r\n<div class=\"standout-block-inner\">\r\n\t\t\r\n\t\t\t<div class=\"acf-innerblocks-container\">\n\r\n\r\n<section class=\"standout-section standout-block standout-posts alignwide rounded-bg\">\r\n\r\n\t<div class=\"standout-max-container\">\t\r\n\r\n<div class=\"standout-block-inner\">\r\n\t<div class=\"acf-innerblocks-container\">\r\n\t\t\r\n\r\n<section class=\"standout-section standout-block standout-columns alignwide\" style=\"--columns: 1; --column-span: 1;\" data-columns=\"1\">\r\n\r\n\t<div class=\"standout-max-container\">\t\r\n\r\n<div class=\"standout-block-inner\">\r\n\t\t\t<div class=\"acf-innerblocks-container\">\r\n\t\t\t\r\n\r\n<section class=\"standout-block standout-column-element\">\r\n\r\n\t<div class=\"standout-max-container\">\t\r\n\r\n<div class=\"standout-block-inner\">\r\n\t\t\r\n\t\t\t<div class=\"acf-innerblocks-container\">\r\n\t\t\t\r\n<div class=\"post post-loop post-loop-type-page\">\r\n\t<a class=\"post-loop-link\" href=\"https:\/\/sagnlandet.dk\/fr\/enseigner-a-baldalen\/\"><\/a>\r\n\r\n\t\t\t<div class=\"post-thumbnail-wrap\">\r\n\t\t\t<img loading=\"lazy\" decoding=\"async\" width=\"2560\" height=\"806\" src=\"https:\/\/sagnlandet.dk\/fr\/wp-content\/uploads\/sites\/12\/2025\/02\/familie-2013-101-eader-2-1-1.png\" class=\"attachment-post-thumbnail size-post-thumbnail wp-post-image\" alt=\"\" srcset=\"https:\/\/sagnlandet.dk\/fr\/wp-content\/uploads\/sites\/12\/2025\/02\/familie-2013-101-eader-2-1-1.png 2560w, https:\/\/sagnlandet.dk\/fr\/wp-content\/uploads\/sites\/12\/2025\/02\/familie-2013-101-eader-2-1-1-600x189.png 600w, https:\/\/sagnlandet.dk\/fr\/wp-content\/uploads\/sites\/12\/2025\/02\/familie-2013-101-eader-2-1-1-1920x605.png 1920w, https:\/\/sagnlandet.dk\/fr\/wp-content\/uploads\/sites\/12\/2025\/02\/familie-2013-101-eader-2-1-1-1536x484.png 1536w, https:\/\/sagnlandet.dk\/fr\/wp-content\/uploads\/sites\/12\/2025\/02\/familie-2013-101-eader-2-1-1-2048x645.png 2048w, https:\/\/sagnlandet.dk\/fr\/wp-content\/uploads\/sites\/12\/2025\/02\/familie-2013-101-eader-2-1-1-300x94.png 300w, https:\/\/sagnlandet.dk\/fr\/wp-content\/uploads\/sites\/12\/2025\/02\/familie-2013-101-eader-2-1-1-1200x378.png 1200w, https:\/\/sagnlandet.dk\/fr\/wp-content\/uploads\/sites\/12\/2025\/02\/familie-2013-101-eader-2-1-1-1320x416.png 1320w\" sizes=\"(max-width: 2560px) 100vw, 2560px\" \/>\t\t<\/div>\r\n\t\r\n\t<div class=\"post-title-wrap\">\r\n\t\t<span class=\"post-title\">Enseigner \u00e0 B\u00e5ldalen<\/span>\r\n\t<\/div>\r\n\r\n\t\t\t<div class=\"post-excerpt-wrap\">\r\n\t\t\t<span class=\"post-excerpt\">Rencontrez les animaux Le barbecue vous attend Faites un tour en bateau Moudre sa propre farine<\/span>\r\n\t\t<\/div>\r\n\t<\/div>\r\n\t\t<\/div>\r\n\t<\/div>\r\n\r\n\r\n\r\n\t\t<\/div>\r\n<\/section>\t\t<\/div>\r\n\t<\/div>\r\n\r\n\r\n\r\n\t\t<\/div>\r\n<\/section>\t<\/div>\r\n<\/div>\r\n\r\n\r\n\r\n\t\t<\/div>\r\n<\/section>\n<\/div>\r\n\t<\/div>\r\n\r\n\r\n\r\n\t\t<\/div>\r\n<\/section>\n\n\r\n\r\n<section class=\"standout-block standout-column-element\">\r\n\r\n\t<div class=\"standout-max-container\">\t\r\n\r\n<div class=\"standout-block-inner\">\r\n\t\t\r\n\t\t\t<div class=\"acf-innerblocks-container\">\n\r\n\r\n<section class=\"standout-section standout-block standout-posts alignwide rounded-bg\">\r\n\r\n\t<div class=\"standout-max-container\">\t\r\n\r\n<div class=\"standout-block-inner\">\r\n\t<div class=\"acf-innerblocks-container\">\r\n\t\t\r\n\r\n<section class=\"standout-section standout-block standout-columns alignwide\" style=\"--columns: 1; --column-span: 1;\" data-columns=\"1\">\r\n\r\n\t<div class=\"standout-max-container\">\t\r\n\r\n<div class=\"standout-block-inner\">\r\n\t\t\t<div class=\"acf-innerblocks-container\">\r\n\t\t\t\r\n\r\n<section class=\"standout-block standout-column-element\">\r\n\r\n\t<div class=\"standout-max-container\">\t\r\n\r\n<div class=\"standout-block-inner\">\r\n\t\t\r\n\t\t\t<div class=\"acf-innerblocks-container\">\r\n\t\t\t\r\n<div class=\"post post-loop post-loop-type-page\">\r\n\t<a class=\"post-loop-link\" href=\"https:\/\/sagnlandet.dk\/fr\/visite-guidee\/\"><\/a>\r\n\r\n\t\t\t<div class=\"post-thumbnail-wrap\">\r\n\t\t\t<img loading=\"lazy\" decoding=\"async\" width=\"300\" height=\"206\" src=\"https:\/\/sagnlandet.dk\/fr\/wp-content\/uploads\/sites\/12\/2025\/02\/aktivitetspamflet-privat-2024-300x206-1-1-1.png\" class=\"attachment-post-thumbnail size-post-thumbnail wp-post-image\" alt=\"\" srcset=\"https:\/\/sagnlandet.dk\/fr\/wp-content\/uploads\/sites\/12\/2025\/02\/aktivitetspamflet-privat-2024-300x206-1-1-1.png 300w, https:\/\/sagnlandet.dk\/fr\/wp-content\/uploads\/sites\/12\/2025\/02\/aktivitetspamflet-privat-2024-300x206-1-1-1-146x100.png 146w\" sizes=\"(max-width: 300px) 100vw, 300px\" \/>\t\t<\/div>\r\n\t\r\n\t<div class=\"post-title-wrap\">\r\n\t\t<span class=\"post-title\">Visite guid\u00e9e<\/span>\r\n\t<\/div>\r\n\r\n\t\t\t<div class=\"post-excerpt-wrap\">\r\n\t\t\t<span class=\"post-excerpt\"><\/span>\r\n\t\t<\/div>\r\n\t<\/div>\r\n\t\t<\/div>\r\n\t<\/div>\r\n\r\n\r\n\r\n\t\t<\/div>\r\n<\/section>\t\t<\/div>\r\n\t<\/div>\r\n\r\n\r\n\r\n\t\t<\/div>\r\n<\/section>\t<\/div>\r\n<\/div>\r\n\r\n\r\n\r\n\t\t<\/div>\r\n<\/section>\n<\/div>\r\n\t<\/div>\r\n\r\n\r\n\r\n\t\t<\/div>\r\n<\/section>\n<\/div>\r\n\t<\/div>\r\n\r\n\r\n\r\n\t\t<\/div>\r\n<\/section>","protected":false},"excerpt":{"rendered":"<p>Frappez votre hache et voyez si vous pouvez couper un tronc d&#8217;arbre. C&#8217;est l&#8217;un des d\u00e9fis \u00e0 relever dans la vall\u00e9e du feu de joie, o\u00f9 vous serez \u00e9quip\u00e9 de haches telles qu&#8217;elles existaient \u00e0 l&#8217;\u00e2ge du fer. Vous pouvez \u00e9galement enfiler votre gilet de sauvetage, monter sur l&#8217;un des troncs d&#8217;arbre \u00e9vid\u00e9s et pagayer [&hellip;]<\/p>\n","protected":false},"author":3,"featured_media":71048,"parent":0,"menu_order":0,"comment_status":"open","ping_status":"open","template":"","meta":{"_acf_changed":false,"footnotes":""},"class_list":["post-70131","page","type-page","status-publish","has-post-thumbnail","hentry"],"acf":[],"yoast_head":"<!-- This site is optimized with the Yoast SEO plugin v23.5 - https:\/\/yoast.com\/wordpress\/plugins\/seo\/ -->\n<title>Vall\u00e9e du feu de joie - Sagnlandet Lejre<\/title>\n<meta name=\"robots\" content=\"index, follow, max-snippet:-1, max-image-preview:large, max-video-preview:-1\" \/>\n<link rel=\"canonical\" href=\"https:\/\/sagnlandet.dk\/fr\/bonfire-valley\/\" \/>\n<meta property=\"og:locale\" content=\"fr_FR\" \/>\n<meta property=\"og:type\" content=\"article\" \/>\n<meta property=\"og:title\" content=\"Vall\u00e9e du feu de joie - Sagnlandet Lejre\" \/>\n<meta property=\"og:description\" content=\"Frappez votre hache et voyez si vous pouvez couper un tronc d&#8217;arbre. C&#8217;est l&#8217;un des d\u00e9fis \u00e0 relever dans la vall\u00e9e du feu de joie, o\u00f9 vous serez \u00e9quip\u00e9 de haches telles qu&#8217;elles existaient \u00e0 l&#8217;\u00e2ge du fer. Vous pouvez \u00e9galement enfiler votre gilet de sauvetage, monter sur l&#8217;un des troncs d&#8217;arbre \u00e9vid\u00e9s et pagayer [&hellip;]\" \/>\n<meta property=\"og:url\" content=\"https:\/\/sagnlandet.dk\/fr\/bonfire-valley\/\" \/>\n<meta property=\"og:site_name\" content=\"Sagnlandet Lejre\" \/>\n<meta property=\"article:modified_time\" content=\"2025-02-24T06:24:22+00:00\" \/>\n<meta property=\"og:image\" content=\"https:\/\/sagnlandet.dk\/fr\/wp-content\/uploads\/sites\/12\/2025\/02\/robaad-og-baaldal-27-juni-2019-44-copy-1320x550-1-1.jpg\" \/>\n\t<meta property=\"og:image:width\" content=\"1320\" \/>\n\t<meta property=\"og:image:height\" content=\"550\" \/>\n\t<meta property=\"og:image:type\" content=\"image\/jpeg\" \/>\n<meta name=\"twitter:card\" content=\"summary_large_image\" \/>\n<meta name=\"twitter:label1\" content=\"Dur\u00e9e de lecture estim\u00e9e\" \/>\n\t<meta name=\"twitter:data1\" content=\"2 minutes\" \/>\n<!-- \/ Yoast SEO plugin. -->","yoast_head_json":{"title":"Vall\u00e9e du feu de joie - Sagnlandet Lejre","robots":{"index":"index","follow":"follow","max-snippet":"max-snippet:-1","max-image-preview":"max-image-preview:large","max-video-preview":"max-video-preview:-1"},"canonical":"https:\/\/sagnlandet.dk\/fr\/bonfire-valley\/","og_locale":"fr_FR","og_type":"article","og_title":"Vall\u00e9e du feu de joie - Sagnlandet Lejre","og_description":"Frappez votre hache et voyez si vous pouvez couper un tronc d&#8217;arbre. C&#8217;est l&#8217;un des d\u00e9fis \u00e0 relever dans la vall\u00e9e du feu de joie, o\u00f9 vous serez \u00e9quip\u00e9 de haches telles qu&#8217;elles existaient \u00e0 l&#8217;\u00e2ge du fer. Vous pouvez \u00e9galement enfiler votre gilet de sauvetage, monter sur l&#8217;un des troncs d&#8217;arbre \u00e9vid\u00e9s et pagayer [&hellip;]","og_url":"https:\/\/sagnlandet.dk\/fr\/bonfire-valley\/","og_site_name":"Sagnlandet Lejre","article_modified_time":"2025-02-24T06:24:22+00:00","og_image":[{"width":1320,"height":550,"url":"https:\/\/sagnlandet.dk\/fr\/wp-content\/uploads\/sites\/12\/2025\/02\/robaad-og-baaldal-27-juni-2019-44-copy-1320x550-1-1.jpg","type":"image\/jpeg"}],"twitter_card":"summary_large_image","twitter_misc":{"Dur\u00e9e de lecture estim\u00e9e":"2 minutes"},"schema":{"@context":"https:\/\/schema.org","@graph":[{"@type":"WebPage","@id":"https:\/\/sagnlandet.dk\/fr\/bonfire-valley\/","url":"https:\/\/sagnlandet.dk\/fr\/bonfire-valley\/","name":"Vall\u00e9e du feu de joie - Sagnlandet Lejre","isPartOf":{"@id":"https:\/\/sagnlandet.dk\/fr\/#website"},"primaryImageOfPage":{"@id":"https:\/\/sagnlandet.dk\/fr\/bonfire-valley\/#primaryimage"},"image":{"@id":"https:\/\/sagnlandet.dk\/fr\/bonfire-valley\/#primaryimage"},"thumbnailUrl":"https:\/\/sagnlandet.dk\/fr\/wp-content\/uploads\/sites\/12\/2025\/02\/robaad-og-baaldal-27-juni-2019-44-copy-1320x550-1-1-1.jpg","datePublished":"2024-10-15T08:10:10+00:00","dateModified":"2025-02-24T06:24:22+00:00","breadcrumb":{"@id":"https:\/\/sagnlandet.dk\/fr\/bonfire-valley\/#breadcrumb"},"inLanguage":"fr-FR","potentialAction":[{"@type":"ReadAction","target":["https:\/\/sagnlandet.dk\/fr\/bonfire-valley\/"]}]},{"@type":"ImageObject","inLanguage":"fr-FR","@id":"https:\/\/sagnlandet.dk\/fr\/bonfire-valley\/#primaryimage","url":"https:\/\/sagnlandet.dk\/fr\/wp-content\/uploads\/sites\/12\/2025\/02\/robaad-og-baaldal-27-juni-2019-44-copy-1320x550-1-1-1.jpg","contentUrl":"https:\/\/sagnlandet.dk\/fr\/wp-content\/uploads\/sites\/12\/2025\/02\/robaad-og-baaldal-27-juni-2019-44-copy-1320x550-1-1-1.jpg","width":1320,"height":550},{"@type":"BreadcrumbList","@id":"https:\/\/sagnlandet.dk\/fr\/bonfire-valley\/#breadcrumb","itemListElement":[{"@type":"ListItem","position":1,"name":"Hjem","item":"https:\/\/sagnlandet.dk\/fr\/"},{"@type":"ListItem","position":2,"name":"Bonfire Valley"}]},{"@type":"WebSite","@id":"https:\/\/sagnlandet.dk\/fr\/#website","url":"https:\/\/sagnlandet.dk\/fr\/","name":"Sagnlandet Lejre","description":"","publisher":{"@id":"https:\/\/sagnlandet.dk\/fr\/#organization"},"potentialAction":[{"@type":"SearchAction","target":{"@type":"EntryPoint","urlTemplate":"https:\/\/sagnlandet.dk\/fr\/?s={search_term_string}"},"query-input":{"@type":"PropertyValueSpecification","valueRequired":true,"valueName":"search_term_string"}}],"inLanguage":"fr-FR"},{"@type":"Organization","@id":"https:\/\/sagnlandet.dk\/fr\/#organization","name":"Sagnlandet Lejre","url":"https:\/\/sagnlandet.dk\/fr\/","logo":{"@type":"ImageObject","inLanguage":"fr-FR","@id":"https:\/\/sagnlandet.dk\/fr\/#\/schema\/logo\/image\/","url":"https:\/\/sagnlandet.dk\/fr\/wp-content\/uploads\/sites\/12\/1738\/65\/logo.png","contentUrl":"https:\/\/sagnlandet.dk\/fr\/wp-content\/uploads\/sites\/12\/1738\/65\/logo.png","width":398,"height":143,"caption":"Sagnlandet Lejre"},"image":{"@id":"https:\/\/sagnlandet.dk\/fr\/#\/schema\/logo\/image\/"}}]}},"_links":{"self":[{"href":"https:\/\/sagnlandet.dk\/fr\/wp-json\/wp\/v2\/pages\/70131"}],"collection":[{"href":"https:\/\/sagnlandet.dk\/fr\/wp-json\/wp\/v2\/pages"}],"about":[{"href":"https:\/\/sagnlandet.dk\/fr\/wp-json\/wp\/v2\/types\/page"}],"author":[{"embeddable":true,"href":"https:\/\/sagnlandet.dk\/fr\/wp-json\/wp\/v2\/users\/3"}],"replies":[{"embeddable":true,"href":"https:\/\/sagnlandet.dk\/fr\/wp-json\/wp\/v2\/comments?post=70131"}],"version-history":[{"count":3,"href":"https:\/\/sagnlandet.dk\/fr\/wp-json\/wp\/v2\/pages\/70131\/revisions"}],"predecessor-version":[{"id":71254,"href":"https:\/\/sagnlandet.dk\/fr\/wp-json\/wp\/v2\/pages\/70131\/revisions\/71254"}],"wp:featuredmedia":[{"embeddable":true,"href":"https:\/\/sagnlandet.dk\/fr\/wp-json\/wp\/v2\/media\/71048"}],"wp:attachment":[{"href":"https:\/\/sagnlandet.dk\/fr\/wp-json\/wp\/v2\/media?parent=70131"}],"curies":[{"name":"wp","href":"https:\/\/api.w.org\/{rel}","templated":true}]}}