{"id":70124,"date":"2024-10-15T09:56:03","date_gmt":"2024-10-15T07:56:03","guid":{"rendered":"https:\/\/sagnlandet.dk\/vaerkstederne\/"},"modified":"2025-02-24T07:24:26","modified_gmt":"2025-02-24T06:24:26","slug":"les-ateliers","status":"publish","type":"page","link":"https:\/\/sagnlandet.dk\/fr\/les-ateliers\/","title":{"rendered":"Les ateliers"},"content":{"rendered":"\r\n\r\n<section class=\"standout-section standout-block standout-basic alignfull rounded-bg wp-elements-ff645c1d2cc4a3e3c6c71d4a039b2977 hero-section side-spacing has-bg has-bg-img bg-size-cover bg-align-horizontal-center bg-align-vertical-center has-text-color\" style=\"color: #ffffff;\">\r\n\r\n\t<div class=\"standout-max-container\">\t\r\n\r\n<div class=\"standout-block-inner\">\r\n\t\t\t\r\n\t<div class=\"standout-block-background-deco\" style=\"--bg-align-vertical: center; --bg-align-horizontal: center; --bg-object-position: center center\">\r\n\t\t<img loading=\"lazy\" decoding=\"async\" width=\"1920\" height=\"1188\" src=\"https:\/\/sagnlandet.dk\/fr\/wp-content\/uploads\/sites\/12\/2025\/02\/plantefarvning-2017-30.jpg\" class=\"standout-block-background-deco-element\" alt=\"\" srcset=\"https:\/\/sagnlandet.dk\/fr\/wp-content\/uploads\/sites\/12\/2025\/02\/plantefarvning-2017-30.jpg 2331w, https:\/\/sagnlandet.dk\/fr\/wp-content\/uploads\/sites\/12\/2025\/02\/plantefarvning-2017-30-600x371.jpg 600w, https:\/\/sagnlandet.dk\/fr\/wp-content\/uploads\/sites\/12\/2025\/02\/plantefarvning-2017-30-1920x1188.jpg 1920w, https:\/\/sagnlandet.dk\/fr\/wp-content\/uploads\/sites\/12\/2025\/02\/plantefarvning-2017-30-1536x950.jpg 1536w, https:\/\/sagnlandet.dk\/fr\/wp-content\/uploads\/sites\/12\/2025\/02\/plantefarvning-2017-30-2048x1267.jpg 2048w, https:\/\/sagnlandet.dk\/fr\/wp-content\/uploads\/sites\/12\/2025\/02\/plantefarvning-2017-30-162x100.jpg 162w, https:\/\/sagnlandet.dk\/fr\/wp-content\/uploads\/sites\/12\/2025\/02\/plantefarvning-2017-30-1200x742.jpg 1200w, https:\/\/sagnlandet.dk\/fr\/wp-content\/uploads\/sites\/12\/2025\/02\/plantefarvning-2017-30-1320x817.jpg 1320w\" sizes=\"(max-width: 1920px) 100vw, 1920px\" \/>\t<\/div>\r\n\r\n\t\t\r\n\t\t\t\t\t\t<div class=\"acf-innerblocks-container\">\n\n<h1 class=\"wp-block-heading\">Visite des ateliers historiques<\/h1>\n\n\n\n<p class=\"has-h-6-font-size\">Rencontrez les artisans historiques de Lejre Land of Legends.<\/p>\n\n<\/div>\r\n\t\t\t\r\n\t\t\t<div class=\"standout-hero-information\"><div class=\"standout-hero-information-inner\">Voir le programme de la journ\u00e9e <a href=\"https:\/\/sagnlandet.dk\/fr\/programme-de-jour\/\">ici <span height=\"1em\" class=\"standout-custom-svg custom-svg\"><?xml version=\"1.0\" encoding=\"UTF-8\"?><svg height=\"1em\" id=\"a\" xmlns=\"http:\/\/www.w3.org\/2000\/svg\" viewBox=\"0 0 16.28 22.02\"><path d=\"M5.4,18.67h-.24c-.77.76-1.5,1.5-2.28,2.28v.35h-.36c-.24.26-.45.47-.68.71H.74c0-.15-.01-.28-.02-.37-.24-.23-.45-.43-.7-.66v-.34c.08-.05.15-.1.23-.15-.06-.05-.14-.09-.19-.15-.03-.04-.06-.13-.04-.15.13-.13.28-.24.46-.39,0-.08,0-.22.01-.29.52-.52,1.01-1,1.49-1.49-.01-.02-.02-.03-.04-.05.14,0,.27-.01.35-.02.32-.33.61-.62.94-.95h.35c0-.15.02-.3.02-.37.2-.2.37-.37.58-.58h.26c.48-.49.93-.94,1.42-1.44h.35v-.38c.13-.11.22-.2.31-.28,0-.02-.02-.04-.03-.06h.34c.41-.42.77-.79,1.18-1.2h.25c.57-.57,1.1-1.11,1.66-1.68h.25c.2-.19.37-.33.52-.49.04-.04.09-.16.07-.18-.12-.11-.26-.19-.38-.3-.12-.11-.22-.23-.33-.35-.11-.12-.21-.24-.32-.36-.07-.07-.15-.13-.29-.24h-.25c-.31-.33-.6-.62-.92-.96h-.3c-.15-.17-.26-.3-.41-.48h-.31c-.15-.17-.26-.3-.41-.48h-.28c-.41-.42-.77-.79-1.18-1.2h-.27c-.31-.33-.6-.62-.92-.96h-.29c-.23-.25-.44-.47-.68-.72h-.29c-.14-.17-.26-.31-.4-.48h-.31c-.14-.17-.26-.31-.41-.48h-.28c-.29-.29-.53-.54-.83-.84v-.26c-.26-.24-.47-.44-.71-.67.1-.18-.21-.52.23-.68v-.31c.22-.22.38-.38.59-.59h1.02c.14.16.25.29.4.47h.36c.02.09.04.16.06.24h.35c.23.25.44.46.68.72h.29c.15.17.26.3.42.48h.27c.33.33.61.62.94.96.06,0,.19,0,.3.02.14.16.26.3.4.47h.29c.32.33.61.62.94.96h.28c.14.17.26.31.4.48h.37c0,.36.29.21.41.24.24.26.44.47.68.72h.34c.07.11,0,.36.28.23v.48c.15,0,.29.01.38.02.31.32.59.62.91.95h.28c.23.25.44.47.68.72h.3c.14-.16.26-.3.4-.47h1.33c0-.37.27-.21.47-.25.02-.06.05-.14.07-.22h.58c.19.2.36.37.57.58v.58c-.07.01-.14.03-.2.04-.1.17.13.48-.26.48v.33c-.2.21-.34.36-.49.51-.1.11-.2.23-.31.33-.12.1-.26.18-.39.29-.03.02-.03.12-.01.14.14.12.29.24.46.38v.36c.08.03.16.06.25.08v.65c.08.02.15.04.23.06v.42c-.07.02-.14.05-.23.07v.43h-.38c-.11.12-.17.18-.23.25-.05-.07-.11-.13-.19-.23h-.55c-.15-.17-.26-.3-.41-.48h-.32c-.26-.48-.68-.1-.93-.25-.24.25-.44.46-.68.72-.07,0-.2,0-.37.02v.37c-.13.11-.22.19-.31.27,0,.02.02.04.03.06h-.33c-.66.66-1.26,1.27-1.91,1.92h-.25c-.81.81-1.57,1.58-2.39,2.4h-.35c0,.15-.02.29-.02.39-.11.11-.2.19-.35.33Z\"\/><\/svg><\/span><\/a><\/div><div class=\"standout-hero-rowing-animation\"><img decoding=\"async\" class=\"animation\" src=\"https:\/\/sagnlandet.dk\/fr\/wp-content\/themes\/s-child\/images\/rowing.png\"><\/div><\/div>\t<\/div>\r\n\r\n\r\n\r\n\t\t<\/div>\r\n<\/section>\n\n\n<h4 class=\"wp-block-heading\">Les ateliers<\/h4>\n\n\n\n<p>Deux petites maisons blanches au toit de chaume sont nich\u00e9es en bordure de Vides\u00f8. Elles abritent les ateliers historiques de Lejre Land of Legends. La poterie abrite les potiers, tandis qu&#8217;\u00e0 c\u00f4t\u00e9, ils travaillent le textile.<\/p>\n\n\n\n<p>Entrez dans l&#8217;atelier du potier et observez le tournage d&#8217;une tasse sur l&#8217;\u00e9tabli. Ou peut-\u00eatre qu&#8217;un pot du Jutland est en train d&#8217;\u00eatre poli. Peut-\u00eatre est-ce une poterie de l&#8217;\u00e2ge de pierre qui sort des mains de l&#8217;un des potiers.<\/p>\n\n\n\n<p>Des pots de la fin du N\u00e9olithique aux tasses \u00e9maill\u00e9es &#8220;modernes&#8221; des ann\u00e9es 1800, le mat\u00e9riau a toujours \u00e9t\u00e9 le m\u00eame : l&#8217;argile. Les potiers de Sagnlandet \u00e9crivent l&#8217;histoire avec de l&#8217;argile entre les doigts. Chaque jour, ils se plongent dans le travail de l&#8217;argile et sont impatients de vous en parler.<\/p>\n\n\n\n<p>De chaque c\u00f4t\u00e9 des artisans, des \u00e9tag\u00e8res et des tables regorgent de travaux d&#8217;argile de toutes les \u00e9poques. Explorez et satisfaites votre curiosit\u00e9 sur la fabrication de saucisses, le tournage, l&#8217;\u00e9maillage et bien d&#8217;autres choses encore.<\/p>\n\n\n\n<p>Si vous avez de la chance, vous pourrez mettre la main sur un morceau d&#8217;argile et vous essayer aux techniques.<\/p>\n\n\n\n<figure class=\"wp-block-image size-full is-resized\"><img decoding=\"async\" src=\"https:\/\/sagnlandet.dk\/wp-content\/uploads\/2025\/02\/kongehal-keramik1-1920x1440-1.jpg\" alt=\"\" class=\"wp-image-2016\" style=\"width:640px;height:auto\"\/><\/figure>\n\n\n\n<p>Passez \u00e0 votre voisin, l&#8217;atelier de costumes. Vous y trouverez des fils de toutes les couleurs, des m\u00e9tiers \u00e0 tisser, des raies et d&#8217;autres articles passionnants de fil et de v\u00eatements qui remplissent les salles.<\/p>\n\n\n\n<p>Trouvez le tisserand derri\u00e8re le m\u00e9tier \u00e0 tisser, la fileuse derri\u00e8re le rouet ou le cou pench\u00e9 sur son tricot. Si l&#8217;int\u00e9rieur est vide, vous trouverez probablement de la couleur dans les chaudi\u00e8res situ\u00e9es sous l&#8217;auvent \u00e0 l&#8217;ext\u00e9rieur. D\u00e9couvrez le fascinant processus de teinture du fil blanc en rouge, jaune ou vert \u00e0 l&#8217;aide de plantes naturelles.<\/p>\n\n\n\n<p>Chaque jour, les experts en textile s&#8217;attaquent \u00e0 de nouvelles t\u00e2ches, et ils sont ravis de partager ce qu&#8217;ils font.<\/p>\n\n\n\n<p>Explorez les costumes historiques expos\u00e9s et d\u00e9couvrez ce qu&#8217;\u00e9tait la mode chez nos anc\u00eatres.<\/p>\n\n\n\n<figure class=\"wp-block-embed is-type-video is-provider-youtube wp-block-embed-youtube wp-embed-aspect-16-9 wp-has-aspect-ratio\"><div class=\"wp-block-embed__wrapper\">\n<iframe title=\"Brewing Beer in the Danish Stone Age (subtitles)   \u00d8lbrygning i Stenalderen, Sagnlandet\" width=\"500\" height=\"281\" src=\"https:\/\/www.youtube.com\/embed\/ry6zpICtq0M?feature=oembed\" frameborder=\"0\" allow=\"accelerometer; autoplay; clipboard-write; encrypted-media; gyroscope; picture-in-picture; web-share\" referrerpolicy=\"strict-origin-when-cross-origin\" allowfullscreen><\/iframe>\n<\/div><\/figure>\n\n\n\n<h5 class=\"wp-block-heading\">Derniers articles<\/h5>\n\n\n\n<div class=\"wp-block-query is-layout-flow wp-block-query-is-layout-flow\">\n\n<\/div>\n\n\n\n<hr class=\"wp-block-separator has-alpha-channel-opacity\"\/>\n\n\n\n<h5 class=\"wp-block-heading\">En savoir plus sur les ateliers de Lejre Land of Legends :<\/h5>\n\n\n\r\n\r\n<section class=\"standout-section standout-block standout-columns alignwide is-slick slick-overflow\" style=\"--columns: 3; --column-span: 1; --element-alignment: flex-start;\" data-columns=\"3\">\r\n\r\n\t<div class=\"standout-max-container\">\t\r\n\r\n<div class=\"standout-block-inner\">\r\n\t\t\t<div class=\"acf-innerblocks-container\">\n\r\n\r\n<section class=\"standout-block standout-column-element\">\r\n\r\n\t<div class=\"standout-max-container\">\t\r\n\r\n<div class=\"standout-block-inner\">\r\n\t\t\r\n\t\t\t<div class=\"acf-innerblocks-container\">\n\r\n\r\n<section class=\"standout-section standout-block standout-posts alignwide rounded-bg\">\r\n\r\n\t<div class=\"standout-max-container\">\t\r\n\r\n<div class=\"standout-block-inner\">\r\n\t<div class=\"acf-innerblocks-container\">\r\n\t\t\r\n\r\n<section class=\"standout-section standout-block standout-columns alignwide\" style=\"--columns: 1; --column-span: 1;\" data-columns=\"1\">\r\n\r\n\t<div class=\"standout-max-container\">\t\r\n\r\n<div class=\"standout-block-inner\">\r\n\t\t\t<div class=\"acf-innerblocks-container\">\r\n\t\t\t\r\n\r\n<section class=\"standout-block standout-column-element\">\r\n\r\n\t<div class=\"standout-max-container\">\t\r\n\r\n<div class=\"standout-block-inner\">\r\n\t\t\r\n\t\t\t<div class=\"acf-innerblocks-container\">\r\n\t\t\t\r\n<div class=\"post post-loop post-loop-type-page\">\r\n\t<a class=\"post-loop-link\" href=\"https:\/\/sagnlandet.dk\/fr\/cours-de-formation\/\"><\/a>\r\n\r\n\t\t\t<div class=\"post-thumbnail-wrap\">\r\n\t\t\t<img loading=\"lazy\" decoding=\"async\" width=\"2321\" height=\"1309\" src=\"https:\/\/sagnlandet.dk\/fr\/wp-content\/uploads\/sites\/12\/2025\/02\/ravnebjerg-juni-2017-abelone-bregninge-29-1-1.jpg\" class=\"attachment-post-thumbnail size-post-thumbnail wp-post-image\" alt=\"\" srcset=\"https:\/\/sagnlandet.dk\/fr\/wp-content\/uploads\/sites\/12\/2025\/02\/ravnebjerg-juni-2017-abelone-bregninge-29-1-1.jpg 2321w, https:\/\/sagnlandet.dk\/fr\/wp-content\/uploads\/sites\/12\/2025\/02\/ravnebjerg-juni-2017-abelone-bregninge-29-1-1-600x338.jpg 600w, https:\/\/sagnlandet.dk\/fr\/wp-content\/uploads\/sites\/12\/2025\/02\/ravnebjerg-juni-2017-abelone-bregninge-29-1-1-1920x1083.jpg 1920w, https:\/\/sagnlandet.dk\/fr\/wp-content\/uploads\/sites\/12\/2025\/02\/ravnebjerg-juni-2017-abelone-bregninge-29-1-1-1536x866.jpg 1536w, https:\/\/sagnlandet.dk\/fr\/wp-content\/uploads\/sites\/12\/2025\/02\/ravnebjerg-juni-2017-abelone-bregninge-29-1-1-2048x1155.jpg 2048w, https:\/\/sagnlandet.dk\/fr\/wp-content\/uploads\/sites\/12\/2025\/02\/ravnebjerg-juni-2017-abelone-bregninge-29-1-1-177x100.jpg 177w, https:\/\/sagnlandet.dk\/fr\/wp-content\/uploads\/sites\/12\/2025\/02\/ravnebjerg-juni-2017-abelone-bregninge-29-1-1-1200x677.jpg 1200w, https:\/\/sagnlandet.dk\/fr\/wp-content\/uploads\/sites\/12\/2025\/02\/ravnebjerg-juni-2017-abelone-bregninge-29-1-1-1320x744.jpg 1320w\" sizes=\"(max-width: 2321px) 100vw, 2321px\" \/>\t\t<\/div>\r\n\t\r\n\t<div class=\"post-title-wrap\">\r\n\t\t<span class=\"post-title\">Cours de formation<\/span>\r\n\t<\/div>\r\n\r\n\t\t\t<div class=\"post-excerpt-wrap\">\r\n\t\t\t<span class=\"post-excerpt\">Vous trouverez ici un aper\u00e7u des diff\u00e9rents programmes propos\u00e9s par Lejre Land of Legends. Cliquez sur le titre pour obtenir plus d&#8217;informations sur chaque domaine.<\/span>\r\n\t\t<\/div>\r\n\t<\/div>\r\n\t\t<\/div>\r\n\t<\/div>\r\n\r\n\r\n\r\n\t\t<\/div>\r\n<\/section>\t\t<\/div>\r\n\t<\/div>\r\n\r\n\r\n\r\n\t\t<\/div>\r\n<\/section>\t<\/div>\r\n<\/div>\r\n\r\n\r\n\r\n\t\t<\/div>\r\n<\/section>\n<\/div>\r\n\t<\/div>\r\n\r\n\r\n\r\n\t\t<\/div>\r\n<\/section>\n<\/div>\r\n\t<\/div>\r\n\r\n\r\n\r\n\t\t<\/div>\r\n<\/section>","protected":false},"excerpt":{"rendered":"<p>Les ateliers Deux petites maisons blanches au toit de chaume sont nich\u00e9es en bordure de Vides\u00f8. Elles abritent les ateliers historiques de Lejre Land of Legends. La poterie abrite les potiers, tandis qu&#8217;\u00e0 c\u00f4t\u00e9, ils travaillent le textile. Entrez dans l&#8217;atelier du potier et observez le tournage d&#8217;une tasse sur l&#8217;\u00e9tabli. Ou peut-\u00eatre qu&#8217;un pot [&hellip;]<\/p>\n","protected":false},"author":3,"featured_media":71062,"parent":0,"menu_order":0,"comment_status":"open","ping_status":"open","template":"","meta":{"_acf_changed":false,"footnotes":""},"class_list":["post-70124","page","type-page","status-publish","has-post-thumbnail","hentry"],"acf":[],"yoast_head":"<!-- This site is optimized with the Yoast SEO plugin v23.5 - https:\/\/yoast.com\/wordpress\/plugins\/seo\/ -->\n<title>Les ateliers - Sagnlandet Lejre<\/title>\n<meta name=\"robots\" content=\"index, follow, max-snippet:-1, max-image-preview:large, max-video-preview:-1\" \/>\n<link rel=\"canonical\" href=\"https:\/\/sagnlandet.dk\/fr\/the-workshops\/\" \/>\n<meta property=\"og:locale\" content=\"fr_FR\" \/>\n<meta property=\"og:type\" content=\"article\" \/>\n<meta property=\"og:title\" content=\"Les ateliers - Sagnlandet Lejre\" \/>\n<meta property=\"og:description\" content=\"Les ateliers Deux petites maisons blanches au toit de chaume sont nich\u00e9es en bordure de Vides\u00f8. Elles abritent les ateliers historiques de Lejre Land of Legends. La poterie abrite les potiers, tandis qu&#8217;\u00e0 c\u00f4t\u00e9, ils travaillent le textile. Entrez dans l&#8217;atelier du potier et observez le tournage d&#8217;une tasse sur l&#8217;\u00e9tabli. Ou peut-\u00eatre qu&#8217;un pot [&hellip;]\" \/>\n<meta property=\"og:url\" content=\"https:\/\/sagnlandet.dk\/fr\/the-workshops\/\" \/>\n<meta property=\"og:site_name\" content=\"Sagnlandet Lejre\" \/>\n<meta property=\"article:modified_time\" content=\"2025-02-24T06:24:26+00:00\" \/>\n<meta property=\"og:image\" content=\"https:\/\/sagnlandet.dk\/fr\/wp-content\/uploads\/sites\/12\/2025\/02\/plantefarvning-2017-30-1.jpg\" \/>\n\t<meta property=\"og:image:width\" content=\"2331\" \/>\n\t<meta property=\"og:image:height\" content=\"1442\" \/>\n\t<meta property=\"og:image:type\" content=\"image\/jpeg\" \/>\n<meta name=\"twitter:card\" content=\"summary_large_image\" \/>\n<meta name=\"twitter:label1\" content=\"Dur\u00e9e de lecture estim\u00e9e\" \/>\n\t<meta name=\"twitter:data1\" content=\"3 minutes\" \/>\n<!-- \/ Yoast SEO plugin. -->","yoast_head_json":{"title":"Les ateliers - Sagnlandet Lejre","robots":{"index":"index","follow":"follow","max-snippet":"max-snippet:-1","max-image-preview":"max-image-preview:large","max-video-preview":"max-video-preview:-1"},"canonical":"https:\/\/sagnlandet.dk\/fr\/the-workshops\/","og_locale":"fr_FR","og_type":"article","og_title":"Les ateliers - Sagnlandet Lejre","og_description":"Les ateliers Deux petites maisons blanches au toit de chaume sont nich\u00e9es en bordure de Vides\u00f8. Elles abritent les ateliers historiques de Lejre Land of Legends. La poterie abrite les potiers, tandis qu&#8217;\u00e0 c\u00f4t\u00e9, ils travaillent le textile. Entrez dans l&#8217;atelier du potier et observez le tournage d&#8217;une tasse sur l&#8217;\u00e9tabli. Ou peut-\u00eatre qu&#8217;un pot [&hellip;]","og_url":"https:\/\/sagnlandet.dk\/fr\/the-workshops\/","og_site_name":"Sagnlandet Lejre","article_modified_time":"2025-02-24T06:24:26+00:00","og_image":[{"width":2331,"height":1442,"url":"https:\/\/sagnlandet.dk\/fr\/wp-content\/uploads\/sites\/12\/2025\/02\/plantefarvning-2017-30-1.jpg","type":"image\/jpeg"}],"twitter_card":"summary_large_image","twitter_misc":{"Dur\u00e9e de lecture estim\u00e9e":"3 minutes"},"schema":{"@context":"https:\/\/schema.org","@graph":[{"@type":"WebPage","@id":"https:\/\/sagnlandet.dk\/fr\/the-workshops\/","url":"https:\/\/sagnlandet.dk\/fr\/the-workshops\/","name":"Les ateliers - Sagnlandet Lejre","isPartOf":{"@id":"https:\/\/sagnlandet.dk\/fr\/#website"},"primaryImageOfPage":{"@id":"https:\/\/sagnlandet.dk\/fr\/the-workshops\/#primaryimage"},"image":{"@id":"https:\/\/sagnlandet.dk\/fr\/the-workshops\/#primaryimage"},"thumbnailUrl":"https:\/\/sagnlandet.dk\/fr\/wp-content\/uploads\/sites\/12\/2025\/02\/plantefarvning-2017-30-1-1.jpg","datePublished":"2024-10-15T07:56:03+00:00","dateModified":"2025-02-24T06:24:26+00:00","breadcrumb":{"@id":"https:\/\/sagnlandet.dk\/fr\/the-workshops\/#breadcrumb"},"inLanguage":"fr-FR","potentialAction":[{"@type":"ReadAction","target":["https:\/\/sagnlandet.dk\/fr\/the-workshops\/"]}]},{"@type":"ImageObject","inLanguage":"fr-FR","@id":"https:\/\/sagnlandet.dk\/fr\/the-workshops\/#primaryimage","url":"https:\/\/sagnlandet.dk\/fr\/wp-content\/uploads\/sites\/12\/2025\/02\/plantefarvning-2017-30-1-1.jpg","contentUrl":"https:\/\/sagnlandet.dk\/fr\/wp-content\/uploads\/sites\/12\/2025\/02\/plantefarvning-2017-30-1-1.jpg","width":2331,"height":1442},{"@type":"BreadcrumbList","@id":"https:\/\/sagnlandet.dk\/fr\/the-workshops\/#breadcrumb","itemListElement":[{"@type":"ListItem","position":1,"name":"Hjem","item":"https:\/\/sagnlandet.dk\/fr\/"},{"@type":"ListItem","position":2,"name":"The workshops"}]},{"@type":"WebSite","@id":"https:\/\/sagnlandet.dk\/fr\/#website","url":"https:\/\/sagnlandet.dk\/fr\/","name":"Sagnlandet Lejre","description":"","publisher":{"@id":"https:\/\/sagnlandet.dk\/fr\/#organization"},"potentialAction":[{"@type":"SearchAction","target":{"@type":"EntryPoint","urlTemplate":"https:\/\/sagnlandet.dk\/fr\/?s={search_term_string}"},"query-input":{"@type":"PropertyValueSpecification","valueRequired":true,"valueName":"search_term_string"}}],"inLanguage":"fr-FR"},{"@type":"Organization","@id":"https:\/\/sagnlandet.dk\/fr\/#organization","name":"Sagnlandet Lejre","url":"https:\/\/sagnlandet.dk\/fr\/","logo":{"@type":"ImageObject","inLanguage":"fr-FR","@id":"https:\/\/sagnlandet.dk\/fr\/#\/schema\/logo\/image\/","url":"https:\/\/sagnlandet.dk\/fr\/wp-content\/uploads\/sites\/12\/1738\/65\/logo.png","contentUrl":"https:\/\/sagnlandet.dk\/fr\/wp-content\/uploads\/sites\/12\/1738\/65\/logo.png","width":398,"height":143,"caption":"Sagnlandet Lejre"},"image":{"@id":"https:\/\/sagnlandet.dk\/fr\/#\/schema\/logo\/image\/"}}]}},"_links":{"self":[{"href":"https:\/\/sagnlandet.dk\/fr\/wp-json\/wp\/v2\/pages\/70124"}],"collection":[{"href":"https:\/\/sagnlandet.dk\/fr\/wp-json\/wp\/v2\/pages"}],"about":[{"href":"https:\/\/sagnlandet.dk\/fr\/wp-json\/wp\/v2\/types\/page"}],"author":[{"embeddable":true,"href":"https:\/\/sagnlandet.dk\/fr\/wp-json\/wp\/v2\/users\/3"}],"replies":[{"embeddable":true,"href":"https:\/\/sagnlandet.dk\/fr\/wp-json\/wp\/v2\/comments?post=70124"}],"version-history":[{"count":3,"href":"https:\/\/sagnlandet.dk\/fr\/wp-json\/wp\/v2\/pages\/70124\/revisions"}],"predecessor-version":[{"id":71253,"href":"https:\/\/sagnlandet.dk\/fr\/wp-json\/wp\/v2\/pages\/70124\/revisions\/71253"}],"wp:featuredmedia":[{"embeddable":true,"href":"https:\/\/sagnlandet.dk\/fr\/wp-json\/wp\/v2\/media\/71062"}],"wp:attachment":[{"href":"https:\/\/sagnlandet.dk\/fr\/wp-json\/wp\/v2\/media?parent=70124"}],"curies":[{"name":"wp","href":"https:\/\/api.w.org\/{rel}","templated":true}]}}