{"id":70113,"date":"2024-10-15T09:16:05","date_gmt":"2024-10-15T07:16:05","guid":{"rendered":"https:\/\/sagnlandet.dk\/stenalderen\/"},"modified":"2025-02-24T07:24:29","modified_gmt":"2025-02-24T06:24:29","slug":"lage-de-pierre","status":"publish","type":"page","link":"https:\/\/sagnlandet.dk\/fr\/lage-de-pierre\/","title":{"rendered":"L&#8217;\u00e2ge de pierre"},"content":{"rendered":"\r\n\r\n<section class=\"standout-section standout-block standout-basic alignfull rounded-bg wp-elements-00b62d69f8aeef243c30babbeeb09e97 hero-section side-spacing has-bg has-bg-img bg-size-cover bg-align-horizontal-center bg-align-vertical-center has-text-color\" style=\"color: #ffffff;\">\r\n\r\n\t<div class=\"standout-max-container\">\t\r\n\r\n<div class=\"standout-block-inner\">\r\n\t\t\t\r\n\t<div class=\"standout-block-background-deco\" style=\"--bg-align-vertical: center; --bg-align-horizontal: center; --bg-object-position: center center\">\r\n\t\t<img loading=\"lazy\" decoding=\"async\" width=\"1920\" height=\"1133\" src=\"https:\/\/sagnlandet.dk\/fr\/wp-content\/uploads\/sites\/12\/2025\/02\/img-2677-scaled-1.jpg\" class=\"standout-block-background-deco-element\" alt=\"\" srcset=\"https:\/\/sagnlandet.dk\/fr\/wp-content\/uploads\/sites\/12\/2025\/02\/img-2677-scaled-1.jpg 2560w, https:\/\/sagnlandet.dk\/fr\/wp-content\/uploads\/sites\/12\/2025\/02\/img-2677-scaled-1-600x354.jpg 600w, https:\/\/sagnlandet.dk\/fr\/wp-content\/uploads\/sites\/12\/2025\/02\/img-2677-scaled-1-1920x1133.jpg 1920w, https:\/\/sagnlandet.dk\/fr\/wp-content\/uploads\/sites\/12\/2025\/02\/img-2677-scaled-1-1536x906.jpg 1536w, https:\/\/sagnlandet.dk\/fr\/wp-content\/uploads\/sites\/12\/2025\/02\/img-2677-scaled-1-2048x1208.jpg 2048w, https:\/\/sagnlandet.dk\/fr\/wp-content\/uploads\/sites\/12\/2025\/02\/img-2677-scaled-1-170x100.jpg 170w, https:\/\/sagnlandet.dk\/fr\/wp-content\/uploads\/sites\/12\/2025\/02\/img-2677-scaled-1-1200x708.jpg 1200w, https:\/\/sagnlandet.dk\/fr\/wp-content\/uploads\/sites\/12\/2025\/02\/img-2677-scaled-1-1320x779.jpg 1320w\" sizes=\"(max-width: 1920px) 100vw, 1920px\" \/>\t<\/div>\r\n\r\n\t\t\r\n\t\t\t\t\t\t<div class=\"acf-innerblocks-container\">\n\n<h1 class=\"wp-block-heading\">Liste visite les chasseurs de l&#8217;\u00e2ge de pierre<\/h1>\n\n\n\n<p class=\"has-h-6-font-size\">Rencontrez le chasseur de l&#8217;\u00e2ge de pierre dans le Lejre Land of Legends.<\/p>\n\n<\/div>\r\n\t\t\t\r\n\t\t\t<div class=\"standout-hero-information\"><div class=\"standout-hero-information-inner\">Voir le programme de la journ\u00e9e <a href=\"https:\/\/sagnlandet.dk\/fr\/programme-de-jour\/\">ici <span height=\"1em\" class=\"standout-custom-svg custom-svg\"><?xml version=\"1.0\" encoding=\"UTF-8\"?><svg height=\"1em\" id=\"a\" xmlns=\"http:\/\/www.w3.org\/2000\/svg\" viewBox=\"0 0 16.28 22.02\"><path d=\"M5.4,18.67h-.24c-.77.76-1.5,1.5-2.28,2.28v.35h-.36c-.24.26-.45.47-.68.71H.74c0-.15-.01-.28-.02-.37-.24-.23-.45-.43-.7-.66v-.34c.08-.05.15-.1.23-.15-.06-.05-.14-.09-.19-.15-.03-.04-.06-.13-.04-.15.13-.13.28-.24.46-.39,0-.08,0-.22.01-.29.52-.52,1.01-1,1.49-1.49-.01-.02-.02-.03-.04-.05.14,0,.27-.01.35-.02.32-.33.61-.62.94-.95h.35c0-.15.02-.3.02-.37.2-.2.37-.37.58-.58h.26c.48-.49.93-.94,1.42-1.44h.35v-.38c.13-.11.22-.2.31-.28,0-.02-.02-.04-.03-.06h.34c.41-.42.77-.79,1.18-1.2h.25c.57-.57,1.1-1.11,1.66-1.68h.25c.2-.19.37-.33.52-.49.04-.04.09-.16.07-.18-.12-.11-.26-.19-.38-.3-.12-.11-.22-.23-.33-.35-.11-.12-.21-.24-.32-.36-.07-.07-.15-.13-.29-.24h-.25c-.31-.33-.6-.62-.92-.96h-.3c-.15-.17-.26-.3-.41-.48h-.31c-.15-.17-.26-.3-.41-.48h-.28c-.41-.42-.77-.79-1.18-1.2h-.27c-.31-.33-.6-.62-.92-.96h-.29c-.23-.25-.44-.47-.68-.72h-.29c-.14-.17-.26-.31-.4-.48h-.31c-.14-.17-.26-.31-.41-.48h-.28c-.29-.29-.53-.54-.83-.84v-.26c-.26-.24-.47-.44-.71-.67.1-.18-.21-.52.23-.68v-.31c.22-.22.38-.38.59-.59h1.02c.14.16.25.29.4.47h.36c.02.09.04.16.06.24h.35c.23.25.44.46.68.72h.29c.15.17.26.3.42.48h.27c.33.33.61.62.94.96.06,0,.19,0,.3.02.14.16.26.3.4.47h.29c.32.33.61.62.94.96h.28c.14.17.26.31.4.48h.37c0,.36.29.21.41.24.24.26.44.47.68.72h.34c.07.11,0,.36.28.23v.48c.15,0,.29.01.38.02.31.32.59.62.91.95h.28c.23.25.44.47.68.72h.3c.14-.16.26-.3.4-.47h1.33c0-.37.27-.21.47-.25.02-.06.05-.14.07-.22h.58c.19.2.36.37.57.58v.58c-.07.01-.14.03-.2.04-.1.17.13.48-.26.48v.33c-.2.21-.34.36-.49.51-.1.11-.2.23-.31.33-.12.1-.26.18-.39.29-.03.02-.03.12-.01.14.14.12.29.24.46.38v.36c.08.03.16.06.25.08v.65c.08.02.15.04.23.06v.42c-.07.02-.14.05-.23.07v.43h-.38c-.11.12-.17.18-.23.25-.05-.07-.11-.13-.19-.23h-.55c-.15-.17-.26-.3-.41-.48h-.32c-.26-.48-.68-.1-.93-.25-.24.25-.44.46-.68.72-.07,0-.2,0-.37.02v.37c-.13.11-.22.19-.31.27,0,.02.02.04.03.06h-.33c-.66.66-1.26,1.27-1.91,1.92h-.25c-.81.81-1.57,1.58-2.39,2.4h-.35c0,.15-.02.29-.02.39-.11.11-.2.19-.35.33Z\"\/><\/svg><\/span><\/a><\/div><div class=\"standout-hero-rowing-animation\"><img decoding=\"async\" class=\"animation\" src=\"https:\/\/sagnlandet.dk\/fr\/wp-content\/themes\/s-child\/images\/rowing.png\"><\/div><\/div>\t<\/div>\r\n\r\n\r\n\r\n\t\t<\/div>\r\n<\/section>\n\n\n<h4 class=\"wp-block-heading\">Chaussez vos chaussures et dirigez-vous vers le coin le plus recul\u00e9 du Lejre Land of Legends.<\/h4>\n\n\n\n<p>Les aiguilles de l&#8217;horloge remontent \u00e0 toute vitesse jusqu&#8217;\u00e0 ce que vous atteigniez l&#8217;\u00e9poque o\u00f9 l&#8217;homme se pliait aux caprices de la nature et vivait de ce qu&#8217;il pouvait chasser et cueillir.<\/p>\n\n\n\n<p>Sur la rive du lac se dresse une petite tente. Elle ne s&#8217;\u00e9l\u00e8ve pas tr\u00e8s haut au-dessus du sol et ne peut gu\u00e8re accueillir plus de deux adultes. L&#8217;entr\u00e9e est orn\u00e9e des bois de l&#8217;animal qui a fourni les peaux pour les v\u00eatements : le renne. Accroupissez-vous, regardez \u00e0 l&#8217;int\u00e9rieur et imaginez que c&#8217;\u00e9tait votre abri pour la nuit et que le paysage \u00e9tait votre maison. Un paysage sur lequel la glace vient de rel\u00e2cher son emprise, laissant la terre expos\u00e9e peu peupl\u00e9e de quelques personnes et d&#8217;\u00e9normes animaux.<\/p>\n\n\n\n<p>Faites un bond dans le temps, promenez-vous au bord du lac et p\u00e9n\u00e9trez dans une cabane qui, en comparaison, est une salle de bal. Appr\u00e9ciez le fait qu&#8217;il est possible de se tenir debout, admirez l&#8217;ing\u00e9nieux rev\u00eatement de roseaux de la cabane et remarquez qu&#8217;\u00e0 cette \u00e9poque de l&#8217;ann\u00e9e, il y avait beaucoup de bois et de v\u00e9g\u00e9tation pour vous amuser.<\/p>\n\n\n\n<p>Faites un autre bond en avant et visitez une \u00e9poque o\u00f9 les fruits de mer \u00e9taient au menu tous les jours. Les bateaux aux lignes pures, taill\u00e9s dans des troncs d&#8217;arbre, sont amarr\u00e9s au bord du lac, juste devant l&#8217;ouverture de la maison. Asseyez-vous pr\u00e8s de la chemin\u00e9e \u00e0 l&#8217;or\u00e9e de la for\u00eat ou passez la t\u00eate \u00e0 l&#8217;int\u00e9rieur de la cabane sombre o\u00f9 la lumi\u00e8re du soleil tombe en tra\u00een\u00e9es \u00e0 travers les murs de la maison<\/p>\n\n\n\n<figure class=\"wp-block-image size-full\"><img decoding=\"async\" src=\"https:\/\/sagnlandet.dk\/wp-content\/uploads\/2025\/02\/stenalder-47-e1580468908328-1920x1444-1.jpg\" alt=\"\" class=\"wp-image-1987\"\/><\/figure>\n\n\n\n<p><strong>Village de la vague de pois d&#8217;Athra : vers 5 000 avant J.-C<\/strong><\/p>\n\n\n\n<p><strong>Cabane de Maglemose sur le promontoire : vers 9 000 av<\/strong><\/p>\n\n\n\n<p><strong>La tente du chasseur de rennes : vers 11 000 av<\/strong><\/p>\n\n\n\n<p><\/p>\n\n\n\n<figure class=\"wp-block-embed is-type-video is-provider-youtube wp-block-embed-youtube wp-embed-aspect-16-9 wp-has-aspect-ratio\"><div class=\"wp-block-embed__wrapper\">\nhttps:\/\/www.youtube.com\/watch?v=GJAmirGbmMgu0026list=PLMOLiYsryN436IvQWVWPcJmyIzgU7NBoIu0026pp=iAQB\n<\/div><\/figure>\n\n\n\n<h5 class=\"wp-block-heading\">Derniers articles<\/h5>\n\n\n\n<div class=\"wp-block-query is-layout-flow wp-block-query-is-layout-flow\">\n\n<\/div>\n\n\n\n<hr class=\"wp-block-separator has-alpha-channel-opacity\"\/>\n\n\n\n<h5 class=\"wp-block-heading\">Plus d&#8217;\u00e2ge de pierre \u00e0 Lejre Land of Legends : <\/h5>\n\n\n\r\n\r\n<section class=\"standout-section standout-block standout-columns alignwide is-slick slick-overflow\" style=\"--columns: 3; --column-span: 1; --element-alignment: flex-start;\" data-columns=\"3\">\r\n\r\n\t<div class=\"standout-max-container\">\t\r\n\r\n<div class=\"standout-block-inner\">\r\n\t\t\t<div class=\"acf-innerblocks-container\">\n\r\n\r\n<section class=\"standout-block standout-column-element\">\r\n\r\n\t<div class=\"standout-max-container\">\t\r\n\r\n<div class=\"standout-block-inner\">\r\n\t\t\r\n\t\t\t<div class=\"acf-innerblocks-container\">\n\n<\/div>\r\n\t<\/div>\r\n\r\n\r\n\r\n\t\t<\/div>\r\n<\/section>\n<\/div>\r\n\t<\/div>\r\n\r\n\r\n\r\n\t\t<\/div>\r\n<\/section>","protected":false},"excerpt":{"rendered":"<p>Chaussez vos chaussures et dirigez-vous vers le coin le plus recul\u00e9 du Lejre Land of Legends. Les aiguilles de l&#8217;horloge remontent \u00e0 toute vitesse jusqu&#8217;\u00e0 ce que vous atteigniez l&#8217;\u00e9poque o\u00f9 l&#8217;homme se pliait aux caprices de la nature et vivait de ce qu&#8217;il pouvait chasser et cueillir. Sur la rive du lac se dresse [&hellip;]<\/p>\n","protected":false},"author":3,"featured_media":71058,"parent":0,"menu_order":0,"comment_status":"open","ping_status":"open","template":"","meta":{"_acf_changed":false,"footnotes":""},"class_list":["post-70113","page","type-page","status-publish","has-post-thumbnail","hentry"],"acf":[],"yoast_head":"<!-- This site is optimized with the Yoast SEO plugin v23.5 - https:\/\/yoast.com\/wordpress\/plugins\/seo\/ -->\n<title>L&#039;\u00e2ge de pierre - Sagnlandet Lejre<\/title>\n<meta name=\"robots\" content=\"index, follow, max-snippet:-1, max-image-preview:large, max-video-preview:-1\" \/>\n<link rel=\"canonical\" href=\"https:\/\/sagnlandet.dk\/fr\/stone-age\/\" \/>\n<meta property=\"og:locale\" content=\"fr_FR\" \/>\n<meta property=\"og:type\" content=\"article\" \/>\n<meta property=\"og:title\" content=\"L&#039;\u00e2ge de pierre - Sagnlandet Lejre\" \/>\n<meta property=\"og:description\" content=\"Chaussez vos chaussures et dirigez-vous vers le coin le plus recul\u00e9 du Lejre Land of Legends. Les aiguilles de l&#8217;horloge remontent \u00e0 toute vitesse jusqu&#8217;\u00e0 ce que vous atteigniez l&#8217;\u00e9poque o\u00f9 l&#8217;homme se pliait aux caprices de la nature et vivait de ce qu&#8217;il pouvait chasser et cueillir. Sur la rive du lac se dresse [&hellip;]\" \/>\n<meta property=\"og:url\" content=\"https:\/\/sagnlandet.dk\/fr\/stone-age\/\" \/>\n<meta property=\"og:site_name\" content=\"Sagnlandet Lejre\" \/>\n<meta property=\"article:modified_time\" content=\"2025-02-24T06:24:29+00:00\" \/>\n<meta property=\"og:image\" content=\"https:\/\/sagnlandet.dk\/fr\/wp-content\/uploads\/sites\/12\/2025\/02\/img-2677-scaled-1-1.jpg\" \/>\n\t<meta property=\"og:image:width\" content=\"2560\" \/>\n\t<meta property=\"og:image:height\" content=\"1510\" \/>\n\t<meta property=\"og:image:type\" content=\"image\/jpeg\" \/>\n<meta name=\"twitter:card\" content=\"summary_large_image\" \/>\n<meta name=\"twitter:label1\" content=\"Dur\u00e9e de lecture estim\u00e9e\" \/>\n\t<meta name=\"twitter:data1\" content=\"2 minutes\" \/>\n<!-- \/ Yoast SEO plugin. -->","yoast_head_json":{"title":"L'\u00e2ge de pierre - Sagnlandet Lejre","robots":{"index":"index","follow":"follow","max-snippet":"max-snippet:-1","max-image-preview":"max-image-preview:large","max-video-preview":"max-video-preview:-1"},"canonical":"https:\/\/sagnlandet.dk\/fr\/stone-age\/","og_locale":"fr_FR","og_type":"article","og_title":"L'\u00e2ge de pierre - Sagnlandet Lejre","og_description":"Chaussez vos chaussures et dirigez-vous vers le coin le plus recul\u00e9 du Lejre Land of Legends. Les aiguilles de l&#8217;horloge remontent \u00e0 toute vitesse jusqu&#8217;\u00e0 ce que vous atteigniez l&#8217;\u00e9poque o\u00f9 l&#8217;homme se pliait aux caprices de la nature et vivait de ce qu&#8217;il pouvait chasser et cueillir. Sur la rive du lac se dresse [&hellip;]","og_url":"https:\/\/sagnlandet.dk\/fr\/stone-age\/","og_site_name":"Sagnlandet Lejre","article_modified_time":"2025-02-24T06:24:29+00:00","og_image":[{"width":2560,"height":1510,"url":"https:\/\/sagnlandet.dk\/fr\/wp-content\/uploads\/sites\/12\/2025\/02\/img-2677-scaled-1-1.jpg","type":"image\/jpeg"}],"twitter_card":"summary_large_image","twitter_misc":{"Dur\u00e9e de lecture estim\u00e9e":"2 minutes"},"schema":{"@context":"https:\/\/schema.org","@graph":[{"@type":"WebPage","@id":"https:\/\/sagnlandet.dk\/fr\/stone-age\/","url":"https:\/\/sagnlandet.dk\/fr\/stone-age\/","name":"L'\u00e2ge de pierre - Sagnlandet Lejre","isPartOf":{"@id":"https:\/\/sagnlandet.dk\/fr\/#website"},"primaryImageOfPage":{"@id":"https:\/\/sagnlandet.dk\/fr\/stone-age\/#primaryimage"},"image":{"@id":"https:\/\/sagnlandet.dk\/fr\/stone-age\/#primaryimage"},"thumbnailUrl":"https:\/\/sagnlandet.dk\/fr\/wp-content\/uploads\/sites\/12\/2025\/02\/img-2677-scaled-1-1-1.jpg","datePublished":"2024-10-15T07:16:05+00:00","dateModified":"2025-02-24T06:24:29+00:00","breadcrumb":{"@id":"https:\/\/sagnlandet.dk\/fr\/stone-age\/#breadcrumb"},"inLanguage":"fr-FR","potentialAction":[{"@type":"ReadAction","target":["https:\/\/sagnlandet.dk\/fr\/stone-age\/"]}]},{"@type":"ImageObject","inLanguage":"fr-FR","@id":"https:\/\/sagnlandet.dk\/fr\/stone-age\/#primaryimage","url":"https:\/\/sagnlandet.dk\/fr\/wp-content\/uploads\/sites\/12\/2025\/02\/img-2677-scaled-1-1-1.jpg","contentUrl":"https:\/\/sagnlandet.dk\/fr\/wp-content\/uploads\/sites\/12\/2025\/02\/img-2677-scaled-1-1-1.jpg","width":2560,"height":1510},{"@type":"BreadcrumbList","@id":"https:\/\/sagnlandet.dk\/fr\/stone-age\/#breadcrumb","itemListElement":[{"@type":"ListItem","position":1,"name":"Hjem","item":"https:\/\/sagnlandet.dk\/fr\/"},{"@type":"ListItem","position":2,"name":"Stone Age"}]},{"@type":"WebSite","@id":"https:\/\/sagnlandet.dk\/fr\/#website","url":"https:\/\/sagnlandet.dk\/fr\/","name":"Sagnlandet Lejre","description":"","publisher":{"@id":"https:\/\/sagnlandet.dk\/fr\/#organization"},"potentialAction":[{"@type":"SearchAction","target":{"@type":"EntryPoint","urlTemplate":"https:\/\/sagnlandet.dk\/fr\/?s={search_term_string}"},"query-input":{"@type":"PropertyValueSpecification","valueRequired":true,"valueName":"search_term_string"}}],"inLanguage":"fr-FR"},{"@type":"Organization","@id":"https:\/\/sagnlandet.dk\/fr\/#organization","name":"Sagnlandet Lejre","url":"https:\/\/sagnlandet.dk\/fr\/","logo":{"@type":"ImageObject","inLanguage":"fr-FR","@id":"https:\/\/sagnlandet.dk\/fr\/#\/schema\/logo\/image\/","url":"https:\/\/sagnlandet.dk\/fr\/wp-content\/uploads\/sites\/12\/1738\/65\/logo.png","contentUrl":"https:\/\/sagnlandet.dk\/fr\/wp-content\/uploads\/sites\/12\/1738\/65\/logo.png","width":398,"height":143,"caption":"Sagnlandet Lejre"},"image":{"@id":"https:\/\/sagnlandet.dk\/fr\/#\/schema\/logo\/image\/"}}]}},"_links":{"self":[{"href":"https:\/\/sagnlandet.dk\/fr\/wp-json\/wp\/v2\/pages\/70113"}],"collection":[{"href":"https:\/\/sagnlandet.dk\/fr\/wp-json\/wp\/v2\/pages"}],"about":[{"href":"https:\/\/sagnlandet.dk\/fr\/wp-json\/wp\/v2\/types\/page"}],"author":[{"embeddable":true,"href":"https:\/\/sagnlandet.dk\/fr\/wp-json\/wp\/v2\/users\/3"}],"replies":[{"embeddable":true,"href":"https:\/\/sagnlandet.dk\/fr\/wp-json\/wp\/v2\/comments?post=70113"}],"version-history":[{"count":4,"href":"https:\/\/sagnlandet.dk\/fr\/wp-json\/wp\/v2\/pages\/70113\/revisions"}],"predecessor-version":[{"id":71250,"href":"https:\/\/sagnlandet.dk\/fr\/wp-json\/wp\/v2\/pages\/70113\/revisions\/71250"}],"wp:featuredmedia":[{"embeddable":true,"href":"https:\/\/sagnlandet.dk\/fr\/wp-json\/wp\/v2\/media\/71058"}],"wp:attachment":[{"href":"https:\/\/sagnlandet.dk\/fr\/wp-json\/wp\/v2\/media?parent=70113"}],"curies":[{"name":"wp","href":"https:\/\/api.w.org\/{rel}","templated":true}]}}