{"id":70008,"date":"2024-09-27T09:10:33","date_gmt":"2024-09-27T07:10:33","guid":{"rendered":"https:\/\/sagnlandet.dk\/job-i-sagnlandet-lejre\/"},"modified":"2025-02-24T07:25:14","modified_gmt":"2025-02-24T06:25:14","slug":"emplois-a-lejre-land-of-legends","status":"publish","type":"page","link":"https:\/\/sagnlandet.dk\/fr\/emplois-a-lejre-land-of-legends\/","title":{"rendered":"Emplois \u00e0 Lejre Land of Legends"},"content":{"rendered":"\r\n\r\n<section class=\"standout-section standout-block standout-basic alignfull rounded-bg wp-elements-ee84dca6e09eb67c9b9cd3ed6ace2f86 side-spacing has-bg has-bg-img bg-size-cover bg-align-horizontal-center bg-align-vertical-center has-text-color\" style=\"color: #ffffff;\">\r\n\r\n\t<div class=\"standout-max-container\">\t\r\n\r\n<div class=\"standout-block-inner\">\r\n\t\t\t\r\n\t<div class=\"standout-block-background-deco\" style=\"--bg-align-vertical: center; --bg-align-horizontal: center; --bg-object-position: center center\">\r\n\t\t<img loading=\"lazy\" decoding=\"async\" width=\"1920\" height=\"773\" src=\"https:\/\/sagnlandet.dk\/fr\/wp-content\/uploads\/sites\/12\/2025\/02\/beowulf-forloeb-1-6-2016-13-scaled-e1614091081283-1.jpg\" class=\"standout-block-background-deco-element\" alt=\"\" srcset=\"https:\/\/sagnlandet.dk\/fr\/wp-content\/uploads\/sites\/12\/2025\/02\/beowulf-forloeb-1-6-2016-13-scaled-e1614091081283-1.jpg 2560w, https:\/\/sagnlandet.dk\/fr\/wp-content\/uploads\/sites\/12\/2025\/02\/beowulf-forloeb-1-6-2016-13-scaled-e1614091081283-1-600x241.jpg 600w, https:\/\/sagnlandet.dk\/fr\/wp-content\/uploads\/sites\/12\/2025\/02\/beowulf-forloeb-1-6-2016-13-scaled-e1614091081283-1-1920x773.jpg 1920w, https:\/\/sagnlandet.dk\/fr\/wp-content\/uploads\/sites\/12\/2025\/02\/beowulf-forloeb-1-6-2016-13-scaled-e1614091081283-1-1536x618.jpg 1536w, https:\/\/sagnlandet.dk\/fr\/wp-content\/uploads\/sites\/12\/2025\/02\/beowulf-forloeb-1-6-2016-13-scaled-e1614091081283-1-2048x824.jpg 2048w, https:\/\/sagnlandet.dk\/fr\/wp-content\/uploads\/sites\/12\/2025\/02\/beowulf-forloeb-1-6-2016-13-scaled-e1614091081283-1-249x100.jpg 249w, https:\/\/sagnlandet.dk\/fr\/wp-content\/uploads\/sites\/12\/2025\/02\/beowulf-forloeb-1-6-2016-13-scaled-e1614091081283-1-1200x483.jpg 1200w, https:\/\/sagnlandet.dk\/fr\/wp-content\/uploads\/sites\/12\/2025\/02\/beowulf-forloeb-1-6-2016-13-scaled-e1614091081283-1-1320x531.jpg 1320w\" sizes=\"(max-width: 1920px) 100vw, 1920px\" \/>\t<\/div>\r\n\r\n\t\t\r\n\t\t\t\t\t\t<div class=\"acf-innerblocks-container\">\n\n<h1 class=\"wp-block-heading\">EMPLOIS DANS LEJRE LAND OF LEGENDS<\/h1>\n\n<\/div>\r\n\t\t\t\r\n\t<\/div>\r\n\r\n\r\n\r\n\t\t<\/div>\r\n<\/section>\n\n\r\n\r\n<section class=\"standout-section standout-block standout-basic alignwide\">\r\n\r\n\t<div class=\"standout-max-container\">\t\r\n\r\n<div class=\"standout-block-inner\">\r\n\t\r\n\t\t\t\t\t\t<div class=\"acf-innerblocks-container\">\n\n<h3 class=\"wp-block-heading\"><strong>Lejre Land of Legends est-il votre prochain lieu de travail ?<\/strong><\/h3>\n\n\n\n<p>Sur cette page, vous trouverez toutes les offres d&#8217;emploi actuelles de Lejre Land of Legends :<\/p>\n\n\n\n<p class=\"has-color-2-hover-color has-text-color has-link-color wp-elements-07b667a84f51dc70b31e0d3847edd81f\"><a href=\"https:\/\/sagnlandet.dk\/fr\/les-gourmands-et-les-passionnes-dhistoire-au-cafe-hvidesohus-2\/\"><strong>Un passionn\u00e9 de gastronomie et d&#8217;histoire pour le Caf\u00e9 Hvides\u00f8hus<\/strong><\/a><\/p>\n\n<\/div>\r\n\t\t\t\r\n\t<\/div>\r\n\r\n\r\n\r\n\t\t<\/div>\r\n<\/section>\n\n\n<p><\/p>\n","protected":false},"excerpt":{"rendered":"","protected":false},"author":3,"featured_media":71078,"parent":0,"menu_order":0,"comment_status":"open","ping_status":"open","template":"","meta":{"_acf_changed":false,"footnotes":""},"class_list":["post-70008","page","type-page","status-publish","has-post-thumbnail","hentry"],"acf":[],"yoast_head":"<!-- This site is optimized with the Yoast SEO plugin v23.5 - https:\/\/yoast.com\/wordpress\/plugins\/seo\/ -->\n<title>Emplois \u00e0 Lejre Land of Legends - Sagnlandet Lejre<\/title>\n<meta name=\"robots\" content=\"index, follow, max-snippet:-1, max-image-preview:large, max-video-preview:-1\" \/>\n<link rel=\"canonical\" href=\"https:\/\/sagnlandet.dk\/fr\/jobs-in-lejre-land-of-legends\/\" \/>\n<meta property=\"og:locale\" content=\"fr_FR\" \/>\n<meta property=\"og:type\" content=\"article\" \/>\n<meta property=\"og:title\" content=\"Emplois \u00e0 Lejre Land of Legends - Sagnlandet Lejre\" \/>\n<meta property=\"og:url\" content=\"https:\/\/sagnlandet.dk\/fr\/jobs-in-lejre-land-of-legends\/\" \/>\n<meta property=\"og:site_name\" content=\"Sagnlandet Lejre\" \/>\n<meta property=\"article:modified_time\" content=\"2025-02-24T06:25:14+00:00\" \/>\n<meta property=\"og:image\" content=\"https:\/\/sagnlandet.dk\/fr\/wp-content\/uploads\/sites\/12\/2025\/02\/beowulf-forloeb-1-6-2016-13-scaled-e1614091081283-2.jpg\" \/>\n\t<meta property=\"og:image:width\" content=\"2560\" \/>\n\t<meta property=\"og:image:height\" content=\"1030\" \/>\n\t<meta property=\"og:image:type\" content=\"image\/jpeg\" \/>\n<meta name=\"twitter:card\" content=\"summary_large_image\" \/>\n<meta name=\"twitter:label1\" content=\"Dur\u00e9e de lecture estim\u00e9e\" \/>\n\t<meta name=\"twitter:data1\" content=\"1 minute\" \/>\n<!-- \/ Yoast SEO plugin. -->","yoast_head_json":{"title":"Emplois \u00e0 Lejre Land of Legends - Sagnlandet Lejre","robots":{"index":"index","follow":"follow","max-snippet":"max-snippet:-1","max-image-preview":"max-image-preview:large","max-video-preview":"max-video-preview:-1"},"canonical":"https:\/\/sagnlandet.dk\/fr\/jobs-in-lejre-land-of-legends\/","og_locale":"fr_FR","og_type":"article","og_title":"Emplois \u00e0 Lejre Land of Legends - Sagnlandet Lejre","og_url":"https:\/\/sagnlandet.dk\/fr\/jobs-in-lejre-land-of-legends\/","og_site_name":"Sagnlandet Lejre","article_modified_time":"2025-02-24T06:25:14+00:00","og_image":[{"width":2560,"height":1030,"url":"https:\/\/sagnlandet.dk\/fr\/wp-content\/uploads\/sites\/12\/2025\/02\/beowulf-forloeb-1-6-2016-13-scaled-e1614091081283-2.jpg","type":"image\/jpeg"}],"twitter_card":"summary_large_image","twitter_misc":{"Dur\u00e9e de lecture estim\u00e9e":"1 minute"},"schema":{"@context":"https:\/\/schema.org","@graph":[{"@type":"WebPage","@id":"https:\/\/sagnlandet.dk\/fr\/jobs-in-lejre-land-of-legends\/","url":"https:\/\/sagnlandet.dk\/fr\/jobs-in-lejre-land-of-legends\/","name":"Emplois \u00e0 Lejre Land of Legends - Sagnlandet Lejre","isPartOf":{"@id":"https:\/\/sagnlandet.dk\/fr\/#website"},"primaryImageOfPage":{"@id":"https:\/\/sagnlandet.dk\/fr\/jobs-in-lejre-land-of-legends\/#primaryimage"},"image":{"@id":"https:\/\/sagnlandet.dk\/fr\/jobs-in-lejre-land-of-legends\/#primaryimage"},"thumbnailUrl":"https:\/\/sagnlandet.dk\/fr\/wp-content\/uploads\/sites\/12\/2025\/02\/beowulf-forloeb-1-6-2016-13-scaled-e1614091081283-2-1.jpg","datePublished":"2024-09-27T07:10:33+00:00","dateModified":"2025-02-24T06:25:14+00:00","breadcrumb":{"@id":"https:\/\/sagnlandet.dk\/fr\/jobs-in-lejre-land-of-legends\/#breadcrumb"},"inLanguage":"fr-FR","potentialAction":[{"@type":"ReadAction","target":["https:\/\/sagnlandet.dk\/fr\/jobs-in-lejre-land-of-legends\/"]}]},{"@type":"ImageObject","inLanguage":"fr-FR","@id":"https:\/\/sagnlandet.dk\/fr\/jobs-in-lejre-land-of-legends\/#primaryimage","url":"https:\/\/sagnlandet.dk\/fr\/wp-content\/uploads\/sites\/12\/2025\/02\/beowulf-forloeb-1-6-2016-13-scaled-e1614091081283-2-1.jpg","contentUrl":"https:\/\/sagnlandet.dk\/fr\/wp-content\/uploads\/sites\/12\/2025\/02\/beowulf-forloeb-1-6-2016-13-scaled-e1614091081283-2-1.jpg","width":2560,"height":1030},{"@type":"BreadcrumbList","@id":"https:\/\/sagnlandet.dk\/fr\/jobs-in-lejre-land-of-legends\/#breadcrumb","itemListElement":[{"@type":"ListItem","position":1,"name":"Hjem","item":"https:\/\/sagnlandet.dk\/fr\/"},{"@type":"ListItem","position":2,"name":"Jobs in Lejre Land of Legends"}]},{"@type":"WebSite","@id":"https:\/\/sagnlandet.dk\/fr\/#website","url":"https:\/\/sagnlandet.dk\/fr\/","name":"Sagnlandet Lejre","description":"","publisher":{"@id":"https:\/\/sagnlandet.dk\/fr\/#organization"},"potentialAction":[{"@type":"SearchAction","target":{"@type":"EntryPoint","urlTemplate":"https:\/\/sagnlandet.dk\/fr\/?s={search_term_string}"},"query-input":{"@type":"PropertyValueSpecification","valueRequired":true,"valueName":"search_term_string"}}],"inLanguage":"fr-FR"},{"@type":"Organization","@id":"https:\/\/sagnlandet.dk\/fr\/#organization","name":"Sagnlandet Lejre","url":"https:\/\/sagnlandet.dk\/fr\/","logo":{"@type":"ImageObject","inLanguage":"fr-FR","@id":"https:\/\/sagnlandet.dk\/fr\/#\/schema\/logo\/image\/","url":"https:\/\/sagnlandet.dk\/fr\/wp-content\/uploads\/sites\/12\/1738\/65\/logo.png","contentUrl":"https:\/\/sagnlandet.dk\/fr\/wp-content\/uploads\/sites\/12\/1738\/65\/logo.png","width":398,"height":143,"caption":"Sagnlandet Lejre"},"image":{"@id":"https:\/\/sagnlandet.dk\/fr\/#\/schema\/logo\/image\/"}}]}},"_links":{"self":[{"href":"https:\/\/sagnlandet.dk\/fr\/wp-json\/wp\/v2\/pages\/70008"}],"collection":[{"href":"https:\/\/sagnlandet.dk\/fr\/wp-json\/wp\/v2\/pages"}],"about":[{"href":"https:\/\/sagnlandet.dk\/fr\/wp-json\/wp\/v2\/types\/page"}],"author":[{"embeddable":true,"href":"https:\/\/sagnlandet.dk\/fr\/wp-json\/wp\/v2\/users\/3"}],"replies":[{"embeddable":true,"href":"https:\/\/sagnlandet.dk\/fr\/wp-json\/wp\/v2\/comments?post=70008"}],"version-history":[{"count":7,"href":"https:\/\/sagnlandet.dk\/fr\/wp-json\/wp\/v2\/pages\/70008\/revisions"}],"predecessor-version":[{"id":71113,"href":"https:\/\/sagnlandet.dk\/fr\/wp-json\/wp\/v2\/pages\/70008\/revisions\/71113"}],"wp:featuredmedia":[{"embeddable":true,"href":"https:\/\/sagnlandet.dk\/fr\/wp-json\/wp\/v2\/media\/71078"}],"wp:attachment":[{"href":"https:\/\/sagnlandet.dk\/fr\/wp-json\/wp\/v2\/media?parent=70008"}],"curies":[{"name":"wp","href":"https:\/\/api.w.org\/{rel}","templated":true}]}}