{"id":70001,"date":"2024-09-26T14:48:36","date_gmt":"2024-09-26T12:48:36","guid":{"rendered":"https:\/\/sagnlandet.dk\/flyve-ask\/"},"modified":"2025-02-24T07:25:17","modified_gmt":"2025-02-24T06:25:17","slug":"cendres-volantes","status":"publish","type":"page","link":"https:\/\/sagnlandet.dk\/fr\/cendres-volantes\/","title":{"rendered":"Cendres volantes"},"content":{"rendered":"\r\n\r\n<section class=\"standout-section standout-block standout-basic alignwide\">\r\n\r\n\t<div class=\"standout-max-container\">\t\r\n\r\n<div class=\"standout-block-inner\">\r\n\t\r\n\t\t\t\t\t\t<div class=\"acf-innerblocks-container\">\n\n<div class=\"wp-block-cover is-light\"><span aria-hidden=\"true\" class=\"wp-block-cover__background has-background-dim\" style=\"background-color:#928c6c\"><\/span><img decoding=\"async\" class=\"wp-block-cover__image-background wp-image-1379\" alt=\"\" src=\"https:\/\/sagnlandet.dk\/wp-content\/uploads\/2025\/02\/familie-2016-37-scaled-1.jpg\" data-object-fit=\"cover\"\/><div class=\"wp-block-cover__inner-container is-layout-constrained wp-block-cover-is-layout-constrained\">\n<h1 class=\"wp-block-heading has-text-align-center has-color-bg-color has-text-color has-link-color has-large-font-size wp-elements-c4b39d3eff8b735f749f8c98b3d942b3\">Cendres volantes<\/h1>\n<\/div><\/div>\n\n<\/div>\r\n\t\t\t\r\n\t<\/div>\r\n\r\n\r\n\r\n\t\t<\/div>\r\n<\/section>\n\n\n<hr class=\"wp-block-separator has-alpha-channel-opacity\"\/>\n\n\n\n<h3 class=\"wp-block-heading\">Flyve Ask est publi\u00e9 selon les besoins, 4 \u00e0 6 fois par an.<\/h3>\n\n\n\n<h4 class=\"wp-block-heading\">Cliquez sur le lien ci-dessous pour t\u00e9l\u00e9charger le magazine.<\/h4>\n\n\n\n<hr class=\"wp-block-separator has-alpha-channel-opacity\"\/>\n\n\n\n<div class=\"wp-block-columns is-layout-flex wp-container-core-columns-is-layout-1 wp-block-columns-is-layout-flex\">\n<div class=\"wp-block-column is-layout-flow wp-block-column-is-layout-flow\">\n<h4 class=\"wp-block-heading\">Parutions en 2024<\/h4>\n\n\n\n<p><a href=\"https:\/\/sagnlandet.dk\/wp-content\/uploads\/2024\/09\/flyve-ask-2024-01-januar.pdf\">&#8220;Demande de cendres volantes&#8221; janvier 2024<\/a><br><\/p>\n\n\n\n<p><a href=\"https:\/\/sagnlandet.dk\/wp-content\/uploads\/2024\/09\/flyve-ask-2024-04-april.pdf\">&#8220;Flyve Ask&#8221; avril 2024<\/a><\/p>\n\n\n\n<p><a href=\"https:\/\/sagnlandet.dk\/wp-content\/uploads\/2024\/09\/flyve-ask-2024-05-maj.pdf\">&#8220;Cendres volantes Mai 2024<\/a><br><\/p>\n\n\n\n<p><a href=\"https:\/\/sagnlandet.dk\/wp-content\/uploads\/2024\/09\/flyve-ask-2024-07-juli.pdf\">&#8220;Cendres volantes Juillet 2024<\/a><br><\/p>\n\n\n\n<p><a href=\"https:\/\/sagnlandet.dk\/wp-content\/uploads\/2024\/09\/flyve-ask-2024-09-september.pdf\">&#8220;Cendre volante Septembre 2024<\/a><\/p>\n\n\n\n<p><a href=\"https:\/\/sagnlandet.dk\/wp-content\/uploads\/2024\/10\/Flyveask-Oktober-2024.pdf\">&#8220;Cendres volantes&#8221; Septembre 2024<\/a><\/p>\n<\/div>\n\n\n\n<div class=\"wp-block-column is-layout-flow wp-block-column-is-layout-flow\">\n<h4 class=\"wp-block-heading\">Sorties en 2023<\/h4>\n\n\n\n<p><a href=\"https:\/\/sagnlandet.dk\/wp-content\/uploads\/2024\/09\/flyve-ask-2023-02-februar.pdf\">&#8220;Fr\u00eane volant&#8221; F\u00e9vrier 2023<\/a><\/p>\n\n\n\n<p><a href=\"https:\/\/sagnlandet.dk\/wp-content\/uploads\/2024\/09\/flyve-ask-2023-03-marts.pdf\">&#8220;Cendre volante&#8221; Mars 2023<\/a><\/p>\n\n\n\n<p><a href=\"https:\/\/sagnlandet.dk\/wp-content\/uploads\/2024\/09\/flyve-ask-2023-04-april.pdf\">&#8220;Cendres volantes Avril 2023<\/a><\/p>\n\n\n\n<p><a href=\"https:\/\/sagnlandet.dk\/wp-content\/uploads\/2024\/09\/flyve-ask-2023-05-maj.pdf\">&#8220;Cendres volantes Mai 2023<\/a><\/p>\n\n\n\n<p><a href=\"https:\/\/sagnlandet.dk\/wp-content\/uploads\/2024\/09\/flyve-ask-2023-08-august.pdf\">&#8220;Cendres volantes Ao\u00fbt 2023<\/a><\/p>\n\n\n\n<p><a href=\"https:\/\/sagnlandet.dk\/wp-content\/uploads\/2024\/09\/flyve-ask-2023-09-september.pdf\">&#8220;Cendre volante Septembre 2023<\/a><\/p>\n\n\n\n<p><a href=\"https:\/\/sagnlandet.dk\/wp-content\/uploads\/2024\/09\/flyve-ask-2023-10-oktober.pdf\">&#8220;Demande de vol&#8221; Octobre 2023<\/a><br><\/p>\n\n\n\n<p><a href=\"https:\/\/sagnlandet.dk\/wp-content\/uploads\/2024\/09\/flyve-ask-2023-11-november.pdf\">&#8220;Demande de vol&#8221; Novembre 2023<\/a><br><\/p>\n\n\n\n<p><a href=\"https:\/\/sagnlandet.dk\/wp-content\/uploads\/2024\/09\/flyve-ask-2023-12-december.pdf\">&#8220;Cendre volante D\u00e9cembre 2023<\/a><\/p>\n<\/div>\n\n\n\n<div class=\"wp-block-column is-layout-flow wp-block-column-is-layout-flow\">\n<h4 class=\"wp-block-heading\">Sorties en 2022<\/h4>\n\n\n\n<p><a href=\"https:\/\/sagnlandet.dk\/wp-content\/uploads\/2024\/09\/flyve-ask-2022-02-februar.pdf\">&#8220;Flying Ash F\u00e9vrier 2022<\/a><\/p>\n\n\n\n<p><a href=\"https:\/\/sagnlandet.dk\/wp-content\/uploads\/2024\/09\/flyve-ask-2022-03-marts.pdf\">&#8220;Cendres volantes Mars 2022<\/a><\/p>\n\n\n\n<p><a href=\"https:\/\/sagnlandet.dk\/wp-content\/uploads\/2024\/09\/flyve-ask-2022-04-april.pdf\">&#8220;Cendres volantes Avril 2022<\/a><\/p>\n\n\n\n<p><a href=\"https:\/\/sagnlandet.dk\/wp-content\/uploads\/2024\/09\/flyve-ask-2022-06-juni.pdf\">&#8220;Cendres volantes Juin 2022<\/a><\/p>\n\n\n\n<p><a href=\"https:\/\/sagnlandet.dk\/wp-content\/uploads\/2024\/09\/flyve-ask-2022-09-september.pdf\">&#8220;Cendre volante&#8221; Septembre 2022<\/a><\/p>\n\n\n\n<p><a href=\"https:\/\/sagnlandet.dk\/wp-content\/uploads\/2024\/09\/flyve-ask-2022-10-oktober.pdf\">&#8220;Demande de vol&#8221; Octobre 2022<\/a><\/p>\n\n\n\n<p><a href=\"https:\/\/sagnlandet.dk\/wp-content\/uploads\/2024\/09\/flyve-ask-2022-11-november.pdf\">&#8220;Flying Ash&#8221; novembre 2022<\/a><\/p>\n<\/div>\n<\/div>\n\n\n\n<hr class=\"wp-block-separator has-alpha-channel-opacity\"\/>\n\n\n\n<div class=\"wp-block-columns is-layout-flex wp-container-core-columns-is-layout-2 wp-block-columns-is-layout-flex\">\n<div class=\"wp-block-column is-layout-flow wp-block-column-is-layout-flow\">\n<h4 class=\"wp-block-heading\">Sorties en 2021<\/h4>\n\n\n\n<p><a href=\"https:\/\/sagnlandet.dk\/wp-content\/uploads\/2024\/09\/flyve-ask-2021-01-januar.pdf\">&#8220;Fr\u00eane volant&#8221; Janvier 2021<\/a><\/p>\n\n\n\n<p><a href=\"https:\/\/sagnlandet.dk\/wp-content\/uploads\/2024\/09\/flyve-ask-2021-02-februar.pdf\">&#8220;Cendre volante F\u00e9vrier 2021<\/a><\/p>\n\n\n\n<p><a href=\"https:\/\/sagnlandet.dk\/wp-content\/uploads\/2024\/09\/flyve-ask-2021-05-maj.pdf\">&#8220;Cendres volantes Mai 2021<\/a><\/p>\n\n\n\n<p><a href=\"https:\/\/sagnlandet.dk\/wp-content\/uploads\/2024\/09\/flyve-ask-2021-06-juni.pdf\">&#8220;Cendres volantes Juin 2021<\/a><\/p>\n\n\n\n<p><a href=\"https:\/\/sagnlandet.dk\/wp-content\/uploads\/2024\/09\/flyve-ask-2021-10-oktober.pdf\">&#8220;Fr\u00eane volant Octobre 2021<\/a><br><\/p>\n\n\n\n<p><a href=\"https:\/\/sagnlandet.dk\/wp-content\/uploads\/2024\/09\/flyve-ask-2021-11-november.pdf\">&#8220;Cendre volante&#8221; novembre 2021<\/a><\/p>\n<\/div>\n\n\n\n<div class=\"wp-block-column is-layout-flow wp-block-column-is-layout-flow\">\n<h4 class=\"wp-block-heading\">Sorties en 2020<\/h4>\n\n\n\n<p><a href=\"https:\/\/sagnlandet.dk\/wp-content\/uploads\/2024\/09\/flyve-ask-2020-12-december.pdf\">&#8220;Fr\u00eane volant&#8221; D\u00e9cembre 2020<\/a><\/p>\n\n\n\n<p><a href=\"https:\/\/sagnlandet.dk\/wp-content\/uploads\/2024\/09\/flyve-ask-2020-11-november.pdf\">&#8220;Cendres volantes&#8221; Novembre 2020<\/a><\/p>\n\n\n\n<p><a href=\"https:\/\/sagnlandet.dk\/wp-content\/uploads\/2024\/09\/flyve-ask-2020-10-oktober.pdf\">&#8220;Cendres volantes Octobre 2020<\/a><\/p>\n\n\n\n<p><a href=\"https:\/\/sagnlandet.dk\/wp-content\/uploads\/2024\/09\/flyve-ask-2020-06-juni.pdf\">&#8220;Cendre volante Juin 2020<\/a><\/p>\n<\/div>\n\n\n\n<div class=\"wp-block-column is-layout-flow wp-block-column-is-layout-flow\">\n<h4 class=\"wp-block-heading\">Sorties en 2019<\/h4>\n\n\n\n<p><a href=\"https:\/\/sagnlandet.dk\/wp-content\/uploads\/2024\/09\/flyve-ask-2019-10-oktober.pdf\">&#8220;Cendres volantes Octobre 2019<\/a><\/p>\n\n\n\n<p><a href=\"https:\/\/sagnlandet.dk\/wp-content\/uploads\/2024\/09\/flyve-ask-2019-09-september.pdf\">&#8220;Cendres volantes&#8221; Septembre 2019<\/a><\/p>\n\n\n\n<p><a href=\"https:\/\/sagnlandet.dk\/wp-content\/uploads\/2024\/09\/flyve-ask-2019-07-juli.pdf\">&#8220;Cendres volantes Juillet 2019<\/a><\/p>\n\n\n\n<p><a href=\"https:\/\/sagnlandet.dk\/wp-content\/uploads\/2024\/09\/flyve-ask-2019-05-maj.pdf\">&#8220;Cendres volantes Mai 2019<\/a><\/p>\n\n\n\n<p><a href=\"https:\/\/sagnlandet.dk\/wp-content\/uploads\/2024\/09\/flyve-ask-2019-03-marts.pdf\">&#8220;Cendre volante Mars 2019<\/a><\/p>\n\n\n\n<p><a href=\"https:\/\/sagnlandet.dk\/wp-content\/uploads\/2024\/09\/flyve-ask-2019-01-januar.pdf\">&#8220;Cendres volantes Janvier 2019<\/a><\/p>\n<\/div>\n<\/div>\n\n\n\n<hr class=\"wp-block-separator has-alpha-channel-opacity\"\/>\n\n\n\n<div class=\"wp-block-columns is-layout-flex wp-container-core-columns-is-layout-3 wp-block-columns-is-layout-flex\">\n<div class=\"wp-block-column is-layout-flow wp-block-column-is-layout-flow\">\n<h4 class=\"wp-block-heading\">Parutions en 2018<\/h4>\n\n\n\n<p><a href=\"https:\/\/sagnlandet.dk\/wp-content\/uploads\/2024\/09\/flyve-ask-2018-12-december.pdf\">&#8220;Fr\u00eane volant&#8221; D\u00e9cembre 2018<\/a><\/p>\n\n\n\n<p><a href=\"https:\/\/sagnlandet.dk\/wp-content\/uploads\/2024\/09\/flyve-ask-2018-11-november.pdf\">&#8220;Cendres volantes&#8221; novembre 2018<\/a><\/p>\n\n\n\n<p><a href=\"https:\/\/sagnlandet.dk\/wp-content\/uploads\/2024\/09\/flyve-ask-2018-09-september.pdf\">&#8220;Cendres volantes&#8221; septembre 2018<\/a><\/p>\n\n\n\n<p><a href=\"https:\/\/sagnlandet.dk\/wp-content\/uploads\/2024\/09\/flyve-ask-2018-06-juni.pdf\">&#8220;Cendres volantes Juin 2018<\/a><\/p>\n\n\n\n<p><a href=\"https:\/\/sagnlandet.dk\/wp-content\/uploads\/2024\/09\/flyve-ask-2018-03-marts.pdf\">&#8220;Cendres volantes Mars 2018<\/a><\/p>\n\n\n\n<p><a href=\"https:\/\/sagnlandet.dk\/wp-content\/uploads\/2024\/09\/flyve-ask-2018-02-februar.pdf\">&#8220;Cendre volante F\u00e9vrier 2018<\/a><\/p>\n<\/div>\n\n\n\n<div class=\"wp-block-column is-layout-flow wp-block-column-is-layout-flow\">\n<h4 class=\"wp-block-heading\">Parutions en 2017<\/h4>\n\n\n\n<p><a href=\"https:\/\/sagnlandet.dk\/wp-content\/uploads\/2024\/09\/flyve-ask-2017-10-oktober.pdf\">&#8220;Fr\u00eane volant&#8221; Octobre 2017<\/a><\/p>\n\n\n\n<p><a href=\"https:\/\/sagnlandet.dk\/wp-content\/uploads\/2024\/09\/flyve-ask-2017-07-juli.pdf\">&#8220;Fr\u00eane volant&#8221; Juillet 2017<\/a><\/p>\n\n\n\n<p><a href=\"https:\/\/sagnlandet.dk\/wp-content\/uploads\/2024\/09\/flyve-ask-2017-06-juni.pdf\">&#8220;Fr\u00eane volant&#8221; Juin 2017<\/a><\/p>\n\n\n\n<p><a href=\"https:\/\/sagnlandet.dk\/wp-content\/uploads\/2024\/09\/flyve-ask-2017-01-januar.pdf\">&#8220;Fr\u00eane volant Janvier 2017<\/a><\/p>\n<\/div>\n\n\n\n<div class=\"wp-block-column is-layout-flow wp-block-column-is-layout-flow\">\n<h4 class=\"wp-block-heading\">Sorties en 2016<\/h4>\n\n\n\n<p><a href=\"https:\/\/sagnlandet.dk\/wp-content\/uploads\/2024\/09\/flyve-ask-2016-10-oktober.pdf\">&#8220;Flying Ash Octobre 2016<\/a><\/p>\n\n\n\n<p><a href=\"https:\/\/sagnlandet.dk\/wp-content\/uploads\/2024\/09\/flyve-ask-2016-03-august.pdf\">&#8220;Flying Ash Ao\u00fbt 2016<\/a><\/p>\n\n\n\n<p><a href=\"https:\/\/sagnlandet.dk\/wp-content\/uploads\/2024\/09\/flyve-ask-2016-02-juni.pdf\">&#8220;Cendres volantes Juin 2016<\/a><\/p>\n\n\n\n<p><a href=\"https:\/\/sagnlandet.dk\/wp-content\/uploads\/2024\/09\/flyve-ask-2016-01-januar.pdf\">&#8220;Fr\u00eane volant Janvier 2016<\/a><\/p>\n<\/div>\n<\/div>\n\n\n\n<hr class=\"wp-block-separator has-alpha-channel-opacity\"\/>\n\n\n\n<div class=\"wp-block-columns is-layout-flex wp-container-core-columns-is-layout-4 wp-block-columns-is-layout-flex\">\n<div class=\"wp-block-column is-layout-flow wp-block-column-is-layout-flow\">\n<h4 class=\"wp-block-heading\">Parutions en 2015<\/h4>\n\n\n\n<p><a href=\"https:\/\/sagnlandet.dk\/wp-content\/uploads\/2024\/09\/flyve-ask-2015-09-september.pdf\">&#8220;Flying Ash&#8221; Septembre 2015<\/a><\/p>\n\n\n\n<p><a href=\"https:\/\/sagnlandet.dk\/wp-content\/uploads\/2024\/09\/flyve-ask-2015-07-juli.pdf\">&#8220;Fr\u00eane volant Juillet 2015<\/a><\/p>\n\n\n\n<p><a href=\"https:\/\/sagnlandet.dk\/wp-content\/uploads\/2024\/09\/flyve-ask-2015-06-juni.pdf\">&#8220;Fr\u00eane volant Juin 2015<\/a><\/p>\n\n\n\n<p><a href=\"https:\/\/sagnlandet.dk\/wp-content\/uploads\/2024\/09\/flyve-ask-2015-02-februar.pdf\">&#8220;Fr\u00eane volant F\u00e9vrier 2015<\/a><\/p>\n<\/div>\n\n\n\n<div class=\"wp-block-column is-layout-flow wp-block-column-is-layout-flow\">\n<h4 class=\"wp-block-heading\">Sorties en 2014<\/h4>\n\n\n\n<p><a href=\"https:\/\/sagnlandet.dk\/wp-content\/uploads\/2024\/09\/flyve-ask-2014-10-oktober.pdf\">&#8220;Flying Ash Octobre 2014<\/a><\/p>\n\n\n\n<p><a href=\"https:\/\/sagnlandet.dk\/wp-content\/uploads\/2024\/09\/flyve-ask-2014-08-august.pdf\">&#8220;Flying Ash Ao\u00fbt 2014<\/a><\/p>\n\n\n\n<p><a href=\"https:\/\/sagnlandet.dk\/wp-content\/uploads\/2024\/09\/flyve-ask-2014-07-juli.pdf\">&#8220;Cendres volantes Juillet 2014<\/a><\/p>\n\n\n\n<p><a href=\"https:\/\/sagnlandet.dk\/wp-content\/uploads\/2024\/09\/flyve-ask-2014-05-maj.pdf\">&#8220;Cendres volantes Mai 2014<\/a><\/p>\n\n\n\n<p><a href=\"https:\/\/sagnlandet.dk\/wp-content\/uploads\/2024\/09\/flyve-ask-2014-02-februar.pdf\">&#8220;Cendres volantes F\u00e9vrier 2014<\/a><\/p>\n\n\n\n<p><a href=\"https:\/\/sagnlandet.dk\/wp-content\/uploads\/2024\/09\/flyve-ask-2014-01-jan.pdf\">&#8220;Cendres volantes Janvier 2014<\/a><\/p>\n<\/div>\n\n\n\n<div class=\"wp-block-column is-layout-flow wp-block-column-is-layout-flow\">\n<h4 class=\"wp-block-heading\">Sorties en 2013<\/h4>\n\n\n\n<p><a href=\"https:\/\/sagnlandet.dk\/wp-content\/uploads\/2024\/09\/flyve-ask-2013-10-okt.pdf\">&#8220;Flying Ash Octobre 2013<\/a><\/p>\n\n\n\n<p><a href=\"https:\/\/sagnlandet.dk\/wp-content\/uploads\/2024\/09\/flyve-ask-2013-08-aug.pdf\">&#8220;Flying Ash Ao\u00fbt 2013<\/a><\/p>\n\n\n\n<p><a href=\"https:\/\/sagnlandet.dk\/wp-content\/uploads\/2024\/09\/flyve-ask-2013-07-juli.pdf\">&#8220;Cendres volantes Juillet 2013<\/a><\/p>\n\n\n\n<p><a href=\"https:\/\/sagnlandet.dk\/wp-content\/uploads\/2024\/09\/flyve-ask-2013-05-maj.pdf\">&#8220;Cendres volantes Mai 2013<\/a><\/p>\n\n\n\n<p><a href=\"https:\/\/sagnlandet.dk\/wp-content\/uploads\/2024\/09\/flyve-ask-2013-02-februar.pdf\">&#8220;Cendres volantes F\u00e9vrier 2013<\/a><\/p>\n\n\n\n<p><a href=\"https:\/\/sagnlandet.dk\/wp-content\/uploads\/2024\/09\/flyve-ask-2013-01-januar.pdf\">&#8220;Fr\u00eane volant Janvier 2013<\/a><\/p>\n<\/div>\n<\/div>\n\n\n\n<hr class=\"wp-block-separator has-alpha-channel-opacity\"\/>\n\n\n\n<div class=\"wp-block-columns is-layout-flex wp-container-core-columns-is-layout-5 wp-block-columns-is-layout-flex\">\n<div class=\"wp-block-column is-layout-flow wp-block-column-is-layout-flow\">\n<h4 class=\"wp-block-heading\">Sorties en 2012<\/h4>\n\n\n\n<p><a href=\"https:\/\/sagnlandet.dk\/wp-content\/uploads\/2024\/09\/flyve-ask-2012-11-november.pdf\">&#8220;Flying Ash&#8221; Novembre 2012<\/a><\/p>\n\n\n\n<p><a href=\"https:\/\/sagnlandet.dk\/wp-content\/uploads\/2024\/09\/flyve-ask-2012-09-september.pdf\">&#8220;Flying Ash&#8221; Septembre 2012<\/a><\/p>\n\n\n\n<p><a href=\"https:\/\/sagnlandet.dk\/wp-content\/uploads\/2024\/09\/flyve-ask-2012-07-juli.pdf\">&#8220;Cendres volantes Juillet 2012<\/a><\/p>\n\n\n\n<p><a href=\"https:\/\/sagnlandet.dk\/wp-content\/uploads\/2024\/09\/flyve-ask-2012-05-maj.pdf\">&#8220;Cendres volantes Mai 2012<\/a><\/p>\n<\/div>\n\n\n\n<div class=\"wp-block-column is-layout-flow wp-block-column-is-layout-flow\"><\/div>\n\n\n\n<div class=\"wp-block-column is-layout-flow wp-block-column-is-layout-flow\"><\/div>\n<\/div>\n\n\n\n<hr class=\"wp-block-separator has-alpha-channel-opacity\"\/>\n\n\n\n<h3 class=\"wp-block-heading\">Articles r\u00e9dig\u00e9s par des membres de l&#8217;Association des Amis.<\/h3>\n\n\n\n<p>Ask est publi\u00e9 deux fois par an, au printemps et \u00e0 l&#8217;automne.<\/p>\n\n\n\n<p><em>Cliquez sur les liens ci-dessous pour t\u00e9l\u00e9charger le magazine correspondant.<\/em><\/p>\n\n\n\n<ul class=\"wp-block-list\">\n<li><a href=\"https:\/\/sagnlandet.dk\/wp-content\/uploads\/2024\/09\/ask-2018-1.pdf\">&#8220;Ask&#8221; num\u00e9ro 1 &#8211; 2018<\/a><\/li>\n\n\n\n<li><a href=\"https:\/\/sagnlandet.dk\/wp-content\/uploads\/2024\/09\/ask-2017-2.pdf\">&#8220;Ask&#8221; num\u00e9ro 2 &#8211; 2017<\/a><\/li>\n\n\n\n<li><a href=\"https:\/\/sagnlandet.dk\/wp-content\/uploads\/2024\/09\/ask-2017-1.pdf\">&#8220;Ask&#8221; num\u00e9ro 1 &#8211; 2017<\/a><\/li>\n\n\n\n<li><a href=\"https:\/\/sagnlandet.dk\/wp-content\/uploads\/2024\/09\/ask-2016-2.pdf\">&#8220;Ask&#8221; num\u00e9ro 2 &#8211; 2016<\/a><\/li>\n\n\n\n<li><a href=\"https:\/\/sagnlandet.dk\/wp-content\/uploads\/2024\/09\/ask-2016-1.pdf\">&#8220;Ask&#8221; num\u00e9ro 1 &#8211; 2016<\/a><\/li>\n\n\n\n<li><a href=\"https:\/\/sagnlandet.dk\/wp-content\/uploads\/2024\/09\/ask-2015-2.pdf\">&#8220;Demande&#8221; num\u00e9ro 2 &#8211; 2015<\/a><\/li>\n\n\n\n<li><a href=\"https:\/\/sagnlandet.dk\/wp-content\/uploads\/2024\/09\/ask-2015-1.pdf\">&#8220;Demande&#8221; num\u00e9ro 1 &#8211; 2015<\/a><\/li>\n\n\n\n<li><a href=\"https:\/\/sagnlandet.dk\/wp-content\/uploads\/2024\/09\/ask-2014-2.pdf\">&#8220;Demande&#8221; num\u00e9ro 2 &#8211; 2014<\/a><\/li>\n\n\n\n<li><a href=\"https:\/\/sagnlandet.dk\/wp-content\/uploads\/2024\/09\/ask-2014-1.pdf\">&#8220;Demande&#8221; num\u00e9ro 1 &#8211; 2014<\/a><\/li>\n\n\n\n<li><a href=\"https:\/\/sagnlandet.dk\/wp-content\/uploads\/2024\/09\/ask-2013-2.pdf\">&#8220;Demande&#8221; num\u00e9ro 2 &#8211; 2013<\/a><\/li>\n\n\n\n<li><a href=\"https:\/\/sagnlandet.dk\/wp-content\/uploads\/2024\/09\/ask-2013-1.pdf\">&#8220;Demande&#8221; num\u00e9ro 1 &#8211; 2013<\/a><\/li>\n\n\n\n<li><a href=\"https:\/\/sagnlandet.dk\/wp-content\/uploads\/2024\/09\/ask-2012-2.pdf\">&#8220;Demande&#8221; num\u00e9ro 2 &#8211; 2012<\/a><\/li>\n\n\n\n<li><a href=\"https:\/\/sagnlandet.dk\/wp-content\/uploads\/2024\/09\/ask-2012-1.pdf\">&#8220;Demande&#8221; num\u00e9ro 1 &#8211; 2012<\/a><\/li>\n<\/ul>\n\n\n\n<hr class=\"wp-block-separator has-alpha-channel-opacity\"\/>\n\n\n\n<h3 class=\"wp-block-heading\">Articles r\u00e9dig\u00e9s par les membres de la Soci\u00e9t\u00e9 des Amis<\/h3>\n\n\n\n<p>Les articles r\u00e9dig\u00e9s par l&#8217;Association des Amis portent sur des sujets vari\u00e9s et peuvent \u00eatre publi\u00e9s \u00e0 tout moment.<\/p>\n\n\n\n<p>Cliquez ci-dessous pour t\u00e9l\u00e9charger le magazine.<\/p>\n\n\n\n<ul class=\"wp-block-list\">\n<li><a href=\"https:\/\/sagnlandet.dk\/wp-content\/uploads\/2024\/09\/harpestrengs-have-2015-kombineret.pdf\">Le jardin de Harpestreng<\/a><\/li>\n\n\n\n<li><a href=\"https:\/\/sagnlandet.dk\/wp-content\/uploads\/2024\/09\/fuglelivet-i-sagnlandet-art-2015.pdf\">La vie des oiseaux au pays des l\u00e9gendes<\/a><\/li>\n<\/ul>\n","protected":false},"excerpt":{"rendered":"<p>Flyve Ask est publi\u00e9 selon les besoins, 4 \u00e0 6 fois par an. Cliquez sur le lien ci-dessous pour t\u00e9l\u00e9charger le magazine. Parutions en 2024 &#8220;Demande de cendres volantes&#8221; janvier 2024 &#8220;Flyve Ask&#8221; avril 2024 &#8220;Cendres volantes Mai 2024 &#8220;Cendres volantes Juillet 2024 &#8220;Cendre volante Septembre 2024 &#8220;Cendres volantes&#8221; Septembre 2024 Sorties en 2023 &#8220;Fr\u00eane [&hellip;]<\/p>\n","protected":false},"author":3,"featured_media":71080,"parent":0,"menu_order":0,"comment_status":"open","ping_status":"open","template":"","meta":{"_acf_changed":false,"footnotes":""},"class_list":["post-70001","page","type-page","status-publish","has-post-thumbnail","hentry"],"acf":[],"yoast_head":"<!-- This site is optimized with the Yoast SEO plugin v23.5 - https:\/\/yoast.com\/wordpress\/plugins\/seo\/ -->\n<title>Cendres volantes - Sagnlandet Lejre<\/title>\n<meta name=\"robots\" content=\"index, follow, max-snippet:-1, max-image-preview:large, max-video-preview:-1\" \/>\n<link rel=\"canonical\" href=\"https:\/\/sagnlandet.dk\/fr\/fly-ash\/\" \/>\n<meta property=\"og:locale\" content=\"fr_FR\" \/>\n<meta property=\"og:type\" content=\"article\" \/>\n<meta property=\"og:title\" content=\"Cendres volantes - Sagnlandet Lejre\" \/>\n<meta property=\"og:description\" content=\"Flyve Ask est publi\u00e9 selon les besoins, 4 \u00e0 6 fois par an. Cliquez sur le lien ci-dessous pour t\u00e9l\u00e9charger le magazine. Parutions en 2024 &#8220;Demande de cendres volantes&#8221; janvier 2024 &#8220;Flyve Ask&#8221; avril 2024 &#8220;Cendres volantes Mai 2024 &#8220;Cendres volantes Juillet 2024 &#8220;Cendre volante Septembre 2024 &#8220;Cendres volantes&#8221; Septembre 2024 Sorties en 2023 &#8220;Fr\u00eane [&hellip;]\" \/>\n<meta property=\"og:url\" content=\"https:\/\/sagnlandet.dk\/fr\/fly-ash\/\" \/>\n<meta property=\"og:site_name\" content=\"Sagnlandet Lejre\" \/>\n<meta property=\"article:modified_time\" content=\"2025-02-24T06:25:17+00:00\" \/>\n<meta property=\"og:image\" content=\"https:\/\/sagnlandet.dk\/fr\/wp-content\/uploads\/sites\/12\/2025\/02\/familie-2016-37-scaled-1-1.jpg\" \/>\n\t<meta property=\"og:image:width\" content=\"2560\" \/>\n\t<meta property=\"og:image:height\" content=\"1505\" \/>\n\t<meta property=\"og:image:type\" content=\"image\/jpeg\" \/>\n<meta name=\"twitter:card\" content=\"summary_large_image\" \/>\n<meta name=\"twitter:label1\" content=\"Dur\u00e9e de lecture estim\u00e9e\" \/>\n\t<meta name=\"twitter:data1\" content=\"3 minutes\" \/>\n<!-- \/ Yoast SEO plugin. -->","yoast_head_json":{"title":"Cendres volantes - Sagnlandet Lejre","robots":{"index":"index","follow":"follow","max-snippet":"max-snippet:-1","max-image-preview":"max-image-preview:large","max-video-preview":"max-video-preview:-1"},"canonical":"https:\/\/sagnlandet.dk\/fr\/fly-ash\/","og_locale":"fr_FR","og_type":"article","og_title":"Cendres volantes - Sagnlandet Lejre","og_description":"Flyve Ask est publi\u00e9 selon les besoins, 4 \u00e0 6 fois par an. Cliquez sur le lien ci-dessous pour t\u00e9l\u00e9charger le magazine. Parutions en 2024 &#8220;Demande de cendres volantes&#8221; janvier 2024 &#8220;Flyve Ask&#8221; avril 2024 &#8220;Cendres volantes Mai 2024 &#8220;Cendres volantes Juillet 2024 &#8220;Cendre volante Septembre 2024 &#8220;Cendres volantes&#8221; Septembre 2024 Sorties en 2023 &#8220;Fr\u00eane [&hellip;]","og_url":"https:\/\/sagnlandet.dk\/fr\/fly-ash\/","og_site_name":"Sagnlandet Lejre","article_modified_time":"2025-02-24T06:25:17+00:00","og_image":[{"width":2560,"height":1505,"url":"https:\/\/sagnlandet.dk\/fr\/wp-content\/uploads\/sites\/12\/2025\/02\/familie-2016-37-scaled-1-1.jpg","type":"image\/jpeg"}],"twitter_card":"summary_large_image","twitter_misc":{"Dur\u00e9e de lecture estim\u00e9e":"3 minutes"},"schema":{"@context":"https:\/\/schema.org","@graph":[{"@type":"WebPage","@id":"https:\/\/sagnlandet.dk\/fr\/fly-ash\/","url":"https:\/\/sagnlandet.dk\/fr\/fly-ash\/","name":"Cendres volantes - Sagnlandet Lejre","isPartOf":{"@id":"https:\/\/sagnlandet.dk\/fr\/#website"},"primaryImageOfPage":{"@id":"https:\/\/sagnlandet.dk\/fr\/fly-ash\/#primaryimage"},"image":{"@id":"https:\/\/sagnlandet.dk\/fr\/fly-ash\/#primaryimage"},"thumbnailUrl":"https:\/\/sagnlandet.dk\/fr\/wp-content\/uploads\/sites\/12\/2025\/02\/familie-2016-37-scaled-1-1-1.jpg","datePublished":"2024-09-26T12:48:36+00:00","dateModified":"2025-02-24T06:25:17+00:00","breadcrumb":{"@id":"https:\/\/sagnlandet.dk\/fr\/fly-ash\/#breadcrumb"},"inLanguage":"fr-FR","potentialAction":[{"@type":"ReadAction","target":["https:\/\/sagnlandet.dk\/fr\/fly-ash\/"]}]},{"@type":"ImageObject","inLanguage":"fr-FR","@id":"https:\/\/sagnlandet.dk\/fr\/fly-ash\/#primaryimage","url":"https:\/\/sagnlandet.dk\/fr\/wp-content\/uploads\/sites\/12\/2025\/02\/familie-2016-37-scaled-1-1-1.jpg","contentUrl":"https:\/\/sagnlandet.dk\/fr\/wp-content\/uploads\/sites\/12\/2025\/02\/familie-2016-37-scaled-1-1-1.jpg","width":2560,"height":1505},{"@type":"BreadcrumbList","@id":"https:\/\/sagnlandet.dk\/fr\/fly-ash\/#breadcrumb","itemListElement":[{"@type":"ListItem","position":1,"name":"Hjem","item":"https:\/\/sagnlandet.dk\/fr\/"},{"@type":"ListItem","position":2,"name":"Fly Ash"}]},{"@type":"WebSite","@id":"https:\/\/sagnlandet.dk\/fr\/#website","url":"https:\/\/sagnlandet.dk\/fr\/","name":"Sagnlandet Lejre","description":"","publisher":{"@id":"https:\/\/sagnlandet.dk\/fr\/#organization"},"potentialAction":[{"@type":"SearchAction","target":{"@type":"EntryPoint","urlTemplate":"https:\/\/sagnlandet.dk\/fr\/?s={search_term_string}"},"query-input":{"@type":"PropertyValueSpecification","valueRequired":true,"valueName":"search_term_string"}}],"inLanguage":"fr-FR"},{"@type":"Organization","@id":"https:\/\/sagnlandet.dk\/fr\/#organization","name":"Sagnlandet Lejre","url":"https:\/\/sagnlandet.dk\/fr\/","logo":{"@type":"ImageObject","inLanguage":"fr-FR","@id":"https:\/\/sagnlandet.dk\/fr\/#\/schema\/logo\/image\/","url":"https:\/\/sagnlandet.dk\/fr\/wp-content\/uploads\/sites\/12\/1738\/65\/logo.png","contentUrl":"https:\/\/sagnlandet.dk\/fr\/wp-content\/uploads\/sites\/12\/1738\/65\/logo.png","width":398,"height":143,"caption":"Sagnlandet Lejre"},"image":{"@id":"https:\/\/sagnlandet.dk\/fr\/#\/schema\/logo\/image\/"}}]}},"_links":{"self":[{"href":"https:\/\/sagnlandet.dk\/fr\/wp-json\/wp\/v2\/pages\/70001"}],"collection":[{"href":"https:\/\/sagnlandet.dk\/fr\/wp-json\/wp\/v2\/pages"}],"about":[{"href":"https:\/\/sagnlandet.dk\/fr\/wp-json\/wp\/v2\/types\/page"}],"author":[{"embeddable":true,"href":"https:\/\/sagnlandet.dk\/fr\/wp-json\/wp\/v2\/users\/3"}],"replies":[{"embeddable":true,"href":"https:\/\/sagnlandet.dk\/fr\/wp-json\/wp\/v2\/comments?post=70001"}],"version-history":[{"count":2,"href":"https:\/\/sagnlandet.dk\/fr\/wp-json\/wp\/v2\/pages\/70001\/revisions"}],"predecessor-version":[{"id":71110,"href":"https:\/\/sagnlandet.dk\/fr\/wp-json\/wp\/v2\/pages\/70001\/revisions\/71110"}],"wp:featuredmedia":[{"embeddable":true,"href":"https:\/\/sagnlandet.dk\/fr\/wp-json\/wp\/v2\/media\/71080"}],"wp:attachment":[{"href":"https:\/\/sagnlandet.dk\/fr\/wp-json\/wp\/v2\/media?parent=70001"}],"curies":[{"name":"wp","href":"https:\/\/api.w.org\/{rel}","templated":true}]}}