{"id":69917,"date":"2024-04-23T12:00:28","date_gmt":"2024-04-23T10:00:28","guid":{"rendered":"https:\/\/sagnlandet.dk\/cookiepolitik\/"},"modified":"2025-03-21T08:38:46","modified_gmt":"2025-03-21T07:38:46","slug":"politique-en-matiere-de-cookies","status":"publish","type":"page","link":"https:\/\/sagnlandet.dk\/fr\/politique-en-matiere-de-cookies\/","title":{"rendered":"Politique en mati\u00e8re de cookies"},"content":{"rendered":"\n<div class=\"wp-block-cover is-light\"><span aria-hidden=\"true\" class=\"wp-block-cover__background has-background-dim\" style=\"background-color:#96927a\"><\/span><img decoding=\"async\" class=\"wp-block-cover__image-background wp-image-1189\" alt=\"\" src=\"https:\/\/sagnlandet.dk\/wp-content\/uploads\/2025\/02\/efteraarsferie-2020-22-2-scaled-1.jpg\" data-object-fit=\"cover\"\/><div class=\"wp-block-cover__inner-container is-layout-constrained wp-block-cover-is-layout-constrained\">\n<h1 class=\"wp-block-heading has-text-align-center has-color-bg-color has-text-color has-link-color has-large-font-size wp-elements-de89a5e1995516df192db4f33fb26c59\">Politique en mati\u00e8re de cookies<\/h1>\n<\/div><\/div>\n\n\n\n<h4 class=\"wp-block-heading\"><strong>Utilisation des cookies<\/strong><\/h4>\n\n\n\n<p>Vous pouvez lire ici la politique de Sagnlandet Lejre concernant l&#8217;utilisation des cookies lorsque vous visitez le site sagnlandet.dk\/fr. En visitant le site Sagnlandet Lejre, vous acceptez la politique en mati\u00e8re de cookies ci-dessous.<\/p>\n\n\n\n<p><a href=\"https:\/\/sagnlandet.dk\/en\/privatlivspolitik\/\">Cliquez ici pour acc\u00e9der \u00e0 la politique de confidentialit\u00e9<\/a><\/p>\n\n\n\n<p><strong>Politique de cookies de Lejre Land of Legends<\/strong><\/p>\n\n\n\n<p>Lorsque vous cliquez sur le site web de Lejre Land of Legends, <a href=\"https:\/\/www.sagnlandet.dk\">www.sagnlandet.dk,<\/a> et sur sa page Facebook, <a href=\"http:\/\/www.facebook.com\/SagnlandetLejre\/\">www.facebook.com\/SagnlandetLejre\/,<\/a> vous acceptez l&#8217;utilisation de cookies. Les cookies sont utilis\u00e9s par pratiquement tous les sites web. Dans certains cas, les cookies sont le seul moyen de faire fonctionner un site web comme pr\u00e9vu.<\/p>\n\n\n\n<p>Un cookie est un fichier qui est plac\u00e9 sur votre ordinateur ou autre \u00e9quipement informatique. Il permet de reconna\u00eetre votre ordinateur, votre tablette ou votre smartphone et de collecter diverses informations techniques et statistiques. Par exemple, si vous avez d\u00e9j\u00e0 visit\u00e9 le site web de Land of Legends, quelles pages vous visitez et pendant combien de temps, quelles fonctions vous utilisez, quel type de navigateur et de syst\u00e8me d&#8217;exploitation votre mat\u00e9riel utilise, etc.<\/p>\n\n\n\n<p>Les cookies ne peuvent pas voir qui vous \u00eates, quel est votre nom, o\u00f9 vous vivez ou si l&#8217;ordinateur est utilis\u00e9 par une ou plusieurs personnes. Ils ne peuvent pas non plus propager des virus informatiques ou d&#8217;autres programmes nuisibles.<\/p>\n\n\n\n<p>Les cookies recueillent donc des informations statistiques sur vous et votre comportement sur le site web, que Lejre Land of Legends peut utiliser pour adapter et am\u00e9liorer le contenu r\u00e9dactionnel, la fonctionnalit\u00e9 technique et le potentiel de marketing du site web. Dans ce contexte, Lejre Land of Legends utilise des cookies de tiers tels que Google Analytics et Facebook, qui permettent de mesurer le trafic, de cibler les publicit\u00e9s et d&#8217;indiquer les habitudes de recherche et de lecture.<\/p>\n\n\n\n<p>Si vous ne souhaitez pas que des informations soient collect\u00e9es, vous devez supprimer vos cookies et vous abstenir d&#8217;utiliser le site web de Lejre Land of Legends.<\/p>\n\n\n\n<p>Tous les navigateurs vous permettent de supprimer les cookies individuellement ou en une seule fois. La mani\u00e8re dont vous proc\u00e9dez d\u00e9pend du navigateur que vous utilisez.<\/p>\n\n\n\n<p>Toutefois, si vous supprimez ou bloquez les cookies, vous risquez que le site web ne fonctionne plus de mani\u00e8re optimale et que vous ne puissiez pas acc\u00e9der \u00e0 certains contenus. En outre, les publicit\u00e9s seront moins pertinentes pour vous et appara\u00eetront plus fr\u00e9quemment.<\/p>\n\n\n\n<p>La mani\u00e8re dont vous \u00e9vitez les cookies d\u00e9pend du navigateur que vous utilisez. Sur cette page, vous trouverez des liens vers des guides expliquant comment supprimer et bloquer les cookies dans diff\u00e9rents navigateurs.<\/p>\n\n\n\n<h4 class=\"wp-block-heading\">Qu&#8217;est-ce qu&#8217;un cookie ?<\/h4>\n\n\n\n<p>Un cookie est un petit fichier texte stock\u00e9 dans le navigateur web de votre ordinateur, de votre smartphone, de votre iPad ou de tout autre appareil que vous utilisez pour aller en ligne. Les cookies permettent d&#8217;identifier votre ordinateur, etc. et de recueillir des informations sur votre comportement en ligne, y compris les pages et les fonctions visit\u00e9es avec votre navigateur et de s&#8217;assurer qu&#8217;il fonctionne techniquement. Dans certains cas, les cookies sont n\u00e9cessaires pour qu&#8217;un site web fonctionne comme pr\u00e9vu. Un cookie est statique et ne peut pas propager de virus informatiques ou distribuer d&#8217;une autre mani\u00e8re des programmes nuisibles. Il est anonyme et ne contient aucune donn\u00e9e personnelle. Les cookies sont utilis\u00e9s par pratiquement tous les sites web.<\/p>\n\n\n\n<h4 class=\"wp-block-heading\">Types de cookies<\/h4>\n\n\n\n<p>Il existe deux types de cookies : les cookies de session et les cookies persistants. Les cookies de session sont automatiquement supprim\u00e9s du navigateur lorsque vous le fermez. Les cookies persistants sont stock\u00e9s sur votre appareil pendant une p\u00e9riode d\u00e9termin\u00e9e, apr\u00e8s quoi ils expirent.<\/p>\n\n\n\n<p>Une distinction est \u00e9galement faite entre les cookies de premi\u00e8re partie et les cookies de tierce partie. Les cookies de premi\u00e8re partie sont mis en place par le site web que vous visitez, tandis que les cookies de tierce partie sont mis en place par un tiers qui a int\u00e9gr\u00e9 des \u00e9l\u00e9ments sur le site web que vous visitez. Les cookies de tiers sont d\u00e9finis par des programmes d&#8217;analyse du web, tels que Google Analytics et WebTrends.<\/p>\n\n\n\n<p>La pr\u00e9sente politique en mati\u00e8re de cookies ne s&#8217;applique qu&#8217;\u00e0 sagnlandet.dk\/fr. Lorsque vous cliquez sur des fonctions permettant de naviguer vers d&#8217;autres sites web, Sagnlandet Lejre n&#8217;a aucune responsabilit\u00e9 ni aucun contr\u00f4le sur les cookies utilis\u00e9s.<\/p>\n\n\n\n<h4 class=\"wp-block-heading\">Cookies sur sagnlandet.dk\/fr<\/h4>\n\n\n<div class=\"cookie-manager--cookie-table\" data-cookie-declaration=\"\"><\/div>\n\n\n\n<p>N&#8217;existe pas &#8211; liste des cookies courants<\/p>\n\n\n\n<h4 class=\"wp-block-heading\">Comment \u00e9viter ou supprimer les cookies<\/h4>\n\n\n\n<p>Si vous ne souhaitez pas recevoir de cookies de la part de sagnlandet.dk\/fr, vous pouvez toujours bloquer tous les cookies, supprimer les cookies existants sur votre ordinateur ou recevoir un avertissement avant qu&#8217;un cookie ne soit stock\u00e9. Tous les navigateurs vous permettent de supprimer les cookies individuellement ou en une seule fois. La mani\u00e8re de proc\u00e9der d\u00e9pend du navigateur que vous utilisez. Suivez les liens ci-dessous pour obtenir les instructions relatives \u00e0 votre navigateur. N&#8217;oubliez pas que si vous utilisez plusieurs navigateurs, vous devez supprimer les cookies dans chacun d&#8217;entre eux.<\/p>\n\n\n\n<ul class=\"wp-block-list\">\n<li><a href=\"https:\/\/support.microsoft.com\/da-dk\/windows\/slet-og-administrer-cookies-168dab11-0753-043d-7c16-ede5947fc64d\" target=\"_blank\" rel=\"noreferrer noopener\">Comment supprimer les cookies sur Microsoft Internet Explorer<\/a><\/li>\n\n\n\n<li><a href=\"https:\/\/support.apple.com\/kb\/PH17191\" target=\"_blank\" rel=\"noreferrer noopener\">Comment supprimer les cookies dans le navigateur Safari<\/a><\/li>\n\n\n\n<li><a href=\"http:\/\/support.google.com\/chrome\/bin\/answer.py?hl=da&amp;answer=95647\" target=\"_blank\" rel=\"noreferrer noopener\">Comment supprimer les cookies dans le navigateur Google Chrome<\/a><\/li>\n\n\n\n<li><a href=\"http:\/\/support.mozilla.org\/da\/kb\/delete-cookies-remove-info-websites-stored?redirectlocale=en-US&amp;redirectslug=Deleting+cookies\" target=\"_blank\" rel=\"noreferrer noopener\">Guide de suppression des cookies sur le navigateur Mozilla Firefox<\/a><\/li>\n\n\n\n<li><a href=\"http:\/\/timeread.hubpages.com\/hub\/How-to-delete-internet-cookies-on-your-Droid-or-any-Android-device\" target=\"_blank\" rel=\"noreferrer noopener\">Guide de suppression des cookies sur les t\u00e9l\u00e9phones Android<\/a><\/li>\n\n\n\n<li><a href=\"http:\/\/help.opera.com\/Windows\/9.51\/da\/cookies.html\" target=\"_blank\" rel=\"noreferrer noopener\">Guide de suppression des cookies sur le navigateur Opera<\/a><\/li>\n\n\n\n<li><a href=\"http:\/\/support.apple.com\/kb\/HT1677?viewlocale=da_DK\" target=\"_blank\" rel=\"noreferrer noopener\">Comment supprimer les cookies sur l&#8217;iPad, l&#8217;iPhone, l&#8217;iPod touch<\/a><\/li>\n\n\n\n<li><a href=\"https:\/\/kb.wisc.edu\/page.php?id=24078\" target=\"_blank\" rel=\"noreferrer noopener\">Comment supprimer les cookies sur Windows Phone<\/a><\/li>\n<\/ul>\n\n\n\n<p>D&#8217;autres conseils sur les cookies sont disponibles ici <a href=\"http:\/\/minecookies.org\/fravalg\" target=\"_blank\" rel=\"noreferrer noopener\">: http:\/\/minecookies.org\/fravalg<\/a><\/p>\n\n\n\n<h4 class=\"wp-block-heading\">Que se passe-t-il si vous n&#8217;acceptez pas ou ne supprimez pas les cookies ?<\/h4>\n\n\n\n<p>Si vous choisissez de bloquer tous les cookies ou de supprimer les cookies existants sur votre ordinateur, vous pourrez toujours lire le texte sur sagnlandet.dk\/fr. Cependant, il se peut que vous ne puissiez pas utiliser certaines fonctions et certains services qui n\u00e9cessitent que le site web se souvienne des choix que vous avez faits.<\/p>\n\n\n\n<h4 class=\"wp-block-heading\">R\u00e8gles et r\u00e9glementations<\/h4>\n\n\n\n<p>Les r\u00e8gles qui s&#8217;appliquent \u00e0 l&#8217;utilisation des cookies par Sagnlandet Lejre sont indiqu\u00e9es ci-dessous.<\/p>\n\n\n\n<p><a href=\"https:\/\/www.retsinformation.dk\/Forms\/R0710.aspx?id=139279\" target=\"_blank\" rel=\"noreferrer noopener\">D\u00e9cret sur les cookies<br><\/a><a href=\"https:\/\/erhvervsstyrelsen.dk\/cookie-loven\" target=\"_blank\" rel=\"noreferrer noopener\">Guide sur les cookies<\/a><\/p>\n\n\n\n<h4 class=\"wp-block-heading\">Nous contacter<\/h4>\n\n\n\n<p>Si vous avez des questions sur l&#8217;utilisation des cookies, n&#8217;h\u00e9sitez pas \u00e0 nous contacter \u00e0 l&#8217;adresse suivante : sagnlandet.dk\/fr.<\/p>\n\n\n\n<div class=\"wp-block-buttons is-layout-flex wp-block-buttons-is-layout-flex\">\n<div class=\"wp-block-button is-style-fill\"><a class=\"wp-block-button__link has-color-text-background-color has-background wp-element-button\" href=\"https:\/\/sagnlandet.dk\/en\/kontakt\/\">Contactez-nous \u00e0 l&#8217;adresse suivante<\/a><\/div>\n<\/div>\n","protected":false},"excerpt":{"rendered":"<p>Utilisation des cookies Vous pouvez lire ici la politique de concernant l&#8217;utilisation des cookies lorsque vous visitez le site . En visitant le site , vous acceptez la politique en mati\u00e8re de cookies ci-dessous. Cliquez ici pour acc\u00e9der \u00e0 la politique de confidentialit\u00e9 Politique de cookies de Lejre Land of Legends Lorsque vous cliquez sur [&hellip;]<\/p>\n","protected":false},"author":1,"featured_media":71082,"parent":0,"menu_order":0,"comment_status":"open","ping_status":"open","template":"","meta":{"_acf_changed":false,"footnotes":""},"class_list":["post-69917","page","type-page","status-publish","has-post-thumbnail","hentry"],"acf":[],"yoast_head":"<!-- This site is optimized with the Yoast SEO plugin v23.5 - https:\/\/yoast.com\/wordpress\/plugins\/seo\/ -->\n<title>Politique en mati\u00e8re de cookies - Sagnlandet Lejre<\/title>\n<meta name=\"robots\" content=\"index, follow, max-snippet:-1, max-image-preview:large, max-video-preview:-1\" \/>\n<link rel=\"canonical\" href=\"https:\/\/sagnlandet.dk\/fr\/politique-en-matiere-de-cookies\/\" \/>\n<meta property=\"og:locale\" content=\"fr_FR\" \/>\n<meta property=\"og:type\" content=\"article\" \/>\n<meta property=\"og:title\" content=\"Politique en mati\u00e8re de cookies - Sagnlandet Lejre\" \/>\n<meta property=\"og:description\" content=\"Utilisation des cookies Vous pouvez lire ici la politique de concernant l&#8217;utilisation des cookies lorsque vous visitez le site . En visitant le site , vous acceptez la politique en mati\u00e8re de cookies ci-dessous. Cliquez ici pour acc\u00e9der \u00e0 la politique de confidentialit\u00e9 Politique de cookies de Lejre Land of Legends Lorsque vous cliquez sur [&hellip;]\" \/>\n<meta property=\"og:url\" content=\"https:\/\/sagnlandet.dk\/fr\/politique-en-matiere-de-cookies\/\" \/>\n<meta property=\"og:site_name\" content=\"Sagnlandet Lejre\" \/>\n<meta property=\"article:modified_time\" content=\"2025-03-21T07:38:46+00:00\" \/>\n<meta property=\"og:image\" content=\"https:\/\/sagnlandet.dk\/fr\/wp-content\/uploads\/sites\/12\/2025\/02\/efteraarsferie-2020-22-2-scaled-1-1-1.jpg\" \/>\n\t<meta property=\"og:image:width\" content=\"2560\" \/>\n\t<meta property=\"og:image:height\" content=\"1048\" \/>\n\t<meta property=\"og:image:type\" content=\"image\/jpeg\" \/>\n<meta name=\"twitter:card\" content=\"summary_large_image\" \/>\n<meta name=\"twitter:label1\" content=\"Dur\u00e9e de lecture estim\u00e9e\" \/>\n\t<meta name=\"twitter:data1\" content=\"7 minutes\" \/>\n<!-- \/ Yoast SEO plugin. -->","yoast_head_json":{"title":"Politique en mati\u00e8re de cookies - Sagnlandet Lejre","robots":{"index":"index","follow":"follow","max-snippet":"max-snippet:-1","max-image-preview":"max-image-preview:large","max-video-preview":"max-video-preview:-1"},"canonical":"https:\/\/sagnlandet.dk\/fr\/politique-en-matiere-de-cookies\/","og_locale":"fr_FR","og_type":"article","og_title":"Politique en mati\u00e8re de cookies - Sagnlandet Lejre","og_description":"Utilisation des cookies Vous pouvez lire ici la politique de concernant l&#8217;utilisation des cookies lorsque vous visitez le site . En visitant le site , vous acceptez la politique en mati\u00e8re de cookies ci-dessous. Cliquez ici pour acc\u00e9der \u00e0 la politique de confidentialit\u00e9 Politique de cookies de Lejre Land of Legends Lorsque vous cliquez sur [&hellip;]","og_url":"https:\/\/sagnlandet.dk\/fr\/politique-en-matiere-de-cookies\/","og_site_name":"Sagnlandet Lejre","article_modified_time":"2025-03-21T07:38:46+00:00","og_image":[{"width":2560,"height":1048,"url":"https:\/\/sagnlandet.dk\/fr\/wp-content\/uploads\/sites\/12\/2025\/02\/efteraarsferie-2020-22-2-scaled-1-1-1.jpg","type":"image\/jpeg"}],"twitter_card":"summary_large_image","twitter_misc":{"Dur\u00e9e de lecture estim\u00e9e":"7 minutes"},"schema":{"@context":"https:\/\/schema.org","@graph":[{"@type":"WebPage","@id":"https:\/\/sagnlandet.dk\/fr\/politique-en-matiere-de-cookies\/","url":"https:\/\/sagnlandet.dk\/fr\/politique-en-matiere-de-cookies\/","name":"Politique en mati\u00e8re de cookies - Sagnlandet Lejre","isPartOf":{"@id":"https:\/\/sagnlandet.dk\/fr\/#website"},"primaryImageOfPage":{"@id":"https:\/\/sagnlandet.dk\/fr\/politique-en-matiere-de-cookies\/#primaryimage"},"image":{"@id":"https:\/\/sagnlandet.dk\/fr\/politique-en-matiere-de-cookies\/#primaryimage"},"thumbnailUrl":"https:\/\/sagnlandet.dk\/fr\/wp-content\/uploads\/sites\/12\/2025\/02\/efteraarsferie-2020-22-2-scaled-1-1-1.jpg","datePublished":"2024-04-23T10:00:28+00:00","dateModified":"2025-03-21T07:38:46+00:00","breadcrumb":{"@id":"https:\/\/sagnlandet.dk\/fr\/politique-en-matiere-de-cookies\/#breadcrumb"},"inLanguage":"fr-FR","potentialAction":[{"@type":"ReadAction","target":["https:\/\/sagnlandet.dk\/fr\/politique-en-matiere-de-cookies\/"]}]},{"@type":"ImageObject","inLanguage":"fr-FR","@id":"https:\/\/sagnlandet.dk\/fr\/politique-en-matiere-de-cookies\/#primaryimage","url":"https:\/\/sagnlandet.dk\/fr\/wp-content\/uploads\/sites\/12\/2025\/02\/efteraarsferie-2020-22-2-scaled-1-1-1.jpg","contentUrl":"https:\/\/sagnlandet.dk\/fr\/wp-content\/uploads\/sites\/12\/2025\/02\/efteraarsferie-2020-22-2-scaled-1-1-1.jpg","width":2560,"height":1048},{"@type":"BreadcrumbList","@id":"https:\/\/sagnlandet.dk\/fr\/politique-en-matiere-de-cookies\/#breadcrumb","itemListElement":[{"@type":"ListItem","position":1,"name":"Hjem","item":"https:\/\/sagnlandet.dk\/fr\/"},{"@type":"ListItem","position":2,"name":"Politique en mati\u00e8re de cookies"}]},{"@type":"WebSite","@id":"https:\/\/sagnlandet.dk\/fr\/#website","url":"https:\/\/sagnlandet.dk\/fr\/","name":"Sagnlandet Lejre","description":"","publisher":{"@id":"https:\/\/sagnlandet.dk\/fr\/#organization"},"potentialAction":[{"@type":"SearchAction","target":{"@type":"EntryPoint","urlTemplate":"https:\/\/sagnlandet.dk\/fr\/?s={search_term_string}"},"query-input":{"@type":"PropertyValueSpecification","valueRequired":true,"valueName":"search_term_string"}}],"inLanguage":"fr-FR"},{"@type":"Organization","@id":"https:\/\/sagnlandet.dk\/fr\/#organization","name":"Sagnlandet Lejre","url":"https:\/\/sagnlandet.dk\/fr\/","logo":{"@type":"ImageObject","inLanguage":"fr-FR","@id":"https:\/\/sagnlandet.dk\/fr\/#\/schema\/logo\/image\/","url":"https:\/\/sagnlandet.dk\/fr\/wp-content\/uploads\/sites\/12\/1738\/65\/logo.png","contentUrl":"https:\/\/sagnlandet.dk\/fr\/wp-content\/uploads\/sites\/12\/1738\/65\/logo.png","width":398,"height":143,"caption":"Sagnlandet Lejre"},"image":{"@id":"https:\/\/sagnlandet.dk\/fr\/#\/schema\/logo\/image\/"}}]}},"_links":{"self":[{"href":"https:\/\/sagnlandet.dk\/fr\/wp-json\/wp\/v2\/pages\/69917"}],"collection":[{"href":"https:\/\/sagnlandet.dk\/fr\/wp-json\/wp\/v2\/pages"}],"about":[{"href":"https:\/\/sagnlandet.dk\/fr\/wp-json\/wp\/v2\/types\/page"}],"author":[{"embeddable":true,"href":"https:\/\/sagnlandet.dk\/fr\/wp-json\/wp\/v2\/users\/1"}],"replies":[{"embeddable":true,"href":"https:\/\/sagnlandet.dk\/fr\/wp-json\/wp\/v2\/comments?post=69917"}],"version-history":[{"count":4,"href":"https:\/\/sagnlandet.dk\/fr\/wp-json\/wp\/v2\/pages\/69917\/revisions"}],"predecessor-version":[{"id":71128,"href":"https:\/\/sagnlandet.dk\/fr\/wp-json\/wp\/v2\/pages\/69917\/revisions\/71128"}],"wp:featuredmedia":[{"embeddable":true,"href":"https:\/\/sagnlandet.dk\/fr\/wp-json\/wp\/v2\/media\/71082"}],"wp:attachment":[{"href":"https:\/\/sagnlandet.dk\/fr\/wp-json\/wp\/v2\/media?parent=69917"}],"curies":[{"name":"wp","href":"https:\/\/api.w.org\/{rel}","templated":true}]}}