{"id":69912,"date":"2024-04-23T10:22:21","date_gmt":"2024-04-23T08:22:21","guid":{"rendered":"https:\/\/sagnlandet.dk\/find-vej\/"},"modified":"2025-02-24T07:25:48","modified_gmt":"2025-02-24T06:25:48","slug":"trouver-sa-voie","status":"publish","type":"page","link":"https:\/\/sagnlandet.dk\/fr\/trouver-sa-voie\/","title":{"rendered":"Trouver sa voie"},"content":{"rendered":"\r\n\r\n<section class=\"standout-section standout-block standout-basic alignfull rounded-bg wp-elements-08fa28fae0f07a34dae1156f8aecad9b hero-section side-spacing has-bg has-bg-img bg-size-cover bg-align-horizontal-center bg-align-vertical-center has-text-color\" style=\"color: #ffffff;\">\r\n\r\n\t<div class=\"standout-max-container\">\t\r\n\r\n<div class=\"standout-block-inner\">\r\n\t\t\t\r\n\t<div class=\"standout-block-background-deco\" style=\"--bg-align-vertical: center; --bg-align-horizontal: center; --bg-object-position: center center\">\r\n\t\t<img loading=\"lazy\" decoding=\"async\" width=\"1920\" height=\"446\" src=\"https:\/\/sagnlandet.dk\/fr\/wp-content\/uploads\/sites\/12\/2025\/02\/landbohusene-16.png\" class=\"standout-block-background-deco-element\" alt=\"\" srcset=\"https:\/\/sagnlandet.dk\/fr\/wp-content\/uploads\/sites\/12\/2025\/02\/landbohusene-16.png 2560w, https:\/\/sagnlandet.dk\/fr\/wp-content\/uploads\/sites\/12\/2025\/02\/landbohusene-16-600x139.png 600w, https:\/\/sagnlandet.dk\/fr\/wp-content\/uploads\/sites\/12\/2025\/02\/landbohusene-16-1920x446.png 1920w, https:\/\/sagnlandet.dk\/fr\/wp-content\/uploads\/sites\/12\/2025\/02\/landbohusene-16-1536x356.png 1536w, https:\/\/sagnlandet.dk\/fr\/wp-content\/uploads\/sites\/12\/2025\/02\/landbohusene-16-2048x475.png 2048w, https:\/\/sagnlandet.dk\/fr\/wp-content\/uploads\/sites\/12\/2025\/02\/landbohusene-16-300x70.png 300w, https:\/\/sagnlandet.dk\/fr\/wp-content\/uploads\/sites\/12\/2025\/02\/landbohusene-16-1200x278.png 1200w, https:\/\/sagnlandet.dk\/fr\/wp-content\/uploads\/sites\/12\/2025\/02\/landbohusene-16-1320x306.png 1320w\" sizes=\"(max-width: 1920px) 100vw, 1920px\" \/>\t<\/div>\r\n\r\n\t\t\r\n\t\t\t\t\t\t<div class=\"acf-innerblocks-container\">\n\n<h1 class=\"wp-block-heading\">Trouvez votre chemin<\/h1>\n\n\n\n<p class=\"has-h-6-font-size\">Vous ne savez pas comment vous rendre chez nous ?<\/p>\n\n<\/div>\r\n\t\t\t\r\n\t\t\t<div class=\"standout-hero-information\"><div class=\"standout-hero-information-inner\">Voir le programme de la journ\u00e9e <a href=\"https:\/\/sagnlandet.dk\/fr\/programme-de-jour\/\">ici <span height=\"1em\" class=\"standout-custom-svg custom-svg\"><?xml version=\"1.0\" encoding=\"UTF-8\"?><svg height=\"1em\" id=\"a\" xmlns=\"http:\/\/www.w3.org\/2000\/svg\" viewBox=\"0 0 16.28 22.02\"><path d=\"M5.4,18.67h-.24c-.77.76-1.5,1.5-2.28,2.28v.35h-.36c-.24.26-.45.47-.68.71H.74c0-.15-.01-.28-.02-.37-.24-.23-.45-.43-.7-.66v-.34c.08-.05.15-.1.23-.15-.06-.05-.14-.09-.19-.15-.03-.04-.06-.13-.04-.15.13-.13.28-.24.46-.39,0-.08,0-.22.01-.29.52-.52,1.01-1,1.49-1.49-.01-.02-.02-.03-.04-.05.14,0,.27-.01.35-.02.32-.33.61-.62.94-.95h.35c0-.15.02-.3.02-.37.2-.2.37-.37.58-.58h.26c.48-.49.93-.94,1.42-1.44h.35v-.38c.13-.11.22-.2.31-.28,0-.02-.02-.04-.03-.06h.34c.41-.42.77-.79,1.18-1.2h.25c.57-.57,1.1-1.11,1.66-1.68h.25c.2-.19.37-.33.52-.49.04-.04.09-.16.07-.18-.12-.11-.26-.19-.38-.3-.12-.11-.22-.23-.33-.35-.11-.12-.21-.24-.32-.36-.07-.07-.15-.13-.29-.24h-.25c-.31-.33-.6-.62-.92-.96h-.3c-.15-.17-.26-.3-.41-.48h-.31c-.15-.17-.26-.3-.41-.48h-.28c-.41-.42-.77-.79-1.18-1.2h-.27c-.31-.33-.6-.62-.92-.96h-.29c-.23-.25-.44-.47-.68-.72h-.29c-.14-.17-.26-.31-.4-.48h-.31c-.14-.17-.26-.31-.41-.48h-.28c-.29-.29-.53-.54-.83-.84v-.26c-.26-.24-.47-.44-.71-.67.1-.18-.21-.52.23-.68v-.31c.22-.22.38-.38.59-.59h1.02c.14.16.25.29.4.47h.36c.02.09.04.16.06.24h.35c.23.25.44.46.68.72h.29c.15.17.26.3.42.48h.27c.33.33.61.62.94.96.06,0,.19,0,.3.02.14.16.26.3.4.47h.29c.32.33.61.62.94.96h.28c.14.17.26.31.4.48h.37c0,.36.29.21.41.24.24.26.44.47.68.72h.34c.07.11,0,.36.28.23v.48c.15,0,.29.01.38.02.31.32.59.62.91.95h.28c.23.25.44.47.68.72h.3c.14-.16.26-.3.4-.47h1.33c0-.37.27-.21.47-.25.02-.06.05-.14.07-.22h.58c.19.2.36.37.57.58v.58c-.07.01-.14.03-.2.04-.1.17.13.48-.26.48v.33c-.2.21-.34.36-.49.51-.1.11-.2.23-.31.33-.12.1-.26.18-.39.29-.03.02-.03.12-.01.14.14.12.29.24.46.38v.36c.08.03.16.06.25.08v.65c.08.02.15.04.23.06v.42c-.07.02-.14.05-.23.07v.43h-.38c-.11.12-.17.18-.23.25-.05-.07-.11-.13-.19-.23h-.55c-.15-.17-.26-.3-.41-.48h-.32c-.26-.48-.68-.1-.93-.25-.24.25-.44.46-.68.72-.07,0-.2,0-.37.02v.37c-.13.11-.22.19-.31.27,0,.02.02.04.03.06h-.33c-.66.66-1.26,1.27-1.91,1.92h-.25c-.81.81-1.57,1.58-2.39,2.4h-.35c0,.15-.02.29-.02.39-.11.11-.2.19-.35.33Z\"\/><\/svg><\/span><\/a><\/div><div class=\"standout-hero-rowing-animation\"><img decoding=\"async\" class=\"animation\" src=\"https:\/\/sagnlandet.dk\/fr\/wp-content\/themes\/s-child\/images\/rowing.png\"><\/div><\/div>\t<\/div>\r\n\r\n\r\n\r\n\t\t<\/div>\r\n<\/section>\n\n\r\n\r\n<section class=\"standout-section standout-block standout-basic alignwide\">\r\n\r\n\t<div class=\"standout-max-container\">\t\r\n\r\n<div class=\"standout-block-inner\">\r\n\t\r\n\t\t\t\t\t\t<div class=\"acf-innerblocks-container\">\n\n<p>Vous trouverez ici plus d&#8217;informations sur la fa\u00e7on de vous rendre \u00e0 Lejre Land of Legends. <\/p>\n\n<\/div>\r\n\t\t\t\r\n\t<\/div>\r\n\r\n\r\n\r\n\t\t<\/div>\r\n<\/section>\n\n\r\n\r\n<section class=\"standout-section standout-block standout-columns alignwide column-gap-s\" style=\"--columns: 2; --column-span: 1; --element-alignment: flex-start;\" data-columns=\"2\">\r\n\r\n\t<div class=\"standout-max-container\">\t\r\n\r\n<div class=\"standout-block-inner\">\r\n\t\t\t<div class=\"acf-innerblocks-container\">\n\r\n\r\n<section class=\"standout-block standout-column-element rounded-bg border-bg\">\r\n\r\n\t<div class=\"standout-max-container\">\t\r\n\r\n<div class=\"standout-block-inner\">\r\n\t\t\r\n\t\t\t<div class=\"acf-innerblocks-container\">\n\n<h4 class=\"wp-block-heading\">Vous voyagez en voiture ?<\/h4>\n\n\n\n<h6 class=\"wp-block-heading\"><em>\u22c6 300 places de parking gratuites &#8211; juste \u00e0 l&#8217;entr\u00e9e<\/em><\/h6>\n\n\n\n<p>Lejre Land of Legends est situ\u00e9 au milieu des collines z\u00e9landaises, \u00e0 seulement sept kilom\u00e8tres de Roskilde. Vous pouvez vous y rendre en voiture depuis toutes les r\u00e9gions de Zealand en moins d&#8217;une heure. Il y a beaucoup de place pour votre voiture car Lejre Land of Legends dispose d&#8217;environ 300 places de parking juste \u00e0 l&#8217;entr\u00e9e.<\/p>\n\n\n\n<h4 class=\"wp-block-heading\">Vous voyagez en train ou en bus ?<\/h4>\n\n\n\n<p>Pendant la saison principale (<em><u><a href=\"https:\/\/sagnlandet.dk\/en\/aabningstider\/\">voir les heures d&#8217;ouverture<\/a><\/u><\/em>), il y a des trains et des bus jusqu&#8217;\u00e0 Lejre Land of Legends.<\/p>\n\n\n\n<p>Prenez le train jusqu&#8217;\u00e0 la gare de Lejre et montez dans le <strong>bus 233<\/strong>. Il circule directement et les horaires de d\u00e9part correspondent \u00e0 ceux du train \u00e0 destination et en provenance de Copenhague. <a href=\"https:\/\/dinoffentligetransport.dk\/planlaeg-din-rejse\/koereplaner-for-bus-og-havnebus\/koereplan?line=233\" target=\"_blank\" rel=\"noreferrer noopener\"><em><u>Vous trouverez l&#8217;horaire complet du bus 233 sur le site web du minist\u00e8re des Transports<\/u><\/em><\/a>.<\/p>\n\n\n\n<p>Si le temps le permet, vous pouvez \u00e9galement faire une partie du trajet \u00e0 v\u00e9lo &#8211; c&#8217;est une belle balade.<\/p>\n\n<\/div>\r\n\t<\/div>\r\n\r\n\r\n\r\n\t\t<\/div>\r\n<\/section>\n\n\r\n\r\n<section class=\"standout-block standout-column-element rounded-bg\">\r\n\r\n\t<div class=\"standout-max-container\">\t\r\n\r\n<div class=\"standout-block-inner\">\r\n\t\t\r\n\t\t\t<div class=\"acf-innerblocks-container\">\n\r\n\r\n<section class=\"standout-section standout-block standout-basic alignwide align-content-bottom has-bg has-bg-img bg-size-cover bg-align-horizontal-center bg-align-vertical-center\">\r\n\r\n\t<div class=\"standout-max-container\">\t\r\n\r\n<div class=\"standout-block-inner\">\r\n\t\t\t\r\n\t<div class=\"standout-block-background-deco\" style=\"--bg-align-vertical: center; --bg-align-horizontal: center; --bg-object-position: center center\">\r\n\t\t<img loading=\"lazy\" decoding=\"async\" width=\"300\" height=\"300\" src=\"https:\/\/sagnlandet.dk\/fr\/wp-content\/uploads\/sites\/12\/1738\/64\/kompasrose-468x573-1-300x300-1.png\" class=\"standout-block-background-deco-element\" alt=\"\" srcset=\"https:\/\/sagnlandet.dk\/fr\/wp-content\/uploads\/sites\/12\/1738\/64\/kompasrose-468x573-1-300x300-1.png 300w, https:\/\/sagnlandet.dk\/fr\/wp-content\/uploads\/sites\/12\/1738\/64\/kompasrose-468x573-1-300x300-1-150x150.png 150w, https:\/\/sagnlandet.dk\/fr\/wp-content\/uploads\/sites\/12\/1738\/64\/kompasrose-468x573-1-300x300-1-100x100.png 100w\" sizes=\"(max-width: 300px) 100vw, 300px\" \/>\t<\/div>\r\n\r\n\t\t\r\n\t\t\t\t\t\t<div class=\"acf-innerblocks-container\"><\/div>\r\n\t\t\t\r\n\t<\/div>\r\n\r\n\r\n\r\n\t\t<\/div>\r\n<\/section>\n<\/div>\r\n\t<\/div>\r\n\r\n\r\n\r\n\t\t<\/div>\r\n<\/section>\n<\/div>\r\n\t<\/div>\r\n\r\n\r\n\r\n\t\t<\/div>\r\n<\/section>\n\n\r\n\r\n<section class=\"standout-section standout-block standout-columns alignwide column-gap-s\" style=\"--columns: 2; --column-span: 1; --element-alignment: flex-start;\" data-columns=\"2\">\r\n\r\n\t<div class=\"standout-max-container\">\t\r\n\r\n<div class=\"standout-block-inner\">\r\n\t\t\t<div class=\"acf-innerblocks-container\">\n\r\n\r\n<section class=\"standout-block standout-column-element rounded-bg border-bg\">\r\n\r\n\t<div class=\"standout-max-container\">\t\r\n\r\n<div class=\"standout-block-inner\">\r\n\t\t\r\n\t\t\t<div class=\"acf-innerblocks-container\">\n\n<h4 class=\"wp-block-heading\">Vous \u00eates \u00e0 v\u00e9lo ?<\/h4>\n\n\n\n<p>Le trajet \u00e0 v\u00e9lo jusqu&#8217;\u00e0 Lejre Land of Legends est une exp\u00e9rience en soi.<\/p>\n\n\n\n<p>La majestueuse Ledreborg All\u00e9 est la plus longue du pays et constitue un merveilleux d\u00e9fi pour les jambes. Deux pistes cyclables nationales et la <a href=\"https:\/\/naturstyrelsen.dk\/naturoplevelser\/naturguider\/margueritruten\/#{%22x%22:671157,%22y%22:6240022,%22zoom%22:2}\" target=\"_blank\" rel=\"noreferrer noopener\">route Maguerite<\/a> passent \u00e0 peu pr\u00e8s devant l&#8217;entr\u00e9e principale de Lejre Land of Legends.<\/p>\n\n\n\n<h4 class=\"wp-block-heading\">En v\u00e9lo depuis la gare de Lejre<\/h4>\n\n\n\n<p>Si vous partez \u00e0 v\u00e9lo de la gare de Lejre, vous serez rapidement au Pays des l\u00e9gendes. Le trajet est d&#8217;\u00e0 peine 4 km, ou d&#8217;un peu plus de 2 km si vous prenez un raccourci \u00e0 travers la for\u00eat.<\/p>\n\n\n\n<p>En partant de la gare, le long de Lejrevej, vous passerez devant des troncs d&#8217;arbres d\u00e9nud\u00e9s qui \u00e9mergent d&#8217;un trou d&#8217;eau sombre, ce qui donne le ton du conte de f\u00e9es. Puis vous tournez dans la plus longue avenue du Danemark. Montez en sueur la colline qui, dans sa partie la plus raide, a une pente d&#8217;un peu moins de 8 %. En revanche, vous pouvez profiter de la descente en trombe sur le chemin du retour. Les vieux tilleuls se dressent fi\u00e8rement de part et d&#8217;autre. La route serpente \u00e0 travers la for\u00eat, passe devant les beaux b\u00e2timents anciens de Ledreborg et longe le terrain de golf, avant d&#8217;atteindre le parking de Sagnlandet.<\/p>\n\n\n\n<p>C&#8217;est l\u00e0 que vous serez accueillis pour une journ\u00e9e d&#8217;aventure au pays des l\u00e9gendes.<\/p>\n\n<\/div>\r\n\t<\/div>\r\n\r\n\r\n\r\n\t\t<\/div>\r\n<\/section>\n\n\r\n\r\n<section class=\"standout-block standout-column-element rounded-bg\">\r\n\r\n\t<div class=\"standout-max-container\">\t\r\n\r\n<div class=\"standout-block-inner\">\r\n\t\t\r\n\t\t\t<div class=\"acf-innerblocks-container\">\n\r\n\r\n<section class=\"standout-section standout-block standout-basic alignwide align-content-bottom has-bg has-bg-img bg-size-cover bg-align-horizontal-center bg-align-vertical-center\">\r\n\r\n\t<div class=\"standout-max-container\">\t\r\n\r\n<div class=\"standout-block-inner\">\r\n\t\t\t\r\n\t<div class=\"standout-block-background-deco\" style=\"--bg-align-vertical: center; --bg-align-horizontal: center; --bg-object-position: center center\">\r\n\t\t<img loading=\"lazy\" decoding=\"async\" width=\"468\" height=\"596\" src=\"https:\/\/sagnlandet.dk\/fr\/wp-content\/uploads\/sites\/12\/2025\/02\/aeblealle-cyklister-maj-2004-468x596-1.jpg\" class=\"standout-block-background-deco-element\" alt=\"\" srcset=\"https:\/\/sagnlandet.dk\/fr\/wp-content\/uploads\/sites\/12\/2025\/02\/aeblealle-cyklister-maj-2004-468x596-1.jpg 468w, https:\/\/sagnlandet.dk\/fr\/wp-content\/uploads\/sites\/12\/2025\/02\/aeblealle-cyklister-maj-2004-468x596-1-79x100.jpg 79w\" sizes=\"(max-width: 468px) 100vw, 468px\" \/>\t<\/div>\r\n\r\n\t\t\r\n\t\t\t\t\t\t<div class=\"acf-innerblocks-container\"><\/div>\r\n\t\t\t\r\n\t<\/div>\r\n\r\n\r\n\r\n\t\t<\/div>\r\n<\/section>\n<\/div>\r\n\t<\/div>\r\n\r\n\r\n\r\n\t\t<\/div>\r\n<\/section>\n<\/div>\r\n\t<\/div>\r\n\r\n\r\n\r\n\t\t<\/div>\r\n<\/section>\n\n\r\n\r\n<section class=\"standout-section standout-block standout-columns alignwide column-gap-s\" style=\"--columns: 2; --column-span: 1; --element-alignment: flex-start;\" data-columns=\"2\">\r\n\r\n\t<div class=\"standout-max-container\">\t\r\n\r\n<div class=\"standout-block-inner\">\r\n\t\t\t<div class=\"acf-innerblocks-container\">\n\r\n\r\n<section class=\"standout-block standout-column-element rounded-bg border-bg\">\r\n\r\n\t<div class=\"standout-max-container\">\t\r\n\r\n<div class=\"standout-block-inner\">\r\n\t\t\r\n\t\t\t<div class=\"acf-innerblocks-container\">\n\n<h4 class=\"wp-block-heading\">En v\u00e9lo depuis la gare de Roskilde<\/h4>\n\n\n\n<p>Le trajet en v\u00e9lo depuis la gare de Roskilde dure environ une heure \u00e0 un rythme tranquille.<\/p>\n\n\n\n<p><em>Quittez Roskilde de la bonne mani\u00e8re !<\/em><br>Depuis la gare, dirigez-vous vers l&#8217;ouest le long de Jernbanegade, qui devient Borgerdiget. Tournez \u00e0 gauche sur Helligkorsvej et continuez jusqu&#8217;au rond-point. Vous \u00eates maintenant sur les pistes cyclables nationales 4 et 6. De l\u00e0, vous pouvez suivre les panneaux qui vous guideront presque jusqu&#8217;\u00e0 Sagnlandet Lejre.<\/p>\n\n\n\n<p>L&#8217;itin\u00e9raire se poursuit hors de Roskilde et passe par Svogerslev. Vous traverserez rapidement cette petite ville qui s&#8217;est presque d\u00e9velopp\u00e9e en m\u00eame temps que Roskilde. De l&#8217;autre c\u00f4t\u00e9 de Svogerslev, on a vraiment l&#8217;impression d&#8217;\u00eatre \u00e0 la campagne. La route est sur\u00e9lev\u00e9e et le paysage vallonn\u00e9 s&#8217;ouvre avec reconnaissance \u00e0 vos pieds. Si vous arrivez au bon moment, vous pourrez admirer les champs de colza jaune vif.<\/p>\n\n\n\n<p>La piste cyclable passe en trombe sous Lindenborgvej et traverse Kornerup. Un virage serr\u00e9 \u00e0 gauche dans une mont\u00e9e raide mettra vos talents de cycliste \u00e0 l&#8217;\u00e9preuve. Reprenez votre souffle et remplissez votre bouteille d&#8217;eau \u00e0 l&#8217;\u00e9glise du petit village. L&#8217;eau est toujours disponible dans les cimeti\u00e8res et il est g\u00e9n\u00e9ralement possible d&#8217;y emprunter des toilettes.<\/p>\n\n\n\n<p>De Kornerup, vous monterez vers Gl. Lejre. Peu apr\u00e8s, la route se transforme en gravier, mais avant d&#8217;atteindre Gl. Lejre, vous passerez devant le bateau en pierre original, dont une r\u00e9plique compl\u00e8te a \u00e9t\u00e9 construite \u00e0 Sagnlandet. Plus loin sur la route se trouve le <strong><em><a href=\"http:\/\/lejremuseum.dk\/\" target=\"_blank\" rel=\"noreferrer noopener\">mus\u00e9e de Lejre<\/a><\/em><\/strong>. Vous y trouverez toutes les informations n\u00e9cessaires sur la colonie de bateaux, ainsi que sur les nombreuses autres d\u00e9couvertes faites dans la r\u00e9gion de Lejre.<\/p>\n\n\n\n<p>De l\u00e0, il ne reste que quelques centaines de m\u00e8tres \u00e0 parcourir jusqu&#8217;\u00e0 Ledreborg All\u00e9, o\u00f9 la derni\u00e8re mont\u00e9e difficile vous attend. N&#8217;oubliez pas d&#8217;admirer les magnifiques tilleuls qui, en \u00e9t\u00e9, vous enveloppent d&#8217;une lueur verte. Continuez \u00e0 travers la for\u00eat et le long du terrain de golf, et vous devrez bient\u00f4t quitter la piste cyclable nationale et tourner \u00e0 droite en direction de Sagnlandet Lejre. Vous verrez un panneau, il n&#8217;y a pas d&#8217;erreur possible. Reposez votre v\u00e9lo avant de partir \u00e0 l&#8217;aventure dans le Lejre Land of Legends.<\/p>\n\n\n\n<p>Si vous \u00eates assez courageux pour sauter l&#8217;itin\u00e9raire fl\u00e9ch\u00e9 au mus\u00e9e de Lejre, vous pouvez \u00e9conomiser quelques kilom\u00e8tres et obtenir de la nature pour tous vos efforts. Traversez l&#8217;autoroute et continuez le long de la route des champs de mani\u00e8re \u00e0 continuer plus ou moins tout droit. Le chemin s&#8217;enfonce dans la campagne et, \u00e0 un moment donn\u00e9, il tourne brusquement \u00e0 gauche et s&#8217;enfonce dans la for\u00eat. Suivez le chemin forestier et vous arriverez au parking de Sagnlandet.<\/p>\n\n<\/div>\r\n\t<\/div>\r\n\r\n\r\n\r\n\t\t<\/div>\r\n<\/section>\n\n\r\n\r\n<section class=\"standout-block standout-column-element rounded-bg\">\r\n\r\n\t<div class=\"standout-max-container\">\t\r\n\r\n<div class=\"standout-block-inner\">\r\n\t\t\r\n\t\t\t<div class=\"acf-innerblocks-container\">\n\r\n\r\n<section class=\"standout-section standout-block standout-basic alignwide align-content-bottom has-bg has-bg-img bg-size-cover bg-align-horizontal-center bg-align-vertical-center\">\r\n\r\n\t<div class=\"standout-max-container\">\t\r\n\r\n<div class=\"standout-block-inner\">\r\n\t\t\t\r\n\t<div class=\"standout-block-background-deco\" style=\"--bg-align-vertical: center; --bg-align-horizontal: center; --bg-object-position: center center\">\r\n\t\t<img loading=\"lazy\" decoding=\"async\" width=\"1920\" height=\"907\" src=\"https:\/\/sagnlandet.dk\/fr\/wp-content\/uploads\/sites\/12\/2020\/01\/fotogen-jernalderlandsby-e1578905601728.jpg\" class=\"standout-block-background-deco-element\" alt=\"\" srcset=\"https:\/\/sagnlandet.dk\/fr\/wp-content\/uploads\/sites\/12\/2020\/01\/fotogen-jernalderlandsby-e1578905601728.jpg 2700w, https:\/\/sagnlandet.dk\/fr\/wp-content\/uploads\/sites\/12\/2020\/01\/fotogen-jernalderlandsby-e1578905601728-300x142.jpg 300w, https:\/\/sagnlandet.dk\/fr\/wp-content\/uploads\/sites\/12\/2020\/01\/fotogen-jernalderlandsby-e1578905601728-1920x907.jpg 1920w, https:\/\/sagnlandet.dk\/fr\/wp-content\/uploads\/sites\/12\/2020\/01\/fotogen-jernalderlandsby-e1578905601728-600x283.jpg 600w\" sizes=\"(max-width: 1920px) 100vw, 1920px\" \/>\t<\/div>\r\n\r\n\t\t\r\n\t\t\t\t\t\t<div class=\"acf-innerblocks-container\"><\/div>\r\n\t\t\t\r\n\t<\/div>\r\n\r\n\r\n\r\n\t\t<\/div>\r\n<\/section>\n<\/div>\r\n\t<\/div>\r\n\r\n\r\n\r\n\t\t<\/div>\r\n<\/section>\n<\/div>\r\n\t<\/div>\r\n\r\n\r\n\r\n\t\t<\/div>\r\n<\/section>","protected":false},"excerpt":{"rendered":"","protected":false},"author":1,"featured_media":71054,"parent":0,"menu_order":0,"comment_status":"open","ping_status":"open","template":"","meta":{"_acf_changed":false,"footnotes":""},"class_list":["post-69912","page","type-page","status-publish","has-post-thumbnail","hentry"],"acf":[],"yoast_head":"<!-- This site is optimized with the Yoast SEO plugin v23.5 - https:\/\/yoast.com\/wordpress\/plugins\/seo\/ -->\n<title>Trouver sa voie - Sagnlandet Lejre<\/title>\n<meta name=\"robots\" content=\"index, follow, max-snippet:-1, max-image-preview:large, max-video-preview:-1\" \/>\n<link rel=\"canonical\" href=\"https:\/\/sagnlandet.dk\/fr\/find-your-way\/\" \/>\n<meta property=\"og:locale\" content=\"fr_FR\" \/>\n<meta property=\"og:type\" content=\"article\" \/>\n<meta property=\"og:title\" content=\"Trouver sa voie - Sagnlandet Lejre\" \/>\n<meta property=\"og:url\" content=\"https:\/\/sagnlandet.dk\/fr\/find-your-way\/\" \/>\n<meta property=\"og:site_name\" content=\"Sagnlandet Lejre\" \/>\n<meta property=\"article:modified_time\" content=\"2025-02-24T06:25:48+00:00\" \/>\n<meta property=\"og:image\" content=\"https:\/\/sagnlandet.dk\/fr\/wp-content\/uploads\/sites\/12\/2025\/02\/fotogen-jernalderlandsby-e1578905601728-scaled-1-1.jpg\" \/>\n\t<meta property=\"og:image:width\" content=\"2560\" \/>\n\t<meta property=\"og:image:height\" content=\"1209\" \/>\n\t<meta property=\"og:image:type\" content=\"image\/jpeg\" \/>\n<meta name=\"twitter:card\" content=\"summary_large_image\" \/>\n<meta name=\"twitter:label1\" content=\"Dur\u00e9e de lecture estim\u00e9e\" \/>\n\t<meta name=\"twitter:data1\" content=\"5 minutes\" \/>\n<!-- \/ Yoast SEO plugin. -->","yoast_head_json":{"title":"Trouver sa voie - Sagnlandet Lejre","robots":{"index":"index","follow":"follow","max-snippet":"max-snippet:-1","max-image-preview":"max-image-preview:large","max-video-preview":"max-video-preview:-1"},"canonical":"https:\/\/sagnlandet.dk\/fr\/find-your-way\/","og_locale":"fr_FR","og_type":"article","og_title":"Trouver sa voie - Sagnlandet Lejre","og_url":"https:\/\/sagnlandet.dk\/fr\/find-your-way\/","og_site_name":"Sagnlandet Lejre","article_modified_time":"2025-02-24T06:25:48+00:00","og_image":[{"width":2560,"height":1209,"url":"https:\/\/sagnlandet.dk\/fr\/wp-content\/uploads\/sites\/12\/2025\/02\/fotogen-jernalderlandsby-e1578905601728-scaled-1-1.jpg","type":"image\/jpeg"}],"twitter_card":"summary_large_image","twitter_misc":{"Dur\u00e9e de lecture estim\u00e9e":"5 minutes"},"schema":{"@context":"https:\/\/schema.org","@graph":[{"@type":"WebPage","@id":"https:\/\/sagnlandet.dk\/fr\/find-your-way\/","url":"https:\/\/sagnlandet.dk\/fr\/find-your-way\/","name":"Trouver sa voie - Sagnlandet Lejre","isPartOf":{"@id":"https:\/\/sagnlandet.dk\/fr\/#website"},"primaryImageOfPage":{"@id":"https:\/\/sagnlandet.dk\/fr\/find-your-way\/#primaryimage"},"image":{"@id":"https:\/\/sagnlandet.dk\/fr\/find-your-way\/#primaryimage"},"thumbnailUrl":"https:\/\/sagnlandet.dk\/fr\/wp-content\/uploads\/sites\/12\/2025\/02\/fotogen-jernalderlandsby-e1578905601728-scaled-1-1-1.jpg","datePublished":"2024-04-23T08:22:21+00:00","dateModified":"2025-02-24T06:25:48+00:00","breadcrumb":{"@id":"https:\/\/sagnlandet.dk\/fr\/find-your-way\/#breadcrumb"},"inLanguage":"fr-FR","potentialAction":[{"@type":"ReadAction","target":["https:\/\/sagnlandet.dk\/fr\/find-your-way\/"]}]},{"@type":"ImageObject","inLanguage":"fr-FR","@id":"https:\/\/sagnlandet.dk\/fr\/find-your-way\/#primaryimage","url":"https:\/\/sagnlandet.dk\/fr\/wp-content\/uploads\/sites\/12\/2025\/02\/fotogen-jernalderlandsby-e1578905601728-scaled-1-1-1.jpg","contentUrl":"https:\/\/sagnlandet.dk\/fr\/wp-content\/uploads\/sites\/12\/2025\/02\/fotogen-jernalderlandsby-e1578905601728-scaled-1-1-1.jpg","width":2560,"height":1209},{"@type":"BreadcrumbList","@id":"https:\/\/sagnlandet.dk\/fr\/find-your-way\/#breadcrumb","itemListElement":[{"@type":"ListItem","position":1,"name":"Hjem","item":"https:\/\/sagnlandet.dk\/fr\/"},{"@type":"ListItem","position":2,"name":"Find your way"}]},{"@type":"WebSite","@id":"https:\/\/sagnlandet.dk\/fr\/#website","url":"https:\/\/sagnlandet.dk\/fr\/","name":"Sagnlandet Lejre","description":"","publisher":{"@id":"https:\/\/sagnlandet.dk\/fr\/#organization"},"potentialAction":[{"@type":"SearchAction","target":{"@type":"EntryPoint","urlTemplate":"https:\/\/sagnlandet.dk\/fr\/?s={search_term_string}"},"query-input":{"@type":"PropertyValueSpecification","valueRequired":true,"valueName":"search_term_string"}}],"inLanguage":"fr-FR"},{"@type":"Organization","@id":"https:\/\/sagnlandet.dk\/fr\/#organization","name":"Sagnlandet Lejre","url":"https:\/\/sagnlandet.dk\/fr\/","logo":{"@type":"ImageObject","inLanguage":"fr-FR","@id":"https:\/\/sagnlandet.dk\/fr\/#\/schema\/logo\/image\/","url":"https:\/\/sagnlandet.dk\/fr\/wp-content\/uploads\/sites\/12\/1738\/65\/logo.png","contentUrl":"https:\/\/sagnlandet.dk\/fr\/wp-content\/uploads\/sites\/12\/1738\/65\/logo.png","width":398,"height":143,"caption":"Sagnlandet Lejre"},"image":{"@id":"https:\/\/sagnlandet.dk\/fr\/#\/schema\/logo\/image\/"}}]}},"_links":{"self":[{"href":"https:\/\/sagnlandet.dk\/fr\/wp-json\/wp\/v2\/pages\/69912"}],"collection":[{"href":"https:\/\/sagnlandet.dk\/fr\/wp-json\/wp\/v2\/pages"}],"about":[{"href":"https:\/\/sagnlandet.dk\/fr\/wp-json\/wp\/v2\/types\/page"}],"author":[{"embeddable":true,"href":"https:\/\/sagnlandet.dk\/fr\/wp-json\/wp\/v2\/users\/1"}],"replies":[{"embeddable":true,"href":"https:\/\/sagnlandet.dk\/fr\/wp-json\/wp\/v2\/comments?post=69912"}],"version-history":[{"count":1,"href":"https:\/\/sagnlandet.dk\/fr\/wp-json\/wp\/v2\/pages\/69912\/revisions"}],"predecessor-version":[{"id":70407,"href":"https:\/\/sagnlandet.dk\/fr\/wp-json\/wp\/v2\/pages\/69912\/revisions\/70407"}],"wp:featuredmedia":[{"embeddable":true,"href":"https:\/\/sagnlandet.dk\/fr\/wp-json\/wp\/v2\/media\/71054"}],"wp:attachment":[{"href":"https:\/\/sagnlandet.dk\/fr\/wp-json\/wp\/v2\/media?parent=69912"}],"curies":[{"name":"wp","href":"https:\/\/api.w.org\/{rel}","templated":true}]}}