{"id":69828,"date":"2024-04-12T10:47:25","date_gmt":"2024-04-12T08:47:25","guid":{"rendered":"https:\/\/sagnlandet.dk\/besoeg-os\/"},"modified":"2025-02-24T07:26:15","modified_gmt":"2025-02-24T06:26:15","slug":"visitez-nous-a-ladresse-suivante","status":"publish","type":"page","link":"https:\/\/sagnlandet.dk\/fr\/visitez-nous-a-ladresse-suivante\/","title":{"rendered":"Visitez-nous \u00e0 l&#8217;adresse suivante"},"content":{"rendered":"\r\n\r\n<section class=\"standout-section standout-block standout-basic alignfull rounded-bg wp-elements-3979d30a6f144dac8301b9f3a2bb8e7f hero-section side-spacing has-bg has-bg-img bg-size-cover bg-align-horizontal-center bg-align-vertical-center has-text-color\" style=\"color: #ffffff;\">\r\n\r\n\t<div class=\"standout-max-container\">\t\r\n\r\n<div class=\"standout-block-inner\">\r\n\t\t\t\r\n\t<div class=\"standout-block-background-deco\" style=\"--bg-align-vertical: center; --bg-align-horizontal: center; --bg-object-position: center center\">\r\n\t\t<img loading=\"lazy\" decoding=\"async\" width=\"1920\" height=\"593\" src=\"https:\/\/sagnlandet.dk\/fr\/wp-content\/uploads\/sites\/12\/2025\/02\/kongehal-med-personer-lille-1920x593-1-1.png\" class=\"standout-block-background-deco-element\" alt=\"\" srcset=\"https:\/\/sagnlandet.dk\/fr\/wp-content\/uploads\/sites\/12\/2025\/02\/kongehal-med-personer-lille-1920x593-1-1.png 1920w, https:\/\/sagnlandet.dk\/fr\/wp-content\/uploads\/sites\/12\/2025\/02\/kongehal-med-personer-lille-1920x593-1-1-600x185.png 600w, https:\/\/sagnlandet.dk\/fr\/wp-content\/uploads\/sites\/12\/2025\/02\/kongehal-med-personer-lille-1920x593-1-1-1536x474.png 1536w, https:\/\/sagnlandet.dk\/fr\/wp-content\/uploads\/sites\/12\/2025\/02\/kongehal-med-personer-lille-1920x593-1-1-300x93.png 300w, https:\/\/sagnlandet.dk\/fr\/wp-content\/uploads\/sites\/12\/2025\/02\/kongehal-med-personer-lille-1920x593-1-1-1200x371.png 1200w, https:\/\/sagnlandet.dk\/fr\/wp-content\/uploads\/sites\/12\/2025\/02\/kongehal-med-personer-lille-1920x593-1-1-1320x408.png 1320w\" sizes=\"(max-width: 1920px) 100vw, 1920px\" \/>\t<\/div>\r\n\r\n\t\t\r\n\t\t\t\t\t\t<div class=\"acf-innerblocks-container\">\n\n<h1 class=\"wp-block-heading\">VISITEZ-NOUS<\/h1>\n\n\n\n<p class=\"has-h-6-font-size\">Vous trouverez ici des informations importantes qui vous aideront \u00e0 planifier votre visite.<br>Vous trouverez de plus amples informations dans les sous-pages correspondantes.<\/p>\n\n<\/div>\r\n\t\t\t\r\n\t\t\t<div class=\"standout-hero-information\"><div class=\"standout-hero-information-inner\">Voir le programme de la journ\u00e9e <a href=\"https:\/\/sagnlandet.dk\/fr\/programme-de-jour\/\">ici <span height=\"1em\" class=\"standout-custom-svg custom-svg\"><?xml version=\"1.0\" encoding=\"UTF-8\"?><svg height=\"1em\" id=\"a\" xmlns=\"http:\/\/www.w3.org\/2000\/svg\" viewBox=\"0 0 16.28 22.02\"><path d=\"M5.4,18.67h-.24c-.77.76-1.5,1.5-2.28,2.28v.35h-.36c-.24.26-.45.47-.68.71H.74c0-.15-.01-.28-.02-.37-.24-.23-.45-.43-.7-.66v-.34c.08-.05.15-.1.23-.15-.06-.05-.14-.09-.19-.15-.03-.04-.06-.13-.04-.15.13-.13.28-.24.46-.39,0-.08,0-.22.01-.29.52-.52,1.01-1,1.49-1.49-.01-.02-.02-.03-.04-.05.14,0,.27-.01.35-.02.32-.33.61-.62.94-.95h.35c0-.15.02-.3.02-.37.2-.2.37-.37.58-.58h.26c.48-.49.93-.94,1.42-1.44h.35v-.38c.13-.11.22-.2.31-.28,0-.02-.02-.04-.03-.06h.34c.41-.42.77-.79,1.18-1.2h.25c.57-.57,1.1-1.11,1.66-1.68h.25c.2-.19.37-.33.52-.49.04-.04.09-.16.07-.18-.12-.11-.26-.19-.38-.3-.12-.11-.22-.23-.33-.35-.11-.12-.21-.24-.32-.36-.07-.07-.15-.13-.29-.24h-.25c-.31-.33-.6-.62-.92-.96h-.3c-.15-.17-.26-.3-.41-.48h-.31c-.15-.17-.26-.3-.41-.48h-.28c-.41-.42-.77-.79-1.18-1.2h-.27c-.31-.33-.6-.62-.92-.96h-.29c-.23-.25-.44-.47-.68-.72h-.29c-.14-.17-.26-.31-.4-.48h-.31c-.14-.17-.26-.31-.41-.48h-.28c-.29-.29-.53-.54-.83-.84v-.26c-.26-.24-.47-.44-.71-.67.1-.18-.21-.52.23-.68v-.31c.22-.22.38-.38.59-.59h1.02c.14.16.25.29.4.47h.36c.02.09.04.16.06.24h.35c.23.25.44.46.68.72h.29c.15.17.26.3.42.48h.27c.33.33.61.62.94.96.06,0,.19,0,.3.02.14.16.26.3.4.47h.29c.32.33.61.62.94.96h.28c.14.17.26.31.4.48h.37c0,.36.29.21.41.24.24.26.44.47.68.72h.34c.07.11,0,.36.28.23v.48c.15,0,.29.01.38.02.31.32.59.62.91.95h.28c.23.25.44.47.68.72h.3c.14-.16.26-.3.4-.47h1.33c0-.37.27-.21.47-.25.02-.06.05-.14.07-.22h.58c.19.2.36.37.57.58v.58c-.07.01-.14.03-.2.04-.1.17.13.48-.26.48v.33c-.2.21-.34.36-.49.51-.1.11-.2.23-.31.33-.12.1-.26.18-.39.29-.03.02-.03.12-.01.14.14.12.29.24.46.38v.36c.08.03.16.06.25.08v.65c.08.02.15.04.23.06v.42c-.07.02-.14.05-.23.07v.43h-.38c-.11.12-.17.18-.23.25-.05-.07-.11-.13-.19-.23h-.55c-.15-.17-.26-.3-.41-.48h-.32c-.26-.48-.68-.1-.93-.25-.24.25-.44.46-.68.72-.07,0-.2,0-.37.02v.37c-.13.11-.22.19-.31.27,0,.02.02.04.03.06h-.33c-.66.66-1.26,1.27-1.91,1.92h-.25c-.81.81-1.57,1.58-2.39,2.4h-.35c0,.15-.02.29-.02.39-.11.11-.2.19-.35.33Z\"\/><\/svg><\/span><\/a><\/div><div class=\"standout-hero-rowing-animation\"><img decoding=\"async\" class=\"animation\" src=\"https:\/\/sagnlandet.dk\/fr\/wp-content\/themes\/s-child\/images\/rowing.png\"><\/div><\/div>\t<\/div>\r\n\r\n\r\n\r\n\t\t<\/div>\r\n<\/section>\n\n\r\n\r\n<section class=\"standout-section standout-block standout-basic alignwide\">\r\n\r\n\t<div class=\"standout-max-container\">\t\r\n\r\n<div class=\"standout-block-inner\">\r\n\t\r\n\t\t\t\t\t\t<div class=\"acf-innerblocks-container\">\n\n<h2 class=\"wp-block-heading has-h-1-font-size\">VISITEZ LE CAMP DU PAYS DES L\u00c9GENDES<\/h2>\n\n\n\n<p>Prenez votre famille par le bras et voyagez dans un pass\u00e9 lointain. Rencontrez le chasseur de l&#8217;\u00e2ge de pierre, le fermier de l&#8217;\u00e2ge de fer et les Vikings commer\u00e7ants. Moulez de la farine et faites des biscuits, naviguez sur un bateau de l&#8217;\u00e2ge de pierre, tirez \u00e0 l&#8217;arc et d\u00e9couvrez la vie d&#8217;autrefois.<\/p>\n\n\n\n<p>Au Pays des l\u00e9gendes, les plafonds sont hauts et il y a beaucoup d&#8217;espace pour jouer. Lancez-vous dans les nombreuses activit\u00e9s pour petits et grands, ou d\u00e9pliez votre couverture de pique-nique et installez-vous au soleil avec un panier de pique-nique. Nous allumerons le feu pour que vous puissiez r\u00e9chauffer votre repas sur les braises &#8211; et vous pourrez emprunter des grilles de barbecue, des moules \u00e0 pop-corn et des gressins.<\/p>\n\n\n\n<p>Promenez-vous dans les quartiers historiques, voyez ce que les gens d&#8217;autrefois avaient \u00e0 manger, d\u00e9couvrez si les v\u00eatements en laine vous d\u00e9mangent et si les vieux lits sont confortables ou durs comme de la pierre.<\/p>\n\n\n\n<p>Vous pouvez \u00e9galement saluer les ch\u00e8vres du zoo pour enfants, regarder les sangliers se faire nourrir ou partir \u00e0 la recherche de tr\u00e9sors du pass\u00e9 dans le bassin arch\u00e9ologique. Qui sait, peut-\u00eatre l&#8217;un d&#8217;entre vous fera-t-il la plus belle trouvaille du mois ?<\/p>\n\n\n\n<p>Pour en savoir plus, rendez-vous \u00e0 Lejres Land of Legends :<\/p>\n\n\n\n<div class=\"wp-block-buttons is-layout-flex wp-block-buttons-is-layout-flex\">\n<div class=\"wp-block-button\"><a class=\"wp-block-button__link has-color-text-background-color has-background wp-element-button\" href=\"https:\/\/sagnlandet.dk\/fr\/programme-de-jour\/\">Retrouvez le programme quotidien ici<\/a><\/div>\n<\/div>\n\n\n\n<p>Si vous souhaitez faire une visite guid\u00e9e du Pays des l\u00e9gendes de Lejre, nous proposons \u00e9galement des visites guid\u00e9es pour les groupes.<\/p>\n\n\n\n<div class=\"wp-block-buttons is-layout-flex wp-block-buttons-is-layout-flex\">\n<div class=\"wp-block-button\"><a class=\"wp-block-button__link has-color-text-background-color has-background wp-element-button\" href=\"https:\/\/sagnlandet.dk\/fr\/visite-guidee\/\">Pour en savoir plus sur les visites guid\u00e9es, cliquez ici<\/a><\/div>\n<\/div>\n\n\n\n<h4 class=\"wp-block-heading\">Trouvez toutes les informations et pr\u00e9parez votre visite ici : <\/h4>\n\n\n\n<h2 class=\"wp-block-heading has-h-1-font-size\">Heures d&#8217;ouverture<\/h2>\n\n\n\n<p>Les heures d&#8217;ouverture du Pays des l\u00e9gendes de Lejre varient en fonction des saisons. Il est donc conseill\u00e9 de v\u00e9rifier la p\u00e9riode en cours avant de s&#8217;aventurer dans le pass\u00e9.<\/p>\n\n\n\n<div class=\"wp-block-buttons is-layout-flex wp-block-buttons-is-layout-flex\">\n<div class=\"wp-block-button\"><a class=\"wp-block-button__link wp-element-button\" href=\"https:\/\/sagnlandet.dk\/fr\/heures-douverture\/\">Heures d&#8217;ouverture<\/a><\/div>\n<\/div>\n\n\n\n<h2 class=\"wp-block-heading has-h-1-font-size\">Prix des billets<\/h2>\n\n\n\n<p>Un billet pour le Lejre Land of Legends vous donne acc\u00e8s au Lejre Land of Legends pendant toute l&#8217;ann\u00e9e civile au cours de laquelle le billet a \u00e9t\u00e9 achet\u00e9, \u00e0 partir du jour de l&#8217;achat.<\/p>\n\n\n\n<div class=\"wp-block-buttons is-layout-flex wp-block-buttons-is-layout-flex\">\n<div class=\"wp-block-button\"><a class=\"wp-block-button__link wp-element-button\" href=\"https:\/\/sagnlandet.dk\/fr\/tarification\/\">Trouver tous les prix<\/a><\/div>\n\n\n\n<div class=\"wp-block-button\"><a class=\"wp-block-button__link wp-element-button\" href=\"https:\/\/sagnlandet.dk\/en\/koeb-billet\/\">Acheter un billet en ligne<\/a><\/div>\n<\/div>\n\n\n\n<h2 class=\"wp-block-heading has-h-1-font-size\">Trouvez votre chemin<\/h2>\n\n\n\n<div class=\"embed-map-container\" style=\"width: 100%\">\n\t<iframe width=\"100%\" height=\"100%\" frameborder=\"0\" scrolling=\"no\" marginheight=\"0\" marginwidth=\"0\"\n\t\tsrc=\"https:\/\/maps.google.com\/maps?width=100%25&amp;height=600&amp;hl=en&amp;q=Slangeall%C3%A9en%202,%204320%20Lejre,%20Denmark+(Sagnlandet%20Lejre)&amp;t=&amp;z=15&amp;ie=UTF8&amp;iwloc=B&amp;output=embed\">\n\t\t<a href=\"https:\/\/www.gps.ie\/\">appareils gps<\/a>\n\t<\/iframe>\n<\/div>\n\n\n\n<p>Vous ne savez pas comment nous trouver ? Vous pouvez venir en voiture, en transports en commun ou \u00e0 v\u00e9lo.<\/p>\n\n\n\n<div class=\"wp-block-buttons is-layout-flex wp-block-buttons-is-layout-flex\">\n<div class=\"wp-block-button\"><a class=\"wp-block-button__link wp-element-button\" href=\"https:\/\/sagnlandet.dk\/fr\/trouver-sa-voie\/\">Trouvez votre chemin jusqu&#8217;\u00e0 Lejre Land of Legends<\/a><\/div>\n<\/div>\n\n\n\n<h2 class=\"wp-block-heading has-h-1-font-size\">Questions fr\u00e9quemment pos\u00e9es<\/h2>\n\n\n\n<p>Vous trouverez ici les r\u00e9ponses aux questions les plus fr\u00e9quentes concernant la visite de Lejre Land of Legends. Vous pouvez \u00e9galement consulter la liste compl\u00e8te en cliquant sur le lien ci-dessous.<\/p>\n\n\n\n<div class=\"wp-block-buttons is-layout-flex wp-block-buttons-is-layout-flex\">\n<div class=\"wp-block-button\"><a class=\"wp-block-button__link wp-element-button\" href=\"https:\/\/sagnlandet.dk\/fr\/faq\/\">Trouver la FAQ compl\u00e8te<\/a><\/div>\n<\/div>\n\n\n\r\n\r\n<section class=\"standout-section standout-block standout-accordion alignwide\">\r\n\r\n\t<div class=\"standout-max-container\">\t\r\n\r\n<div class=\"standout-block-inner\">\r\n\t<div class=\"acf-innerblocks-container\">\r\n\t\t\r\n\t\t<div class=\"standout-accordion-container \"><span class=\"standout-accordion-button standout-accordion-show-more\">M\u00e5 jeg have min hund med?<span height=\"1em\" class=\"standout-custom-svg fa-svg standout-fa-plus\"><svg height=\"1em\" xmlns=\"http:\/\/www.w3.org\/2000\/svg\" viewBox=\"0 0 448 512\"><!-- Font Awesome Free 5.15.2 by @fontawesome - https:\/\/fontawesome.com License - https:\/\/fontawesome.com\/license\/free (Icons: CC BY 4.0, Fonts: SIL OFL 1.1, Code: MIT License) --><path d=\"M416 208H272V64c0-17.67-14.33-32-32-32h-32c-17.67 0-32 14.33-32 32v144H32c-17.67 0-32 14.33-32 32v32c0 17.67 14.33 32 32 32h144v144c0 17.67 14.33 32 32 32h32c17.67 0 32-14.33 32-32V304h144c17.67 0 32-14.33 32-32v-32c0-17.67-14.33-32-32-32z\"\/><\/svg><\/span><\/span><span class=\"standout-accordion-button standout-accordion-show-less\" style=\"display: none\">M\u00e5 jeg have min hund med?<span height=\"1em\" class=\"standout-custom-svg fa-svg standout-fa-minus\"><svg height=\"1em\" xmlns=\"http:\/\/www.w3.org\/2000\/svg\" viewBox=\"0 0 448 512\"><!-- Font Awesome Free 5.15.2 by @fontawesome - https:\/\/fontawesome.com License - https:\/\/fontawesome.com\/license\/free (Icons: CC BY 4.0, Fonts: SIL OFL 1.1, Code: MIT License) --><path d=\"M416 208H32c-17.67 0-32 14.33-32 32v32c0 17.67 14.33 32 32 32h384c17.67 0 32-14.33 32-32v-32c0-17.67-14.33-32-32-32z\"\/><\/svg><\/span><\/span><div class=\"standout-accordion-content\" style=\"display: none\">\r\n\t\t\t\t\t\n\n<p>Oui, vous \u00eates les bienvenus. Votre chien est le bienvenu, \u00e0 condition que vous le teniez en laisse.<\/p>\n\n\r\n\t\t\r\n\t\t<\/div><\/div>\t<\/div>\r\n<\/div>\r\n\r\n\r\n\r\n\t\t<\/div>\r\n<\/section>\n\n\r\n\r\n<section class=\"standout-section standout-block standout-accordion alignwide\">\r\n\r\n\t<div class=\"standout-max-container\">\t\r\n\r\n<div class=\"standout-block-inner\">\r\n\t<div class=\"acf-innerblocks-container\">\r\n\t\t\r\n\t\t<div class=\"standout-accordion-container \"><span class=\"standout-accordion-button standout-accordion-show-more\">Hvor stort er omr\u00e5det?<span height=\"1em\" class=\"standout-custom-svg fa-svg standout-fa-plus\"><svg height=\"1em\" xmlns=\"http:\/\/www.w3.org\/2000\/svg\" viewBox=\"0 0 448 512\"><!-- Font Awesome Free 5.15.2 by @fontawesome - https:\/\/fontawesome.com License - https:\/\/fontawesome.com\/license\/free (Icons: CC BY 4.0, Fonts: SIL OFL 1.1, Code: MIT License) --><path d=\"M416 208H272V64c0-17.67-14.33-32-32-32h-32c-17.67 0-32 14.33-32 32v144H32c-17.67 0-32 14.33-32 32v32c0 17.67 14.33 32 32 32h144v144c0 17.67 14.33 32 32 32h32c17.67 0 32-14.33 32-32V304h144c17.67 0 32-14.33 32-32v-32c0-17.67-14.33-32-32-32z\"\/><\/svg><\/span><\/span><span class=\"standout-accordion-button standout-accordion-show-less\" style=\"display: none\">Hvor stort er omr\u00e5det?<span height=\"1em\" class=\"standout-custom-svg fa-svg standout-fa-minus\"><svg height=\"1em\" xmlns=\"http:\/\/www.w3.org\/2000\/svg\" viewBox=\"0 0 448 512\"><!-- Font Awesome Free 5.15.2 by @fontawesome - https:\/\/fontawesome.com License - https:\/\/fontawesome.com\/license\/free (Icons: CC BY 4.0, Fonts: SIL OFL 1.1, Code: MIT License) --><path d=\"M416 208H32c-17.67 0-32 14.33-32 32v32c0 17.67 14.33 32 32 32h384c17.67 0 32-14.33 32-32v-32c0-17.67-14.33-32-32-32z\"\/><\/svg><\/span><\/span><div class=\"standout-accordion-content\" style=\"display: none\">\r\n\t\t\t\t\t\n\n<p>Le Lejre Land of Legends s&#8217;\u00e9tend sur 43 hectares.<\/p>\n\n\n\n<p>Le terrain varie d&#8217;une zone \u00e0 l&#8217;autre, avec des chemins larges et \u00e9troits, des sentiers naturels sinueux, des collines, des ponts de planches et des prairies. \u00c0 l&#8217;entr\u00e9e, une carte vous sera remise pour vous donner une vue d&#8217;ensemble des diff\u00e9rents itin\u00e9raires. Vous pouvez \u00e9galement vous orienter sur le plan avant votre visite. Pour en savoir plus sur l&#8217;accessibilit\u00e9, cliquez ici : <\/p>\n\n\n\n<div class=\"wp-block-buttons is-layout-flex wp-block-buttons-is-layout-flex\">\n<div class=\"wp-block-button\"><a class=\"wp-block-button__link wp-element-button\" href=\"https:\/\/sagnlandet.dk\/fr\/accessibilite\/\">Accessibilit\u00e9<\/a><\/div>\n<\/div>\n\n\r\n\t\t\r\n\t\t<\/div><\/div>\t<\/div>\r\n<\/div>\r\n\r\n\r\n\r\n\t\t<\/div>\r\n<\/section>\n\n\r\n\r\n<section class=\"standout-section standout-block standout-accordion alignwide\">\r\n\r\n\t<div class=\"standout-max-container\">\t\r\n\r\n<div class=\"standout-block-inner\">\r\n\t<div class=\"acf-innerblocks-container\">\r\n\t\t\r\n\t\t<div class=\"standout-accordion-container \"><span class=\"standout-accordion-button standout-accordion-show-more\">M\u00e5 man have sin egen mad med?<span height=\"1em\" class=\"standout-custom-svg fa-svg standout-fa-plus\"><svg height=\"1em\" xmlns=\"http:\/\/www.w3.org\/2000\/svg\" viewBox=\"0 0 448 512\"><!-- Font Awesome Free 5.15.2 by @fontawesome - https:\/\/fontawesome.com License - https:\/\/fontawesome.com\/license\/free (Icons: CC BY 4.0, Fonts: SIL OFL 1.1, Code: MIT License) --><path d=\"M416 208H272V64c0-17.67-14.33-32-32-32h-32c-17.67 0-32 14.33-32 32v144H32c-17.67 0-32 14.33-32 32v32c0 17.67 14.33 32 32 32h144v144c0 17.67 14.33 32 32 32h32c17.67 0 32-14.33 32-32V304h144c17.67 0 32-14.33 32-32v-32c0-17.67-14.33-32-32-32z\"\/><\/svg><\/span><\/span><span class=\"standout-accordion-button standout-accordion-show-less\" style=\"display: none\">M\u00e5 man have sin egen mad med?<span height=\"1em\" class=\"standout-custom-svg fa-svg standout-fa-minus\"><svg height=\"1em\" xmlns=\"http:\/\/www.w3.org\/2000\/svg\" viewBox=\"0 0 448 512\"><!-- Font Awesome Free 5.15.2 by @fontawesome - https:\/\/fontawesome.com License - https:\/\/fontawesome.com\/license\/free (Icons: CC BY 4.0, Fonts: SIL OFL 1.1, Code: MIT License) --><path d=\"M416 208H32c-17.67 0-32 14.33-32 32v32c0 17.67 14.33 32 32 32h384c17.67 0 32-14.33 32-32v-32c0-17.67-14.33-32-32-32z\"\/><\/svg><\/span><\/span><div class=\"standout-accordion-content\" style=\"display: none\">\r\n\t\t\t\t\t\n\n<p>Vous pouvez apporter votre propre panier repas ou pique-nique et le d\u00e9guster sur nos tables de pique-nique en plein air. Au Caf\u00e9 Hvides\u00f8hus, vous pouvez \u00e9galement acheter de la nourriture, du caf\u00e9, des g\u00e2teaux et des glaces.<\/p>\n\n\r\n\t\t\r\n\t\t<\/div><\/div>\t<\/div>\r\n<\/div>\r\n\r\n\r\n\r\n\t\t<\/div>\r\n<\/section>\n\n\r\n\r\n<section class=\"standout-section standout-block standout-accordion alignwide\">\r\n\r\n\t<div class=\"standout-max-container\">\t\r\n\r\n<div class=\"standout-block-inner\">\r\n\t<div class=\"acf-innerblocks-container\">\r\n\t\t\r\n\t\t<div class=\"standout-accordion-container \"><span class=\"standout-accordion-button standout-accordion-show-more\">Kan man leje en tr\u00e6kvogn?<span height=\"1em\" class=\"standout-custom-svg fa-svg standout-fa-plus\"><svg height=\"1em\" xmlns=\"http:\/\/www.w3.org\/2000\/svg\" viewBox=\"0 0 448 512\"><!-- Font Awesome Free 5.15.2 by @fontawesome - https:\/\/fontawesome.com License - https:\/\/fontawesome.com\/license\/free (Icons: CC BY 4.0, Fonts: SIL OFL 1.1, Code: MIT License) --><path d=\"M416 208H272V64c0-17.67-14.33-32-32-32h-32c-17.67 0-32 14.33-32 32v144H32c-17.67 0-32 14.33-32 32v32c0 17.67 14.33 32 32 32h144v144c0 17.67 14.33 32 32 32h32c17.67 0 32-14.33 32-32V304h144c17.67 0 32-14.33 32-32v-32c0-17.67-14.33-32-32-32z\"\/><\/svg><\/span><\/span><span class=\"standout-accordion-button standout-accordion-show-less\" style=\"display: none\">Kan man leje en tr\u00e6kvogn?<span height=\"1em\" class=\"standout-custom-svg fa-svg standout-fa-minus\"><svg height=\"1em\" xmlns=\"http:\/\/www.w3.org\/2000\/svg\" viewBox=\"0 0 448 512\"><!-- Font Awesome Free 5.15.2 by @fontawesome - https:\/\/fontawesome.com License - https:\/\/fontawesome.com\/license\/free (Icons: CC BY 4.0, Fonts: SIL OFL 1.1, Code: MIT License) --><path d=\"M416 208H32c-17.67 0-32 14.33-32 32v32c0 17.67 14.33 32 32 32h384c17.67 0 32-14.33 32-32v-32c0-17.67-14.33-32-32-32z\"\/><\/svg><\/span><\/span><div class=\"standout-accordion-content\" style=\"display: none\">\r\n\t\t\t\t\t\n\n<p>Non, malheureusement vous ne pouvez pas. Si vous apportez votre propre repas, nous vous recommandons de vous renseigner sur notre accessibilit\u00e9 ici :<\/p>\n\n\n\n<div class=\"wp-block-buttons is-layout-flex wp-block-buttons-is-layout-flex\">\n<div class=\"wp-block-button\"><a class=\"wp-block-button__link wp-element-button\" href=\"https:\/\/sagnlandet.dk\/fr\/accessibilite\/\">Accessibilit\u00e9<\/a><\/div>\n<\/div>\n\n\r\n\t\t\r\n\t\t<\/div><\/div>\t<\/div>\r\n<\/div>\r\n\r\n\r\n\r\n\t\t<\/div>\r\n<\/section>\n\n\n<h2 class=\"wp-block-heading has-h-1-font-size\">Handicap et accessibilit\u00e9<\/h2>\n\n\n\n<p>Si vous ou l&#8217;un de vos proches \u00eates en fauteuil roulant, il y a certaines choses que vous devez savoir avant de venir ici.<\/p>\n\n\n\n<div class=\"wp-block-buttons is-layout-flex wp-block-buttons-is-layout-flex\">\n<div class=\"wp-block-button\"><a class=\"wp-block-button__link wp-element-button\" href=\"https:\/\/sagnlandet.dk\/fr\/accessibilite\/\">Accessibilit\u00e9<\/a><\/div>\n<\/div>\n\n\n\n<h2 class=\"wp-block-heading has-h-1-font-size\">O\u00f9 se garer ?<\/h2>\n\n\n\n<p>Nous disposons de 300 places de parking gratuites pr\u00eates \u00e0 vous accueillir. <\/p>\n\n\n\n<div class=\"wp-block-buttons is-layout-flex wp-block-buttons-is-layout-flex\">\n<div class=\"wp-block-button\"><a class=\"wp-block-button__link wp-element-button\" href=\"https:\/\/sagnlandet.dk\/fr\/place-de-parking\/\">O\u00f9 se garer<\/a><\/div>\n<\/div>\n\n<\/div>\r\n\t\t\t\r\n\t<\/div>\r\n\r\n\r\n\r\n\t\t<\/div>\r\n<\/section>","protected":false},"excerpt":{"rendered":"","protected":false},"author":1,"featured_media":71093,"parent":0,"menu_order":0,"comment_status":"open","ping_status":"open","template":"","meta":{"_acf_changed":false,"footnotes":""},"class_list":["post-69828","page","type-page","status-publish","has-post-thumbnail","hentry"],"acf":[],"yoast_head":"<!-- This site is optimized with the Yoast SEO plugin v23.5 - https:\/\/yoast.com\/wordpress\/plugins\/seo\/ -->\n<title>Visitez-nous \u00e0 l&#039;adresse suivante - Sagnlandet Lejre<\/title>\n<meta name=\"robots\" content=\"index, follow, max-snippet:-1, max-image-preview:large, max-video-preview:-1\" \/>\n<link rel=\"canonical\" href=\"https:\/\/sagnlandet.dk\/fr\/visit-us-at\/\" \/>\n<meta property=\"og:locale\" content=\"fr_FR\" \/>\n<meta property=\"og:type\" content=\"article\" \/>\n<meta property=\"og:title\" content=\"Visitez-nous \u00e0 l&#039;adresse suivante - Sagnlandet Lejre\" \/>\n<meta property=\"og:url\" content=\"https:\/\/sagnlandet.dk\/fr\/visit-us-at\/\" \/>\n<meta property=\"og:site_name\" content=\"Sagnlandet Lejre\" \/>\n<meta property=\"article:modified_time\" content=\"2025-02-24T06:26:15+00:00\" \/>\n<meta property=\"og:image\" content=\"https:\/\/sagnlandet.dk\/fr\/wp-content\/uploads\/sites\/12\/2025\/02\/besog-os-1.jpg\" \/>\n\t<meta property=\"og:image:width\" content=\"1920\" \/>\n\t<meta property=\"og:image:height\" content=\"440\" \/>\n\t<meta property=\"og:image:type\" content=\"image\/jpeg\" \/>\n<meta name=\"twitter:card\" content=\"summary_large_image\" \/>\n<meta name=\"twitter:label1\" content=\"Dur\u00e9e de lecture estim\u00e9e\" \/>\n\t<meta name=\"twitter:data1\" content=\"4 minutes\" \/>\n<!-- \/ Yoast SEO plugin. -->","yoast_head_json":{"title":"Visitez-nous \u00e0 l'adresse suivante - Sagnlandet Lejre","robots":{"index":"index","follow":"follow","max-snippet":"max-snippet:-1","max-image-preview":"max-image-preview:large","max-video-preview":"max-video-preview:-1"},"canonical":"https:\/\/sagnlandet.dk\/fr\/visit-us-at\/","og_locale":"fr_FR","og_type":"article","og_title":"Visitez-nous \u00e0 l'adresse suivante - Sagnlandet Lejre","og_url":"https:\/\/sagnlandet.dk\/fr\/visit-us-at\/","og_site_name":"Sagnlandet Lejre","article_modified_time":"2025-02-24T06:26:15+00:00","og_image":[{"width":1920,"height":440,"url":"https:\/\/sagnlandet.dk\/fr\/wp-content\/uploads\/sites\/12\/2025\/02\/besog-os-1.jpg","type":"image\/jpeg"}],"twitter_card":"summary_large_image","twitter_misc":{"Dur\u00e9e de lecture estim\u00e9e":"4 minutes"},"schema":{"@context":"https:\/\/schema.org","@graph":[{"@type":"WebPage","@id":"https:\/\/sagnlandet.dk\/fr\/visit-us-at\/","url":"https:\/\/sagnlandet.dk\/fr\/visit-us-at\/","name":"Visitez-nous \u00e0 l'adresse suivante - Sagnlandet Lejre","isPartOf":{"@id":"https:\/\/sagnlandet.dk\/fr\/#website"},"primaryImageOfPage":{"@id":"https:\/\/sagnlandet.dk\/fr\/visit-us-at\/#primaryimage"},"image":{"@id":"https:\/\/sagnlandet.dk\/fr\/visit-us-at\/#primaryimage"},"thumbnailUrl":"https:\/\/sagnlandet.dk\/fr\/wp-content\/uploads\/sites\/12\/2025\/02\/besog-os-1-1.jpg","datePublished":"2024-04-12T08:47:25+00:00","dateModified":"2025-02-24T06:26:15+00:00","breadcrumb":{"@id":"https:\/\/sagnlandet.dk\/fr\/visit-us-at\/#breadcrumb"},"inLanguage":"fr-FR","potentialAction":[{"@type":"ReadAction","target":["https:\/\/sagnlandet.dk\/fr\/visit-us-at\/"]}]},{"@type":"ImageObject","inLanguage":"fr-FR","@id":"https:\/\/sagnlandet.dk\/fr\/visit-us-at\/#primaryimage","url":"https:\/\/sagnlandet.dk\/fr\/wp-content\/uploads\/sites\/12\/2025\/02\/besog-os-1-1.jpg","contentUrl":"https:\/\/sagnlandet.dk\/fr\/wp-content\/uploads\/sites\/12\/2025\/02\/besog-os-1-1.jpg","width":1920,"height":440},{"@type":"BreadcrumbList","@id":"https:\/\/sagnlandet.dk\/fr\/visit-us-at\/#breadcrumb","itemListElement":[{"@type":"ListItem","position":1,"name":"Hjem","item":"https:\/\/sagnlandet.dk\/fr\/"},{"@type":"ListItem","position":2,"name":"Visit us at"}]},{"@type":"WebSite","@id":"https:\/\/sagnlandet.dk\/fr\/#website","url":"https:\/\/sagnlandet.dk\/fr\/","name":"Sagnlandet Lejre","description":"","publisher":{"@id":"https:\/\/sagnlandet.dk\/fr\/#organization"},"potentialAction":[{"@type":"SearchAction","target":{"@type":"EntryPoint","urlTemplate":"https:\/\/sagnlandet.dk\/fr\/?s={search_term_string}"},"query-input":{"@type":"PropertyValueSpecification","valueRequired":true,"valueName":"search_term_string"}}],"inLanguage":"fr-FR"},{"@type":"Organization","@id":"https:\/\/sagnlandet.dk\/fr\/#organization","name":"Sagnlandet Lejre","url":"https:\/\/sagnlandet.dk\/fr\/","logo":{"@type":"ImageObject","inLanguage":"fr-FR","@id":"https:\/\/sagnlandet.dk\/fr\/#\/schema\/logo\/image\/","url":"https:\/\/sagnlandet.dk\/fr\/wp-content\/uploads\/sites\/12\/1738\/65\/logo.png","contentUrl":"https:\/\/sagnlandet.dk\/fr\/wp-content\/uploads\/sites\/12\/1738\/65\/logo.png","width":398,"height":143,"caption":"Sagnlandet Lejre"},"image":{"@id":"https:\/\/sagnlandet.dk\/fr\/#\/schema\/logo\/image\/"}}]}},"_links":{"self":[{"href":"https:\/\/sagnlandet.dk\/fr\/wp-json\/wp\/v2\/pages\/69828"}],"collection":[{"href":"https:\/\/sagnlandet.dk\/fr\/wp-json\/wp\/v2\/pages"}],"about":[{"href":"https:\/\/sagnlandet.dk\/fr\/wp-json\/wp\/v2\/types\/page"}],"author":[{"embeddable":true,"href":"https:\/\/sagnlandet.dk\/fr\/wp-json\/wp\/v2\/users\/1"}],"replies":[{"embeddable":true,"href":"https:\/\/sagnlandet.dk\/fr\/wp-json\/wp\/v2\/comments?post=69828"}],"version-history":[{"count":6,"href":"https:\/\/sagnlandet.dk\/fr\/wp-json\/wp\/v2\/pages\/69828\/revisions"}],"predecessor-version":[{"id":71511,"href":"https:\/\/sagnlandet.dk\/fr\/wp-json\/wp\/v2\/pages\/69828\/revisions\/71511"}],"wp:featuredmedia":[{"embeddable":true,"href":"https:\/\/sagnlandet.dk\/fr\/wp-json\/wp\/v2\/media\/71093"}],"wp:attachment":[{"href":"https:\/\/sagnlandet.dk\/fr\/wp-json\/wp\/v2\/media?parent=69828"}],"curies":[{"name":"wp","href":"https:\/\/api.w.org\/{rel}","templated":true}]}}