{"id":69778,"date":"2024-04-11T11:35:47","date_gmt":"2024-04-11T09:35:47","guid":{"rendered":"https:\/\/sagnlandet.dk\/privatlivspolitik\/"},"modified":"2025-02-24T07:26:22","modified_gmt":"2025-02-24T06:26:22","slug":"politique-de-confidentialite","status":"publish","type":"page","link":"https:\/\/sagnlandet.dk\/fr\/politique-de-confidentialite\/","title":{"rendered":"Politique de confidentialit\u00e9"},"content":{"rendered":"\n<div class=\"wp-block-cover is-light\"><span aria-hidden=\"true\" class=\"wp-block-cover__background has-background-dim\" style=\"background-color:#96927a\"><\/span><img decoding=\"async\" class=\"wp-block-cover__image-background wp-image-1189\" alt=\"\" src=\"https:\/\/sagnlandet.dk\/wp-content\/uploads\/2025\/02\/efteraarsferie-2020-22-2-scaled-1.jpg\" data-object-fit=\"cover\"\/><div class=\"wp-block-cover__inner-container is-layout-constrained wp-block-cover-is-layout-constrained\">\n<h1 class=\"wp-block-heading has-text-align-center has-color-bg-color has-text-color has-link-color has-large-font-size wp-elements-61758a7267f56f3db124ec5b4dd8428a\">Politique de confidentialit\u00e9<\/h1>\n<\/div><\/div>\n\n\n\n<p>En utilisant sagnlandet.dk\/fr, vous acceptez que Sagnlandet Lejre traite vos donn\u00e9es personnelles et vos cookies conform\u00e9ment \u00e0 la politique en mati\u00e8re de donn\u00e9es et de cookies ci-dessous. Les cookies sont utilis\u00e9s pour faire fonctionner sagnlandet.dk\/fr. Nous utilisons notamment des cookies pour permettre d&#8217;ajouter des articles au panier, de se connecter et d&#8217;am\u00e9liorer notre site web.<\/p>\n\n\n\n<p><a href=\"https:\/\/sagnlandet.dk\/fr\/politique-en-matiere-de-cookies\/\">Cliquez ici pour acc\u00e9der \u00e0 la politique en mati\u00e8re de cookies<\/a><\/p>\n\n\n\n<h3 class=\"wp-block-heading\">Politique de confidentialit\u00e9 et de donn\u00e9es personnelles en bref<\/h3>\n\n\n\n<p>Cette politique de confidentialit\u00e9 et de donn\u00e9es personnelles est r\u00e9sum\u00e9e afin de mieux vous informer, en tant que client, sur les donn\u00e9es personnelles trait\u00e9es par Sagnlandet Lejre et sur la mani\u00e8re dont nous les traitons &#8211; les donn\u00e9es personnelles \u00e9tant entendues comme toutes les donn\u00e9es permettant d&#8217;identifier une personne.<\/p>\n\n\n\n<p>Sagnlandet Lejre nous respectons toutes les demandes de confidentialit\u00e9 des informations personnelles fournies en ligne et sommes conscients de la n\u00e9cessit\u00e9 d&#8217;une protection appropri\u00e9e et d&#8217;un traitement ad\u00e9quat de toutes les informations personnelles que nous recevons.<\/p>\n\n\n\n<p>Si la politique en mati\u00e8re de donn\u00e9es personnelles ci-dessous ne peut \u00eatre accept\u00e9e, Sagnlandet Lejre se r\u00e9serve le droit de refuser des commandes et d&#8217;autres demandes, \u00e9tant donn\u00e9 que l&#8217;absence d&#8217;acceptation peut avoir pour cons\u00e9quence que Sagnlandet Lejre ne soit pas en mesure d&#8217;assurer la relation, ce qui est par ailleurs requis par la loi applicable.<\/p>\n\n\n\n<h3 class=\"wp-block-heading\">Donn\u00e9es personnelles<\/h3>\n\n\n\n<p>Les donn\u00e9es personnelles couvrent toutes les donn\u00e9es qui peuvent \u00eatre utilis\u00e9es pour identifier des individus, y compris, mais sans s&#8217;y limiter, le pr\u00e9nom, le second pr\u00e9nom et le nom de famille, l&#8217;\u00e2ge, le sexe, le poste, l&#8217;adresse du domicile ou toute autre adresse physique, l&#8217;adresse \u00e9lectronique ou toute autre information de contact, qu&#8217;il s&#8217;agisse de la r\u00e9sidence priv\u00e9e ou du lieu de travail de l&#8217;individu.<\/p>\n\n\n\n<p>Les donn\u00e9es personnelles comprennent \u00e9galement des donn\u00e9es telles que le comportement, l&#8217;historique des achats, les informations financi\u00e8res, etc. qui sont toutes utilis\u00e9es pour maintenir la relation client-fournisseur entre les clients et Sagnlandet Lejre.<\/p>\n\n\n\n<h3 class=\"wp-block-heading\">Quelles sont les donn\u00e9es personnelles que nous collectons et traitons ?<\/h3>\n\n\n\n<p>Vous pouvez acc\u00e9der \u00e0 sagnlandet.dk\/fr sans nous fournir vos donn\u00e9es personnelles. Lorsque vous acc\u00e9dez au site web, un identifiant est \u00e9mis pour votre session. Cet identifiant ne permet pas de vous identifier en tant que personne.<\/p>\n\n\n\n<p>Sagnlandet Lejre nous avons besoin d&#8217;un certain nombre de donn\u00e9es \u00e0 caract\u00e8re personnel pour pouvoir faire des affaires avec vous et votre entreprise, g\u00e9rer la relation client et commercialiser des produits et des services. Certaines informations sont \u00e9galement collect\u00e9es et trait\u00e9es conform\u00e9ment aux exigences l\u00e9gales de la loi sur le blanchiment d&#8217;argent et la tenue de livres.<\/p>\n\n\n\n<p>Les informations suivantes peuvent \u00eatre collect\u00e9es et trait\u00e9es lorsque vous visitez le site sagnlandet.dk\/fr;<br>Adresse \u00e9lectronique, nom et pr\u00e9nom, adresse, num\u00e9ro de t\u00e9l\u00e9phone, \u00e2ge, sexe, d\u00e9tails techniques (y compris les adresses IP), comportement (y compris les URL visit\u00e9es, les d\u00e9clencheurs d&#8217;\u00e9v\u00e9nements, les actions) : URL visit\u00e9es, d\u00e9clencheurs d&#8217;\u00e9v\u00e9nements, actions telles que les clics, taux d&#8217;ouverture, connexion, temps pass\u00e9 sur chaque page, etc.), donn\u00e9es g\u00e9ographiques et donn\u00e9es pouvant \u00eatre n\u00e9cessaires \u00e0 la r\u00e9alisation d&#8217;une transaction.<\/p>\n\n\n\n<h3 class=\"wp-block-heading\">Sagnlandet Lejre recueille et traite des informations vous concernant lorsque vous :<\/h3>\n\n\n\n<ul class=\"wp-block-list\">\n<li>Cr\u00e9ez un compte<\/li>\n\n\n\n<li>Effectuez des achats<\/li>\n\n\n\n<li>Envoyez des demandes, des plaintes et\/ou interagissez avec Sagnlandet Lejre de toute autre mani\u00e8re<\/li>\n\n\n\n<li>Vous inscrivez et\/ou interagissez avec des supports marketing en ligne (y compris, mais sans s&#8217;y limiter, des lettres d&#8217;information, des messages textuels et des notifications, des publicit\u00e9s sur des sites web de tiers ou similaires)<\/li>\n\n\n\n<li>Soumettre des donn\u00e9es \u00e0 caract\u00e8re personnel de toute autre mani\u00e8re \u00e0 Sagnlandet Lejre<\/li>\n<\/ul>\n\n\n\n<p>Sagnlandet Lejre ne recueille que les donn\u00e9es \u00e0 caract\u00e8re personnel n\u00e9cessaires pour fournir un service ou un produit, commercialiser des services et des produits ou traiter des demandes.<\/p>\n\n\n\n<p>Sagnlandet Lejre ne recueille pas et\/ou n&#8217;ach\u00e8te pas d&#8217;informations personnelles identifiables aupr\u00e8s de tiers.<\/p>\n\n\n\n<p>Sagnlandet Lejre fait appel \u00e0 des acqu\u00e9reurs de cartes reconnus pour traiter les transactions par carte en ligne et ne stocke pas d&#8217;informations sur les cartes de paiement. Veuillez noter que lors de la facturation, les informations bancaires et de facturation sont stock\u00e9es conform\u00e9ment aux lois applicables dans la r\u00e9gion, y compris la loi sur le blanchiment d&#8217;argent et la tenue de livres.<\/p>\n\n\n\n<h3 class=\"wp-block-heading\">Comment utilisons-nous vos informations ?<\/h3>\n\n\n\n<p>Nous pouvons utiliser les informations collect\u00e9es de la mani\u00e8re suivante :<\/p>\n\n\n\n<ul class=\"wp-block-list\">\n<li>Pour personnaliser votre exp\u00e9rience en mati\u00e8re de courrier \u00e9lectronique et de site web gr\u00e2ce \u00e0 des recommandations personnalis\u00e9es bas\u00e9es sur l&#8217;historique des achats<\/li>\n\n\n\n<li>Pour am\u00e9liorer sagnlandet.dk\/fr et le marketing de Sagnlandet Lejre<\/li>\n\n\n\n<li>Pour mieux vous servir lorsque vous contactez le service client\u00e8le<\/li>\n\n\n\n<li>Pour g\u00e9rer les concours, les enqu\u00eates aupr\u00e8s des clients, etc.<\/li>\n\n\n\n<li>Traiter vos commandes le plus rapidement possible<\/li>\n\n\n\n<li>Recueillir des avis sur les produits et sur trustpilot<\/li>\n\n\n\n<li>Assurer le suivi des demandes de renseignements<\/li>\n\n\n\n<li>\u00c0 des fins de marketing g\u00e9n\u00e9ral<\/li>\n<\/ul>\n\n\n\n<h3 class=\"wp-block-heading\">Comment prot\u00e9geons-nous vos informations ?<\/h3>\n\n\n\n<p>Notre site web est r\u00e9guli\u00e8rement analys\u00e9 pour d\u00e9tecter les failles de s\u00e9curit\u00e9 et les faiblesses afin d&#8217;\u00e9liminer les fuites de donn\u00e9es potentielles le plus rapidement possible et de rendre notre site web aussi s\u00fbr que possible. Nous recherchons \u00e9galement r\u00e9guli\u00e8rement des logiciels malveillants.<\/p>\n\n\n\n<p>Vos informations personnelles sont stock\u00e9es sur des r\u00e9seaux s\u00e9curis\u00e9s et ne sont accessibles qu&#8217;\u00e0 un nombre limit\u00e9 d&#8217;employ\u00e9s ayant des droits sur ce type d&#8217;informations. Ils sont \u00e9galement soumis \u00e0 notre politique de confidentialit\u00e9, qui prot\u00e8ge vos droits et assure le respect de la l\u00e9gislation applicable dans ce domaine.<\/p>\n\n\n\n<p>En outre, toutes les informations sensibles et les informations relatives au paiement sont trait\u00e9es sur des serveurs crypt\u00e9s auxquels il n&#8217;est pas possible d&#8217;acc\u00e9der de l&#8217;ext\u00e9rieur. Les informations relatives aux cartes de cr\u00e9dit sont trait\u00e9es par des acqu\u00e9reurs de cartes et ne sont accessibles ni \u00e0 Sagnlandet Lejre ni aux employ\u00e9s des acqu\u00e9reurs de cartes. Ces transactions ne sont pas stock\u00e9es sur des serveurs internes et ne sont \u00e0 aucun moment trait\u00e9es par Sagnlandet Lejre.<\/p>\n\n\n\n<h3 class=\"wp-block-heading\">\u00c0 qui divulguons-nous les donn\u00e9es personnelles ?<\/h3>\n\n\n\n<p>Les donn\u00e9es personnelles fournies sur sagnlandet.dk\/fr ou par t\u00e9l\u00e9phone ne sont divulgu\u00e9es qu&#8217;aux personnes suivantes :<\/p>\n\n\n\n<ul class=\"wp-block-list\">\n<li>Les services internes \/ le personnel<\/li>\n\n\n\n<li>Des tiers de confiance n\u00e9cessaires \u00e0 l&#8217;ex\u00e9cution des accords de livraison, de paiement et de service, y compris le recouvrement de cr\u00e9ances et les instances juridiques<\/li>\n\n\n\n<li>Des partenaires commerciaux dans le but de g\u00e9rer votre compte et\/ou de faire du marketing.<\/li>\n<\/ul>\n\n\n\n<p>Afin d&#8217;offrir la meilleure exp\u00e9rience possible sur les sites web Sagnlandet Lejre, nous conservons des statistiques sur la fa\u00e7on dont les utilisateurs utilisent les pages. Les statistiques sont utilis\u00e9es exclusivement sous forme anonyme, par exemple pour voir avec quelles pages et quels contenus les utilisateurs interagissent.<\/p>\n\n\n\n<p>Sagnlandet Lejre nous pouvons utiliser Google Analytics pour collecter des statistiques sur les visiteurs et, dans ce contexte, nous transmettons les adresses IP \u00e0 Google Analytics. La politique de confidentialit\u00e9 de Google Analytics est accept\u00e9e en visitant sagnlandet.dk\/fr et peut \u00eatre trouv\u00e9e ici : <a href=\"https:\/\/privacy.google.com\/\" target=\"_blank\" rel=\"noreferrer noopener\">www.google.com\/privacy<\/a><\/p>\n\n\n\n<p>Sagnlandet Lejre le site Internet de la Commission europ\u00e9enne et tous les partenaires commerciaux et fournisseurs ont conclu un accord sur le traitement des donn\u00e9es afin de pr\u00e9server \u00e0 tout moment les int\u00e9r\u00eats des utilisateurs et des clients. Ces accords peuvent \u00eatre pr\u00e9sent\u00e9s \u00e0 tout moment sur demande.<\/p>\n\n\n\n<h3 class=\"wp-block-heading\">O\u00f9 sont stock\u00e9es vos donn\u00e9es personnelles ?<\/h3>\n\n\n\n<p>Vos donn\u00e9es sont stock\u00e9es sur des serveurs situ\u00e9s dans l&#8217;UE. Certaines donn\u00e9es personnelles sont g\u00e9r\u00e9es par un tiers (processeur de donn\u00e9es) qui stocke et traite les donn\u00e9es personnelles au nom de Sagnlandet Lejreconform\u00e9ment \u00e0 la pr\u00e9sente politique de donn\u00e9es et \u00e0 la l\u00e9gislation applicable en mati\u00e8re de protection des donn\u00e9es personnelles.<\/p>\n\n\n\n<p>Si vous souhaitez vous d\u00e9sabonner des lettres d&#8217;information \u00e0 tout moment, vous pouvez suivre les instructions figurant au bas de chaque courriel. Toutefois, si vous rencontrez des difficult\u00e9s pour vous d\u00e9sabonner, vous pouvez contacter notre service client\u00e8le aux coordonn\u00e9es ci-dessous.<\/p>\n\n\n\n<p>Lorsque vous vous d\u00e9sabonnez du marketing de Sagnlandet Lejre, tous les engagements que vous avez pris envers nous sont supprim\u00e9s. Ils ne peuvent pas \u00eatre recr\u00e9\u00e9s et si, \u00e0 un moment donn\u00e9, vous souhaitez avoir un aper\u00e7u de ce que nous vous avons envoy\u00e9 pr\u00e9c\u00e9demment, des offres ant\u00e9rieures ou autres, veuillez noter que ces informations ne peuvent pas \u00eatre recr\u00e9\u00e9es.<\/p>\n\n\n\n<h3 class=\"wp-block-heading\">Combien de temps vos donn\u00e9es personnelles sont-elles conserv\u00e9es ?<\/h3>\n\n\n\n<p>Dans le cas d&#8217;une relation client active, vos donn\u00e9es seront conserv\u00e9es aussi longtemps que n\u00e9cessaire pour vous servir. Si la relation avec le client prend fin, vos donn\u00e9es seront conserv\u00e9es pendant deux ans au maximum, en fonction de leur nature.<\/p>\n\n\n\n<p>Vous pouvez \u00e0 tout moment demander l&#8217;acc\u00e8s \u00e0 vos donn\u00e9es ou leur suppression. En raison d&#8217;autres l\u00e9gislations (loi sur la comptabilit\u00e9 et loi sur le blanchiment d&#8217;argent), toutes les donn\u00e9es transactionnelles, y compris les coordonn\u00e9es et les informations sur l&#8217;entreprise, sont conserv\u00e9es pendant cinq ans.<\/p>\n\n\n\n<h3 class=\"wp-block-heading\">Fuite de donn\u00e9es<\/h3>\n\n\n\n<p>Nous prenons tr\u00e8s au s\u00e9rieux les failles de s\u00e9curit\u00e9 et les fuites de donn\u00e9es. Si nous soup\u00e7onnons une fuite de donn\u00e9es provenant des serveurs internes de Sagnlandet Lejre ou de partenaires externes, un certain nombre d&#8217;initiatives sont lanc\u00e9es pour prot\u00e9ger au mieux nos clients et nos utilisateurs.<\/p>\n\n\n\n<p>Il s&#8217;agit notamment d&#8217;identifier l&#8217;\u00e9tendue des dommages potentiels, de notifier les clients et utilisateurs potentiellement affect\u00e9s, de notifier l&#8217;Agence danoise de protection des donn\u00e9es et de prendre des mesures pour tenter de limiter l&#8217;\u00e9tendue des dommages.<\/p>\n\n\n\n<p>Si nous soup\u00e7onnons une fuite de donn\u00e9es provenant de Sagnlandet Lejre ou de ses partenaires externes, toutes les parties concern\u00e9es, y compris l&#8217;utilisateur, seront inform\u00e9es dans les 72 heures. Si vous pensez que vos donn\u00e9es ont \u00e9t\u00e9 divulgu\u00e9es par Sagnlandet Lejre, veuillez nous contacter \u00e0 tout moment.<\/p>\n\n\n\n<h3 class=\"wp-block-heading\">Acc\u00e8s aux informations<\/h3>\n\n\n\n<p>Vous pouvez \u00e0 tout moment modifier les informations relatives \u00e0 votre compte et vos centres d&#8217;int\u00e9r\u00eat, y compris si vous souhaitez que nous vous contactions pour vous proposer des offres de biens ou de services ou vous d\u00e9sabonner des lettres d&#8217;information.<\/p>\n\n\n\n<p>Vous pouvez conna\u00eetre les informations que nous avons enregistr\u00e9es \u00e0 votre sujet. Si vous souhaitez recevoir une copie de ces informations, veuillez nous contacter.<\/p>\n\n\n\n<p>Si vous souhaitez que toutes les donn\u00e9es soient supprim\u00e9es, veuillez nous contacter.<\/p>\n\n\n\n<p>Attention ! Une fois que toutes les donn\u00e9es ont \u00e9t\u00e9 supprim\u00e9es, elles ne peuvent plus \u00eatre r\u00e9cup\u00e9r\u00e9es. Les donn\u00e9es dont la conservation est exig\u00e9e par la loi ne peuvent pas \u00eatre supprim\u00e9es sur demande.<\/p>\n\n\n\n<h3 class=\"wp-block-heading\">V\u00e9rification<\/h3>\n\n\n\n<p>Nous r\u00e9visons en permanence nos processus de traitement des donn\u00e9es. La pr\u00e9sente politique est mise \u00e0 jour une fois par an.<\/p>\n\n\n\n<h3 class=\"wp-block-heading\">Contact, modification et mise \u00e0 jour de la politique de confidentialit\u00e9<\/h3>\n\n\n\n<p>Sagnlandet Lejre la Commission europ\u00e9enne s&#8217;engage \u00e0 respecter en permanence les exigences l\u00e9gales en mati\u00e8re de protection de la vie priv\u00e9e.<\/p>\n\n\n\n<p>Si vous avez des questions ou des commentaires sur notre politique en mati\u00e8re de donn\u00e9es ou sur la mani\u00e8re dont nous utilisons vos donn\u00e9es personnelles, veuillez contacter notre service client\u00e8le.<\/p>\n\n\n\n<p>Si vous souhaitez vous d\u00e9sabonner de nos lettres d&#8217;information \u00e0 tout moment, vous pouvez suivre les instructions figurant au bas de chaque courriel. Toutefois, si vous rencontrez des difficult\u00e9s pour vous d\u00e9sabonner, vous pouvez contacter notre service client\u00e8le aux coordonn\u00e9es ci-dessous.<\/p>\n\n\n\n<p>Lorsque vous vous d\u00e9sabonnez du marketing de Sagnlandet Lejre, tous les engagements que vous avez pris envers nous sont supprim\u00e9s. Ils ne peuvent pas \u00eatre recr\u00e9\u00e9s et si, \u00e0 un moment donn\u00e9, vous souhaitez avoir un aper\u00e7u de ce que nous vous avons envoy\u00e9 pr\u00e9c\u00e9demment, des offres ant\u00e9rieures ou autres, veuillez noter que ces informations ne peuvent pas \u00eatre recr\u00e9\u00e9es.<\/p>\n","protected":false},"excerpt":{"rendered":"<p>En utilisant , vous acceptez que traite vos donn\u00e9es personnelles et vos cookies conform\u00e9ment \u00e0 la politique en mati\u00e8re de donn\u00e9es et de cookies ci-dessous. Les cookies sont utilis\u00e9s pour faire fonctionner . Nous utilisons notamment des cookies pour permettre d&#8217;ajouter des articles au panier, de se connecter et d&#8217;am\u00e9liorer notre site web. Cliquez ici [&hellip;]<\/p>\n","protected":false},"author":1,"featured_media":0,"parent":0,"menu_order":0,"comment_status":"open","ping_status":"open","template":"","meta":{"_acf_changed":false,"footnotes":""},"class_list":["post-69778","page","type-page","status-publish","hentry"],"acf":[],"yoast_head":"<!-- This site is optimized with the Yoast SEO plugin v23.5 - https:\/\/yoast.com\/wordpress\/plugins\/seo\/ -->\n<title>Politique de confidentialit\u00e9 - Sagnlandet Lejre<\/title>\n<meta name=\"robots\" content=\"index, follow, max-snippet:-1, max-image-preview:large, max-video-preview:-1\" \/>\n<link rel=\"canonical\" href=\"https:\/\/sagnlandet.dk\/fr\/politique-de-confidentialite\/\" \/>\n<meta property=\"og:locale\" content=\"fr_FR\" \/>\n<meta property=\"og:type\" content=\"article\" \/>\n<meta property=\"og:title\" content=\"Politique de confidentialit\u00e9 - Sagnlandet Lejre\" \/>\n<meta property=\"og:description\" content=\"En utilisant , vous acceptez que traite vos donn\u00e9es personnelles et vos cookies conform\u00e9ment \u00e0 la politique en mati\u00e8re de donn\u00e9es et de cookies ci-dessous. Les cookies sont utilis\u00e9s pour faire fonctionner . Nous utilisons notamment des cookies pour permettre d&#8217;ajouter des articles au panier, de se connecter et d&#8217;am\u00e9liorer notre site web. Cliquez ici [&hellip;]\" \/>\n<meta property=\"og:url\" content=\"https:\/\/sagnlandet.dk\/fr\/politique-de-confidentialite\/\" \/>\n<meta property=\"og:site_name\" content=\"Sagnlandet Lejre\" \/>\n<meta property=\"article:modified_time\" content=\"2025-02-24T06:26:22+00:00\" \/>\n<meta property=\"og:image\" content=\"https:\/\/sagnlandet.dk\/wp-content\/uploads\/2025\/02\/efteraarsferie-2020-22-2-scaled-1.jpg\" \/>\n<meta name=\"twitter:card\" content=\"summary_large_image\" \/>\n<meta name=\"twitter:label1\" content=\"Dur\u00e9e de lecture estim\u00e9e\" \/>\n\t<meta name=\"twitter:data1\" content=\"8 minutes\" \/>\n<!-- \/ Yoast SEO plugin. -->","yoast_head_json":{"title":"Politique de confidentialit\u00e9 - Sagnlandet Lejre","robots":{"index":"index","follow":"follow","max-snippet":"max-snippet:-1","max-image-preview":"max-image-preview:large","max-video-preview":"max-video-preview:-1"},"canonical":"https:\/\/sagnlandet.dk\/fr\/politique-de-confidentialite\/","og_locale":"fr_FR","og_type":"article","og_title":"Politique de confidentialit\u00e9 - Sagnlandet Lejre","og_description":"En utilisant , vous acceptez que traite vos donn\u00e9es personnelles et vos cookies conform\u00e9ment \u00e0 la politique en mati\u00e8re de donn\u00e9es et de cookies ci-dessous. Les cookies sont utilis\u00e9s pour faire fonctionner . Nous utilisons notamment des cookies pour permettre d&#8217;ajouter des articles au panier, de se connecter et d&#8217;am\u00e9liorer notre site web. Cliquez ici [&hellip;]","og_url":"https:\/\/sagnlandet.dk\/fr\/politique-de-confidentialite\/","og_site_name":"Sagnlandet Lejre","article_modified_time":"2025-02-24T06:26:22+00:00","og_image":[{"url":"https:\/\/sagnlandet.dk\/wp-content\/uploads\/2025\/02\/efteraarsferie-2020-22-2-scaled-1.jpg"}],"twitter_card":"summary_large_image","twitter_misc":{"Dur\u00e9e de lecture estim\u00e9e":"8 minutes"},"schema":{"@context":"https:\/\/schema.org","@graph":[{"@type":"WebPage","@id":"https:\/\/sagnlandet.dk\/fr\/politique-de-confidentialite\/","url":"https:\/\/sagnlandet.dk\/fr\/politique-de-confidentialite\/","name":"Politique de confidentialit\u00e9 - Sagnlandet Lejre","isPartOf":{"@id":"https:\/\/sagnlandet.dk\/fr\/#website"},"primaryImageOfPage":{"@id":"https:\/\/sagnlandet.dk\/fr\/politique-de-confidentialite\/#primaryimage"},"image":{"@id":"https:\/\/sagnlandet.dk\/fr\/politique-de-confidentialite\/#primaryimage"},"thumbnailUrl":"https:\/\/sagnlandet.dk\/wp-content\/uploads\/2025\/02\/efteraarsferie-2020-22-2-scaled-1.jpg","datePublished":"2024-04-11T09:35:47+00:00","dateModified":"2025-02-24T06:26:22+00:00","breadcrumb":{"@id":"https:\/\/sagnlandet.dk\/fr\/politique-de-confidentialite\/#breadcrumb"},"inLanguage":"fr-FR","potentialAction":[{"@type":"ReadAction","target":["https:\/\/sagnlandet.dk\/fr\/politique-de-confidentialite\/"]}]},{"@type":"ImageObject","inLanguage":"fr-FR","@id":"https:\/\/sagnlandet.dk\/fr\/politique-de-confidentialite\/#primaryimage","url":"https:\/\/sagnlandet.dk\/wp-content\/uploads\/2025\/02\/efteraarsferie-2020-22-2-scaled-1.jpg","contentUrl":"https:\/\/sagnlandet.dk\/wp-content\/uploads\/2025\/02\/efteraarsferie-2020-22-2-scaled-1.jpg"},{"@type":"BreadcrumbList","@id":"https:\/\/sagnlandet.dk\/fr\/politique-de-confidentialite\/#breadcrumb","itemListElement":[{"@type":"ListItem","position":1,"name":"Hjem","item":"https:\/\/sagnlandet.dk\/fr\/"},{"@type":"ListItem","position":2,"name":"Politique de confidentialit\u00e9"}]},{"@type":"WebSite","@id":"https:\/\/sagnlandet.dk\/fr\/#website","url":"https:\/\/sagnlandet.dk\/fr\/","name":"Sagnlandet Lejre","description":"","publisher":{"@id":"https:\/\/sagnlandet.dk\/fr\/#organization"},"potentialAction":[{"@type":"SearchAction","target":{"@type":"EntryPoint","urlTemplate":"https:\/\/sagnlandet.dk\/fr\/?s={search_term_string}"},"query-input":{"@type":"PropertyValueSpecification","valueRequired":true,"valueName":"search_term_string"}}],"inLanguage":"fr-FR"},{"@type":"Organization","@id":"https:\/\/sagnlandet.dk\/fr\/#organization","name":"Sagnlandet Lejre","url":"https:\/\/sagnlandet.dk\/fr\/","logo":{"@type":"ImageObject","inLanguage":"fr-FR","@id":"https:\/\/sagnlandet.dk\/fr\/#\/schema\/logo\/image\/","url":"https:\/\/sagnlandet.dk\/fr\/wp-content\/uploads\/sites\/12\/1738\/65\/logo.png","contentUrl":"https:\/\/sagnlandet.dk\/fr\/wp-content\/uploads\/sites\/12\/1738\/65\/logo.png","width":398,"height":143,"caption":"Sagnlandet Lejre"},"image":{"@id":"https:\/\/sagnlandet.dk\/fr\/#\/schema\/logo\/image\/"}}]}},"_links":{"self":[{"href":"https:\/\/sagnlandet.dk\/fr\/wp-json\/wp\/v2\/pages\/69778"}],"collection":[{"href":"https:\/\/sagnlandet.dk\/fr\/wp-json\/wp\/v2\/pages"}],"about":[{"href":"https:\/\/sagnlandet.dk\/fr\/wp-json\/wp\/v2\/types\/page"}],"author":[{"embeddable":true,"href":"https:\/\/sagnlandet.dk\/fr\/wp-json\/wp\/v2\/users\/1"}],"replies":[{"embeddable":true,"href":"https:\/\/sagnlandet.dk\/fr\/wp-json\/wp\/v2\/comments?post=69778"}],"version-history":[{"count":5,"href":"https:\/\/sagnlandet.dk\/fr\/wp-json\/wp\/v2\/pages\/69778\/revisions"}],"predecessor-version":[{"id":70812,"href":"https:\/\/sagnlandet.dk\/fr\/wp-json\/wp\/v2\/pages\/69778\/revisions\/70812"}],"wp:attachment":[{"href":"https:\/\/sagnlandet.dk\/fr\/wp-json\/wp\/v2\/media?parent=69778"}],"curies":[{"name":"wp","href":"https:\/\/api.w.org\/{rel}","templated":true}]}}