{"id":70226,"date":"2025-02-02T20:55:28","date_gmt":"2025-02-02T19:55:28","guid":{"rendered":"https:\/\/sagnlandet.dk\/madoere-og-historiefan-til-cafe-hvidesoehus\/"},"modified":"2025-02-12T13:28:33","modified_gmt":"2025-02-12T12:28:33","slug":"foodies-and-history-buffs-to-cafe-hvidesohus-2","status":"publish","type":"page","link":"https:\/\/sagnlandet.dk\/en\/foodies-and-history-buffs-to-cafe-hvidesohus-2\/","title":{"rendered":"Foodies and history buffs to Cafe Hvides\u00f8hus"},"content":{"rendered":"\r\n\r\n<section class=\"standout-section standout-block standout-basic alignfull rounded-bg wp-elements-8173b9a42bde512f7dec83aa8cc473b1 side-spacing has-bg has-bg-img bg-size-cover bg-align-horizontal-center bg-align-vertical-center has-text-color\" style=\"color: #ffffff;\">\r\n\r\n\t<div class=\"standout-max-container\">\t\r\n\r\n<div class=\"standout-block-inner\">\r\n\t\t\t\r\n\t<div class=\"standout-block-background-deco\" style=\"--bg-align-vertical: center; --bg-align-horizontal: center; --bg-object-position: center center\">\r\n\t\t<img loading=\"lazy\" decoding=\"async\" width=\"1920\" height=\"800\" src=\"https:\/\/sagnlandet.dk\/en\/wp-content\/uploads\/sites\/10\/1738\/65\/robaad-og-baaldal-27-juni-2019-44-copy-1-scaled-2.jpg\" class=\"standout-block-background-deco-element\" alt=\"\" srcset=\"https:\/\/sagnlandet.dk\/en\/wp-content\/uploads\/sites\/10\/1738\/65\/robaad-og-baaldal-27-juni-2019-44-copy-1-scaled-2.jpg 2560w, https:\/\/sagnlandet.dk\/en\/wp-content\/uploads\/sites\/10\/1738\/65\/robaad-og-baaldal-27-juni-2019-44-copy-1-scaled-2-300x125.jpg 300w, https:\/\/sagnlandet.dk\/en\/wp-content\/uploads\/sites\/10\/1738\/65\/robaad-og-baaldal-27-juni-2019-44-copy-1-scaled-2-1920x800.jpg 1920w, https:\/\/sagnlandet.dk\/en\/wp-content\/uploads\/sites\/10\/1738\/65\/robaad-og-baaldal-27-juni-2019-44-copy-1-scaled-2-1536x640.jpg 1536w, https:\/\/sagnlandet.dk\/en\/wp-content\/uploads\/sites\/10\/1738\/65\/robaad-og-baaldal-27-juni-2019-44-copy-1-scaled-2-2048x853.jpg 2048w, https:\/\/sagnlandet.dk\/en\/wp-content\/uploads\/sites\/10\/1738\/65\/robaad-og-baaldal-27-juni-2019-44-copy-1-scaled-2-240x100.jpg 240w, https:\/\/sagnlandet.dk\/en\/wp-content\/uploads\/sites\/10\/1738\/65\/robaad-og-baaldal-27-juni-2019-44-copy-1-scaled-2-1200x500.jpg 1200w, https:\/\/sagnlandet.dk\/en\/wp-content\/uploads\/sites\/10\/1738\/65\/robaad-og-baaldal-27-juni-2019-44-copy-1-scaled-2-1320x550.jpg 1320w, https:\/\/sagnlandet.dk\/en\/wp-content\/uploads\/sites\/10\/1738\/65\/robaad-og-baaldal-27-juni-2019-44-copy-1-scaled-2-600x250.jpg 600w\" sizes=\"(max-width: 1920px) 100vw, 1920px\" \/>\t<\/div>\r\n\r\n\t\t\r\n\t\t\t\t\t\t<div class=\"acf-innerblocks-container\">\n\n<h1 class=\"wp-block-heading has-h-1-font-size\">FOODIE AND HISTORY BUFF FOR CAFE HVIDES\u00d8HUS<\/h1>\n\n<\/div>\r\n\t\t\t\r\n\t<\/div>\r\n\r\n\r\n\r\n\t\t<\/div>\r\n<\/section>\n\n\r\n\r\n<section class=\"standout-section standout-block standout-basic alignwide\">\r\n\r\n\t<div class=\"standout-max-container\">\t\r\n\r\n<div class=\"standout-block-inner\">\r\n\t\r\n\t\t\t\t\t\t<div class=\"acf-innerblocks-container\">\n\n<p><strong>Have you always dreamed of a job in the world&#8217;s coziest caf\u00e9? And are you both a foodie and a history buff?<\/strong> <\/p>\n\n\n\n<p>&#8211;<strong>Then now is the time to apply for a job at Lejre Land of Legends Caf\u00e9 Hvides\u00f8hus.<\/strong> <\/p>\n\n\n\n<p>We are looking for a cheerful person with kitchen experience for our wonderful Caf\u00e9 Hvides\u00f8hus.<\/p>\n\n\n\n<p>If you have courage, a love of food and history, 30-37 hours a week and the desire to roll up your sleeves both in the kitchen and at the front, then you might be just the person we are looking for to become part of the team at Caf\u00e9 Hvides\u00f8hus.<\/p>\n\n\n\n<p>In Caf\u00e9 Hvides\u00f8hus we serve everything from modern necessities to selected lunch dishes, giving young and old guests in Lejre Land of Legends the chance to taste a piece of history, inspired by 19th century cuisine.<\/p>\n\n\n\n<p>The menu is small but versatile and covers sandwiches as well as cold and hot dishes from our own production, homemade cakes and classic hot\/cold drinks.the selection is based on the season, seasonal ingredients and the guest composition in Lejre Land of Legends.<\/p>\n\n\n\n<p><strong><em>The recipe for the one we are looking for:<\/em><\/strong> <\/p>\n\n\n\n<p>9 parts joy of food and a bubbly good mood<\/p>\n\n\n\n<p>7 parts flexibility, responsibility and lots of courage<\/p>\n\n\n\n<p>5 parts kitchen flair and a good overview<\/p>\n\n\n\n<p>3 parts sales flair, good customer contact and a dash of life experience.<\/p>\n\n\n\n<p>Carefully select all ingredients and properties and stir them together. Add fresh personal spices according to your skills and knowledge.<\/p>\n\n\n\n<p>Feel free to add a dash of history interest and a large portion of drive.<\/p>\n\n\n\n<p>Whip it all together with good collaboration skills and independent work in a small team and serve in Caf\u00e9 Hvides\u00f8hus&#8217; beautiful setting.<\/p>\n\n\n\n<p>Sprinkle with dedicated and friendly colleagues in an exciting workplace with many thousands of visitors annually.<\/p>\n\n\n\n<p><strong><em>Kitchen utensils and other practicalities:<\/em><\/strong> <\/p>\n\n\n\n<p>As part of the team at Caf\u00e9 Hvides\u00f8hus, you will report to Caf\u00e9 Manager Jette Aagaard Andersen, who is responsible for everything from the menu to daily operations on the floor. We offer a varied workday where you will be in both the kitchen and the front, and you will be involved in tasks related to the purchase of ingredients, sparring, self-monitoring, shift planning and events.<\/p>\n\n\n\n<p>Working hours: 30-37 hours per week depending on both you and the season. Weekend work is to be expected.<br>Employment period: From March 17 or as soon as possible thereafter and initially until October 24, 2025.<br><\/p>\n\n\n\n<p><strong>Application deadline: Applications must be received no later than February 16, 2025.<\/strong> <\/p>\n\n\n\n<p><\/p>\n\n\n\n<p><strong><em>Have we written the recipe for you?<\/em><\/strong> <\/p>\n\n\n\n<p>Do you see yourself in the recipe above, do you enjoy working in the caf\u00e9 and kitchen, do you love good ingredients and food with history, and are you among the sharpest knives in the drawer when it comes to keeping track of a busy day?<\/p>\n\n\n\n<p>And can&#8217;t help but smile and spread good energy around you?if so, we look forward to reading your application!<\/p>\n\n\n\n<p><strong>Written application marked &#8220;Mad\u00f8re og historiefan til Caf\u00e9 Hvides\u00f8hus&#8221; by email with CV and relevant attachments sent no later than February 16, 2025 to<\/strong><a href=\"mailto:job@sagnlandet.dk\"><strong>job@sagnlandet.dk<\/strong><\/a> <\/p>\n\n\n\n<p><\/p>\n\n\n\n<p><strong><em>For further information, please contact<\/em><\/strong><strong>: <\/strong> <\/p>\n\n\n\n<p><strong>Jette Aagaard Andersen<\/strong><br>Area and Sales Manager, Caf\u00e9 Hvides\u00f8hus<br><a href=\"mailto:jaa@sagnlandet.dk\">jaa@sagnlandet.dk<\/a><br>tel: 21434928<\/p>\n\n\n\n<p><\/p>\n\n\n\n<p><\/p>\n\n\n\n<p><em>SAGNLANDET LEJRE is a cultural and historical experience center. We have 75,000 visitors during the main season from April 1 &#8211; October 31, and during the three Advent weekends in December.<\/em> <\/p>\n\n<\/div>\r\n\t\t\t\r\n\t<\/div>\r\n\r\n\r\n\r\n\t\t<\/div>\r\n<\/section>","protected":false},"excerpt":{"rendered":"","protected":false},"author":4,"featured_media":70891,"parent":0,"menu_order":0,"comment_status":"open","ping_status":"open","template":"","meta":{"_acf_changed":false,"footnotes":""},"class_list":["post-70226","page","type-page","status-publish","has-post-thumbnail","hentry"],"acf":[],"yoast_head":"<!-- This site is optimized with the Yoast SEO plugin v23.5 - https:\/\/yoast.com\/wordpress\/plugins\/seo\/ -->\n<title>Foodies and history buffs to Cafe Hvides\u00f8hus - Sagnlandet Lejre<\/title>\n<meta name=\"robots\" content=\"index, follow, max-snippet:-1, max-image-preview:large, max-video-preview:-1\" \/>\n<link rel=\"canonical\" href=\"https:\/\/sagnlandet.dk\/en\/madoere-og-historiefan-til-cafe-hvidesoehus\/\" \/>\n<meta property=\"og:locale\" content=\"en_GB\" \/>\n<meta property=\"og:type\" content=\"article\" \/>\n<meta property=\"og:title\" content=\"Foodies and history buffs to Cafe Hvides\u00f8hus - Sagnlandet Lejre\" \/>\n<meta property=\"og:url\" content=\"https:\/\/sagnlandet.dk\/en\/madoere-og-historiefan-til-cafe-hvidesoehus\/\" \/>\n<meta property=\"og:site_name\" content=\"Sagnlandet Lejre\" \/>\n<meta property=\"article:modified_time\" content=\"2025-02-12T12:28:33+00:00\" \/>\n<meta property=\"og:image\" content=\"https:\/\/sagnlandet.dk\/en\/wp-content\/uploads\/sites\/10\/2025\/02\/robaad-og-baaldal-27-juni-2019-34-1320x1094-1.jpg\" \/>\n\t<meta property=\"og:image:width\" content=\"1320\" \/>\n\t<meta property=\"og:image:height\" content=\"1094\" \/>\n\t<meta property=\"og:image:type\" content=\"image\/jpeg\" \/>\n<meta name=\"twitter:card\" content=\"summary_large_image\" \/>\n<meta name=\"twitter:label1\" content=\"Estimated reading time\" \/>\n\t<meta name=\"twitter:data1\" content=\"4 minutes\" \/>\n<!-- \/ Yoast SEO plugin. -->","yoast_head_json":{"title":"Foodies and history buffs to Cafe Hvides\u00f8hus - Sagnlandet Lejre","robots":{"index":"index","follow":"follow","max-snippet":"max-snippet:-1","max-image-preview":"max-image-preview:large","max-video-preview":"max-video-preview:-1"},"canonical":"https:\/\/sagnlandet.dk\/en\/madoere-og-historiefan-til-cafe-hvidesoehus\/","og_locale":"en_GB","og_type":"article","og_title":"Foodies and history buffs to Cafe Hvides\u00f8hus - Sagnlandet Lejre","og_url":"https:\/\/sagnlandet.dk\/en\/madoere-og-historiefan-til-cafe-hvidesoehus\/","og_site_name":"Sagnlandet Lejre","article_modified_time":"2025-02-12T12:28:33+00:00","og_image":[{"width":1320,"height":1094,"url":"https:\/\/sagnlandet.dk\/en\/wp-content\/uploads\/sites\/10\/2025\/02\/robaad-og-baaldal-27-juni-2019-34-1320x1094-1.jpg","type":"image\/jpeg"}],"twitter_card":"summary_large_image","twitter_misc":{"Estimated reading time":"4 minutes"},"schema":{"@context":"https:\/\/schema.org","@graph":[{"@type":"WebPage","@id":"https:\/\/sagnlandet.dk\/en\/madoere-og-historiefan-til-cafe-hvidesoehus\/","url":"https:\/\/sagnlandet.dk\/en\/madoere-og-historiefan-til-cafe-hvidesoehus\/","name":"Foodies and history buffs to Cafe Hvides\u00f8hus - Sagnlandet Lejre","isPartOf":{"@id":"https:\/\/sagnlandet.dk\/en\/#website"},"primaryImageOfPage":{"@id":"https:\/\/sagnlandet.dk\/en\/madoere-og-historiefan-til-cafe-hvidesoehus\/#primaryimage"},"image":{"@id":"https:\/\/sagnlandet.dk\/en\/madoere-og-historiefan-til-cafe-hvidesoehus\/#primaryimage"},"thumbnailUrl":"https:\/\/sagnlandet.dk\/en\/wp-content\/uploads\/sites\/10\/2025\/02\/robaad-og-baaldal-27-juni-2019-34-1320x1094-1-1.jpg","datePublished":"2025-02-02T19:55:28+00:00","dateModified":"2025-02-12T12:28:33+00:00","breadcrumb":{"@id":"https:\/\/sagnlandet.dk\/en\/madoere-og-historiefan-til-cafe-hvidesoehus\/#breadcrumb"},"inLanguage":"en-GB","potentialAction":[{"@type":"ReadAction","target":["https:\/\/sagnlandet.dk\/en\/madoere-og-historiefan-til-cafe-hvidesoehus\/"]}]},{"@type":"ImageObject","inLanguage":"en-GB","@id":"https:\/\/sagnlandet.dk\/en\/madoere-og-historiefan-til-cafe-hvidesoehus\/#primaryimage","url":"https:\/\/sagnlandet.dk\/en\/wp-content\/uploads\/sites\/10\/2025\/02\/robaad-og-baaldal-27-juni-2019-34-1320x1094-1-1.jpg","contentUrl":"https:\/\/sagnlandet.dk\/en\/wp-content\/uploads\/sites\/10\/2025\/02\/robaad-og-baaldal-27-juni-2019-34-1320x1094-1-1.jpg","width":1320,"height":1094},{"@type":"BreadcrumbList","@id":"https:\/\/sagnlandet.dk\/en\/madoere-og-historiefan-til-cafe-hvidesoehus\/#breadcrumb","itemListElement":[{"@type":"ListItem","position":1,"name":"Hjem","item":"https:\/\/sagnlandet.dk\/en\/"},{"@type":"ListItem","position":2,"name":"Mad\u00f8re og historiefan til Cafe Hvides\u00f8hus"}]},{"@type":"WebSite","@id":"https:\/\/sagnlandet.dk\/en\/#website","url":"https:\/\/sagnlandet.dk\/en\/","name":"Sagnlandet Lejre","description":"","publisher":{"@id":"https:\/\/sagnlandet.dk\/en\/#organization"},"potentialAction":[{"@type":"SearchAction","target":{"@type":"EntryPoint","urlTemplate":"https:\/\/sagnlandet.dk\/en\/?s={search_term_string}"},"query-input":{"@type":"PropertyValueSpecification","valueRequired":true,"valueName":"search_term_string"}}],"inLanguage":"en-GB"},{"@type":"Organization","@id":"https:\/\/sagnlandet.dk\/en\/#organization","name":"Sagnlandet Lejre","url":"https:\/\/sagnlandet.dk\/en\/","logo":{"@type":"ImageObject","inLanguage":"en-GB","@id":"https:\/\/sagnlandet.dk\/en\/#\/schema\/logo\/image\/","url":"https:\/\/sagnlandet.dk\/en\/wp-content\/uploads\/sites\/10\/1738\/65\/logo.png","contentUrl":"https:\/\/sagnlandet.dk\/en\/wp-content\/uploads\/sites\/10\/1738\/65\/logo.png","width":398,"height":143,"caption":"Sagnlandet Lejre"},"image":{"@id":"https:\/\/sagnlandet.dk\/en\/#\/schema\/logo\/image\/"}}]}},"_links":{"self":[{"href":"https:\/\/sagnlandet.dk\/en\/wp-json\/wp\/v2\/pages\/70226"}],"collection":[{"href":"https:\/\/sagnlandet.dk\/en\/wp-json\/wp\/v2\/pages"}],"about":[{"href":"https:\/\/sagnlandet.dk\/en\/wp-json\/wp\/v2\/types\/page"}],"author":[{"embeddable":true,"href":"https:\/\/sagnlandet.dk\/en\/wp-json\/wp\/v2\/users\/4"}],"replies":[{"embeddable":true,"href":"https:\/\/sagnlandet.dk\/en\/wp-json\/wp\/v2\/comments?post=70226"}],"version-history":[{"count":1,"href":"https:\/\/sagnlandet.dk\/en\/wp-json\/wp\/v2\/pages\/70226\/revisions"}],"predecessor-version":[{"id":70491,"href":"https:\/\/sagnlandet.dk\/en\/wp-json\/wp\/v2\/pages\/70226\/revisions\/70491"}],"wp:featuredmedia":[{"embeddable":true,"href":"https:\/\/sagnlandet.dk\/en\/wp-json\/wp\/v2\/media\/70891"}],"wp:attachment":[{"href":"https:\/\/sagnlandet.dk\/en\/wp-json\/wp\/v2\/media?parent=70226"}],"curies":[{"name":"wp","href":"https:\/\/api.w.org\/{rel}","templated":true}]}}