{"id":69854,"date":"2024-04-12T10:48:50","date_gmt":"2024-04-12T08:48:50","guid":{"rendered":"https:\/\/sagnlandet.dk\/om-sagnlandet\/"},"modified":"2025-02-12T13:31:26","modified_gmt":"2025-02-12T12:31:26","slug":"about-land-of-legends","status":"publish","type":"page","link":"https:\/\/sagnlandet.dk\/en\/about-land-of-legends\/","title":{"rendered":"About Land of Legends"},"content":{"rendered":"\r\n\r\n<section class=\"standout-section standout-block standout-basic alignfull rounded-bg wp-elements-62e5658e01e78964838314395b3fa6e7 hero-section side-spacing has-bg has-bg-img bg-size-cover bg-align-horizontal-center bg-align-vertical-center has-text-color\" style=\"color: #ffffff;\">\r\n\r\n\t<div class=\"standout-max-container\">\t\r\n\r\n<div class=\"standout-block-inner\">\r\n\t\t\t\r\n\t<div class=\"standout-block-background-deco\" style=\"--bg-align-vertical: center; --bg-align-horizontal: center; --bg-object-position: center center\">\r\n\t\t<img loading=\"lazy\" decoding=\"async\" width=\"1920\" height=\"1280\" src=\"https:\/\/sagnlandet.dk\/en\/wp-content\/uploads\/sites\/10\/2020\/01\/efteraarsferie-2014-007.jpg\" class=\"standout-block-background-deco-element\" alt=\"\" srcset=\"https:\/\/sagnlandet.dk\/en\/wp-content\/uploads\/sites\/10\/2020\/01\/efteraarsferie-2014-007.jpg 2700w, https:\/\/sagnlandet.dk\/en\/wp-content\/uploads\/sites\/10\/2020\/01\/efteraarsferie-2014-007-300x200.jpg 300w, https:\/\/sagnlandet.dk\/en\/wp-content\/uploads\/sites\/10\/2020\/01\/efteraarsferie-2014-007-1920x1280.jpg 1920w, https:\/\/sagnlandet.dk\/en\/wp-content\/uploads\/sites\/10\/2020\/01\/efteraarsferie-2014-007-600x400.jpg 600w\" sizes=\"(max-width: 1920px) 100vw, 1920px\" \/>\t<\/div>\r\n\r\n\t\t\r\n\t\t\t\t\t\t<div class=\"acf-innerblocks-container\">\n\n<h1 class=\"wp-block-heading\">ABOUT LEJRE LAND OF LEGENDS<\/h1>\n\n\n\n<p class=\"has-h-6-font-size\">Read more and learn about Lejre Land of Legends on this page!<\/p>\n\n<\/div>\r\n\t\t\t\r\n\t\t\t<div class=\"standout-hero-information\"><div class=\"standout-hero-information-inner\"><a href=\"https:\/\/sagnlandet.dk\/en\/day-program\/\">See our daily program <span height=\"1em\" class=\"standout-custom-svg custom-svg\"><?xml version=\"1.0\" encoding=\"UTF-8\"?><svg height=\"1em\" id=\"a\" xmlns=\"http:\/\/www.w3.org\/2000\/svg\" viewBox=\"0 0 16.28 22.02\"><path d=\"M5.4,18.67h-.24c-.77.76-1.5,1.5-2.28,2.28v.35h-.36c-.24.26-.45.47-.68.71H.74c0-.15-.01-.28-.02-.37-.24-.23-.45-.43-.7-.66v-.34c.08-.05.15-.1.23-.15-.06-.05-.14-.09-.19-.15-.03-.04-.06-.13-.04-.15.13-.13.28-.24.46-.39,0-.08,0-.22.01-.29.52-.52,1.01-1,1.49-1.49-.01-.02-.02-.03-.04-.05.14,0,.27-.01.35-.02.32-.33.61-.62.94-.95h.35c0-.15.02-.3.02-.37.2-.2.37-.37.58-.58h.26c.48-.49.93-.94,1.42-1.44h.35v-.38c.13-.11.22-.2.31-.28,0-.02-.02-.04-.03-.06h.34c.41-.42.77-.79,1.18-1.2h.25c.57-.57,1.1-1.11,1.66-1.68h.25c.2-.19.37-.33.52-.49.04-.04.09-.16.07-.18-.12-.11-.26-.19-.38-.3-.12-.11-.22-.23-.33-.35-.11-.12-.21-.24-.32-.36-.07-.07-.15-.13-.29-.24h-.25c-.31-.33-.6-.62-.92-.96h-.3c-.15-.17-.26-.3-.41-.48h-.31c-.15-.17-.26-.3-.41-.48h-.28c-.41-.42-.77-.79-1.18-1.2h-.27c-.31-.33-.6-.62-.92-.96h-.29c-.23-.25-.44-.47-.68-.72h-.29c-.14-.17-.26-.31-.4-.48h-.31c-.14-.17-.26-.31-.41-.48h-.28c-.29-.29-.53-.54-.83-.84v-.26c-.26-.24-.47-.44-.71-.67.1-.18-.21-.52.23-.68v-.31c.22-.22.38-.38.59-.59h1.02c.14.16.25.29.4.47h.36c.02.09.04.16.06.24h.35c.23.25.44.46.68.72h.29c.15.17.26.3.42.48h.27c.33.33.61.62.94.96.06,0,.19,0,.3.02.14.16.26.3.4.47h.29c.32.33.61.62.94.96h.28c.14.17.26.31.4.48h.37c0,.36.29.21.41.24.24.26.44.47.68.72h.34c.07.11,0,.36.28.23v.48c.15,0,.29.01.38.02.31.32.59.62.91.95h.28c.23.25.44.47.68.72h.3c.14-.16.26-.3.4-.47h1.33c0-.37.27-.21.47-.25.02-.06.05-.14.07-.22h.58c.19.2.36.37.57.58v.58c-.07.01-.14.03-.2.04-.1.17.13.48-.26.48v.33c-.2.21-.34.36-.49.51-.1.11-.2.23-.31.33-.12.1-.26.18-.39.29-.03.02-.03.12-.01.14.14.12.29.24.46.38v.36c.08.03.16.06.25.08v.65c.08.02.15.04.23.06v.42c-.07.02-.14.05-.23.07v.43h-.38c-.11.12-.17.18-.23.25-.05-.07-.11-.13-.19-.23h-.55c-.15-.17-.26-.3-.41-.48h-.32c-.26-.48-.68-.1-.93-.25-.24.25-.44.46-.68.72-.07,0-.2,0-.37.02v.37c-.13.11-.22.19-.31.27,0,.02.02.04.03.06h-.33c-.66.66-1.26,1.27-1.91,1.92h-.25c-.81.81-1.57,1.58-2.39,2.4h-.35c0,.15-.02.29-.02.39-.11.11-.2.19-.35.33Z\"\/><\/svg><\/span><\/a><\/div><div class=\"standout-hero-rowing-animation\"><img decoding=\"async\" class=\"animation\" src=\"https:\/\/sagnlandet.dk\/en\/wp-content\/themes\/s-child\/images\/rowing.png\"><\/div><\/div>\t<\/div>\r\n\r\n\r\n\r\n\t\t<\/div>\r\n<\/section>\n\n\r\n\r\n<section class=\"standout-section standout-block standout-basic alignwide\">\r\n\r\n\t<div class=\"standout-max-container\">\t\r\n\r\n<div class=\"standout-block-inner\">\r\n\t\r\n\t\t\t\t\t\t<div class=\"acf-innerblocks-container\">\n\n<h3 class=\"wp-block-heading\">Research center and excursion destination<\/h3>\n\n\n\n<p>Lejre Land of Legends was founded in 1964 to create new knowledge about the past through experimentation.<\/p>\n\n\n\n<p>At the same time, Lejre Land of Legends is an atmospheric and exciting excursion destination for the whole family. Here you&#8217;ll find houses and environments from the Stone Age, Iron Age, Viking Age and the 1800s, as well as working workshops and old livestock breeds. All this in 43 hectares of unique nature with hills, forests, lakes and meadows.<\/p>\n\n\n\n<h3 class=\"wp-block-heading\">The purpose of Sagnlandet<\/h3>\n\n\n\n<p>The meeting between research and the public is central to the work of Lejre Land of Legends and is enshrined in Article 2 of the statutes:<\/p>\n\n\n\n<p><em>The purpose of Lejre Land of Legends is to operate a research center for conducting ethnological, historical and archaeological experiments, carrying out related research tasks and to disseminate the results through scientific channels and through active communication and teaching.<\/em><\/p>\n\n\n\n<p>Qualified fulfillment of the purpose is ensured through Lejre Land of Legends&#8217; management and employment of professionally trained staff in academic, technical and craft subjects such as archaeology, history, communication, didactics, pedagogy, landscaping, textile crafts, pottery, forging and film\/photo. Hiring a broadly composed instructor corps of students and pupils within the same disciplines ensures a good and inspiring contact with the teaching and education sector and the thoughts and ideas that are stirring there.<\/p>\n\n\n\n<p>The director reports to a competent board of researchers, politicians and business people.<\/p>\n\n\n\n<p>To maintain focus in our daily work, we have translated Lejre Land of Legends&#8217; mission statement into more inspiring definitions and formulations expressed in our mission, vision and core values.<\/p>\n\n\n\n<h3 class=\"wp-block-heading\">H.M. Queen Margrethe Patron<\/h3>\n\n\n\n<p>In 2003, Her Majesty the Queen took on the role of patron in recognition of Lejre Land of Legends&#8217; many years of commitment to experimental archaeological research, education and public awareness.<\/p>\n\n\n\n<h3 class=\"wp-block-heading\">The Land of Legends Concept<\/h3>\n\n\n\n<p>Cultural and natural experiences are the backbone of Lejre Land of Legends&#8217; concept and activities. A visit to Lejre Land of Legends is a sensory experience where the eyes, ears, nose, mouth, hands and feet are all taken care of. Whether you choose a self-guided hike through Lejre Land of Legends&#8217; permanently reconstructed environments from the Stone Age, Iron Age, Viking Age and the 1800s, attend one of the seasonal program&#8217;s many events, participate in an educational offer or invest in a tailor-made experience tour for your workplace &#8211; challenges for both hand and head are a key element.<\/p>\n\n\n\n<p>To ensure a great audience experience, we emphasize:<\/p>\n\n\n\n<ul class=\"wp-block-list\">\n<li>Dialogue &#8211; creating the individual experience. Conversation between employee and visitor invites the illumination of new topics and approaches arising from the current communication situation.<\/li>\n\n\n\n<li>Active participation &#8211; ensuring the personal experience. Active participation involves the guest in the unfolding of the past way of life. What was easy, difficult, good and\/or hard? Concrete experience is an eye-opener for today&#8217;s capabilities and limitations. But a fun and social first-hand experience can also be what sparks a lasting curiosity for knowledge about the past and history.<\/li>\n\n\n\n<li>Bringing it to life &#8211; stimulating the visitor&#8217;s imagination and imagination.<\/li>\n<\/ul>\n\n\n\n<p>Bringing it to life allows for the communication of the strengths, weaknesses and development of the underlying research and gives the viewer the opportunity to take an independent, critical stance on today&#8217;s view of yesterday&#8217;s world.<\/p>\n\n\n\n<p>The activating form of communication also caters for the academically weak, who in Lejre Land of Legends get a successful experience of unfolding their creative abilities, dexterity and physical skills.<\/p>\n\n\n\n<p>This is the Living Past in Lejre Land of Legends.<\/p>\n\n\n\n<div class=\"wp-block-buttons is-layout-flex wp-block-buttons-is-layout-flex\">\n<div class=\"wp-block-button\"><a class=\"wp-block-button__link wp-element-button\" href=\"https:\/\/sagnlandet.dk\/en\/support-lejre-land-of-legends\/\">Would you like to support Lejre Land of Legends? You can do so here.<\/a><\/div>\n<\/div>\n\n\n\n<hr class=\"wp-block-separator has-alpha-channel-opacity\"\/>\n\n\n\r\n\r\n<section class=\"standout-section standout-block standout-columns alignwide\" style=\"--columns: 4; --column-span: 1; --element-alignment: flex-start;\" data-columns=\"4\">\r\n\r\n\t<div class=\"standout-max-container\">\t\r\n\r\n<div class=\"standout-block-inner\">\r\n\t\t\t<div class=\"acf-innerblocks-container\">\n\r\n\r\n<section class=\"standout-block standout-column-element\">\r\n\r\n\t<div class=\"standout-max-container\">\t\r\n\r\n<div class=\"standout-block-inner\">\r\n\t\t\r\n\t\t\t<div class=\"acf-innerblocks-container\">\n\n<figure class=\"wp-block-image size-full\"><img decoding=\"async\" src=\"https:\/\/sagnlandet.dk\/wp-content\/uploads\/2025\/02\/stenalder-02-600x628-1.jpg\" alt=\"\" class=\"wp-image-2108\"\/><\/figure>\n\n\n\n<p><strong>Thank you for coming!<\/strong><br>Lejre Land of Legends is a non-profit organization that communicates, researches and teaches about our common past. Part of the operation is paid for by grants from the Ministry of Education and Lejre Municipality, but the main part is the income from your ticket, so it is you as a guest who ensures that Lejre Land of Legends can open its doors to extraordinary family experiences again next year.<\/p>\n\n<\/div>\r\n\t<\/div>\r\n\r\n\r\n\r\n\t\t<\/div>\r\n<\/section>\n\n\r\n\r\n<section class=\"standout-block standout-column-element\">\r\n\r\n\t<div class=\"standout-max-container\">\t\r\n\r\n<div class=\"standout-block-inner\">\r\n\t\t\r\n\t\t\t<div class=\"acf-innerblocks-container\">\n\n<figure class=\"wp-block-image size-full\"><img decoding=\"async\" src=\"https:\/\/sagnlandet.dk\/wp-content\/uploads\/2025\/02\/johanneskors.jpg\" alt=\"\" class=\"wp-image-2314\"\/><\/figure>\n\n\n\n<p>Lejre Land of Legends has the brown St. John Cross, which is awarded to significant permanent attractions of national interest.<\/p>\n\n<\/div>\r\n\t<\/div>\r\n\r\n\r\n\r\n\t\t<\/div>\r\n<\/section>\n\n\r\n\r\n<section class=\"standout-block standout-column-element\">\r\n\r\n\t<div class=\"standout-max-container\">\t\r\n\r\n<div class=\"standout-block-inner\">\r\n\t\t\r\n\t\t\t<div class=\"acf-innerblocks-container\">\n\n<figure class=\"wp-block-image size-full\"><img decoding=\"async\" src=\"https:\/\/sagnlandet.dk\/wp-content\/uploads\/2025\/02\/logo-eu-fvm-ldp-kvadrat.jpg\" alt=\"\" class=\"wp-image-2315\"\/><\/figure>\n\n\n\n<p>European Agricultural Fund for Rural Development: Denmark and Europe invest in rural areas. The farm has received a grant for the Care of grassland and natural areas. The purpose of the grant is to help protect and improve biotope conditions and biodiversity in the priority areas. The grant has resulted in the farm&#8217;s grassland and natural areas being cared for with grazing or mowing, thus ensuring good nature management of the areas.&#8221;<\/p>\n\n<\/div>\r\n\t<\/div>\r\n\r\n\r\n\r\n\t\t<\/div>\r\n<\/section>\n\n\r\n\r\n<section class=\"standout-block standout-column-element\">\r\n\r\n\t<div class=\"standout-max-container\">\t\r\n\r\n<div class=\"standout-block-inner\">\r\n\t\t\r\n\t\t\t<div class=\"acf-innerblocks-container\">\n\n<p><strong>Annual reports<\/strong><\/p>\n\n\n\n<p>By clicking further you will access annual reports since 2010.<\/p>\n\n\n\n<div class=\"wp-block-buttons is-layout-flex wp-block-buttons-is-layout-flex\">\n<div class=\"wp-block-button\"><a class=\"wp-block-button__link has-color-gul-background-color has-background wp-element-button\" href=\"https:\/\/sagnlandet.dk\/en\/annual-reports\/\">Find all Lejre Land of Legends annual reports here<\/a><\/div>\n<\/div>\n\n<\/div>\r\n\t<\/div>\r\n\r\n\r\n\r\n\t\t<\/div>\r\n<\/section>\n<\/div>\r\n\t<\/div>\r\n\r\n\r\n\r\n\t\t<\/div>\r\n<\/section>\n<\/div>\r\n\t\t\t\r\n\t<\/div>\r\n\r\n\r\n\r\n\t\t<\/div>\r\n<\/section>\n\n\r\n\r\n<section class=\"standout-section standout-block standout-basic alignfull heading-no-space-before wp-elements-4f298066e89a89da415ac785ebbd0832 has-bg has-bg-img bg-size-cover bg-align-horizontal-right bg-align-vertical-center has-text-color\" style=\"color: #ffffff; --standout-block-gap: var(--gap-none);\">\r\n\r\n\t<div class=\"standout-max-container\">\t\r\n\r\n<div class=\"standout-block-inner\">\r\n\t\t\t\r\n\t<div class=\"standout-block-background-deco\" style=\"--bg-align-vertical: center; --bg-align-horizontal: flex-end; --bg-object-position: right center\">\r\n\t\t<img loading=\"lazy\" decoding=\"async\" width=\"1920\" height=\"635\" src=\"https:\/\/sagnlandet.dk\/en\/wp-content\/uploads\/sites\/10\/2025\/02\/find-vej-bg.jpg\" class=\"standout-block-background-deco-element\" alt=\"\" srcset=\"https:\/\/sagnlandet.dk\/en\/wp-content\/uploads\/sites\/10\/2025\/02\/find-vej-bg.jpg 1920w, https:\/\/sagnlandet.dk\/en\/wp-content\/uploads\/sites\/10\/2025\/02\/find-vej-bg-600x198.jpg 600w, https:\/\/sagnlandet.dk\/en\/wp-content\/uploads\/sites\/10\/2025\/02\/find-vej-bg-1536x508.jpg 1536w, https:\/\/sagnlandet.dk\/en\/wp-content\/uploads\/sites\/10\/2025\/02\/find-vej-bg-300x100.jpg 300w, https:\/\/sagnlandet.dk\/en\/wp-content\/uploads\/sites\/10\/2025\/02\/find-vej-bg-1200x397.jpg 1200w, https:\/\/sagnlandet.dk\/en\/wp-content\/uploads\/sites\/10\/2025\/02\/find-vej-bg-1320x437.jpg 1320w\" sizes=\"(max-width: 1920px) 100vw, 1920px\" \/>\t<\/div>\r\n\r\n\t\t\r\n\t\t\t\t\t\t<div class=\"acf-innerblocks-container\">\n\n<h2 class=\"wp-block-heading has-text-align-left\">FIND VEJ TIL FORTIDEN &#8211; &#8220;\u00c6ndring af blokgruppe\/skabelon&#8221;<\/h2>\n\n\n\r\n\r\n<section class=\"standout-section standout-block standout-columns alignwide\" style=\"--columns: 3; --column-span: 1; --element-alignment: flex-start;\" data-columns=\"3\">\r\n\r\n\t<div class=\"standout-max-container\">\t\r\n\r\n<div class=\"standout-block-inner\">\r\n\t\t\t<div class=\"acf-innerblocks-container\">\n\r\n\r\n<section class=\"standout-block standout-column-element\">\r\n\r\n\t<div class=\"standout-max-container\">\t\r\n\r\n<div class=\"standout-block-inner\">\r\n\t\t\r\n\t\t\t<div class=\"acf-innerblocks-container\">\n\n<figure class=\"wp-block-image size-full\"><img decoding=\"async\" src=\"https:\/\/sagnlandet.dk\/wp-content\/uploads\/2024\/04\/find-vej-bil.png\" alt=\"\" class=\"wp-image-216\"\/><\/figure>\n\n\n\n<h4 class=\"wp-block-heading\">ER DU I BIL?<\/h4>\n\n\n\n<p>Lorem ipsum dolor sit amet, consectetur adipiscing elit. Duis elementum imperdiet orci ac congue. Fusce et lectus posuere libero maximus tristique consequat ac sem<\/p>\n\n<\/div>\r\n\t<\/div>\r\n\r\n\r\n\r\n\t\t<\/div>\r\n<\/section>\n\n\r\n\r\n<section class=\"standout-block standout-column-element\">\r\n\r\n\t<div class=\"standout-max-container\">\t\r\n\r\n<div class=\"standout-block-inner\">\r\n\t\t\r\n\t\t\t<div class=\"acf-innerblocks-container\">\n\n<figure class=\"wp-block-image size-full\"><img decoding=\"async\" src=\"https:\/\/sagnlandet.dk\/wp-content\/uploads\/2024\/04\/find-vej-bus.png\" alt=\"\" class=\"wp-image-217\"\/><\/figure>\n\n\n\n<h4 class=\"wp-block-heading\">ER DU ME TOG OG BUS?<\/h4>\n\n\n\n<p>Lorem ipsum dolor sit amet, consectetur adipiscing elit. Duis elementum imperdiet orci ac congue. Fusce et lectus posuere libero maximus tristique consequat ac sem<\/p>\n\n<\/div>\r\n\t<\/div>\r\n\r\n\r\n\r\n\t\t<\/div>\r\n<\/section>\n\n\r\n\r\n<section class=\"standout-block standout-column-element\">\r\n\r\n\t<div class=\"standout-max-container\">\t\r\n\r\n<div class=\"standout-block-inner\">\r\n\t\t\r\n\t\t\t<div class=\"acf-innerblocks-container\">\n\n<figure class=\"wp-block-image size-full\"><img decoding=\"async\" src=\"https:\/\/sagnlandet.dk\/wp-content\/uploads\/2024\/04\/find-vej-cykel.png\" alt=\"\" class=\"wp-image-218\"\/><\/figure>\n\n\n\n<h4 class=\"wp-block-heading\">ER DU P\u00c5 CYKEL?<\/h4>\n\n\n\n<p>Lorem ipsum dolor sit amet, consectetur adipiscing elit. Duis elementum imperdiet orci ac congue. Fusce et lectus posuere libero maximus tristique consequat ac sem<\/p>\n\n<\/div>\r\n\t<\/div>\r\n\r\n\r\n\r\n\t\t<\/div>\r\n<\/section>\n<\/div>\r\n\t<\/div>\r\n\r\n\r\n\r\n\t\t<\/div>\r\n<\/section>\n\n\n<div class=\"wp-block-buttons btn-light btn-rounded is-content-justification-right is-layout-flex wp-container-core-buttons-is-layout-3 wp-block-buttons-is-layout-flex\">\n<div class=\"wp-block-button is-style-fill\"><a class=\"wp-block-button__link has-color-2-color has-text-color has-link-color wp-element-button\" href=\"#\"><img decoding=\"async\" class=\"wp-image-559\" style=\"width: NaNpx;\" src=\"https:\/\/sagnlandet.dk\/wp-content\/uploads\/2024\/07\/compass.svg\" alt=\"\"><span style=\"font-family: var(--btn-fam); font-size: inherit;\">Se den fulde vejvisning<\/span><\/a><\/div>\n<\/div>\n\n\n\r\n\r\n<section class=\"standout-section standout-block standout-columns alignwide\" style=\"--columns: 3; --column-span: 1; --element-alignment: flex-start;\" data-columns=\"3\">\r\n\r\n\t<div class=\"standout-max-container\">\t\r\n\r\n<div class=\"standout-block-inner\">\r\n\t\t\t<div class=\"acf-innerblocks-container\">\n\r\n\r\n<section class=\"standout-block standout-column-element\">\r\n\r\n\t<div class=\"standout-max-container\">\t\r\n\r\n<div class=\"standout-block-inner\">\r\n\t\t\r\n\t\t\t<div class=\"acf-innerblocks-container\">\n\n<h4 class=\"wp-block-heading\">ER DU MED TOG OG BUS?<\/h4>\n\n\n\n<p>Sagnlandet Lejre ligger midt mellem Sj\u00e6llands bl\u00f8de bakker, kun syv kilometer fra Roskilde. Du kan k\u00f8re hertil fra alle dele af Sj\u00e6lland p\u00e5 under en time. Der er god plads til bilen, da Sagnlandet har cirka 300 parkeringspladser lige ved indgangen.<\/p>\n\n\n\n<figure class=\"wp-block-image size-full\"><img decoding=\"async\" src=\"https:\/\/sagnlandet.dk\/wp-content\/uploads\/2024\/04\/find-vej-bil.png\" alt=\"\" class=\"wp-image-216\"\/><\/figure>\n\n<\/div>\r\n\t<\/div>\r\n\r\n\r\n\r\n\t\t<\/div>\r\n<\/section>\n\n\r\n\r\n<section class=\"standout-block standout-column-element\">\r\n\r\n\t<div class=\"standout-max-container\">\t\r\n\r\n<div class=\"standout-block-inner\">\r\n\t\t\r\n\t\t\t<div class=\"acf-innerblocks-container\">\n\n<h4 class=\"wp-block-heading\">ER DU I BIL?<\/h4>\n\n\n\n<p>I hoveds\u00e6sonen k\u00f8rer der tog og bus hele vejen til Sagnlandet. Tag toget til Lejre station, og st\u00e5 p\u00e5 bus 233. Den k\u00f8rer direkte, og afgangstiderne passer med toget til og fra K\u00f8benhavn. Du kan finde hele k\u00f8replanen for Bus 233 p\u00e5 DOTs hjemmeside.<\/p>\n\n\n\n<figure class=\"wp-block-image size-full\"><img decoding=\"async\" src=\"https:\/\/sagnlandet.dk\/wp-content\/uploads\/2024\/04\/find-vej-bus.png\" alt=\"\" class=\"wp-image-217\"\/><\/figure>\n\n<\/div>\r\n\t<\/div>\r\n\r\n\r\n\r\n\t\t<\/div>\r\n<\/section>\n\n\r\n\r\n<section class=\"standout-block standout-column-element\">\r\n\r\n\t<div class=\"standout-max-container\">\t\r\n\r\n<div class=\"standout-block-inner\">\r\n\t\t\r\n\t\t\t<div class=\"acf-innerblocks-container\">\n\n<h4 class=\"wp-block-heading\">ER DU P\u00c5 CYKEL?<\/h4>\n\n\n\n<p>Cykelturen til Sagnlandet Lejre er en oplevelse i sig selv.<br>Den majest\u00e6tiske Ledreborg All\u00e9 er landets l\u00e6ngste og en herlig udfordring for bent\u00f8jet. To nationale cykelruter og Magueritruten l\u00f8ber omtrent forbi Sagnlandets hovedindgang.<\/p>\n\n\n\n<figure class=\"wp-block-image size-full\"><img decoding=\"async\" src=\"https:\/\/sagnlandet.dk\/wp-content\/uploads\/2024\/04\/find-vej-cykel.png\" alt=\"\" class=\"wp-image-218\"\/><\/figure>\n\n<\/div>\r\n\t<\/div>\r\n\r\n\r\n\r\n\t\t<\/div>\r\n<\/section>\n<\/div>\r\n\t<\/div>\r\n\r\n\r\n\r\n\t\t<\/div>\r\n<\/section>\n\n\n<div class=\"wp-block-buttons btn-light btn-rounded is-content-justification-center is-layout-flex wp-container-core-buttons-is-layout-4 wp-block-buttons-is-layout-flex\">\n<div class=\"wp-block-button has-custom-width wp-block-button__width-50 is-style-fill\"><a class=\"wp-block-button__link has-color-2-color has-text-color has-link-color wp-element-button\" href=\"#\"><img decoding=\"async\" class=\"wp-image-559\" style=\"width: NaNpx;\" src=\"https:\/\/sagnlandet.dk\/wp-content\/uploads\/2024\/07\/compass.svg\" alt=\"\"><span style=\"font-family: var(--btn-fam); font-size: inherit;\">Se den fulde vejvisning<\/span><\/a><\/div>\n<\/div>\n\n<\/div>\r\n\t\t\t\r\n\t<\/div>\r\n\r\n\r\n\r\n\t\t<\/div>\r\n<\/section>","protected":false},"excerpt":{"rendered":"","protected":false},"author":1,"featured_media":70935,"parent":0,"menu_order":0,"comment_status":"open","ping_status":"open","template":"","meta":{"_acf_changed":false,"footnotes":""},"class_list":["post-69854","page","type-page","status-publish","has-post-thumbnail","hentry"],"acf":[],"yoast_head":"<!-- This site is optimized with the Yoast SEO plugin v23.5 - https:\/\/yoast.com\/wordpress\/plugins\/seo\/ -->\n<title>About Land of Legends - Sagnlandet Lejre<\/title>\n<meta name=\"robots\" content=\"index, follow, max-snippet:-1, max-image-preview:large, max-video-preview:-1\" \/>\n<link rel=\"canonical\" href=\"https:\/\/sagnlandet.dk\/en\/om-sagnlandet\/\" \/>\n<meta property=\"og:locale\" content=\"en_GB\" \/>\n<meta property=\"og:type\" content=\"article\" \/>\n<meta property=\"og:title\" content=\"About Land of Legends - Sagnlandet Lejre\" \/>\n<meta property=\"og:url\" content=\"https:\/\/sagnlandet.dk\/en\/om-sagnlandet\/\" \/>\n<meta property=\"og:site_name\" content=\"Sagnlandet Lejre\" \/>\n<meta property=\"article:modified_time\" content=\"2025-02-12T12:31:26+00:00\" \/>\n<meta property=\"og:image\" content=\"https:\/\/sagnlandet.dk\/en\/wp-content\/uploads\/sites\/10\/2025\/02\/efteraarsferie-2014-007-scaled-1.jpg\" \/>\n\t<meta property=\"og:image:width\" content=\"2560\" \/>\n\t<meta property=\"og:image:height\" content=\"1707\" \/>\n\t<meta property=\"og:image:type\" content=\"image\/jpeg\" \/>\n<meta name=\"twitter:card\" content=\"summary_large_image\" \/>\n<meta name=\"twitter:label1\" content=\"Estimated reading time\" \/>\n\t<meta name=\"twitter:data1\" content=\"8 minutes\" \/>\n<!-- \/ Yoast SEO plugin. -->","yoast_head_json":{"title":"About Land of Legends - Sagnlandet Lejre","robots":{"index":"index","follow":"follow","max-snippet":"max-snippet:-1","max-image-preview":"max-image-preview:large","max-video-preview":"max-video-preview:-1"},"canonical":"https:\/\/sagnlandet.dk\/en\/om-sagnlandet\/","og_locale":"en_GB","og_type":"article","og_title":"About Land of Legends - Sagnlandet Lejre","og_url":"https:\/\/sagnlandet.dk\/en\/om-sagnlandet\/","og_site_name":"Sagnlandet Lejre","article_modified_time":"2025-02-12T12:31:26+00:00","og_image":[{"width":2560,"height":1707,"url":"https:\/\/sagnlandet.dk\/en\/wp-content\/uploads\/sites\/10\/2025\/02\/efteraarsferie-2014-007-scaled-1.jpg","type":"image\/jpeg"}],"twitter_card":"summary_large_image","twitter_misc":{"Estimated reading time":"8 minutes"},"schema":{"@context":"https:\/\/schema.org","@graph":[{"@type":"WebPage","@id":"https:\/\/sagnlandet.dk\/en\/om-sagnlandet\/","url":"https:\/\/sagnlandet.dk\/en\/om-sagnlandet\/","name":"About Land of Legends - Sagnlandet Lejre","isPartOf":{"@id":"https:\/\/sagnlandet.dk\/en\/#website"},"primaryImageOfPage":{"@id":"https:\/\/sagnlandet.dk\/en\/om-sagnlandet\/#primaryimage"},"image":{"@id":"https:\/\/sagnlandet.dk\/en\/om-sagnlandet\/#primaryimage"},"thumbnailUrl":"https:\/\/sagnlandet.dk\/en\/wp-content\/uploads\/sites\/10\/2025\/02\/efteraarsferie-2014-007-scaled-1-1.jpg","datePublished":"2024-04-12T08:48:50+00:00","dateModified":"2025-02-12T12:31:26+00:00","breadcrumb":{"@id":"https:\/\/sagnlandet.dk\/en\/om-sagnlandet\/#breadcrumb"},"inLanguage":"en-GB","potentialAction":[{"@type":"ReadAction","target":["https:\/\/sagnlandet.dk\/en\/om-sagnlandet\/"]}]},{"@type":"ImageObject","inLanguage":"en-GB","@id":"https:\/\/sagnlandet.dk\/en\/om-sagnlandet\/#primaryimage","url":"https:\/\/sagnlandet.dk\/en\/wp-content\/uploads\/sites\/10\/2025\/02\/efteraarsferie-2014-007-scaled-1-1.jpg","contentUrl":"https:\/\/sagnlandet.dk\/en\/wp-content\/uploads\/sites\/10\/2025\/02\/efteraarsferie-2014-007-scaled-1-1.jpg","width":2560,"height":1707},{"@type":"BreadcrumbList","@id":"https:\/\/sagnlandet.dk\/en\/om-sagnlandet\/#breadcrumb","itemListElement":[{"@type":"ListItem","position":1,"name":"Hjem","item":"https:\/\/sagnlandet.dk\/en\/"},{"@type":"ListItem","position":2,"name":"Om Sagnlandet"}]},{"@type":"WebSite","@id":"https:\/\/sagnlandet.dk\/en\/#website","url":"https:\/\/sagnlandet.dk\/en\/","name":"Sagnlandet Lejre","description":"","publisher":{"@id":"https:\/\/sagnlandet.dk\/en\/#organization"},"potentialAction":[{"@type":"SearchAction","target":{"@type":"EntryPoint","urlTemplate":"https:\/\/sagnlandet.dk\/en\/?s={search_term_string}"},"query-input":{"@type":"PropertyValueSpecification","valueRequired":true,"valueName":"search_term_string"}}],"inLanguage":"en-GB"},{"@type":"Organization","@id":"https:\/\/sagnlandet.dk\/en\/#organization","name":"Sagnlandet Lejre","url":"https:\/\/sagnlandet.dk\/en\/","logo":{"@type":"ImageObject","inLanguage":"en-GB","@id":"https:\/\/sagnlandet.dk\/en\/#\/schema\/logo\/image\/","url":"https:\/\/sagnlandet.dk\/en\/wp-content\/uploads\/sites\/10\/1738\/65\/logo.png","contentUrl":"https:\/\/sagnlandet.dk\/en\/wp-content\/uploads\/sites\/10\/1738\/65\/logo.png","width":398,"height":143,"caption":"Sagnlandet Lejre"},"image":{"@id":"https:\/\/sagnlandet.dk\/en\/#\/schema\/logo\/image\/"}}]}},"_links":{"self":[{"href":"https:\/\/sagnlandet.dk\/en\/wp-json\/wp\/v2\/pages\/69854"}],"collection":[{"href":"https:\/\/sagnlandet.dk\/en\/wp-json\/wp\/v2\/pages"}],"about":[{"href":"https:\/\/sagnlandet.dk\/en\/wp-json\/wp\/v2\/types\/page"}],"author":[{"embeddable":true,"href":"https:\/\/sagnlandet.dk\/en\/wp-json\/wp\/v2\/users\/1"}],"replies":[{"embeddable":true,"href":"https:\/\/sagnlandet.dk\/en\/wp-json\/wp\/v2\/comments?post=69854"}],"version-history":[{"count":3,"href":"https:\/\/sagnlandet.dk\/en\/wp-json\/wp\/v2\/pages\/69854\/revisions"}],"predecessor-version":[{"id":71406,"href":"https:\/\/sagnlandet.dk\/en\/wp-json\/wp\/v2\/pages\/69854\/revisions\/71406"}],"wp:featuredmedia":[{"embeddable":true,"href":"https:\/\/sagnlandet.dk\/en\/wp-json\/wp\/v2\/media\/70935"}],"wp:attachment":[{"href":"https:\/\/sagnlandet.dk\/en\/wp-json\/wp\/v2\/media?parent=69854"}],"curies":[{"name":"wp","href":"https:\/\/api.w.org\/{rel}","templated":true}]}}