{"id":69628,"date":"2024-07-01T06:52:12","date_gmt":"2024-07-01T04:52:12","guid":{"rendered":"https:\/\/sagnlandet.dk\/p\/billet-voksen-12\/"},"modified":"2026-02-27T10:05:45","modified_gmt":"2026-02-27T09:05:45","slug":"eintritt-2026-erwachsene-ab-12-jahren","status":"publish","type":"product","link":"https:\/\/sagnlandet.dk\/de\/p\/eintritt-2026-erwachsene-ab-12-jahren\/","title":{"rendered":"Eintritt 2026 &#8211; Erwachsene, ab 12 Jahren"},"content":{"rendered":"\n<p>Sie m\u00fcssen Ihre Tickets nicht ausdrucken. Wir scannen den QR-Code auf dem Bildschirm Ihres Telefons oder Tablets. Wenn wir Ihre Tickets einscannen, erhalten Sie eine Jahreskarte, die bis zum 31. Dezember g\u00fcltig ist.<\/p>\n\n\n\n<h4 class=\"wp-block-heading\">Komm wieder, und wieder, und wieder&#8230;<\/h4>\n\n\n\n<p>Mit einer Eintrittskarte f\u00fcr Lejre Land of Legends erhalten Sie Zugang zu einer Welt voller Erlebnisse. Eine Welt, die so gro\u00df ist, dass nur wenige es schaffen, alles an einem einzigen Tag zu sehen. Deshalb wird Ihre Eintrittskarte automatisch in eine Jahreskarte umgewandelt, die ab dem Tag des Kaufs bis zum 31. Dezember des laufenden Jahres g\u00fcltig ist. So k\u00f6nnen Sie wieder und wieder und wieder kommen.<\/p>\n\n\n\n<p>Wir freuen uns darauf, Sie zu sehen!<\/p>\n\n\n\n<p><em>Sie erhalten Ihre Tickets in einer separaten E-Mail etwa eine Minute nach dem Kauf.<\/em><\/p>\n\n\n\n<h4 class=\"wp-block-heading\">Vielen Dank f\u00fcr Ihr Fachwissen und Ihre Erfahrungen aus der Vergangenheit!<\/h4>\n\n\n\n<p>Lejre Land of Legends ist eine Non-Profit-Organisation, die \u00fcber unsere gemeinsame Vergangenheit lehrt, forscht und kommuniziert. Ein Teil des Betriebs wird durch Zusch\u00fcsse des Bildungsministeriums und der Lejre Kommune finanziert, aber der gr\u00f6\u00dfte Teil wird durch Ihre Eintrittskarte finanziert. Deshalb sind es gerade Sie als Gast, der dazu beitr\u00e4gt, dass Lejre Land der Legenden auch im n\u00e4chsten Jahr wieder ge\u00f6ffnet werden kann und Familienerlebnisse bietet, die \u00fcber das \u00dcbliche hinausgehen.<\/p>\n\n\n\n<p><em>Eine Jahreskarte f\u00fcr Lejre Land of Legends ist pers\u00f6nlich und kann nicht auf andere Personen \u00fcbertragen werden. Ein Ausweis (z. B. Sozialversicherungsausweis, VISA-Karte oder F\u00fchrerschein) muss beim Einlass zusammen mit der Jahreskarte vorgelegt werden.<\/em><\/p>\n\n\n\n<h6 class=\"wp-block-heading\"><strong>Sind Sie Student oder eine Gruppe von mehr als 12 Personen?<\/strong><\/h6>\n\n\n\n<p><a href=\"https:\/\/sagnlandet.dk\/de\/opening-hours\/\">Dann<strong> finden Sie hier unsere Preise<\/strong><\/a> &#8211; einige unserer Ticketarten sind nicht online verf\u00fcgbar und k\u00f6nnen nur vor Ort im Laden gekauft werden.<\/p>\n\n\n\n<p><\/p>\n","protected":false},"excerpt":{"rendered":"<p>Ihr Ticket ist das ganze Jahr 2025 g\u00fcltig!<\/p>\n","protected":false},"featured_media":71020,"template":"","meta":{"_acf_changed":false},"product_cat":[633,632],"product_tag":[],"class_list":["post-69628","product","type-product","status-publish","has-post-thumbnail","hentry","product_cat-billetter","product_cat-zulassung"],"acf":[],"yoast_head":"<!-- This site is optimized with the Yoast SEO plugin v23.5 - https:\/\/yoast.com\/wordpress\/plugins\/seo\/ -->\n<title>Eintritt 2026 - Erwachsene, ab 12 Jahren - Sagnlandet Lejre<\/title>\n<meta name=\"robots\" content=\"index, follow, max-snippet:-1, max-image-preview:large, max-video-preview:-1\" \/>\n<link rel=\"canonical\" href=\"https:\/\/sagnlandet.dk\/de\/p\/eintritt-2026-erwachsene-ab-12-jahren\/\" \/>\n<meta property=\"og:locale\" content=\"de_DE\" \/>\n<meta property=\"og:type\" content=\"article\" \/>\n<meta property=\"og:title\" content=\"Eintritt 2026 - Erwachsene, ab 12 Jahren - Sagnlandet Lejre\" \/>\n<meta property=\"og:description\" content=\"Ihr Ticket ist das ganze Jahr 2025 g\u00fcltig!\" \/>\n<meta property=\"og:url\" content=\"https:\/\/sagnlandet.dk\/de\/p\/eintritt-2026-erwachsene-ab-12-jahren\/\" \/>\n<meta property=\"og:site_name\" content=\"Sagnlandet Lejre\" \/>\n<meta property=\"article:modified_time\" content=\"2026-02-27T09:05:45+00:00\" \/>\n<meta property=\"og:image\" content=\"https:\/\/sagnlandet.dk\/de\/wp-content\/uploads\/sites\/13\/2025\/02\/Sagnlandet-juli-2020-22-scaled-1-1.jpg\" \/>\n\t<meta property=\"og:image:width\" content=\"2560\" \/>\n\t<meta property=\"og:image:height\" content=\"1662\" \/>\n\t<meta property=\"og:image:type\" content=\"image\/jpeg\" \/>\n<meta name=\"twitter:card\" content=\"summary_large_image\" \/>\n<meta name=\"twitter:label1\" content=\"Gesch\u00e4tzte Lesezeit\" \/>\n\t<meta name=\"twitter:data1\" content=\"2\u00a0Minuten\" \/>\n<!-- \/ Yoast SEO plugin. -->","yoast_head_json":{"title":"Eintritt 2026 - Erwachsene, ab 12 Jahren - Sagnlandet Lejre","robots":{"index":"index","follow":"follow","max-snippet":"max-snippet:-1","max-image-preview":"max-image-preview:large","max-video-preview":"max-video-preview:-1"},"canonical":"https:\/\/sagnlandet.dk\/de\/p\/eintritt-2026-erwachsene-ab-12-jahren\/","og_locale":"de_DE","og_type":"article","og_title":"Eintritt 2026 - Erwachsene, ab 12 Jahren - Sagnlandet Lejre","og_description":"Ihr Ticket ist das ganze Jahr 2025 g\u00fcltig!","og_url":"https:\/\/sagnlandet.dk\/de\/p\/eintritt-2026-erwachsene-ab-12-jahren\/","og_site_name":"Sagnlandet Lejre","article_modified_time":"2026-02-27T09:05:45+00:00","og_image":[{"width":2560,"height":1662,"url":"https:\/\/sagnlandet.dk\/de\/wp-content\/uploads\/sites\/13\/2025\/02\/Sagnlandet-juli-2020-22-scaled-1-1.jpg","type":"image\/jpeg"}],"twitter_card":"summary_large_image","twitter_misc":{"Gesch\u00e4tzte Lesezeit":"2\u00a0Minuten"},"schema":{"@context":"https:\/\/schema.org","@graph":[{"@type":"WebPage","@id":"https:\/\/sagnlandet.dk\/de\/p\/eintritt-2026-erwachsene-ab-12-jahren\/","url":"https:\/\/sagnlandet.dk\/de\/p\/eintritt-2026-erwachsene-ab-12-jahren\/","name":"Eintritt 2026 - Erwachsene, ab 12 Jahren - Sagnlandet Lejre","isPartOf":{"@id":"https:\/\/sagnlandet.dk\/de\/#website"},"primaryImageOfPage":{"@id":"https:\/\/sagnlandet.dk\/de\/p\/eintritt-2026-erwachsene-ab-12-jahren\/#primaryimage"},"image":{"@id":"https:\/\/sagnlandet.dk\/de\/p\/eintritt-2026-erwachsene-ab-12-jahren\/#primaryimage"},"thumbnailUrl":"https:\/\/sagnlandet.dk\/de\/wp-content\/uploads\/sites\/13\/2025\/02\/Sagnlandet-juli-2020-22-scaled-1-1.jpg","datePublished":"2024-07-01T04:52:12+00:00","dateModified":"2026-02-27T09:05:45+00:00","breadcrumb":{"@id":"https:\/\/sagnlandet.dk\/de\/p\/eintritt-2026-erwachsene-ab-12-jahren\/#breadcrumb"},"inLanguage":"de","potentialAction":[{"@type":"ReadAction","target":["https:\/\/sagnlandet.dk\/de\/p\/eintritt-2026-erwachsene-ab-12-jahren\/"]}]},{"@type":"ImageObject","inLanguage":"de","@id":"https:\/\/sagnlandet.dk\/de\/p\/eintritt-2026-erwachsene-ab-12-jahren\/#primaryimage","url":"https:\/\/sagnlandet.dk\/de\/wp-content\/uploads\/sites\/13\/2025\/02\/Sagnlandet-juli-2020-22-scaled-1-1.jpg","contentUrl":"https:\/\/sagnlandet.dk\/de\/wp-content\/uploads\/sites\/13\/2025\/02\/Sagnlandet-juli-2020-22-scaled-1-1.jpg","width":2560,"height":1662},{"@type":"BreadcrumbList","@id":"https:\/\/sagnlandet.dk\/de\/p\/eintritt-2026-erwachsene-ab-12-jahren\/#breadcrumb","itemListElement":[{"@type":"ListItem","position":1,"name":"Hjem","item":"https:\/\/sagnlandet.dk\/de\/"},{"@type":"ListItem","position":2,"name":"Shop","item":"https:\/\/sagnlandet.dk\/de\/shop\/"},{"@type":"ListItem","position":3,"name":"Eintritt 2026 &#8211; Erwachsene, ab 12 Jahren"}]},{"@type":"WebSite","@id":"https:\/\/sagnlandet.dk\/de\/#website","url":"https:\/\/sagnlandet.dk\/de\/","name":"Sagnlandet Lejre","description":"","publisher":{"@id":"https:\/\/sagnlandet.dk\/de\/#organization"},"potentialAction":[{"@type":"SearchAction","target":{"@type":"EntryPoint","urlTemplate":"https:\/\/sagnlandet.dk\/de\/?s={search_term_string}"},"query-input":{"@type":"PropertyValueSpecification","valueRequired":true,"valueName":"search_term_string"}}],"inLanguage":"de"},{"@type":"Organization","@id":"https:\/\/sagnlandet.dk\/de\/#organization","name":"Sagnlandet Lejre","url":"https:\/\/sagnlandet.dk\/de\/","logo":{"@type":"ImageObject","inLanguage":"de","@id":"https:\/\/sagnlandet.dk\/de\/#\/schema\/logo\/image\/","url":"https:\/\/sagnlandet.dk\/de\/wp-content\/uploads\/sites\/13\/1738\/65\/logo.png","contentUrl":"https:\/\/sagnlandet.dk\/de\/wp-content\/uploads\/sites\/13\/1738\/65\/logo.png","width":398,"height":143,"caption":"Sagnlandet Lejre"},"image":{"@id":"https:\/\/sagnlandet.dk\/de\/#\/schema\/logo\/image\/"}}]}},"_links":{"self":[{"href":"https:\/\/sagnlandet.dk\/de\/wp-json\/wp\/v2\/product\/69628"}],"collection":[{"href":"https:\/\/sagnlandet.dk\/de\/wp-json\/wp\/v2\/product"}],"about":[{"href":"https:\/\/sagnlandet.dk\/de\/wp-json\/wp\/v2\/types\/product"}],"wp:featuredmedia":[{"embeddable":true,"href":"https:\/\/sagnlandet.dk\/de\/wp-json\/wp\/v2\/media\/71020"}],"wp:attachment":[{"href":"https:\/\/sagnlandet.dk\/de\/wp-json\/wp\/v2\/media?parent=69628"}],"wp:term":[{"taxonomy":"product_cat","embeddable":true,"href":"https:\/\/sagnlandet.dk\/de\/wp-json\/wp\/v2\/product_cat?post=69628"},{"taxonomy":"product_tag","embeddable":true,"href":"https:\/\/sagnlandet.dk\/de\/wp-json\/wp\/v2\/product_tag?post=69628"}],"curies":[{"name":"wp","href":"https:\/\/api.w.org\/{rel}","templated":true}]}}