{"id":70838,"date":"2025-02-10T07:55:34","date_gmt":"2025-02-10T06:55:34","guid":{"rendered":"https:\/\/sagnlandet.dk\/?page_id=70838"},"modified":"2025-02-24T07:10:31","modified_gmt":"2025-02-24T06:10:31","slug":"feinschmecker-und-geschichtsinteressierte-im-cafe-hvidesohus","status":"publish","type":"page","link":"https:\/\/sagnlandet.dk\/de\/feinschmecker-und-geschichtsinteressierte-im-cafe-hvidesohus\/","title":{"rendered":"Feinschmecker und Geschichtsinteressierte im Cafe Hvides\u00f8hus"},"content":{"rendered":"\r\n\r\n<section class=\"standout-section standout-block standout-basic alignfull rounded-bg wp-elements-e152e956431bca35f42be61e9287fb6e side-spacing has-bg has-bg-img bg-size-cover bg-align-horizontal-center bg-align-vertical-center has-text-color\" style=\"color: #ffffff;\">\r\n\r\n\t<div class=\"standout-max-container\">\t\r\n\r\n<div class=\"standout-block-inner\">\r\n\t\t\t\r\n\t<div class=\"standout-block-background-deco\" style=\"--bg-align-vertical: center; --bg-align-horizontal: center; --bg-object-position: center center\">\r\n\t\t<img loading=\"lazy\" decoding=\"async\" width=\"1920\" height=\"800\" src=\"https:\/\/sagnlandet.dk\/de\/wp-content\/uploads\/sites\/13\/1738\/65\/robaad-og-baaldal-27-juni-2019-44-copy-1-scaled-2.jpg\" class=\"standout-block-background-deco-element\" alt=\"\" srcset=\"https:\/\/sagnlandet.dk\/de\/wp-content\/uploads\/sites\/13\/1738\/65\/robaad-og-baaldal-27-juni-2019-44-copy-1-scaled-2.jpg 2560w, https:\/\/sagnlandet.dk\/de\/wp-content\/uploads\/sites\/13\/1738\/65\/robaad-og-baaldal-27-juni-2019-44-copy-1-scaled-2-300x125.jpg 300w, https:\/\/sagnlandet.dk\/de\/wp-content\/uploads\/sites\/13\/1738\/65\/robaad-og-baaldal-27-juni-2019-44-copy-1-scaled-2-1920x800.jpg 1920w, https:\/\/sagnlandet.dk\/de\/wp-content\/uploads\/sites\/13\/1738\/65\/robaad-og-baaldal-27-juni-2019-44-copy-1-scaled-2-1536x640.jpg 1536w, https:\/\/sagnlandet.dk\/de\/wp-content\/uploads\/sites\/13\/1738\/65\/robaad-og-baaldal-27-juni-2019-44-copy-1-scaled-2-2048x853.jpg 2048w, https:\/\/sagnlandet.dk\/de\/wp-content\/uploads\/sites\/13\/1738\/65\/robaad-og-baaldal-27-juni-2019-44-copy-1-scaled-2-240x100.jpg 240w, https:\/\/sagnlandet.dk\/de\/wp-content\/uploads\/sites\/13\/1738\/65\/robaad-og-baaldal-27-juni-2019-44-copy-1-scaled-2-1200x500.jpg 1200w, https:\/\/sagnlandet.dk\/de\/wp-content\/uploads\/sites\/13\/1738\/65\/robaad-og-baaldal-27-juni-2019-44-copy-1-scaled-2-1320x550.jpg 1320w, https:\/\/sagnlandet.dk\/de\/wp-content\/uploads\/sites\/13\/1738\/65\/robaad-og-baaldal-27-juni-2019-44-copy-1-scaled-2-600x250.jpg 600w\" sizes=\"(max-width: 1920px) 100vw, 1920px\" \/>\t<\/div>\r\n\r\n\t\t\r\n\t\t\t\t\t\t<div class=\"acf-innerblocks-container\">\n\n<h1 class=\"wp-block-heading has-h-1-font-size\">FEINSCHMECKER UND GESCHICHTSINTERESSIERTE F\u00dcR DAS CAF\u00c9 HVIDES\u00d8HUS<\/h1>\n\n<\/div>\r\n\t\t\t\r\n\t<\/div>\r\n\r\n\r\n\r\n\t\t<\/div>\r\n<\/section>\n\n\r\n\r\n<section class=\"standout-section standout-block standout-basic alignwide\">\r\n\r\n\t<div class=\"standout-max-container\">\t\r\n\r\n<div class=\"standout-block-inner\">\r\n\t\r\n\t\t\t\t\t\t<div class=\"acf-innerblocks-container\">\n\n<p><strong>Haben Sie schon immer von einem Job im gem\u00fctlichsten Caf\u00e9 der Welt getr\u00e4umt? Und sind Sie sowohl ein Feinschmecker als auch ein Geschichtsinteressierter?<\/strong> <\/p>\n\n\n\n<p>&#8211;<strong>Dann bewerben Sie sich jetzt f\u00fcr eine Stelle im Lejre Land of Legends Caf\u00e9 Hvides\u00f8hus.<\/strong> <\/p>\n\n\n\n<p>Wir suchen eine fr\u00f6hliche Person mit K\u00fcchenerfahrung f\u00fcr unser wunderbares Caf\u00e9 Hvides\u00f8hus.<\/p>\n\n\n\n<p>Wenn Sie Mut, Liebe zum Essen und zur Geschichte, 30-37 Stunden pro Woche und Lust haben, die \u00c4rmel hochzukrempeln, sowohl in der K\u00fcche als auch an der Front, dann k\u00f6nnten Sie genau die Person sein, die wir suchen, um Teil des Teams im Caf\u00e9 Hvides\u00f8hus zu werden.<\/p>\n\n\n\n<p>Im Caf\u00e9 Hvides\u00f8hus servieren wir alles, von modernen Notwendigkeiten bis hin zu ausgew\u00e4hlten Mittagsgerichten, und geben damit kleinen und gro\u00dfen G\u00e4sten im Sagenland Lejre die M\u00f6glichkeit, ein St\u00fcck Geschichte zu kosten, inspiriert von der K\u00fcche des 19. Jahrhunderts.<\/p>\n\n\n\n<p>Die Speisekarte ist klein, aber vielseitig und umfasst belegte Brote sowie kalte und warme Gerichte aus eigener Herstellung, hausgemachte Kuchen und klassische Hei\u00df-\/Kaltgetr\u00e4nke. Die Auswahl richtet sich nach der Jahreszeit, den saisonalen Zutaten und der Zusammensetzung der G\u00e4ste in Lejre Land of Legends.<\/p>\n\n\n\n<p><strong><em>Das Rezept f\u00fcr denjenigen, den wir suchen<\/em><\/strong>: <\/p>\n\n\n\n<p>9 Teile Freude am Essen und spr\u00fchend gute Laune<\/p>\n\n\n\n<p>7 Teile Flexibilit\u00e4t, Verantwortung und viel Mut<\/p>\n\n\n\n<p>5 Teile K\u00fcchenflair und eine gute \u00dcbersicht<\/p>\n\n\n\n<p>3 Teile Verkaufsgesp\u00fcr, guter Kundenkontakt und eine Prise Lebenserfahrung.<\/p>\n\n\n\n<p>W\u00e4hlen Sie alle Zutaten und Eigenschaften sorgf\u00e4ltig aus und r\u00fchren Sie sie zusammen. F\u00fcgen Sie je nach Ihren F\u00e4higkeiten und Kenntnissen frische pers\u00f6nliche Gew\u00fcrze hinzu.<\/p>\n\n\n\n<p>F\u00fchlen Sie sich frei, eine Prise Geschichtsinteresse und eine gro\u00dfe Portion Tatkraft hinzuzuf\u00fcgen.<\/p>\n\n\n\n<p>P\u00fcrieren Sie das Ganze mit guter Zusammenarbeit und selbst\u00e4ndiger Arbeit in einem kleinen Team und servieren Sie es im sch\u00f6nen Ambiente des Caf\u00e9 Hvides\u00f8hus.<\/p>\n\n\n\n<p>Freuen Sie sich auf engagierte und freundliche Kollegen an einem spannenden Arbeitsplatz mit vielen Tausend Besuchern j\u00e4hrlich.<\/p>\n\n\n\n<p><strong><em>K\u00fcchenutensilien und andere praktische Dinge<\/em><\/strong>: <\/p>\n\n\n\n<p>Als Teil des Teams im Caf\u00e9 Hvides\u00f8hus unterstehen Sie der Caf\u00e9-Managerin Jette Aagaard Andersen, die von der Speisekarte bis zum t\u00e4glichen Betrieb auf der Etage f\u00fcr alles verantwortlich ist. Wir bieten Ihnen einen abwechslungsreichen Arbeitstag, bei dem Sie sowohl in der K\u00fcche als auch an der Front t\u00e4tig sind und Aufgaben im Zusammenhang mit dem Einkauf von Zutaten, Sparring, Selbstkontrolle, Schichtplanung und Veranstaltungen \u00fcbernehmen.<\/p>\n\n\n\n<p>Arbeitszeiten: 30-37 Stunden pro Woche, abh\u00e4ngig von Ihnen und der Saison. Es ist mit Wochenendarbeit zu rechnen.<br>Zeitraum der Besch\u00e4ftigung: Ab 17. M\u00e4rz oder baldm\u00f6glichst danach und zun\u00e4chst bis 24. Oktober 2025.<br><\/p>\n\n\n\n<p><strong>Bewerbungsfrist: Bewerbungen m\u00fcssen bis sp\u00e4testens 16. Februar 2025 eingehen.<\/strong> <\/p>\n\n\n\n<p><\/p>\n\n\n\n<p><strong><em>Haben wir das Rezept f\u00fcr Sie geschrieben?<\/em><\/strong> <\/p>\n\n\n\n<p>Erkennen Sie sich in dem obigen Rezept wieder, arbeiten Sie gerne im Caf\u00e9 und in der K\u00fcche, lieben Sie gute Zutaten und Lebensmittel mit Geschichte und geh\u00f6ren Sie zu den sch\u00e4rfsten Messern in der Schublade, wenn es darum geht, den \u00dcberblick \u00fcber einen arbeitsreichen Tag zu behalten?<\/p>\n\n\n\n<p>Und Sie k\u00f6nnen nicht anders, als zu l\u00e4cheln und gute Energie zu verbreiten? Wenn ja, freuen wir uns auf Ihre Bewerbung!<\/p>\n\n\n\n<p><strong>Schriftliche Bewerbung mit dem Vermerk &#8220;Mad\u00f8re og historiefan til Caf\u00e9 Hvides\u00f8hus&#8221; per E-Mail mit Lebenslauf und relevanten Anh\u00e4ngen bis sp\u00e4testens 16. Februar 2025 an<\/strong><a href=\"mailto:job@sagnlandet.dk\"><strong>tojob@sagnlandet.dk<\/strong><\/a> <\/p>\n\n\n\n<p><\/p>\n\n\n\n<p><strong><em>F\u00fcr weitere Informationen wenden Sie sich bitte an<\/em><\/strong><strong>: <\/strong> <\/p>\n\n\n\n<p><strong>Jette Aagaard Andersen<\/strong><br>Gebiets- und Verkaufsleiterin, Caf\u00e9 Hvides\u00f8hus<br><a href=\"mailto:jaa@sagnlandet.dk\">jaa@sagnlandet.dk<\/a><br>tel.: 21434928<\/p>\n\n\n\n<p><\/p>\n\n\n\n<p><\/p>\n\n\n\n<p><em>SAGNLANDET LEJRE ist ein kulturelles und historisches Erlebniszentrum. In der Hauptsaison vom 1. April bis 31. Oktober und an den drei Adventswochenenden im Dezember haben wir 75 000 Besucher.<\/em> <\/p>\n\n<\/div>\r\n\t\t\t\r\n\t<\/div>\r\n\r\n\r\n\r\n\t\t<\/div>\r\n<\/section>","protected":false},"excerpt":{"rendered":"","protected":false},"author":4,"featured_media":0,"parent":0,"menu_order":0,"comment_status":"closed","ping_status":"closed","template":"","meta":{"_acf_changed":false,"footnotes":""},"class_list":["post-70838","page","type-page","status-publish","hentry"],"acf":[],"yoast_head":"<!-- This site is optimized with the Yoast SEO plugin v23.5 - https:\/\/yoast.com\/wordpress\/plugins\/seo\/ -->\n<title>Feinschmecker und Geschichtsinteressierte im Cafe Hvides\u00f8hus - Sagnlandet Lejre<\/title>\n<meta name=\"robots\" content=\"index, follow, max-snippet:-1, max-image-preview:large, max-video-preview:-1\" \/>\n<link rel=\"canonical\" href=\"https:\/\/sagnlandet.dk\/de\/feinschmecker-und-geschichtsinteressierte-im-cafe-hvidesohus\/\" \/>\n<meta property=\"og:locale\" content=\"de_DE\" \/>\n<meta property=\"og:type\" content=\"article\" \/>\n<meta property=\"og:title\" content=\"Feinschmecker und Geschichtsinteressierte im Cafe Hvides\u00f8hus - Sagnlandet Lejre\" \/>\n<meta property=\"og:url\" content=\"https:\/\/sagnlandet.dk\/de\/feinschmecker-und-geschichtsinteressierte-im-cafe-hvidesohus\/\" \/>\n<meta property=\"og:site_name\" content=\"Sagnlandet Lejre\" \/>\n<meta property=\"article:modified_time\" content=\"2025-02-24T06:10:31+00:00\" \/>\n<meta name=\"twitter:card\" content=\"summary_large_image\" \/>\n<meta name=\"twitter:label1\" content=\"Gesch\u00e4tzte Lesezeit\" \/>\n\t<meta name=\"twitter:data1\" content=\"3\u00a0Minuten\" \/>\n<!-- \/ Yoast SEO plugin. -->","yoast_head_json":{"title":"Feinschmecker und Geschichtsinteressierte im Cafe Hvides\u00f8hus - Sagnlandet Lejre","robots":{"index":"index","follow":"follow","max-snippet":"max-snippet:-1","max-image-preview":"max-image-preview:large","max-video-preview":"max-video-preview:-1"},"canonical":"https:\/\/sagnlandet.dk\/de\/feinschmecker-und-geschichtsinteressierte-im-cafe-hvidesohus\/","og_locale":"de_DE","og_type":"article","og_title":"Feinschmecker und Geschichtsinteressierte im Cafe Hvides\u00f8hus - Sagnlandet Lejre","og_url":"https:\/\/sagnlandet.dk\/de\/feinschmecker-und-geschichtsinteressierte-im-cafe-hvidesohus\/","og_site_name":"Sagnlandet Lejre","article_modified_time":"2025-02-24T06:10:31+00:00","twitter_card":"summary_large_image","twitter_misc":{"Gesch\u00e4tzte Lesezeit":"3\u00a0Minuten"},"schema":{"@context":"https:\/\/schema.org","@graph":[{"@type":"WebPage","@id":"https:\/\/sagnlandet.dk\/de\/feinschmecker-und-geschichtsinteressierte-im-cafe-hvidesohus\/","url":"https:\/\/sagnlandet.dk\/de\/feinschmecker-und-geschichtsinteressierte-im-cafe-hvidesohus\/","name":"Feinschmecker und Geschichtsinteressierte im Cafe Hvides\u00f8hus - Sagnlandet Lejre","isPartOf":{"@id":"https:\/\/sagnlandet.dk\/de\/#website"},"datePublished":"2025-02-10T06:55:34+00:00","dateModified":"2025-02-24T06:10:31+00:00","breadcrumb":{"@id":"https:\/\/sagnlandet.dk\/de\/feinschmecker-und-geschichtsinteressierte-im-cafe-hvidesohus\/#breadcrumb"},"inLanguage":"de","potentialAction":[{"@type":"ReadAction","target":["https:\/\/sagnlandet.dk\/de\/feinschmecker-und-geschichtsinteressierte-im-cafe-hvidesohus\/"]}]},{"@type":"BreadcrumbList","@id":"https:\/\/sagnlandet.dk\/de\/feinschmecker-und-geschichtsinteressierte-im-cafe-hvidesohus\/#breadcrumb","itemListElement":[{"@type":"ListItem","position":1,"name":"Hjem","item":"https:\/\/sagnlandet.dk\/de\/"},{"@type":"ListItem","position":2,"name":"Feinschmecker und Geschichtsinteressierte im Cafe Hvides\u00f8hus"}]},{"@type":"WebSite","@id":"https:\/\/sagnlandet.dk\/de\/#website","url":"https:\/\/sagnlandet.dk\/de\/","name":"Sagnlandet Lejre","description":"","publisher":{"@id":"https:\/\/sagnlandet.dk\/de\/#organization"},"potentialAction":[{"@type":"SearchAction","target":{"@type":"EntryPoint","urlTemplate":"https:\/\/sagnlandet.dk\/de\/?s={search_term_string}"},"query-input":{"@type":"PropertyValueSpecification","valueRequired":true,"valueName":"search_term_string"}}],"inLanguage":"de"},{"@type":"Organization","@id":"https:\/\/sagnlandet.dk\/de\/#organization","name":"Sagnlandet Lejre","url":"https:\/\/sagnlandet.dk\/de\/","logo":{"@type":"ImageObject","inLanguage":"de","@id":"https:\/\/sagnlandet.dk\/de\/#\/schema\/logo\/image\/","url":"https:\/\/sagnlandet.dk\/de\/wp-content\/uploads\/sites\/13\/1738\/65\/logo.png","contentUrl":"https:\/\/sagnlandet.dk\/de\/wp-content\/uploads\/sites\/13\/1738\/65\/logo.png","width":398,"height":143,"caption":"Sagnlandet Lejre"},"image":{"@id":"https:\/\/sagnlandet.dk\/de\/#\/schema\/logo\/image\/"}}]}},"_links":{"self":[{"href":"https:\/\/sagnlandet.dk\/de\/wp-json\/wp\/v2\/pages\/70838"}],"collection":[{"href":"https:\/\/sagnlandet.dk\/de\/wp-json\/wp\/v2\/pages"}],"about":[{"href":"https:\/\/sagnlandet.dk\/de\/wp-json\/wp\/v2\/types\/page"}],"author":[{"embeddable":true,"href":"https:\/\/sagnlandet.dk\/de\/wp-json\/wp\/v2\/users\/4"}],"replies":[{"embeddable":true,"href":"https:\/\/sagnlandet.dk\/de\/wp-json\/wp\/v2\/comments?post=70838"}],"version-history":[{"count":1,"href":"https:\/\/sagnlandet.dk\/de\/wp-json\/wp\/v2\/pages\/70838\/revisions"}],"predecessor-version":[{"id":70839,"href":"https:\/\/sagnlandet.dk\/de\/wp-json\/wp\/v2\/pages\/70838\/revisions\/70839"}],"wp:attachment":[{"href":"https:\/\/sagnlandet.dk\/de\/wp-json\/wp\/v2\/media?parent=70838"}],"curies":[{"name":"wp","href":"https:\/\/api.w.org\/{rel}","templated":true}]}}