{"id":70222,"date":"2025-02-02T20:33:35","date_gmt":"2025-02-02T19:33:35","guid":{"rendered":"https:\/\/sagnlandet.dk\/timeloennet-formidler-i-sagnlandet-lejre\/"},"modified":"2025-02-24T07:10:34","modified_gmt":"2025-02-24T06:10:34","slug":"stuendlich-bezahlter-kommunikator-in-lejre-land-of-legends","status":"publish","type":"page","link":"https:\/\/sagnlandet.dk\/de\/stuendlich-bezahlter-kommunikator-in-lejre-land-of-legends\/","title":{"rendered":"St\u00fcndlich bezahlter Kommunikator in Lejre Land of Legends"},"content":{"rendered":"\r\n\r\n<section class=\"standout-section standout-block standout-basic alignfull rounded-bg wp-elements-7f86c25078d5321bb2c1b78532f6b0c5 side-spacing has-bg has-bg-img bg-size-cover bg-align-horizontal-center bg-align-vertical-center has-text-color\" style=\"color: #ffffff;\">\r\n\r\n\t<div class=\"standout-max-container\">\t\r\n\r\n<div class=\"standout-block-inner\">\r\n\t\t\t\r\n\t<div class=\"standout-block-background-deco\" style=\"--bg-align-vertical: center; --bg-align-horizontal: center; --bg-object-position: center center\">\r\n\t\t<img loading=\"lazy\" decoding=\"async\" width=\"1920\" height=\"773\" src=\"https:\/\/sagnlandet.dk\/de\/wp-content\/uploads\/sites\/13\/1738\/64\/beowulf-forloeb-1-6-2016-13-scaled-e1614091081283.jpg.webp\" class=\"standout-block-background-deco-element\" alt=\"\" srcset=\"https:\/\/sagnlandet.dk\/de\/wp-content\/uploads\/sites\/13\/1738\/64\/beowulf-forloeb-1-6-2016-13-scaled-e1614091081283.jpg.webp 2560w, https:\/\/sagnlandet.dk\/de\/wp-content\/uploads\/sites\/13\/1738\/64\/beowulf-forloeb-1-6-2016-13-scaled-e1614091081283.jpg-300x121.webp 300w, https:\/\/sagnlandet.dk\/de\/wp-content\/uploads\/sites\/13\/1738\/64\/beowulf-forloeb-1-6-2016-13-scaled-e1614091081283.jpg-1920x773.webp 1920w, https:\/\/sagnlandet.dk\/de\/wp-content\/uploads\/sites\/13\/1738\/64\/beowulf-forloeb-1-6-2016-13-scaled-e1614091081283.jpg-1536x618.webp 1536w, https:\/\/sagnlandet.dk\/de\/wp-content\/uploads\/sites\/13\/1738\/64\/beowulf-forloeb-1-6-2016-13-scaled-e1614091081283.jpg-2048x824.webp 2048w, https:\/\/sagnlandet.dk\/de\/wp-content\/uploads\/sites\/13\/1738\/64\/beowulf-forloeb-1-6-2016-13-scaled-e1614091081283.jpg-249x100.webp 249w, https:\/\/sagnlandet.dk\/de\/wp-content\/uploads\/sites\/13\/1738\/64\/beowulf-forloeb-1-6-2016-13-scaled-e1614091081283.jpg-1200x483.webp 1200w, https:\/\/sagnlandet.dk\/de\/wp-content\/uploads\/sites\/13\/1738\/64\/beowulf-forloeb-1-6-2016-13-scaled-e1614091081283.jpg-1320x531.webp 1320w, https:\/\/sagnlandet.dk\/de\/wp-content\/uploads\/sites\/13\/1738\/64\/beowulf-forloeb-1-6-2016-13-scaled-e1614091081283.jpg-600x241.webp 600w\" sizes=\"(max-width: 1920px) 100vw, 1920px\" \/>\t<\/div>\r\n\r\n\t\t\r\n\t\t\t\t\t\t<div class=\"acf-innerblocks-container\">\n\n<h1 class=\"wp-block-heading\">STUNDENWEISE BEZAHLTER VERMITTLER IN SAGNLANDET LEJRE<\/h1>\n\n<\/div>\r\n\t\t\t\r\n\t<\/div>\r\n\r\n\r\n\r\n\t\t<\/div>\r\n<\/section>\n\n\r\n\r\n<section class=\"standout-section standout-block standout-basic alignwide\">\r\n\r\n\t<div class=\"standout-max-container\">\t\r\n\r\n<div class=\"standout-block-inner\">\r\n\t\r\n\t\t\t\t\t\t<div class=\"acf-innerblocks-container\">\n\n<p class=\"has-h-5-font-size\"><strong>P\u00e4dagoge auf Stundenbasis in Lejre Land der Sagen<\/strong><\/p>\n\n\n\n<p>Sind Sie auf der Suche nach einem f\u00e4higkeitsf\u00f6rdernden und abwechslungsreichen Studentenjob als Vermittler von Natur- und Kulturgeschichte und Handwerk von der Steinzeit bis zur Neuzeit?<\/p>\n\n\n\n<p>Als P\u00e4dagoge in Lejre Land of Legends besteht Ihre Arbeit aus:<\/p>\n\n\n\n<p class=\"has-h-6-font-size\"><strong> kommunikation zum Leben erwecken<\/strong><\/p>\n\n\n\n<p>Unser Publikum ist vielf\u00e4ltig. Sie treffen auf normale Besucher und Familien aus dem In- und Ausland, auf Schulklassen und andere Institutionen sowie auf Tagungs- und Veranstaltungsteilnehmer. Die G\u00e4ste sind Kinder und Erwachsene, Laien und Fachleute, Einzelpersonen und Gruppen &#8211; eine wunderbare Mischung.<\/p>\n\n\n\n<p>Sie arbeiten mit lebendiger Kommunikation, oft in antiken oder historischen Kost\u00fcmen und manchmal in der Rolle einer historischen Person aus der Steinzeit, Eisenzeit, Wikingerzeit oder dem 18. Sie unterrichten Schulklassen und andere Institutionen und informieren Besucher aus D\u00e4nemark und dem Ausland \u00fcber das Lejre Land der Sagen. Sie stehen auch f\u00fcr die Bewachung von Veranstaltungen f\u00fcr Firmengruppen und Familienausfl\u00fcge zur Verf\u00fcgung. In der Praxis arbeiten wir mit Kochen am Lagerfeuer, Basteln und Aktivit\u00e4ten im Freien. Mit zunehmender Erfahrung haben Sie auch die M\u00f6glichkeit, Familien und Freiwillige anzuleiten, und als Reiseleiter und Nachtw\u00e4chter sind Sie auch f\u00fcr die Planung und Koordination zust\u00e4ndig.<\/p>\n\n\n\n<ul class=\"wp-block-list\">\n<li>Das pr\u00e4historische Gebiet besteht aus dem eisenzeitlichen Dorf Lethra mit rekonstruierten H\u00e4usern aus der Zeit 200 v. Chr. &#8211; 200 n. Chr., sowie W\u00e4lder, Felder und unser stimmungsvolles Opfermoor. Dar\u00fcber hinaus gibt es auch unsere steinzeitliche Umgebung, die den Zeitraum von der sp\u00e4ten Eisenzeit bis zur Ertebule-Periode (12.500-3.900 v. Chr.) abdeckt<\/li>\n\n\n\n<li>Der Wikingerbereich spiegelt die fr\u00fche Wikingerzeit mit Funden und Quellenmaterial aus dem 5. und 10. Der Wikingerbereich ist mit einer K\u00f6nigshalle, einem Hirtenhaus, einem Kochhaus, einem Hackhaus, einer Schmiede, einer G\u00f6tterh\u00fctte und einem gro\u00dfen Zeltbereich mit Schlafzelten und Arbeitszelten ausgestattet.<\/li>\n\n\n\n<li>Das Krikkebjerghuse l\u00e4sst das l\u00e4ndliche Leben in zwei armen Geh\u00f6ften aus dem 18. Jahrhundert im Lichte der sozialen Schichten, des Glaubens und der Geschichten des b\u00e4uerlichen Lebens lebendig werden.<\/li>\n<\/ul>\n\n\n\n<p class=\"has-h-6-font-size\"><strong>T\u00e4gliche Kommunikation<\/strong><\/p>\n\n\n\n<p>Au\u00dferhalb unserer Rolle arbeiten wir in B\u00e5ldalen, auf Buebanen, in der Arch\u00e4ologischen Werkstatt und in den historischen Werkst\u00e4tten.<\/p>\n\n\n\n<ul class=\"wp-block-list\">\n<li>B\u00e5ldalen ist ein Erholungs- und Bildungsgebiet, ein altes Versuchszentrum, in dem Kinder und Erwachsene an Aktivit\u00e4ten teilnehmen, die auf alten technischen Entwicklungen basieren.<\/li>\n\n\n\n<li>Auf dem Bogenschie\u00dfplatz lehren wir das Bogenschie\u00dfen als Jagd- und Kriegsdisziplin im Laufe der Geschichte.<\/li>\n\n\n\n<li>In der arch\u00e4ologischen Werkstatt werden praktische Aktivit\u00e4ten angeboten, die auf der Feldarch\u00e4ologie und den Arbeitsmethoden der Arch\u00e4ologen basieren.<\/li>\n\n\n\n<li>In den historischen Werkst\u00e4tten &#8211; der Kost\u00fcmwerkstatt und der T\u00f6pferei &#8211; betreuen Sie Kinderaktivit\u00e4ten wie das Flechten von B\u00e4ndern und die Herstellung von Tonobjekten.<\/li>\n<\/ul>\n\n\n\n<p>Und nicht zuletzt wird von Ihnen erwartet, dass Sie bei einer Vielzahl praktischer Aufgaben zum Nutzen der G\u00e4ste von Lejre Land of Legends und nicht zuletzt Ihrer Kollegen mithelfen.<\/p>\n\n\n\n<p class=\"has-h-6-font-size\"><strong><em> ihr <\/em>Hintergrund:<\/strong><\/p>\n\n\n\n<ul class=\"wp-block-list\">\n<li>Sie haben einen Sinn f\u00fcr guten Service und wollen unseren G\u00e4sten ein gutes Erlebnis bieten.<\/li>\n\n\n\n<li>Sie sind einladend, aufgeschlossen und kontaktfreudig.<\/li>\n\n\n\n<li>Sie k\u00f6nnen gut auf Menschen zugehen und sich auf unsere G\u00e4ste einlassen.<\/li>\n\n\n\n<li>Sie k\u00f6nnen sich schnell in neue Sachverhalte einarbeiten und diese in eine gute Kommunikation umsetzen.<\/li>\n\n\n\n<li>Vielleicht haben Sie Erfahrung mit der Kommunikation anderer Museen oder Touristenattraktionen.<\/li>\n\n\n\n<li>M\u00f6glicherweise haben Sie Erfahrung mit fachlichen Inhalten &#8211; z. B. Arch\u00e4ologie, Ethnologie oder Geschichte.<\/li>\n\n\n\n<li>Vielleicht haben Sie Erfahrung mit p\u00e4dagogischer Arbeit oder Unterricht.<\/li>\n\n\n\n<li>Sie m\u00f6chten sich als P\u00e4dagoge engagieren und durch Schulungen und kollegiales Sparring weiterentwickeln.<\/li>\n\n\n\n<li>Sie arbeiten gerne allein und in verschiedenen Gruppen.<\/li>\n\n\n\n<li>Sie sind praktisch veranlagt und wissen, wie man mit Werkzeugen umgeht.<\/li>\n\n\n\n<li>Sie haben den Wunsch und die k\u00f6rperliche Eignung, bei jedem Wetter im Freien zu arbeiten, und verf\u00fcgen \u00fcber Tierschutz.<\/li>\n\n\n\n<li>Sie haben eine Leidenschaft f\u00fcr Natur- und\/oder Kulturgeschichte und verf\u00fcgen \u00fcber entsprechende Kenntnisse<\/li>\n<\/ul>\n\n\n\n<p>Sie studieren z. B. Arch\u00e4ologie, Ethnologie, Geschichte, Natur- und Kulturvermittlung, P\u00e4dagogik, Theaterwissenschaften, Umweltwissenschaften, Forst- und Landwirtschaft, Zoologie, Sport, Handwerk oder Kunsthandwerk und Design. Was auch immer Sie studieren, wir sch\u00e4tzen Ihre pers\u00f6nlichen Qualifikationen und F\u00e4higkeiten. Sie m\u00fcssen nicht alles ankreuzen k\u00f6nnen, solange Sie den Wunsch haben, zu lernen und sich weiterzuentwickeln.<\/p>\n\n\n\n<p class=\"has-h-6-font-size\"><strong>Besch\u00e4ftigungsdauer &amp; Arbeitszeiten<\/strong><\/p>\n\n\n\n<p>Wir suchen Vermittler f\u00fcr den Zeitraum <strong>vom 1. April bis 31. Oktober 2025 + M\u00f6glichkeit f\u00fcr die 3 Adventswochenenden.<\/strong><\/p>\n\n\n\n<p>Wenn du bei Lejre Land of Legends anf\u00e4ngst zu arbeiten, erh\u00e4ltst du ein Schulungsprogramm, das die f\u00fcr deine Arbeit erforderlichen F\u00e4higkeiten entwickelt. Zus\u00e4tzlich zu den obligatorischen Schulungstagen und -stunden in den Bereichen mit erfahrenen Kollegen als Betreuer, k\u00f6nnen Sie kontinuierliche Besch\u00e4ftigungszeiten erwarten, die den Saisonzeiten von Lejre Land of Legends im Jahr 2025 entsprechen: <em>Fr\u00fchjahrssaison<\/em> (vom 1. April bis 27. Juni), <em>Hauptsaison<\/em> (Schulferien und internationale Sommersaison vom 28. Juni bis 31. August), Herbstsaison (vom 1. September bis 19. Oktober). Dar\u00fcber hinaus besteht die M\u00f6glichkeit, an den ersten drei Adventswochenenden (vom 29. November bis 14. Dezember) zu arbeiten.<\/p>\n\n\n\n<p>Es ist wichtig, dass Sie an dem Schulungsprogramm teilnehmen und uns zu Beginn Ihrer Besch\u00e4ftigung mitteilen, wie viel Sie voraussichtlich f\u00fcr den Rest der Saison 2025 arbeiten k\u00f6nnen. Geplante Urlaube und freie Tage werden daher, soweit m\u00f6glich, zu Beginn des Arbeitsverh\u00e4ltnisses vereinbart.<\/p>\n\n\n\n<p>Alle Stellen sind Studentenstellen mit einer unterschiedlichen Anzahl von Wochenarbeitsstunden in unseren verschiedenen Bereichen. Wir w\u00fcnschen uns, dass Sie ca. 1-3 Wochentage pro Woche zwischen 09:00-16:00 Uhr arbeiten k\u00f6nnen, sowie 1-2 Wochenenden im Monat zu den gleichen Zeiten. Da die Anzahl der Buchungen und G\u00e4ste jedoch schwankt, kann Lejre Land of Legends nicht im Voraus eine bestimmte Anzahl von Stunden garantieren. In der Fr\u00fchjahrssaison, an Feiertagen und in den Schulferien kann es zu \u00dcberlastungen kommen, so dass zus\u00e4tzliche \u00d6ffnungszeiten m\u00f6glich sind.<\/p>\n\n\n\n<p><strong>BITTE BEACHTEN SIE! Bitte beachten Sie, dass es sich um einen Studentenjob handelt, der mit einem <u>Studentengehalt<\/u> bezahlt wird &#8211; Stundenlohn: 146,56 DKK plus Zuschl\u00e4ge f\u00fcr Wochenende, Feiertage und Abendstunden.<\/strong><\/p>\n\n\n\n<p><strong>Ihre Bewerbung muss <u>DIGITAL <\/u>bis sp\u00e4testens Mittwoch, den 05. Februar 2025 um 23.59 Uhr an Sagnlandet Lejre gesendet werden: <\/strong><strong><u><a href=\"mailto:job@sagnlandet.dk\">job@sagnlandet.dk<\/a><\/u><\/strong><strong> mit dem Betreff &#8220;Bezahlter Vermittler auf Stundenbasis&#8221;!<\/strong><\/p>\n\n\n\n<p><strong><br>Bitte beachten Sie: Bewerbung und Lebenslauf m\u00fcssen in einem einzigen pdf-Dokument gesendet werden, dem alle anderen relevanten Dokumente beigef\u00fcgt sind.<\/strong><\/p>\n\n\n\n<p><strong>Wir werden voraussichtlich laufend Vorstellungsgespr\u00e4che f\u00fchren.<\/strong><\/p>\n\n\n\n<p>Wenn Sie Fragen haben, wenden Sie sich bitte an<\/p>\n\n\n\n<p><strong>Charlotte Frantzdatter, <\/strong>Entwicklungsmanagerin, <a href=\"mailto:cfd@sagnlandet.dk\">cfd@sagnlandet.dk,<\/a> Tel.: 46 42 49 XX<\/p>\n\n\n\n<p><strong>Tania Lousdal Boelskift, <\/strong>Leiterin der Kommunikationsabteilung, <a href=\"mailto:tlb@sagnlandet.dk\">tlb@sagnlandet.dk,<\/a> Tel.: 53550443<\/p>\n\n\n\n<p><strong>Lotte Rask<\/strong>, Bereichsleiterin Landwirtschaft, <a href=\"mailto:lra@sagnlandet.dk\">lra@sagnlandet.dk,<\/a> Tel.: 46 42 49 54<\/p>\n\n\n\n<p><strong>Laurent Mazet<\/strong>, Bereichsleiter Antike, <a href=\"mailto:lma@sagnlandet.dk\">lma@sagnlandet.dk,<\/a> Tel. +45 46 42 49 47 47<\/p>\n\n\n\n<p><strong>Peter Roland Christensen<\/strong>, Gebietsleiter Wikinger, <a href=\"mailto:prc@sagnlandet.dk\">prc@sagnlandet.dk,<\/a> Tel. +45 46 42 49 50<\/p>\n\n\n\n<p><strong>Natascha St\u00f8vhase<\/strong>, Gebietsleiterin Bonfire Valley, <a href=\"mailto:nis@sagnlandet.dk\">nis@sagnlandet.dk,<\/a> Tel. +45 46 42 49 49 56<\/p>\n\n\n\n<p>Wir freuen uns darauf, Ihre Bewerbung zu lesen!<\/p>\n\n\n\n<p><em>Das Einstellungsteam von Lejre Land of Legends<\/em><\/p>\n\n<\/div>\r\n\t\t\t\r\n\t<\/div>\r\n\r\n\r\n\r\n\t\t<\/div>\r\n<\/section>","protected":false},"excerpt":{"rendered":"","protected":false},"author":4,"featured_media":71054,"parent":0,"menu_order":0,"comment_status":"open","ping_status":"open","template":"","meta":{"_acf_changed":false,"footnotes":""},"class_list":["post-70222","page","type-page","status-publish","has-post-thumbnail","hentry"],"acf":[],"yoast_head":"<!-- This site is optimized with the Yoast SEO plugin v23.5 - https:\/\/yoast.com\/wordpress\/plugins\/seo\/ -->\n<title>St\u00fcndlich bezahlter Kommunikator in Lejre Land of Legends - Sagnlandet Lejre<\/title>\n<meta name=\"robots\" content=\"index, follow, max-snippet:-1, max-image-preview:large, max-video-preview:-1\" \/>\n<link rel=\"canonical\" href=\"https:\/\/sagnlandet.dk\/de\/hourly-paid-communicator-in-lejre-land-of-legends\/\" \/>\n<meta property=\"og:locale\" content=\"de_DE\" \/>\n<meta property=\"og:type\" content=\"article\" \/>\n<meta property=\"og:title\" content=\"St\u00fcndlich bezahlter Kommunikator in Lejre Land of Legends - Sagnlandet Lejre\" \/>\n<meta property=\"og:url\" content=\"https:\/\/sagnlandet.dk\/de\/hourly-paid-communicator-in-lejre-land-of-legends\/\" \/>\n<meta property=\"og:site_name\" content=\"Sagnlandet Lejre\" \/>\n<meta property=\"article:modified_time\" content=\"2025-02-24T06:10:34+00:00\" \/>\n<meta property=\"og:image\" content=\"https:\/\/sagnlandet.dk\/de\/wp-content\/uploads\/sites\/13\/2025\/02\/sagnlandet-juli-2020-05-scaled-1-e1738528931250-1-1.jpg\" \/>\n\t<meta property=\"og:image:width\" content=\"1416\" \/>\n\t<meta property=\"og:image:height\" content=\"1105\" \/>\n\t<meta property=\"og:image:type\" content=\"image\/jpeg\" \/>\n<meta name=\"twitter:card\" content=\"summary_large_image\" \/>\n<meta name=\"twitter:label1\" content=\"Gesch\u00e4tzte Lesezeit\" \/>\n\t<meta name=\"twitter:data1\" content=\"6\u00a0Minuten\" \/>\n<!-- \/ Yoast SEO plugin. -->","yoast_head_json":{"title":"St\u00fcndlich bezahlter Kommunikator in Lejre Land of Legends - Sagnlandet Lejre","robots":{"index":"index","follow":"follow","max-snippet":"max-snippet:-1","max-image-preview":"max-image-preview:large","max-video-preview":"max-video-preview:-1"},"canonical":"https:\/\/sagnlandet.dk\/de\/hourly-paid-communicator-in-lejre-land-of-legends\/","og_locale":"de_DE","og_type":"article","og_title":"St\u00fcndlich bezahlter Kommunikator in Lejre Land of Legends - Sagnlandet Lejre","og_url":"https:\/\/sagnlandet.dk\/de\/hourly-paid-communicator-in-lejre-land-of-legends\/","og_site_name":"Sagnlandet Lejre","article_modified_time":"2025-02-24T06:10:34+00:00","og_image":[{"width":1416,"height":1105,"url":"https:\/\/sagnlandet.dk\/de\/wp-content\/uploads\/sites\/13\/2025\/02\/sagnlandet-juli-2020-05-scaled-1-e1738528931250-1-1.jpg","type":"image\/jpeg"}],"twitter_card":"summary_large_image","twitter_misc":{"Gesch\u00e4tzte Lesezeit":"6\u00a0Minuten"},"schema":{"@context":"https:\/\/schema.org","@graph":[{"@type":"WebPage","@id":"https:\/\/sagnlandet.dk\/de\/hourly-paid-communicator-in-lejre-land-of-legends\/","url":"https:\/\/sagnlandet.dk\/de\/hourly-paid-communicator-in-lejre-land-of-legends\/","name":"St\u00fcndlich bezahlter Kommunikator in Lejre Land of Legends - Sagnlandet Lejre","isPartOf":{"@id":"https:\/\/sagnlandet.dk\/de\/#website"},"primaryImageOfPage":{"@id":"https:\/\/sagnlandet.dk\/de\/hourly-paid-communicator-in-lejre-land-of-legends\/#primaryimage"},"image":{"@id":"https:\/\/sagnlandet.dk\/de\/hourly-paid-communicator-in-lejre-land-of-legends\/#primaryimage"},"thumbnailUrl":"https:\/\/sagnlandet.dk\/de\/wp-content\/uploads\/sites\/13\/2025\/02\/sagnlandet-juli-2020-05-scaled-1-e1738528931250-1-1-1.jpg","datePublished":"2025-02-02T19:33:35+00:00","dateModified":"2025-02-24T06:10:34+00:00","breadcrumb":{"@id":"https:\/\/sagnlandet.dk\/de\/hourly-paid-communicator-in-lejre-land-of-legends\/#breadcrumb"},"inLanguage":"de","potentialAction":[{"@type":"ReadAction","target":["https:\/\/sagnlandet.dk\/de\/hourly-paid-communicator-in-lejre-land-of-legends\/"]}]},{"@type":"ImageObject","inLanguage":"de","@id":"https:\/\/sagnlandet.dk\/de\/hourly-paid-communicator-in-lejre-land-of-legends\/#primaryimage","url":"https:\/\/sagnlandet.dk\/de\/wp-content\/uploads\/sites\/13\/2025\/02\/sagnlandet-juli-2020-05-scaled-1-e1738528931250-1-1-1.jpg","contentUrl":"https:\/\/sagnlandet.dk\/de\/wp-content\/uploads\/sites\/13\/2025\/02\/sagnlandet-juli-2020-05-scaled-1-e1738528931250-1-1-1.jpg","width":1416,"height":1105},{"@type":"BreadcrumbList","@id":"https:\/\/sagnlandet.dk\/de\/hourly-paid-communicator-in-lejre-land-of-legends\/#breadcrumb","itemListElement":[{"@type":"ListItem","position":1,"name":"Hjem","item":"https:\/\/sagnlandet.dk\/de\/"},{"@type":"ListItem","position":2,"name":"Hourly paid communicator in Lejre Land of Legends"}]},{"@type":"WebSite","@id":"https:\/\/sagnlandet.dk\/de\/#website","url":"https:\/\/sagnlandet.dk\/de\/","name":"Sagnlandet Lejre","description":"","publisher":{"@id":"https:\/\/sagnlandet.dk\/de\/#organization"},"potentialAction":[{"@type":"SearchAction","target":{"@type":"EntryPoint","urlTemplate":"https:\/\/sagnlandet.dk\/de\/?s={search_term_string}"},"query-input":{"@type":"PropertyValueSpecification","valueRequired":true,"valueName":"search_term_string"}}],"inLanguage":"de"},{"@type":"Organization","@id":"https:\/\/sagnlandet.dk\/de\/#organization","name":"Sagnlandet Lejre","url":"https:\/\/sagnlandet.dk\/de\/","logo":{"@type":"ImageObject","inLanguage":"de","@id":"https:\/\/sagnlandet.dk\/de\/#\/schema\/logo\/image\/","url":"https:\/\/sagnlandet.dk\/de\/wp-content\/uploads\/sites\/13\/1738\/65\/logo.png","contentUrl":"https:\/\/sagnlandet.dk\/de\/wp-content\/uploads\/sites\/13\/1738\/65\/logo.png","width":398,"height":143,"caption":"Sagnlandet Lejre"},"image":{"@id":"https:\/\/sagnlandet.dk\/de\/#\/schema\/logo\/image\/"}}]}},"_links":{"self":[{"href":"https:\/\/sagnlandet.dk\/de\/wp-json\/wp\/v2\/pages\/70222"}],"collection":[{"href":"https:\/\/sagnlandet.dk\/de\/wp-json\/wp\/v2\/pages"}],"about":[{"href":"https:\/\/sagnlandet.dk\/de\/wp-json\/wp\/v2\/types\/page"}],"author":[{"embeddable":true,"href":"https:\/\/sagnlandet.dk\/de\/wp-json\/wp\/v2\/users\/4"}],"replies":[{"embeddable":true,"href":"https:\/\/sagnlandet.dk\/de\/wp-json\/wp\/v2\/comments?post=70222"}],"version-history":[{"count":2,"href":"https:\/\/sagnlandet.dk\/de\/wp-json\/wp\/v2\/pages\/70222\/revisions"}],"predecessor-version":[{"id":71548,"href":"https:\/\/sagnlandet.dk\/de\/wp-json\/wp\/v2\/pages\/70222\/revisions\/71548"}],"wp:featuredmedia":[{"embeddable":true,"href":"https:\/\/sagnlandet.dk\/de\/wp-json\/wp\/v2\/media\/71054"}],"wp:attachment":[{"href":"https:\/\/sagnlandet.dk\/de\/wp-json\/wp\/v2\/media?parent=70222"}],"curies":[{"name":"wp","href":"https:\/\/api.w.org\/{rel}","templated":true}]}}