{"id":70197,"date":"2024-11-12T13:33:15","date_gmt":"2024-11-12T12:33:15","guid":{"rendered":"https:\/\/sagnlandet.dk\/organisation-og-vpac\/"},"modified":"2025-02-24T07:10:46","modified_gmt":"2025-02-24T06:10:46","slug":"organisation-und-vpac","status":"publish","type":"page","link":"https:\/\/sagnlandet.dk\/de\/organisation-und-vpac\/","title":{"rendered":"Organisation und VPAC"},"content":{"rendered":"\r\n\r\n<section class=\"standout-section standout-block standout-basic alignfull rounded-bg wp-elements-0e9efa9b320bb643450c264324666f8a hero-section side-spacing has-bg has-bg-img bg-size-cover bg-align-horizontal-center bg-align-vertical-center has-text-color\" style=\"color: #ffffff;\">\r\n\r\n\t<div class=\"standout-max-container\">\t\r\n\r\n<div class=\"standout-block-inner\">\r\n\t\t\t\r\n\t<div class=\"standout-block-background-deco\" style=\"--bg-align-vertical: center; --bg-align-horizontal: center; --bg-object-position: center center\">\r\n\t\t<img loading=\"lazy\" decoding=\"async\" width=\"1920\" height=\"564\" src=\"https:\/\/sagnlandet.dk\/de\/wp-content\/uploads\/sites\/13\/2020\/01\/websiteheader.jpg\" class=\"standout-block-background-deco-element\" alt=\"\" srcset=\"https:\/\/sagnlandet.dk\/de\/wp-content\/uploads\/sites\/13\/2020\/01\/websiteheader.jpg 2480w, https:\/\/sagnlandet.dk\/de\/wp-content\/uploads\/sites\/13\/2020\/01\/websiteheader-300x88.jpg 300w, https:\/\/sagnlandet.dk\/de\/wp-content\/uploads\/sites\/13\/2020\/01\/websiteheader-1920x564.jpg 1920w, https:\/\/sagnlandet.dk\/de\/wp-content\/uploads\/sites\/13\/2020\/01\/websiteheader-600x176.jpg 600w\" sizes=\"(max-width: 1920px) 100vw, 1920px\" \/>\t<\/div>\r\n\r\n\t\t\r\n\t\t\t\t\t\t<div class=\"acf-innerblocks-container\">\n\n<h1 class=\"wp-block-heading\">Organisation und VPAC<\/h1>\n\n\n\n<p class=\"has-h-6-font-size\">Lesen Sie mehr \u00fcber unsere Organisation.<\/p>\n\n<\/div>\r\n\t\t\t\r\n\t\t\t<div class=\"standout-hero-information\"><div class=\"standout-hero-information-inner\">Das Programm des Tages finden Sie <a href=\"https:\/\/sagnlandet.dk\/de\/tagesprogramm\/\">hier <span height=\"1em\" class=\"standout-custom-svg custom-svg\"><?xml version=\"1.0\" encoding=\"UTF-8\"?><svg height=\"1em\" id=\"a\" xmlns=\"http:\/\/www.w3.org\/2000\/svg\" viewBox=\"0 0 16.28 22.02\"><path d=\"M5.4,18.67h-.24c-.77.76-1.5,1.5-2.28,2.28v.35h-.36c-.24.26-.45.47-.68.71H.74c0-.15-.01-.28-.02-.37-.24-.23-.45-.43-.7-.66v-.34c.08-.05.15-.1.23-.15-.06-.05-.14-.09-.19-.15-.03-.04-.06-.13-.04-.15.13-.13.28-.24.46-.39,0-.08,0-.22.01-.29.52-.52,1.01-1,1.49-1.49-.01-.02-.02-.03-.04-.05.14,0,.27-.01.35-.02.32-.33.61-.62.94-.95h.35c0-.15.02-.3.02-.37.2-.2.37-.37.58-.58h.26c.48-.49.93-.94,1.42-1.44h.35v-.38c.13-.11.22-.2.31-.28,0-.02-.02-.04-.03-.06h.34c.41-.42.77-.79,1.18-1.2h.25c.57-.57,1.1-1.11,1.66-1.68h.25c.2-.19.37-.33.52-.49.04-.04.09-.16.07-.18-.12-.11-.26-.19-.38-.3-.12-.11-.22-.23-.33-.35-.11-.12-.21-.24-.32-.36-.07-.07-.15-.13-.29-.24h-.25c-.31-.33-.6-.62-.92-.96h-.3c-.15-.17-.26-.3-.41-.48h-.31c-.15-.17-.26-.3-.41-.48h-.28c-.41-.42-.77-.79-1.18-1.2h-.27c-.31-.33-.6-.62-.92-.96h-.29c-.23-.25-.44-.47-.68-.72h-.29c-.14-.17-.26-.31-.4-.48h-.31c-.14-.17-.26-.31-.41-.48h-.28c-.29-.29-.53-.54-.83-.84v-.26c-.26-.24-.47-.44-.71-.67.1-.18-.21-.52.23-.68v-.31c.22-.22.38-.38.59-.59h1.02c.14.16.25.29.4.47h.36c.02.09.04.16.06.24h.35c.23.25.44.46.68.72h.29c.15.17.26.3.42.48h.27c.33.33.61.62.94.96.06,0,.19,0,.3.02.14.16.26.3.4.47h.29c.32.33.61.62.94.96h.28c.14.17.26.31.4.48h.37c0,.36.29.21.41.24.24.26.44.47.68.72h.34c.07.11,0,.36.28.23v.48c.15,0,.29.01.38.02.31.32.59.62.91.95h.28c.23.25.44.47.68.72h.3c.14-.16.26-.3.4-.47h1.33c0-.37.27-.21.47-.25.02-.06.05-.14.07-.22h.58c.19.2.36.37.57.58v.58c-.07.01-.14.03-.2.04-.1.17.13.48-.26.48v.33c-.2.21-.34.36-.49.51-.1.11-.2.23-.31.33-.12.1-.26.18-.39.29-.03.02-.03.12-.01.14.14.12.29.24.46.38v.36c.08.03.16.06.25.08v.65c.08.02.15.04.23.06v.42c-.07.02-.14.05-.23.07v.43h-.38c-.11.12-.17.18-.23.25-.05-.07-.11-.13-.19-.23h-.55c-.15-.17-.26-.3-.41-.48h-.32c-.26-.48-.68-.1-.93-.25-.24.25-.44.46-.68.72-.07,0-.2,0-.37.02v.37c-.13.11-.22.19-.31.27,0,.02.02.04.03.06h-.33c-.66.66-1.26,1.27-1.91,1.92h-.25c-.81.81-1.57,1.58-2.39,2.4h-.35c0,.15-.02.29-.02.39-.11.11-.2.19-.35.33Z\"\/><\/svg><\/span><\/a><\/div><div class=\"standout-hero-rowing-animation\"><img decoding=\"async\" class=\"animation\" src=\"https:\/\/sagnlandet.dk\/de\/wp-content\/themes\/s-child\/images\/rowing.png\"><\/div><\/div>\t<\/div>\r\n\r\n\r\n\r\n\t\t<\/div>\r\n<\/section>\n\n\r\n\r\n<section class=\"standout-section standout-block standout-columns alignwide column-gap-s\" style=\"--columns: 3; --column-span: 1; --element-alignment: flex-start;\" data-columns=\"3\">\r\n\r\n\t<div class=\"standout-max-container\">\t\r\n\r\n<div class=\"standout-block-inner\">\r\n\t\t\t<div class=\"acf-innerblocks-container\">\n\r\n\r\n<section class=\"standout-block standout-column-element rounded-bg border-bg\" style=\"--column-span: 2; --row-span: 2;\" data-grid-span=\"2\" data-row-span=\"2\">\r\n\r\n\t<div class=\"standout-max-container\">\t\r\n\r\n<div class=\"standout-block-inner\">\r\n\t\t\r\n\t\t\t<div class=\"acf-innerblocks-container\">\n\n<h3 class=\"wp-block-heading\">Leitungsteam<\/h3>\n\n\n\n<h4 class=\"wp-block-heading\"><strong><u>Lars Holten<\/u><\/strong><br>Gesch\u00e4ftsf\u00fchrender Direktor<\/h4>\n\n\n\n<h6 class=\"wp-block-heading\"><strong><u>Charlotte Hjorth Frantzdatter<\/u><\/strong><br>Assistentin der Gesch\u00e4ftsf\u00fchrung<\/h6>\n\n\n\n<h4 class=\"wp-block-heading\">Abteilungs- und Bereichsleiter<\/h4>\n\n\n\n<hr class=\"wp-block-separator has-alpha-channel-opacity\"\/>\n\n\n\n<h6 class=\"wp-block-heading\"><strong><u>Lone Knudtzen<\/u><\/strong><br>Leiterin Finanzen und Verwaltung<\/h6>\n\n\n\n<p><em>Personal f\u00fcr Buchhaltung und Verwaltung<\/em><\/p>\n\n\n\n<hr class=\"wp-block-separator has-alpha-channel-opacity\"\/>\n\n\n\n<h6 class=\"wp-block-heading\"><strong><u>Tania Lousdal Jensen<\/u><\/strong><br>Leiterin Kommunikation und Vertrieb<\/h6>\n\n\n\n<p><strong>Vertriebsleiter<\/strong><\/p>\n\n\n\n<p><em>Nikki Jeffries<\/em><br>Filialleiter<\/p>\n\n\n\n<p><em>Jette Aagaard Andersen<\/em><br>Cafe<\/p>\n\n\n\n<p><strong>Saisonale Mitarbeiter<\/strong><\/p>\n\n\n\n<p><em>Verkaufspersonal Laden, saisonal<\/em><\/p>\n\n\n\n<p><em>Verkaufspersonal Cafe, saisonal<\/em><\/p>\n\n\n\n<hr class=\"wp-block-separator has-alpha-channel-opacity\"\/>\n\n\n\n<h6 class=\"wp-block-heading\"><strong><u>Charlotte Hjorth Frantzdatter<\/u><\/strong><br>Leiterin Entwicklung<\/h6>\n\n\n\n<hr class=\"wp-block-separator has-alpha-channel-opacity\"\/>\n\n\n\n<h6 class=\"wp-block-heading\"><strong><u>Lasse Stockholm Nielsen<\/u><\/strong><br>Audience Manager<\/h6>\n\n\n\n<p><strong>Gebietsleiter<\/strong><\/p>\n\n\n\n<p><em>Laurent Mazet<\/em><br>Bereichsleiter Antike<\/p>\n\n\n\n<p><em>Peter Roland Christensen<\/em><br>Bereichsleiter Wikingerzeit<\/p>\n\n\n\n<p><em>Lotte Rask<\/em><br>Gebietsmanagerin L\u00e4ndlicher Raum<\/p>\n\n\n\n<p><em>Natascha Ingemann St\u00f8vhase<\/em><br>Gebietsleiter B\u00e5ldalen<\/p>\n\n\n\n<p><strong>Werkstattleiter<\/strong><\/p>\n\n\n\n<p><em>Inger Heeb\u00f8ll<\/em><br>Werkstattleiter T\u00f6pferei<\/p>\n\n\n\n<p><em>Ida Demant<\/em><br>Werkstattleiterin Kost\u00fcmwerkstatt<\/p>\n\n\n\n<p><strong>Saisonarbeitskr\u00e4fte<\/strong><\/p>\n\n\n\n<p><em>Vermittler, Stunden- und Monatslohn<\/em><\/p>\n\n\n\n<hr class=\"wp-block-separator has-alpha-channel-opacity\"\/>\n\n\n\n<h6 class=\"wp-block-heading\"><strong><u>Stig Poul Claussen<\/u><\/strong><br>Betriebsleiter<\/h6>\n\n\n\n<p><em>Betriebspersonal<\/em><\/p>\n\n<\/div>\r\n\t<\/div>\r\n\r\n\r\n\r\n\t\t<\/div>\r\n<\/section>\n\n\r\n\r\n<section class=\"standout-block standout-column-element rounded-bg has-bg has-bg-color\" style=\"background-color: var(--wp--preset--color--color-istid); --row-span: 2;\" data-row-span=\"2\">\r\n\r\n\t<div class=\"standout-max-container\">\t\r\n\r\n<div class=\"standout-block-inner\">\r\n\t\t\r\n\t\t\t<div class=\"acf-innerblocks-container\">\n\n<h4 class=\"wp-block-heading has-color-gul-color has-text-color has-link-color wp-elements-7cdb21504877f32dab95612bc134a4da\">DIREKTORIUM<\/h4>\n\n\n\n<p><strong>Kristian Kristiansen<\/strong><br>Professor an der Universit\u00e4t G\u00f6teborg, Dr. Phil.<br><em>Vorsitzender, Mitglied des Exekutivausschusses<\/em><\/p>\n\n\n\n<p><strong>Flemming Damgaard Larsen<\/strong><br>Rechtsanwalt, Parlamentsabgeordneter<br><em>Stellvertretender Vorsitzender und Mitglied des Exekutivausschusses<\/em><\/p>\n\n\n\n<p><strong>Peter Skak-Iversen<\/strong><br>Ehemaliger Vorstandsvorsitzender, DONG ENERGY A\/S<br><em>Vorstandsmitglied und Mitglied des Exekutivausschusses<\/em><\/p>\n\n\n\n<p><strong>Dorte Kiilerich<\/strong><br>Eigent\u00fcmerin und Direktorin, Living Concepts APS<br><strong>Mitglied des Board of Directors<\/strong><\/p>\n\n\n\n<p><strong>Asger H\u00f8eg<\/strong><br>Ehemaliger Direktor von Experimentarium<br><em>Mitglied des Verwaltungsrats<\/em><\/p>\n\n\n\n<p><strong>Morten Meldg\u00e5rd<\/strong><br>Professor, Naturhistorisches Museum von D\u00e4nemark<br><em>Mitglied im Vorstand<\/em><\/p>\n\n\n\n<p><strong>Tina Mandrup<\/strong><br>B\u00fcrgermeisterin der Kommune Lejre<br><em>Mitglied des Verwaltungsrats<\/em><\/p>\n\n\n\n<p><strong>Mogens Jensen<\/strong><br>Ehemaliger Minister f\u00fcr Ern\u00e4hrung und Mitglied des Parlaments<br><em>Mitglied des Verwaltungsrats<\/em><\/p>\n\n\n\n<p><strong>S\u00f8ren Sindb\u00e6k<\/strong><br>Professor, Universit\u00e4t Aarhus<br><em>Mitglied im Vorstand<\/em><\/p>\n\n\n\n<p><strong>John Munro<\/strong><br>Landeigent\u00fcmer Ledreborg<br><em>Beobachter<\/em><\/p>\n\n\n\n<h4 class=\"wp-block-heading has-color-gul-color has-text-color has-link-color wp-elements-e8ae4cd86a8a0f35f61064d38702cca9\">SCH\u00dcTZER<\/h4>\n\n\n\n<p><strong>Ihre Majest\u00e4t K\u00f6nigin Margrethe II<\/strong><\/p>\n\n<\/div>\r\n\t<\/div>\r\n\r\n\r\n\r\n\t\t<\/div>\r\n<\/section>\n<\/div>\r\n\t<\/div>\r\n\r\n\r\n\r\n\t\t<\/div>\r\n<\/section>\n\n\r\n\r\n<section class=\"standout-section standout-block standout-basic alignwide\">\r\n\r\n\t<div class=\"standout-max-container\">\t\r\n\r\n<div class=\"standout-block-inner\">\r\n\t\r\n\t\t\t\t\t\t<div class=\"acf-innerblocks-container\">\n\n<hr class=\"wp-block-separator has-alpha-channel-opacity\"\/>\n\n<\/div>\r\n\t\t\t\r\n\t<\/div>\r\n\r\n\r\n\r\n\t\t<\/div>\r\n<\/section>\n\n\r\n\r\n<section class=\"standout-section standout-block standout-columns alignwide\" style=\"--columns: 3; --column-span: 1; --element-alignment: flex-start;\" data-columns=\"3\">\r\n\r\n\t<div class=\"standout-max-container\">\t\r\n\r\n<div class=\"standout-block-inner\">\r\n\t\t\t<div class=\"acf-innerblocks-container\">\n\r\n\r\n<section class=\"standout-block standout-column-element\">\r\n\r\n\t<div class=\"standout-max-container\">\t\r\n\r\n<div class=\"standout-block-inner\">\r\n\t\t\r\n\t\t\t<div class=\"acf-innerblocks-container\">\n\n<figure class=\"wp-block-image size-full\"><img decoding=\"async\" src=\"https:\/\/sagnlandet.dk\/wp-content\/uploads\/2025\/02\/vpac-2.png\" alt=\"\" class=\"wp-image-2309\"\/><\/figure>\n\n<\/div>\r\n\t<\/div>\r\n\r\n\r\n\r\n\t\t<\/div>\r\n<\/section>\n\n\r\n\r\n<section class=\"standout-block standout-column-element\" style=\"--column-span: 2;\" data-grid-span=\"2\">\r\n\r\n\t<div class=\"standout-max-container\">\t\r\n\r\n<div class=\"standout-block-inner\">\r\n\t\t\r\n\t\t\t<div class=\"acf-innerblocks-container\">\n\n<h3 class=\"wp-block-heading\">Lejre Land of Legends &#8211; Wissen durch Erfahrung<\/h3>\n\n\n\n<h4 class=\"wp-block-heading\">Lejre Land of Legends ist ein wissensp\u00e4dagogisches Aktivit\u00e4tszentrum<\/h4>\n\n\n\n<p>Wissensp\u00e4dagogische Aktivit\u00e4tszentren &#8211; VPACs &#8211; sind staatlich gef\u00f6rderte Erlebniszentren, die durch lehrreiche, praktische und herausfordernde Aktivit\u00e4ten f\u00fcr alle Sinne Kindern und Erwachsenen Wissen und Einblicke in Natur, Geschichte und Wissenschaft vermitteln wollen.<\/p>\n\n\n\n<p>Die VPACs schlagen eine Br\u00fccke zwischen Forschung, Bildung und den jungen und alten Menschen in der d\u00e4nischen Gesellschaft.<\/p>\n\n\n\n<h4 class=\"wp-block-heading\">Lernen durch aktive Teilnahme<\/h4>\n\n\n\n<p>Die Zentren f\u00fcr Wissensbildung bieten ein breites Spektrum an Bildungsaktivit\u00e4ten von internationalem Standard. Die Aktivit\u00e4ten beruhen auf der aktiven Beteiligung von Kindern und Erwachsenen &#8211; und auf den neuesten Kommunikationstechniken. Das macht Bildung dynamisch, zukunftsorientiert und spannend!<\/p>\n\n\n\n<h4 class=\"wp-block-heading\">Neue Wege des Lernens &#8211; in enger Zusammenarbeit mit dem Bildungssektor<\/h4>\n\n\n\n<p>Einige der Aktivit\u00e4ten sind auf den Unterricht in Grund- und Sekundarschulen ausgerichtet. Der Unterricht findet in einem informellen Lernumfeld statt &#8211; in enger Zusammenarbeit mit dem Bildungssektor.<\/p>\n\n<\/div>\r\n\t<\/div>\r\n\r\n\r\n\r\n\t\t<\/div>\r\n<\/section>\n<\/div>\r\n\t<\/div>\r\n\r\n\r\n\r\n\t\t<\/div>\r\n<\/section>\n\n\r\n\r\n<section class=\"standout-section standout-block standout-basic alignwide\">\r\n\r\n\t<div class=\"standout-max-container\">\t\r\n\r\n<div class=\"standout-block-inner\">\r\n\t\r\n\t\t\t\t\t\t<div class=\"acf-innerblocks-container\">\n\n<hr class=\"wp-block-separator has-alpha-channel-opacity\"\/>\n\n<\/div>\r\n\t\t\t\r\n\t<\/div>\r\n\r\n\r\n\r\n\t\t<\/div>\r\n<\/section>\n\n\r\n\r\n<section class=\"standout-section standout-block standout-columns alignwide\" style=\"--columns: 4; --column-span: 1; --element-alignment: flex-start;\" data-columns=\"4\">\r\n\r\n\t<div class=\"standout-max-container\">\t\r\n\r\n<div class=\"standout-block-inner\">\r\n\t\t\t<div class=\"acf-innerblocks-container\">\n\r\n\r\n<section class=\"standout-block standout-column-element\">\r\n\r\n\t<div class=\"standout-max-container\">\t\r\n\r\n<div class=\"standout-block-inner\">\r\n\t\t\r\n\t\t\t<div class=\"acf-innerblocks-container\">\n\n<figure class=\"wp-block-image size-full\"><img decoding=\"async\" src=\"https:\/\/sagnlandet.dk\/wp-content\/uploads\/2025\/02\/stenalder-02-600x628-1.jpg\" alt=\"\" class=\"wp-image-2108\"\/><\/figure>\n\n<\/div>\r\n\t<\/div>\r\n\r\n\r\n\r\n\t\t<\/div>\r\n<\/section>\n\n\r\n\r\n<section class=\"standout-block standout-column-element\">\r\n\r\n\t<div class=\"standout-max-container\">\t\r\n\r\n<div class=\"standout-block-inner\">\r\n\t\t\r\n\t\t\t<div class=\"acf-innerblocks-container\">\n\n<p><strong>Vielen Dank f\u00fcr Ihr Kommen!<\/strong><br>Lejre Land of Legends ist eine gemeinn\u00fctzige Organisation, die \u00fcber unsere gemeinsame Vergangenheit kommuniziert, forscht und lehrt. Ein Teil des Betriebs wird durch Zusch\u00fcsse des Bildungsministeriums und der Gemeinde Lejre finanziert, aber der gr\u00f6\u00dfte Teil sind die Einnahmen aus Ihren Eintrittskarten, so dass Sie als Gast daf\u00fcr sorgen, dass Lejre Land of Legends auch im n\u00e4chsten Jahr seine T\u00fcren f\u00fcr au\u00dfergew\u00f6hnliche Familienerlebnisse \u00f6ffnen kann.<\/p>\n\n<\/div>\r\n\t<\/div>\r\n\r\n\r\n\r\n\t\t<\/div>\r\n<\/section>\n\n\r\n\r\n<section class=\"standout-block standout-column-element\">\r\n\r\n\t<div class=\"standout-max-container\">\t\r\n\r\n<div class=\"standout-block-inner\">\r\n\t\t\r\n\t\t\t<div class=\"acf-innerblocks-container\">\n\n<p><strong>Tierhaltung, Produktion und \u00d6kologie<\/strong><br>Lejre Land of Legends ist ein anerkannter Besucherbauernhof, der Tierhaltung als \u00f6kologische landwirtschaftliche Produktion betreibt.<\/p>\n\n\n\n<p>Lejre Land of Legends verkauft seine Tiere an Restaurants und Produzenten, die das Fleisch unserer historischen Tierrassen zu verschiedenen Produkten, wie z. B. Wurst, verarbeiten. Das Fleisch von Lejre Land of Legends steht auch auf dem Speiseplan unserer Lagerschulen und Familien aus der Vergangenheit, und Tagesbesucher k\u00f6nnen im historischen Caf\u00e9 Hvides\u00f8hus von Lejre Land of Legends Gerichte kaufen, die Fleisch aus eigener Produktion enthalten.<\/p>\n\n<\/div>\r\n\t<\/div>\r\n\r\n\r\n\r\n\t\t<\/div>\r\n<\/section>\n\n\r\n\r\n<section class=\"standout-block standout-column-element\">\r\n\r\n\t<div class=\"standout-max-container\">\t\r\n\r\n<div class=\"standout-block-inner\">\r\n\t\t\r\n\t\t\t<div class=\"acf-innerblocks-container\">\n\n<p><strong>Jahresberichte<\/strong><\/p>\n\n\n\n<p>Wenn Sie weiter klicken, gelangen Sie zu den Jahresberichten seit 2010.<\/p>\n\n\n\n<div class=\"wp-block-buttons is-layout-flex wp-block-buttons-is-layout-flex\">\n<div class=\"wp-block-button\"><a class=\"wp-block-button__link has-color-gul-background-color has-background wp-element-button\" href=\"https:\/\/sagnlandet.dk\/en\/aarsberetninger\/\">Alle Jahresberichte von Lejre Land of Legends finden Sie hier<\/a><\/div>\n<\/div>\n\n<\/div>\r\n\t<\/div>\r\n\r\n\r\n\r\n\t\t<\/div>\r\n<\/section>\n<\/div>\r\n\t<\/div>\r\n\r\n\r\n\r\n\t\t<\/div>\r\n<\/section>\n\n\r\n\r\n<section class=\"standout-section standout-block standout-basic alignwide\">\r\n\r\n\t<div class=\"standout-max-container\">\t\r\n\r\n<div class=\"standout-block-inner\">\r\n\t\r\n\t\t\t\t\t\t<div class=\"acf-innerblocks-container\">\n\n<hr class=\"wp-block-separator has-alpha-channel-opacity\"\/>\n\n<\/div>\r\n\t\t\t\r\n\t<\/div>\r\n\r\n\r\n\r\n\t\t<\/div>\r\n<\/section>\n\n\r\n\r\n<section class=\"standout-section standout-block standout-basic alignwide\">\r\n\r\n\t<div class=\"standout-max-container\">\t\r\n\r\n<div class=\"standout-block-inner\">\r\n\t\r\n\t\t\t\t\t\t<div class=\"acf-innerblocks-container\">\n\n<p>Die Aktivit\u00e4ten<strong>von LEJRE<\/strong> sind Teil eines Zyklus, der aus drei Kernbereichen besteht: <em>Forschung, Verbreitung und Bildung<\/em>. In diesem Zyklus liefert die Forschung neues Wissen, das in der Unterrichtssituation mit Sch\u00fclern und in der Kommunikation in der t\u00e4glichen Begegnung mit den G\u00e4sten vermittelt wird<\/p>\n\n\n\n<p>Die forschungsbasierte Kommunikation<strong>von SAGNLANDET LEJRE<\/strong> vermittelt Sch\u00fclern und der \u00d6ffentlichkeit Verst\u00e4ndnis und Einsicht, wenn wir neues Wissen aus der Welt der Forschung in greifbare Erfahrungen und Aktivit\u00e4ten umsetzen, an denen Kinder und Erwachsene selbst teilnehmen k\u00f6nnen.<\/p>\n\n\n\n<p>Im Idealfall ist die Begegnung zwischen Mitarbeiter und Gast der Ausgangspunkt f\u00fcr einen Dialog, der wiederum neue Erkenntnisse und Einsichten f\u00fcr beide Seiten hervorbringt.<\/p>\n\n\n\n<p>Diese Schnittmenge zwischen Forschung, Lehre und \u00d6ffentlichkeitsarbeit inspiriert dazu, neue Fragen an die Forschung zu stellen, um neue Antworten und neue Erfahrungen und Aktivit\u00e4ten f\u00fcr die \u00d6ffentlichkeitsarbeit zu finden.<\/p>\n\n\n\n<p>Die Durchf\u00fchrung kommerzieller Aktivit\u00e4ten in allen Bereichen schafft eine wirtschaftliche Grundlage f\u00fcr den Erhalt des Rundgangs. Dazu tragen der Verkauf von pr\u00e4historischen Familien- und Schulcamps, Teambuilding-Kursen, Tagungen, Konferenzen, Mitgliedschaften in Wirtschaftsclubs, historische Souvenirs im Shop, die T\u00f6pferei, die Kost\u00fcmwerkstatt, die Schmiede und historisch inspirierte Gerichte im Caf\u00e9 bei. Alle Angebote sind in die kulturgeschichtliche Kommunikation und den Rahmen von Sagnlandet eingebunden.<\/p>\n\n\n\n<p>Der Zyklus<strong>von SAGNLANDET LEJRE<\/strong> ist in Bewegung &#8230;<\/p>\n\n\n\n<figure class=\"wp-block-image size-full\"><img decoding=\"async\" src=\"https:\/\/sagnlandet.dk\/wp-content\/uploads\/2025\/02\/aarsrapport-diagram-side-30-278x300-1.png\" alt=\"\" class=\"wp-image-2274\"\/><\/figure>\n\n<\/div>\r\n\t\t\t\r\n\t<\/div>\r\n\r\n\r\n\r\n\t\t<\/div>\r\n<\/section>","protected":false},"excerpt":{"rendered":"","protected":false},"author":3,"featured_media":71060,"parent":0,"menu_order":0,"comment_status":"open","ping_status":"open","template":"","meta":{"_acf_changed":false,"footnotes":""},"class_list":["post-70197","page","type-page","status-publish","has-post-thumbnail","hentry"],"acf":[],"yoast_head":"<!-- This site is optimized with the Yoast SEO plugin v23.5 - https:\/\/yoast.com\/wordpress\/plugins\/seo\/ -->\n<title>Organisation und VPAC - Sagnlandet Lejre<\/title>\n<meta name=\"robots\" content=\"index, follow, max-snippet:-1, max-image-preview:large, max-video-preview:-1\" \/>\n<link rel=\"canonical\" href=\"https:\/\/sagnlandet.dk\/de\/organization-and-vpac\/\" \/>\n<meta property=\"og:locale\" content=\"de_DE\" \/>\n<meta property=\"og:type\" content=\"article\" \/>\n<meta property=\"og:title\" content=\"Organisation und VPAC - Sagnlandet Lejre\" \/>\n<meta property=\"og:url\" content=\"https:\/\/sagnlandet.dk\/de\/organization-and-vpac\/\" \/>\n<meta property=\"og:site_name\" content=\"Sagnlandet Lejre\" \/>\n<meta property=\"article:modified_time\" content=\"2025-02-24T06:10:46+00:00\" \/>\n<meta property=\"og:image\" content=\"https:\/\/sagnlandet.dk\/de\/wp-content\/uploads\/sites\/13\/2025\/02\/websiteheader-1.jpg\" \/>\n\t<meta property=\"og:image:width\" content=\"2480\" \/>\n\t<meta property=\"og:image:height\" content=\"728\" \/>\n\t<meta property=\"og:image:type\" content=\"image\/jpeg\" \/>\n<meta name=\"twitter:card\" content=\"summary_large_image\" \/>\n<meta name=\"twitter:label1\" content=\"Gesch\u00e4tzte Lesezeit\" \/>\n\t<meta name=\"twitter:data1\" content=\"5\u00a0Minuten\" \/>\n<!-- \/ Yoast SEO plugin. -->","yoast_head_json":{"title":"Organisation und VPAC - Sagnlandet Lejre","robots":{"index":"index","follow":"follow","max-snippet":"max-snippet:-1","max-image-preview":"max-image-preview:large","max-video-preview":"max-video-preview:-1"},"canonical":"https:\/\/sagnlandet.dk\/de\/organization-and-vpac\/","og_locale":"de_DE","og_type":"article","og_title":"Organisation und VPAC - Sagnlandet Lejre","og_url":"https:\/\/sagnlandet.dk\/de\/organization-and-vpac\/","og_site_name":"Sagnlandet Lejre","article_modified_time":"2025-02-24T06:10:46+00:00","og_image":[{"width":2480,"height":728,"url":"https:\/\/sagnlandet.dk\/de\/wp-content\/uploads\/sites\/13\/2025\/02\/websiteheader-1.jpg","type":"image\/jpeg"}],"twitter_card":"summary_large_image","twitter_misc":{"Gesch\u00e4tzte Lesezeit":"5\u00a0Minuten"},"schema":{"@context":"https:\/\/schema.org","@graph":[{"@type":"WebPage","@id":"https:\/\/sagnlandet.dk\/de\/organization-and-vpac\/","url":"https:\/\/sagnlandet.dk\/de\/organization-and-vpac\/","name":"Organisation und VPAC - Sagnlandet Lejre","isPartOf":{"@id":"https:\/\/sagnlandet.dk\/de\/#website"},"primaryImageOfPage":{"@id":"https:\/\/sagnlandet.dk\/de\/organization-and-vpac\/#primaryimage"},"image":{"@id":"https:\/\/sagnlandet.dk\/de\/organization-and-vpac\/#primaryimage"},"thumbnailUrl":"https:\/\/sagnlandet.dk\/de\/wp-content\/uploads\/sites\/13\/2025\/02\/websiteheader-1-1.jpg","datePublished":"2024-11-12T12:33:15+00:00","dateModified":"2025-02-24T06:10:46+00:00","breadcrumb":{"@id":"https:\/\/sagnlandet.dk\/de\/organization-and-vpac\/#breadcrumb"},"inLanguage":"de","potentialAction":[{"@type":"ReadAction","target":["https:\/\/sagnlandet.dk\/de\/organization-and-vpac\/"]}]},{"@type":"ImageObject","inLanguage":"de","@id":"https:\/\/sagnlandet.dk\/de\/organization-and-vpac\/#primaryimage","url":"https:\/\/sagnlandet.dk\/de\/wp-content\/uploads\/sites\/13\/2025\/02\/websiteheader-1-1.jpg","contentUrl":"https:\/\/sagnlandet.dk\/de\/wp-content\/uploads\/sites\/13\/2025\/02\/websiteheader-1-1.jpg","width":2480,"height":728},{"@type":"BreadcrumbList","@id":"https:\/\/sagnlandet.dk\/de\/organization-and-vpac\/#breadcrumb","itemListElement":[{"@type":"ListItem","position":1,"name":"Hjem","item":"https:\/\/sagnlandet.dk\/de\/"},{"@type":"ListItem","position":2,"name":"Organization and VPAC"}]},{"@type":"WebSite","@id":"https:\/\/sagnlandet.dk\/de\/#website","url":"https:\/\/sagnlandet.dk\/de\/","name":"Sagnlandet Lejre","description":"","publisher":{"@id":"https:\/\/sagnlandet.dk\/de\/#organization"},"potentialAction":[{"@type":"SearchAction","target":{"@type":"EntryPoint","urlTemplate":"https:\/\/sagnlandet.dk\/de\/?s={search_term_string}"},"query-input":{"@type":"PropertyValueSpecification","valueRequired":true,"valueName":"search_term_string"}}],"inLanguage":"de"},{"@type":"Organization","@id":"https:\/\/sagnlandet.dk\/de\/#organization","name":"Sagnlandet Lejre","url":"https:\/\/sagnlandet.dk\/de\/","logo":{"@type":"ImageObject","inLanguage":"de","@id":"https:\/\/sagnlandet.dk\/de\/#\/schema\/logo\/image\/","url":"https:\/\/sagnlandet.dk\/de\/wp-content\/uploads\/sites\/13\/1738\/65\/logo.png","contentUrl":"https:\/\/sagnlandet.dk\/de\/wp-content\/uploads\/sites\/13\/1738\/65\/logo.png","width":398,"height":143,"caption":"Sagnlandet Lejre"},"image":{"@id":"https:\/\/sagnlandet.dk\/de\/#\/schema\/logo\/image\/"}}]}},"_links":{"self":[{"href":"https:\/\/sagnlandet.dk\/de\/wp-json\/wp\/v2\/pages\/70197"}],"collection":[{"href":"https:\/\/sagnlandet.dk\/de\/wp-json\/wp\/v2\/pages"}],"about":[{"href":"https:\/\/sagnlandet.dk\/de\/wp-json\/wp\/v2\/types\/page"}],"author":[{"embeddable":true,"href":"https:\/\/sagnlandet.dk\/de\/wp-json\/wp\/v2\/users\/3"}],"replies":[{"embeddable":true,"href":"https:\/\/sagnlandet.dk\/de\/wp-json\/wp\/v2\/comments?post=70197"}],"version-history":[{"count":3,"href":"https:\/\/sagnlandet.dk\/de\/wp-json\/wp\/v2\/pages\/70197\/revisions"}],"predecessor-version":[{"id":71246,"href":"https:\/\/sagnlandet.dk\/de\/wp-json\/wp\/v2\/pages\/70197\/revisions\/71246"}],"wp:featuredmedia":[{"embeddable":true,"href":"https:\/\/sagnlandet.dk\/de\/wp-json\/wp\/v2\/media\/71060"}],"wp:attachment":[{"href":"https:\/\/sagnlandet.dk\/de\/wp-json\/wp\/v2\/media?parent=70197"}],"curies":[{"name":"wp","href":"https:\/\/api.w.org\/{rel}","templated":true}]}}