{"id":70191,"date":"2024-11-12T13:19:41","date_gmt":"2024-11-12T12:19:41","guid":{"rendered":"https:\/\/sagnlandet.dk\/god-fondsledelse\/"},"modified":"2025-02-24T07:10:49","modified_gmt":"2025-02-24T06:10:49","slug":"gutes-fondsmanagement","status":"publish","type":"page","link":"https:\/\/sagnlandet.dk\/de\/gutes-fondsmanagement\/","title":{"rendered":"Gutes Fondsmanagement"},"content":{"rendered":"\r\n\r\n<section class=\"standout-section standout-block standout-basic alignfull rounded-bg wp-elements-96eda7ee61647bd58169bfbde4be5d72 hero-section side-spacing has-bg has-bg-img bg-size-cover bg-align-horizontal-center bg-align-vertical-center has-text-color\" style=\"color: #ffffff;\">\r\n\r\n\t<div class=\"standout-max-container\">\t\r\n\r\n<div class=\"standout-block-inner\">\r\n\t\t\t\r\n\t<div class=\"standout-block-background-deco\" style=\"--bg-align-vertical: center; --bg-align-horizontal: center; --bg-object-position: center center\">\r\n\t\t<img loading=\"lazy\" decoding=\"async\" width=\"1920\" height=\"564\" src=\"https:\/\/sagnlandet.dk\/de\/wp-content\/uploads\/sites\/13\/2020\/01\/websiteheader.jpg\" class=\"standout-block-background-deco-element\" alt=\"\" srcset=\"https:\/\/sagnlandet.dk\/de\/wp-content\/uploads\/sites\/13\/2020\/01\/websiteheader.jpg 2480w, https:\/\/sagnlandet.dk\/de\/wp-content\/uploads\/sites\/13\/2020\/01\/websiteheader-300x88.jpg 300w, https:\/\/sagnlandet.dk\/de\/wp-content\/uploads\/sites\/13\/2020\/01\/websiteheader-1920x564.jpg 1920w, https:\/\/sagnlandet.dk\/de\/wp-content\/uploads\/sites\/13\/2020\/01\/websiteheader-600x176.jpg 600w\" sizes=\"(max-width: 1920px) 100vw, 1920px\" \/>\t<\/div>\r\n\r\n\t\t\r\n\t\t\t\t\t\t<div class=\"acf-innerblocks-container\">\n\n<h1 class=\"wp-block-heading\">Gute Fondsverwaltung<\/h1>\n\n\n\n<p class=\"has-h-6-font-size\">Lesen Sie hier mehr \u00fcber Fund Governance.<\/p>\n\n<\/div>\r\n\t\t\t\r\n\t\t\t<div class=\"standout-hero-information\"><div class=\"standout-hero-information-inner\">Das Programm des Tages finden Sie <a href=\"https:\/\/sagnlandet.dk\/de\/tagesprogramm\/\">hier <span height=\"1em\" class=\"standout-custom-svg custom-svg\"><?xml version=\"1.0\" encoding=\"UTF-8\"?><svg height=\"1em\" id=\"a\" xmlns=\"http:\/\/www.w3.org\/2000\/svg\" viewBox=\"0 0 16.28 22.02\"><path d=\"M5.4,18.67h-.24c-.77.76-1.5,1.5-2.28,2.28v.35h-.36c-.24.26-.45.47-.68.71H.74c0-.15-.01-.28-.02-.37-.24-.23-.45-.43-.7-.66v-.34c.08-.05.15-.1.23-.15-.06-.05-.14-.09-.19-.15-.03-.04-.06-.13-.04-.15.13-.13.28-.24.46-.39,0-.08,0-.22.01-.29.52-.52,1.01-1,1.49-1.49-.01-.02-.02-.03-.04-.05.14,0,.27-.01.35-.02.32-.33.61-.62.94-.95h.35c0-.15.02-.3.02-.37.2-.2.37-.37.58-.58h.26c.48-.49.93-.94,1.42-1.44h.35v-.38c.13-.11.22-.2.31-.28,0-.02-.02-.04-.03-.06h.34c.41-.42.77-.79,1.18-1.2h.25c.57-.57,1.1-1.11,1.66-1.68h.25c.2-.19.37-.33.52-.49.04-.04.09-.16.07-.18-.12-.11-.26-.19-.38-.3-.12-.11-.22-.23-.33-.35-.11-.12-.21-.24-.32-.36-.07-.07-.15-.13-.29-.24h-.25c-.31-.33-.6-.62-.92-.96h-.3c-.15-.17-.26-.3-.41-.48h-.31c-.15-.17-.26-.3-.41-.48h-.28c-.41-.42-.77-.79-1.18-1.2h-.27c-.31-.33-.6-.62-.92-.96h-.29c-.23-.25-.44-.47-.68-.72h-.29c-.14-.17-.26-.31-.4-.48h-.31c-.14-.17-.26-.31-.41-.48h-.28c-.29-.29-.53-.54-.83-.84v-.26c-.26-.24-.47-.44-.71-.67.1-.18-.21-.52.23-.68v-.31c.22-.22.38-.38.59-.59h1.02c.14.16.25.29.4.47h.36c.02.09.04.16.06.24h.35c.23.25.44.46.68.72h.29c.15.17.26.3.42.48h.27c.33.33.61.62.94.96.06,0,.19,0,.3.02.14.16.26.3.4.47h.29c.32.33.61.62.94.96h.28c.14.17.26.31.4.48h.37c0,.36.29.21.41.24.24.26.44.47.68.72h.34c.07.11,0,.36.28.23v.48c.15,0,.29.01.38.02.31.32.59.62.91.95h.28c.23.25.44.47.68.72h.3c.14-.16.26-.3.4-.47h1.33c0-.37.27-.21.47-.25.02-.06.05-.14.07-.22h.58c.19.2.36.37.57.58v.58c-.07.01-.14.03-.2.04-.1.17.13.48-.26.48v.33c-.2.21-.34.36-.49.51-.1.11-.2.23-.31.33-.12.1-.26.18-.39.29-.03.02-.03.12-.01.14.14.12.29.24.46.38v.36c.08.03.16.06.25.08v.65c.08.02.15.04.23.06v.42c-.07.02-.14.05-.23.07v.43h-.38c-.11.12-.17.18-.23.25-.05-.07-.11-.13-.19-.23h-.55c-.15-.17-.26-.3-.41-.48h-.32c-.26-.48-.68-.1-.93-.25-.24.25-.44.46-.68.72-.07,0-.2,0-.37.02v.37c-.13.11-.22.19-.31.27,0,.02.02.04.03.06h-.33c-.66.66-1.26,1.27-1.91,1.92h-.25c-.81.81-1.57,1.58-2.39,2.4h-.35c0,.15-.02.29-.02.39-.11.11-.2.19-.35.33Z\"\/><\/svg><\/span><\/a><\/div><div class=\"standout-hero-rowing-animation\"><img decoding=\"async\" class=\"animation\" src=\"https:\/\/sagnlandet.dk\/de\/wp-content\/themes\/s-child\/images\/rowing.png\"><\/div><\/div>\t<\/div>\r\n\r\n\r\n\r\n\t\t<\/div>\r\n<\/section>\n\n\r\n\r\n<section class=\"standout-section standout-block standout-columns alignwide\" style=\"--columns: 2; --column-span: 1; --element-alignment: flex-start;\" data-columns=\"2\">\r\n\r\n\t<div class=\"standout-max-container\">\t\r\n\r\n<div class=\"standout-block-inner\">\r\n\t\t\t<div class=\"acf-innerblocks-container\">\n\r\n\r\n<section class=\"standout-block standout-column-element\">\r\n\r\n\t<div class=\"standout-max-container\">\t\r\n\r\n<div class=\"standout-block-inner\">\r\n\t\t\r\n\t\t\t<div class=\"acf-innerblocks-container\">\n\n<h4 class=\"wp-block-heading\">Verwaltung der Stiftung<\/h4>\n\n\n\n<p>Lejre Land of Legends ist eine gemeinn\u00fctzige kommerzielle Stiftung, deren satzungsm\u00e4\u00dfiger Zweck es ist <em>, &#8220;&#8230; ein Forschungszentrum zur Durchf\u00fchrung ethnologischer, historischer und arch\u00e4ologischer Experimente zu betreiben. Dazu geh\u00f6ren die Durchf\u00fchrung von Forschungsaufgaben und die Verbreitung der Ergebnisse auf wissenschaftlichem Wege sowie die aktive Kommunikation und Aufkl\u00e4rung der \u00d6ffentlichkeit<\/em><\/p>\n\n\n\n<p>Alle Einnahmen werden zur Erf\u00fcllung dieses Zwecks verwendet.<\/p>\n\n\n\n<p>In diesem Zusammenhang h\u00e4lt sich Lejre Land of Legends an die Richtlinien des Komitees f\u00fcr gute Stiftungsf\u00fchrung.<\/p>\n\n\n\n<p>Lesen Sie mehr \u00fcber die Arbeit des Komitees <u><a href=\"https:\/\/godfondsledelse.dk\/\">https:\/\/godfondsledelse.dk\/<\/a><\/u><\/p>\n\n\n\n<p>Lesen Sie hier den Bericht des Vorstands gem\u00e4\u00df dem &#8220;Gesetzlichen Bericht \u00fcber gute Stiftungsf\u00fchrung, vgl. \u00a7 77 a des d\u00e4nischen Jahresabschlussgesetzes<\/p>\n\n\n\n<div class=\"wp-block-buttons is-horizontal is-content-justification-space-between is-layout-flex wp-container-core-buttons-is-layout-1 wp-block-buttons-is-layout-flex\">\n<div class=\"wp-block-button\"><a class=\"wp-block-button__link wp-element-button\" href=\"https:\/\/sagnlandet.dk\/wp-content\/uploads\/2024\/11\/bilag41d-fonden2023-redegoerelseforgodfondsledelse-20240201.pdf\">Bericht 2023<\/a><\/div>\n\n\n\n<div class=\"wp-block-button\"><a class=\"wp-block-button__link wp-element-button\" href=\"https:\/\/sagnlandet.dk\/wp-content\/uploads\/2024\/11\/redegoerelse-god-fondsledelse-2022.pdf\">Bericht 2022<\/a><\/div>\n\n\n\n<div class=\"wp-block-button\"><a class=\"wp-block-button__link wp-element-button\" href=\"https:\/\/sagnlandet.dk\/wp-content\/uploads\/2024\/11\/redegoerelse-god-fondsledelse-2021.pdf\">Bericht 2021<\/a><\/div>\n\n\n\n<div class=\"wp-block-button\"><a class=\"wp-block-button__link wp-element-button\" href=\"https:\/\/sagnlandet.dk\/wp-content\/uploads\/2024\/11\/redegoerelse-god-fondsledelse-2020.pdf\">Bericht 2020<\/a><\/div>\n\n\n\n<div class=\"wp-block-button\"><a class=\"wp-block-button__link wp-element-button\" href=\"https:\/\/sagnlandet.dk\/wp-content\/uploads\/2024\/11\/redegoerelse-god-fondsledelse-2019.pdf\">Bericht 2019<\/a><\/div>\n\n\n\n<div class=\"wp-block-button\"><a class=\"wp-block-button__link wp-element-button\" href=\"https:\/\/sagnlandet.dk\/wp-content\/uploads\/2024\/11\/redegoerelse-god-fondsledelse-2018.pdf\">Bericht 2018<\/a><\/div>\n<\/div>\n\n\n\n<hr class=\"wp-block-separator has-alpha-channel-opacity\"\/>\n\n\n\n<h4 class=\"wp-block-heading\">JAHRESBERICHTE<\/h4>\n\n\n\n<div class=\"wp-block-buttons is-layout-flex wp-block-buttons-is-layout-flex\">\n<div class=\"wp-block-button\"><a class=\"wp-block-button__link has-color-gul-background-color has-background wp-element-button\" href=\"https:\/\/sagnlandet.dk\/de\/jahresberichte\/\">Alle Jahresberichte von Lejre Land of Legends finden Sie hier<\/a><\/div>\n<\/div>\n\n<\/div>\r\n\t<\/div>\r\n\r\n\r\n\r\n\t\t<\/div>\r\n<\/section>\n\n\r\n\r\n<section class=\"standout-block standout-column-element\">\r\n\r\n\t<div class=\"standout-max-container\">\t\r\n\r\n<div class=\"standout-block-inner\">\r\n\t\t\r\n\t\t\t<div class=\"acf-innerblocks-container\">\n\r\n\r\n<section class=\"standout-section standout-block standout-basic alignwide rounded-bg has-bg has-bg-img bg-size-cover bg-align-horizontal-center bg-align-vertical-center\">\r\n\r\n\t<div class=\"standout-max-container\">\t\r\n\r\n<div class=\"standout-block-inner\">\r\n\t\t\t\r\n\t<div class=\"standout-block-background-deco\" style=\"--bg-align-vertical: center; --bg-align-horizontal: center; --bg-object-position: center center\">\r\n\t\t<img loading=\"lazy\" decoding=\"async\" width=\"600\" height=\"628\" src=\"https:\/\/sagnlandet.dk\/de\/wp-content\/uploads\/sites\/13\/1738\/65\/stenalder-02-600x628-1.jpg\" class=\"standout-block-background-deco-element\" alt=\"\" srcset=\"https:\/\/sagnlandet.dk\/de\/wp-content\/uploads\/sites\/13\/1738\/65\/stenalder-02-600x628-1.jpg 600w, https:\/\/sagnlandet.dk\/de\/wp-content\/uploads\/sites\/13\/1738\/65\/stenalder-02-600x628-1-287x300.jpg 287w, https:\/\/sagnlandet.dk\/de\/wp-content\/uploads\/sites\/13\/1738\/65\/stenalder-02-600x628-1-96x100.jpg 96w\" sizes=\"(max-width: 600px) 100vw, 600px\" \/>\t<\/div>\r\n\r\n\t\t\r\n\t\t\t\t\t\t<div class=\"acf-innerblocks-container\">\n\n<p class=\"has-color-istid-background-color has-background\">Lejre Land of Legends ist eine gemeinn\u00fctzige Organisation, die \u00fcber unsere gemeinsame Vergangenheit kommuniziert, forscht und lehrt. Ein Teil des Betriebs wird durch Zusch\u00fcsse des Bildungsministeriums und der Gemeinde Lejre finanziert, aber der gr\u00f6\u00dfte Teil sind die Einnahmen aus Ihren Eintrittskarten. Sie als Gast sind es also, der daf\u00fcr sorgt, dass das Land der Legenden auch im n\u00e4chsten Jahr seine T\u00fcren f\u00fcr au\u00dfergew\u00f6hnliche Familienerlebnisse \u00f6ffnen kann.<\/p>\n\n<\/div>\r\n\t\t\t\r\n\t<\/div>\r\n\r\n\r\n\r\n\t\t<\/div>\r\n<\/section>\n<\/div>\r\n\t<\/div>\r\n\r\n\r\n\r\n\t\t<\/div>\r\n<\/section>\n<\/div>\r\n\t<\/div>\r\n\r\n\r\n\r\n\t\t<\/div>\r\n<\/section>\n\n\r\n\r\n<section class=\"standout-section standout-block standout-basic alignwide\">\r\n\r\n\t<div class=\"standout-max-container\">\t\r\n\r\n<div class=\"standout-block-inner\">\r\n\t\r\n\t\t\t\t\t\t<div class=\"acf-innerblocks-container\">\n\n<p>Die Aktivit\u00e4ten<strong>von THE LAND OF LEGEND<\/strong> sind Teil eines Zyklus, der aus drei Kernbereichen besteht: <em>Forschung, Verbreitung und Bildung<\/em>. In diesem Zyklus liefert die Forschung neues Wissen, das in der Unterrichtssituation mit Sch\u00fclern und in der Kommunikation in der t\u00e4glichen Begegnung mit den G\u00e4sten vermittelt wird<\/p>\n\n\n\n<p>Die forschungsbasierte Kommunikation<strong>von SAGNLANDET LEJRE<\/strong> vermittelt Sch\u00fclern und der \u00d6ffentlichkeit Verst\u00e4ndnis und Einsicht, wenn wir neues Wissen aus der Welt der Forschung in greifbare Erfahrungen und Aktivit\u00e4ten umsetzen, an denen Kinder und Erwachsene selbst teilnehmen k\u00f6nnen.<\/p>\n\n\n\n<p>Im Idealfall ist die Begegnung zwischen Mitarbeiter und Gast der Ausgangspunkt f\u00fcr einen Dialog, der wiederum neue Erkenntnisse und Einsichten f\u00fcr beide Seiten hervorbringt.<\/p>\n\n\n\n<p>Diese Schnittmenge zwischen Forschung, Lehre und \u00d6ffentlichkeitsarbeit inspiriert dazu, neue Fragen an die Forschung zu stellen, um neue Antworten und neue Erfahrungen und Aktivit\u00e4ten f\u00fcr die \u00d6ffentlichkeitsarbeit zu finden.<\/p>\n\n\n\n<p>Die Durchf\u00fchrung kommerzieller Aktivit\u00e4ten in allen Bereichen schafft eine wirtschaftliche Grundlage f\u00fcr den Erhalt des Rundgangs. Der Verkauf von pr\u00e4historischen Familien- und Schullandheimaufenthalten, Teambuilding-Kursen, Tagungen, Konferenzen, Mitgliedschaften in Wirtschaftsclubs, historischen Souvenirs im Shop, der T\u00f6pferei, der Kost\u00fcmwerkstatt, der Schmiede und historisch inspirierten Gerichten im Cafe tragen dazu bei. Alle Angebote sind in die kulturgeschichtliche Kommunikation und den Rahmen von Sagnlandet eingebunden.<\/p>\n\n\n\n<p>Der Zyklus<strong>von SAGNLANDET LEJRE<\/strong> ist in Bewegung &#8230;<\/p>\n\n\n\n<figure class=\"wp-block-image size-full\"><img decoding=\"async\" src=\"https:\/\/sagnlandet.dk\/wp-content\/uploads\/2025\/02\/aarsrapport-diagram-side-30-278x300-1.png\" alt=\"\" class=\"wp-image-2274\"\/><\/figure>\n\n<\/div>\r\n\t\t\t\r\n\t<\/div>\r\n\r\n\r\n\r\n\t\t<\/div>\r\n<\/section>","protected":false},"excerpt":{"rendered":"","protected":false},"author":3,"featured_media":71060,"parent":0,"menu_order":0,"comment_status":"open","ping_status":"open","template":"","meta":{"_acf_changed":false,"footnotes":""},"class_list":["post-70191","page","type-page","status-publish","has-post-thumbnail","hentry"],"acf":[],"yoast_head":"<!-- This site is optimized with the Yoast SEO plugin v23.5 - https:\/\/yoast.com\/wordpress\/plugins\/seo\/ -->\n<title>Gutes Fondsmanagement - Sagnlandet Lejre<\/title>\n<meta name=\"robots\" content=\"index, follow, max-snippet:-1, max-image-preview:large, max-video-preview:-1\" \/>\n<link rel=\"canonical\" href=\"https:\/\/sagnlandet.dk\/de\/good-fund-management\/\" \/>\n<meta property=\"og:locale\" content=\"de_DE\" \/>\n<meta property=\"og:type\" content=\"article\" \/>\n<meta property=\"og:title\" content=\"Gutes Fondsmanagement - Sagnlandet Lejre\" \/>\n<meta property=\"og:url\" content=\"https:\/\/sagnlandet.dk\/de\/good-fund-management\/\" \/>\n<meta property=\"og:site_name\" content=\"Sagnlandet Lejre\" \/>\n<meta property=\"article:modified_time\" content=\"2025-02-24T06:10:49+00:00\" \/>\n<meta property=\"og:image\" content=\"https:\/\/sagnlandet.dk\/de\/wp-content\/uploads\/sites\/13\/2025\/02\/websiteheader-1.jpg\" \/>\n\t<meta property=\"og:image:width\" content=\"2480\" \/>\n\t<meta property=\"og:image:height\" content=\"728\" \/>\n\t<meta property=\"og:image:type\" content=\"image\/jpeg\" \/>\n<meta name=\"twitter:card\" content=\"summary_large_image\" \/>\n<meta name=\"twitter:label1\" content=\"Gesch\u00e4tzte Lesezeit\" \/>\n\t<meta name=\"twitter:data1\" content=\"3\u00a0Minuten\" \/>\n<!-- \/ Yoast SEO plugin. -->","yoast_head_json":{"title":"Gutes Fondsmanagement - Sagnlandet Lejre","robots":{"index":"index","follow":"follow","max-snippet":"max-snippet:-1","max-image-preview":"max-image-preview:large","max-video-preview":"max-video-preview:-1"},"canonical":"https:\/\/sagnlandet.dk\/de\/good-fund-management\/","og_locale":"de_DE","og_type":"article","og_title":"Gutes Fondsmanagement - Sagnlandet Lejre","og_url":"https:\/\/sagnlandet.dk\/de\/good-fund-management\/","og_site_name":"Sagnlandet Lejre","article_modified_time":"2025-02-24T06:10:49+00:00","og_image":[{"width":2480,"height":728,"url":"https:\/\/sagnlandet.dk\/de\/wp-content\/uploads\/sites\/13\/2025\/02\/websiteheader-1.jpg","type":"image\/jpeg"}],"twitter_card":"summary_large_image","twitter_misc":{"Gesch\u00e4tzte Lesezeit":"3\u00a0Minuten"},"schema":{"@context":"https:\/\/schema.org","@graph":[{"@type":"WebPage","@id":"https:\/\/sagnlandet.dk\/de\/good-fund-management\/","url":"https:\/\/sagnlandet.dk\/de\/good-fund-management\/","name":"Gutes Fondsmanagement - Sagnlandet Lejre","isPartOf":{"@id":"https:\/\/sagnlandet.dk\/de\/#website"},"primaryImageOfPage":{"@id":"https:\/\/sagnlandet.dk\/de\/good-fund-management\/#primaryimage"},"image":{"@id":"https:\/\/sagnlandet.dk\/de\/good-fund-management\/#primaryimage"},"thumbnailUrl":"https:\/\/sagnlandet.dk\/de\/wp-content\/uploads\/sites\/13\/2025\/02\/websiteheader-1-1.jpg","datePublished":"2024-11-12T12:19:41+00:00","dateModified":"2025-02-24T06:10:49+00:00","breadcrumb":{"@id":"https:\/\/sagnlandet.dk\/de\/good-fund-management\/#breadcrumb"},"inLanguage":"de","potentialAction":[{"@type":"ReadAction","target":["https:\/\/sagnlandet.dk\/de\/good-fund-management\/"]}]},{"@type":"ImageObject","inLanguage":"de","@id":"https:\/\/sagnlandet.dk\/de\/good-fund-management\/#primaryimage","url":"https:\/\/sagnlandet.dk\/de\/wp-content\/uploads\/sites\/13\/2025\/02\/websiteheader-1-1.jpg","contentUrl":"https:\/\/sagnlandet.dk\/de\/wp-content\/uploads\/sites\/13\/2025\/02\/websiteheader-1-1.jpg","width":2480,"height":728},{"@type":"BreadcrumbList","@id":"https:\/\/sagnlandet.dk\/de\/good-fund-management\/#breadcrumb","itemListElement":[{"@type":"ListItem","position":1,"name":"Hjem","item":"https:\/\/sagnlandet.dk\/de\/"},{"@type":"ListItem","position":2,"name":"Good fund management"}]},{"@type":"WebSite","@id":"https:\/\/sagnlandet.dk\/de\/#website","url":"https:\/\/sagnlandet.dk\/de\/","name":"Sagnlandet Lejre","description":"","publisher":{"@id":"https:\/\/sagnlandet.dk\/de\/#organization"},"potentialAction":[{"@type":"SearchAction","target":{"@type":"EntryPoint","urlTemplate":"https:\/\/sagnlandet.dk\/de\/?s={search_term_string}"},"query-input":{"@type":"PropertyValueSpecification","valueRequired":true,"valueName":"search_term_string"}}],"inLanguage":"de"},{"@type":"Organization","@id":"https:\/\/sagnlandet.dk\/de\/#organization","name":"Sagnlandet Lejre","url":"https:\/\/sagnlandet.dk\/de\/","logo":{"@type":"ImageObject","inLanguage":"de","@id":"https:\/\/sagnlandet.dk\/de\/#\/schema\/logo\/image\/","url":"https:\/\/sagnlandet.dk\/de\/wp-content\/uploads\/sites\/13\/1738\/65\/logo.png","contentUrl":"https:\/\/sagnlandet.dk\/de\/wp-content\/uploads\/sites\/13\/1738\/65\/logo.png","width":398,"height":143,"caption":"Sagnlandet Lejre"},"image":{"@id":"https:\/\/sagnlandet.dk\/de\/#\/schema\/logo\/image\/"}}]}},"_links":{"self":[{"href":"https:\/\/sagnlandet.dk\/de\/wp-json\/wp\/v2\/pages\/70191"}],"collection":[{"href":"https:\/\/sagnlandet.dk\/de\/wp-json\/wp\/v2\/pages"}],"about":[{"href":"https:\/\/sagnlandet.dk\/de\/wp-json\/wp\/v2\/types\/page"}],"author":[{"embeddable":true,"href":"https:\/\/sagnlandet.dk\/de\/wp-json\/wp\/v2\/users\/3"}],"replies":[{"embeddable":true,"href":"https:\/\/sagnlandet.dk\/de\/wp-json\/wp\/v2\/comments?post=70191"}],"version-history":[{"count":2,"href":"https:\/\/sagnlandet.dk\/de\/wp-json\/wp\/v2\/pages\/70191\/revisions"}],"predecessor-version":[{"id":70457,"href":"https:\/\/sagnlandet.dk\/de\/wp-json\/wp\/v2\/pages\/70191\/revisions\/70457"}],"wp:featuredmedia":[{"embeddable":true,"href":"https:\/\/sagnlandet.dk\/de\/wp-json\/wp\/v2\/media\/71060"}],"wp:attachment":[{"href":"https:\/\/sagnlandet.dk\/de\/wp-json\/wp\/v2\/media?parent=70191"}],"curies":[{"name":"wp","href":"https:\/\/api.w.org\/{rel}","templated":true}]}}