{"id":70183,"date":"2024-11-11T10:43:14","date_gmt":"2024-11-11T09:43:14","guid":{"rendered":"https:\/\/sagnlandet.dk\/vision-og-mission\/"},"modified":"2025-02-24T07:10:52","modified_gmt":"2025-02-24T06:10:52","slug":"vision-und-auftrag","status":"publish","type":"page","link":"https:\/\/sagnlandet.dk\/de\/vision-und-auftrag\/","title":{"rendered":"Vision und Auftrag"},"content":{"rendered":"\r\n\r\n<section class=\"standout-section standout-block standout-basic alignfull rounded-bg wp-elements-2023a5ae8f1ef107904006c8418e7798 hero-section side-spacing has-bg has-bg-img bg-size-cover bg-align-horizontal-center bg-align-vertical-center has-text-color\" style=\"color: #ffffff;\">\r\n\r\n\t<div class=\"standout-max-container\">\t\r\n\r\n<div class=\"standout-block-inner\">\r\n\t\t\t\r\n\t<div class=\"standout-block-background-deco\" style=\"--bg-align-vertical: center; --bg-align-horizontal: center; --bg-object-position: center center\">\r\n\t\t<img loading=\"lazy\" decoding=\"async\" width=\"1920\" height=\"1280\" src=\"https:\/\/sagnlandet.dk\/de\/wp-content\/uploads\/sites\/13\/2025\/02\/jernalder-17.jpg\" class=\"standout-block-background-deco-element\" alt=\"\" srcset=\"https:\/\/sagnlandet.dk\/de\/wp-content\/uploads\/sites\/13\/2025\/02\/jernalder-17.jpg 2500w, https:\/\/sagnlandet.dk\/de\/wp-content\/uploads\/sites\/13\/2025\/02\/jernalder-17-600x400.jpg 600w, https:\/\/sagnlandet.dk\/de\/wp-content\/uploads\/sites\/13\/2025\/02\/jernalder-17-1920x1280.jpg 1920w, https:\/\/sagnlandet.dk\/de\/wp-content\/uploads\/sites\/13\/2025\/02\/jernalder-17-1536x1024.jpg 1536w, https:\/\/sagnlandet.dk\/de\/wp-content\/uploads\/sites\/13\/2025\/02\/jernalder-17-2048x1366.jpg 2048w, https:\/\/sagnlandet.dk\/de\/wp-content\/uploads\/sites\/13\/2025\/02\/jernalder-17-150x100.jpg 150w, https:\/\/sagnlandet.dk\/de\/wp-content\/uploads\/sites\/13\/2025\/02\/jernalder-17-1200x800.jpg 1200w, https:\/\/sagnlandet.dk\/de\/wp-content\/uploads\/sites\/13\/2025\/02\/jernalder-17-1320x880.jpg 1320w\" sizes=\"(max-width: 1920px) 100vw, 1920px\" \/>\t<\/div>\r\n\r\n\t\t\r\n\t\t\t\t\t\t<div class=\"acf-innerblocks-container\">\n\n<h1 class=\"wp-block-heading\">Vision und Auftrag<\/h1>\n\n\n\n<p class=\"has-h-6-font-size\">Lesen Sie mehr \u00fcber die Grundwerte von Lejre Land of Legends.<\/p>\n\n<\/div>\r\n\t\t\t\r\n\t\t\t<div class=\"standout-hero-information\"><div class=\"standout-hero-information-inner\">Das Programm des Tages finden Sie <a href=\"https:\/\/sagnlandet.dk\/de\/tagesprogramm\/\">hier <span height=\"1em\" class=\"standout-custom-svg custom-svg\"><?xml version=\"1.0\" encoding=\"UTF-8\"?><svg height=\"1em\" id=\"a\" xmlns=\"http:\/\/www.w3.org\/2000\/svg\" viewBox=\"0 0 16.28 22.02\"><path d=\"M5.4,18.67h-.24c-.77.76-1.5,1.5-2.28,2.28v.35h-.36c-.24.26-.45.47-.68.71H.74c0-.15-.01-.28-.02-.37-.24-.23-.45-.43-.7-.66v-.34c.08-.05.15-.1.23-.15-.06-.05-.14-.09-.19-.15-.03-.04-.06-.13-.04-.15.13-.13.28-.24.46-.39,0-.08,0-.22.01-.29.52-.52,1.01-1,1.49-1.49-.01-.02-.02-.03-.04-.05.14,0,.27-.01.35-.02.32-.33.61-.62.94-.95h.35c0-.15.02-.3.02-.37.2-.2.37-.37.58-.58h.26c.48-.49.93-.94,1.42-1.44h.35v-.38c.13-.11.22-.2.31-.28,0-.02-.02-.04-.03-.06h.34c.41-.42.77-.79,1.18-1.2h.25c.57-.57,1.1-1.11,1.66-1.68h.25c.2-.19.37-.33.52-.49.04-.04.09-.16.07-.18-.12-.11-.26-.19-.38-.3-.12-.11-.22-.23-.33-.35-.11-.12-.21-.24-.32-.36-.07-.07-.15-.13-.29-.24h-.25c-.31-.33-.6-.62-.92-.96h-.3c-.15-.17-.26-.3-.41-.48h-.31c-.15-.17-.26-.3-.41-.48h-.28c-.41-.42-.77-.79-1.18-1.2h-.27c-.31-.33-.6-.62-.92-.96h-.29c-.23-.25-.44-.47-.68-.72h-.29c-.14-.17-.26-.31-.4-.48h-.31c-.14-.17-.26-.31-.41-.48h-.28c-.29-.29-.53-.54-.83-.84v-.26c-.26-.24-.47-.44-.71-.67.1-.18-.21-.52.23-.68v-.31c.22-.22.38-.38.59-.59h1.02c.14.16.25.29.4.47h.36c.02.09.04.16.06.24h.35c.23.25.44.46.68.72h.29c.15.17.26.3.42.48h.27c.33.33.61.62.94.96.06,0,.19,0,.3.02.14.16.26.3.4.47h.29c.32.33.61.62.94.96h.28c.14.17.26.31.4.48h.37c0,.36.29.21.41.24.24.26.44.47.68.72h.34c.07.11,0,.36.28.23v.48c.15,0,.29.01.38.02.31.32.59.62.91.95h.28c.23.25.44.47.68.72h.3c.14-.16.26-.3.4-.47h1.33c0-.37.27-.21.47-.25.02-.06.05-.14.07-.22h.58c.19.2.36.37.57.58v.58c-.07.01-.14.03-.2.04-.1.17.13.48-.26.48v.33c-.2.21-.34.36-.49.51-.1.11-.2.23-.31.33-.12.1-.26.18-.39.29-.03.02-.03.12-.01.14.14.12.29.24.46.38v.36c.08.03.16.06.25.08v.65c.08.02.15.04.23.06v.42c-.07.02-.14.05-.23.07v.43h-.38c-.11.12-.17.18-.23.25-.05-.07-.11-.13-.19-.23h-.55c-.15-.17-.26-.3-.41-.48h-.32c-.26-.48-.68-.1-.93-.25-.24.25-.44.46-.68.72-.07,0-.2,0-.37.02v.37c-.13.11-.22.19-.31.27,0,.02.02.04.03.06h-.33c-.66.66-1.26,1.27-1.91,1.92h-.25c-.81.81-1.57,1.58-2.39,2.4h-.35c0,.15-.02.29-.02.39-.11.11-.2.19-.35.33Z\"\/><\/svg><\/span><\/a><\/div><div class=\"standout-hero-rowing-animation\"><img decoding=\"async\" class=\"animation\" src=\"https:\/\/sagnlandet.dk\/de\/wp-content\/themes\/s-child\/images\/rowing.png\"><\/div><\/div>\t<\/div>\r\n\r\n\r\n\r\n\t\t<\/div>\r\n<\/section>\n\n\r\n\r\n<section class=\"standout-section standout-block standout-columns alignwide\" style=\"--columns: 4; --column-span: 1; --element-alignment: flex-start;\" data-columns=\"4\">\r\n\r\n\t<div class=\"standout-max-container\">\t\r\n\r\n<div class=\"standout-block-inner\">\r\n\t\t\t<div class=\"acf-innerblocks-container\">\n\r\n\r\n<section class=\"standout-block standout-column-element\">\r\n\r\n\t<div class=\"standout-max-container\">\t\r\n\r\n<div class=\"standout-block-inner\">\r\n\t\t\r\n\t\t\t<div class=\"acf-innerblocks-container\">\n\n<h5 class=\"wp-block-heading\"><strong>ICH VERSUCHE ES,<\/strong><\/h5>\n\n\n\n<h5 class=\"wp-block-heading\"><strong>UND ICH VERSTEHE<\/strong><\/h5>\n\n<\/div>\r\n\t<\/div>\r\n\r\n\r\n\r\n\t\t<\/div>\r\n<\/section>\n\n\r\n\r\n<section class=\"standout-block standout-column-element\" style=\"--column-span: 3;\" data-grid-span=\"3\">\r\n\r\n\t<div class=\"standout-max-container\">\t\r\n\r\n<div class=\"standout-block-inner\">\r\n\t\t\r\n\t\t\t<div class=\"acf-innerblocks-container\">\n\n<h3 class=\"wp-block-heading\">MISSION<\/h3>\n\n\n\n<p>Die Mission von Lejre Land of Legends ist es, durch experimentelle arch\u00e4ologische Forschung, Animation und Bildung auf der Grundlage aktiver Teilnahme Wissen und Staunen \u00fcber vergangene Lebensweisen zu schaffen und zu vermitteln. Die aktive Teilnahme ist ein Eckpfeiler der Arbeit von Land of Legends und spiegelt sich in unserer Mission wider. Sie ist inspiriert von einem alten chinesischen Sprichwort:<\/p>\n\n\n\n<p><em>Ich h\u00f6re und ich vergesse.<\/em><br><em>Ich sehe und ich erinnere mich.<\/em><br><em>Ich versuche und ich verstehe.<\/em><\/p>\n\n<\/div>\r\n\t<\/div>\r\n\r\n\r\n\r\n\t\t<\/div>\r\n<\/section>\n<\/div>\r\n\t<\/div>\r\n\r\n\r\n\r\n\t\t<\/div>\r\n<\/section>\n\n\r\n\r\n<section class=\"standout-section standout-block standout-basic alignwide\">\r\n\r\n\t<div class=\"standout-max-container\">\t\r\n\r\n<div class=\"standout-block-inner\">\r\n\t\r\n\t\t\t\t\t\t<div class=\"acf-innerblocks-container\">\n\n<hr class=\"wp-block-separator has-alpha-channel-opacity\"\/>\n\n<\/div>\r\n\t\t\t\r\n\t<\/div>\r\n\r\n\r\n\r\n\t\t<\/div>\r\n<\/section>\n\n\r\n\r\n<section class=\"standout-section standout-block standout-columns alignwide\" style=\"--columns: 4; --column-span: 1; --element-alignment: flex-start;\" data-columns=\"4\">\r\n\r\n\t<div class=\"standout-max-container\">\t\r\n\r\n<div class=\"standout-block-inner\">\r\n\t\t\t<div class=\"acf-innerblocks-container\">\n\r\n\r\n<section class=\"standout-block standout-column-element\">\r\n\r\n\t<div class=\"standout-max-container\">\t\r\n\r\n<div class=\"standout-block-inner\">\r\n\t\t\r\n\t\t\t<div class=\"acf-innerblocks-container\">\n\n<h5 class=\"wp-block-heading\"><strong>EINE VERGANGENHEIT<\/strong><\/h5>\n\n\n\n<h5 class=\"wp-block-heading\"><strong>IN EINER GEGENWART<\/strong><\/h5>\n\n\n\n<h5 class=\"wp-block-heading\"><strong>MIT EINER ZUKUNFT<\/strong><\/h5>\n\n<\/div>\r\n\t<\/div>\r\n\r\n\r\n\r\n\t\t<\/div>\r\n<\/section>\n\n\r\n\r\n<section class=\"standout-block standout-column-element\" style=\"--column-span: 3;\" data-grid-span=\"3\">\r\n\r\n\t<div class=\"standout-max-container\">\t\r\n\r\n<div class=\"standout-block-inner\">\r\n\t\t\r\n\t\t\t<div class=\"acf-innerblocks-container\">\n\n<h3 class=\"wp-block-heading\">VISION<\/h3>\n\n\n\n<p>Lejre Land of Legends will zeigen, dass historische Einblicke immer die heutigen Probleme relativieren k\u00f6nnen und dass unsere heutigen Entscheidungen Konsequenzen f\u00fcr morgen haben.<\/p>\n\n\n\n<p>Kinder und junge Menschen sind die Kultur- und Natursch\u00fctzer von morgen. Unsere wichtigste Aufgabe ist es daher, Kindern und Jugendlichen die Zusammenh\u00e4nge zwischen technologischen Innovationen, gesellschaftlichen Ver\u00e4nderungen und Ver\u00e4nderungen in der Sichtweise von Mensch und Natur \u00fcber die Jahrtausende hinweg zu vermitteln. Unser Ansatzpunkt ist der:<\/p>\n\n\n\n<p><em>HANDLUNG ohne EINSTELLUNG signalisiert Gleichg\u00fcltigkeit, ebenso wie<\/em><br><em>ATTITUDE ohne INSIGHT signalisiert PREJUDICE.<\/em><\/p>\n\n\n\n<p>Deshalb sehen wir in der historischen Einsicht einen starken Ansatzpunkt f\u00fcr Kinder und Jugendliche, die Gesellschaft und die Werte der Zukunft zu gestalten. Deshalb lautet die Vision von Sagnlandet: &#8220;Eine Vergangenheit in einer Gegenwart mit einer Zukunft<\/p>\n\n<\/div>\r\n\t<\/div>\r\n\r\n\r\n\r\n\t\t<\/div>\r\n<\/section>\n<\/div>\r\n\t<\/div>\r\n\r\n\r\n\r\n\t\t<\/div>\r\n<\/section>\n\n\r\n\r\n<section class=\"standout-section standout-block standout-basic alignwide\">\r\n\r\n\t<div class=\"standout-max-container\">\t\r\n\r\n<div class=\"standout-block-inner\">\r\n\t\r\n\t\t\t\t\t\t<div class=\"acf-innerblocks-container\">\n\n<hr class=\"wp-block-separator has-alpha-channel-opacity\"\/>\n\n<\/div>\r\n\t\t\t\r\n\t<\/div>\r\n\r\n\r\n\r\n\t\t<\/div>\r\n<\/section>\n\n\r\n\r\n<section class=\"standout-section standout-block standout-columns alignwide\" style=\"--columns: 4; --column-span: 1; --element-alignment: flex-start;\" data-columns=\"4\">\r\n\r\n\t<div class=\"standout-max-container\">\t\r\n\r\n<div class=\"standout-block-inner\">\r\n\t\t\t<div class=\"acf-innerblocks-container\">\n\r\n\r\n<section class=\"standout-block standout-column-element\">\r\n\r\n\t<div class=\"standout-max-container\">\t\r\n\r\n<div class=\"standout-block-inner\">\r\n\t\t\r\n\t\t\t<div class=\"acf-innerblocks-container\">\n\n<h5 class=\"wp-block-heading\"><strong>VIELFALT<\/strong><\/h5>\n\n\n\n<h5 class=\"wp-block-heading\"><strong>VERST\u00c4NDNIS<\/strong><\/h5>\n\n\n\n<h5 class=\"wp-block-heading\"><strong>VERANTWORTUNG<\/strong><\/h5>\n\n<\/div>\r\n\t<\/div>\r\n\r\n\r\n\r\n\t\t<\/div>\r\n<\/section>\n\n\r\n\r\n<section class=\"standout-block standout-column-element\" style=\"--column-span: 3;\" data-grid-span=\"3\">\r\n\r\n\t<div class=\"standout-max-container\">\t\r\n\r\n<div class=\"standout-block-inner\">\r\n\t\t\r\n\t\t\t<div class=\"acf-innerblocks-container\">\n\n<h3 class=\"wp-block-heading\">BASIS DER WERTE<\/h3>\n\n\n\n<p>Lejre Land of Legends vermittelt Geschichte f\u00fcr Kinder und Erwachsene in einer Zeit der Globalisierung. Die Gesellschaft wird jeden Tag komplexer und multikultureller. Um in einer solchen Gesellschaft einen respektvollen Dialog zu f\u00fchren, betrachten wir den Einblick in historische Zusammenh\u00e4nge &#8211; insbesondere f\u00fcr Kinder und Jugendliche &#8211; als Teil eines Bildungsprojekts.<\/p>\n\n\n\n<p>Es zeigt, dass alle Menschen in einer bestimmten Kultur verwurzelt sind, von der sie umgeben sind. Wir alle sind Geschichtsmacher und Geschichtssch\u00f6pfer. Deshalb haben wir auch eine Verantwortung daf\u00fcr, wie die Zukunft aussehen soll. Deshalb st\u00fctzt sich Lejre Land of Legends bei seinen Aktivit\u00e4ten auf eine Reihe von Werten, die auf den folgenden Stichworten basieren:<\/p>\n\n\n\n<p><em>VIELFALT<\/em> &#8211; in der Kultur, im Selbstverst\u00e4ndnis und im Weltverst\u00e4ndnis der Menschen, beleuchtet aus einer historischen Perspektive.<\/p>\n\n\n\n<p><em>VERST\u00c4NDNIS<\/em> &#8211; f\u00fcr die Zusammenh\u00e4nge zwischen kulturellem Hintergrund und Ansichten \u00fcber Natur und Ressourcennutzung.<\/p>\n\n\n\n<p><em>VERANTWORTUNG<\/em> &#8211; f\u00fcr den nachhaltigen Umgang mit dem Kultur- und Naturerbe.<\/p>\n\n<\/div>\r\n\t<\/div>\r\n\r\n\r\n\r\n\t\t<\/div>\r\n<\/section>\n<\/div>\r\n\t<\/div>\r\n\r\n\r\n\r\n\t\t<\/div>\r\n<\/section>","protected":false},"excerpt":{"rendered":"","protected":false},"author":3,"featured_media":71064,"parent":0,"menu_order":0,"comment_status":"open","ping_status":"open","template":"","meta":{"_acf_changed":false,"footnotes":""},"class_list":["post-70183","page","type-page","status-publish","has-post-thumbnail","hentry"],"acf":[],"yoast_head":"<!-- This site is optimized with the Yoast SEO plugin v23.5 - https:\/\/yoast.com\/wordpress\/plugins\/seo\/ -->\n<title>Vision und Auftrag - Sagnlandet Lejre<\/title>\n<meta name=\"robots\" content=\"index, follow, max-snippet:-1, max-image-preview:large, max-video-preview:-1\" \/>\n<link rel=\"canonical\" href=\"https:\/\/sagnlandet.dk\/de\/vision-and-mission\/\" \/>\n<meta property=\"og:locale\" content=\"de_DE\" \/>\n<meta property=\"og:type\" content=\"article\" \/>\n<meta property=\"og:title\" content=\"Vision und Auftrag - Sagnlandet Lejre\" \/>\n<meta property=\"og:url\" content=\"https:\/\/sagnlandet.dk\/de\/vision-and-mission\/\" \/>\n<meta property=\"og:site_name\" content=\"Sagnlandet Lejre\" \/>\n<meta property=\"article:modified_time\" content=\"2025-02-24T06:10:52+00:00\" \/>\n<meta property=\"og:image\" content=\"https:\/\/sagnlandet.dk\/de\/wp-content\/uploads\/sites\/13\/2025\/02\/jernalder-17-1.jpg\" \/>\n\t<meta property=\"og:image:width\" content=\"2500\" \/>\n\t<meta property=\"og:image:height\" content=\"1667\" \/>\n\t<meta property=\"og:image:type\" content=\"image\/jpeg\" \/>\n<meta name=\"twitter:card\" content=\"summary_large_image\" \/>\n<meta name=\"twitter:label1\" content=\"Gesch\u00e4tzte Lesezeit\" \/>\n\t<meta name=\"twitter:data1\" content=\"3\u00a0Minuten\" \/>\n<!-- \/ Yoast SEO plugin. -->","yoast_head_json":{"title":"Vision und Auftrag - Sagnlandet Lejre","robots":{"index":"index","follow":"follow","max-snippet":"max-snippet:-1","max-image-preview":"max-image-preview:large","max-video-preview":"max-video-preview:-1"},"canonical":"https:\/\/sagnlandet.dk\/de\/vision-and-mission\/","og_locale":"de_DE","og_type":"article","og_title":"Vision und Auftrag - Sagnlandet Lejre","og_url":"https:\/\/sagnlandet.dk\/de\/vision-and-mission\/","og_site_name":"Sagnlandet Lejre","article_modified_time":"2025-02-24T06:10:52+00:00","og_image":[{"width":2500,"height":1667,"url":"https:\/\/sagnlandet.dk\/de\/wp-content\/uploads\/sites\/13\/2025\/02\/jernalder-17-1.jpg","type":"image\/jpeg"}],"twitter_card":"summary_large_image","twitter_misc":{"Gesch\u00e4tzte Lesezeit":"3\u00a0Minuten"},"schema":{"@context":"https:\/\/schema.org","@graph":[{"@type":"WebPage","@id":"https:\/\/sagnlandet.dk\/de\/vision-and-mission\/","url":"https:\/\/sagnlandet.dk\/de\/vision-and-mission\/","name":"Vision und Auftrag - Sagnlandet Lejre","isPartOf":{"@id":"https:\/\/sagnlandet.dk\/de\/#website"},"primaryImageOfPage":{"@id":"https:\/\/sagnlandet.dk\/de\/vision-and-mission\/#primaryimage"},"image":{"@id":"https:\/\/sagnlandet.dk\/de\/vision-and-mission\/#primaryimage"},"thumbnailUrl":"https:\/\/sagnlandet.dk\/de\/wp-content\/uploads\/sites\/13\/2025\/02\/jernalder-17-1-1.jpg","datePublished":"2024-11-11T09:43:14+00:00","dateModified":"2025-02-24T06:10:52+00:00","breadcrumb":{"@id":"https:\/\/sagnlandet.dk\/de\/vision-and-mission\/#breadcrumb"},"inLanguage":"de","potentialAction":[{"@type":"ReadAction","target":["https:\/\/sagnlandet.dk\/de\/vision-and-mission\/"]}]},{"@type":"ImageObject","inLanguage":"de","@id":"https:\/\/sagnlandet.dk\/de\/vision-and-mission\/#primaryimage","url":"https:\/\/sagnlandet.dk\/de\/wp-content\/uploads\/sites\/13\/2025\/02\/jernalder-17-1-1.jpg","contentUrl":"https:\/\/sagnlandet.dk\/de\/wp-content\/uploads\/sites\/13\/2025\/02\/jernalder-17-1-1.jpg","width":2500,"height":1667},{"@type":"BreadcrumbList","@id":"https:\/\/sagnlandet.dk\/de\/vision-and-mission\/#breadcrumb","itemListElement":[{"@type":"ListItem","position":1,"name":"Hjem","item":"https:\/\/sagnlandet.dk\/de\/"},{"@type":"ListItem","position":2,"name":"Vision and Mission"}]},{"@type":"WebSite","@id":"https:\/\/sagnlandet.dk\/de\/#website","url":"https:\/\/sagnlandet.dk\/de\/","name":"Sagnlandet Lejre","description":"","publisher":{"@id":"https:\/\/sagnlandet.dk\/de\/#organization"},"potentialAction":[{"@type":"SearchAction","target":{"@type":"EntryPoint","urlTemplate":"https:\/\/sagnlandet.dk\/de\/?s={search_term_string}"},"query-input":{"@type":"PropertyValueSpecification","valueRequired":true,"valueName":"search_term_string"}}],"inLanguage":"de"},{"@type":"Organization","@id":"https:\/\/sagnlandet.dk\/de\/#organization","name":"Sagnlandet Lejre","url":"https:\/\/sagnlandet.dk\/de\/","logo":{"@type":"ImageObject","inLanguage":"de","@id":"https:\/\/sagnlandet.dk\/de\/#\/schema\/logo\/image\/","url":"https:\/\/sagnlandet.dk\/de\/wp-content\/uploads\/sites\/13\/1738\/65\/logo.png","contentUrl":"https:\/\/sagnlandet.dk\/de\/wp-content\/uploads\/sites\/13\/1738\/65\/logo.png","width":398,"height":143,"caption":"Sagnlandet Lejre"},"image":{"@id":"https:\/\/sagnlandet.dk\/de\/#\/schema\/logo\/image\/"}}]}},"_links":{"self":[{"href":"https:\/\/sagnlandet.dk\/de\/wp-json\/wp\/v2\/pages\/70183"}],"collection":[{"href":"https:\/\/sagnlandet.dk\/de\/wp-json\/wp\/v2\/pages"}],"about":[{"href":"https:\/\/sagnlandet.dk\/de\/wp-json\/wp\/v2\/types\/page"}],"author":[{"embeddable":true,"href":"https:\/\/sagnlandet.dk\/de\/wp-json\/wp\/v2\/users\/3"}],"replies":[{"embeddable":true,"href":"https:\/\/sagnlandet.dk\/de\/wp-json\/wp\/v2\/comments?post=70183"}],"version-history":[{"count":1,"href":"https:\/\/sagnlandet.dk\/de\/wp-json\/wp\/v2\/pages\/70183\/revisions"}],"predecessor-version":[{"id":70629,"href":"https:\/\/sagnlandet.dk\/de\/wp-json\/wp\/v2\/pages\/70183\/revisions\/70629"}],"wp:featuredmedia":[{"embeddable":true,"href":"https:\/\/sagnlandet.dk\/de\/wp-json\/wp\/v2\/media\/71064"}],"wp:attachment":[{"href":"https:\/\/sagnlandet.dk\/de\/wp-json\/wp\/v2\/media?parent=70183"}],"curies":[{"name":"wp","href":"https:\/\/api.w.org\/{rel}","templated":true}]}}