{"id":70124,"date":"2024-10-15T09:56:03","date_gmt":"2024-10-15T07:56:03","guid":{"rendered":"https:\/\/sagnlandet.dk\/vaerkstederne\/"},"modified":"2025-02-24T07:11:07","modified_gmt":"2025-02-24T06:11:07","slug":"die-werkstaetten","status":"publish","type":"page","link":"https:\/\/sagnlandet.dk\/de\/die-werkstaetten\/","title":{"rendered":"Die Werkst\u00e4tten"},"content":{"rendered":"\r\n\r\n<section class=\"standout-section standout-block standout-basic alignfull rounded-bg wp-elements-88c183be1fe7ab8f6abac9399f3a8c33 hero-section side-spacing has-bg has-bg-img bg-size-cover bg-align-horizontal-center bg-align-vertical-center has-text-color\" style=\"color: #ffffff;\">\r\n\r\n\t<div class=\"standout-max-container\">\t\r\n\r\n<div class=\"standout-block-inner\">\r\n\t\t\t\r\n\t<div class=\"standout-block-background-deco\" style=\"--bg-align-vertical: center; --bg-align-horizontal: center; --bg-object-position: center center\">\r\n\t\t<img loading=\"lazy\" decoding=\"async\" width=\"1920\" height=\"1188\" src=\"https:\/\/sagnlandet.dk\/de\/wp-content\/uploads\/sites\/13\/2025\/02\/plantefarvning-2017-30.jpg\" class=\"standout-block-background-deco-element\" alt=\"\" srcset=\"https:\/\/sagnlandet.dk\/de\/wp-content\/uploads\/sites\/13\/2025\/02\/plantefarvning-2017-30.jpg 2331w, https:\/\/sagnlandet.dk\/de\/wp-content\/uploads\/sites\/13\/2025\/02\/plantefarvning-2017-30-600x371.jpg 600w, https:\/\/sagnlandet.dk\/de\/wp-content\/uploads\/sites\/13\/2025\/02\/plantefarvning-2017-30-1920x1188.jpg 1920w, https:\/\/sagnlandet.dk\/de\/wp-content\/uploads\/sites\/13\/2025\/02\/plantefarvning-2017-30-1536x950.jpg 1536w, https:\/\/sagnlandet.dk\/de\/wp-content\/uploads\/sites\/13\/2025\/02\/plantefarvning-2017-30-2048x1267.jpg 2048w, https:\/\/sagnlandet.dk\/de\/wp-content\/uploads\/sites\/13\/2025\/02\/plantefarvning-2017-30-162x100.jpg 162w, https:\/\/sagnlandet.dk\/de\/wp-content\/uploads\/sites\/13\/2025\/02\/plantefarvning-2017-30-1200x742.jpg 1200w, https:\/\/sagnlandet.dk\/de\/wp-content\/uploads\/sites\/13\/2025\/02\/plantefarvning-2017-30-1320x817.jpg 1320w\" sizes=\"(max-width: 1920px) 100vw, 1920px\" \/>\t<\/div>\r\n\r\n\t\t\r\n\t\t\t\t\t\t<div class=\"acf-innerblocks-container\">\n\n<h1 class=\"wp-block-heading\">Besuchen Sie die historischen Werkst\u00e4tten<\/h1>\n\n\n\n<p class=\"has-h-6-font-size\">Treffen Sie die historischen Handwerker im Lejre Land der Legenden.<\/p>\n\n<\/div>\r\n\t\t\t\r\n\t\t\t<div class=\"standout-hero-information\"><div class=\"standout-hero-information-inner\">Das Programm des Tages finden Sie <a href=\"https:\/\/sagnlandet.dk\/de\/tagesprogramm\/\">hier <span height=\"1em\" class=\"standout-custom-svg custom-svg\"><?xml version=\"1.0\" encoding=\"UTF-8\"?><svg height=\"1em\" id=\"a\" xmlns=\"http:\/\/www.w3.org\/2000\/svg\" viewBox=\"0 0 16.28 22.02\"><path d=\"M5.4,18.67h-.24c-.77.76-1.5,1.5-2.28,2.28v.35h-.36c-.24.26-.45.47-.68.71H.74c0-.15-.01-.28-.02-.37-.24-.23-.45-.43-.7-.66v-.34c.08-.05.15-.1.23-.15-.06-.05-.14-.09-.19-.15-.03-.04-.06-.13-.04-.15.13-.13.28-.24.46-.39,0-.08,0-.22.01-.29.52-.52,1.01-1,1.49-1.49-.01-.02-.02-.03-.04-.05.14,0,.27-.01.35-.02.32-.33.61-.62.94-.95h.35c0-.15.02-.3.02-.37.2-.2.37-.37.58-.58h.26c.48-.49.93-.94,1.42-1.44h.35v-.38c.13-.11.22-.2.31-.28,0-.02-.02-.04-.03-.06h.34c.41-.42.77-.79,1.18-1.2h.25c.57-.57,1.1-1.11,1.66-1.68h.25c.2-.19.37-.33.52-.49.04-.04.09-.16.07-.18-.12-.11-.26-.19-.38-.3-.12-.11-.22-.23-.33-.35-.11-.12-.21-.24-.32-.36-.07-.07-.15-.13-.29-.24h-.25c-.31-.33-.6-.62-.92-.96h-.3c-.15-.17-.26-.3-.41-.48h-.31c-.15-.17-.26-.3-.41-.48h-.28c-.41-.42-.77-.79-1.18-1.2h-.27c-.31-.33-.6-.62-.92-.96h-.29c-.23-.25-.44-.47-.68-.72h-.29c-.14-.17-.26-.31-.4-.48h-.31c-.14-.17-.26-.31-.41-.48h-.28c-.29-.29-.53-.54-.83-.84v-.26c-.26-.24-.47-.44-.71-.67.1-.18-.21-.52.23-.68v-.31c.22-.22.38-.38.59-.59h1.02c.14.16.25.29.4.47h.36c.02.09.04.16.06.24h.35c.23.25.44.46.68.72h.29c.15.17.26.3.42.48h.27c.33.33.61.62.94.96.06,0,.19,0,.3.02.14.16.26.3.4.47h.29c.32.33.61.62.94.96h.28c.14.17.26.31.4.48h.37c0,.36.29.21.41.24.24.26.44.47.68.72h.34c.07.11,0,.36.28.23v.48c.15,0,.29.01.38.02.31.32.59.62.91.95h.28c.23.25.44.47.68.72h.3c.14-.16.26-.3.4-.47h1.33c0-.37.27-.21.47-.25.02-.06.05-.14.07-.22h.58c.19.2.36.37.57.58v.58c-.07.01-.14.03-.2.04-.1.17.13.48-.26.48v.33c-.2.21-.34.36-.49.51-.1.11-.2.23-.31.33-.12.1-.26.18-.39.29-.03.02-.03.12-.01.14.14.12.29.24.46.38v.36c.08.03.16.06.25.08v.65c.08.02.15.04.23.06v.42c-.07.02-.14.05-.23.07v.43h-.38c-.11.12-.17.18-.23.25-.05-.07-.11-.13-.19-.23h-.55c-.15-.17-.26-.3-.41-.48h-.32c-.26-.48-.68-.1-.93-.25-.24.25-.44.46-.68.72-.07,0-.2,0-.37.02v.37c-.13.11-.22.19-.31.27,0,.02.02.04.03.06h-.33c-.66.66-1.26,1.27-1.91,1.92h-.25c-.81.81-1.57,1.58-2.39,2.4h-.35c0,.15-.02.29-.02.39-.11.11-.2.19-.35.33Z\"\/><\/svg><\/span><\/a><\/div><div class=\"standout-hero-rowing-animation\"><img decoding=\"async\" class=\"animation\" src=\"https:\/\/sagnlandet.dk\/de\/wp-content\/themes\/s-child\/images\/rowing.png\"><\/div><\/div>\t<\/div>\r\n\r\n\r\n\r\n\t\t<\/div>\r\n<\/section>\n\n\n<h4 class=\"wp-block-heading\">Die Werkst\u00e4tten<\/h4>\n\n\n\n<p>Zwei kleine wei\u00dfe, reetgedeckte H\u00e4user liegen am Rande von Vides\u00f8. Sie beherbergen die historischen Werkst\u00e4tten von Lejre Land of Legends. In der T\u00f6pferei sind die T\u00f6pfer zu Hause, nebenan arbeiten sie mit Textilien.<\/p>\n\n\n\n<p>Betreten Sie die T\u00f6pferwerkstatt und sehen Sie zu, wie eine Tasse auf der Werkbank gedreht wird. Oder vielleicht wird ein j\u00fctl\u00e4ndisches Gef\u00e4\u00df poliert. Vielleicht sind es auch steinzeitliche T\u00f6pferwaren, die einem der T\u00f6pfer aus der Hand fallen.<\/p>\n\n\n\n<p>Von sp\u00e4tneolithischen T\u00f6pfen bis hin zu &#8220;modernen&#8221; glasierten Tassen aus den 1800er Jahren war das Material immer dasselbe: Ton. Die T\u00f6pfer von Sagnlandet schreiben Geschichte mit Ton zwischen ihren Fingern. Jeden Tag sind sie in die Arbeit mit dem Ton vertieft und freuen sich, Ihnen davon zu erz\u00e4hlen.<\/p>\n\n\n\n<p>Auf allen Seiten der Handwerker stehen Regale und Tische mit Tonarbeiten aus allen Epochen. Erforschen und befriedigen Sie Ihre Neugierde beim Wurstmachen, Drechseln, Glasieren und vielem mehr.<\/p>\n\n\n\n<p>Wenn Sie Gl\u00fcck haben, k\u00f6nnen Sie einen Klumpen Ton in die Hand nehmen und sich selbst an den Techniken versuchen.<\/p>\n\n\n\n<figure class=\"wp-block-image size-full is-resized\"><img decoding=\"async\" src=\"https:\/\/sagnlandet.dk\/wp-content\/uploads\/2025\/02\/kongehal-keramik1-1920x1440-1.jpg\" alt=\"\" class=\"wp-image-2016\" style=\"width:640px;height:auto\"\/><\/figure>\n\n\n\n<p>Weiter geht&#8217;s zum n\u00e4chsten Nachbarn, der Kost\u00fcmwerkstatt. Hier finden Sie Garne in allen m\u00f6glichen Farben, Webst\u00fchle, Stachelrochen und andere aufregende Gegenst\u00e4nde aus Garn und Kleidung, die die R\u00e4ume f\u00fcllen.<\/p>\n\n\n\n<p>Finde die Weberin hinter dem Webstuhl, die Spinnerin hinter dem Spinnrad oder mit dem Hals \u00fcber ihre Strickerei gebeugt. Wenn es drinnen leer ist, finden Sie wahrscheinlich Farbe an den Kesseln unter dem Vordach drau\u00dfen. Lernen Sie den faszinierenden Prozess des F\u00e4rbens von wei\u00dfem Garn in Rot, Gelb oder Gr\u00fcn mit nat\u00fcrlichen Pflanzen kennen.<\/p>\n\n\n\n<p>Jeden Tag gibt es neue Aufgaben f\u00fcr die Textilexperten, und sie geben gerne Auskunft dar\u00fcber, was sie gerade tun.<\/p>\n\n\n\n<p>Erkunden Sie die ausgestellten historischen Kost\u00fcme und erfahren Sie, wie die Mode unserer Vorfahren aussah.<\/p>\n\n\n\n<figure class=\"wp-block-embed is-type-video is-provider-youtube wp-block-embed-youtube wp-embed-aspect-16-9 wp-has-aspect-ratio\"><div class=\"wp-block-embed__wrapper\">\n<iframe title=\"Brewing Beer in the Danish Stone Age (subtitles)   \u00d8lbrygning i Stenalderen, Sagnlandet\" width=\"500\" height=\"281\" src=\"https:\/\/www.youtube.com\/embed\/ry6zpICtq0M?feature=oembed\" frameborder=\"0\" allow=\"accelerometer; autoplay; clipboard-write; encrypted-media; gyroscope; picture-in-picture; web-share\" referrerpolicy=\"strict-origin-when-cross-origin\" allowfullscreen><\/iframe>\n<\/div><\/figure>\n\n\n\n<h5 class=\"wp-block-heading\">Letzte Beitr\u00e4ge<\/h5>\n\n\n\n<div class=\"wp-block-query is-layout-flow wp-block-query-is-layout-flow\">\n\n<\/div>\n\n\n\n<hr class=\"wp-block-separator has-alpha-channel-opacity\"\/>\n\n\n\n<h5 class=\"wp-block-heading\">Mehr \u00fcber die Workshops in Lejre Land of Legends:<\/h5>\n\n\n\r\n\r\n<section class=\"standout-section standout-block standout-columns alignwide is-slick slick-overflow\" style=\"--columns: 3; --column-span: 1; --element-alignment: flex-start;\" data-columns=\"3\">\r\n\r\n\t<div class=\"standout-max-container\">\t\r\n\r\n<div class=\"standout-block-inner\">\r\n\t\t\t<div class=\"acf-innerblocks-container\">\n\r\n\r\n<section class=\"standout-block standout-column-element\">\r\n\r\n\t<div class=\"standout-max-container\">\t\r\n\r\n<div class=\"standout-block-inner\">\r\n\t\t\r\n\t\t\t<div class=\"acf-innerblocks-container\">\n\r\n\r\n<section class=\"standout-section standout-block standout-posts alignwide rounded-bg\">\r\n\r\n\t<div class=\"standout-max-container\">\t\r\n\r\n<div class=\"standout-block-inner\">\r\n\t<div class=\"acf-innerblocks-container\">\r\n\t\t\r\n\r\n<section class=\"standout-section standout-block standout-columns alignwide\" style=\"--columns: 1; --column-span: 1;\" data-columns=\"1\">\r\n\r\n\t<div class=\"standout-max-container\">\t\r\n\r\n<div class=\"standout-block-inner\">\r\n\t\t\t<div class=\"acf-innerblocks-container\">\r\n\t\t\t\r\n\r\n<section class=\"standout-block standout-column-element\">\r\n\r\n\t<div class=\"standout-max-container\">\t\r\n\r\n<div class=\"standout-block-inner\">\r\n\t\t\r\n\t\t\t<div class=\"acf-innerblocks-container\">\r\n\t\t\t\r\n<div class=\"post post-loop post-loop-type-page\">\r\n\t<a class=\"post-loop-link\" href=\"https:\/\/sagnlandet.dk\/de\/ausbildungskurse\/\"><\/a>\r\n\r\n\t\t\t<div class=\"post-thumbnail-wrap\">\r\n\t\t\t<img loading=\"lazy\" decoding=\"async\" width=\"2321\" height=\"1309\" src=\"https:\/\/sagnlandet.dk\/de\/wp-content\/uploads\/sites\/13\/2025\/02\/ravnebjerg-juni-2017-abelone-bregninge-29-1-1.jpg\" class=\"attachment-post-thumbnail size-post-thumbnail wp-post-image\" alt=\"\" srcset=\"https:\/\/sagnlandet.dk\/de\/wp-content\/uploads\/sites\/13\/2025\/02\/ravnebjerg-juni-2017-abelone-bregninge-29-1-1.jpg 2321w, https:\/\/sagnlandet.dk\/de\/wp-content\/uploads\/sites\/13\/2025\/02\/ravnebjerg-juni-2017-abelone-bregninge-29-1-1-600x338.jpg 600w, https:\/\/sagnlandet.dk\/de\/wp-content\/uploads\/sites\/13\/2025\/02\/ravnebjerg-juni-2017-abelone-bregninge-29-1-1-1920x1083.jpg 1920w, https:\/\/sagnlandet.dk\/de\/wp-content\/uploads\/sites\/13\/2025\/02\/ravnebjerg-juni-2017-abelone-bregninge-29-1-1-1536x866.jpg 1536w, https:\/\/sagnlandet.dk\/de\/wp-content\/uploads\/sites\/13\/2025\/02\/ravnebjerg-juni-2017-abelone-bregninge-29-1-1-2048x1155.jpg 2048w, https:\/\/sagnlandet.dk\/de\/wp-content\/uploads\/sites\/13\/2025\/02\/ravnebjerg-juni-2017-abelone-bregninge-29-1-1-177x100.jpg 177w, https:\/\/sagnlandet.dk\/de\/wp-content\/uploads\/sites\/13\/2025\/02\/ravnebjerg-juni-2017-abelone-bregninge-29-1-1-1200x677.jpg 1200w, https:\/\/sagnlandet.dk\/de\/wp-content\/uploads\/sites\/13\/2025\/02\/ravnebjerg-juni-2017-abelone-bregninge-29-1-1-1320x744.jpg 1320w\" sizes=\"(max-width: 2321px) 100vw, 2321px\" \/>\t\t<\/div>\r\n\t\r\n\t<div class=\"post-title-wrap\">\r\n\t\t<span class=\"post-title\">Ausbildungskurse<\/span>\r\n\t<\/div>\r\n\r\n\t\t\t<div class=\"post-excerpt-wrap\">\r\n\t\t\t<span class=\"post-excerpt\">Hier sehen Sie eine \u00dcbersicht \u00fcber die verschiedenen Programme, die Lejre Land of Legends anbietet. Klicken Sie auf den Titel, um weitere Informationen zu den einzelnen Bereichen zu erhalten.<\/span>\r\n\t\t<\/div>\r\n\t<\/div>\r\n\t\t<\/div>\r\n\t<\/div>\r\n\r\n\r\n\r\n\t\t<\/div>\r\n<\/section>\t\t<\/div>\r\n\t<\/div>\r\n\r\n\r\n\r\n\t\t<\/div>\r\n<\/section>\t<\/div>\r\n<\/div>\r\n\r\n\r\n\r\n\t\t<\/div>\r\n<\/section>\n<\/div>\r\n\t<\/div>\r\n\r\n\r\n\r\n\t\t<\/div>\r\n<\/section>\n<\/div>\r\n\t<\/div>\r\n\r\n\r\n\r\n\t\t<\/div>\r\n<\/section>","protected":false},"excerpt":{"rendered":"<p>Die Werkst\u00e4tten Zwei kleine wei\u00dfe, reetgedeckte H\u00e4user liegen am Rande von Vides\u00f8. Sie beherbergen die historischen Werkst\u00e4tten von Lejre Land of Legends. In der T\u00f6pferei sind die T\u00f6pfer zu Hause, nebenan arbeiten sie mit Textilien. Betreten Sie die T\u00f6pferwerkstatt und sehen Sie zu, wie eine Tasse auf der Werkbank gedreht wird. Oder vielleicht wird ein [&hellip;]<\/p>\n","protected":false},"author":3,"featured_media":71069,"parent":0,"menu_order":0,"comment_status":"open","ping_status":"open","template":"","meta":{"_acf_changed":false,"footnotes":""},"class_list":["post-70124","page","type-page","status-publish","has-post-thumbnail","hentry"],"acf":[],"yoast_head":"<!-- This site is optimized with the Yoast SEO plugin v23.5 - https:\/\/yoast.com\/wordpress\/plugins\/seo\/ -->\n<title>Die Werkst\u00e4tten - Sagnlandet Lejre<\/title>\n<meta name=\"robots\" content=\"index, follow, max-snippet:-1, max-image-preview:large, max-video-preview:-1\" \/>\n<link rel=\"canonical\" href=\"https:\/\/sagnlandet.dk\/de\/the-workshops\/\" \/>\n<meta property=\"og:locale\" content=\"de_DE\" \/>\n<meta property=\"og:type\" content=\"article\" \/>\n<meta property=\"og:title\" content=\"Die Werkst\u00e4tten - Sagnlandet Lejre\" \/>\n<meta property=\"og:description\" content=\"Die Werkst\u00e4tten Zwei kleine wei\u00dfe, reetgedeckte H\u00e4user liegen am Rande von Vides\u00f8. Sie beherbergen die historischen Werkst\u00e4tten von Lejre Land of Legends. In der T\u00f6pferei sind die T\u00f6pfer zu Hause, nebenan arbeiten sie mit Textilien. Betreten Sie die T\u00f6pferwerkstatt und sehen Sie zu, wie eine Tasse auf der Werkbank gedreht wird. Oder vielleicht wird ein [&hellip;]\" \/>\n<meta property=\"og:url\" content=\"https:\/\/sagnlandet.dk\/de\/the-workshops\/\" \/>\n<meta property=\"og:site_name\" content=\"Sagnlandet Lejre\" \/>\n<meta property=\"article:modified_time\" content=\"2025-02-24T06:11:07+00:00\" \/>\n<meta property=\"og:image\" content=\"https:\/\/sagnlandet.dk\/de\/wp-content\/uploads\/sites\/13\/2025\/02\/plantefarvning-2017-30-1.jpg\" \/>\n\t<meta property=\"og:image:width\" content=\"2331\" \/>\n\t<meta property=\"og:image:height\" content=\"1442\" \/>\n\t<meta property=\"og:image:type\" content=\"image\/jpeg\" \/>\n<meta name=\"twitter:card\" content=\"summary_large_image\" \/>\n<meta name=\"twitter:label1\" content=\"Gesch\u00e4tzte Lesezeit\" \/>\n\t<meta name=\"twitter:data1\" content=\"3\u00a0Minuten\" \/>\n<!-- \/ Yoast SEO plugin. -->","yoast_head_json":{"title":"Die Werkst\u00e4tten - Sagnlandet Lejre","robots":{"index":"index","follow":"follow","max-snippet":"max-snippet:-1","max-image-preview":"max-image-preview:large","max-video-preview":"max-video-preview:-1"},"canonical":"https:\/\/sagnlandet.dk\/de\/the-workshops\/","og_locale":"de_DE","og_type":"article","og_title":"Die Werkst\u00e4tten - Sagnlandet Lejre","og_description":"Die Werkst\u00e4tten Zwei kleine wei\u00dfe, reetgedeckte H\u00e4user liegen am Rande von Vides\u00f8. Sie beherbergen die historischen Werkst\u00e4tten von Lejre Land of Legends. In der T\u00f6pferei sind die T\u00f6pfer zu Hause, nebenan arbeiten sie mit Textilien. Betreten Sie die T\u00f6pferwerkstatt und sehen Sie zu, wie eine Tasse auf der Werkbank gedreht wird. Oder vielleicht wird ein [&hellip;]","og_url":"https:\/\/sagnlandet.dk\/de\/the-workshops\/","og_site_name":"Sagnlandet Lejre","article_modified_time":"2025-02-24T06:11:07+00:00","og_image":[{"width":2331,"height":1442,"url":"https:\/\/sagnlandet.dk\/de\/wp-content\/uploads\/sites\/13\/2025\/02\/plantefarvning-2017-30-1.jpg","type":"image\/jpeg"}],"twitter_card":"summary_large_image","twitter_misc":{"Gesch\u00e4tzte Lesezeit":"3\u00a0Minuten"},"schema":{"@context":"https:\/\/schema.org","@graph":[{"@type":"WebPage","@id":"https:\/\/sagnlandet.dk\/de\/the-workshops\/","url":"https:\/\/sagnlandet.dk\/de\/the-workshops\/","name":"Die Werkst\u00e4tten - Sagnlandet Lejre","isPartOf":{"@id":"https:\/\/sagnlandet.dk\/de\/#website"},"primaryImageOfPage":{"@id":"https:\/\/sagnlandet.dk\/de\/the-workshops\/#primaryimage"},"image":{"@id":"https:\/\/sagnlandet.dk\/de\/the-workshops\/#primaryimage"},"thumbnailUrl":"https:\/\/sagnlandet.dk\/de\/wp-content\/uploads\/sites\/13\/2025\/02\/plantefarvning-2017-30-1-1.jpg","datePublished":"2024-10-15T07:56:03+00:00","dateModified":"2025-02-24T06:11:07+00:00","breadcrumb":{"@id":"https:\/\/sagnlandet.dk\/de\/the-workshops\/#breadcrumb"},"inLanguage":"de","potentialAction":[{"@type":"ReadAction","target":["https:\/\/sagnlandet.dk\/de\/the-workshops\/"]}]},{"@type":"ImageObject","inLanguage":"de","@id":"https:\/\/sagnlandet.dk\/de\/the-workshops\/#primaryimage","url":"https:\/\/sagnlandet.dk\/de\/wp-content\/uploads\/sites\/13\/2025\/02\/plantefarvning-2017-30-1-1.jpg","contentUrl":"https:\/\/sagnlandet.dk\/de\/wp-content\/uploads\/sites\/13\/2025\/02\/plantefarvning-2017-30-1-1.jpg","width":2331,"height":1442},{"@type":"BreadcrumbList","@id":"https:\/\/sagnlandet.dk\/de\/the-workshops\/#breadcrumb","itemListElement":[{"@type":"ListItem","position":1,"name":"Hjem","item":"https:\/\/sagnlandet.dk\/de\/"},{"@type":"ListItem","position":2,"name":"The workshops"}]},{"@type":"WebSite","@id":"https:\/\/sagnlandet.dk\/de\/#website","url":"https:\/\/sagnlandet.dk\/de\/","name":"Sagnlandet Lejre","description":"","publisher":{"@id":"https:\/\/sagnlandet.dk\/de\/#organization"},"potentialAction":[{"@type":"SearchAction","target":{"@type":"EntryPoint","urlTemplate":"https:\/\/sagnlandet.dk\/de\/?s={search_term_string}"},"query-input":{"@type":"PropertyValueSpecification","valueRequired":true,"valueName":"search_term_string"}}],"inLanguage":"de"},{"@type":"Organization","@id":"https:\/\/sagnlandet.dk\/de\/#organization","name":"Sagnlandet Lejre","url":"https:\/\/sagnlandet.dk\/de\/","logo":{"@type":"ImageObject","inLanguage":"de","@id":"https:\/\/sagnlandet.dk\/de\/#\/schema\/logo\/image\/","url":"https:\/\/sagnlandet.dk\/de\/wp-content\/uploads\/sites\/13\/1738\/65\/logo.png","contentUrl":"https:\/\/sagnlandet.dk\/de\/wp-content\/uploads\/sites\/13\/1738\/65\/logo.png","width":398,"height":143,"caption":"Sagnlandet Lejre"},"image":{"@id":"https:\/\/sagnlandet.dk\/de\/#\/schema\/logo\/image\/"}}]}},"_links":{"self":[{"href":"https:\/\/sagnlandet.dk\/de\/wp-json\/wp\/v2\/pages\/70124"}],"collection":[{"href":"https:\/\/sagnlandet.dk\/de\/wp-json\/wp\/v2\/pages"}],"about":[{"href":"https:\/\/sagnlandet.dk\/de\/wp-json\/wp\/v2\/types\/page"}],"author":[{"embeddable":true,"href":"https:\/\/sagnlandet.dk\/de\/wp-json\/wp\/v2\/users\/3"}],"replies":[{"embeddable":true,"href":"https:\/\/sagnlandet.dk\/de\/wp-json\/wp\/v2\/comments?post=70124"}],"version-history":[{"count":3,"href":"https:\/\/sagnlandet.dk\/de\/wp-json\/wp\/v2\/pages\/70124\/revisions"}],"predecessor-version":[{"id":71259,"href":"https:\/\/sagnlandet.dk\/de\/wp-json\/wp\/v2\/pages\/70124\/revisions\/71259"}],"wp:featuredmedia":[{"embeddable":true,"href":"https:\/\/sagnlandet.dk\/de\/wp-json\/wp\/v2\/media\/71069"}],"wp:attachment":[{"href":"https:\/\/sagnlandet.dk\/de\/wp-json\/wp\/v2\/media?parent=70124"}],"curies":[{"name":"wp","href":"https:\/\/api.w.org\/{rel}","templated":true}]}}