{"id":70117,"date":"2024-10-15T09:24:00","date_gmt":"2024-10-15T07:24:00","guid":{"rendered":"https:\/\/sagnlandet.dk\/jernalderen\/"},"modified":"2025-02-24T07:11:09","modified_gmt":"2025-02-24T06:11:09","slug":"die-eisenzeit","status":"publish","type":"page","link":"https:\/\/sagnlandet.dk\/de\/die-eisenzeit\/","title":{"rendered":"Die Eisenzeit"},"content":{"rendered":"\r\n\r\n<section class=\"standout-section standout-block standout-basic alignfull rounded-bg wp-elements-497ba58ed0d94b6813032cc98124d023 hero-section side-spacing has-bg has-bg-img bg-size-cover bg-align-horizontal-center bg-align-vertical-center has-text-color\" style=\"color: #ffffff;\">\r\n\r\n\t<div class=\"standout-max-container\">\t\r\n\r\n<div class=\"standout-block-inner\">\r\n\t\t\t\r\n\t<div class=\"standout-block-background-deco\" style=\"--bg-align-vertical: center; --bg-align-horizontal: center; --bg-object-position: center center\">\r\n\t\t<img loading=\"lazy\" decoding=\"async\" width=\"1920\" height=\"1079\" src=\"https:\/\/sagnlandet.dk\/de\/wp-content\/uploads\/sites\/13\/1738\/64\/Fotogen-jernalderlandsby-edited-scaled.jpg\" class=\"standout-block-background-deco-element\" alt=\"\" srcset=\"https:\/\/sagnlandet.dk\/de\/wp-content\/uploads\/sites\/13\/1738\/64\/Fotogen-jernalderlandsby-edited-scaled.jpg 2560w, https:\/\/sagnlandet.dk\/de\/wp-content\/uploads\/sites\/13\/1738\/64\/Fotogen-jernalderlandsby-edited-300x169.jpg 300w, https:\/\/sagnlandet.dk\/de\/wp-content\/uploads\/sites\/13\/1738\/64\/Fotogen-jernalderlandsby-edited-1920x1079.jpg 1920w, https:\/\/sagnlandet.dk\/de\/wp-content\/uploads\/sites\/13\/1738\/64\/Fotogen-jernalderlandsby-edited-1536x864.jpg 1536w, https:\/\/sagnlandet.dk\/de\/wp-content\/uploads\/sites\/13\/1738\/64\/Fotogen-jernalderlandsby-edited-2048x1151.jpg 2048w, https:\/\/sagnlandet.dk\/de\/wp-content\/uploads\/sites\/13\/1738\/64\/Fotogen-jernalderlandsby-edited-178x100.jpg 178w, https:\/\/sagnlandet.dk\/de\/wp-content\/uploads\/sites\/13\/1738\/64\/Fotogen-jernalderlandsby-edited-1200x675.jpg 1200w, https:\/\/sagnlandet.dk\/de\/wp-content\/uploads\/sites\/13\/1738\/64\/Fotogen-jernalderlandsby-edited-1320x742.jpg 1320w, https:\/\/sagnlandet.dk\/de\/wp-content\/uploads\/sites\/13\/1738\/64\/Fotogen-jernalderlandsby-edited-600x337.jpg 600w\" sizes=\"(max-width: 1920px) 100vw, 1920px\" \/>\t<\/div>\r\n\r\n\t\t\r\n\t\t\t\t\t\t<div class=\"acf-innerblocks-container\">\n\n<h1 class=\"wp-block-heading\">Machen Sie eine Zeitreise in die Eisenzeit<\/h1>\n\n\n\n<p class=\"has-h-6-font-size\">Begegnen Sie den Menschen der Eisenzeit im Lejre Land der Legenden.<\/p>\n\n<\/div>\r\n\t\t\t\r\n\t\t\t<div class=\"standout-hero-information\"><div class=\"standout-hero-information-inner\">Das Programm des Tages finden Sie <a href=\"https:\/\/sagnlandet.dk\/de\/tagesprogramm\/\">hier <span height=\"1em\" class=\"standout-custom-svg custom-svg\"><?xml version=\"1.0\" encoding=\"UTF-8\"?><svg height=\"1em\" id=\"a\" xmlns=\"http:\/\/www.w3.org\/2000\/svg\" viewBox=\"0 0 16.28 22.02\"><path d=\"M5.4,18.67h-.24c-.77.76-1.5,1.5-2.28,2.28v.35h-.36c-.24.26-.45.47-.68.71H.74c0-.15-.01-.28-.02-.37-.24-.23-.45-.43-.7-.66v-.34c.08-.05.15-.1.23-.15-.06-.05-.14-.09-.19-.15-.03-.04-.06-.13-.04-.15.13-.13.28-.24.46-.39,0-.08,0-.22.01-.29.52-.52,1.01-1,1.49-1.49-.01-.02-.02-.03-.04-.05.14,0,.27-.01.35-.02.32-.33.61-.62.94-.95h.35c0-.15.02-.3.02-.37.2-.2.37-.37.58-.58h.26c.48-.49.93-.94,1.42-1.44h.35v-.38c.13-.11.22-.2.31-.28,0-.02-.02-.04-.03-.06h.34c.41-.42.77-.79,1.18-1.2h.25c.57-.57,1.1-1.11,1.66-1.68h.25c.2-.19.37-.33.52-.49.04-.04.09-.16.07-.18-.12-.11-.26-.19-.38-.3-.12-.11-.22-.23-.33-.35-.11-.12-.21-.24-.32-.36-.07-.07-.15-.13-.29-.24h-.25c-.31-.33-.6-.62-.92-.96h-.3c-.15-.17-.26-.3-.41-.48h-.31c-.15-.17-.26-.3-.41-.48h-.28c-.41-.42-.77-.79-1.18-1.2h-.27c-.31-.33-.6-.62-.92-.96h-.29c-.23-.25-.44-.47-.68-.72h-.29c-.14-.17-.26-.31-.4-.48h-.31c-.14-.17-.26-.31-.41-.48h-.28c-.29-.29-.53-.54-.83-.84v-.26c-.26-.24-.47-.44-.71-.67.1-.18-.21-.52.23-.68v-.31c.22-.22.38-.38.59-.59h1.02c.14.16.25.29.4.47h.36c.02.09.04.16.06.24h.35c.23.25.44.46.68.72h.29c.15.17.26.3.42.48h.27c.33.33.61.62.94.96.06,0,.19,0,.3.02.14.16.26.3.4.47h.29c.32.33.61.62.94.96h.28c.14.17.26.31.4.48h.37c0,.36.29.21.41.24.24.26.44.47.68.72h.34c.07.11,0,.36.28.23v.48c.15,0,.29.01.38.02.31.32.59.62.91.95h.28c.23.25.44.47.68.72h.3c.14-.16.26-.3.4-.47h1.33c0-.37.27-.21.47-.25.02-.06.05-.14.07-.22h.58c.19.2.36.37.57.58v.58c-.07.01-.14.03-.2.04-.1.17.13.48-.26.48v.33c-.2.21-.34.36-.49.51-.1.11-.2.23-.31.33-.12.1-.26.18-.39.29-.03.02-.03.12-.01.14.14.12.29.24.46.38v.36c.08.03.16.06.25.08v.65c.08.02.15.04.23.06v.42c-.07.02-.14.05-.23.07v.43h-.38c-.11.12-.17.18-.23.25-.05-.07-.11-.13-.19-.23h-.55c-.15-.17-.26-.3-.41-.48h-.32c-.26-.48-.68-.1-.93-.25-.24.25-.44.46-.68.72-.07,0-.2,0-.37.02v.37c-.13.11-.22.19-.31.27,0,.02.02.04.03.06h-.33c-.66.66-1.26,1.27-1.91,1.92h-.25c-.81.81-1.57,1.58-2.39,2.4h-.35c0,.15-.02.29-.02.39-.11.11-.2.19-.35.33Z\"\/><\/svg><\/span><\/a><\/div><div class=\"standout-hero-rowing-animation\"><img decoding=\"async\" class=\"animation\" src=\"https:\/\/sagnlandet.dk\/de\/wp-content\/themes\/s-child\/images\/rowing.png\"><\/div><\/div>\t<\/div>\r\n\r\n\r\n\r\n\t\t<\/div>\r\n<\/section>\n\n\n<h4 class=\"wp-block-heading\">Treten Sie aus dem Alltag heraus und reisen Sie in die ferne Vergangenheit.<\/h4>\n\n\n\n<p>Erleben Sie die Mischung aus idyllischem Dorfleben und rauen Lebensbedingungen mit allen Sinnen.<\/p>\n\n\n\n<p>Die Stra\u00dfe zum eisenzeitlichen Dorf Lethra schl\u00e4ngelt sich zwischen sanften H\u00fcgeln hindurch, und zu beiden Seiten des Weges m\u00fcmmeln die Schafe des Dorfes im wilden Gras.<\/p>\n\n\n\n<p>\u00d6ffnen Sie das knarrende Tor und gehen Sie durch den Dorfzaun, wo sich die strohgedeckten H\u00e4user aneinander dr\u00e4ngen.<\/p>\n\n\n\n<p>Folgen Sie dem Steinpflaster zum Eingang, neigen Sie den Kopf und treten Sie durch die niedrige T\u00fcr. Gew\u00f6hnen Sie Ihre Augen an die Dunkelheit und riechen Sie den schwachen Duft des Kamins. Setzen Sie sich auf die Schafsfelle im Bett und stellen Sie sich eine Welt vor, in der die Lehmw\u00e4nde den Rahmen f\u00fcr Ihr Zuhause bilden w\u00fcrden.<\/p>\n\n\n\n<p>Lassen Sie die Kinder das Dorfleben erkunden, auf der Wiese spielen und die mit Mais gef\u00fctterten Enten begr\u00fc\u00dfen.<\/p>\n\n\n\n<p>Werfen Sie einen Blick in die Schmiede, die sich, wie in der Eisenzeit, auf der anderen Seite des Dorfzauns befindet. Sie ist isoliert, damit ein Feuer, das durch die gro\u00dfen Funken entsteht, die bei der Arbeit des Schmieds vom Eisen fliegen, nicht auf die anderen H\u00e4user \u00fcbergreift.<\/p>\n\n\n\n<p>Sprechen Sie mit dem Dorff\u00fchrer und h\u00f6ren Sie Geschichten \u00fcber das Leben vor 2000 Jahren, als die Welt noch anders war.<\/p>\n\n\n\n<figure class=\"wp-block-image size-full\"><img decoding=\"async\" src=\"https:\/\/sagnlandet.dk\/wp-content\/uploads\/1738\/65\/the-times-08-1920x1095-1.jpg\" alt=\"\" class=\"wp-image-1994\"\/><\/figure>\n\n\n\n<figure class=\"wp-block-embed is-type-video is-provider-youtube wp-block-embed-youtube\"><div class=\"wp-block-embed__wrapper\">\nhttps:\/\/www.youtube.com\/watch?v=x6dG2JE-6E4u0026list=PLMOLiYsryN43LV7xYRyImeq_5wJlUsRX7u0026pp=iAQB\n<\/div><\/figure>\n\n\n\n<h5 class=\"wp-block-heading\">Letzte Beitr\u00e4ge<\/h5>\n\n\n\n<div class=\"wp-block-query is-layout-flow wp-block-query-is-layout-flow\">\n\n<\/div>\n\n\n\n<hr class=\"wp-block-separator has-alpha-channel-opacity\"\/>\n\n\n\n<h5 class=\"wp-block-heading\">Mehr Eisenzeit in Lejre &#8211; Land der Legenden:<\/h5>\n\n\n\r\n\r\n<section class=\"standout-section standout-block standout-columns alignwide is-slick slick-overflow\" style=\"--columns: 3; --column-span: 1; --element-alignment: flex-start;\" data-columns=\"3\">\r\n\r\n\t<div class=\"standout-max-container\">\t\r\n\r\n<div class=\"standout-block-inner\">\r\n\t\t\t<div class=\"acf-innerblocks-container\">\n\r\n\r\n<section class=\"standout-block standout-column-element\">\r\n\r\n\t<div class=\"standout-max-container\">\t\r\n\r\n<div class=\"standout-block-inner\">\r\n\t\t\r\n\t\t\t<div class=\"acf-innerblocks-container\">\n\r\n\r\n<section class=\"standout-section standout-block standout-posts alignwide rounded-bg\">\r\n\r\n\t<div class=\"standout-max-container\">\t\r\n\r\n<div class=\"standout-block-inner\">\r\n\t<div class=\"acf-innerblocks-container\">\r\n\t\t\r\n\r\n<section class=\"standout-section standout-block standout-columns alignwide\" style=\"--columns: 1; --column-span: 1;\" data-columns=\"1\">\r\n\r\n\t<div class=\"standout-max-container\">\t\r\n\r\n<div class=\"standout-block-inner\">\r\n\t\t\t<div class=\"acf-innerblocks-container\">\r\n\t\t\t\r\n\r\n<section class=\"standout-block standout-column-element\">\r\n\r\n\t<div class=\"standout-max-container\">\t\r\n\r\n<div class=\"standout-block-inner\">\r\n\t\t\r\n\t\t\t<div class=\"acf-innerblocks-container\">\r\n\t\t\t\r\n<div class=\"post post-loop post-loop-type-page\">\r\n\t<a class=\"post-loop-link\" href=\"https:\/\/sagnlandet.dk\/de\/die-eisenzeit-im-unterricht\/\"><\/a>\r\n\r\n\t\t\t<div class=\"post-thumbnail-wrap\">\r\n\t\t\t<img loading=\"lazy\" decoding=\"async\" width=\"2560\" height=\"1707\" src=\"https:\/\/sagnlandet.dk\/de\/wp-content\/uploads\/sites\/13\/2025\/02\/luft-maj-2012-03-scaled-1-1-1.jpg\" class=\"attachment-post-thumbnail size-post-thumbnail wp-post-image\" alt=\"\" srcset=\"https:\/\/sagnlandet.dk\/de\/wp-content\/uploads\/sites\/13\/2025\/02\/luft-maj-2012-03-scaled-1-1-1.jpg 2560w, https:\/\/sagnlandet.dk\/de\/wp-content\/uploads\/sites\/13\/2025\/02\/luft-maj-2012-03-scaled-1-1-1-600x400.jpg 600w, https:\/\/sagnlandet.dk\/de\/wp-content\/uploads\/sites\/13\/2025\/02\/luft-maj-2012-03-scaled-1-1-1-1920x1280.jpg 1920w, https:\/\/sagnlandet.dk\/de\/wp-content\/uploads\/sites\/13\/2025\/02\/luft-maj-2012-03-scaled-1-1-1-1536x1024.jpg 1536w, https:\/\/sagnlandet.dk\/de\/wp-content\/uploads\/sites\/13\/2025\/02\/luft-maj-2012-03-scaled-1-1-1-2048x1366.jpg 2048w, https:\/\/sagnlandet.dk\/de\/wp-content\/uploads\/sites\/13\/2025\/02\/luft-maj-2012-03-scaled-1-1-1-150x100.jpg 150w, https:\/\/sagnlandet.dk\/de\/wp-content\/uploads\/sites\/13\/2025\/02\/luft-maj-2012-03-scaled-1-1-1-1200x800.jpg 1200w, https:\/\/sagnlandet.dk\/de\/wp-content\/uploads\/sites\/13\/2025\/02\/luft-maj-2012-03-scaled-1-1-1-1320x880.jpg 1320w\" sizes=\"(max-width: 2560px) 100vw, 2560px\" \/>\t\t<\/div>\r\n\t\r\n\t<div class=\"post-title-wrap\">\r\n\t\t<span class=\"post-title\">Die Eisenzeit im Unterricht<\/span>\r\n\t<\/div>\r\n\r\n\t\t\t<div class=\"post-excerpt-wrap\">\r\n\t\t\t<span class=\"post-excerpt\"><\/span>\r\n\t\t<\/div>\r\n\t<\/div>\r\n\t\t<\/div>\r\n\t<\/div>\r\n\r\n\r\n\r\n\t\t<\/div>\r\n<\/section>\t\t<\/div>\r\n\t<\/div>\r\n\r\n\r\n\r\n\t\t<\/div>\r\n<\/section>\t<\/div>\r\n<\/div>\r\n\r\n\r\n\r\n\t\t<\/div>\r\n<\/section>\n<\/div>\r\n\t<\/div>\r\n\r\n\r\n\r\n\t\t<\/div>\r\n<\/section>\n\n\r\n\r\n<section class=\"standout-block standout-column-element\">\r\n\r\n\t<div class=\"standout-max-container\">\t\r\n\r\n<div class=\"standout-block-inner\">\r\n\t\t\r\n\t\t\t<div class=\"acf-innerblocks-container\">\n\r\n\r\n<section class=\"standout-section standout-block standout-posts alignwide rounded-bg\">\r\n\r\n\t<div class=\"standout-max-container\">\t\r\n\r\n<div class=\"standout-block-inner\">\r\n\t<div class=\"acf-innerblocks-container\">\r\n\t\t\r\n\r\n<section class=\"standout-section standout-block standout-columns alignwide\" style=\"--columns: 1; --column-span: 1;\" data-columns=\"1\">\r\n\r\n\t<div class=\"standout-max-container\">\t\r\n\r\n<div class=\"standout-block-inner\">\r\n\t\t\t<div class=\"acf-innerblocks-container\">\r\n\t\t\t\r\n\r\n<section class=\"standout-block standout-column-element\">\r\n\r\n\t<div class=\"standout-max-container\">\t\r\n\r\n<div class=\"standout-block-inner\">\r\n\t\t\r\n\t\t\t<div class=\"acf-innerblocks-container\">\r\n\t\t\t\r\n<div class=\"post post-loop post-loop-type-page\">\r\n\t<a class=\"post-loop-link\" href=\"https:\/\/sagnlandet.dk\/de\/sprung-ins-leben-der-eisenzeit\/\"><\/a>\r\n\r\n\t\t\t<div class=\"post-thumbnail-wrap\">\r\n\t\t\t<img loading=\"lazy\" decoding=\"async\" width=\"1920\" height=\"499\" src=\"https:\/\/sagnlandet.dk\/de\/wp-content\/uploads\/sites\/13\/2025\/02\/Fotogen-jernalderlandsby-scaled-e1726234162528-1-1.jpg\" class=\"attachment-post-thumbnail size-post-thumbnail wp-post-image\" alt=\"\" srcset=\"https:\/\/sagnlandet.dk\/de\/wp-content\/uploads\/sites\/13\/2025\/02\/Fotogen-jernalderlandsby-scaled-e1726234162528-1-1.jpg 1920w, https:\/\/sagnlandet.dk\/de\/wp-content\/uploads\/sites\/13\/2025\/02\/Fotogen-jernalderlandsby-scaled-e1726234162528-1-1-600x156.jpg 600w, https:\/\/sagnlandet.dk\/de\/wp-content\/uploads\/sites\/13\/2025\/02\/Fotogen-jernalderlandsby-scaled-e1726234162528-1-1-1536x399.jpg 1536w, https:\/\/sagnlandet.dk\/de\/wp-content\/uploads\/sites\/13\/2025\/02\/Fotogen-jernalderlandsby-scaled-e1726234162528-1-1-300x78.jpg 300w, https:\/\/sagnlandet.dk\/de\/wp-content\/uploads\/sites\/13\/2025\/02\/Fotogen-jernalderlandsby-scaled-e1726234162528-1-1-1200x312.jpg 1200w, https:\/\/sagnlandet.dk\/de\/wp-content\/uploads\/sites\/13\/2025\/02\/Fotogen-jernalderlandsby-scaled-e1726234162528-1-1-1320x343.jpg 1320w\" sizes=\"(max-width: 1920px) 100vw, 1920px\" \/>\t\t<\/div>\r\n\t\r\n\t<div class=\"post-title-wrap\">\r\n\t\t<span class=\"post-title\">Sprung ins Leben der Eisenzeit<\/span>\r\n\t<\/div>\r\n\r\n\t\t\t<div class=\"post-excerpt-wrap\">\r\n\t\t\t<span class=\"post-excerpt\"><\/span>\r\n\t\t<\/div>\r\n\t<\/div>\r\n\t\t<\/div>\r\n\t<\/div>\r\n\r\n\r\n\r\n\t\t<\/div>\r\n<\/section>\t\t<\/div>\r\n\t<\/div>\r\n\r\n\r\n\r\n\t\t<\/div>\r\n<\/section>\t<\/div>\r\n<\/div>\r\n\r\n\r\n\r\n\t\t<\/div>\r\n<\/section>\n<\/div>\r\n\t<\/div>\r\n\r\n\r\n\r\n\t\t<\/div>\r\n<\/section>\n<\/div>\r\n\t<\/div>\r\n\r\n\r\n\r\n\t\t<\/div>\r\n<\/section>","protected":false},"excerpt":{"rendered":"<p>Treten Sie aus dem Alltag heraus und reisen Sie in die ferne Vergangenheit. Erleben Sie die Mischung aus idyllischem Dorfleben und rauen Lebensbedingungen mit allen Sinnen. Die Stra\u00dfe zum eisenzeitlichen Dorf Lethra schl\u00e4ngelt sich zwischen sanften H\u00fcgeln hindurch, und zu beiden Seiten des Weges m\u00fcmmeln die Schafe des Dorfes im wilden Gras. \u00d6ffnen Sie das [&hellip;]<\/p>\n","protected":false},"author":3,"featured_media":71071,"parent":0,"menu_order":0,"comment_status":"open","ping_status":"open","template":"","meta":{"_acf_changed":false,"footnotes":""},"class_list":["post-70117","page","type-page","status-publish","has-post-thumbnail","hentry"],"acf":[],"yoast_head":"<!-- This site is optimized with the Yoast SEO plugin v23.5 - https:\/\/yoast.com\/wordpress\/plugins\/seo\/ -->\n<title>Die Eisenzeit - Sagnlandet Lejre<\/title>\n<meta name=\"robots\" content=\"index, follow, max-snippet:-1, max-image-preview:large, max-video-preview:-1\" \/>\n<link rel=\"canonical\" href=\"https:\/\/sagnlandet.dk\/de\/the-iron-age\/\" \/>\n<meta property=\"og:locale\" content=\"de_DE\" \/>\n<meta property=\"og:type\" content=\"article\" \/>\n<meta property=\"og:title\" content=\"Die Eisenzeit - Sagnlandet Lejre\" \/>\n<meta property=\"og:description\" content=\"Treten Sie aus dem Alltag heraus und reisen Sie in die ferne Vergangenheit. Erleben Sie die Mischung aus idyllischem Dorfleben und rauen Lebensbedingungen mit allen Sinnen. Die Stra\u00dfe zum eisenzeitlichen Dorf Lethra schl\u00e4ngelt sich zwischen sanften H\u00fcgeln hindurch, und zu beiden Seiten des Weges m\u00fcmmeln die Schafe des Dorfes im wilden Gras. \u00d6ffnen Sie das [&hellip;]\" \/>\n<meta property=\"og:url\" content=\"https:\/\/sagnlandet.dk\/de\/the-iron-age\/\" \/>\n<meta property=\"og:site_name\" content=\"Sagnlandet Lejre\" \/>\n<meta property=\"article:modified_time\" content=\"2025-02-24T06:11:09+00:00\" \/>\n<meta property=\"og:image\" content=\"https:\/\/sagnlandet.dk\/de\/wp-content\/uploads\/sites\/13\/2025\/02\/Fotogen-jernalderlandsby-edited-scaled-1-1.jpg\" \/>\n\t<meta property=\"og:image:width\" content=\"2560\" \/>\n\t<meta property=\"og:image:height\" content=\"1439\" \/>\n\t<meta property=\"og:image:type\" content=\"image\/jpeg\" \/>\n<meta name=\"twitter:card\" content=\"summary_large_image\" \/>\n<meta name=\"twitter:label1\" content=\"Gesch\u00e4tzte Lesezeit\" \/>\n\t<meta name=\"twitter:data1\" content=\"2\u00a0Minuten\" \/>\n<!-- \/ Yoast SEO plugin. -->","yoast_head_json":{"title":"Die Eisenzeit - Sagnlandet Lejre","robots":{"index":"index","follow":"follow","max-snippet":"max-snippet:-1","max-image-preview":"max-image-preview:large","max-video-preview":"max-video-preview:-1"},"canonical":"https:\/\/sagnlandet.dk\/de\/the-iron-age\/","og_locale":"de_DE","og_type":"article","og_title":"Die Eisenzeit - Sagnlandet Lejre","og_description":"Treten Sie aus dem Alltag heraus und reisen Sie in die ferne Vergangenheit. Erleben Sie die Mischung aus idyllischem Dorfleben und rauen Lebensbedingungen mit allen Sinnen. Die Stra\u00dfe zum eisenzeitlichen Dorf Lethra schl\u00e4ngelt sich zwischen sanften H\u00fcgeln hindurch, und zu beiden Seiten des Weges m\u00fcmmeln die Schafe des Dorfes im wilden Gras. \u00d6ffnen Sie das [&hellip;]","og_url":"https:\/\/sagnlandet.dk\/de\/the-iron-age\/","og_site_name":"Sagnlandet Lejre","article_modified_time":"2025-02-24T06:11:09+00:00","og_image":[{"width":2560,"height":1439,"url":"https:\/\/sagnlandet.dk\/de\/wp-content\/uploads\/sites\/13\/2025\/02\/Fotogen-jernalderlandsby-edited-scaled-1-1.jpg","type":"image\/jpeg"}],"twitter_card":"summary_large_image","twitter_misc":{"Gesch\u00e4tzte Lesezeit":"2\u00a0Minuten"},"schema":{"@context":"https:\/\/schema.org","@graph":[{"@type":"WebPage","@id":"https:\/\/sagnlandet.dk\/de\/the-iron-age\/","url":"https:\/\/sagnlandet.dk\/de\/the-iron-age\/","name":"Die Eisenzeit - Sagnlandet Lejre","isPartOf":{"@id":"https:\/\/sagnlandet.dk\/de\/#website"},"primaryImageOfPage":{"@id":"https:\/\/sagnlandet.dk\/de\/the-iron-age\/#primaryimage"},"image":{"@id":"https:\/\/sagnlandet.dk\/de\/the-iron-age\/#primaryimage"},"thumbnailUrl":"https:\/\/sagnlandet.dk\/de\/wp-content\/uploads\/sites\/13\/2025\/02\/Fotogen-jernalderlandsby-edited-scaled-1-1-1.jpg","datePublished":"2024-10-15T07:24:00+00:00","dateModified":"2025-02-24T06:11:09+00:00","breadcrumb":{"@id":"https:\/\/sagnlandet.dk\/de\/the-iron-age\/#breadcrumb"},"inLanguage":"de","potentialAction":[{"@type":"ReadAction","target":["https:\/\/sagnlandet.dk\/de\/the-iron-age\/"]}]},{"@type":"ImageObject","inLanguage":"de","@id":"https:\/\/sagnlandet.dk\/de\/the-iron-age\/#primaryimage","url":"https:\/\/sagnlandet.dk\/de\/wp-content\/uploads\/sites\/13\/2025\/02\/Fotogen-jernalderlandsby-edited-scaled-1-1-1.jpg","contentUrl":"https:\/\/sagnlandet.dk\/de\/wp-content\/uploads\/sites\/13\/2025\/02\/Fotogen-jernalderlandsby-edited-scaled-1-1-1.jpg","width":2560,"height":1439},{"@type":"BreadcrumbList","@id":"https:\/\/sagnlandet.dk\/de\/the-iron-age\/#breadcrumb","itemListElement":[{"@type":"ListItem","position":1,"name":"Hjem","item":"https:\/\/sagnlandet.dk\/de\/"},{"@type":"ListItem","position":2,"name":"The Iron Age"}]},{"@type":"WebSite","@id":"https:\/\/sagnlandet.dk\/de\/#website","url":"https:\/\/sagnlandet.dk\/de\/","name":"Sagnlandet Lejre","description":"","publisher":{"@id":"https:\/\/sagnlandet.dk\/de\/#organization"},"potentialAction":[{"@type":"SearchAction","target":{"@type":"EntryPoint","urlTemplate":"https:\/\/sagnlandet.dk\/de\/?s={search_term_string}"},"query-input":{"@type":"PropertyValueSpecification","valueRequired":true,"valueName":"search_term_string"}}],"inLanguage":"de"},{"@type":"Organization","@id":"https:\/\/sagnlandet.dk\/de\/#organization","name":"Sagnlandet Lejre","url":"https:\/\/sagnlandet.dk\/de\/","logo":{"@type":"ImageObject","inLanguage":"de","@id":"https:\/\/sagnlandet.dk\/de\/#\/schema\/logo\/image\/","url":"https:\/\/sagnlandet.dk\/de\/wp-content\/uploads\/sites\/13\/1738\/65\/logo.png","contentUrl":"https:\/\/sagnlandet.dk\/de\/wp-content\/uploads\/sites\/13\/1738\/65\/logo.png","width":398,"height":143,"caption":"Sagnlandet Lejre"},"image":{"@id":"https:\/\/sagnlandet.dk\/de\/#\/schema\/logo\/image\/"}}]}},"_links":{"self":[{"href":"https:\/\/sagnlandet.dk\/de\/wp-json\/wp\/v2\/pages\/70117"}],"collection":[{"href":"https:\/\/sagnlandet.dk\/de\/wp-json\/wp\/v2\/pages"}],"about":[{"href":"https:\/\/sagnlandet.dk\/de\/wp-json\/wp\/v2\/types\/page"}],"author":[{"embeddable":true,"href":"https:\/\/sagnlandet.dk\/de\/wp-json\/wp\/v2\/users\/3"}],"replies":[{"embeddable":true,"href":"https:\/\/sagnlandet.dk\/de\/wp-json\/wp\/v2\/comments?post=70117"}],"version-history":[{"count":3,"href":"https:\/\/sagnlandet.dk\/de\/wp-json\/wp\/v2\/pages\/70117\/revisions"}],"predecessor-version":[{"id":71257,"href":"https:\/\/sagnlandet.dk\/de\/wp-json\/wp\/v2\/pages\/70117\/revisions\/71257"}],"wp:featuredmedia":[{"embeddable":true,"href":"https:\/\/sagnlandet.dk\/de\/wp-json\/wp\/v2\/media\/71071"}],"wp:attachment":[{"href":"https:\/\/sagnlandet.dk\/de\/wp-json\/wp\/v2\/media?parent=70117"}],"curies":[{"name":"wp","href":"https:\/\/api.w.org\/{rel}","templated":true}]}}