{"id":70113,"date":"2024-10-15T09:16:05","date_gmt":"2024-10-15T07:16:05","guid":{"rendered":"https:\/\/sagnlandet.dk\/stenalderen\/"},"modified":"2025-02-24T07:11:10","modified_gmt":"2025-02-24T06:11:10","slug":"steinzeit","status":"publish","type":"page","link":"https:\/\/sagnlandet.dk\/de\/steinzeit\/","title":{"rendered":"Steinzeit"},"content":{"rendered":"\r\n\r\n<section class=\"standout-section standout-block standout-basic alignfull rounded-bg wp-elements-a89b83a1b26feb3d45a8cfd2df4709d0 hero-section side-spacing has-bg has-bg-img bg-size-cover bg-align-horizontal-center bg-align-vertical-center has-text-color\" style=\"color: #ffffff;\">\r\n\r\n\t<div class=\"standout-max-container\">\t\r\n\r\n<div class=\"standout-block-inner\">\r\n\t\t\t\r\n\t<div class=\"standout-block-background-deco\" style=\"--bg-align-vertical: center; --bg-align-horizontal: center; --bg-object-position: center center\">\r\n\t\t<img loading=\"lazy\" decoding=\"async\" width=\"1920\" height=\"1133\" src=\"https:\/\/sagnlandet.dk\/de\/wp-content\/uploads\/sites\/13\/2025\/02\/img-2677-scaled-1.jpg\" class=\"standout-block-background-deco-element\" alt=\"\" srcset=\"https:\/\/sagnlandet.dk\/de\/wp-content\/uploads\/sites\/13\/2025\/02\/img-2677-scaled-1.jpg 2560w, https:\/\/sagnlandet.dk\/de\/wp-content\/uploads\/sites\/13\/2025\/02\/img-2677-scaled-1-600x354.jpg 600w, https:\/\/sagnlandet.dk\/de\/wp-content\/uploads\/sites\/13\/2025\/02\/img-2677-scaled-1-1920x1133.jpg 1920w, https:\/\/sagnlandet.dk\/de\/wp-content\/uploads\/sites\/13\/2025\/02\/img-2677-scaled-1-1536x906.jpg 1536w, https:\/\/sagnlandet.dk\/de\/wp-content\/uploads\/sites\/13\/2025\/02\/img-2677-scaled-1-2048x1208.jpg 2048w, https:\/\/sagnlandet.dk\/de\/wp-content\/uploads\/sites\/13\/2025\/02\/img-2677-scaled-1-170x100.jpg 170w, https:\/\/sagnlandet.dk\/de\/wp-content\/uploads\/sites\/13\/2025\/02\/img-2677-scaled-1-1200x708.jpg 1200w, https:\/\/sagnlandet.dk\/de\/wp-content\/uploads\/sites\/13\/2025\/02\/img-2677-scaled-1-1320x779.jpg 1320w\" sizes=\"(max-width: 1920px) 100vw, 1920px\" \/>\t<\/div>\r\n\r\n\t\t\r\n\t\t\t\t\t\t<div class=\"acf-innerblocks-container\">\n\n<h1 class=\"wp-block-heading\">Liste besucht die Steinzeitj\u00e4ger<\/h1>\n\n\n\n<p class=\"has-h-6-font-size\">Trefft den Steinzeitj\u00e4ger in Lejre Land der Legenden.<\/p>\n\n<\/div>\r\n\t\t\t\r\n\t\t\t<div class=\"standout-hero-information\"><div class=\"standout-hero-information-inner\">Das Programm des Tages finden Sie <a href=\"https:\/\/sagnlandet.dk\/de\/tagesprogramm\/\">hier <span height=\"1em\" class=\"standout-custom-svg custom-svg\"><?xml version=\"1.0\" encoding=\"UTF-8\"?><svg height=\"1em\" id=\"a\" xmlns=\"http:\/\/www.w3.org\/2000\/svg\" viewBox=\"0 0 16.28 22.02\"><path d=\"M5.4,18.67h-.24c-.77.76-1.5,1.5-2.28,2.28v.35h-.36c-.24.26-.45.47-.68.71H.74c0-.15-.01-.28-.02-.37-.24-.23-.45-.43-.7-.66v-.34c.08-.05.15-.1.23-.15-.06-.05-.14-.09-.19-.15-.03-.04-.06-.13-.04-.15.13-.13.28-.24.46-.39,0-.08,0-.22.01-.29.52-.52,1.01-1,1.49-1.49-.01-.02-.02-.03-.04-.05.14,0,.27-.01.35-.02.32-.33.61-.62.94-.95h.35c0-.15.02-.3.02-.37.2-.2.37-.37.58-.58h.26c.48-.49.93-.94,1.42-1.44h.35v-.38c.13-.11.22-.2.31-.28,0-.02-.02-.04-.03-.06h.34c.41-.42.77-.79,1.18-1.2h.25c.57-.57,1.1-1.11,1.66-1.68h.25c.2-.19.37-.33.52-.49.04-.04.09-.16.07-.18-.12-.11-.26-.19-.38-.3-.12-.11-.22-.23-.33-.35-.11-.12-.21-.24-.32-.36-.07-.07-.15-.13-.29-.24h-.25c-.31-.33-.6-.62-.92-.96h-.3c-.15-.17-.26-.3-.41-.48h-.31c-.15-.17-.26-.3-.41-.48h-.28c-.41-.42-.77-.79-1.18-1.2h-.27c-.31-.33-.6-.62-.92-.96h-.29c-.23-.25-.44-.47-.68-.72h-.29c-.14-.17-.26-.31-.4-.48h-.31c-.14-.17-.26-.31-.41-.48h-.28c-.29-.29-.53-.54-.83-.84v-.26c-.26-.24-.47-.44-.71-.67.1-.18-.21-.52.23-.68v-.31c.22-.22.38-.38.59-.59h1.02c.14.16.25.29.4.47h.36c.02.09.04.16.06.24h.35c.23.25.44.46.68.72h.29c.15.17.26.3.42.48h.27c.33.33.61.62.94.96.06,0,.19,0,.3.02.14.16.26.3.4.47h.29c.32.33.61.62.94.96h.28c.14.17.26.31.4.48h.37c0,.36.29.21.41.24.24.26.44.47.68.72h.34c.07.11,0,.36.28.23v.48c.15,0,.29.01.38.02.31.32.59.62.91.95h.28c.23.25.44.47.68.72h.3c.14-.16.26-.3.4-.47h1.33c0-.37.27-.21.47-.25.02-.06.05-.14.07-.22h.58c.19.2.36.37.57.58v.58c-.07.01-.14.03-.2.04-.1.17.13.48-.26.48v.33c-.2.21-.34.36-.49.51-.1.11-.2.23-.31.33-.12.1-.26.18-.39.29-.03.02-.03.12-.01.14.14.12.29.24.46.38v.36c.08.03.16.06.25.08v.65c.08.02.15.04.23.06v.42c-.07.02-.14.05-.23.07v.43h-.38c-.11.12-.17.18-.23.25-.05-.07-.11-.13-.19-.23h-.55c-.15-.17-.26-.3-.41-.48h-.32c-.26-.48-.68-.1-.93-.25-.24.25-.44.46-.68.72-.07,0-.2,0-.37.02v.37c-.13.11-.22.19-.31.27,0,.02.02.04.03.06h-.33c-.66.66-1.26,1.27-1.91,1.92h-.25c-.81.81-1.57,1.58-2.39,2.4h-.35c0,.15-.02.29-.02.39-.11.11-.2.19-.35.33Z\"\/><\/svg><\/span><\/a><\/div><div class=\"standout-hero-rowing-animation\"><img decoding=\"async\" class=\"animation\" src=\"https:\/\/sagnlandet.dk\/de\/wp-content\/themes\/s-child\/images\/rowing.png\"><\/div><\/div>\t<\/div>\r\n\r\n\r\n\r\n\t\t<\/div>\r\n<\/section>\n\n\n<h4 class=\"wp-block-heading\">Ziehen Sie Ihre Schuhe an und begeben Sie sich in den hintersten Winkel von Lejre Land of Legends.<\/h4>\n\n\n\n<p>Die Zeiger der Uhr laufen mit voller Geschwindigkeit r\u00fcckw\u00e4rts, bis du die Zeit erreichst, als der Mensch sich den Launen der Natur beugte und von dem lebte, was er jagen und sammeln konnte.<\/p>\n\n\n\n<p>Am Ufer des Sees steht ein kleines Zelt. Es ragt nicht hoch \u00fcber den Boden und kann kaum mehr als ein paar Erwachsene beherbergen. Der Eingang ist mit dem Geweih des Tieres geschm\u00fcckt, das die Felle f\u00fcr die Kleidung lieferte: das Rentier. Gehen Sie in die Hocke, schauen Sie hinein und stellen Sie sich vor, dass dies Ihre Unterkunft f\u00fcr die Nacht und die Landschaft Ihr Zuhause ist. Eine Landschaft, die gerade vom Eis befreit wurde, so dass das freigelegte Land nur von wenigen Menschen und gro\u00dfen Tieren bev\u00f6lkert ist.<\/p>\n\n\n\n<p>Machen Sie einen Quantensprung in der Zeit, schlendern Sie am Seeufer entlang und betreten Sie eine H\u00fctte, die im Vergleich dazu ein Ballsaal ist. Genie\u00dfen Sie die Tatsache, dass man aufrecht stehen kann, bestaunen Sie die geniale Schilfverkleidung der H\u00fctte und stellen Sie fest, dass es zu dieser Jahreszeit reichlich Holz und Vegetation gab, mit der man sich am\u00fcsieren konnte.<\/p>\n\n\n\n<p>Machen Sie einen weiteren Quantensprung und besuchen Sie eine Zeit, in der Meeresfr\u00fcchte t\u00e4glich auf dem Speiseplan standen. Die schnittigen, aus Holzst\u00e4mmen geschnitzten Boote liegen am Seeufer direkt vor der \u00d6ffnung des Hauses. Setzen Sie sich an die Feuerstelle am Waldrand oder stecken Sie Ihren Kopf in die dunkle H\u00fctte, wo das Sonnenlicht in Schlieren durch das Wasser f\u00e4llt<\/p>\n\n\n\n<figure class=\"wp-block-image size-full\"><img decoding=\"async\" src=\"https:\/\/sagnlandet.dk\/wp-content\/uploads\/2025\/02\/stenalder-47-e1580468908328-1920x1444-1.jpg\" alt=\"\" class=\"wp-image-1987\"\/><\/figure>\n\n\n\n<p><strong>Erbsenwellensiedlung Athra: ca. 5.000 v. Chr<\/strong><\/p>\n\n\n\n<p><strong>Maglemose-H\u00fctte auf der Landzunge: ca. 9.000 v. Chr<\/strong><\/p>\n\n\n\n<p><strong>Das Zelt des Rentierj\u00e4gers: ca. 11.000 v. Chr<\/strong><\/p>\n\n\n\n<p><\/p>\n\n\n\n<figure class=\"wp-block-embed is-type-video is-provider-youtube wp-block-embed-youtube wp-embed-aspect-16-9 wp-has-aspect-ratio\"><div class=\"wp-block-embed__wrapper\">\nhttps:\/\/www.youtube.com\/watch?v=GJAmirGbmMgu0026list=PLMOLiYsryN436IvQWVWPcJmyIzgU7NBoIu0026pp=iAQB\n<\/div><\/figure>\n\n\n\n<h5 class=\"wp-block-heading\">Letzte Beitr\u00e4ge<\/h5>\n\n\n\n<div class=\"wp-block-query is-layout-flow wp-block-query-is-layout-flow\">\n\n<\/div>\n\n\n\n<hr class=\"wp-block-separator has-alpha-channel-opacity\"\/>\n\n\n\n<h5 class=\"wp-block-heading\">Mehr Steinzeit in Lejre &#8211; Land der Legenden: <\/h5>\n\n\n\r\n\r\n<section class=\"standout-section standout-block standout-columns alignwide is-slick slick-overflow\" style=\"--columns: 3; --column-span: 1; --element-alignment: flex-start;\" data-columns=\"3\">\r\n\r\n\t<div class=\"standout-max-container\">\t\r\n\r\n<div class=\"standout-block-inner\">\r\n\t\t\t<div class=\"acf-innerblocks-container\">\n\r\n\r\n<section class=\"standout-block standout-column-element\">\r\n\r\n\t<div class=\"standout-max-container\">\t\r\n\r\n<div class=\"standout-block-inner\">\r\n\t\t\r\n\t\t\t<div class=\"acf-innerblocks-container\">\n\n<\/div>\r\n\t<\/div>\r\n\r\n\r\n\r\n\t\t<\/div>\r\n<\/section>\n<\/div>\r\n\t<\/div>\r\n\r\n\r\n\r\n\t\t<\/div>\r\n<\/section>","protected":false},"excerpt":{"rendered":"<p>Ziehen Sie Ihre Schuhe an und begeben Sie sich in den hintersten Winkel von Lejre Land of Legends. Die Zeiger der Uhr laufen mit voller Geschwindigkeit r\u00fcckw\u00e4rts, bis du die Zeit erreichst, als der Mensch sich den Launen der Natur beugte und von dem lebte, was er jagen und sammeln konnte. Am Ufer des Sees [&hellip;]<\/p>\n","protected":false},"author":3,"featured_media":71065,"parent":0,"menu_order":0,"comment_status":"open","ping_status":"open","template":"","meta":{"_acf_changed":false,"footnotes":""},"class_list":["post-70113","page","type-page","status-publish","has-post-thumbnail","hentry"],"acf":[],"yoast_head":"<!-- This site is optimized with the Yoast SEO plugin v23.5 - https:\/\/yoast.com\/wordpress\/plugins\/seo\/ -->\n<title>Steinzeit - Sagnlandet Lejre<\/title>\n<meta name=\"robots\" content=\"index, follow, max-snippet:-1, max-image-preview:large, max-video-preview:-1\" \/>\n<link rel=\"canonical\" href=\"https:\/\/sagnlandet.dk\/de\/stone-age\/\" \/>\n<meta property=\"og:locale\" content=\"de_DE\" \/>\n<meta property=\"og:type\" content=\"article\" \/>\n<meta property=\"og:title\" content=\"Steinzeit - Sagnlandet Lejre\" \/>\n<meta property=\"og:description\" content=\"Ziehen Sie Ihre Schuhe an und begeben Sie sich in den hintersten Winkel von Lejre Land of Legends. Die Zeiger der Uhr laufen mit voller Geschwindigkeit r\u00fcckw\u00e4rts, bis du die Zeit erreichst, als der Mensch sich den Launen der Natur beugte und von dem lebte, was er jagen und sammeln konnte. Am Ufer des Sees [&hellip;]\" \/>\n<meta property=\"og:url\" content=\"https:\/\/sagnlandet.dk\/de\/stone-age\/\" \/>\n<meta property=\"og:site_name\" content=\"Sagnlandet Lejre\" \/>\n<meta property=\"article:modified_time\" content=\"2025-02-24T06:11:10+00:00\" \/>\n<meta property=\"og:image\" content=\"https:\/\/sagnlandet.dk\/de\/wp-content\/uploads\/sites\/13\/2025\/02\/img-2677-scaled-1-1.jpg\" \/>\n\t<meta property=\"og:image:width\" content=\"2560\" \/>\n\t<meta property=\"og:image:height\" content=\"1510\" \/>\n\t<meta property=\"og:image:type\" content=\"image\/jpeg\" \/>\n<meta name=\"twitter:card\" content=\"summary_large_image\" \/>\n<meta name=\"twitter:label1\" content=\"Gesch\u00e4tzte Lesezeit\" \/>\n\t<meta name=\"twitter:data1\" content=\"2\u00a0Minuten\" \/>\n<!-- \/ Yoast SEO plugin. -->","yoast_head_json":{"title":"Steinzeit - Sagnlandet Lejre","robots":{"index":"index","follow":"follow","max-snippet":"max-snippet:-1","max-image-preview":"max-image-preview:large","max-video-preview":"max-video-preview:-1"},"canonical":"https:\/\/sagnlandet.dk\/de\/stone-age\/","og_locale":"de_DE","og_type":"article","og_title":"Steinzeit - Sagnlandet Lejre","og_description":"Ziehen Sie Ihre Schuhe an und begeben Sie sich in den hintersten Winkel von Lejre Land of Legends. Die Zeiger der Uhr laufen mit voller Geschwindigkeit r\u00fcckw\u00e4rts, bis du die Zeit erreichst, als der Mensch sich den Launen der Natur beugte und von dem lebte, was er jagen und sammeln konnte. Am Ufer des Sees [&hellip;]","og_url":"https:\/\/sagnlandet.dk\/de\/stone-age\/","og_site_name":"Sagnlandet Lejre","article_modified_time":"2025-02-24T06:11:10+00:00","og_image":[{"width":2560,"height":1510,"url":"https:\/\/sagnlandet.dk\/de\/wp-content\/uploads\/sites\/13\/2025\/02\/img-2677-scaled-1-1.jpg","type":"image\/jpeg"}],"twitter_card":"summary_large_image","twitter_misc":{"Gesch\u00e4tzte Lesezeit":"2\u00a0Minuten"},"schema":{"@context":"https:\/\/schema.org","@graph":[{"@type":"WebPage","@id":"https:\/\/sagnlandet.dk\/de\/stone-age\/","url":"https:\/\/sagnlandet.dk\/de\/stone-age\/","name":"Steinzeit - Sagnlandet Lejre","isPartOf":{"@id":"https:\/\/sagnlandet.dk\/de\/#website"},"primaryImageOfPage":{"@id":"https:\/\/sagnlandet.dk\/de\/stone-age\/#primaryimage"},"image":{"@id":"https:\/\/sagnlandet.dk\/de\/stone-age\/#primaryimage"},"thumbnailUrl":"https:\/\/sagnlandet.dk\/de\/wp-content\/uploads\/sites\/13\/2025\/02\/img-2677-scaled-1-1-1.jpg","datePublished":"2024-10-15T07:16:05+00:00","dateModified":"2025-02-24T06:11:10+00:00","breadcrumb":{"@id":"https:\/\/sagnlandet.dk\/de\/stone-age\/#breadcrumb"},"inLanguage":"de","potentialAction":[{"@type":"ReadAction","target":["https:\/\/sagnlandet.dk\/de\/stone-age\/"]}]},{"@type":"ImageObject","inLanguage":"de","@id":"https:\/\/sagnlandet.dk\/de\/stone-age\/#primaryimage","url":"https:\/\/sagnlandet.dk\/de\/wp-content\/uploads\/sites\/13\/2025\/02\/img-2677-scaled-1-1-1.jpg","contentUrl":"https:\/\/sagnlandet.dk\/de\/wp-content\/uploads\/sites\/13\/2025\/02\/img-2677-scaled-1-1-1.jpg","width":2560,"height":1510},{"@type":"BreadcrumbList","@id":"https:\/\/sagnlandet.dk\/de\/stone-age\/#breadcrumb","itemListElement":[{"@type":"ListItem","position":1,"name":"Hjem","item":"https:\/\/sagnlandet.dk\/de\/"},{"@type":"ListItem","position":2,"name":"Stone Age"}]},{"@type":"WebSite","@id":"https:\/\/sagnlandet.dk\/de\/#website","url":"https:\/\/sagnlandet.dk\/de\/","name":"Sagnlandet Lejre","description":"","publisher":{"@id":"https:\/\/sagnlandet.dk\/de\/#organization"},"potentialAction":[{"@type":"SearchAction","target":{"@type":"EntryPoint","urlTemplate":"https:\/\/sagnlandet.dk\/de\/?s={search_term_string}"},"query-input":{"@type":"PropertyValueSpecification","valueRequired":true,"valueName":"search_term_string"}}],"inLanguage":"de"},{"@type":"Organization","@id":"https:\/\/sagnlandet.dk\/de\/#organization","name":"Sagnlandet Lejre","url":"https:\/\/sagnlandet.dk\/de\/","logo":{"@type":"ImageObject","inLanguage":"de","@id":"https:\/\/sagnlandet.dk\/de\/#\/schema\/logo\/image\/","url":"https:\/\/sagnlandet.dk\/de\/wp-content\/uploads\/sites\/13\/1738\/65\/logo.png","contentUrl":"https:\/\/sagnlandet.dk\/de\/wp-content\/uploads\/sites\/13\/1738\/65\/logo.png","width":398,"height":143,"caption":"Sagnlandet Lejre"},"image":{"@id":"https:\/\/sagnlandet.dk\/de\/#\/schema\/logo\/image\/"}}]}},"_links":{"self":[{"href":"https:\/\/sagnlandet.dk\/de\/wp-json\/wp\/v2\/pages\/70113"}],"collection":[{"href":"https:\/\/sagnlandet.dk\/de\/wp-json\/wp\/v2\/pages"}],"about":[{"href":"https:\/\/sagnlandet.dk\/de\/wp-json\/wp\/v2\/types\/page"}],"author":[{"embeddable":true,"href":"https:\/\/sagnlandet.dk\/de\/wp-json\/wp\/v2\/users\/3"}],"replies":[{"embeddable":true,"href":"https:\/\/sagnlandet.dk\/de\/wp-json\/wp\/v2\/comments?post=70113"}],"version-history":[{"count":4,"href":"https:\/\/sagnlandet.dk\/de\/wp-json\/wp\/v2\/pages\/70113\/revisions"}],"predecessor-version":[{"id":71256,"href":"https:\/\/sagnlandet.dk\/de\/wp-json\/wp\/v2\/pages\/70113\/revisions\/71256"}],"wp:featuredmedia":[{"embeddable":true,"href":"https:\/\/sagnlandet.dk\/de\/wp-json\/wp\/v2\/media\/71065"}],"wp:attachment":[{"href":"https:\/\/sagnlandet.dk\/de\/wp-json\/wp\/v2\/media?parent=70113"}],"curies":[{"name":"wp","href":"https:\/\/api.w.org\/{rel}","templated":true}]}}