{"id":70081,"date":"2024-10-07T09:05:19","date_gmt":"2024-10-07T07:05:19","guid":{"rendered":"https:\/\/sagnlandet.dk\/oplevelser-i-lejre-omraadet\/"},"modified":"2025-02-24T07:11:23","modified_gmt":"2025-02-24T06:11:23","slug":"erlebnisse-in-der-region-lejre","status":"publish","type":"page","link":"https:\/\/sagnlandet.dk\/de\/erlebnisse-in-der-region-lejre\/","title":{"rendered":"Erlebnisse in der Region Lejre"},"content":{"rendered":"\r\n\r\n<section class=\"standout-section standout-block standout-basic alignfull rounded-bg wp-elements-a16e551e7efc1272e819c534ea6ed5c6 hero-section side-spacing has-bg has-bg-img bg-size-cover bg-align-horizontal-center bg-align-vertical-center has-text-color\" style=\"color: #ffffff;\">\r\n\r\n\t<div class=\"standout-max-container\">\t\r\n\r\n<div class=\"standout-block-inner\">\r\n\t\t\t\r\n\t<div class=\"standout-block-background-deco\" style=\"--bg-align-vertical: center; --bg-align-horizontal: center; --bg-object-position: center center\">\r\n\t\t<img loading=\"lazy\" decoding=\"async\" width=\"1920\" height=\"1280\" src=\"https:\/\/sagnlandet.dk\/de\/wp-content\/uploads\/sites\/13\/1738\/65\/luft-maj-2012-03-1-scaled-1.jpg\" class=\"standout-block-background-deco-element\" alt=\"\" srcset=\"https:\/\/sagnlandet.dk\/de\/wp-content\/uploads\/sites\/13\/1738\/65\/luft-maj-2012-03-1-scaled-1.jpg 2560w, https:\/\/sagnlandet.dk\/de\/wp-content\/uploads\/sites\/13\/1738\/65\/luft-maj-2012-03-1-scaled-1-300x200.jpg 300w, https:\/\/sagnlandet.dk\/de\/wp-content\/uploads\/sites\/13\/1738\/65\/luft-maj-2012-03-1-scaled-1-1920x1280.jpg 1920w, https:\/\/sagnlandet.dk\/de\/wp-content\/uploads\/sites\/13\/1738\/65\/luft-maj-2012-03-1-scaled-1-1536x1024.jpg 1536w, https:\/\/sagnlandet.dk\/de\/wp-content\/uploads\/sites\/13\/1738\/65\/luft-maj-2012-03-1-scaled-1-2048x1366.jpg 2048w, https:\/\/sagnlandet.dk\/de\/wp-content\/uploads\/sites\/13\/1738\/65\/luft-maj-2012-03-1-scaled-1-150x100.jpg 150w, https:\/\/sagnlandet.dk\/de\/wp-content\/uploads\/sites\/13\/1738\/65\/luft-maj-2012-03-1-scaled-1-1200x800.jpg 1200w, https:\/\/sagnlandet.dk\/de\/wp-content\/uploads\/sites\/13\/1738\/65\/luft-maj-2012-03-1-scaled-1-1320x880.jpg 1320w, https:\/\/sagnlandet.dk\/de\/wp-content\/uploads\/sites\/13\/1738\/65\/luft-maj-2012-03-1-scaled-1-600x400.jpg 600w\" sizes=\"(max-width: 1920px) 100vw, 1920px\" \/>\t<\/div>\r\n\r\n\t\t\r\n\t\t\t\t\t\t<div class=\"acf-innerblocks-container\">\n\n<h1 class=\"wp-block-heading\">Erlebnisse in der Region Lejre<\/h1>\n\n\n\n<p class=\"has-h-6-font-size\">Erlebnisse in der Umgebung von Lejre<\/p>\n\n<\/div>\r\n\t\t\t\r\n\t\t\t<div class=\"standout-hero-information\"><div class=\"standout-hero-information-inner\">Das Programm des Tages finden Sie <a href=\"https:\/\/sagnlandet.dk\/de\/tagesprogramm\/\">hier <span height=\"1em\" class=\"standout-custom-svg custom-svg\"><?xml version=\"1.0\" encoding=\"UTF-8\"?><svg height=\"1em\" id=\"a\" xmlns=\"http:\/\/www.w3.org\/2000\/svg\" viewBox=\"0 0 16.28 22.02\"><path d=\"M5.4,18.67h-.24c-.77.76-1.5,1.5-2.28,2.28v.35h-.36c-.24.26-.45.47-.68.71H.74c0-.15-.01-.28-.02-.37-.24-.23-.45-.43-.7-.66v-.34c.08-.05.15-.1.23-.15-.06-.05-.14-.09-.19-.15-.03-.04-.06-.13-.04-.15.13-.13.28-.24.46-.39,0-.08,0-.22.01-.29.52-.52,1.01-1,1.49-1.49-.01-.02-.02-.03-.04-.05.14,0,.27-.01.35-.02.32-.33.61-.62.94-.95h.35c0-.15.02-.3.02-.37.2-.2.37-.37.58-.58h.26c.48-.49.93-.94,1.42-1.44h.35v-.38c.13-.11.22-.2.31-.28,0-.02-.02-.04-.03-.06h.34c.41-.42.77-.79,1.18-1.2h.25c.57-.57,1.1-1.11,1.66-1.68h.25c.2-.19.37-.33.52-.49.04-.04.09-.16.07-.18-.12-.11-.26-.19-.38-.3-.12-.11-.22-.23-.33-.35-.11-.12-.21-.24-.32-.36-.07-.07-.15-.13-.29-.24h-.25c-.31-.33-.6-.62-.92-.96h-.3c-.15-.17-.26-.3-.41-.48h-.31c-.15-.17-.26-.3-.41-.48h-.28c-.41-.42-.77-.79-1.18-1.2h-.27c-.31-.33-.6-.62-.92-.96h-.29c-.23-.25-.44-.47-.68-.72h-.29c-.14-.17-.26-.31-.4-.48h-.31c-.14-.17-.26-.31-.41-.48h-.28c-.29-.29-.53-.54-.83-.84v-.26c-.26-.24-.47-.44-.71-.67.1-.18-.21-.52.23-.68v-.31c.22-.22.38-.38.59-.59h1.02c.14.16.25.29.4.47h.36c.02.09.04.16.06.24h.35c.23.25.44.46.68.72h.29c.15.17.26.3.42.48h.27c.33.33.61.62.94.96.06,0,.19,0,.3.02.14.16.26.3.4.47h.29c.32.33.61.62.94.96h.28c.14.17.26.31.4.48h.37c0,.36.29.21.41.24.24.26.44.47.68.72h.34c.07.11,0,.36.28.23v.48c.15,0,.29.01.38.02.31.32.59.62.91.95h.28c.23.25.44.47.68.72h.3c.14-.16.26-.3.4-.47h1.33c0-.37.27-.21.47-.25.02-.06.05-.14.07-.22h.58c.19.2.36.37.57.58v.58c-.07.01-.14.03-.2.04-.1.17.13.48-.26.48v.33c-.2.21-.34.36-.49.51-.1.11-.2.23-.31.33-.12.1-.26.18-.39.29-.03.02-.03.12-.01.14.14.12.29.24.46.38v.36c.08.03.16.06.25.08v.65c.08.02.15.04.23.06v.42c-.07.02-.14.05-.23.07v.43h-.38c-.11.12-.17.18-.23.25-.05-.07-.11-.13-.19-.23h-.55c-.15-.17-.26-.3-.41-.48h-.32c-.26-.48-.68-.1-.93-.25-.24.25-.44.46-.68.72-.07,0-.2,0-.37.02v.37c-.13.11-.22.19-.31.27,0,.02.02.04.03.06h-.33c-.66.66-1.26,1.27-1.91,1.92h-.25c-.81.81-1.57,1.58-2.39,2.4h-.35c0,.15-.02.29-.02.39-.11.11-.2.19-.35.33Z\"\/><\/svg><\/span><\/a><\/div><div class=\"standout-hero-rowing-animation\"><img decoding=\"async\" class=\"animation\" src=\"https:\/\/sagnlandet.dk\/de\/wp-content\/themes\/s-child\/images\/rowing.png\"><\/div><\/div>\t<\/div>\r\n\r\n\r\n\r\n\t\t<\/div>\r\n<\/section>\n\n\n<h4 class=\"wp-block-heading\">In Lejre gibt es eine Menge zu sehen<br>&#8211; auch au\u00dferhalb von Lejre Land of Legends!<\/h4>\n\n\n\n<p>Lejre Land der Legenden ist eine Schatztruhe voller Erlebnisse mitten in den gr\u00fcnen H\u00fcgeln Seelands. Auf dieser Seite haben wir eine Reihe von Links zu anderen Attraktionen und Orten zusammengestellt, die Sie w\u00e4hrend Ihres Besuchs in Lejre Land of Legends erkunden k\u00f6nnen.<\/p>\n\n\n\n<hr class=\"wp-block-separator has-alpha-channel-opacity\"\/>\n\n\n\n<figure class=\"wp-block-image size-full is-style-rounded\"><img decoding=\"async\" src=\"https:\/\/sagnlandet.dk\/wp-content\/uploads\/2025\/02\/jernalderbyen-08.jpg\" alt=\"\" class=\"wp-image-1844\" style=\"aspect-ratio:16\/9;object-fit:cover\"\/><\/figure>\n\n\n\n<h4 class=\"wp-block-heading\">Erkunden Sie das Fjordlandet!<\/h4>\n\n\n\n<p>Die Gegend um Lejre im Fjordlandet ist reich an sch\u00f6ner Natur, einladenden Hofl\u00e4den mit frischem Obst aus eigenem Anbau, interessanten Galerien, arch\u00e4ologischen St\u00e4tten und Museen.<\/p>\n\n\n\n<p>Auf der Website von VisitFjordlandet k\u00f6nnen Sie die vielen M\u00f6glichkeiten von Fjordlandet erkunden und Unterk\u00fcnfte, hervorragendes Essen und Erlebnisse aller Art finden.<\/p>\n\n\n\n<div class=\"wp-block-buttons is-layout-flex wp-block-buttons-is-layout-flex\">\n<div class=\"wp-block-button\"><a class=\"wp-block-button__link wp-element-button\" href=\"https:\/\/www.visitfjordlandet.dk\/\">Lesen Sie mehr auf der VisitFjordlandet-Website!<\/a><\/div>\n<\/div>\n\n\n\n<h4 class=\"wp-block-heading\">Auf dem Weg nach Lejre &#8211; Land der Sagen<\/h4>\n\n\n\n<p>Auf dem Weg nach Lejre Land of Legends finden Sie unser Nachbar, das Restaurant Herthadalen. Hier gibt es ein Feuer im Kamin und ein Verw\u00f6hnprogramm, bei dem die K\u00f6che mit saisonalen Zutaten aus der Region spielen. Und nur ein paar Kilometer vom Eingang zum Sagnlandet entfernt k\u00f6nnen Sie bei Ledreborg Fly High einen actionreichen Flug \u00fcber Slotshaven genie\u00dfen.<\/p>\n\n\n\n<div class=\"wp-block-buttons is-layout-flex wp-block-buttons-is-layout-flex\">\n<div class=\"wp-block-button\"><a class=\"wp-block-button__link wp-element-button\" href=\"https:\/\/herthadalen.dk\/\">Lesen Sie mehr \u00fcber Herthadalen<\/a><\/div>\n\n\n\n<div class=\"wp-block-button\"><a class=\"wp-block-button__link wp-element-button\" href=\"https:\/\/ledreborg.dk\/\">Lesen Sie mehr \u00fcber Ledreborg<\/a><\/div>\n<\/div>\n\n\n\n<hr class=\"wp-block-separator has-alpha-channel-opacity\"\/>\n\n\n\n<figure class=\"wp-block-image size-full is-style-rounded\"><img decoding=\"async\" src=\"https:\/\/sagnlandet.dk\/wp-content\/uploads\/2025\/02\/grillmadja-1920x1280-1.jpg\" alt=\"\" class=\"wp-image-1843\" style=\"aspect-ratio:16\/9;object-fit:cover\"\/><\/figure>\n\n\n\n<h4 class=\"wp-block-heading\">Ein Gebiet mit einer erstaunlichen Geschichte<\/h4>\n\n\n\n<p>Historisch gesehen ist das Gebiet um Lejre nicht irgendein Fleck in der d\u00e4nischen Landschaft. Alte Legenden \u00fcber Lejre erz\u00e4hlen von Menschenopfern, Ungeheuern und Monarchen. Die Geschichten sind zahlreich, und selbst Arch\u00e4ologen m\u00fcssen den Legenden zustimmen. Lejre ist etwas Besonderes. Lejre ist der Ort, an dem einige der ersten d\u00e4nischen Wikingerk\u00f6nige zu Hause waren.<\/p>\n\n\n\n<p>Nur drei Kilometer vom Land der Legenden entfernt befand sich vor fast 1500 Jahren eine gro\u00dfe K\u00f6nigshalle. Die gr\u00f6\u00dfte D\u00e4nemarks. Sie war etwa so lang wie ein Fu\u00dfballfeld und so breit, und die Pfosten waren so gro\u00df und dick, dass sie ein zweist\u00f6ckiges Geb\u00e4ude tragen konnten. Heute ist von der Halle nicht mehr viel \u00fcbrig, aber Arch\u00e4ologen haben einen kleinen H\u00fcgel in der Landschaft aufgesch\u00fcttet, damit Sie sehen k\u00f6nnen, wo sie stand. Machen Sie einen Spaziergang und sp\u00fcren Sie die Gr\u00f6\u00dfe der alten K\u00f6nige. Bald werden Sie auch eine Nachbildung des K\u00f6nigssaals im Lejre Land of Legends erleben k\u00f6nnen.<\/p>\n\n\n\n<p>Nur 200 Meter von der alten Halle entfernt liegt das Lejre Museum, eine kleine Unterabteilung des Roskilde Museums. Auf der anderen Seite des Museums k\u00f6nnen Sie die Steine sehen, die von der urspr\u00fcnglichen Schiffssiedlung und dem Gr\u00e4berfeld \u00fcbrig geblieben sind, die jetzt im Lejre Land of Legends wieder aufgebaut wurden.<\/p>\n\n\n\n<div class=\"wp-block-buttons is-layout-flex wp-block-buttons-is-layout-flex\">\n<div class=\"wp-block-button\"><a class=\"wp-block-button__link wp-element-button\" href=\"https:\/\/lejremuseum.dk\/\">Lesen Sie mehr auf der Website des Lejre-Museums<\/a><\/div>\n<\/div>\n\n\n\n<hr class=\"wp-block-separator has-alpha-channel-opacity\"\/>\n\n\n\n<figure class=\"wp-block-image size-full is-style-rounded\"><img decoding=\"async\" src=\"https:\/\/sagnlandet.dk\/wp-content\/uploads\/2025\/02\/vi-venter-paa-jer-widget-1920x1481-1.jpg\" alt=\"\" class=\"wp-image-1842\" style=\"aspect-ratio:16\/9;object-fit:cover\"\/><\/figure>\n\n\n\n<h4 class=\"wp-block-heading\">Ein Ausflug nach Roskilde<\/h4>\n\n\n\n<p>Wenn Sie von Geschichte nicht genug bekommen k\u00f6nnen, sollten Sie einen Ausflug nach Roskilde machen. Besichtigen Sie den Dom oder gehen Sie hinunter zum Hafen, wo das Wikingerschiffsmuseum mit den Schiffen der Vergangenheit arbeitet.<\/p>\n\n\n\n<div class=\"wp-block-buttons is-horizontal is-layout-flex wp-block-buttons-is-layout-flex\">\n<div class=\"wp-block-button\"><a class=\"wp-block-button__link wp-element-button\" href=\"https:\/\/roskildedomkirke.dk\/\">Lesen Sie mehr \u00fcber den Dom von Roskilde<\/a><\/div>\n\n\n\n<div class=\"wp-block-button\"><a class=\"wp-block-button__link wp-element-button\" href=\"https:\/\/www.vikingeskibsmuseet.dk\/\">Lesen Sie mehr \u00fcber das Wikingerschiffsmuseum<\/a><\/div>\n<\/div>\n\n\n\n<hr class=\"wp-block-separator has-alpha-channel-opacity\"\/>\n\n\n\n<h4 class=\"wp-block-heading\">Sch\u00f6ne Wanderungen<\/h4>\n\n\n\n<p>Sie k\u00f6nnen auch in der N\u00e4he von Sagnlandet wandern und die vielen alten Denkm\u00e4ler und die herrliche Natur von Lejre genie\u00dfen. Es gibt hier so viel zu sehen, dass die Gegend um Lejre und Roskilde zum Nationalpark Skjoldungernes Land erkl\u00e4rt wurde.<\/p>\n\n\n\n<div class=\"wp-block-buttons is-layout-flex wp-block-buttons-is-layout-flex\">\n<div class=\"wp-block-button\"><a class=\"wp-block-button__link wp-element-button\" href=\"https:\/\/nationalparkskjoldungernesland.dk\/\">Lesen Sie hier mehr \u00fcber den Nationalpark<\/a><\/div>\n<\/div>\n\n\n\n<hr class=\"wp-block-separator has-alpha-channel-opacity\"\/>\n\n\n\n<h4 class=\"wp-block-heading\">Andere Erlebnisse<\/h4>\n\n\n\n<p>Westlich des Sagenlandes finden Sie das Stra\u00dfenbahnmuseum Skjoldn\u00e6sholm und die Tadre-M\u00fchle, die letzte Wasserm\u00fchle D\u00e4nemarks, deren R\u00e4der sich noch drehen.<\/p>\n\n\n\n<div class=\"wp-block-buttons is-layout-flex wp-block-buttons-is-layout-flex\">\n<div class=\"wp-block-button\"><a class=\"wp-block-button__link wp-element-button\" href=\"https:\/\/www.sporvejsmuseet.dk\/spm\/site\/spm\/spm.php\">Lesen Sie mehr \u00fcber Sporvejsmuseet Skjoldn\u00e6sholm<\/a><\/div>\n\n\n\n<div class=\"wp-block-button\"><a class=\"wp-block-button__link wp-element-button\" href=\"https:\/\/tadrem\u00f8lle.dk\/\">Lesen Sie mehr \u00fcber Tadre M\u00fchle<\/a><\/div>\n<\/div>\n\n\n\n<p><\/p>\n\n\n\n<hr class=\"wp-block-separator has-alpha-channel-opacity\"\/>\n\n\n\n<h4 class=\"wp-block-heading\">Andere Links<\/h4>\n\n\n\n<p>Hier finden Sie Links \u00fcber die Vermietung von Ferienh\u00e4usern auf Seeland.<\/p>\n\n\n\n<div class=\"wp-block-buttons is-layout-flex wp-block-buttons-is-layout-flex\">\n<div class=\"wp-block-button\"><a class=\"wp-block-button__link wp-element-button\" href=\"https:\/\/www.campaya.dk\/\">Campaya<\/a><\/div>\n\n\n\n<div class=\"wp-block-button\"><a class=\"wp-block-button__link wp-element-button\" href=\"https:\/\/www.feline.dk\/artikler\/sommerhus-sj%c3%a6lland\">Feline Holidays<\/a><\/div>\n<\/div>\n\n\n\n<p><\/p>\n","protected":false},"excerpt":{"rendered":"<p>In Lejre gibt es eine Menge zu sehen&#8211; auch au\u00dferhalb von Lejre Land of Legends! Lejre Land der Legenden ist eine Schatztruhe voller Erlebnisse mitten in den gr\u00fcnen H\u00fcgeln Seelands. Auf dieser Seite haben wir eine Reihe von Links zu anderen Attraktionen und Orten zusammengestellt, die Sie w\u00e4hrend Ihres Besuchs in Lejre Land of Legends [&hellip;]<\/p>\n","protected":false},"author":3,"featured_media":71073,"parent":0,"menu_order":0,"comment_status":"open","ping_status":"open","template":"","meta":{"_acf_changed":false,"footnotes":""},"class_list":["post-70081","page","type-page","status-publish","has-post-thumbnail","hentry"],"acf":[],"yoast_head":"<!-- This site is optimized with the Yoast SEO plugin v23.5 - https:\/\/yoast.com\/wordpress\/plugins\/seo\/ -->\n<title>Erlebnisse in der Region Lejre - Sagnlandet Lejre<\/title>\n<meta name=\"robots\" content=\"index, follow, max-snippet:-1, max-image-preview:large, max-video-preview:-1\" \/>\n<link rel=\"canonical\" href=\"https:\/\/sagnlandet.dk\/de\/experiences-in-the-lejre-area\/\" \/>\n<meta property=\"og:locale\" content=\"de_DE\" \/>\n<meta property=\"og:type\" content=\"article\" \/>\n<meta property=\"og:title\" content=\"Erlebnisse in der Region Lejre - Sagnlandet Lejre\" \/>\n<meta property=\"og:description\" content=\"In Lejre gibt es eine Menge zu sehen&#8211; auch au\u00dferhalb von Lejre Land of Legends! Lejre Land der Legenden ist eine Schatztruhe voller Erlebnisse mitten in den gr\u00fcnen H\u00fcgeln Seelands. Auf dieser Seite haben wir eine Reihe von Links zu anderen Attraktionen und Orten zusammengestellt, die Sie w\u00e4hrend Ihres Besuchs in Lejre Land of Legends [&hellip;]\" \/>\n<meta property=\"og:url\" content=\"https:\/\/sagnlandet.dk\/de\/experiences-in-the-lejre-area\/\" \/>\n<meta property=\"og:site_name\" content=\"Sagnlandet Lejre\" \/>\n<meta property=\"article:modified_time\" content=\"2025-02-24T06:11:23+00:00\" \/>\n<meta property=\"og:image\" content=\"https:\/\/sagnlandet.dk\/de\/wp-content\/uploads\/sites\/13\/2025\/02\/luft-maj-2012-03-1-scaled-1-1.jpg\" \/>\n\t<meta property=\"og:image:width\" content=\"2560\" \/>\n\t<meta property=\"og:image:height\" content=\"1707\" \/>\n\t<meta property=\"og:image:type\" content=\"image\/jpeg\" \/>\n<meta name=\"twitter:card\" content=\"summary_large_image\" \/>\n<meta name=\"twitter:label1\" content=\"Gesch\u00e4tzte Lesezeit\" \/>\n\t<meta name=\"twitter:data1\" content=\"4\u00a0Minuten\" \/>\n<!-- \/ Yoast SEO plugin. -->","yoast_head_json":{"title":"Erlebnisse in der Region Lejre - Sagnlandet Lejre","robots":{"index":"index","follow":"follow","max-snippet":"max-snippet:-1","max-image-preview":"max-image-preview:large","max-video-preview":"max-video-preview:-1"},"canonical":"https:\/\/sagnlandet.dk\/de\/experiences-in-the-lejre-area\/","og_locale":"de_DE","og_type":"article","og_title":"Erlebnisse in der Region Lejre - Sagnlandet Lejre","og_description":"In Lejre gibt es eine Menge zu sehen&#8211; auch au\u00dferhalb von Lejre Land of Legends! Lejre Land der Legenden ist eine Schatztruhe voller Erlebnisse mitten in den gr\u00fcnen H\u00fcgeln Seelands. Auf dieser Seite haben wir eine Reihe von Links zu anderen Attraktionen und Orten zusammengestellt, die Sie w\u00e4hrend Ihres Besuchs in Lejre Land of Legends [&hellip;]","og_url":"https:\/\/sagnlandet.dk\/de\/experiences-in-the-lejre-area\/","og_site_name":"Sagnlandet Lejre","article_modified_time":"2025-02-24T06:11:23+00:00","og_image":[{"width":2560,"height":1707,"url":"https:\/\/sagnlandet.dk\/de\/wp-content\/uploads\/sites\/13\/2025\/02\/luft-maj-2012-03-1-scaled-1-1.jpg","type":"image\/jpeg"}],"twitter_card":"summary_large_image","twitter_misc":{"Gesch\u00e4tzte Lesezeit":"4\u00a0Minuten"},"schema":{"@context":"https:\/\/schema.org","@graph":[{"@type":"WebPage","@id":"https:\/\/sagnlandet.dk\/de\/experiences-in-the-lejre-area\/","url":"https:\/\/sagnlandet.dk\/de\/experiences-in-the-lejre-area\/","name":"Erlebnisse in der Region Lejre - Sagnlandet Lejre","isPartOf":{"@id":"https:\/\/sagnlandet.dk\/de\/#website"},"primaryImageOfPage":{"@id":"https:\/\/sagnlandet.dk\/de\/experiences-in-the-lejre-area\/#primaryimage"},"image":{"@id":"https:\/\/sagnlandet.dk\/de\/experiences-in-the-lejre-area\/#primaryimage"},"thumbnailUrl":"https:\/\/sagnlandet.dk\/de\/wp-content\/uploads\/sites\/13\/2025\/02\/luft-maj-2012-03-1-scaled-1-1-1.jpg","datePublished":"2024-10-07T07:05:19+00:00","dateModified":"2025-02-24T06:11:23+00:00","breadcrumb":{"@id":"https:\/\/sagnlandet.dk\/de\/experiences-in-the-lejre-area\/#breadcrumb"},"inLanguage":"de","potentialAction":[{"@type":"ReadAction","target":["https:\/\/sagnlandet.dk\/de\/experiences-in-the-lejre-area\/"]}]},{"@type":"ImageObject","inLanguage":"de","@id":"https:\/\/sagnlandet.dk\/de\/experiences-in-the-lejre-area\/#primaryimage","url":"https:\/\/sagnlandet.dk\/de\/wp-content\/uploads\/sites\/13\/2025\/02\/luft-maj-2012-03-1-scaled-1-1-1.jpg","contentUrl":"https:\/\/sagnlandet.dk\/de\/wp-content\/uploads\/sites\/13\/2025\/02\/luft-maj-2012-03-1-scaled-1-1-1.jpg","width":2560,"height":1707},{"@type":"BreadcrumbList","@id":"https:\/\/sagnlandet.dk\/de\/experiences-in-the-lejre-area\/#breadcrumb","itemListElement":[{"@type":"ListItem","position":1,"name":"Hjem","item":"https:\/\/sagnlandet.dk\/de\/"},{"@type":"ListItem","position":2,"name":"Experiences in the Lejre area"}]},{"@type":"WebSite","@id":"https:\/\/sagnlandet.dk\/de\/#website","url":"https:\/\/sagnlandet.dk\/de\/","name":"Sagnlandet Lejre","description":"","publisher":{"@id":"https:\/\/sagnlandet.dk\/de\/#organization"},"potentialAction":[{"@type":"SearchAction","target":{"@type":"EntryPoint","urlTemplate":"https:\/\/sagnlandet.dk\/de\/?s={search_term_string}"},"query-input":{"@type":"PropertyValueSpecification","valueRequired":true,"valueName":"search_term_string"}}],"inLanguage":"de"},{"@type":"Organization","@id":"https:\/\/sagnlandet.dk\/de\/#organization","name":"Sagnlandet Lejre","url":"https:\/\/sagnlandet.dk\/de\/","logo":{"@type":"ImageObject","inLanguage":"de","@id":"https:\/\/sagnlandet.dk\/de\/#\/schema\/logo\/image\/","url":"https:\/\/sagnlandet.dk\/de\/wp-content\/uploads\/sites\/13\/1738\/65\/logo.png","contentUrl":"https:\/\/sagnlandet.dk\/de\/wp-content\/uploads\/sites\/13\/1738\/65\/logo.png","width":398,"height":143,"caption":"Sagnlandet Lejre"},"image":{"@id":"https:\/\/sagnlandet.dk\/de\/#\/schema\/logo\/image\/"}}]}},"_links":{"self":[{"href":"https:\/\/sagnlandet.dk\/de\/wp-json\/wp\/v2\/pages\/70081"}],"collection":[{"href":"https:\/\/sagnlandet.dk\/de\/wp-json\/wp\/v2\/pages"}],"about":[{"href":"https:\/\/sagnlandet.dk\/de\/wp-json\/wp\/v2\/types\/page"}],"author":[{"embeddable":true,"href":"https:\/\/sagnlandet.dk\/de\/wp-json\/wp\/v2\/users\/3"}],"replies":[{"embeddable":true,"href":"https:\/\/sagnlandet.dk\/de\/wp-json\/wp\/v2\/comments?post=70081"}],"version-history":[{"count":3,"href":"https:\/\/sagnlandet.dk\/de\/wp-json\/wp\/v2\/pages\/70081\/revisions"}],"predecessor-version":[{"id":71411,"href":"https:\/\/sagnlandet.dk\/de\/wp-json\/wp\/v2\/pages\/70081\/revisions\/71411"}],"wp:featuredmedia":[{"embeddable":true,"href":"https:\/\/sagnlandet.dk\/de\/wp-json\/wp\/v2\/media\/71073"}],"wp:attachment":[{"href":"https:\/\/sagnlandet.dk\/de\/wp-json\/wp\/v2\/media?parent=70081"}],"curies":[{"name":"wp","href":"https:\/\/api.w.org\/{rel}","templated":true}]}}