{"id":69917,"date":"2024-04-23T12:00:28","date_gmt":"2024-04-23T10:00:28","guid":{"rendered":"https:\/\/sagnlandet.dk\/cookiepolitik\/"},"modified":"2025-03-21T08:37:43","modified_gmt":"2025-03-21T07:37:43","slug":"cookie-politik","status":"publish","type":"page","link":"https:\/\/sagnlandet.dk\/de\/cookie-politik\/","title":{"rendered":"Cookie-Politik"},"content":{"rendered":"\n<div class=\"wp-block-cover is-light\"><span aria-hidden=\"true\" class=\"wp-block-cover__background has-background-dim\" style=\"background-color:#96927a\"><\/span><img decoding=\"async\" class=\"wp-block-cover__image-background wp-image-1189\" alt=\"\" src=\"https:\/\/sagnlandet.dk\/wp-content\/uploads\/2025\/02\/efteraarsferie-2020-22-2-scaled-1.jpg\" data-object-fit=\"cover\"\/><div class=\"wp-block-cover__inner-container is-layout-constrained wp-block-cover-is-layout-constrained\">\n<h1 class=\"wp-block-heading has-text-align-center has-color-bg-color has-text-color has-link-color has-large-font-size wp-elements-2010970cd462c0599bf95728ef8984ae\">Cookie-Politik<\/h1>\n<\/div><\/div>\n\n\n\n<h4 class=\"wp-block-heading\"><strong>Verwendung von Cookies<\/strong><\/h4>\n\n\n\n<p>Hier k\u00f6nnen Sie Sagnlandet Lejre Richtlinien f\u00fcr die Verwendung von Cookies beim Besuch von sagnlandet.dk\/de lesen. Wenn Sie die Website Sagnlandet Lejre besuchen, akzeptieren Sie die nachstehende Cookie-Richtlinie.<\/p>\n\n\n\n<p><a href=\"https:\/\/sagnlandet.dk\/en\/privatlivspolitik\/\">Klicken Sie hier, um zur Datenschutzrichtlinie zu gelangen<\/a><\/p>\n\n\n\n<p><strong>Lejre Land of Legends Cookie-Richtlinie<\/strong><\/p>\n\n\n\n<p>Wenn Sie auf die Website <a href=\"https:\/\/www.sagnlandet.dk\">www.sagnlandet.dk<\/a> und die Facebook-Seite <a href=\"http:\/\/www.facebook.com\/SagnlandetLejre\/\">www.facebook.com\/SagnlandetLejre\/<\/a> von Lejre Land of Legends klicken <a href=\"http:\/\/www.facebook.com\/SagnlandetLejre\/\">,<\/a> erkl\u00e4ren Sie sich mit der Verwendung von Cookies einverstanden. Cookies werden von praktisch allen Websites verwendet. In manchen F\u00e4llen sind Cookies die einzige M\u00f6glichkeit, eine Website wie vorgesehen funktionieren zu lassen.<\/p>\n\n\n\n<p>Ein Cookie ist eine Datei, die auf Ihrem Computer oder anderen IT-Ger\u00e4ten gespeichert wird. Sie erm\u00f6glicht es, Ihren Computer, Ihr Tablet oder Ihr Smartphone zu erkennen und verschiedene technische und statistische Informationen zu sammeln. Zum Beispiel, ob Sie die Website von Land of Legends schon einmal besucht haben, welche Seiten Sie besuchen und wie lange, welche Funktionen Sie nutzen, welche Art von Browser und Betriebssystem Ihre Hardware verwendet usw.<\/p>\n\n\n\n<p>Cookies k\u00f6nnen nicht erkennen, wer Sie sind, wie Sie hei\u00dfen, wo Sie wohnen oder ob der Computer von einer oder mehreren Personen genutzt wird. Sie k\u00f6nnen auch keine Computerviren oder andere sch\u00e4dliche Programme verbreiten.<\/p>\n\n\n\n<p>Cookies sammeln somit statistische Informationen \u00fcber Sie und Ihr Verhalten auf der Website, die Lejre Land of Legends nutzen kann, um den redaktionellen Inhalt, die technische Funktionalit\u00e4t und das Marketingpotenzial der Website anzupassen und zu verbessern. In diesem Zusammenhang verwendet Lejre Land of Legends Cookies von Drittanbietern wie Google Analytics und Facebook, mit denen der Datenverkehr gemessen, Anzeigen gezielt geschaltet und Such- und Lesegewohnheiten aufgezeigt werden k\u00f6nnen.<\/p>\n\n\n\n<p>Wenn Sie nicht m\u00f6chten, dass Informationen gesammelt werden, sollten Sie Ihre Cookies l\u00f6schen und die Website von Lejre Land of Legends nicht weiter nutzen.<\/p>\n\n\n\n<p>Bei allen Browsern k\u00f6nnen Sie Cookies einzeln oder alle auf einmal l\u00f6schen. Wie Sie dies tun, h\u00e4ngt davon ab, welchen Browser Sie verwenden.<\/p>\n\n\n\n<p>Wenn Sie jedoch Cookies l\u00f6schen oder blockieren, besteht die Gefahr, dass die Website nicht mehr optimal funktioniert und dass Sie auf bestimmte Inhalte nicht zugreifen k\u00f6nnen. Au\u00dferdem wird die Werbung f\u00fcr Sie weniger relevant sein und h\u00e4ufiger erscheinen.<\/p>\n\n\n\n<p>Wie Sie Cookies vermeiden k\u00f6nnen, h\u00e4ngt davon ab, welchen Browser Sie verwenden. Auf dieser Seite finden Sie Links zu Anleitungen, wie Sie Cookies in verschiedenen Browsern entfernen und blockieren k\u00f6nnen.<\/p>\n\n\n\n<h4 class=\"wp-block-heading\">Was ist ein Cookie?<\/h4>\n\n\n\n<p>Ein Cookie ist eine kleine Textdatei, die im Webbrowser auf Ihrem Computer, Smartphone, iPad oder was auch immer Sie verwenden, um online zu gehen, gespeichert wird. Cookies erm\u00f6glichen es, Ihren Computer usw. zu identifizieren und Informationen \u00fcber Ihr Online-Verhalten zu sammeln, z. B. welche Seiten und Funktionen mit Ihrem Browser besucht werden, und stellen sicher, dass er technisch funktioniert. In manchen F\u00e4llen sind Cookies notwendig, damit eine Website wie vorgesehen funktioniert. Ein Cookie ist statisch und kann keine Computerviren oder andere sch\u00e4dliche Programme verbreiten. Er ist anonym und enth\u00e4lt keine pers\u00f6nlichen Daten. Cookies werden von praktisch allen Websites verwendet.<\/p>\n\n\n\n<h4 class=\"wp-block-heading\">Arten von Cookies<\/h4>\n\n\n\n<p>Es gibt zwei Arten von Cookies: Sitzungscookies und dauerhafte Cookies. Sitzungscookies werden automatisch aus dem Browser gel\u00f6scht, wenn Sie ihn schlie\u00dfen. Dauerhafte Cookies werden f\u00fcr einen bestimmten Zeitraum auf Ihrem Ger\u00e4t gespeichert und verfallen danach.<\/p>\n\n\n\n<p>Es wird auch zwischen Erstanbieter-Cookies und Drittanbieter-Cookies unterschieden. Erstanbieter-Cookies werden von der von Ihnen besuchten Website gesetzt, Drittanbieter-Cookies werden von einem Dritten gesetzt, der Elemente auf der von Ihnen besuchten Website eingebettet hat. Drittanbieter-Cookies werden von Web-Analyseprogrammen wie Google Analytics und WebTrends gesetzt.<\/p>\n\n\n\n<p>Diese Cookie-Richtlinie gilt nur f\u00fcr sagnlandet.dk\/de. Wenn Sie auf Funktionen klicken, die zu anderen Websites navigieren, hat Sagnlandet Lejre keine Verantwortung oder Kontrolle dar\u00fcber, welche Cookies verwendet werden.<\/p>\n\n\n\n<h4 class=\"wp-block-heading\">Cookies auf sagnlandet.dk\/de<\/h4>\n\n\n<div class=\"cookie-manager--cookie-table\" data-cookie-declaration=\"\"><\/div>\n\n\n\n<p>Existiert nicht &#8211; listet allgemeine Cookies auf<\/p>\n\n\n\n<h4 class=\"wp-block-heading\">Wie man Cookies vermeiden oder l\u00f6schen kann<\/h4>\n\n\n\n<p>Wenn Sie keine Cookies von sagnlandet.dk\/de w\u00fcnschen, k\u00f6nnen Sie jederzeit alle Cookies blockieren, vorhandene Cookies auf Ihrem Computer l\u00f6schen oder eine Warnung erhalten, bevor ein Cookie gespeichert wird. Bei allen Browsern k\u00f6nnen Sie Cookies einzeln oder alle auf einmal l\u00f6schen. Wie Sie dies tun, h\u00e4ngt davon ab, welchen Browser Sie verwenden. Folgen Sie den nachstehenden Links, um Anweisungen f\u00fcr Ihren Browser zu erhalten. Denken Sie daran, dass Sie, wenn Sie mehrere Browser verwenden, die Cookies in allen Browsern l\u00f6schen m\u00fcssen.<\/p>\n\n\n\n<ul class=\"wp-block-list\">\n<li><a href=\"https:\/\/support.microsoft.com\/da-dk\/windows\/slet-og-administrer-cookies-168dab11-0753-043d-7c16-ede5947fc64d\" target=\"_blank\" rel=\"noreferrer noopener\">So l\u00f6schen Sie Cookies im Microsoft Internet Explorer<\/a><\/li>\n\n\n\n<li><a href=\"https:\/\/support.apple.com\/kb\/PH17191\" target=\"_blank\" rel=\"noreferrer noopener\">So l\u00f6schen Sie Cookies im Safari-Browser<\/a><\/li>\n\n\n\n<li><a href=\"http:\/\/support.google.com\/chrome\/bin\/answer.py?hl=da&amp;answer=95647\" target=\"_blank\" rel=\"noreferrer noopener\">So l\u00f6schen Sie Cookies im Google Chrome-Browser<\/a><\/li>\n\n\n\n<li><a href=\"http:\/\/support.mozilla.org\/da\/kb\/delete-cookies-remove-info-websites-stored?redirectlocale=en-US&amp;redirectslug=Deleting+cookies\" target=\"_blank\" rel=\"noreferrer noopener\">Anleitung zum L\u00f6schen von Cookies im Mozilla Firefox-Browser<\/a><\/li>\n\n\n\n<li><a href=\"http:\/\/timeread.hubpages.com\/hub\/How-to-delete-internet-cookies-on-your-Droid-or-any-Android-device\" target=\"_blank\" rel=\"noreferrer noopener\">Anleitung zum L\u00f6schen von Cookies auf Android-Telefonen<\/a><\/li>\n\n\n\n<li><a href=\"http:\/\/help.opera.com\/Windows\/9.51\/da\/cookies.html\" target=\"_blank\" rel=\"noreferrer noopener\">Anleitung zum L\u00f6schen von Cookies im Opera-Browser<\/a><\/li>\n\n\n\n<li><a href=\"http:\/\/support.apple.com\/kb\/HT1677?viewlocale=da_DK\" target=\"_blank\" rel=\"noreferrer noopener\">Wie man Cookies auf iPad, iPhone, iPod touch l\u00f6scht<\/a><\/li>\n\n\n\n<li><a href=\"https:\/\/kb.wisc.edu\/page.php?id=24078\" target=\"_blank\" rel=\"noreferrer noopener\">Wie man Cookies von Windows Phone l\u00f6scht<\/a><\/li>\n<\/ul>\n\n\n\n<p>Weitere Tipps zu Cookies finden Sie hier: <a href=\"http:\/\/minecookies.org\/fravalg\" target=\"_blank\" rel=\"noreferrer noopener\">http:\/\/minecookies.org\/fravalg<\/a><\/p>\n\n\n\n<h4 class=\"wp-block-heading\">Was passiert, wenn Sie Cookies nicht akzeptieren oder l\u00f6schen?<\/h4>\n\n\n\n<p>Wenn Sie sich daf\u00fcr entscheiden, alle Cookies zu blockieren oder vorhandene Cookies auf Ihrem Computer zu l\u00f6schen, k\u00f6nnen Sie weiterhin Texte auf sagnlandet.dk\/de lesen. Es kann jedoch sein, dass Sie bestimmte Funktionen und Dienste nicht nutzen k\u00f6nnen, weil die Website sich die von Ihnen getroffenen Entscheidungen merken muss.<\/p>\n\n\n\n<h4 class=\"wp-block-heading\">Regeln und Vorschriften<\/h4>\n\n\n\n<p>Die Regeln, die f\u00fcr die Verwendung von Cookies auf Sagnlandet Lejre gelten, finden Sie im Folgenden.<\/p>\n\n\n\n<p><a href=\"https:\/\/www.retsinformation.dk\/Forms\/R0710.aspx?id=139279\" target=\"_blank\" rel=\"noreferrer noopener\">Durchf\u00fchrungsverordnung zu Cookies<br><\/a><a href=\"https:\/\/erhvervsstyrelsen.dk\/cookie-loven\" target=\"_blank\" rel=\"noreferrer noopener\">Leitfaden zu Cookies<\/a><\/p>\n\n\n\n<h4 class=\"wp-block-heading\">Kontaktieren Sie uns<\/h4>\n\n\n\n<p>Sie k\u00f6nnen uns gerne kontaktieren, wenn Sie weitere Fragen zur Verwendung von Cookies auf sagnlandet.dk\/de haben.<\/p>\n\n\n\n<div class=\"wp-block-buttons is-layout-flex wp-block-buttons-is-layout-flex\">\n<div class=\"wp-block-button is-style-fill\"><a class=\"wp-block-button__link has-color-text-background-color has-background wp-element-button\" href=\"https:\/\/sagnlandet.dk\/en\/kontakt\/\">Kontaktieren Sie uns unter<\/a><\/div>\n<\/div>\n","protected":false},"excerpt":{"rendered":"<p>Verwendung von Cookies Hier k\u00f6nnen Sie Richtlinien f\u00fcr die Verwendung von Cookies beim Besuch von lesen. Wenn Sie die Website besuchen, akzeptieren Sie die nachstehende Cookie-Richtlinie. Klicken Sie hier, um zur Datenschutzrichtlinie zu gelangen Lejre Land of Legends Cookie-Richtlinie Wenn Sie auf die Website www.sagnlandet.dk und die Facebook-Seite www.facebook.com\/SagnlandetLejre\/ von Lejre Land of Legends klicken [&hellip;]<\/p>\n","protected":false},"author":1,"featured_media":71089,"parent":0,"menu_order":0,"comment_status":"open","ping_status":"open","template":"","meta":{"_acf_changed":false,"footnotes":""},"class_list":["post-69917","page","type-page","status-publish","has-post-thumbnail","hentry"],"acf":[],"yoast_head":"<!-- This site is optimized with the Yoast SEO plugin v23.5 - https:\/\/yoast.com\/wordpress\/plugins\/seo\/ -->\n<title>Cookie-Politik - Sagnlandet Lejre<\/title>\n<meta name=\"robots\" content=\"index, follow, max-snippet:-1, max-image-preview:large, max-video-preview:-1\" \/>\n<link rel=\"canonical\" href=\"https:\/\/sagnlandet.dk\/de\/cookie-politik\/\" \/>\n<meta property=\"og:locale\" content=\"de_DE\" \/>\n<meta property=\"og:type\" content=\"article\" \/>\n<meta property=\"og:title\" content=\"Cookie-Politik - Sagnlandet Lejre\" \/>\n<meta property=\"og:description\" content=\"Verwendung von Cookies Hier k\u00f6nnen Sie Richtlinien f\u00fcr die Verwendung von Cookies beim Besuch von lesen. Wenn Sie die Website besuchen, akzeptieren Sie die nachstehende Cookie-Richtlinie. Klicken Sie hier, um zur Datenschutzrichtlinie zu gelangen Lejre Land of Legends Cookie-Richtlinie Wenn Sie auf die Website www.sagnlandet.dk und die Facebook-Seite www.facebook.com\/SagnlandetLejre\/ von Lejre Land of Legends klicken [&hellip;]\" \/>\n<meta property=\"og:url\" content=\"https:\/\/sagnlandet.dk\/de\/cookie-politik\/\" \/>\n<meta property=\"og:site_name\" content=\"Sagnlandet Lejre\" \/>\n<meta property=\"article:modified_time\" content=\"2025-03-21T07:37:43+00:00\" \/>\n<meta property=\"og:image\" content=\"https:\/\/sagnlandet.dk\/de\/wp-content\/uploads\/sites\/13\/2025\/02\/efteraarsferie-2020-22-2-scaled-1-1-1.jpg\" \/>\n\t<meta property=\"og:image:width\" content=\"2560\" \/>\n\t<meta property=\"og:image:height\" content=\"1048\" \/>\n\t<meta property=\"og:image:type\" content=\"image\/jpeg\" \/>\n<meta name=\"twitter:card\" content=\"summary_large_image\" \/>\n<meta name=\"twitter:label1\" content=\"Gesch\u00e4tzte Lesezeit\" \/>\n\t<meta name=\"twitter:data1\" content=\"6\u00a0Minuten\" \/>\n<!-- \/ Yoast SEO plugin. -->","yoast_head_json":{"title":"Cookie-Politik - Sagnlandet Lejre","robots":{"index":"index","follow":"follow","max-snippet":"max-snippet:-1","max-image-preview":"max-image-preview:large","max-video-preview":"max-video-preview:-1"},"canonical":"https:\/\/sagnlandet.dk\/de\/cookie-politik\/","og_locale":"de_DE","og_type":"article","og_title":"Cookie-Politik - Sagnlandet Lejre","og_description":"Verwendung von Cookies Hier k\u00f6nnen Sie Richtlinien f\u00fcr die Verwendung von Cookies beim Besuch von lesen. Wenn Sie die Website besuchen, akzeptieren Sie die nachstehende Cookie-Richtlinie. Klicken Sie hier, um zur Datenschutzrichtlinie zu gelangen Lejre Land of Legends Cookie-Richtlinie Wenn Sie auf die Website www.sagnlandet.dk und die Facebook-Seite www.facebook.com\/SagnlandetLejre\/ von Lejre Land of Legends klicken [&hellip;]","og_url":"https:\/\/sagnlandet.dk\/de\/cookie-politik\/","og_site_name":"Sagnlandet Lejre","article_modified_time":"2025-03-21T07:37:43+00:00","og_image":[{"width":2560,"height":1048,"url":"https:\/\/sagnlandet.dk\/de\/wp-content\/uploads\/sites\/13\/2025\/02\/efteraarsferie-2020-22-2-scaled-1-1-1.jpg","type":"image\/jpeg"}],"twitter_card":"summary_large_image","twitter_misc":{"Gesch\u00e4tzte Lesezeit":"6\u00a0Minuten"},"schema":{"@context":"https:\/\/schema.org","@graph":[{"@type":"WebPage","@id":"https:\/\/sagnlandet.dk\/de\/cookie-politik\/","url":"https:\/\/sagnlandet.dk\/de\/cookie-politik\/","name":"Cookie-Politik - Sagnlandet Lejre","isPartOf":{"@id":"https:\/\/sagnlandet.dk\/de\/#website"},"primaryImageOfPage":{"@id":"https:\/\/sagnlandet.dk\/de\/cookie-politik\/#primaryimage"},"image":{"@id":"https:\/\/sagnlandet.dk\/de\/cookie-politik\/#primaryimage"},"thumbnailUrl":"https:\/\/sagnlandet.dk\/de\/wp-content\/uploads\/sites\/13\/2025\/02\/efteraarsferie-2020-22-2-scaled-1-1-1.jpg","datePublished":"2024-04-23T10:00:28+00:00","dateModified":"2025-03-21T07:37:43+00:00","breadcrumb":{"@id":"https:\/\/sagnlandet.dk\/de\/cookie-politik\/#breadcrumb"},"inLanguage":"de","potentialAction":[{"@type":"ReadAction","target":["https:\/\/sagnlandet.dk\/de\/cookie-politik\/"]}]},{"@type":"ImageObject","inLanguage":"de","@id":"https:\/\/sagnlandet.dk\/de\/cookie-politik\/#primaryimage","url":"https:\/\/sagnlandet.dk\/de\/wp-content\/uploads\/sites\/13\/2025\/02\/efteraarsferie-2020-22-2-scaled-1-1-1.jpg","contentUrl":"https:\/\/sagnlandet.dk\/de\/wp-content\/uploads\/sites\/13\/2025\/02\/efteraarsferie-2020-22-2-scaled-1-1-1.jpg","width":2560,"height":1048},{"@type":"BreadcrumbList","@id":"https:\/\/sagnlandet.dk\/de\/cookie-politik\/#breadcrumb","itemListElement":[{"@type":"ListItem","position":1,"name":"Hjem","item":"https:\/\/sagnlandet.dk\/de\/"},{"@type":"ListItem","position":2,"name":"Cookie-Politik"}]},{"@type":"WebSite","@id":"https:\/\/sagnlandet.dk\/de\/#website","url":"https:\/\/sagnlandet.dk\/de\/","name":"Sagnlandet Lejre","description":"","publisher":{"@id":"https:\/\/sagnlandet.dk\/de\/#organization"},"potentialAction":[{"@type":"SearchAction","target":{"@type":"EntryPoint","urlTemplate":"https:\/\/sagnlandet.dk\/de\/?s={search_term_string}"},"query-input":{"@type":"PropertyValueSpecification","valueRequired":true,"valueName":"search_term_string"}}],"inLanguage":"de"},{"@type":"Organization","@id":"https:\/\/sagnlandet.dk\/de\/#organization","name":"Sagnlandet Lejre","url":"https:\/\/sagnlandet.dk\/de\/","logo":{"@type":"ImageObject","inLanguage":"de","@id":"https:\/\/sagnlandet.dk\/de\/#\/schema\/logo\/image\/","url":"https:\/\/sagnlandet.dk\/de\/wp-content\/uploads\/sites\/13\/1738\/65\/logo.png","contentUrl":"https:\/\/sagnlandet.dk\/de\/wp-content\/uploads\/sites\/13\/1738\/65\/logo.png","width":398,"height":143,"caption":"Sagnlandet Lejre"},"image":{"@id":"https:\/\/sagnlandet.dk\/de\/#\/schema\/logo\/image\/"}}]}},"_links":{"self":[{"href":"https:\/\/sagnlandet.dk\/de\/wp-json\/wp\/v2\/pages\/69917"}],"collection":[{"href":"https:\/\/sagnlandet.dk\/de\/wp-json\/wp\/v2\/pages"}],"about":[{"href":"https:\/\/sagnlandet.dk\/de\/wp-json\/wp\/v2\/types\/page"}],"author":[{"embeddable":true,"href":"https:\/\/sagnlandet.dk\/de\/wp-json\/wp\/v2\/users\/1"}],"replies":[{"embeddable":true,"href":"https:\/\/sagnlandet.dk\/de\/wp-json\/wp\/v2\/comments?post=69917"}],"version-history":[{"count":4,"href":"https:\/\/sagnlandet.dk\/de\/wp-json\/wp\/v2\/pages\/69917\/revisions"}],"predecessor-version":[{"id":71131,"href":"https:\/\/sagnlandet.dk\/de\/wp-json\/wp\/v2\/pages\/69917\/revisions\/71131"}],"wp:featuredmedia":[{"embeddable":true,"href":"https:\/\/sagnlandet.dk\/de\/wp-json\/wp\/v2\/media\/71089"}],"wp:attachment":[{"href":"https:\/\/sagnlandet.dk\/de\/wp-json\/wp\/v2\/media?parent=69917"}],"curies":[{"name":"wp","href":"https:\/\/api.w.org\/{rel}","templated":true}]}}