{"id":69892,"date":"2024-04-23T10:21:16","date_gmt":"2024-04-23T08:21:16","guid":{"rendered":"https:\/\/sagnlandet.dk\/butik\/"},"modified":"2025-02-24T07:12:12","modified_gmt":"2025-02-24T06:12:12","slug":"laden-sie","status":"publish","type":"page","link":"https:\/\/sagnlandet.dk\/de\/laden-sie\/","title":{"rendered":"Laden Sie"},"content":{"rendered":"\r\n\r\n<section class=\"standout-section standout-block standout-basic alignfull rounded-bg wp-elements-c0c2bc169f2c730c0f57dfbda6458514 hero-section side-spacing has-bg has-bg-img bg-size-default bg-align-horizontal-center bg-align-vertical-center has-text-color\" style=\"color: #ffffff;\">\r\n\r\n\t<div class=\"standout-max-container\">\t\r\n\r\n<div class=\"standout-block-inner\">\r\n\t\t\t\r\n\t<div class=\"standout-block-background-deco\" style=\"--bg-align-vertical: center; --bg-align-horizontal: center; --bg-object-position: center center\">\r\n\t\t<img loading=\"lazy\" decoding=\"async\" width=\"1920\" height=\"770\" src=\"https:\/\/sagnlandet.dk\/de\/wp-content\/uploads\/sites\/13\/1738\/65\/sagnlandets-butik.jpg\" class=\"standout-block-background-deco-element\" alt=\"\" srcset=\"https:\/\/sagnlandet.dk\/de\/wp-content\/uploads\/sites\/13\/1738\/65\/sagnlandets-butik.jpg 1920w, https:\/\/sagnlandet.dk\/de\/wp-content\/uploads\/sites\/13\/1738\/65\/sagnlandets-butik-300x120.jpg 300w, https:\/\/sagnlandet.dk\/de\/wp-content\/uploads\/sites\/13\/1738\/65\/sagnlandets-butik-1536x616.jpg 1536w, https:\/\/sagnlandet.dk\/de\/wp-content\/uploads\/sites\/13\/1738\/65\/sagnlandets-butik-249x100.jpg 249w, https:\/\/sagnlandet.dk\/de\/wp-content\/uploads\/sites\/13\/1738\/65\/sagnlandets-butik-1200x481.jpg 1200w, https:\/\/sagnlandet.dk\/de\/wp-content\/uploads\/sites\/13\/1738\/65\/sagnlandets-butik-1320x529.jpg 1320w, https:\/\/sagnlandet.dk\/de\/wp-content\/uploads\/sites\/13\/1738\/65\/sagnlandets-butik-600x241.jpg 600w\" sizes=\"(max-width: 1920px) 100vw, 1920px\" \/>\t<\/div>\r\n\r\n\t\t\r\n\t\t\t\t\t\t<div class=\"acf-innerblocks-container\">\n\n<h1 class=\"wp-block-heading\" style=\"text-transform:uppercase\">Lejre Land of Legends Shop<\/h1>\n\n\n\n<p class=\"has-h-6-font-size\">Lejre Land of Legends hat den besten Shop f\u00fcr alle, die in spannenden Produkten st\u00f6bern wollen. Unsere Shopmanagerin Nikki sorgt daf\u00fcr, dass wir immer etwas Spannendes auf Lager haben.<\/p>\n\n<\/div>\r\n\t\t\t\r\n\t\t\t<div class=\"standout-hero-information\"><div class=\"standout-hero-information-inner\">Das Programm des Tages finden Sie <a href=\"https:\/\/sagnlandet.dk\/de\/tagesprogramm\/\">hier <span height=\"1em\" class=\"standout-custom-svg custom-svg\"><?xml version=\"1.0\" encoding=\"UTF-8\"?><svg height=\"1em\" id=\"a\" xmlns=\"http:\/\/www.w3.org\/2000\/svg\" viewBox=\"0 0 16.28 22.02\"><path d=\"M5.4,18.67h-.24c-.77.76-1.5,1.5-2.28,2.28v.35h-.36c-.24.26-.45.47-.68.71H.74c0-.15-.01-.28-.02-.37-.24-.23-.45-.43-.7-.66v-.34c.08-.05.15-.1.23-.15-.06-.05-.14-.09-.19-.15-.03-.04-.06-.13-.04-.15.13-.13.28-.24.46-.39,0-.08,0-.22.01-.29.52-.52,1.01-1,1.49-1.49-.01-.02-.02-.03-.04-.05.14,0,.27-.01.35-.02.32-.33.61-.62.94-.95h.35c0-.15.02-.3.02-.37.2-.2.37-.37.58-.58h.26c.48-.49.93-.94,1.42-1.44h.35v-.38c.13-.11.22-.2.31-.28,0-.02-.02-.04-.03-.06h.34c.41-.42.77-.79,1.18-1.2h.25c.57-.57,1.1-1.11,1.66-1.68h.25c.2-.19.37-.33.52-.49.04-.04.09-.16.07-.18-.12-.11-.26-.19-.38-.3-.12-.11-.22-.23-.33-.35-.11-.12-.21-.24-.32-.36-.07-.07-.15-.13-.29-.24h-.25c-.31-.33-.6-.62-.92-.96h-.3c-.15-.17-.26-.3-.41-.48h-.31c-.15-.17-.26-.3-.41-.48h-.28c-.41-.42-.77-.79-1.18-1.2h-.27c-.31-.33-.6-.62-.92-.96h-.29c-.23-.25-.44-.47-.68-.72h-.29c-.14-.17-.26-.31-.4-.48h-.31c-.14-.17-.26-.31-.41-.48h-.28c-.29-.29-.53-.54-.83-.84v-.26c-.26-.24-.47-.44-.71-.67.1-.18-.21-.52.23-.68v-.31c.22-.22.38-.38.59-.59h1.02c.14.16.25.29.4.47h.36c.02.09.04.16.06.24h.35c.23.25.44.46.68.72h.29c.15.17.26.3.42.48h.27c.33.33.61.62.94.96.06,0,.19,0,.3.02.14.16.26.3.4.47h.29c.32.33.61.62.94.96h.28c.14.17.26.31.4.48h.37c0,.36.29.21.41.24.24.26.44.47.68.72h.34c.07.11,0,.36.28.23v.48c.15,0,.29.01.38.02.31.32.59.62.91.95h.28c.23.25.44.47.68.72h.3c.14-.16.26-.3.4-.47h1.33c0-.37.27-.21.47-.25.02-.06.05-.14.07-.22h.58c.19.2.36.37.57.58v.58c-.07.01-.14.03-.2.04-.1.17.13.48-.26.48v.33c-.2.21-.34.36-.49.51-.1.11-.2.23-.31.33-.12.1-.26.18-.39.29-.03.02-.03.12-.01.14.14.12.29.24.46.38v.36c.08.03.16.06.25.08v.65c.08.02.15.04.23.06v.42c-.07.02-.14.05-.23.07v.43h-.38c-.11.12-.17.18-.23.25-.05-.07-.11-.13-.19-.23h-.55c-.15-.17-.26-.3-.41-.48h-.32c-.26-.48-.68-.1-.93-.25-.24.25-.44.46-.68.72-.07,0-.2,0-.37.02v.37c-.13.11-.22.19-.31.27,0,.02.02.04.03.06h-.33c-.66.66-1.26,1.27-1.91,1.92h-.25c-.81.81-1.57,1.58-2.39,2.4h-.35c0,.15-.02.29-.02.39-.11.11-.2.19-.35.33Z\"\/><\/svg><\/span><\/a><\/div><div class=\"standout-hero-rowing-animation\"><img decoding=\"async\" class=\"animation\" src=\"https:\/\/sagnlandet.dk\/de\/wp-content\/themes\/s-child\/images\/rowing.png\"><\/div><\/div>\t<\/div>\r\n\r\n\r\n\r\n\t\t<\/div>\r\n<\/section>\n\n\r\n\r\n<section class=\"standout-section standout-block standout-basic alignfull standout-content-with-sidebar-container\">\r\n\r\n\t<div class=\"standout-max-container\">\t\r\n\r\n<div class=\"standout-block-inner\">\r\n\t\r\n\t\t\t\t\t\t<div class=\"acf-innerblocks-container\">\n\n<div class=\"wp-block-group standout-sidebar-nav is-vertical is-content-justification-stretch is-layout-flex wp-container-core-group-is-layout-2 wp-block-group-is-layout-flex\">\n<div class=\"wp-block-group sidebar-widget is-layout-constrained wp-block-group-is-layout-constrained\">\n<h1 class=\"wp-block-heading sidebar-widget-title has-h-1-font-size\">INFORMATION<\/h1>\n<\/div>\n<\/div>\n\n<\/div>\r\n\t\t\t\r\n\t<\/div>\r\n\r\n\r\n\r\n\t\t<\/div>\r\n<\/section>\n\n\n<div class=\"wp-block-group is-layout-constrained wp-block-group-is-layout-constrained\">\n<h4 class=\"wp-block-heading\">Lassen Sie sich von der einzigartigen Auswahl im Sagnlandet-Laden verf\u00fchren<\/h4>\n\n\n\n<p>Der Laden ist gleichzeitig Touristeninformation und Eingangstor zum Land der Legenden. Hier kaufen Sie Ihre Eintrittskarte, die gleichzeitig eine Saisonkarte ist. Es gibt gute Gr\u00fcnde, etwas l\u00e4nger im Laden zu verweilen und in den vielen spannenden Produkten zu st\u00f6bern &#8211; f\u00fcr Qualit\u00e4tsbewusste mit Sinn f\u00fcr Handwerkskunst und Geschichte ein wahrer Genuss. Der Laden ist auch f\u00fcr diejenigen ge\u00f6ffnet, die das Land der Legenden nicht besuchen.<\/p>\n\n\n\n<p>Die Auswahl im Laden ist sorgf\u00e4ltig handverlesen, so dass jeder Artikel eine spannende Geschichte hat. Genau wie das Geb\u00e4ude strahlt auch das Sortiment sowohl Antike als auch modernes Design aus. Kopien aus der Antike stehen Seite an Seite mit moderner Handwerkskunst, die stilistische Merkmale aus verschiedenen Epochen zu neuen Ausdrucksformen verbindet. Alles in dem Gesch\u00e4ft ist aus nat\u00fcrlichen Materialien hergestellt.<\/p>\n\n\n\n<h4 class=\"wp-block-heading\">Touristeninformation f\u00fcr die Gemeinde Lejre<\/h4>\n\n\n\n<p>Im Laden von Sagnlandet finden Touristen und andere Interessierte Informationen \u00fcber Sehensw\u00fcrdigkeiten in der gesamten Region. In den Regalen gibt es Anregungen f\u00fcr Restaurants, \u00dcbernachtungsm\u00f6glichkeiten und spannende Ausfl\u00fcge zu Fu\u00df oder mit dem Fahrrad. Im Laden steht ein PC zur Verf\u00fcgung, der von Touristen und Besuchern kostenlos genutzt werden kann, um \u00fcber das Internet zu buchen, Informationen zu suchen oder \u00e4hnliches. Die Mitarbeiter des Ladens sind nat\u00fcrlich gerne bereit, bei allem zu helfen.<\/p>\n\n\n\n<p><a href=\"#\">Mehr \u00fcber den Tourismus in der Region Lejre k\u00f6nnen Sie hier lesen<\/a><\/p>\n<\/div>\n\n\n\n<div class=\"wp-block-cover\"><span aria-hidden=\"true\" class=\"wp-block-cover__background has-background-dim\" style=\"background-color:#7d6d60\"><\/span><img decoding=\"async\" class=\"wp-block-cover__image-background wp-image-1435\" alt=\"\" src=\"https:\/\/sagnlandet.dk\/wp-content\/uploads\/2025\/02\/butik-03-1024x682-1.jpg\" data-object-fit=\"cover\"\/><div class=\"wp-block-cover__inner-container is-layout-constrained wp-block-cover-is-layout-constrained\">\n<h1 class=\"wp-block-heading has-text-align-center has-color-bg-color has-text-color has-link-color has-large-font-size wp-elements-cc043d82bf78f17823c52321359b925b\">Die Auswahl des Ladens<\/h1>\n<\/div><\/div>\n\n\n\n<div class=\"wp-block-columns is-layout-flex wp-container-core-columns-is-layout-1 wp-block-columns-is-layout-flex\">\n<div class=\"wp-block-column is-layout-flow wp-block-column-is-layout-flow\">\n<figure class=\"wp-block-image is-style-rounded\"><img decoding=\"async\" src=\"https:\/\/sagnlandet.dk\/wp-content\/uploads\/2025\/02\/sagnlandets-historiske-vaerksteder.jpg\" alt=\"\" class=\"wp-image-609\"\/><\/figure>\n\n\n\n<h4 class=\"wp-block-heading\">Aus den historischen Werkst\u00e4tten von Sagnlandet<\/h4>\n\n\n\n<p>In den historischen Werkst\u00e4tten von Sagnlandet stellen Handwerker in m\u00fchevoller Kleinarbeit Kleidungsst\u00fccke und Keramiken aus der Vergangenheit her. Im Laden k\u00f6nnen Sie ein St\u00fcck ihrer feinen Handwerkskunst kaufen, um es f\u00fcr immer mit nach Hause zu nehmen. Hier finden Sie Tassen, Kr\u00fcge und Kerzenst\u00e4nder, die alle von den T\u00f6pfern von Sagnlandet von Hand gedreht und wundersch\u00f6n glasiert wurden, wie es um 1800 \u00fcblich war. Eine wahre Farbexplosion von Garn, das mit Pflanzen aus der Natur von Hand gef\u00e4rbt wurde, wartet auch darauf, gestrickt zu werden.<\/p>\n\n\n\n<p><a href=\"#\">Lesen Sie mehr \u00fcber unsere historische Werkstatt<\/a><\/p>\n\n\n\n<p>Die Werkst\u00e4tten stehen Besuchern offen, und die Handwerker geben gerne Auskunft \u00fcber ihre Arbeit.<\/p>\n<\/div>\n\n\n\n<div class=\"wp-block-column is-layout-flow wp-block-column-is-layout-flow\">\n<figure class=\"wp-block-image size-full is-style-rounded\"><img decoding=\"async\" src=\"https:\/\/sagnlandet.dk\/wp-content\/uploads\/2025\/02\/gavekurve-til-enhver-anledning.jpg\" alt=\"\" class=\"wp-image-632\"\/><\/figure>\n\n\n\n<h4 class=\"wp-block-heading\">Geschenkk\u00f6rbe f\u00fcr jede Gelegenheit<\/h4>\n\n\n\n<p>Die fachkundigen Mitarbeiter des Ladens haben ein Gesp\u00fcr f\u00fcr die Zusammenstellung einladender Geschenkk\u00f6rbe. Sie eignen sich ideal f\u00fcr Firmengeschenke, aber auch f\u00fcr den Mutter- oder Vatertag, einen Geburtstag, ein Jubil\u00e4um oder etwas ganz anderes.<br>Wie w\u00e4re es mit einem Wikingerkorb mit Dolchen, Trinkh\u00f6rnern und Met; einem Kr\u00e4uterkorb mit getrocknetem Lavendel, einem Buch \u00fcber Heilkr\u00e4uter und handgemachter Seife oder vielleicht einem Backkorb aus dem 19. Jahrhundert mit einer Teigform, einem Nudelholz usw.<\/p>\n\n\n\n<p>Jahrhundert mit Teigsch\u00fcssel, Nudelholz usw. Die M\u00f6glichkeiten sind endlos, sprechen Sie mit dem Personal im Laden, wenn Sie einen besonderen Wunsch haben. Auf Anfrage stellt der Laden gerne einen einzigartigen Geschenkkorb mit Artikeln zusammen, die zum jeweiligen Anlass passen.<\/p>\n<\/div>\n<\/div>\n\n\n\n<div class=\"wp-block-columns is-layout-flex wp-container-core-columns-is-layout-2 wp-block-columns-is-layout-flex\">\n<div class=\"wp-block-column is-layout-flow wp-block-column-is-layout-flow\">\n<figure class=\"wp-block-image size-full is-style-rounded\"><img decoding=\"async\" src=\"https:\/\/sagnlandet.dk\/wp-content\/uploads\/2025\/02\/smykker-museumskopier-og-redskaber.jpg\" alt=\"\" class=\"wp-image-635\"\/><\/figure>\n\n\n\n<div class=\"wp-block-group standout-media-text_text-inner is-layout-flow wp-block-group-is-layout-flow\">\n<h4 class=\"wp-block-heading\">Schmuck, Museumsrepliken und Werkzeuge<\/h4>\n\n\n\n<p>Das Gesch\u00e4ft verf\u00fcgt \u00fcber eine gro\u00dfe Auswahl an Repliken antiker Funde und historisch inspiriertem Schmuck. Halsketten, Broschen und Ohrringe mit historischem Touch h\u00e4ngen Seite an Seite mit musealen Repliken von Fundst\u00fccken. Zum Beispiel Schalenklammern, die von Wikingerfrauen getragen wurden, oder eine kleine Figur des Gottes Odin &#8211; das Original wurde nicht weit vom Land der Legenden in einem Pflugfeld bei Gl. Lejre.<br>Der Laden hat auch eine sch\u00f6ne Auswahl an Werkzeugen aus Eisen und Holz. Feuerstahl, Dolche und Schneidebretter sind nur einige Beispiele.<\/p>\n\n\n\n<p>Wenn Sie etwas auf Ihrer Wunschliste haben, das nicht in den Regalen des Ladens zu finden ist, nimmt der Laden Bestellungen f\u00fcr Repliken von Gegenst\u00e4nden aus alten und historischen Zeiten entgegen. Sprechen Sie mit den Mitarbeitern des Ladens \u00fcber die M\u00f6glichkeiten.<\/p>\n<\/div>\n<\/div>\n\n\n\n<div class=\"wp-block-column is-layout-flow wp-block-column-is-layout-flow\">\n<figure class=\"wp-block-image size-full is-style-rounded\"><img decoding=\"async\" src=\"https:\/\/sagnlandet.dk\/wp-content\/uploads\/2025\/02\/vitamintilskud-til-hjemmebiblioteket.jpg\" alt=\"\" class=\"wp-image-637\"\/><\/figure>\n\n\n\n<div class=\"wp-block-group standout-media-text_text-inner is-layout-flow wp-block-group-is-layout-flow\">\n<h4 class=\"wp-block-heading\">Vitaminpr\u00e4parate f\u00fcr die Bibliothek zu Hause<\/h4>\n\n\n\n<p>Das B\u00fccherregal des Ladens ist voll mit spannenden Titeln, von denen viele nur im Land der Legenden zu finden sind. Der Gartenliebhaber, der Schnapsdurstige oder der Geschichtsbegeisterte kann seinen Appetit ebenso stillen wie der ernsthafte Nerd. Es gibt detaillierte Anleitungen zur Herstellung von Langb\u00f6gen wie in der Eisenzeit oder ein Lagerfeuer-Kochbuch ausschlie\u00dflich f\u00fcr Wikingergerichte.<\/p>\n<\/div>\n<\/div>\n<\/div>\n\n\n\n<div class=\"wp-block-columns is-layout-flex wp-container-core-columns-is-layout-3 wp-block-columns-is-layout-flex\">\n<div class=\"wp-block-column is-layout-flow wp-block-column-is-layout-flow\">\n<figure class=\"wp-block-image size-full is-style-rounded\"><img decoding=\"async\" src=\"https:\/\/sagnlandet.dk\/wp-content\/uploads\/2025\/02\/toej-hatte-og-vidunderlige-taepper.jpg\" alt=\"\" class=\"wp-image-639\"\/><\/figure>\n\n\n\n<div class=\"wp-block-group standout-media-text_text-inner is-layout-flow wp-block-group-is-layout-flow\">\n<h4 class=\"wp-block-heading\">Stoffh\u00fcte und wundersch\u00f6ne Teppiche<\/h4>\n\n\n\n<p>Der Laden verf\u00fcgt \u00fcber eine gro\u00dfe Sammlung von Kleidung, die etwas aus dem Rahmen f\u00e4llt. Die Kleidungsst\u00fccke haben alle einen Hauch von Geschichte und sind f\u00fcr alle geeignet, die etwas zu sagen haben. Lassen Sie sich von der gut gemischten Hutablage verf\u00fchren, trotzen Sie dem Winter mit einem sch\u00f6nen, warmen Pullover oder drapieren Sie das Sofa mit einer sch\u00f6nen Wolldecke. Alle Textilien sind selbstverst\u00e4ndlich aus nat\u00fcrlichen Materialien wie Wolle, Baumwolle und Leinen gefertigt.<\/p>\n<\/div>\n<\/div>\n\n\n\n<div class=\"wp-block-column is-layout-flow wp-block-column-is-layout-flow\">\n<figure class=\"wp-block-image size-full is-style-rounded\"><img decoding=\"async\" src=\"https:\/\/sagnlandet.dk\/wp-content\/uploads\/2025\/02\/lidt-at-forsoede-tilvaerelsen-med.jpg\" alt=\"\" class=\"wp-image-641\"\/><\/figure>\n\n\n\n<div class=\"wp-block-group standout-media-text_text-inner is-layout-flow wp-block-group-is-layout-flow\">\n<h4 class=\"wp-block-heading\">Eine Kleinigkeit, die das Leben vers\u00fc\u00dft<\/h4>\n\n\n\n<p>Im Laden von Sagnlandet finden Sie eine gro\u00dfe Auswahl an festen und fl\u00fcssigen Leckereien. Das Lieblingsgetr\u00e4nk der Wikinger, Met, w\u00fcrzige Schn\u00e4pse und aufregende Biere; Senf, \u00d6le und Essige; Bonbons, S\u00fc\u00dfigkeiten und andere s\u00fc\u00dfe Leckereien geh\u00f6ren zu den verlockenden Artikeln, die regelm\u00e4\u00dfig ausgetauscht werden.<\/p>\n<\/div>\n<\/div>\n<\/div>\n\n\n\n<div class=\"wp-block-columns is-layout-flex wp-container-core-columns-is-layout-4 wp-block-columns-is-layout-flex\">\n<div class=\"wp-block-column is-layout-flow wp-block-column-is-layout-flow\">\n<figure class=\"wp-block-image size-full is-style-rounded\"><img decoding=\"async\" src=\"https:\/\/sagnlandet.dk\/wp-content\/uploads\/2025\/02\/billet-portraet.png\" alt=\"\" class=\"wp-image-549\"\/><\/figure>\n\n\n\n<div class=\"wp-block-group standout-media-text_text-inner is-layout-flow wp-block-group-is-layout-flow\">\n<h4 class=\"wp-block-heading\">F\u00fcr die Kleinen<\/h4>\n\n\n\n<p>Im Laden von Sagnlandet gibt es jede Menge Spielzeug. Schwerter, Helme und Kost\u00fcme in allen Formen und Gr\u00f6\u00dfen, B\u00fccher, Puzzles und Stofftiere. Alle Spielzeuge sind von der Geschichte inspiriert und aus nat\u00fcrlichen Materialien hergestellt.<\/p>\n<\/div>\n<\/div>\n\n\n\n<div class=\"wp-block-column is-layout-flow wp-block-column-is-layout-flow\"><\/div>\n<\/div>\n","protected":false},"excerpt":{"rendered":"<p>Lassen Sie sich von der einzigartigen Auswahl im Sagnlandet-Laden verf\u00fchren Der Laden ist gleichzeitig Touristeninformation und Eingangstor zum Land der Legenden. Hier kaufen Sie Ihre Eintrittskarte, die gleichzeitig eine Saisonkarte ist. Es gibt gute Gr\u00fcnde, etwas l\u00e4nger im Laden zu verweilen und in den vielen spannenden Produkten zu st\u00f6bern &#8211; f\u00fcr Qualit\u00e4tsbewusste mit Sinn f\u00fcr [&hellip;]<\/p>\n","protected":false},"author":1,"featured_media":71095,"parent":0,"menu_order":0,"comment_status":"open","ping_status":"open","template":"","meta":{"_acf_changed":false,"footnotes":""},"class_list":["post-69892","page","type-page","status-publish","has-post-thumbnail","hentry"],"acf":[],"yoast_head":"<!-- This site is optimized with the Yoast SEO plugin v23.5 - https:\/\/yoast.com\/wordpress\/plugins\/seo\/ -->\n<title>Laden Sie - Sagnlandet Lejre<\/title>\n<meta name=\"robots\" content=\"index, follow, max-snippet:-1, max-image-preview:large, max-video-preview:-1\" \/>\n<link rel=\"canonical\" href=\"https:\/\/sagnlandet.dk\/de\/store\/\" \/>\n<meta property=\"og:locale\" content=\"de_DE\" \/>\n<meta property=\"og:type\" content=\"article\" \/>\n<meta property=\"og:title\" content=\"Laden Sie - Sagnlandet Lejre\" \/>\n<meta property=\"og:description\" content=\"Lassen Sie sich von der einzigartigen Auswahl im Sagnlandet-Laden verf\u00fchren Der Laden ist gleichzeitig Touristeninformation und Eingangstor zum Land der Legenden. Hier kaufen Sie Ihre Eintrittskarte, die gleichzeitig eine Saisonkarte ist. Es gibt gute Gr\u00fcnde, etwas l\u00e4nger im Laden zu verweilen und in den vielen spannenden Produkten zu st\u00f6bern &#8211; f\u00fcr Qualit\u00e4tsbewusste mit Sinn f\u00fcr [&hellip;]\" \/>\n<meta property=\"og:url\" content=\"https:\/\/sagnlandet.dk\/de\/store\/\" \/>\n<meta property=\"og:site_name\" content=\"Sagnlandet Lejre\" \/>\n<meta property=\"article:modified_time\" content=\"2025-02-24T06:12:12+00:00\" \/>\n<meta property=\"og:image\" content=\"https:\/\/sagnlandet.dk\/de\/wp-content\/uploads\/sites\/13\/2025\/02\/sagnlandets-historiske-vaerksteder-1.jpg\" \/>\n\t<meta property=\"og:image:width\" content=\"400\" \/>\n\t<meta property=\"og:image:height\" content=\"490\" \/>\n\t<meta property=\"og:image:type\" content=\"image\/jpeg\" \/>\n<meta name=\"twitter:card\" content=\"summary_large_image\" \/>\n<meta name=\"twitter:label1\" content=\"Gesch\u00e4tzte Lesezeit\" \/>\n\t<meta name=\"twitter:data1\" content=\"7\u00a0Minuten\" \/>\n<!-- \/ Yoast SEO plugin. -->","yoast_head_json":{"title":"Laden Sie - Sagnlandet Lejre","robots":{"index":"index","follow":"follow","max-snippet":"max-snippet:-1","max-image-preview":"max-image-preview:large","max-video-preview":"max-video-preview:-1"},"canonical":"https:\/\/sagnlandet.dk\/de\/store\/","og_locale":"de_DE","og_type":"article","og_title":"Laden Sie - Sagnlandet Lejre","og_description":"Lassen Sie sich von der einzigartigen Auswahl im Sagnlandet-Laden verf\u00fchren Der Laden ist gleichzeitig Touristeninformation und Eingangstor zum Land der Legenden. Hier kaufen Sie Ihre Eintrittskarte, die gleichzeitig eine Saisonkarte ist. Es gibt gute Gr\u00fcnde, etwas l\u00e4nger im Laden zu verweilen und in den vielen spannenden Produkten zu st\u00f6bern &#8211; f\u00fcr Qualit\u00e4tsbewusste mit Sinn f\u00fcr [&hellip;]","og_url":"https:\/\/sagnlandet.dk\/de\/store\/","og_site_name":"Sagnlandet Lejre","article_modified_time":"2025-02-24T06:12:12+00:00","og_image":[{"width":400,"height":490,"url":"https:\/\/sagnlandet.dk\/de\/wp-content\/uploads\/sites\/13\/2025\/02\/sagnlandets-historiske-vaerksteder-1.jpg","type":"image\/jpeg"}],"twitter_card":"summary_large_image","twitter_misc":{"Gesch\u00e4tzte Lesezeit":"7\u00a0Minuten"},"schema":{"@context":"https:\/\/schema.org","@graph":[{"@type":"WebPage","@id":"https:\/\/sagnlandet.dk\/de\/store\/","url":"https:\/\/sagnlandet.dk\/de\/store\/","name":"Laden Sie - Sagnlandet Lejre","isPartOf":{"@id":"https:\/\/sagnlandet.dk\/de\/#website"},"primaryImageOfPage":{"@id":"https:\/\/sagnlandet.dk\/de\/store\/#primaryimage"},"image":{"@id":"https:\/\/sagnlandet.dk\/de\/store\/#primaryimage"},"thumbnailUrl":"https:\/\/sagnlandet.dk\/de\/wp-content\/uploads\/sites\/13\/2025\/02\/sagnlandets-historiske-vaerksteder-1-1.jpg","datePublished":"2024-04-23T08:21:16+00:00","dateModified":"2025-02-24T06:12:12+00:00","breadcrumb":{"@id":"https:\/\/sagnlandet.dk\/de\/store\/#breadcrumb"},"inLanguage":"de","potentialAction":[{"@type":"ReadAction","target":["https:\/\/sagnlandet.dk\/de\/store\/"]}]},{"@type":"ImageObject","inLanguage":"de","@id":"https:\/\/sagnlandet.dk\/de\/store\/#primaryimage","url":"https:\/\/sagnlandet.dk\/de\/wp-content\/uploads\/sites\/13\/2025\/02\/sagnlandets-historiske-vaerksteder-1-1.jpg","contentUrl":"https:\/\/sagnlandet.dk\/de\/wp-content\/uploads\/sites\/13\/2025\/02\/sagnlandets-historiske-vaerksteder-1-1.jpg","width":400,"height":490},{"@type":"BreadcrumbList","@id":"https:\/\/sagnlandet.dk\/de\/store\/#breadcrumb","itemListElement":[{"@type":"ListItem","position":1,"name":"Hjem","item":"https:\/\/sagnlandet.dk\/de\/"},{"@type":"ListItem","position":2,"name":"Store"}]},{"@type":"WebSite","@id":"https:\/\/sagnlandet.dk\/de\/#website","url":"https:\/\/sagnlandet.dk\/de\/","name":"Sagnlandet Lejre","description":"","publisher":{"@id":"https:\/\/sagnlandet.dk\/de\/#organization"},"potentialAction":[{"@type":"SearchAction","target":{"@type":"EntryPoint","urlTemplate":"https:\/\/sagnlandet.dk\/de\/?s={search_term_string}"},"query-input":{"@type":"PropertyValueSpecification","valueRequired":true,"valueName":"search_term_string"}}],"inLanguage":"de"},{"@type":"Organization","@id":"https:\/\/sagnlandet.dk\/de\/#organization","name":"Sagnlandet Lejre","url":"https:\/\/sagnlandet.dk\/de\/","logo":{"@type":"ImageObject","inLanguage":"de","@id":"https:\/\/sagnlandet.dk\/de\/#\/schema\/logo\/image\/","url":"https:\/\/sagnlandet.dk\/de\/wp-content\/uploads\/sites\/13\/1738\/65\/logo.png","contentUrl":"https:\/\/sagnlandet.dk\/de\/wp-content\/uploads\/sites\/13\/1738\/65\/logo.png","width":398,"height":143,"caption":"Sagnlandet Lejre"},"image":{"@id":"https:\/\/sagnlandet.dk\/de\/#\/schema\/logo\/image\/"}}]}},"_links":{"self":[{"href":"https:\/\/sagnlandet.dk\/de\/wp-json\/wp\/v2\/pages\/69892"}],"collection":[{"href":"https:\/\/sagnlandet.dk\/de\/wp-json\/wp\/v2\/pages"}],"about":[{"href":"https:\/\/sagnlandet.dk\/de\/wp-json\/wp\/v2\/types\/page"}],"author":[{"embeddable":true,"href":"https:\/\/sagnlandet.dk\/de\/wp-json\/wp\/v2\/users\/1"}],"replies":[{"embeddable":true,"href":"https:\/\/sagnlandet.dk\/de\/wp-json\/wp\/v2\/comments?post=69892"}],"version-history":[{"count":3,"href":"https:\/\/sagnlandet.dk\/de\/wp-json\/wp\/v2\/pages\/69892\/revisions"}],"predecessor-version":[{"id":71545,"href":"https:\/\/sagnlandet.dk\/de\/wp-json\/wp\/v2\/pages\/69892\/revisions\/71545"}],"wp:featuredmedia":[{"embeddable":true,"href":"https:\/\/sagnlandet.dk\/de\/wp-json\/wp\/v2\/media\/71095"}],"wp:attachment":[{"href":"https:\/\/sagnlandet.dk\/de\/wp-json\/wp\/v2\/media?parent=69892"}],"curies":[{"name":"wp","href":"https:\/\/api.w.org\/{rel}","templated":true}]}}