{"id":69828,"date":"2024-04-12T10:47:25","date_gmt":"2024-04-12T08:47:25","guid":{"rendered":"https:\/\/sagnlandet.dk\/besoeg-os\/"},"modified":"2025-02-24T07:12:27","modified_gmt":"2025-02-24T06:12:27","slug":"besuchen-sie-uns-unter","status":"publish","type":"page","link":"https:\/\/sagnlandet.dk\/de\/besuchen-sie-uns-unter\/","title":{"rendered":"Besuchen Sie uns unter"},"content":{"rendered":"\r\n\r\n<section class=\"standout-section standout-block standout-basic alignfull rounded-bg wp-elements-036e31744b0f99a25a62cd75c688c0b8 hero-section side-spacing has-bg has-bg-img bg-size-cover bg-align-horizontal-center bg-align-vertical-center has-text-color\" style=\"color: #ffffff;\">\r\n\r\n\t<div class=\"standout-max-container\">\t\r\n\r\n<div class=\"standout-block-inner\">\r\n\t\t\t\r\n\t<div class=\"standout-block-background-deco\" style=\"--bg-align-vertical: center; --bg-align-horizontal: center; --bg-object-position: center center\">\r\n\t\t<img loading=\"lazy\" decoding=\"async\" width=\"1920\" height=\"593\" src=\"https:\/\/sagnlandet.dk\/de\/wp-content\/uploads\/sites\/13\/2025\/02\/kongehal-med-personer-lille-1920x593-1-1.png\" class=\"standout-block-background-deco-element\" alt=\"\" srcset=\"https:\/\/sagnlandet.dk\/de\/wp-content\/uploads\/sites\/13\/2025\/02\/kongehal-med-personer-lille-1920x593-1-1.png 1920w, https:\/\/sagnlandet.dk\/de\/wp-content\/uploads\/sites\/13\/2025\/02\/kongehal-med-personer-lille-1920x593-1-1-600x185.png 600w, https:\/\/sagnlandet.dk\/de\/wp-content\/uploads\/sites\/13\/2025\/02\/kongehal-med-personer-lille-1920x593-1-1-1536x474.png 1536w, https:\/\/sagnlandet.dk\/de\/wp-content\/uploads\/sites\/13\/2025\/02\/kongehal-med-personer-lille-1920x593-1-1-300x93.png 300w, https:\/\/sagnlandet.dk\/de\/wp-content\/uploads\/sites\/13\/2025\/02\/kongehal-med-personer-lille-1920x593-1-1-1200x371.png 1200w, https:\/\/sagnlandet.dk\/de\/wp-content\/uploads\/sites\/13\/2025\/02\/kongehal-med-personer-lille-1920x593-1-1-1320x408.png 1320w\" sizes=\"(max-width: 1920px) 100vw, 1920px\" \/>\t<\/div>\r\n\r\n\t\t\r\n\t\t\t\t\t\t<div class=\"acf-innerblocks-container\">\n\n<h1 class=\"wp-block-heading\">UNS BESUCHEN<\/h1>\n\n\n\n<p class=\"has-h-6-font-size\">Hier finden Sie wichtige Informationen, die Ihnen bei der Planung Ihres Besuchs helfen.<br>Weitere Informationen finden Sie auf den jeweiligen Unterseiten.<\/p>\n\n<\/div>\r\n\t\t\t\r\n\t\t\t<div class=\"standout-hero-information\"><div class=\"standout-hero-information-inner\">Das Programm des Tages finden Sie <a href=\"https:\/\/sagnlandet.dk\/de\/tagesprogramm\/\">hier <span height=\"1em\" class=\"standout-custom-svg custom-svg\"><?xml version=\"1.0\" encoding=\"UTF-8\"?><svg height=\"1em\" id=\"a\" xmlns=\"http:\/\/www.w3.org\/2000\/svg\" viewBox=\"0 0 16.28 22.02\"><path d=\"M5.4,18.67h-.24c-.77.76-1.5,1.5-2.28,2.28v.35h-.36c-.24.26-.45.47-.68.71H.74c0-.15-.01-.28-.02-.37-.24-.23-.45-.43-.7-.66v-.34c.08-.05.15-.1.23-.15-.06-.05-.14-.09-.19-.15-.03-.04-.06-.13-.04-.15.13-.13.28-.24.46-.39,0-.08,0-.22.01-.29.52-.52,1.01-1,1.49-1.49-.01-.02-.02-.03-.04-.05.14,0,.27-.01.35-.02.32-.33.61-.62.94-.95h.35c0-.15.02-.3.02-.37.2-.2.37-.37.58-.58h.26c.48-.49.93-.94,1.42-1.44h.35v-.38c.13-.11.22-.2.31-.28,0-.02-.02-.04-.03-.06h.34c.41-.42.77-.79,1.18-1.2h.25c.57-.57,1.1-1.11,1.66-1.68h.25c.2-.19.37-.33.52-.49.04-.04.09-.16.07-.18-.12-.11-.26-.19-.38-.3-.12-.11-.22-.23-.33-.35-.11-.12-.21-.24-.32-.36-.07-.07-.15-.13-.29-.24h-.25c-.31-.33-.6-.62-.92-.96h-.3c-.15-.17-.26-.3-.41-.48h-.31c-.15-.17-.26-.3-.41-.48h-.28c-.41-.42-.77-.79-1.18-1.2h-.27c-.31-.33-.6-.62-.92-.96h-.29c-.23-.25-.44-.47-.68-.72h-.29c-.14-.17-.26-.31-.4-.48h-.31c-.14-.17-.26-.31-.41-.48h-.28c-.29-.29-.53-.54-.83-.84v-.26c-.26-.24-.47-.44-.71-.67.1-.18-.21-.52.23-.68v-.31c.22-.22.38-.38.59-.59h1.02c.14.16.25.29.4.47h.36c.02.09.04.16.06.24h.35c.23.25.44.46.68.72h.29c.15.17.26.3.42.48h.27c.33.33.61.62.94.96.06,0,.19,0,.3.02.14.16.26.3.4.47h.29c.32.33.61.62.94.96h.28c.14.17.26.31.4.48h.37c0,.36.29.21.41.24.24.26.44.47.68.72h.34c.07.11,0,.36.28.23v.48c.15,0,.29.01.38.02.31.32.59.62.91.95h.28c.23.25.44.47.68.72h.3c.14-.16.26-.3.4-.47h1.33c0-.37.27-.21.47-.25.02-.06.05-.14.07-.22h.58c.19.2.36.37.57.58v.58c-.07.01-.14.03-.2.04-.1.17.13.48-.26.48v.33c-.2.21-.34.36-.49.51-.1.11-.2.23-.31.33-.12.1-.26.18-.39.29-.03.02-.03.12-.01.14.14.12.29.24.46.38v.36c.08.03.16.06.25.08v.65c.08.02.15.04.23.06v.42c-.07.02-.14.05-.23.07v.43h-.38c-.11.12-.17.18-.23.25-.05-.07-.11-.13-.19-.23h-.55c-.15-.17-.26-.3-.41-.48h-.32c-.26-.48-.68-.1-.93-.25-.24.25-.44.46-.68.72-.07,0-.2,0-.37.02v.37c-.13.11-.22.19-.31.27,0,.02.02.04.03.06h-.33c-.66.66-1.26,1.27-1.91,1.92h-.25c-.81.81-1.57,1.58-2.39,2.4h-.35c0,.15-.02.29-.02.39-.11.11-.2.19-.35.33Z\"\/><\/svg><\/span><\/a><\/div><div class=\"standout-hero-rowing-animation\"><img decoding=\"async\" class=\"animation\" src=\"https:\/\/sagnlandet.dk\/de\/wp-content\/themes\/s-child\/images\/rowing.png\"><\/div><\/div>\t<\/div>\r\n\r\n\r\n\r\n\t\t<\/div>\r\n<\/section>\n\n\r\n\r\n<section class=\"standout-section standout-block standout-basic alignwide\">\r\n\r\n\t<div class=\"standout-max-container\">\t\r\n\r\n<div class=\"standout-block-inner\">\r\n\t\r\n\t\t\t\t\t\t<div class=\"acf-innerblocks-container\">\n\n<h2 class=\"wp-block-heading has-h-1-font-size\">BESUCHEN SIE DAS LAND DER LEGENDEN CAMP<\/h2>\n\n\n\n<p>Nehmen Sie die Familie auf den Arm und reisen Sie zur\u00fcck in die ferne Vergangenheit. Begegnen Sie dem steinzeitlichen J\u00e4ger, dem eisenzeitlichen Bauern und den handelnden Wikingern. Mahlen Sie Mehl und backen Sie Brotkekse, segeln Sie auf einem Steinzeitboot, schie\u00dfen Sie mit Pfeil und Bogen und erkunden Sie das Leben vor langer Zeit.<\/p>\n\n\n\n<p>Im Land der Legenden gibt es hohe Decken und viel Platz zum Spielen. St\u00fcrzen Sie sich in die vielen Aktivit\u00e4ten f\u00fcr Jung und Alt oder breiten Sie Ihre Picknickdecke aus und lassen Sie sich mit einem Picknickkorb in der Sonne nieder. Wir z\u00fcnden das Feuer an, damit Sie Ihr Mittagessen \u00fcber der Glut erw\u00e4rmen k\u00f6nnen, und Sie k\u00f6nnen sich Grillger\u00e4te, Popcornpfannen und Brotstangen ausleihen.<\/p>\n\n\n\n<p>Machen Sie einen Spaziergang durch die historischen Viertel, sehen Sie, was die Menschen fr\u00fcher zu Abend gegessen haben, finden Sie heraus, ob die Wollkleidung juckt und ob die alten Betten bequem oder steinhart sind.<\/p>\n\n\n\n<p>Sie k\u00f6nnen auch die Ziegen im Streichelzoo begr\u00fc\u00dfen, den Wildschweinen bei der F\u00fctterung zuschauen oder in der arch\u00e4ologischen Wasserscheide nach Sch\u00e4tzen aus der Vergangenheit suchen. Wer wei\u00df, vielleicht macht ja einer von Ihnen den besten Fund des Monats?<\/p>\n\n\n\n<p>Sehen Sie mehr in Lejres Land der Legenden:<\/p>\n\n\n\n<div class=\"wp-block-buttons is-layout-flex wp-block-buttons-is-layout-flex\">\n<div class=\"wp-block-button\"><a class=\"wp-block-button__link has-color-text-background-color has-background wp-element-button\" href=\"https:\/\/sagnlandet.dk\/de\/tagesprogramm\/\">Hier finden Sie das t\u00e4gliche Programm<\/a><\/div>\n<\/div>\n\n\n\n<p>Wenn Sie eine gef\u00fchrte Tour durch Lejres Land der Legenden machen m\u00f6chten, bieten wir auch F\u00fchrungen f\u00fcr Gruppen an.<\/p>\n\n\n\n<div class=\"wp-block-buttons is-layout-flex wp-block-buttons-is-layout-flex\">\n<div class=\"wp-block-button\"><a class=\"wp-block-button__link has-color-text-background-color has-background wp-element-button\" href=\"https:\/\/sagnlandet.dk\/de\/gefuehrte-tour\/\">Lesen Sie mehr \u00fcber F\u00fchrungen hier<\/a><\/div>\n<\/div>\n\n\n\n<h4 class=\"wp-block-heading\">Hier finden Sie alle Informationen und k\u00f6nnen Ihren Besuch vorbereiten: <\/h4>\n\n\n\n<h2 class=\"wp-block-heading has-h-1-font-size\">\u00d6ffnungszeiten<\/h2>\n\n\n\n<p>Die \u00d6ffnungszeiten von Lejre Land of Legends variieren je nach Jahreszeit. Daher sollten Sie sich immer \u00fcber die aktuelle Zeit informieren, bevor Sie sich in die Vergangenheit begeben.<\/p>\n\n\n\n<div class=\"wp-block-buttons is-layout-flex wp-block-buttons-is-layout-flex\">\n<div class=\"wp-block-button\"><a class=\"wp-block-button__link wp-element-button\" href=\"https:\/\/sagnlandet.dk\/de\/die-oeffnungszeiten\/\">Die \u00d6ffnungszeiten<\/a><\/div>\n<\/div>\n\n\n\n<h2 class=\"wp-block-heading has-h-1-font-size\">Ticket-Preise<\/h2>\n\n\n\n<p>Eine Eintrittskarte f\u00fcr das Lejre Land der Legenden berechtigt zum Eintritt in das Lejre Land der Legenden w\u00e4hrend des gesamten laufenden Kalenderjahres, in dem die Eintrittskarte erworben wurde, ab dem Tag des Kaufs.<\/p>\n\n\n\n<div class=\"wp-block-buttons is-layout-flex wp-block-buttons-is-layout-flex\">\n<div class=\"wp-block-button\"><a class=\"wp-block-button__link wp-element-button\" href=\"https:\/\/sagnlandet.dk\/de\/preisgestaltung\/\">Alle Preise finden<\/a><\/div>\n\n\n\n<div class=\"wp-block-button\"><a class=\"wp-block-button__link wp-element-button\" href=\"https:\/\/sagnlandet.dk\/en\/koeb-billet\/\">Ticket online kaufen<\/a><\/div>\n<\/div>\n\n\n\n<h2 class=\"wp-block-heading has-h-1-font-size\">Finden Sie Ihren Weg<\/h2>\n\n\n\n<div class=\"embed-map-container\" style=\"width: 100%\">\n\t<iframe width=\"100%\" height=\"100%\" frameborder=\"0\" scrolling=\"no\" marginheight=\"0\" marginwidth=\"0\"\n\t\tsrc=\"https:\/\/maps.google.com\/maps?width=100%25&amp;height=600&amp;hl=en&amp;q=Slangeall%C3%A9en%202,%204320%20Lejre,%20Denmark+(Sagnlandet%20Lejre)&amp;t=&amp;z=15&amp;ie=UTF8&amp;iwloc=B&amp;output=embed\">\n\t\t<a href=\"https:\/\/www.gps.ie\/\">gps-Ger\u00e4te<\/a>\n\t<\/iframe>\n<\/div>\n\n\n\n<p>Sie wissen nicht, wie Sie uns finden? Sie k\u00f6nnen mit dem Auto, den \u00f6ffentlichen Verkehrsmitteln oder dem Fahrrad kommen.<\/p>\n\n\n\n<div class=\"wp-block-buttons is-layout-flex wp-block-buttons-is-layout-flex\">\n<div class=\"wp-block-button\"><a class=\"wp-block-button__link wp-element-button\" href=\"https:\/\/sagnlandet.dk\/de\/finden-sie-ihren-weg\/\">Finden Sie Ihren Weg zum Lejre Land der Legenden<\/a><\/div>\n<\/div>\n\n\n\n<h2 class=\"wp-block-heading has-h-1-font-size\">H\u00e4ufig gestellte Fragen<\/h2>\n\n\n\n<p>Hier finden Sie Antworten auf einige der am h\u00e4ufigsten gestellten Fragen zum Besuch von Lejre Land of Legends. Die vollst\u00e4ndige Liste finden Sie auch unter dem unten stehenden Link.<\/p>\n\n\n\n<div class=\"wp-block-buttons is-layout-flex wp-block-buttons-is-layout-flex\">\n<div class=\"wp-block-button\"><a class=\"wp-block-button__link wp-element-button\" href=\"https:\/\/sagnlandet.dk\/de\/faq\/\">Finden Sie die vollst\u00e4ndige FAQ<\/a><\/div>\n<\/div>\n\n\n\r\n\r\n<section class=\"standout-section standout-block standout-accordion alignwide\">\r\n\r\n\t<div class=\"standout-max-container\">\t\r\n\r\n<div class=\"standout-block-inner\">\r\n\t<div class=\"acf-innerblocks-container\">\r\n\t\t\r\n\t\t<div class=\"standout-accordion-container \"><span class=\"standout-accordion-button standout-accordion-show-more\">M\u00e5 jeg have min hund med?<span height=\"1em\" class=\"standout-custom-svg fa-svg standout-fa-plus\"><svg height=\"1em\" xmlns=\"http:\/\/www.w3.org\/2000\/svg\" viewBox=\"0 0 448 512\"><!-- Font Awesome Free 5.15.2 by @fontawesome - https:\/\/fontawesome.com License - https:\/\/fontawesome.com\/license\/free (Icons: CC BY 4.0, Fonts: SIL OFL 1.1, Code: MIT License) --><path d=\"M416 208H272V64c0-17.67-14.33-32-32-32h-32c-17.67 0-32 14.33-32 32v144H32c-17.67 0-32 14.33-32 32v32c0 17.67 14.33 32 32 32h144v144c0 17.67 14.33 32 32 32h32c17.67 0 32-14.33 32-32V304h144c17.67 0 32-14.33 32-32v-32c0-17.67-14.33-32-32-32z\"\/><\/svg><\/span><\/span><span class=\"standout-accordion-button standout-accordion-show-less\" style=\"display: none\">M\u00e5 jeg have min hund med?<span height=\"1em\" class=\"standout-custom-svg fa-svg standout-fa-minus\"><svg height=\"1em\" xmlns=\"http:\/\/www.w3.org\/2000\/svg\" viewBox=\"0 0 448 512\"><!-- Font Awesome Free 5.15.2 by @fontawesome - https:\/\/fontawesome.com License - https:\/\/fontawesome.com\/license\/free (Icons: CC BY 4.0, Fonts: SIL OFL 1.1, Code: MIT License) --><path d=\"M416 208H32c-17.67 0-32 14.33-32 32v32c0 17.67 14.33 32 32 32h384c17.67 0 32-14.33 32-32v-32c0-17.67-14.33-32-32-32z\"\/><\/svg><\/span><\/span><div class=\"standout-accordion-content\" style=\"display: none\">\r\n\t\t\t\t\t\n\n<p>Ja, Sie sind herzlich willkommen. Ihr Hund ist herzlich willkommen, solange Sie ihn an der Leine f\u00fchren.<\/p>\n\n\r\n\t\t\r\n\t\t<\/div><\/div>\t<\/div>\r\n<\/div>\r\n\r\n\r\n\r\n\t\t<\/div>\r\n<\/section>\n\n\r\n\r\n<section class=\"standout-section standout-block standout-accordion alignwide\">\r\n\r\n\t<div class=\"standout-max-container\">\t\r\n\r\n<div class=\"standout-block-inner\">\r\n\t<div class=\"acf-innerblocks-container\">\r\n\t\t\r\n\t\t<div class=\"standout-accordion-container \"><span class=\"standout-accordion-button standout-accordion-show-more\">Hvor stort er omr\u00e5det?<span height=\"1em\" class=\"standout-custom-svg fa-svg standout-fa-plus\"><svg height=\"1em\" xmlns=\"http:\/\/www.w3.org\/2000\/svg\" viewBox=\"0 0 448 512\"><!-- Font Awesome Free 5.15.2 by @fontawesome - https:\/\/fontawesome.com License - https:\/\/fontawesome.com\/license\/free (Icons: CC BY 4.0, Fonts: SIL OFL 1.1, Code: MIT License) --><path d=\"M416 208H272V64c0-17.67-14.33-32-32-32h-32c-17.67 0-32 14.33-32 32v144H32c-17.67 0-32 14.33-32 32v32c0 17.67 14.33 32 32 32h144v144c0 17.67 14.33 32 32 32h32c17.67 0 32-14.33 32-32V304h144c17.67 0 32-14.33 32-32v-32c0-17.67-14.33-32-32-32z\"\/><\/svg><\/span><\/span><span class=\"standout-accordion-button standout-accordion-show-less\" style=\"display: none\">Hvor stort er omr\u00e5det?<span height=\"1em\" class=\"standout-custom-svg fa-svg standout-fa-minus\"><svg height=\"1em\" xmlns=\"http:\/\/www.w3.org\/2000\/svg\" viewBox=\"0 0 448 512\"><!-- Font Awesome Free 5.15.2 by @fontawesome - https:\/\/fontawesome.com License - https:\/\/fontawesome.com\/license\/free (Icons: CC BY 4.0, Fonts: SIL OFL 1.1, Code: MIT License) --><path d=\"M416 208H32c-17.67 0-32 14.33-32 32v32c0 17.67 14.33 32 32 32h384c17.67 0 32-14.33 32-32v-32c0-17.67-14.33-32-32-32z\"\/><\/svg><\/span><\/span><div class=\"standout-accordion-content\" style=\"display: none\">\r\n\t\t\t\t\t\n\n<p>Das Lejre Land of Legends ist 43 Hektar gro\u00df.<\/p>\n\n\n\n<p>Das Gel\u00e4nde variiert von Gebiet zu Gebiet mit breiten und schmalen Wegen, gewundenen Naturpfaden, H\u00fcgeln, Bohlenbr\u00fccken und Wiesen. Am Eingang wird Ihnen eine Karte ausgeh\u00e4ndigt, damit Sie sich einen \u00dcberblick \u00fcber die verschiedenen Routen verschaffen k\u00f6nnen. Sie k\u00f6nnen sich auch vor Ihrem Besuch an der Karte orientieren. Mehr \u00fcber die Zug\u00e4nglichkeit k\u00f6nnen Sie hier lesen: <\/p>\n\n\n\n<div class=\"wp-block-buttons is-layout-flex wp-block-buttons-is-layout-flex\">\n<div class=\"wp-block-button\"><a class=\"wp-block-button__link wp-element-button\" href=\"https:\/\/sagnlandet.dk\/de\/erreichbarkeit\/\">Zug\u00e4nglichkeit<\/a><\/div>\n<\/div>\n\n\r\n\t\t\r\n\t\t<\/div><\/div>\t<\/div>\r\n<\/div>\r\n\r\n\r\n\r\n\t\t<\/div>\r\n<\/section>\n\n\r\n\r\n<section class=\"standout-section standout-block standout-accordion alignwide\">\r\n\r\n\t<div class=\"standout-max-container\">\t\r\n\r\n<div class=\"standout-block-inner\">\r\n\t<div class=\"acf-innerblocks-container\">\r\n\t\t\r\n\t\t<div class=\"standout-accordion-container \"><span class=\"standout-accordion-button standout-accordion-show-more\">M\u00e5 man have sin egen mad med?<span height=\"1em\" class=\"standout-custom-svg fa-svg standout-fa-plus\"><svg height=\"1em\" xmlns=\"http:\/\/www.w3.org\/2000\/svg\" viewBox=\"0 0 448 512\"><!-- Font Awesome Free 5.15.2 by @fontawesome - https:\/\/fontawesome.com License - https:\/\/fontawesome.com\/license\/free (Icons: CC BY 4.0, Fonts: SIL OFL 1.1, Code: MIT License) --><path d=\"M416 208H272V64c0-17.67-14.33-32-32-32h-32c-17.67 0-32 14.33-32 32v144H32c-17.67 0-32 14.33-32 32v32c0 17.67 14.33 32 32 32h144v144c0 17.67 14.33 32 32 32h32c17.67 0 32-14.33 32-32V304h144c17.67 0 32-14.33 32-32v-32c0-17.67-14.33-32-32-32z\"\/><\/svg><\/span><\/span><span class=\"standout-accordion-button standout-accordion-show-less\" style=\"display: none\">M\u00e5 man have sin egen mad med?<span height=\"1em\" class=\"standout-custom-svg fa-svg standout-fa-minus\"><svg height=\"1em\" xmlns=\"http:\/\/www.w3.org\/2000\/svg\" viewBox=\"0 0 448 512\"><!-- Font Awesome Free 5.15.2 by @fontawesome - https:\/\/fontawesome.com License - https:\/\/fontawesome.com\/license\/free (Icons: CC BY 4.0, Fonts: SIL OFL 1.1, Code: MIT License) --><path d=\"M416 208H32c-17.67 0-32 14.33-32 32v32c0 17.67 14.33 32 32 32h384c17.67 0 32-14.33 32-32v-32c0-17.67-14.33-32-32-32z\"\/><\/svg><\/span><\/span><div class=\"standout-accordion-content\" style=\"display: none\">\r\n\t\t\t\t\t\n\n<p>Sie k\u00f6nnen Ihr eigenes Lunchpaket oder Ihren Picknickkorb mitbringen und es an unseren Picknicktischen im Freien genie\u00dfen. Im Caf\u00e9 Hvides\u00f8hus k\u00f6nnen Sie auch Essen, Kaffee, Kuchen und Eis kaufen.<\/p>\n\n\r\n\t\t\r\n\t\t<\/div><\/div>\t<\/div>\r\n<\/div>\r\n\r\n\r\n\r\n\t\t<\/div>\r\n<\/section>\n\n\r\n\r\n<section class=\"standout-section standout-block standout-accordion alignwide\">\r\n\r\n\t<div class=\"standout-max-container\">\t\r\n\r\n<div class=\"standout-block-inner\">\r\n\t<div class=\"acf-innerblocks-container\">\r\n\t\t\r\n\t\t<div class=\"standout-accordion-container \"><span class=\"standout-accordion-button standout-accordion-show-more\">Kan man leje en tr\u00e6kvogn?<span height=\"1em\" class=\"standout-custom-svg fa-svg standout-fa-plus\"><svg height=\"1em\" xmlns=\"http:\/\/www.w3.org\/2000\/svg\" viewBox=\"0 0 448 512\"><!-- Font Awesome Free 5.15.2 by @fontawesome - https:\/\/fontawesome.com License - https:\/\/fontawesome.com\/license\/free (Icons: CC BY 4.0, Fonts: SIL OFL 1.1, Code: MIT License) --><path d=\"M416 208H272V64c0-17.67-14.33-32-32-32h-32c-17.67 0-32 14.33-32 32v144H32c-17.67 0-32 14.33-32 32v32c0 17.67 14.33 32 32 32h144v144c0 17.67 14.33 32 32 32h32c17.67 0 32-14.33 32-32V304h144c17.67 0 32-14.33 32-32v-32c0-17.67-14.33-32-32-32z\"\/><\/svg><\/span><\/span><span class=\"standout-accordion-button standout-accordion-show-less\" style=\"display: none\">Kan man leje en tr\u00e6kvogn?<span height=\"1em\" class=\"standout-custom-svg fa-svg standout-fa-minus\"><svg height=\"1em\" xmlns=\"http:\/\/www.w3.org\/2000\/svg\" viewBox=\"0 0 448 512\"><!-- Font Awesome Free 5.15.2 by @fontawesome - https:\/\/fontawesome.com License - https:\/\/fontawesome.com\/license\/free (Icons: CC BY 4.0, Fonts: SIL OFL 1.1, Code: MIT License) --><path d=\"M416 208H32c-17.67 0-32 14.33-32 32v32c0 17.67 14.33 32 32 32h384c17.67 0 32-14.33 32-32v-32c0-17.67-14.33-32-32-32z\"\/><\/svg><\/span><\/span><div class=\"standout-accordion-content\" style=\"display: none\">\r\n\t\t\t\t\t\n\n<p>Nein, das geht leider nicht. Wenn Sie Ihr eigenes Gep\u00e4ck mitbringen, empfehlen wir Ihnen, sich hier \u00fcber unsere Zug\u00e4nglichkeit zu informieren:<\/p>\n\n\n\n<div class=\"wp-block-buttons is-layout-flex wp-block-buttons-is-layout-flex\">\n<div class=\"wp-block-button\"><a class=\"wp-block-button__link wp-element-button\" href=\"https:\/\/sagnlandet.dk\/de\/erreichbarkeit\/\">Zug\u00e4nglichkeit<\/a><\/div>\n<\/div>\n\n\r\n\t\t\r\n\t\t<\/div><\/div>\t<\/div>\r\n<\/div>\r\n\r\n\r\n\r\n\t\t<\/div>\r\n<\/section>\n\n\n<h2 class=\"wp-block-heading has-h-1-font-size\">Behinderung und Barrierefreiheit<\/h2>\n\n\n\n<p>Wenn Sie oder ein Ihnen nahestehender Mensch im Rollstuhl sitzen, sollten Sie einige Dinge beachten, bevor Sie zu uns kommen.<\/p>\n\n\n\n<div class=\"wp-block-buttons is-layout-flex wp-block-buttons-is-layout-flex\">\n<div class=\"wp-block-button\"><a class=\"wp-block-button__link wp-element-button\" href=\"https:\/\/sagnlandet.dk\/de\/erreichbarkeit\/\">Zug\u00e4nglichkeit<\/a><\/div>\n<\/div>\n\n\n\n<h2 class=\"wp-block-heading has-h-1-font-size\">Wo Sie parken k\u00f6nnen<\/h2>\n\n\n\n<p>Wir verf\u00fcgen \u00fcber 300 kostenlose Parkpl\u00e4tze, die Sie willkommen hei\u00dfen. <\/p>\n\n\n\n<div class=\"wp-block-buttons is-layout-flex wp-block-buttons-is-layout-flex\">\n<div class=\"wp-block-button\"><a class=\"wp-block-button__link wp-element-button\" href=\"https:\/\/sagnlandet.dk\/de\/stellplatz\/\">Wo Sie parken k\u00f6nnen<\/a><\/div>\n<\/div>\n\n<\/div>\r\n\t\t\t\r\n\t<\/div>\r\n\r\n\r\n\r\n\t\t<\/div>\r\n<\/section>","protected":false},"excerpt":{"rendered":"","protected":false},"author":1,"featured_media":71100,"parent":0,"menu_order":0,"comment_status":"open","ping_status":"open","template":"","meta":{"_acf_changed":false,"footnotes":""},"class_list":["post-69828","page","type-page","status-publish","has-post-thumbnail","hentry"],"acf":[],"yoast_head":"<!-- This site is optimized with the Yoast SEO plugin v23.5 - https:\/\/yoast.com\/wordpress\/plugins\/seo\/ -->\n<title>Besuchen Sie uns unter - Sagnlandet Lejre<\/title>\n<meta name=\"robots\" content=\"index, follow, max-snippet:-1, max-image-preview:large, max-video-preview:-1\" \/>\n<link rel=\"canonical\" href=\"https:\/\/sagnlandet.dk\/de\/visit-us-at\/\" \/>\n<meta property=\"og:locale\" content=\"de_DE\" \/>\n<meta property=\"og:type\" content=\"article\" \/>\n<meta property=\"og:title\" content=\"Besuchen Sie uns unter - Sagnlandet Lejre\" \/>\n<meta property=\"og:url\" content=\"https:\/\/sagnlandet.dk\/de\/visit-us-at\/\" \/>\n<meta property=\"og:site_name\" content=\"Sagnlandet Lejre\" \/>\n<meta property=\"article:modified_time\" content=\"2025-02-24T06:12:27+00:00\" \/>\n<meta property=\"og:image\" content=\"https:\/\/sagnlandet.dk\/de\/wp-content\/uploads\/sites\/13\/2025\/02\/besog-os-1.jpg\" \/>\n\t<meta property=\"og:image:width\" content=\"1920\" \/>\n\t<meta property=\"og:image:height\" content=\"440\" \/>\n\t<meta property=\"og:image:type\" content=\"image\/jpeg\" \/>\n<meta name=\"twitter:card\" content=\"summary_large_image\" \/>\n<meta name=\"twitter:label1\" content=\"Gesch\u00e4tzte Lesezeit\" \/>\n\t<meta name=\"twitter:data1\" content=\"4\u00a0Minuten\" \/>\n<!-- \/ Yoast SEO plugin. -->","yoast_head_json":{"title":"Besuchen Sie uns unter - Sagnlandet Lejre","robots":{"index":"index","follow":"follow","max-snippet":"max-snippet:-1","max-image-preview":"max-image-preview:large","max-video-preview":"max-video-preview:-1"},"canonical":"https:\/\/sagnlandet.dk\/de\/visit-us-at\/","og_locale":"de_DE","og_type":"article","og_title":"Besuchen Sie uns unter - Sagnlandet Lejre","og_url":"https:\/\/sagnlandet.dk\/de\/visit-us-at\/","og_site_name":"Sagnlandet Lejre","article_modified_time":"2025-02-24T06:12:27+00:00","og_image":[{"width":1920,"height":440,"url":"https:\/\/sagnlandet.dk\/de\/wp-content\/uploads\/sites\/13\/2025\/02\/besog-os-1.jpg","type":"image\/jpeg"}],"twitter_card":"summary_large_image","twitter_misc":{"Gesch\u00e4tzte Lesezeit":"4\u00a0Minuten"},"schema":{"@context":"https:\/\/schema.org","@graph":[{"@type":"WebPage","@id":"https:\/\/sagnlandet.dk\/de\/visit-us-at\/","url":"https:\/\/sagnlandet.dk\/de\/visit-us-at\/","name":"Besuchen Sie uns unter - Sagnlandet Lejre","isPartOf":{"@id":"https:\/\/sagnlandet.dk\/de\/#website"},"primaryImageOfPage":{"@id":"https:\/\/sagnlandet.dk\/de\/visit-us-at\/#primaryimage"},"image":{"@id":"https:\/\/sagnlandet.dk\/de\/visit-us-at\/#primaryimage"},"thumbnailUrl":"https:\/\/sagnlandet.dk\/de\/wp-content\/uploads\/sites\/13\/2025\/02\/besog-os-1-1.jpg","datePublished":"2024-04-12T08:47:25+00:00","dateModified":"2025-02-24T06:12:27+00:00","breadcrumb":{"@id":"https:\/\/sagnlandet.dk\/de\/visit-us-at\/#breadcrumb"},"inLanguage":"de","potentialAction":[{"@type":"ReadAction","target":["https:\/\/sagnlandet.dk\/de\/visit-us-at\/"]}]},{"@type":"ImageObject","inLanguage":"de","@id":"https:\/\/sagnlandet.dk\/de\/visit-us-at\/#primaryimage","url":"https:\/\/sagnlandet.dk\/de\/wp-content\/uploads\/sites\/13\/2025\/02\/besog-os-1-1.jpg","contentUrl":"https:\/\/sagnlandet.dk\/de\/wp-content\/uploads\/sites\/13\/2025\/02\/besog-os-1-1.jpg","width":1920,"height":440},{"@type":"BreadcrumbList","@id":"https:\/\/sagnlandet.dk\/de\/visit-us-at\/#breadcrumb","itemListElement":[{"@type":"ListItem","position":1,"name":"Hjem","item":"https:\/\/sagnlandet.dk\/de\/"},{"@type":"ListItem","position":2,"name":"Visit us at"}]},{"@type":"WebSite","@id":"https:\/\/sagnlandet.dk\/de\/#website","url":"https:\/\/sagnlandet.dk\/de\/","name":"Sagnlandet Lejre","description":"","publisher":{"@id":"https:\/\/sagnlandet.dk\/de\/#organization"},"potentialAction":[{"@type":"SearchAction","target":{"@type":"EntryPoint","urlTemplate":"https:\/\/sagnlandet.dk\/de\/?s={search_term_string}"},"query-input":{"@type":"PropertyValueSpecification","valueRequired":true,"valueName":"search_term_string"}}],"inLanguage":"de"},{"@type":"Organization","@id":"https:\/\/sagnlandet.dk\/de\/#organization","name":"Sagnlandet Lejre","url":"https:\/\/sagnlandet.dk\/de\/","logo":{"@type":"ImageObject","inLanguage":"de","@id":"https:\/\/sagnlandet.dk\/de\/#\/schema\/logo\/image\/","url":"https:\/\/sagnlandet.dk\/de\/wp-content\/uploads\/sites\/13\/1738\/65\/logo.png","contentUrl":"https:\/\/sagnlandet.dk\/de\/wp-content\/uploads\/sites\/13\/1738\/65\/logo.png","width":398,"height":143,"caption":"Sagnlandet Lejre"},"image":{"@id":"https:\/\/sagnlandet.dk\/de\/#\/schema\/logo\/image\/"}}]}},"_links":{"self":[{"href":"https:\/\/sagnlandet.dk\/de\/wp-json\/wp\/v2\/pages\/69828"}],"collection":[{"href":"https:\/\/sagnlandet.dk\/de\/wp-json\/wp\/v2\/pages"}],"about":[{"href":"https:\/\/sagnlandet.dk\/de\/wp-json\/wp\/v2\/types\/page"}],"author":[{"embeddable":true,"href":"https:\/\/sagnlandet.dk\/de\/wp-json\/wp\/v2\/users\/1"}],"replies":[{"embeddable":true,"href":"https:\/\/sagnlandet.dk\/de\/wp-json\/wp\/v2\/comments?post=69828"}],"version-history":[{"count":6,"href":"https:\/\/sagnlandet.dk\/de\/wp-json\/wp\/v2\/pages\/69828\/revisions"}],"predecessor-version":[{"id":71531,"href":"https:\/\/sagnlandet.dk\/de\/wp-json\/wp\/v2\/pages\/69828\/revisions\/71531"}],"wp:featuredmedia":[{"embeddable":true,"href":"https:\/\/sagnlandet.dk\/de\/wp-json\/wp\/v2\/media\/71100"}],"wp:attachment":[{"href":"https:\/\/sagnlandet.dk\/de\/wp-json\/wp\/v2\/media?parent=69828"}],"curies":[{"name":"wp","href":"https:\/\/api.w.org\/{rel}","templated":true}]}}