{"id":69820,"date":"2024-04-12T09:32:01","date_gmt":"2024-04-12T07:32:01","guid":{"rendered":"https:\/\/sagnlandet.dk\/koeb-billet\/"},"modified":"2026-02-27T10:04:29","modified_gmt":"2026-02-27T09:04:29","slug":"kaufen-sie-ein-ticket","status":"publish","type":"page","link":"https:\/\/sagnlandet.dk\/de\/kaufen-sie-ein-ticket\/","title":{"rendered":"Kaufen Sie ein Ticket"},"content":{"rendered":"\r\n\r\n<section class=\"standout-section standout-block standout-basic alignfull section-quick-add-to-cart side-spacing\">\r\n\r\n\t<div class=\"standout-max-container\">\t\r\n\r\n<div class=\"standout-block-inner\">\r\n\t\r\n\t\t\t\t\t\t<div class=\"acf-innerblocks-container\">\n\r\n\r\n<section class=\"standout-section standout-block standout-media-text alignfull\" data-content-size=\"full\" data-image-size=\"full\" data-image-position=\"right\" data-section-height=\"img\" data-text-alignment=\"center\">\r\n\r\n\t<div class=\"standout-max-container\">\t\r\n\r\n<div class=\"standout-block-inner\">\r\n\t\t\t<figure class=\"standout-media-text_img-wrap\">\r\n\t\t\t\t\t\t\t<img loading=\"lazy\" decoding=\"async\" width=\"793\" height=\"950\" src=\"https:\/\/sagnlandet.dk\/de\/wp-content\/uploads\/sites\/13\/2025\/02\/billet-portraet.png\" class=\"attachment-full size-full\" alt=\"\" srcset=\"https:\/\/sagnlandet.dk\/de\/wp-content\/uploads\/sites\/13\/2025\/02\/billet-portraet.png 793w, https:\/\/sagnlandet.dk\/de\/wp-content\/uploads\/sites\/13\/2025\/02\/billet-portraet-501x600.png 501w, https:\/\/sagnlandet.dk\/de\/wp-content\/uploads\/sites\/13\/2025\/02\/billet-portraet-83x100.png 83w, https:\/\/sagnlandet.dk\/de\/wp-content\/uploads\/sites\/13\/2025\/02\/billet-portraet-600x719.png 600w\" sizes=\"(max-width: 793px) 100vw, 793px\" \/>\t\t\t\t\t<\/figure>\r\n\r\n\t\t<div class=\"acf-innerblocks-container\">\n\n<div class=\"wp-block-group standout-media-text_text-inner is-layout-flow wp-block-group-is-layout-flow\">\n<h1 class=\"wp-block-heading\">W\u00e4hlen Sie Ihre Tickets<\/h1>\n\n\n\n<h5 class=\"wp-block-heading\">Preise &#8211; Kaufen Sie ein Ticket f\u00fcr 2026<\/h5>\n\n\n\n<p>Ein Ticket f\u00fcr Lejre Land of Legends berechtigt Sie zum Eintritt in Lejre Land of Legends f\u00fcr das gesamte laufende Kalenderjahr, in dem das Ticket gekauft wird, ab dem Tag des Kaufs. <\/p>\n\n\n\n<hr class=\"wp-block-separator has-alpha-channel-opacity\"\/>\n\n\n\n<p><strong>Kommen Sie wieder, und wieder, und wieder&#8230;<\/strong><br>Mit einer Eintrittskarte f\u00fcr Lejre Land of Legends erhalten Sie Zugang zu einer Welt voller Erlebnisse. Eine Welt, die so gro\u00df ist, dass nur wenige Menschen sie an einem einzigen Tag durchlaufen k\u00f6nnen. Deshalb ist Ihre Eintrittskarte f\u00fcr das Lejre Land der Legenden eine Dauerkarte, die ab dem Tag, an dem Sie sie kaufen, das ganze Jahr \u00fcber g\u00fcltig ist.<\/p>\n\n\n\n<p>Wir freuen uns auf Sie!<\/p>\n\n\n\r\n\r\n<section class=\"standout-section standout-block standout-woocommerce-quick-add-to-cart alignwide woocommerce\">\r\n\r\n\t<div class=\"standout-max-container\">\t\r\n\r\n<div class=\"standout-block-inner\">\r\n\t\r\n\t<div class=\"quick-add-to-cart-container\">\r\n\t\t\t\t\t\r\n\t\t\t<div class=\"quick-add-to-cart\">\r\n\t\t\t\t<div class=\"quick-add-to-cart-details\">\r\n\t\t\t\t\t<span class=\"quick-add-to-cart-title\">\r\n\t\t\t\t\t\t\t\t\t\t\t\tEintritt 2026 &#8211; Erwachsene, ab 12 Jahren\t\t\t\t\t<\/span>\r\n\t\t\t\t\t<span class=\"quick-add-to-cart-description\">\r\n\t\t\t\t\t\t\t\t\t\t\t<\/span>\r\n\t\t\t\t<\/div>\r\n\r\n\t\t\t\t<div class=\"quick-add-to-cart-form\">\r\n\t\t\t\t\t<span class=\"quick-add-to-cart-price\" data-price=\"225\">\r\n\t\t\t\t\t\t<span class=\"woocommerce-Price-amount amount\"><bdi>225&nbsp;<span class=\"woocommerce-Price-currencySymbol\">dkk<\/span><\/bdi><\/span>\t\t\t\t\t<\/span>\r\n\t\t\t\t\t<div class=\"quick-add-to-cart-qty-form\">\r\n\t\t\t\t\t\t\r\n\t<div class=\"standout-input-wrap\">\r\n\t\t<button type=\"button\" class=\"button standout-input-minus\"><span height=\"1em\" class=\"standout-custom-svg custom-svg\"><?xml version=\"1.0\" encoding=\"UTF-8\"?>\n<svg height=\"1em\" id=\"uuid-dd1de4d2-73d0-411a-af56-f01e5847108a\" data-name=\"Lag 2\" xmlns=\"http:\/\/www.w3.org\/2000\/svg\" xmlns:xlink=\"http:\/\/www.w3.org\/1999\/xlink\" viewBox=\"0 0 69 11\">\n  <defs>\n    <clipPath id=\"uuid-c13c7ca4-6ebc-4dce-8d9a-2896272a95c0\">\n      <rect width=\"69\" height=\"11\" style=\"fill: none; stroke-width: 0px;\"\/>\n    <\/clipPath>\n  <\/defs>\n  <g id=\"uuid-625615c4-6296-4557-b082-28173cce34b7\" data-name=\"Lag 1\">\n    <g style=\"clip-path: url(#uuid-c13c7ca4-6ebc-4dce-8d9a-2896272a95c0);\">\n      <path d=\"m34.5,9.29c11.43-.32,23.25-.66,34.5,1.71V0c-11.14,2.34-22.79,2-34.11,1.72C23.25,1.42,11.6,1.11,0,0v11c11.46-1.1,22.99-1.5,34.5-1.71,2.88-.08-5.75.11,0,0\" style=\"fill: #1d1d1b; stroke-width: 0px;\"\/>\n    <\/g>\n  <\/g>\n<\/svg><\/span><\/button>\r\n\r\n\t\t<div class=\"quantity\">\n\t\t<label class=\"screen-reader-text\" for=\"quantity_69e21b898694e\">Eintritt 2026 &#8211; Erwachsene, ab 12 Jahren Menge<\/label>\n\t<input\n\t\ttype=\"number\"\n\t\t\t\tid=\"quantity_69e21b898694e\"\n\t\tclass=\"input-text qty text\"\n\t\tname=\"quantity\"\n\t\tvalue=\"0\"\n\t\taria-label=\"Produktmenge\"\n\t\tsize=\"4\"\n\t\tmin=\"0\"\n\t\tmax=\"\"\n\t\t\t\t\tstep=\"1\"\n\t\t\tplaceholder=\"\"\n\t\t\tinputmode=\"numeric\"\n\t\t\tautocomplete=\"off\"\n\t\t\t\/>\n\t<\/div>\n\r\n\t\t<button type=\"button\" class=\"button standout-input-plus\"><span height=\"1em\" class=\"standout-custom-svg custom-svg\"><?xml version=\"1.0\" encoding=\"UTF-8\"?>\n<svg height=\"1em\" id=\"uuid-6a18368e-dc7b-4205-b0c7-55502444784c\" data-name=\"Lag 2\" xmlns=\"http:\/\/www.w3.org\/2000\/svg\" xmlns:xlink=\"http:\/\/www.w3.org\/1999\/xlink\" viewBox=\"0 0 69 69\">\n  <defs>\n    <clipPath id=\"uuid-fdf2d7cb-200b-4f88-a0ce-caafbcdd5fb6\">\n      <rect width=\"69\" height=\"69\" style=\"fill: none; stroke-width: 0px;\"\/>\n    <\/clipPath>\n  <\/defs>\n  <g id=\"uuid-b8b148e4-4cc6-44c5-8186-251d01d4a7d3\" data-name=\"Lag 1\">\n    <g style=\"clip-path: url(#uuid-fdf2d7cb-200b-4f88-a0ce-caafbcdd5fb6);\">\n      <path d=\"m34.5,38.29c11.43-.32,23.25-.66,34.5,1.71v-11c-11.14,2.34-22.79,2-34.11,1.72C23.25,30.42,11.6,30.11,0,29v11c11.46-1.1,22.99-1.5,34.5-1.71,2.88-.08-5.75.1,0,0\" style=\"fill: #1d1d1b; stroke-width: 0px;\"\/>\n      <path d=\"m30.71,34.5c.32,11.44.66,23.25-1.71,34.5h11c-2.34-11.14-2-22.79-1.72-34.11.29-11.64.61-23.29,1.72-34.89h-11c1.1,11.46,1.5,22.99,1.71,34.5.08,2.88-.1-5.75,0,0\" style=\"fill: #1d1d1b; stroke-width: 0px;\"\/>\n    <\/g>\n  <\/g>\n<\/svg><\/span><\/button>\r\n\t<\/div>\r\n\r\n\t\r\n\t\t\t\t\t\t<input type=\"hidden\" name=\"quick-add-to-cart-input-product-id\" value=\"69628\">\r\n\t\t\t\t\t\t<input type=\"hidden\" name=\"quick-add-to-cart-input-product-sku\" value=\"\">\r\n\t\t\t\t\t<\/div>\r\n\t\t\t\t<\/div>\r\n\t\t\t<\/div>\r\n\t\t\t\t\t\r\n\t\t\t<div class=\"quick-add-to-cart\">\r\n\t\t\t\t<div class=\"quick-add-to-cart-details\">\r\n\t\t\t\t\t<span class=\"quick-add-to-cart-title\">\r\n\t\t\t\t\t\t\t\t\t\t\t\tEintritt 2026 &#8211; Kinder 3-11 Jahre\t\t\t\t\t<\/span>\r\n\t\t\t\t\t<span class=\"quick-add-to-cart-description\">\r\n\t\t\t\t\t\t\t\t\t\t\t<\/span>\r\n\t\t\t\t<\/div>\r\n\r\n\t\t\t\t<div class=\"quick-add-to-cart-form\">\r\n\t\t\t\t\t<span class=\"quick-add-to-cart-price\" data-price=\"160\">\r\n\t\t\t\t\t\t<span class=\"woocommerce-Price-amount amount\"><bdi>160&nbsp;<span class=\"woocommerce-Price-currencySymbol\">dkk<\/span><\/bdi><\/span>\t\t\t\t\t<\/span>\r\n\t\t\t\t\t<div class=\"quick-add-to-cart-qty-form\">\r\n\t\t\t\t\t\t\r\n\t<div class=\"standout-input-wrap\">\r\n\t\t<button type=\"button\" class=\"button standout-input-minus\"><span height=\"1em\" class=\"standout-custom-svg custom-svg\"><?xml version=\"1.0\" encoding=\"UTF-8\"?>\n<svg height=\"1em\" id=\"uuid-dd1de4d2-73d0-411a-af56-f01e5847108a\" data-name=\"Lag 2\" xmlns=\"http:\/\/www.w3.org\/2000\/svg\" xmlns:xlink=\"http:\/\/www.w3.org\/1999\/xlink\" viewBox=\"0 0 69 11\">\n  <defs>\n    <clipPath id=\"uuid-c13c7ca4-6ebc-4dce-8d9a-2896272a95c0\">\n      <rect width=\"69\" height=\"11\" style=\"fill: none; stroke-width: 0px;\"\/>\n    <\/clipPath>\n  <\/defs>\n  <g id=\"uuid-625615c4-6296-4557-b082-28173cce34b7\" data-name=\"Lag 1\">\n    <g style=\"clip-path: url(#uuid-c13c7ca4-6ebc-4dce-8d9a-2896272a95c0);\">\n      <path d=\"m34.5,9.29c11.43-.32,23.25-.66,34.5,1.71V0c-11.14,2.34-22.79,2-34.11,1.72C23.25,1.42,11.6,1.11,0,0v11c11.46-1.1,22.99-1.5,34.5-1.71,2.88-.08-5.75.11,0,0\" style=\"fill: #1d1d1b; stroke-width: 0px;\"\/>\n    <\/g>\n  <\/g>\n<\/svg><\/span><\/button>\r\n\r\n\t\t<div class=\"quantity\">\n\t\t<label class=\"screen-reader-text\" for=\"quantity_69e21b8987976\">Eintritt 2026 &#8211; Kinder 3-11 Jahre Menge<\/label>\n\t<input\n\t\ttype=\"number\"\n\t\t\t\tid=\"quantity_69e21b8987976\"\n\t\tclass=\"input-text qty text\"\n\t\tname=\"quantity\"\n\t\tvalue=\"0\"\n\t\taria-label=\"Produktmenge\"\n\t\tsize=\"4\"\n\t\tmin=\"0\"\n\t\tmax=\"\"\n\t\t\t\t\tstep=\"1\"\n\t\t\tplaceholder=\"\"\n\t\t\tinputmode=\"numeric\"\n\t\t\tautocomplete=\"off\"\n\t\t\t\/>\n\t<\/div>\n\r\n\t\t<button type=\"button\" class=\"button standout-input-plus\"><span height=\"1em\" class=\"standout-custom-svg custom-svg\"><?xml version=\"1.0\" encoding=\"UTF-8\"?>\n<svg height=\"1em\" id=\"uuid-6a18368e-dc7b-4205-b0c7-55502444784c\" data-name=\"Lag 2\" xmlns=\"http:\/\/www.w3.org\/2000\/svg\" xmlns:xlink=\"http:\/\/www.w3.org\/1999\/xlink\" viewBox=\"0 0 69 69\">\n  <defs>\n    <clipPath id=\"uuid-fdf2d7cb-200b-4f88-a0ce-caafbcdd5fb6\">\n      <rect width=\"69\" height=\"69\" style=\"fill: none; stroke-width: 0px;\"\/>\n    <\/clipPath>\n  <\/defs>\n  <g id=\"uuid-b8b148e4-4cc6-44c5-8186-251d01d4a7d3\" data-name=\"Lag 1\">\n    <g style=\"clip-path: url(#uuid-fdf2d7cb-200b-4f88-a0ce-caafbcdd5fb6);\">\n      <path d=\"m34.5,38.29c11.43-.32,23.25-.66,34.5,1.71v-11c-11.14,2.34-22.79,2-34.11,1.72C23.25,30.42,11.6,30.11,0,29v11c11.46-1.1,22.99-1.5,34.5-1.71,2.88-.08-5.75.1,0,0\" style=\"fill: #1d1d1b; stroke-width: 0px;\"\/>\n      <path d=\"m30.71,34.5c.32,11.44.66,23.25-1.71,34.5h11c-2.34-11.14-2-22.79-1.72-34.11.29-11.64.61-23.29,1.72-34.89h-11c1.1,11.46,1.5,22.99,1.71,34.5.08,2.88-.1-5.75,0,0\" style=\"fill: #1d1d1b; stroke-width: 0px;\"\/>\n    <\/g>\n  <\/g>\n<\/svg><\/span><\/button>\r\n\t<\/div>\r\n\r\n\t\r\n\t\t\t\t\t\t<input type=\"hidden\" name=\"quick-add-to-cart-input-product-id\" value=\"69629\">\r\n\t\t\t\t\t\t<input type=\"hidden\" name=\"quick-add-to-cart-input-product-sku\" value=\"\">\r\n\t\t\t\t\t<\/div>\r\n\t\t\t\t<\/div>\r\n\t\t\t<\/div>\r\n\t\t\t\t\t\r\n\t\t<div class=\"quick-add-to-cart quick-add-to-cart-total\">\r\n\t\t\t<div class=\"quick-add-to-cart-details\">\r\n\t\t\t\t<span class=\"quick-add-to-cart-title\">\r\n\t\t\t\t\tTotal (<span class=\"quick-add-to-cart-total-qty\">0<\/span> tickets)\t\t\t\t<\/span>\r\n\t\t\t<\/div>\r\n\r\n\t\t\t<div class=\"quick-add-to-cart-form\">\r\n\t\t\t\t<span class=\"quick-add-to-cart-price\" data-price-format=\"{&quot;currency_format_num_decimals&quot;:2,&quot;currency_format_symbol&quot;:&quot;dkk&quot;,&quot;currency_format_decimal_sep&quot;:&quot;,&quot;,&quot;currency_format_thousand_sep&quot;:&quot;&quot;,&quot;currency_format&quot;:&quot;%v&nbsp;%s&quot;}\">\r\n\t\t\t\t\t<span class=\"woocommerce-Price-amount amount\"><bdi>0&nbsp;<span class=\"woocommerce-Price-currencySymbol\">dkk<\/span><\/bdi><\/span>\t\t\t\t<\/span>\r\n\t\t\t<\/div>\r\n\t\t<\/div>\r\n\r\n\t\t<div class=\"quick-add-to-cart quick-add-to-cart-buy\">\r\n\t\t\t<div class=\"quick-add-to-cart-details\">&nbsp;<\/div>\r\n\r\n\t\t\t<div class=\"quick-add-to-cart-form\">\r\n\t\t\t\t<!-- wp:buttons {\"className\":\"btn-blue\"} -->\r\n\t\t\t\t<div class=\"wp-block-buttons btn-blue\">\r\n\t\t\t\t\t<!-- wp:button -->\r\n\t\t\t\t\t<div class=\"wp-block-button\">\r\n\t\t\t\t\t\t<a class=\"wp-block-button__link wp-element-button\" href=\"#\">Buy<\/a>\r\n\t\t\t\t\t<\/div>\r\n\t\t\t\t\t<!-- \/wp:button -->\r\n\t\t\t\t<\/div>\r\n\t\t\t\t<!-- \/wp:buttons -->\r\n\t\t\t<\/div>\r\n\t\t<\/div>\r\n\t<\/div>\r\n\r\n\t<\/div>\r\n\r\n\r\n\r\n\t\t<\/div>\r\n<\/section>\n\n\n<p><em>Kinder 0-2 Jahre frei.<br>Hunde frei &#8211; solange sie angeleint sind.<\/em><\/p>\n<\/div>\n\n<\/div>\r\n\t<\/div>\r\n\r\n\r\n\r\n\t\t<\/div>\r\n<\/section>\n<\/div>\r\n\t\t\t\r\n\t<\/div>\r\n\r\n\r\n\r\n\t\t<\/div>\r\n<\/section>\n\n\n<p><\/p>\n\n\n\r\n\r\n<section class=\"standout-section standout-block standout-basic alignfull section-quick-add-to-cart side-spacing\">\r\n\r\n\t<div class=\"standout-max-container\">\t\r\n\r\n<div class=\"standout-block-inner\">\r\n\t\r\n\t\t\t\t\t\t<div class=\"acf-innerblocks-container\">\n\r\n\r\n<section class=\"standout-section standout-block standout-columns alignwide\" style=\"--columns: 2; --column-span: 1; --element-alignment: flex-start;\" data-columns=\"2\">\r\n\r\n\t<div class=\"standout-max-container\">\t\r\n\r\n<div class=\"standout-block-inner\">\r\n\t\t\t<div class=\"acf-innerblocks-container\">\n\r\n\r\n<section class=\"standout-block standout-column-element\">\r\n\r\n\t<div class=\"standout-max-container\">\t\r\n\r\n<div class=\"standout-block-inner\">\r\n\t\t\r\n\t\t\t<div class=\"acf-innerblocks-container\">\n\r\n\r\n<section class=\"standout-section standout-block standout-basic alignwide rounded-bg has-bg has-bg-img\" style=\"--standout-block-gap: var(--gap-s);\">\r\n\r\n\t<div class=\"standout-max-container\">\t\r\n\r\n<div class=\"standout-block-inner\">\r\n\t\r\n\t\t\t\t\t\t<div class=\"acf-innerblocks-container\">\n\n<p style=\"font-size:14px\"><\/p>\n\n<\/div>\r\n\t\t\t\r\n\t<\/div>\r\n\r\n\r\n\r\n\t\t<\/div>\r\n<\/section>\n<\/div>\r\n\t<\/div>\r\n\r\n\r\n\r\n\t\t<\/div>\r\n<\/section>\n\n\r\n\r\n<section class=\"standout-block standout-column-element\">\r\n\r\n\t<div class=\"standout-max-container\">\t\r\n\r\n<div class=\"standout-block-inner\">\r\n\t\t\r\n\t\t\t<div class=\"acf-innerblocks-container\">\n\r\n\r\n<section class=\"standout-section standout-block standout-basic alignwide rounded-bg border-bg\" style=\"--standout-block-gap: var(--gap-s);\">\r\n\r\n\t<div class=\"standout-max-container\">\t\r\n\r\n<div class=\"standout-block-inner\">\r\n\t\r\n\t\t\t\t\t\t<div class=\"acf-innerblocks-container\">\n\n<h5 class=\"wp-block-heading has-h-5-font-size\">Danke, dass Sie auch die Professionalit\u00e4t und die Erfahrungen aus der Vergangenheit lieben<\/h5>\n\n\n\n<p>Lejre Land of Legends ist eine gemeinn\u00fctzige Organisation, die \u00fcber unsere gemeinsame Vergangenheit kommuniziert, forscht und lehrt.<br>Ein Teil unserer Arbeit wird durch Zusch\u00fcsse des Bildungsministeriums und der Gemeinde Lejre finanziert, aber der Hauptteil sind die Einnahmen aus Ihren Eintrittskarten. <br>Sie als Gast sind es also, der daf\u00fcr sorgt, dass das Lejre Land der Legenden auch im n\u00e4chsten Jahr seine T\u00fcren f\u00fcr au\u00dfergew\u00f6hnliche Familienerlebnisse \u00f6ffnen kann!<\/p>\n\n\n\n<h6 class=\"wp-block-heading has-h-5-font-size\">Nutzen Sie Ihr Ticket &#8211; Sie haben das ganze Kalenderjahr Zeit.<\/h6>\n\n\n\n<p class=\"has-p-font-size\">Eine Eintrittskarte f\u00fcr das Lejre Land der Legenden ist ab dem Tag des Kaufs das ganze Jahr \u00fcber g\u00fcltig. Sie k\u00f6nnen es einmal besuchen oder an allen \u00d6ffnungstagen der Saison &#8211; das bleibt Ihnen \u00fcberlassen.<br><\/p>\n\n\n\n<p><em>Eine Saisonkarte f\u00fcr Lejre Land of Legends ist pers\u00f6nlich und kann nicht auf andere Personen \u00fcbertragen werden. Ein Identit\u00e4tsnachweis (z. B. Gesundheitskarte, Dankort oder F\u00fchrerschein) muss am Eingang zusammen mit der Saisonkarte vorgelegt werden.<\/em><br><em>Die Eintrittskarten f\u00fcr Lejre Land of Legends m\u00fcssen im selben Jahr eingel\u00f6st werden, in dem sie erworben wurden<\/em>.<\/p>\n\n<\/div>\r\n\t\t\t\r\n\t<\/div>\r\n\r\n\r\n\r\n\t\t<\/div>\r\n<\/section>\n<\/div>\r\n\t<\/div>\r\n\r\n\r\n\r\n\t\t<\/div>\r\n<\/section>\n<\/div>\r\n\t<\/div>\r\n\r\n\r\n\r\n\t\t<\/div>\r\n<\/section>\n\n\n<p><\/p>\n\n<\/div>\r\n\t\t\t\r\n\t<\/div>\r\n\r\n\r\n\r\n\t\t<\/div>\r\n<\/section>","protected":false},"excerpt":{"rendered":"","protected":false},"author":1,"featured_media":0,"parent":0,"menu_order":0,"comment_status":"open","ping_status":"open","template":"","meta":{"_acf_changed":false,"footnotes":""},"class_list":["post-69820","page","type-page","status-publish","hentry"],"acf":[],"yoast_head":"<!-- This site is optimized with the Yoast SEO plugin v23.5 - https:\/\/yoast.com\/wordpress\/plugins\/seo\/ -->\n<title>Kaufen Sie ein Ticket - Sagnlandet Lejre<\/title>\n<meta name=\"robots\" content=\"index, follow, max-snippet:-1, max-image-preview:large, max-video-preview:-1\" \/>\n<link rel=\"canonical\" href=\"https:\/\/sagnlandet.dk\/de\/kaufen-sie-ein-ticket\/\" \/>\n<meta property=\"og:locale\" content=\"de_DE\" \/>\n<meta property=\"og:type\" content=\"article\" \/>\n<meta property=\"og:title\" content=\"Kaufen Sie ein Ticket - Sagnlandet Lejre\" \/>\n<meta property=\"og:url\" content=\"https:\/\/sagnlandet.dk\/de\/kaufen-sie-ein-ticket\/\" \/>\n<meta property=\"og:site_name\" content=\"Sagnlandet Lejre\" \/>\n<meta property=\"article:modified_time\" content=\"2026-02-27T09:04:29+00:00\" \/>\n<meta name=\"twitter:card\" content=\"summary_large_image\" \/>\n<meta name=\"twitter:label1\" content=\"Gesch\u00e4tzte Lesezeit\" \/>\n\t<meta name=\"twitter:data1\" content=\"2\u00a0Minuten\" \/>\n<!-- \/ Yoast SEO plugin. -->","yoast_head_json":{"title":"Kaufen Sie ein Ticket - Sagnlandet Lejre","robots":{"index":"index","follow":"follow","max-snippet":"max-snippet:-1","max-image-preview":"max-image-preview:large","max-video-preview":"max-video-preview:-1"},"canonical":"https:\/\/sagnlandet.dk\/de\/kaufen-sie-ein-ticket\/","og_locale":"de_DE","og_type":"article","og_title":"Kaufen Sie ein Ticket - Sagnlandet Lejre","og_url":"https:\/\/sagnlandet.dk\/de\/kaufen-sie-ein-ticket\/","og_site_name":"Sagnlandet Lejre","article_modified_time":"2026-02-27T09:04:29+00:00","twitter_card":"summary_large_image","twitter_misc":{"Gesch\u00e4tzte Lesezeit":"2\u00a0Minuten"},"schema":{"@context":"https:\/\/schema.org","@graph":[{"@type":"WebPage","@id":"https:\/\/sagnlandet.dk\/de\/kaufen-sie-ein-ticket\/","url":"https:\/\/sagnlandet.dk\/de\/kaufen-sie-ein-ticket\/","name":"Kaufen Sie ein Ticket - Sagnlandet Lejre","isPartOf":{"@id":"https:\/\/sagnlandet.dk\/de\/#website"},"datePublished":"2024-04-12T07:32:01+00:00","dateModified":"2026-02-27T09:04:29+00:00","breadcrumb":{"@id":"https:\/\/sagnlandet.dk\/de\/kaufen-sie-ein-ticket\/#breadcrumb"},"inLanguage":"de","potentialAction":[{"@type":"ReadAction","target":["https:\/\/sagnlandet.dk\/de\/kaufen-sie-ein-ticket\/"]}]},{"@type":"BreadcrumbList","@id":"https:\/\/sagnlandet.dk\/de\/kaufen-sie-ein-ticket\/#breadcrumb","itemListElement":[{"@type":"ListItem","position":1,"name":"Hjem","item":"https:\/\/sagnlandet.dk\/de\/"},{"@type":"ListItem","position":2,"name":"Kaufen Sie ein Ticket"}]},{"@type":"WebSite","@id":"https:\/\/sagnlandet.dk\/de\/#website","url":"https:\/\/sagnlandet.dk\/de\/","name":"Sagnlandet Lejre","description":"","publisher":{"@id":"https:\/\/sagnlandet.dk\/de\/#organization"},"potentialAction":[{"@type":"SearchAction","target":{"@type":"EntryPoint","urlTemplate":"https:\/\/sagnlandet.dk\/de\/?s={search_term_string}"},"query-input":{"@type":"PropertyValueSpecification","valueRequired":true,"valueName":"search_term_string"}}],"inLanguage":"de"},{"@type":"Organization","@id":"https:\/\/sagnlandet.dk\/de\/#organization","name":"Sagnlandet Lejre","url":"https:\/\/sagnlandet.dk\/de\/","logo":{"@type":"ImageObject","inLanguage":"de","@id":"https:\/\/sagnlandet.dk\/de\/#\/schema\/logo\/image\/","url":"https:\/\/sagnlandet.dk\/de\/wp-content\/uploads\/sites\/13\/1738\/65\/logo.png","contentUrl":"https:\/\/sagnlandet.dk\/de\/wp-content\/uploads\/sites\/13\/1738\/65\/logo.png","width":398,"height":143,"caption":"Sagnlandet Lejre"},"image":{"@id":"https:\/\/sagnlandet.dk\/de\/#\/schema\/logo\/image\/"}}]}},"_links":{"self":[{"href":"https:\/\/sagnlandet.dk\/de\/wp-json\/wp\/v2\/pages\/69820"}],"collection":[{"href":"https:\/\/sagnlandet.dk\/de\/wp-json\/wp\/v2\/pages"}],"about":[{"href":"https:\/\/sagnlandet.dk\/de\/wp-json\/wp\/v2\/types\/page"}],"author":[{"embeddable":true,"href":"https:\/\/sagnlandet.dk\/de\/wp-json\/wp\/v2\/users\/1"}],"replies":[{"embeddable":true,"href":"https:\/\/sagnlandet.dk\/de\/wp-json\/wp\/v2\/comments?post=69820"}],"version-history":[{"count":16,"href":"https:\/\/sagnlandet.dk\/de\/wp-json\/wp\/v2\/pages\/69820\/revisions"}],"predecessor-version":[{"id":71549,"href":"https:\/\/sagnlandet.dk\/de\/wp-json\/wp\/v2\/pages\/69820\/revisions\/71549"}],"wp:attachment":[{"href":"https:\/\/sagnlandet.dk\/de\/wp-json\/wp\/v2\/media?parent=69820"}],"curies":[{"name":"wp","href":"https:\/\/api.w.org\/{rel}","templated":true}]}}