{"id":69778,"date":"2024-04-11T11:35:47","date_gmt":"2024-04-11T09:35:47","guid":{"rendered":"https:\/\/sagnlandet.dk\/privatlivspolitik\/"},"modified":"2025-02-24T07:12:32","modified_gmt":"2025-02-24T06:12:32","slug":"datenschutzbestimmungen","status":"publish","type":"page","link":"https:\/\/sagnlandet.dk\/de\/datenschutzbestimmungen\/","title":{"rendered":"Datenschutzbestimmungen"},"content":{"rendered":"\n<div class=\"wp-block-cover is-light\"><span aria-hidden=\"true\" class=\"wp-block-cover__background has-background-dim\" style=\"background-color:#96927a\"><\/span><img decoding=\"async\" class=\"wp-block-cover__image-background wp-image-1189\" alt=\"\" src=\"https:\/\/sagnlandet.dk\/wp-content\/uploads\/2025\/02\/efteraarsferie-2020-22-2-scaled-1.jpg\" data-object-fit=\"cover\"\/><div class=\"wp-block-cover__inner-container is-layout-constrained wp-block-cover-is-layout-constrained\">\n<h1 class=\"wp-block-heading has-text-align-center has-color-bg-color has-text-color has-link-color has-large-font-size wp-elements-b982c926bcdcbb8af551ea6622453fd4\">Datenschutzpolitik<\/h1>\n<\/div><\/div>\n\n\n\n<p>Durch die Nutzung von sagnlandet.dk\/de erkl\u00e4ren Sie sich damit einverstanden, dass Sagnlandet Lejre Ihre pers\u00f6nlichen Daten und Cookies in \u00dcbereinstimmung mit der nachstehenden Daten- und Cookie-Richtlinie verarbeitet. Cookies werden verwendet, damit sagnlandet.dk\/de funktionieren kann. Unter anderem verwenden wir Cookies, um das Hinzuf\u00fcgen von Artikeln in den Warenkorb zu erm\u00f6glichen, uns einzuloggen und unsere Website zu verbessern.<\/p>\n\n\n\n<p><a href=\"https:\/\/sagnlandet.dk\/de\/cookie-politik\/\">Klicken Sie hier, um zur Cookie-Richtlinie zu gelangen<\/a><\/p>\n\n\n\n<h3 class=\"wp-block-heading\">Politik zum Schutz der Privatsph\u00e4re und der pers\u00f6nlichen Daten in K\u00fcrze<\/h3>\n\n\n\n<p>Diese Datenschutzrichtlinie ist zusammengefasst, um Sie als Kunden besser dar\u00fcber zu informieren, welche personenbezogenen Daten Sagnlandet Lejre verarbeitet und wie wir sie verarbeiten &#8211; unter personenbezogenen Daten verstehen wir alle pers\u00f6nlich identifizierbaren Daten.<\/p>\n\n\n\n<p>Sagnlandet Lejre wir respektieren alle Bitten um Vertraulichkeit der online zur Verf\u00fcgung gestellten pers\u00f6nlichen Daten und sind uns der Notwendigkeit eines angemessenen Schutzes und einer ordnungsgem\u00e4\u00dfen Verarbeitung aller pers\u00f6nlichen Daten, die wir erhalten, bewusst.<\/p>\n\n\n\n<p>Wenn die nachstehende Datenschutzerkl\u00e4rung nicht akzeptiert werden kann, beh\u00e4lt sich Sagnlandet Lejre das Recht vor, Bestellungen und andere Anfragen abzulehnen, da eine fehlende Akzeptanz dazu f\u00fchren kann, dass Sagnlandet Lejre nicht in der Lage ist, die Beziehung zu bedienen, was ansonsten durch geltendes Recht vorgeschrieben ist.<\/p>\n\n\n\n<h3 class=\"wp-block-heading\">Personenbezogene Daten<\/h3>\n\n\n\n<p>Personenbezogene Daten sind alle Daten, die zur Identifizierung von Personen verwendet werden k\u00f6nnen, einschlie\u00dflich, aber nicht beschr\u00e4nkt auf Vor-, Mittel- und Nachname, Alter, Geschlecht, Position, Wohn- oder andere physische Adresse, E-Mail-Adresse oder andere Kontaktinformationen, unabh\u00e4ngig davon, ob sie den privaten Wohnsitz oder den Arbeitsplatz der Person betreffen.<\/p>\n\n\n\n<p>Zu den personenbezogenen Daten geh\u00f6ren auch Daten wie Verhalten, Kaufhistorie, Finanzinformationen usw., die alle zur Pflege der Kunden- und Lieferantenbeziehung zwischen Kunden und Sagnlandet Lejre verwendet werden.<\/p>\n\n\n\n<h3 class=\"wp-block-heading\">Welche personenbezogenen Daten werden von uns erhoben und verarbeitet?<\/h3>\n\n\n\n<p>Sie k\u00f6nnen auf sagnlandet.dk\/de zugreifen, ohne uns Ihre pers\u00f6nlichen Daten mitzuteilen. Wenn Sie auf die Website zugreifen, wird eine ID f\u00fcr Ihre Sitzung vergeben. Diese kann Sie nicht als Person identifizieren.<\/p>\n\n\n\n<p>Sagnlandet Lejre wir ben\u00f6tigen eine Reihe personenbezogener Daten, um mit Ihnen und Ihrem Unternehmen Gesch\u00e4fte machen zu k\u00f6nnen, Kundenbeziehungen zu pflegen und Produkte und Dienstleistungen zu vermarkten. Bestimmte Informationen werden auch in \u00dcbereinstimmung mit den gesetzlichen Anforderungen des Geldw\u00e4sche- und Buchf\u00fchrungsgesetzes erhoben und verarbeitet.<\/p>\n\n\n\n<p>Die folgenden Informationen k\u00f6nnen erfasst und verarbeitet werden, wenn Sie sagnlandet.dk\/de besuchen;<br>E-Mail-Adresse, Vor- und Nachname, Adresse, Telefonnummer, Alter, Geschlecht, technische Details (einschlie\u00dflich IP-Adressen), Verhalten (einschlie\u00dflich: Besuchte URL, Ereignisausl\u00f6ser, Aktionen wie Klicks, \u00d6ffnungsraten, Anmeldung, Zeit auf jeder Seite usw.), geografische Daten und Daten, die f\u00fcr den Abschluss einer Transaktion erforderlich sein k\u00f6nnen.<\/p>\n\n\n\n<h3 class=\"wp-block-heading\">Sagnlandet Lejre sammelt und verarbeitet Informationen \u00fcber Sie, wenn Sie:<\/h3>\n\n\n\n<ul class=\"wp-block-list\">\n<li>Ein Konto erstellen<\/li>\n\n\n\n<li>Eink\u00e4ufe t\u00e4tigen<\/li>\n\n\n\n<li>Anfragen und Beschwerden senden und\/oder auf andere Weise mit Sagnlandet Lejre interagieren<\/li>\n\n\n\n<li>Sich f\u00fcr Online-Marketing-Materialien anmelden und\/oder mit diesen interagieren (einschlie\u00dflich, aber nicht beschr\u00e4nkt auf Newsletter, Textnachrichten und Benachrichtigungen, Werbung auf Websites Dritter oder \u00c4hnliches)<\/li>\n\n\n\n<li>\u00dcbermittlung von personenbezogenen Daten auf andere Weise an Sagnlandet Lejre<\/li>\n<\/ul>\n\n\n\n<p>Sagnlandet Lejre sammelt nur die personenbezogenen Daten, die notwendig sind, um eine Dienstleistung oder ein Produkt anzubieten, Dienstleistungen und Produkte zu vermarkten oder Anfragen zu bearbeiten.<\/p>\n\n\n\n<p>Sagnlandet Lejre sammelt und\/oder kauft keine personenbezogenen Daten von Dritten.<\/p>\n\n\n\n<p>Sagnlandet Lejre nutzt anerkannte Kartenakquisiteure zur Abwicklung von Online-Kartentransaktionen und speichert keine Informationen \u00fcber Zahlungskarten. Bitte beachten Sie, dass bei der Rechnungsstellung Rechnungs- und Bankdaten in \u00dcbereinstimmung mit den geltenden Gesetzen in diesem Gebiet, einschlie\u00dflich des Geldw\u00e4sche- und Buchf\u00fchrungsgesetzes, gespeichert werden.<\/p>\n\n\n\n<h3 class=\"wp-block-heading\">Wie verwenden wir Ihre Informationen?<\/h3>\n\n\n\n<p>Wir k\u00f6nnen die gesammelten Informationen auf folgende Weise verwenden:<\/p>\n\n\n\n<ul class=\"wp-block-list\">\n<li>Zur Personalisierung Ihrer Erfahrung auf der E-Mail und der Website durch personalisierte Empfehlungen auf der Grundlage Ihrer Kaufhistorie<\/li>\n\n\n\n<li>Zur Verbesserung von sagnlandet.dk\/de und Marketing von Sagnlandet Lejre<\/li>\n\n\n\n<li>Um Sie besser bedienen zu k\u00f6nnen, wenn Sie den Kundendienst kontaktieren<\/li>\n\n\n\n<li>Zur Durchf\u00fchrung von Wettbewerben, Kundenumfragen usw.<\/li>\n\n\n\n<li>Um Ihre Bestellungen so schnell wie m\u00f6glich zu bearbeiten<\/li>\n\n\n\n<li>Um Produkt- und Trustpilot-Bewertungen zu sammeln<\/li>\n\n\n\n<li>Um Anfragen nachgehen zu k\u00f6nnen<\/li>\n\n\n\n<li>F\u00fcr allgemeine Marketingzwecke<\/li>\n<\/ul>\n\n\n\n<h3 class=\"wp-block-heading\">Wie sch\u00fctzen wir Ihre Daten?<\/h3>\n\n\n\n<p>Unsere Website wird regelm\u00e4\u00dfig auf Sicherheitsl\u00fccken und Schwachstellen gescannt, damit wir m\u00f6gliche Datenlecks so schnell wie m\u00f6glich beseitigen und unsere Website so sicher wie m\u00f6glich machen k\u00f6nnen. Wir scannen auch regelm\u00e4\u00dfig nach Malware.<\/p>\n\n\n\n<p>Ihre pers\u00f6nlichen Daten werden in gesicherten Netzwerken gespeichert und k\u00f6nnen nur von einer begrenzten Anzahl von Mitarbeitern mit Rechten auf diese Art von Informationen eingesehen werden. Sie unterliegen au\u00dferdem unserer Datenschutzrichtlinie, die Ihre Rechte sch\u00fctzt und die Einhaltung der geltenden Rechtsvorschriften in diesem Bereich gew\u00e4hrleistet.<\/p>\n\n\n\n<p>Dar\u00fcber hinaus werden alle sensiblen Daten und Zahlungsinformationen auf verschl\u00fcsselten Servern verarbeitet, die von au\u00dfen nicht zug\u00e4nglich sind. Kreditkarteninformationen werden von Kartenakquisiteuren verarbeitet und k\u00f6nnen weder von Sagnlandet Lejre noch von Mitarbeitern der Kartenakquisiteure eingesehen werden. Diese Transaktionen werden nicht auf internen Servern gespeichert und werden zu keinem Zeitpunkt von Sagnlandet Lejre selbst verarbeitet.<\/p>\n\n\n\n<h3 class=\"wp-block-heading\">An wen geben wir personenbezogene Daten weiter?<\/h3>\n\n\n\n<p>Personenbezogene Daten, die auf sagnlandet.dk\/de oder \u00fcber telefonischen Kontakt zur Verf\u00fcgung gestellt werden, werden nur weitergegeben an:<\/p>\n\n\n\n<ul class=\"wp-block-list\">\n<li>Interne Abteilungen\/Mitarbeiter<\/li>\n\n\n\n<li>Vertrauensw\u00fcrdige Dritte, die f\u00fcr die Erf\u00fcllung von Liefer-, Zahlungs- und Servicevereinbarungen erforderlich sind, einschlie\u00dflich Inkasso und Rechtsinstanzen<\/li>\n\n\n\n<li>Gesch\u00e4ftspartner zum Zweck der Pflege Ihres Kontos und\/oder f\u00fcr Marketingzwecke.<\/li>\n<\/ul>\n\n\n\n<p>Um Ihnen die bestm\u00f6gliche Erfahrung auf den Webseiten von Sagnlandet Lejre zu bieten, f\u00fchren wir Statistiken dar\u00fcber, wie die Benutzer die Seiten nutzen. Die Statistiken werden ausschlie\u00dflich in anonymisierter Form verwendet, z. B. um zu sehen, mit welchen Seiten und Inhalten die Nutzer interagieren.<\/p>\n\n\n\n<p>Sagnlandet Lejre wir k\u00f6nnen Google Analytics verwenden, um Besucherstatistiken zu sammeln, und in diesem Zusammenhang geben wir IP-Adressen an Google Analytics weiter. Die Datenschutzbestimmungen von Google Analytics werden durch den Besuch von sagnlandet.dk\/de akzeptiert und k\u00f6nnen hier eingesehen werden: <a href=\"https:\/\/privacy.google.com\/\" target=\"_blank\" rel=\"noreferrer noopener\">www.google.com\/privacy<\/a><\/p>\n\n\n\n<p>Sagnlandet Lejre und alle Gesch\u00e4ftspartner und Lieferanten verf\u00fcgen \u00fcber eine Vereinbarung zur Datenverarbeitung, um die Interessen der Nutzer und Kunden jederzeit zu wahren. Diese Vereinbarungen k\u00f6nnen jederzeit auf Anfrage vorgelegt werden.<\/p>\n\n\n\n<h3 class=\"wp-block-heading\">Wo werden Ihre pers\u00f6nlichen Daten gespeichert?<\/h3>\n\n\n\n<p>Ihre Daten werden auf Servern in der EU gespeichert. Einige personenbezogene Daten werden von einem Dritten (Datenverarbeiter) verwaltet, der personenbezogene Daten im Auftrag von Sagnlandet Lejrein \u00dcbereinstimmung mit dieser Datenschutzrichtlinie und den geltenden Rechtsvorschriften zum Schutz personenbezogener Daten speichert und verarbeitet.<\/p>\n\n\n\n<p>Wenn Sie den Newsletter jederzeit abbestellen m\u00f6chten, k\u00f6nnen Sie die Anweisungen am Ende jeder E-Mail befolgen. Sollten Sie jedoch Probleme bei der Abbestellung haben, k\u00f6nnen Sie sich \u00fcber die unten stehenden Kontaktdaten an unseren Kundendienst wenden.<\/p>\n\n\n\n<p>Wenn Sie sich vom Marketing von Sagnlandet Lejre abmelden, werden alle Verpflichtungen, die Sie uns gegen\u00fcber eingegangen sind, gel\u00f6scht. Diese k\u00f6nnen nicht wiederhergestellt werden, und wenn Sie zu irgendeinem Zeitpunkt Einsicht in die von uns an Sie gesendeten Informationen, fr\u00fcheren Angebote oder \u00c4hnliches haben m\u00f6chten, beachten Sie bitte, dass diese nicht wiederhergestellt werden k\u00f6nnen.<\/p>\n\n\n\n<h3 class=\"wp-block-heading\">Wie lange werden Ihre pers\u00f6nlichen Daten gespeichert?<\/h3>\n\n\n\n<p>Im Falle einer aktiven Kundenbeziehung werden Ihre Daten so lange gespeichert, wie es f\u00fcr die Betreuung erforderlich ist. Wird die Kundenbeziehung beendet, werden Ihre Daten je nach Art der Daten bis zu zwei Jahre gespeichert.<\/p>\n\n\n\n<p>Sie k\u00f6nnen jederzeit Zugang zu Ihren Daten oder deren L\u00f6schung beantragen. Aufgrund anderer Rechtsvorschriften (Rechnungslegungsgesetz und Geldw\u00e4schegesetz) werden alle Transaktionsdaten, einschlie\u00dflich Kontakt- und Unternehmensinformationen, f\u00fcnf Jahre lang aufbewahrt.<\/p>\n\n\n\n<h3 class=\"wp-block-heading\">Datenverluste<\/h3>\n\n\n\n<p>Wir nehmen Sicherheitsverletzungen und Datenlecks sehr ernst. Wenn wir ein Datenleck auf den internen Servern von Sagnlandet Lejre oder bei externen Partnern vermuten, wird eine Reihe von Initiativen eingeleitet, um unsere Kunden und Nutzer bestm\u00f6glich zu sch\u00fctzen.<\/p>\n\n\n\n<p>Dazu geh\u00f6ren die Ermittlung des Ausma\u00dfes des potenziellen Schadens, die Benachrichtigung potenziell betroffener Kunden und Nutzer, die Benachrichtigung der d\u00e4nischen Datenschutzbeh\u00f6rde und Ma\u00dfnahmen zur Eind\u00e4mmung des Schadensausma\u00dfes.<\/p>\n\n\n\n<p>Wenn wir ein Datenleck bei Sagnlandet Lejre oder seinen externen Partnern vermuten, werden alle beteiligten Parteien, einschlie\u00dflich des Nutzers, innerhalb von 72 Stunden informiert. Wenn Sie den Verdacht haben, dass Ihre Daten von Sagnlandet Lejre weitergegeben wurden, k\u00f6nnen Sie uns jederzeit kontaktieren.<\/p>\n\n\n\n<h3 class=\"wp-block-heading\">Zugang zu Informationen<\/h3>\n\n\n\n<p>Sie haben jederzeit die M\u00f6glichkeit, Ihre Kontoinformationen und Interessengebiete zu \u00e4ndern, z. B. ob Sie m\u00f6chten, dass wir Sie im Zusammenhang mit Waren- oder Dienstleistungsangeboten kontaktieren, oder ob Sie sich von Newslettern abmelden m\u00f6chten.<\/p>\n\n\n\n<p>Sie k\u00f6nnen herausfinden, welche Informationen wir \u00fcber Sie registriert haben. Wenn Sie eine Kopie dieser Informationen erhalten m\u00f6chten, setzen Sie sich bitte mit uns in Verbindung.<\/p>\n\n\n\n<p>Wenn Sie m\u00f6chten, dass alle Daten gel\u00f6scht werden, nehmen Sie bitte Kontakt mit uns auf.<\/p>\n\n\n\n<p>Bitte beachten Sie! Sobald alle Daten gel\u00f6scht sind, k\u00f6nnen sie nicht wiederhergestellt werden. Daten, die aufgrund gesetzlicher Bestimmungen aufbewahrt werden m\u00fcssen, k\u00f6nnen nicht auf Anfrage gel\u00f6scht werden.<\/p>\n\n\n\n<h3 class=\"wp-block-heading\">\u00dcberpr\u00fcfung<\/h3>\n\n\n\n<p>Wir \u00fcberpr\u00fcfen kontinuierlich unsere Datenverarbeitungsprozesse. Diese Politik wird einmal im Jahr aktualisiert.<\/p>\n\n\n\n<h3 class=\"wp-block-heading\">Kontaktaufnahme, \u00c4nderung und Aktualisierung der Datenschutzrichtlinie<\/h3>\n\n\n\n<p>Sagnlandet Lejre ist bestrebt, die gesetzlichen Bestimmungen zum Schutz der Privatsph\u00e4re kontinuierlich einzuhalten.<\/p>\n\n\n\n<p>Wenn Sie Fragen oder Anmerkungen zu unserer Datenschutzpolitik oder zur Verwendung Ihrer pers\u00f6nlichen Daten haben, wenden Sie sich bitte an unseren Kundendienst.<\/p>\n\n\n\n<p>Wenn Sie sich von unseren Newslettern abmelden m\u00f6chten, k\u00f6nnen Sie die Anweisungen am Ende jeder E-Mail befolgen. Sollten Sie jedoch Probleme bei der Abbestellung haben, k\u00f6nnen Sie sich \u00fcber die unten stehenden Kontaktdaten an unseren Kundendienst wenden.<\/p>\n\n\n\n<p>Wenn Sie sich vom Marketing von Sagnlandet Lejre abmelden, werden alle Verpflichtungen, die Sie uns gegen\u00fcber eingegangen sind, gel\u00f6scht. Diese k\u00f6nnen nicht wiederhergestellt werden, und wenn Sie zu irgendeinem Zeitpunkt Einsicht in die von uns an Sie gesendeten Informationen, fr\u00fcheren Angebote oder \u00c4hnliches haben m\u00f6chten, beachten Sie bitte, dass diese nicht wiederhergestellt werden k\u00f6nnen.<\/p>\n","protected":false},"excerpt":{"rendered":"<p>Durch die Nutzung von erkl\u00e4ren Sie sich damit einverstanden, dass Ihre pers\u00f6nlichen Daten und Cookies in \u00dcbereinstimmung mit der nachstehenden Daten- und Cookie-Richtlinie verarbeitet. Cookies werden verwendet, damit funktionieren kann. Unter anderem verwenden wir Cookies, um das Hinzuf\u00fcgen von Artikeln in den Warenkorb zu erm\u00f6glichen, uns einzuloggen und unsere Website zu verbessern. Klicken Sie hier, [&hellip;]<\/p>\n","protected":false},"author":1,"featured_media":0,"parent":0,"menu_order":0,"comment_status":"open","ping_status":"open","template":"","meta":{"_acf_changed":false,"footnotes":""},"class_list":["post-69778","page","type-page","status-publish","hentry"],"acf":[],"yoast_head":"<!-- This site is optimized with the Yoast SEO plugin v23.5 - https:\/\/yoast.com\/wordpress\/plugins\/seo\/ -->\n<title>Datenschutzbestimmungen - Sagnlandet Lejre<\/title>\n<meta name=\"robots\" content=\"index, follow, max-snippet:-1, max-image-preview:large, max-video-preview:-1\" \/>\n<link rel=\"canonical\" href=\"https:\/\/sagnlandet.dk\/de\/datenschutzbestimmungen\/\" \/>\n<meta property=\"og:locale\" content=\"de_DE\" \/>\n<meta property=\"og:type\" content=\"article\" \/>\n<meta property=\"og:title\" content=\"Datenschutzbestimmungen - Sagnlandet Lejre\" \/>\n<meta property=\"og:description\" content=\"Durch die Nutzung von erkl\u00e4ren Sie sich damit einverstanden, dass Ihre pers\u00f6nlichen Daten und Cookies in \u00dcbereinstimmung mit der nachstehenden Daten- und Cookie-Richtlinie verarbeitet. Cookies werden verwendet, damit funktionieren kann. Unter anderem verwenden wir Cookies, um das Hinzuf\u00fcgen von Artikeln in den Warenkorb zu erm\u00f6glichen, uns einzuloggen und unsere Website zu verbessern. Klicken Sie hier, [&hellip;]\" \/>\n<meta property=\"og:url\" content=\"https:\/\/sagnlandet.dk\/de\/datenschutzbestimmungen\/\" \/>\n<meta property=\"og:site_name\" content=\"Sagnlandet Lejre\" \/>\n<meta property=\"article:modified_time\" content=\"2025-02-24T06:12:32+00:00\" \/>\n<meta property=\"og:image\" content=\"https:\/\/sagnlandet.dk\/wp-content\/uploads\/2025\/02\/efteraarsferie-2020-22-2-scaled-1.jpg\" \/>\n<meta name=\"twitter:card\" content=\"summary_large_image\" \/>\n<meta name=\"twitter:label1\" content=\"Gesch\u00e4tzte Lesezeit\" \/>\n\t<meta name=\"twitter:data1\" content=\"8\u00a0Minuten\" \/>\n<!-- \/ Yoast SEO plugin. -->","yoast_head_json":{"title":"Datenschutzbestimmungen - Sagnlandet Lejre","robots":{"index":"index","follow":"follow","max-snippet":"max-snippet:-1","max-image-preview":"max-image-preview:large","max-video-preview":"max-video-preview:-1"},"canonical":"https:\/\/sagnlandet.dk\/de\/datenschutzbestimmungen\/","og_locale":"de_DE","og_type":"article","og_title":"Datenschutzbestimmungen - Sagnlandet Lejre","og_description":"Durch die Nutzung von erkl\u00e4ren Sie sich damit einverstanden, dass Ihre pers\u00f6nlichen Daten und Cookies in \u00dcbereinstimmung mit der nachstehenden Daten- und Cookie-Richtlinie verarbeitet. Cookies werden verwendet, damit funktionieren kann. Unter anderem verwenden wir Cookies, um das Hinzuf\u00fcgen von Artikeln in den Warenkorb zu erm\u00f6glichen, uns einzuloggen und unsere Website zu verbessern. Klicken Sie hier, [&hellip;]","og_url":"https:\/\/sagnlandet.dk\/de\/datenschutzbestimmungen\/","og_site_name":"Sagnlandet Lejre","article_modified_time":"2025-02-24T06:12:32+00:00","og_image":[{"url":"https:\/\/sagnlandet.dk\/wp-content\/uploads\/2025\/02\/efteraarsferie-2020-22-2-scaled-1.jpg"}],"twitter_card":"summary_large_image","twitter_misc":{"Gesch\u00e4tzte Lesezeit":"8\u00a0Minuten"},"schema":{"@context":"https:\/\/schema.org","@graph":[{"@type":"WebPage","@id":"https:\/\/sagnlandet.dk\/de\/datenschutzbestimmungen\/","url":"https:\/\/sagnlandet.dk\/de\/datenschutzbestimmungen\/","name":"Datenschutzbestimmungen - Sagnlandet Lejre","isPartOf":{"@id":"https:\/\/sagnlandet.dk\/de\/#website"},"primaryImageOfPage":{"@id":"https:\/\/sagnlandet.dk\/de\/datenschutzbestimmungen\/#primaryimage"},"image":{"@id":"https:\/\/sagnlandet.dk\/de\/datenschutzbestimmungen\/#primaryimage"},"thumbnailUrl":"https:\/\/sagnlandet.dk\/wp-content\/uploads\/2025\/02\/efteraarsferie-2020-22-2-scaled-1.jpg","datePublished":"2024-04-11T09:35:47+00:00","dateModified":"2025-02-24T06:12:32+00:00","breadcrumb":{"@id":"https:\/\/sagnlandet.dk\/de\/datenschutzbestimmungen\/#breadcrumb"},"inLanguage":"de","potentialAction":[{"@type":"ReadAction","target":["https:\/\/sagnlandet.dk\/de\/datenschutzbestimmungen\/"]}]},{"@type":"ImageObject","inLanguage":"de","@id":"https:\/\/sagnlandet.dk\/de\/datenschutzbestimmungen\/#primaryimage","url":"https:\/\/sagnlandet.dk\/wp-content\/uploads\/2025\/02\/efteraarsferie-2020-22-2-scaled-1.jpg","contentUrl":"https:\/\/sagnlandet.dk\/wp-content\/uploads\/2025\/02\/efteraarsferie-2020-22-2-scaled-1.jpg"},{"@type":"BreadcrumbList","@id":"https:\/\/sagnlandet.dk\/de\/datenschutzbestimmungen\/#breadcrumb","itemListElement":[{"@type":"ListItem","position":1,"name":"Hjem","item":"https:\/\/sagnlandet.dk\/de\/"},{"@type":"ListItem","position":2,"name":"Datenschutzbestimmungen"}]},{"@type":"WebSite","@id":"https:\/\/sagnlandet.dk\/de\/#website","url":"https:\/\/sagnlandet.dk\/de\/","name":"Sagnlandet Lejre","description":"","publisher":{"@id":"https:\/\/sagnlandet.dk\/de\/#organization"},"potentialAction":[{"@type":"SearchAction","target":{"@type":"EntryPoint","urlTemplate":"https:\/\/sagnlandet.dk\/de\/?s={search_term_string}"},"query-input":{"@type":"PropertyValueSpecification","valueRequired":true,"valueName":"search_term_string"}}],"inLanguage":"de"},{"@type":"Organization","@id":"https:\/\/sagnlandet.dk\/de\/#organization","name":"Sagnlandet Lejre","url":"https:\/\/sagnlandet.dk\/de\/","logo":{"@type":"ImageObject","inLanguage":"de","@id":"https:\/\/sagnlandet.dk\/de\/#\/schema\/logo\/image\/","url":"https:\/\/sagnlandet.dk\/de\/wp-content\/uploads\/sites\/13\/1738\/65\/logo.png","contentUrl":"https:\/\/sagnlandet.dk\/de\/wp-content\/uploads\/sites\/13\/1738\/65\/logo.png","width":398,"height":143,"caption":"Sagnlandet Lejre"},"image":{"@id":"https:\/\/sagnlandet.dk\/de\/#\/schema\/logo\/image\/"}}]}},"_links":{"self":[{"href":"https:\/\/sagnlandet.dk\/de\/wp-json\/wp\/v2\/pages\/69778"}],"collection":[{"href":"https:\/\/sagnlandet.dk\/de\/wp-json\/wp\/v2\/pages"}],"about":[{"href":"https:\/\/sagnlandet.dk\/de\/wp-json\/wp\/v2\/types\/page"}],"author":[{"embeddable":true,"href":"https:\/\/sagnlandet.dk\/de\/wp-json\/wp\/v2\/users\/1"}],"replies":[{"embeddable":true,"href":"https:\/\/sagnlandet.dk\/de\/wp-json\/wp\/v2\/comments?post=69778"}],"version-history":[{"count":5,"href":"https:\/\/sagnlandet.dk\/de\/wp-json\/wp\/v2\/pages\/69778\/revisions"}],"predecessor-version":[{"id":70812,"href":"https:\/\/sagnlandet.dk\/de\/wp-json\/wp\/v2\/pages\/69778\/revisions\/70812"}],"wp:attachment":[{"href":"https:\/\/sagnlandet.dk\/de\/wp-json\/wp\/v2\/media?parent=69778"}],"curies":[{"name":"wp","href":"https:\/\/api.w.org\/{rel}","templated":true}]}}